{"id":12349,"date":"2017-12-07T15:41:32","date_gmt":"2017-12-07T15:41:32","guid":{"rendered":"https:\/\/www.directhealthcaregroup.com\/advancing-movement-health\/"},"modified":"2025-07-01T17:44:43","modified_gmt":"2025-07-01T16:44:43","slug":"advancing-movement-health","status":"publish","type":"page","link":"https:\/\/www.directhealthcaregroup.com\/da\/","title":{"rendered":"Advancing Movement &#038; Health"},"content":{"rendered":"<h3 class=\"color--black\" style=\"text-align: center;\">Bev\u00e6gelse er menneskets natur og er essentiel for vores sundhed og livskvalitet.<\/h3>\n<p class=\"lead\" style=\"text-align: center;\">DHG tilbyder innovative l\u00f8sninger, der g\u00f8r en forskel for mennesker ramt p\u00e5 deres fysiske og kognitive funktionsniveau. Vi arbejder m\u00e5lrettet p\u00e5 at skabe st\u00f8rre livskvalitet og velv\u00e6re, for b\u00e5de borgere\/patienter og medarbejdere, der anvender vores l\u00f8sninger.<\/p>\n","protected":false},"excerpt":{"rendered":"<p>Bev\u00e6gelse er menneskets natur og er essentiel for vores sundhed og livskvalitet. DHG tilbyder innovative l\u00f8sninger, der g\u00f8r en forskel for mennesker ramt p\u00e5 deres fysiske og kognitive funktionsniveau. Vi arbejder m\u00e5lrettet p\u00e5 at skabe st\u00f8rre livskvalitet og velv\u00e6re, for b\u00e5de borgere\/patienter og medarbejdere, der anvender vores l\u00f8sninger.<\/p>\n","protected":false},"author":1,"featured_media":0,"parent":0,"menu_order":0,"comment_status":"closed","ping_status":"closed","template":"","meta":{"_acf_changed":false,"footnotes":""},"class_list":["post-12349","page","type-page","status-publish","hentry"],"acf":[],"yoast_head":"<!-- This site is optimized with the Yoast SEO plugin v27.4 - https:\/\/yoast.com\/product\/yoast-seo-wordpress\/ -->\n<title>Advancing Movement &amp; Health | DHG<\/title>\n<meta name=\"robots\" content=\"index, follow, max-snippet:-1, max-image-preview:large, max-video-preview:-1\" \/>\n<link rel=\"canonical\" href=\"https:\/\/www.directhealthcaregroup.com\/da\/\" \/>\n<meta property=\"og:locale\" content=\"da_DK\" \/>\n<meta property=\"og:type\" content=\"article\" \/>\n<meta property=\"og:title\" content=\"Advancing Movement &amp; Health | DHG\" \/>\n<meta property=\"og:description\" content=\"Bev\u00e6gelse er menneskets natur og er essentiel for vores sundhed og livskvalitet. DHG tilbyder innovative l\u00f8sninger, der g\u00f8r en forskel for mennesker ramt p\u00e5 deres fysiske og kognitive funktionsniveau. Vi arbejder m\u00e5lrettet p\u00e5 at skabe st\u00f8rre livskvalitet og velv\u00e6re, for b\u00e5de borgere\/patienter og medarbejdere, der anvender vores l\u00f8sninger.\" \/>\n<meta property=\"og:url\" content=\"https:\/\/www.directhealthcaregroup.com\/da\/\" \/>\n<meta property=\"og:site_name\" content=\"DHG\" \/>\n<meta property=\"article:modified_time\" content=\"2025-07-01T16:44:43+00:00\" \/>\n<meta name=\"twitter:card\" content=\"summary_large_image\" \/>\n<script type=\"application\/ld+json\" class=\"yoast-schema-graph\">{\"@context\":\"https:\\\/\\\/schema.org\",\"@graph\":[{\"@type\":\"WebPage\",\"@id\":\"https:\\\/\\\/www.directhealthcaregroup.com\\\/da\\\/\",\"url\":\"https:\\\/\\\/www.directhealthcaregroup.com\\\/da\\\/\",\"name\":\"Advancing Movement & Health | DHG\",\"isPartOf\":{\"@id\":\"https:\\\/\\\/www.directhealthcaregroup.com\\\/#website\"},\"datePublished\":\"2017-12-07T15:41:32+00:00\",\"dateModified\":\"2025-07-01T16:44:43+00:00\",\"breadcrumb\":{\"@id\":\"https:\\\/\\\/www.directhealthcaregroup.com\\\/da\\\/#breadcrumb\"},\"inLanguage\":\"da-DK\",\"potentialAction\":[{\"@type\":\"ReadAction\",\"target\":[\"https:\\\/\\\/www.directhealthcaregroup.com\\\/da\\\/\"]}]},{\"@type\":\"BreadcrumbList\",\"@id\":\"https:\\\/\\\/www.directhealthcaregroup.com\\\/da\\\/#breadcrumb\",\"itemListElement\":[{\"@type\":\"ListItem\",\"position\":1,\"name\":\"Home\",\"item\":\"https:\\\/\\\/www.directhealthcaregroup.com\\\/da\\\/\"},{\"@type\":\"ListItem\",\"position\":2,\"name\":\"Advancing Movement &#038; Health\"}]},{\"@type\":\"WebSite\",\"@id\":\"https:\\\/\\\/www.directhealthcaregroup.com\\\/#website\",\"url\":\"https:\\\/\\\/www.directhealthcaregroup.com\\\/\",\"name\":\"DHG\",\"description\":\"Moving Health Forward\",\"publisher\":{\"@id\":\"https:\\\/\\\/www.directhealthcaregroup.com\\\/#organization\"},\"potentialAction\":[{\"@type\":\"SearchAction\",\"target\":{\"@type\":\"EntryPoint\",\"urlTemplate\":\"https:\\\/\\\/www.directhealthcaregroup.com\\\/?s={search_term_string}\"},\"query-input\":{\"@type\":\"PropertyValueSpecification\",\"valueRequired\":true,\"valueName\":\"search_term_string\"}}],\"inLanguage\":\"da-DK\"},{\"@type\":\"Organization\",\"@id\":\"https:\\\/\\\/www.directhealthcaregroup.com\\\/#organization\",\"name\":\"Direct Healthcare Group\",\"url\":\"https:\\\/\\\/www.directhealthcaregroup.com\\\/\",\"logo\":{\"@type\":\"ImageObject\",\"inLanguage\":\"da-DK\",\"@id\":\"https:\\\/\\\/www.directhealthcaregroup.com\\\/#\\\/schema\\\/logo\\\/image\\\/\",\"url\":\"https:\\\/\\\/directhealthcaregroup.com\\\/app\\\/uploads\\\/dhg-logo.png\",\"contentUrl\":\"https:\\\/\\\/directhealthcaregroup.com\\\/app\\\/uploads\\\/dhg-logo.png\",\"width\":556,\"height\":240,\"caption\":\"Direct Healthcare Group\"},\"image\":{\"@id\":\"https:\\\/\\\/www.directhealthcaregroup.com\\\/#\\\/schema\\\/logo\\\/image\\\/\"}}]}<\/script>\n<!-- \/ Yoast SEO plugin. -->","yoast_head_json":{"title":"Advancing Movement & Health | DHG","robots":{"index":"index","follow":"follow","max-snippet":"max-snippet:-1","max-image-preview":"max-image-preview:large","max-video-preview":"max-video-preview:-1"},"canonical":"https:\/\/www.directhealthcaregroup.com\/da\/","og_locale":"da_DK","og_type":"article","og_title":"Advancing Movement & Health | DHG","og_description":"Bev\u00e6gelse er menneskets natur og er essentiel for vores sundhed og livskvalitet. DHG tilbyder innovative l\u00f8sninger, der g\u00f8r en forskel for mennesker ramt p\u00e5 deres fysiske og kognitive funktionsniveau. Vi arbejder m\u00e5lrettet p\u00e5 at skabe st\u00f8rre livskvalitet og velv\u00e6re, for b\u00e5de borgere\/patienter og medarbejdere, der anvender vores l\u00f8sninger.","og_url":"https:\/\/www.directhealthcaregroup.com\/da\/","og_site_name":"DHG","article_modified_time":"2025-07-01T16:44:43+00:00","twitter_card":"summary_large_image","schema":{"@context":"https:\/\/schema.org","@graph":[{"@type":"WebPage","@id":"https:\/\/www.directhealthcaregroup.com\/da\/","url":"https:\/\/www.directhealthcaregroup.com\/da\/","name":"Advancing Movement & Health | DHG","isPartOf":{"@id":"https:\/\/www.directhealthcaregroup.com\/#website"},"datePublished":"2017-12-07T15:41:32+00:00","dateModified":"2025-07-01T16:44:43+00:00","breadcrumb":{"@id":"https:\/\/www.directhealthcaregroup.com\/da\/#breadcrumb"},"inLanguage":"da-DK","potentialAction":[{"@type":"ReadAction","target":["https:\/\/www.directhealthcaregroup.com\/da\/"]}]},{"@type":"BreadcrumbList","@id":"https:\/\/www.directhealthcaregroup.com\/da\/#breadcrumb","itemListElement":[{"@type":"ListItem","position":1,"name":"Home","item":"https:\/\/www.directhealthcaregroup.com\/da\/"},{"@type":"ListItem","position":2,"name":"Advancing Movement &#038; Health"}]},{"@type":"WebSite","@id":"https:\/\/www.directhealthcaregroup.com\/#website","url":"https:\/\/www.directhealthcaregroup.com\/","name":"DHG","description":"Moving Health Forward","publisher":{"@id":"https:\/\/www.directhealthcaregroup.com\/#organization"},"potentialAction":[{"@type":"SearchAction","target":{"@type":"EntryPoint","urlTemplate":"https:\/\/www.directhealthcaregroup.com\/?s={search_term_string}"},"query-input":{"@type":"PropertyValueSpecification","valueRequired":true,"valueName":"search_term_string"}}],"inLanguage":"da-DK"},{"@type":"Organization","@id":"https:\/\/www.directhealthcaregroup.com\/#organization","name":"Direct Healthcare Group","url":"https:\/\/www.directhealthcaregroup.com\/","logo":{"@type":"ImageObject","inLanguage":"da-DK","@id":"https:\/\/www.directhealthcaregroup.com\/#\/schema\/logo\/image\/","url":"https:\/\/directhealthcaregroup.com\/app\/uploads\/dhg-logo.png","contentUrl":"https:\/\/directhealthcaregroup.com\/app\/uploads\/dhg-logo.png","width":556,"height":240,"caption":"Direct Healthcare Group"},"image":{"@id":"https:\/\/www.directhealthcaregroup.com\/#\/schema\/logo\/image\/"}}]}},"_links":{"self":[{"href":"https:\/\/www.directhealthcaregroup.com\/da\/wp-json\/wp\/v2\/pages\/12349","targetHints":{"allow":["GET"]}}],"collection":[{"href":"https:\/\/www.directhealthcaregroup.com\/da\/wp-json\/wp\/v2\/pages"}],"about":[{"href":"https:\/\/www.directhealthcaregroup.com\/da\/wp-json\/wp\/v2\/types\/page"}],"author":[{"embeddable":true,"href":"https:\/\/www.directhealthcaregroup.com\/da\/wp-json\/wp\/v2\/users\/1"}],"replies":[{"embeddable":true,"href":"https:\/\/www.directhealthcaregroup.com\/da\/wp-json\/wp\/v2\/comments?post=12349"}],"version-history":[{"count":4,"href":"https:\/\/www.directhealthcaregroup.com\/da\/wp-json\/wp\/v2\/pages\/12349\/revisions"}],"predecessor-version":[{"id":249041,"href":"https:\/\/www.directhealthcaregroup.com\/da\/wp-json\/wp\/v2\/pages\/12349\/revisions\/249041"}],"wp:attachment":[{"href":"https:\/\/www.directhealthcaregroup.com\/da\/wp-json\/wp\/v2\/media?parent=12349"}],"curies":[{"name":"wp","href":"https:\/\/api.w.org\/{rel}","templated":true}]}}