{"id":12355,"date":"2017-12-22T10:52:25","date_gmt":"2017-12-22T10:52:25","guid":{"rendered":"https:\/\/www.directhealthcaregroup.com\/contact\/"},"modified":"2021-10-27T09:38:03","modified_gmt":"2021-10-27T08:38:03","slug":"contact","status":"publish","type":"page","link":"https:\/\/www.directhealthcaregroup.com\/da\/contact\/","title":{"rendered":"Kundeservice"},"content":{"rendered":"\n<div class=\"wp-block-columns contact-form is-layout-flex wp-container-core-columns-is-layout-9d6595d7 wp-block-columns-is-layout-flex\">\n<div class=\"wp-block-column is-layout-flow wp-block-column-is-layout-flow\"><form method=\"post\" enctype=\"multipart\/form-data\" id=\"vfbp-form-30\" class=\"vfbp-form\"><div style=\"display:none;\"><label for=\"vfbp-EMAIL-AN8fuQyoDLXem\">If you are human, leave this field blank.<\/label><input size=\"25\" autocomplete=\"off\" type=\"text\" name=\"vfbp-EMAIL-AN8fuQyoDLXem\" value=\"\" id=\"\"><\/div><input type=\"hidden\" name=\"_vfb-timestamp-30\" value=\"1776652852\" id=\"\"><input type=\"hidden\" name=\"_vfb-form-id\" value=\"30\" id=\"\"><div class=\"vfb-form-group vfb-col-12\"><div><h1 class=\"contact-form\">Kontaktformular<\/h1><\/div><\/div><div class=\"vfb-col-12 vfb-fieldType-heading\" id=\"vfbField356\"><\/div><div class=\"vfb-clearfix\"><\/div><div class=\"vfb-col-12 vfb-fieldType-text\" id=\"vfbField357\"><div class=\"vfb-form-group\"><label for=\"vfb-field-357\" class=\"vfb-control-label\">Fulde navn<\/label><div><input id=\"vfb-field-357\" class=\"vfb-form-control\" placeholder=\"\" type=\"text\" name=\"vfb-field-357\" value=\"\"><\/div><\/div><\/div><div class=\"vfb-clearfix\"><\/div><div class=\"vfb-col-12 vfb-fieldType-email\" id=\"vfbField358\"><div class=\"vfb-form-group\"><label for=\"vfb-field-358\" class=\"vfb-control-label\">E-mail<\/label><div><input id=\"vfb-field-358\" class=\"vfb-form-control\" placeholder=\"\" type=\"email\" name=\"vfb-field-358\" value=\"\"><\/div><\/div><\/div><div class=\"vfb-clearfix\"><\/div><div class=\"vfb-col-12 vfb-fieldType-phone\" id=\"vfbField359\"><div class=\"vfb-form-group\"><label for=\"vfb-field-359\" class=\"vfb-control-label\">Telefonnummer<\/label><div><input id=\"vfb-field-359\" class=\"vfb-form-control vfb-intl-phone\" placeholder=\"\" data-default-country=\"gb\" data-hide-flags=\"1\" data-national-mode=\"1\" data-auto-hide-dial-code=\"1\" type=\"tel\" name=\"vfb-field-359\" value=\"\"><\/div><\/div><\/div><div class=\"vfb-clearfix\"><\/div><div class=\"vfb-col-12 vfb-fieldType-textarea\" id=\"vfbField362\"><div class=\"vfb-form-group\"><label for=\"vfb-field-362\" class=\"vfb-control-label\">Foresp\u00f8rgsel<\/label><div><textarea id=\"vfb-field-362\" class=\"vfb-form-control\" placeholder=\"\" rows=\"10\" name=\"vfb-field-362\" cols=\"50\"><\/textarea><\/div><\/div><\/div><div class=\"vfb-clearfix\"><\/div><div class=\"vfb-col-12 vfb-fieldType-captcha\" id=\"vfbField363\"><div class=\"vfb-form-group\"><label for=\"vfb-field-363\" class=\"vfb-control-label\">Captcha <span class=\"vfb-required-asterisk\">*<\/span><\/label><div><div class=\"g-recaptcha\" data-sitekey=\"6Lfc0kAUAAAAAOgERC8Nz_WDk04iHzeuBoPDPe7i\"><\/div><input type=\"hidden\" name=\"_vfb_recaptcha_enabled\" value=\"1\" id=\"\"><div class=\"vfb-has-error\" id=\"vfb-recaptcha-error\"><span class=\"vfb-help-block\">reCAPTCHA is required.<\/span><\/div><\/div><\/div><\/div><div class=\"vfb-clearfix\"><\/div><div class=\"vfb-col-12 vfb-fieldType-submit\" id=\"vfbField364\"><button id=\"vfb-field-364\" class=\" btn btn-primary\" placeholder=\"\" type=\"submit\" name=\"_vfb-submit\">Send<\/button><\/div><div class=\"vfb-clearfix\"><\/div><\/form>\n<\/div>\n\n\n\n<div class=\"wp-block-column is-layout-flow wp-block-column-is-layout-flow\">\n<p class=\"has-large-font-size\">Direct Healthcare Group Danmark A\/S<\/p>\n\n\n\n<p class=\"has-medium-font-size\">Kontakt kundeservice<\/p>\n\n\n\n<p>Du er altid velkommen til at kontakte vores kundeservice for sp\u00f8rgsm\u00e5l, for at foretage en bestilling og registrere \u00e6rinde .<\/p>\n\n\n\n<p>T: +45 70 22 43 41<br>F: +45 70 22 43 47<br><a href=\"info.dr@directhealthcaregroup.com\">info.dk@directhealthcaregroup.com<\/a><\/p>\n\n\n\n<p>\u00c5bningstider: Mandag\u2013Torsdag: 8:00\u201316:00 Fredag: 8:00\u201315:30 <\/p>\n\n\n\n<div style=\"height:55px\" aria-hidden=\"true\" class=\"wp-block-spacer\"><\/div>\n<\/div>\n<\/div>\n","protected":false},"excerpt":{"rendered":"<p>Direct Healthcare Group Danmark A\/S Kontakt kundeservice Du er altid velkommen til at kontakte vores kundeservice for sp\u00f8rgsm\u00e5l, for at foretage en bestilling og registrere \u00e6rinde . T: +45 70 22 43 41F: +45 70 22 43 47info.dk@directhealthcaregroup.com \u00c5bningstider: Mandag\u2013Torsdag: 8:00\u201316:00 Fredag: 8:00\u201315:30<\/p>\n","protected":false},"author":1,"featured_media":0,"parent":0,"menu_order":0,"comment_status":"closed","ping_status":"closed","template":"","meta":{"_acf_changed":false,"footnotes":""},"class_list":["post-12355","page","type-page","status-publish","hentry"],"acf":[],"yoast_head":"<!-- This site is optimized with the Yoast SEO plugin v27.4 - https:\/\/yoast.com\/product\/yoast-seo-wordpress\/ -->\n<title>Kundeservice | DHG<\/title>\n<meta name=\"robots\" content=\"index, follow, max-snippet:-1, max-image-preview:large, max-video-preview:-1\" \/>\n<link rel=\"canonical\" href=\"https:\/\/www.directhealthcaregroup.com\/da\/contact\/\" \/>\n<meta property=\"og:locale\" content=\"da_DK\" \/>\n<meta property=\"og:type\" content=\"article\" \/>\n<meta property=\"og:title\" content=\"Kundeservice | DHG\" \/>\n<meta property=\"og:description\" content=\"Direct Healthcare Group Danmark A\/S Kontakt kundeservice Du er altid velkommen til at kontakte vores kundeservice for sp\u00f8rgsm\u00e5l, for at foretage en bestilling og registrere \u00e6rinde . T: +45 70 22 43 41F: +45 70 22 43 47info.dk@directhealthcaregroup.com \u00c5bningstider: Mandag\u2013Torsdag: 8:00\u201316:00 Fredag: 8:00\u201315:30\" \/>\n<meta property=\"og:url\" content=\"https:\/\/www.directhealthcaregroup.com\/da\/contact\/\" \/>\n<meta property=\"og:site_name\" content=\"DHG\" \/>\n<meta property=\"article:modified_time\" content=\"2021-10-27T08:38:03+00:00\" \/>\n<meta name=\"twitter:card\" content=\"summary_large_image\" \/>\n<script type=\"application\/ld+json\" class=\"yoast-schema-graph\">{\"@context\":\"https:\\\/\\\/schema.org\",\"@graph\":[{\"@type\":\"WebPage\",\"@id\":\"https:\\\/\\\/www.directhealthcaregroup.com\\\/da\\\/contact\\\/\",\"url\":\"https:\\\/\\\/www.directhealthcaregroup.com\\\/da\\\/contact\\\/\",\"name\":\"Kundeservice | DHG\",\"isPartOf\":{\"@id\":\"https:\\\/\\\/www.directhealthcaregroup.com\\\/#website\"},\"datePublished\":\"2017-12-22T10:52:25+00:00\",\"dateModified\":\"2021-10-27T08:38:03+00:00\",\"breadcrumb\":{\"@id\":\"https:\\\/\\\/www.directhealthcaregroup.com\\\/da\\\/contact\\\/#breadcrumb\"},\"inLanguage\":\"da-DK\",\"potentialAction\":[{\"@type\":\"ReadAction\",\"target\":[\"https:\\\/\\\/www.directhealthcaregroup.com\\\/da\\\/contact\\\/\"]}]},{\"@type\":\"BreadcrumbList\",\"@id\":\"https:\\\/\\\/www.directhealthcaregroup.com\\\/da\\\/contact\\\/#breadcrumb\",\"itemListElement\":[{\"@type\":\"ListItem\",\"position\":1,\"name\":\"Home\",\"item\":\"https:\\\/\\\/www.directhealthcaregroup.com\\\/da\\\/\"},{\"@type\":\"ListItem\",\"position\":2,\"name\":\"Kundeservice\"}]},{\"@type\":\"WebSite\",\"@id\":\"https:\\\/\\\/www.directhealthcaregroup.com\\\/#website\",\"url\":\"https:\\\/\\\/www.directhealthcaregroup.com\\\/\",\"name\":\"DHG\",\"description\":\"Moving Health Forward\",\"publisher\":{\"@id\":\"https:\\\/\\\/www.directhealthcaregroup.com\\\/#organization\"},\"potentialAction\":[{\"@type\":\"SearchAction\",\"target\":{\"@type\":\"EntryPoint\",\"urlTemplate\":\"https:\\\/\\\/www.directhealthcaregroup.com\\\/?s={search_term_string}\"},\"query-input\":{\"@type\":\"PropertyValueSpecification\",\"valueRequired\":true,\"valueName\":\"search_term_string\"}}],\"inLanguage\":\"da-DK\"},{\"@type\":\"Organization\",\"@id\":\"https:\\\/\\\/www.directhealthcaregroup.com\\\/#organization\",\"name\":\"Direct Healthcare Group\",\"url\":\"https:\\\/\\\/www.directhealthcaregroup.com\\\/\",\"logo\":{\"@type\":\"ImageObject\",\"inLanguage\":\"da-DK\",\"@id\":\"https:\\\/\\\/www.directhealthcaregroup.com\\\/#\\\/schema\\\/logo\\\/image\\\/\",\"url\":\"https:\\\/\\\/directhealthcaregroup.com\\\/app\\\/uploads\\\/dhg-logo.png\",\"contentUrl\":\"https:\\\/\\\/directhealthcaregroup.com\\\/app\\\/uploads\\\/dhg-logo.png\",\"width\":556,\"height\":240,\"caption\":\"Direct Healthcare Group\"},\"image\":{\"@id\":\"https:\\\/\\\/www.directhealthcaregroup.com\\\/#\\\/schema\\\/logo\\\/image\\\/\"}}]}<\/script>\n<!-- \/ Yoast SEO plugin. -->","yoast_head_json":{"title":"Kundeservice | DHG","robots":{"index":"index","follow":"follow","max-snippet":"max-snippet:-1","max-image-preview":"max-image-preview:large","max-video-preview":"max-video-preview:-1"},"canonical":"https:\/\/www.directhealthcaregroup.com\/da\/contact\/","og_locale":"da_DK","og_type":"article","og_title":"Kundeservice | DHG","og_description":"Direct Healthcare Group Danmark A\/S Kontakt kundeservice Du er altid velkommen til at kontakte vores kundeservice for sp\u00f8rgsm\u00e5l, for at foretage en bestilling og registrere \u00e6rinde . T: +45 70 22 43 41F: +45 70 22 43 47info.dk@directhealthcaregroup.com \u00c5bningstider: Mandag\u2013Torsdag: 8:00\u201316:00 Fredag: 8:00\u201315:30","og_url":"https:\/\/www.directhealthcaregroup.com\/da\/contact\/","og_site_name":"DHG","article_modified_time":"2021-10-27T08:38:03+00:00","twitter_card":"summary_large_image","schema":{"@context":"https:\/\/schema.org","@graph":[{"@type":"WebPage","@id":"https:\/\/www.directhealthcaregroup.com\/da\/contact\/","url":"https:\/\/www.directhealthcaregroup.com\/da\/contact\/","name":"Kundeservice | DHG","isPartOf":{"@id":"https:\/\/www.directhealthcaregroup.com\/#website"},"datePublished":"2017-12-22T10:52:25+00:00","dateModified":"2021-10-27T08:38:03+00:00","breadcrumb":{"@id":"https:\/\/www.directhealthcaregroup.com\/da\/contact\/#breadcrumb"},"inLanguage":"da-DK","potentialAction":[{"@type":"ReadAction","target":["https:\/\/www.directhealthcaregroup.com\/da\/contact\/"]}]},{"@type":"BreadcrumbList","@id":"https:\/\/www.directhealthcaregroup.com\/da\/contact\/#breadcrumb","itemListElement":[{"@type":"ListItem","position":1,"name":"Home","item":"https:\/\/www.directhealthcaregroup.com\/da\/"},{"@type":"ListItem","position":2,"name":"Kundeservice"}]},{"@type":"WebSite","@id":"https:\/\/www.directhealthcaregroup.com\/#website","url":"https:\/\/www.directhealthcaregroup.com\/","name":"DHG","description":"Moving Health Forward","publisher":{"@id":"https:\/\/www.directhealthcaregroup.com\/#organization"},"potentialAction":[{"@type":"SearchAction","target":{"@type":"EntryPoint","urlTemplate":"https:\/\/www.directhealthcaregroup.com\/?s={search_term_string}"},"query-input":{"@type":"PropertyValueSpecification","valueRequired":true,"valueName":"search_term_string"}}],"inLanguage":"da-DK"},{"@type":"Organization","@id":"https:\/\/www.directhealthcaregroup.com\/#organization","name":"Direct Healthcare Group","url":"https:\/\/www.directhealthcaregroup.com\/","logo":{"@type":"ImageObject","inLanguage":"da-DK","@id":"https:\/\/www.directhealthcaregroup.com\/#\/schema\/logo\/image\/","url":"https:\/\/directhealthcaregroup.com\/app\/uploads\/dhg-logo.png","contentUrl":"https:\/\/directhealthcaregroup.com\/app\/uploads\/dhg-logo.png","width":556,"height":240,"caption":"Direct Healthcare Group"},"image":{"@id":"https:\/\/www.directhealthcaregroup.com\/#\/schema\/logo\/image\/"}}]}},"_links":{"self":[{"href":"https:\/\/www.directhealthcaregroup.com\/da\/wp-json\/wp\/v2\/pages\/12355","targetHints":{"allow":["GET"]}}],"collection":[{"href":"https:\/\/www.directhealthcaregroup.com\/da\/wp-json\/wp\/v2\/pages"}],"about":[{"href":"https:\/\/www.directhealthcaregroup.com\/da\/wp-json\/wp\/v2\/types\/page"}],"author":[{"embeddable":true,"href":"https:\/\/www.directhealthcaregroup.com\/da\/wp-json\/wp\/v2\/users\/1"}],"replies":[{"embeddable":true,"href":"https:\/\/www.directhealthcaregroup.com\/da\/wp-json\/wp\/v2\/comments?post=12355"}],"version-history":[{"count":13,"href":"https:\/\/www.directhealthcaregroup.com\/da\/wp-json\/wp\/v2\/pages\/12355\/revisions"}],"predecessor-version":[{"id":145624,"href":"https:\/\/www.directhealthcaregroup.com\/da\/wp-json\/wp\/v2\/pages\/12355\/revisions\/145624"}],"wp:attachment":[{"href":"https:\/\/www.directhealthcaregroup.com\/da\/wp-json\/wp\/v2\/media?parent=12355"}],"curies":[{"name":"wp","href":"https:\/\/api.w.org\/{rel}","templated":true}]}}