{"id":12361,"date":"2017-12-14T10:32:10","date_gmt":"2017-12-14T10:32:10","guid":{"rendered":"https:\/\/www.directhealthcaregroup.com\/about\/"},"modified":"2023-09-11T10:09:19","modified_gmt":"2023-09-11T09:09:19","slug":"about","status":"publish","type":"page","link":"https:\/\/www.directhealthcaregroup.com\/da\/about\/","title":{"rendered":"VI ER ALLE N\u00d8DT TIL AT BEV\u00c6GE OS FOR AT LEVE."},"content":{"rendered":"<p style=\"text-align: center;\">At have d\u00e5rligt helbred kan markant reducere vores evne til at bev\u00e6ge os, hvilket f\u00f8rer til yderligere sundhedskomplikationer og langsommere restitution. Hos Direct Healthcare Group anerkender vi, at bev\u00e6gelse er afg\u00f8rende for vores restitution, rehabilitering og uafh\u00e6ngighed. Vi mener, at st\u00f8tte til mobilitet og uafh\u00e6ngighed er afg\u00f8rende for at opn\u00e5 og opretholde et godt helbred.<\/p>\n<p style=\"text-align: center;\">Ingen forst\u00e5r bedre vigtigheden af bev\u00e6gelse og forholdet til b\u00e5de fysisk og psykisk sundhed end Direct Healthcare Group, is\u00e6r n\u00e5r behovet for at bev\u00e6ge sig direkte p\u00e5virker vores daglige livskvalitet. Gennem denne forst\u00e5else og t\u00e6tte samarbejde med sundhedspersonale str\u00e6ber vi efter at levere effektive, bev\u00e6gelsesbaserede l\u00f8sninger, der \u00f8ger livskvaliteten p\u00e5 tv\u00e6rs af pleje- og beboelsesmilj\u00f8er.<\/p>\n<p style=\"text-align: center;\">Fra effektiv forebyggelse og behandling af tryks\u00e5r til at fremme sikker uafh\u00e6ngighed og undg\u00e5else af patientfald st\u00f8tter vores l\u00f8sninger levering af pleje til et bredt patientspektrum, herunder dem med komplekse, langvarige tilstande. Hos Direct Healthcare Group g\u00f8r vi det muligt at forudsige, administrere og i mange tilf\u00e6lde l\u00f8se de sundhedsudfordringer, der er forbundet med reduceret patientbev\u00e6gelse, for plejepersonale og patienter.<\/p>\n<p style=\"text-align: center;\">Det f\u00f8rer alt sammen til bedre sundhedsresultater, hurtigere restitution og en nemmere dagligdag.<\/p>\n","protected":false},"excerpt":{"rendered":"<p>At have d\u00e5rligt helbred kan markant reducere vores evne til at bev\u00e6ge os, hvilket f\u00f8rer til yderligere sundhedskomplikationer og langsommere restitution. Hos Direct Healthcare Group anerkender vi, at bev\u00e6gelse er afg\u00f8rende for vores restitution, rehabilitering og uafh\u00e6ngighed. Vi mener, at st\u00f8tte til mobilitet og uafh\u00e6ngighed er afg\u00f8rende for at opn\u00e5 og opretholde et godt helbred. &hellip; <a href=\"https:\/\/www.directhealthcaregroup.com\/da\/about\/\">Continued<\/a><\/p>\n","protected":false},"author":1,"featured_media":140885,"parent":0,"menu_order":0,"comment_status":"closed","ping_status":"closed","template":"template-brands.php","meta":{"_acf_changed":false,"footnotes":""},"class_list":["post-12361","page","type-page","status-publish","has-post-thumbnail","hentry"],"acf":[],"yoast_head":"<!-- This site is optimized with the Yoast SEO plugin v26.6 - https:\/\/yoast.com\/wordpress\/plugins\/seo\/ -->\n<title>VI ER ALLE N\u00d8DT TIL AT BEV\u00c6GE OS FOR AT LEVE. | DHG<\/title>\n<meta name=\"robots\" content=\"index, follow, max-snippet:-1, max-image-preview:large, max-video-preview:-1\" \/>\n<link rel=\"canonical\" href=\"https:\/\/www.directhealthcaregroup.com\/da\/about\/\" \/>\n<meta property=\"og:locale\" content=\"da_DK\" \/>\n<meta property=\"og:type\" content=\"article\" \/>\n<meta property=\"og:title\" content=\"VI ER ALLE N\u00d8DT TIL AT BEV\u00c6GE OS FOR AT LEVE. | DHG\" \/>\n<meta property=\"og:description\" content=\"At have d\u00e5rligt helbred kan markant reducere vores evne til at bev\u00e6ge os, hvilket f\u00f8rer til yderligere sundhedskomplikationer og langsommere restitution. Hos Direct Healthcare Group anerkender vi, at bev\u00e6gelse er afg\u00f8rende for vores restitution, rehabilitering og uafh\u00e6ngighed. Vi mener, at st\u00f8tte til mobilitet og uafh\u00e6ngighed er afg\u00f8rende for at opn\u00e5 og opretholde et godt helbred. &hellip; Continued\" \/>\n<meta property=\"og:url\" content=\"https:\/\/www.directhealthcaregroup.com\/da\/about\/\" \/>\n<meta property=\"og:site_name\" content=\"DHG\" \/>\n<meta property=\"article:modified_time\" content=\"2023-09-11T09:09:19+00:00\" \/>\n<meta property=\"og:image\" content=\"https:\/\/www.directhealthcaregroup.com\/app\/uploads\/Website-Banner-1920-x-1080.jpg\" \/>\n\t<meta property=\"og:image:width\" content=\"1920\" \/>\n\t<meta property=\"og:image:height\" content=\"1080\" \/>\n\t<meta property=\"og:image:type\" content=\"image\/jpeg\" \/>\n<meta name=\"twitter:card\" content=\"summary_large_image\" \/>\n<meta name=\"twitter:label1\" content=\"Est. reading time\" \/>\n\t<meta name=\"twitter:data1\" content=\"1 minute\" \/>\n<script type=\"application\/ld+json\" class=\"yoast-schema-graph\">{\"@context\":\"https:\/\/schema.org\",\"@graph\":[{\"@type\":\"WebPage\",\"@id\":\"https:\/\/www.directhealthcaregroup.com\/da\/about\/\",\"url\":\"https:\/\/www.directhealthcaregroup.com\/da\/about\/\",\"name\":\"VI ER ALLE N\u00d8DT TIL AT BEV\u00c6GE OS FOR AT LEVE. | DHG\",\"isPartOf\":{\"@id\":\"https:\/\/www.directhealthcaregroup.com\/#website\"},\"primaryImageOfPage\":{\"@id\":\"https:\/\/www.directhealthcaregroup.com\/da\/about\/#primaryimage\"},\"image\":{\"@id\":\"https:\/\/www.directhealthcaregroup.com\/da\/about\/#primaryimage\"},\"thumbnailUrl\":\"https:\/\/www.directhealthcaregroup.com\/app\/uploads\/Website-Banner-1920-x-1080.jpg\",\"datePublished\":\"2017-12-14T10:32:10+00:00\",\"dateModified\":\"2023-09-11T09:09:19+00:00\",\"breadcrumb\":{\"@id\":\"https:\/\/www.directhealthcaregroup.com\/da\/about\/#breadcrumb\"},\"inLanguage\":\"da-DK\",\"potentialAction\":[{\"@type\":\"ReadAction\",\"target\":[\"https:\/\/www.directhealthcaregroup.com\/da\/about\/\"]}]},{\"@type\":\"ImageObject\",\"inLanguage\":\"da-DK\",\"@id\":\"https:\/\/www.directhealthcaregroup.com\/da\/about\/#primaryimage\",\"url\":\"https:\/\/www.directhealthcaregroup.com\/app\/uploads\/Website-Banner-1920-x-1080.jpg\",\"contentUrl\":\"https:\/\/www.directhealthcaregroup.com\/app\/uploads\/Website-Banner-1920-x-1080.jpg\",\"width\":1920,\"height\":1080},{\"@type\":\"BreadcrumbList\",\"@id\":\"https:\/\/www.directhealthcaregroup.com\/da\/about\/#breadcrumb\",\"itemListElement\":[{\"@type\":\"ListItem\",\"position\":1,\"name\":\"Home\",\"item\":\"https:\/\/www.directhealthcaregroup.com\/da\/\"},{\"@type\":\"ListItem\",\"position\":2,\"name\":\"VI ER ALLE N\u00d8DT TIL AT BEV\u00c6GE OS FOR AT LEVE.\"}]},{\"@type\":\"WebSite\",\"@id\":\"https:\/\/www.directhealthcaregroup.com\/#website\",\"url\":\"https:\/\/www.directhealthcaregroup.com\/\",\"name\":\"DHG\",\"description\":\"Moving Health Forward\",\"publisher\":{\"@id\":\"https:\/\/www.directhealthcaregroup.com\/#organization\"},\"potentialAction\":[{\"@type\":\"SearchAction\",\"target\":{\"@type\":\"EntryPoint\",\"urlTemplate\":\"https:\/\/www.directhealthcaregroup.com\/?s={search_term_string}\"},\"query-input\":{\"@type\":\"PropertyValueSpecification\",\"valueRequired\":true,\"valueName\":\"search_term_string\"}}],\"inLanguage\":\"da-DK\"},{\"@type\":\"Organization\",\"@id\":\"https:\/\/www.directhealthcaregroup.com\/#organization\",\"name\":\"Direct Healthcare Group\",\"url\":\"https:\/\/www.directhealthcaregroup.com\/\",\"logo\":{\"@type\":\"ImageObject\",\"inLanguage\":\"da-DK\",\"@id\":\"https:\/\/www.directhealthcaregroup.com\/#\/schema\/logo\/image\/\",\"url\":\"https:\/\/directhealthcaregroup.com\/app\/uploads\/dhg-logo.png\",\"contentUrl\":\"https:\/\/directhealthcaregroup.com\/app\/uploads\/dhg-logo.png\",\"width\":556,\"height\":240,\"caption\":\"Direct Healthcare Group\"},\"image\":{\"@id\":\"https:\/\/www.directhealthcaregroup.com\/#\/schema\/logo\/image\/\"}}]}<\/script>\n<!-- \/ Yoast SEO plugin. -->","yoast_head_json":{"title":"VI ER ALLE N\u00d8DT TIL AT BEV\u00c6GE OS FOR AT LEVE. | DHG","robots":{"index":"index","follow":"follow","max-snippet":"max-snippet:-1","max-image-preview":"max-image-preview:large","max-video-preview":"max-video-preview:-1"},"canonical":"https:\/\/www.directhealthcaregroup.com\/da\/about\/","og_locale":"da_DK","og_type":"article","og_title":"VI ER ALLE N\u00d8DT TIL AT BEV\u00c6GE OS FOR AT LEVE. | DHG","og_description":"At have d\u00e5rligt helbred kan markant reducere vores evne til at bev\u00e6ge os, hvilket f\u00f8rer til yderligere sundhedskomplikationer og langsommere restitution. Hos Direct Healthcare Group anerkender vi, at bev\u00e6gelse er afg\u00f8rende for vores restitution, rehabilitering og uafh\u00e6ngighed. Vi mener, at st\u00f8tte til mobilitet og uafh\u00e6ngighed er afg\u00f8rende for at opn\u00e5 og opretholde et godt helbred. &hellip; Continued","og_url":"https:\/\/www.directhealthcaregroup.com\/da\/about\/","og_site_name":"DHG","article_modified_time":"2023-09-11T09:09:19+00:00","og_image":[{"width":1920,"height":1080,"url":"https:\/\/www.directhealthcaregroup.com\/app\/uploads\/Website-Banner-1920-x-1080.jpg","type":"image\/jpeg"}],"twitter_card":"summary_large_image","twitter_misc":{"Est. reading time":"1 minute"},"schema":{"@context":"https:\/\/schema.org","@graph":[{"@type":"WebPage","@id":"https:\/\/www.directhealthcaregroup.com\/da\/about\/","url":"https:\/\/www.directhealthcaregroup.com\/da\/about\/","name":"VI ER ALLE N\u00d8DT TIL AT BEV\u00c6GE OS FOR AT LEVE. | DHG","isPartOf":{"@id":"https:\/\/www.directhealthcaregroup.com\/#website"},"primaryImageOfPage":{"@id":"https:\/\/www.directhealthcaregroup.com\/da\/about\/#primaryimage"},"image":{"@id":"https:\/\/www.directhealthcaregroup.com\/da\/about\/#primaryimage"},"thumbnailUrl":"https:\/\/www.directhealthcaregroup.com\/app\/uploads\/Website-Banner-1920-x-1080.jpg","datePublished":"2017-12-14T10:32:10+00:00","dateModified":"2023-09-11T09:09:19+00:00","breadcrumb":{"@id":"https:\/\/www.directhealthcaregroup.com\/da\/about\/#breadcrumb"},"inLanguage":"da-DK","potentialAction":[{"@type":"ReadAction","target":["https:\/\/www.directhealthcaregroup.com\/da\/about\/"]}]},{"@type":"ImageObject","inLanguage":"da-DK","@id":"https:\/\/www.directhealthcaregroup.com\/da\/about\/#primaryimage","url":"https:\/\/www.directhealthcaregroup.com\/app\/uploads\/Website-Banner-1920-x-1080.jpg","contentUrl":"https:\/\/www.directhealthcaregroup.com\/app\/uploads\/Website-Banner-1920-x-1080.jpg","width":1920,"height":1080},{"@type":"BreadcrumbList","@id":"https:\/\/www.directhealthcaregroup.com\/da\/about\/#breadcrumb","itemListElement":[{"@type":"ListItem","position":1,"name":"Home","item":"https:\/\/www.directhealthcaregroup.com\/da\/"},{"@type":"ListItem","position":2,"name":"VI ER ALLE N\u00d8DT TIL AT BEV\u00c6GE OS FOR AT LEVE."}]},{"@type":"WebSite","@id":"https:\/\/www.directhealthcaregroup.com\/#website","url":"https:\/\/www.directhealthcaregroup.com\/","name":"DHG","description":"Moving Health Forward","publisher":{"@id":"https:\/\/www.directhealthcaregroup.com\/#organization"},"potentialAction":[{"@type":"SearchAction","target":{"@type":"EntryPoint","urlTemplate":"https:\/\/www.directhealthcaregroup.com\/?s={search_term_string}"},"query-input":{"@type":"PropertyValueSpecification","valueRequired":true,"valueName":"search_term_string"}}],"inLanguage":"da-DK"},{"@type":"Organization","@id":"https:\/\/www.directhealthcaregroup.com\/#organization","name":"Direct Healthcare Group","url":"https:\/\/www.directhealthcaregroup.com\/","logo":{"@type":"ImageObject","inLanguage":"da-DK","@id":"https:\/\/www.directhealthcaregroup.com\/#\/schema\/logo\/image\/","url":"https:\/\/directhealthcaregroup.com\/app\/uploads\/dhg-logo.png","contentUrl":"https:\/\/directhealthcaregroup.com\/app\/uploads\/dhg-logo.png","width":556,"height":240,"caption":"Direct Healthcare Group"},"image":{"@id":"https:\/\/www.directhealthcaregroup.com\/#\/schema\/logo\/image\/"}}]}},"_links":{"self":[{"href":"https:\/\/www.directhealthcaregroup.com\/da\/wp-json\/wp\/v2\/pages\/12361","targetHints":{"allow":["GET"]}}],"collection":[{"href":"https:\/\/www.directhealthcaregroup.com\/da\/wp-json\/wp\/v2\/pages"}],"about":[{"href":"https:\/\/www.directhealthcaregroup.com\/da\/wp-json\/wp\/v2\/types\/page"}],"author":[{"embeddable":true,"href":"https:\/\/www.directhealthcaregroup.com\/da\/wp-json\/wp\/v2\/users\/1"}],"replies":[{"embeddable":true,"href":"https:\/\/www.directhealthcaregroup.com\/da\/wp-json\/wp\/v2\/comments?post=12361"}],"version-history":[{"count":18,"href":"https:\/\/www.directhealthcaregroup.com\/da\/wp-json\/wp\/v2\/pages\/12361\/revisions"}],"predecessor-version":[{"id":190256,"href":"https:\/\/www.directhealthcaregroup.com\/da\/wp-json\/wp\/v2\/pages\/12361\/revisions\/190256"}],"wp:featuredmedia":[{"embeddable":true,"href":"https:\/\/www.directhealthcaregroup.com\/da\/wp-json\/wp\/v2\/media\/140885"}],"wp:attachment":[{"href":"https:\/\/www.directhealthcaregroup.com\/da\/wp-json\/wp\/v2\/media?parent=12361"}],"curies":[{"name":"wp","href":"https:\/\/api.w.org\/{rel}","templated":true}]}}