{"id":127462,"date":"2021-01-11T22:26:56","date_gmt":"2021-01-11T22:26:56","guid":{"rendered":"https:\/\/www.directhealthcaregroup.com\/overholdelse-af-virksomhedsregler\/"},"modified":"2021-01-11T22:26:56","modified_gmt":"2021-01-11T22:26:56","slug":"overholdelse-af-virksomhedsregler","status":"publish","type":"page","link":"https:\/\/www.directhealthcaregroup.com\/da\/overholdelse-af-virksomhedsregler\/","title":{"rendered":"Overholdelse af virksomhedsregler"},"content":{"rendered":"<h3>Adf\u00e6rdskodeks<\/h3>\n<p>Direct Healthcare Group forpligter sig til at udf\u00f8re sine anliggender etisk og lovligt. <a href=\"http:\/\/directhealthcaregroup.com\/corporate-compliance\/code-of-conduct\/\">Klik her<\/a> for at se vores adf\u00e6rdskodeks og f\u00e5 mere at vide.<\/p>\n<h3>Kontakt vores etiske hotline<\/h3>\n<p>Kontakt vores etiske hotline, hvis du har sp\u00f8rgsm\u00e5l om nogle af emnerne vedr\u00f8rende vores overholdelse af virksomhedsregler. <a href=\"http:\/\/directhealthcaregroup.com\/corporate-compliance\/contact-our-ethics-hotline\/\">Klik her<\/a> for at f\u00e5 mere at vide.<\/p>\n<h3>Retningslinjer for etik og overholdelse af regler<\/h3>\n<p>Direct Healthcare Groups retningslinjer for etik og overholdelse af regler er baseret p\u00e5 Eucomed Code of Ethical Business Practice. <a href=\"http:\/\/directhealthcaregroup.com\/corporate-compliance\/ethics-compliance-guidelines\/\">Klik her<\/a> for at l\u00e6se mere.<\/p>\n","protected":false},"excerpt":{"rendered":"<p>Adf\u00e6rdskodeks Direct Healthcare Group forpligter sig til at udf\u00f8re sine anliggender etisk og lovligt. Klik her for at se vores adf\u00e6rdskodeks og f\u00e5 mere at vide. Kontakt vores etiske hotline Kontakt vores etiske hotline, hvis du har sp\u00f8rgsm\u00e5l om nogle af emnerne vedr\u00f8rende vores overholdelse af virksomhedsregler. Klik her for at f\u00e5 mere at vide. &hellip; <a href=\"https:\/\/www.directhealthcaregroup.com\/da\/overholdelse-af-virksomhedsregler\/\">Continued<\/a><\/p>\n","protected":false},"author":2,"featured_media":0,"parent":0,"menu_order":0,"comment_status":"closed","ping_status":"closed","template":"","meta":{"_acf_changed":false,"footnotes":""},"class_list":["post-127462","page","type-page","status-publish","hentry"],"acf":[],"yoast_head":"<!-- This site is optimized with the Yoast SEO plugin v27.4 - https:\/\/yoast.com\/product\/yoast-seo-wordpress\/ -->\n<title>Overholdelse af virksomhedsregler | DHG<\/title>\n<meta name=\"robots\" content=\"index, follow, max-snippet:-1, max-image-preview:large, max-video-preview:-1\" \/>\n<link rel=\"canonical\" href=\"https:\/\/www.directhealthcaregroup.com\/da\/overholdelse-af-virksomhedsregler\/\" \/>\n<meta property=\"og:locale\" content=\"da_DK\" \/>\n<meta property=\"og:type\" content=\"article\" \/>\n<meta property=\"og:title\" content=\"Overholdelse af virksomhedsregler | DHG\" \/>\n<meta property=\"og:description\" content=\"Adf\u00e6rdskodeks Direct Healthcare Group forpligter sig til at udf\u00f8re sine anliggender etisk og lovligt. Klik her for at se vores adf\u00e6rdskodeks og f\u00e5 mere at vide. Kontakt vores etiske hotline Kontakt vores etiske hotline, hvis du har sp\u00f8rgsm\u00e5l om nogle af emnerne vedr\u00f8rende vores overholdelse af virksomhedsregler. Klik her for at f\u00e5 mere at vide. &hellip; Continued\" \/>\n<meta property=\"og:url\" content=\"https:\/\/www.directhealthcaregroup.com\/da\/overholdelse-af-virksomhedsregler\/\" \/>\n<meta property=\"og:site_name\" content=\"DHG\" \/>\n<meta name=\"twitter:card\" content=\"summary_large_image\" \/>\n<script type=\"application\/ld+json\" class=\"yoast-schema-graph\">{\"@context\":\"https:\\\/\\\/schema.org\",\"@graph\":[{\"@type\":\"WebPage\",\"@id\":\"https:\\\/\\\/www.directhealthcaregroup.com\\\/da\\\/overholdelse-af-virksomhedsregler\\\/\",\"url\":\"https:\\\/\\\/www.directhealthcaregroup.com\\\/da\\\/overholdelse-af-virksomhedsregler\\\/\",\"name\":\"Overholdelse af virksomhedsregler | DHG\",\"isPartOf\":{\"@id\":\"https:\\\/\\\/www.directhealthcaregroup.com\\\/#website\"},\"datePublished\":\"2021-01-11T22:26:56+00:00\",\"breadcrumb\":{\"@id\":\"https:\\\/\\\/www.directhealthcaregroup.com\\\/da\\\/overholdelse-af-virksomhedsregler\\\/#breadcrumb\"},\"inLanguage\":\"da-DK\",\"potentialAction\":[{\"@type\":\"ReadAction\",\"target\":[\"https:\\\/\\\/www.directhealthcaregroup.com\\\/da\\\/overholdelse-af-virksomhedsregler\\\/\"]}]},{\"@type\":\"BreadcrumbList\",\"@id\":\"https:\\\/\\\/www.directhealthcaregroup.com\\\/da\\\/overholdelse-af-virksomhedsregler\\\/#breadcrumb\",\"itemListElement\":[{\"@type\":\"ListItem\",\"position\":1,\"name\":\"Home\",\"item\":\"https:\\\/\\\/www.directhealthcaregroup.com\\\/da\\\/\"},{\"@type\":\"ListItem\",\"position\":2,\"name\":\"Overholdelse af virksomhedsregler\"}]},{\"@type\":\"WebSite\",\"@id\":\"https:\\\/\\\/www.directhealthcaregroup.com\\\/#website\",\"url\":\"https:\\\/\\\/www.directhealthcaregroup.com\\\/\",\"name\":\"DHG\",\"description\":\"Moving Health Forward\",\"publisher\":{\"@id\":\"https:\\\/\\\/www.directhealthcaregroup.com\\\/#organization\"},\"potentialAction\":[{\"@type\":\"SearchAction\",\"target\":{\"@type\":\"EntryPoint\",\"urlTemplate\":\"https:\\\/\\\/www.directhealthcaregroup.com\\\/?s={search_term_string}\"},\"query-input\":{\"@type\":\"PropertyValueSpecification\",\"valueRequired\":true,\"valueName\":\"search_term_string\"}}],\"inLanguage\":\"da-DK\"},{\"@type\":\"Organization\",\"@id\":\"https:\\\/\\\/www.directhealthcaregroup.com\\\/#organization\",\"name\":\"Direct Healthcare Group\",\"url\":\"https:\\\/\\\/www.directhealthcaregroup.com\\\/\",\"logo\":{\"@type\":\"ImageObject\",\"inLanguage\":\"da-DK\",\"@id\":\"https:\\\/\\\/www.directhealthcaregroup.com\\\/#\\\/schema\\\/logo\\\/image\\\/\",\"url\":\"https:\\\/\\\/directhealthcaregroup.com\\\/app\\\/uploads\\\/dhg-logo.png\",\"contentUrl\":\"https:\\\/\\\/directhealthcaregroup.com\\\/app\\\/uploads\\\/dhg-logo.png\",\"width\":556,\"height\":240,\"caption\":\"Direct Healthcare Group\"},\"image\":{\"@id\":\"https:\\\/\\\/www.directhealthcaregroup.com\\\/#\\\/schema\\\/logo\\\/image\\\/\"}}]}<\/script>\n<!-- \/ Yoast SEO plugin. -->","yoast_head_json":{"title":"Overholdelse af virksomhedsregler | DHG","robots":{"index":"index","follow":"follow","max-snippet":"max-snippet:-1","max-image-preview":"max-image-preview:large","max-video-preview":"max-video-preview:-1"},"canonical":"https:\/\/www.directhealthcaregroup.com\/da\/overholdelse-af-virksomhedsregler\/","og_locale":"da_DK","og_type":"article","og_title":"Overholdelse af virksomhedsregler | DHG","og_description":"Adf\u00e6rdskodeks Direct Healthcare Group forpligter sig til at udf\u00f8re sine anliggender etisk og lovligt. Klik her for at se vores adf\u00e6rdskodeks og f\u00e5 mere at vide. Kontakt vores etiske hotline Kontakt vores etiske hotline, hvis du har sp\u00f8rgsm\u00e5l om nogle af emnerne vedr\u00f8rende vores overholdelse af virksomhedsregler. Klik her for at f\u00e5 mere at vide. &hellip; Continued","og_url":"https:\/\/www.directhealthcaregroup.com\/da\/overholdelse-af-virksomhedsregler\/","og_site_name":"DHG","twitter_card":"summary_large_image","schema":{"@context":"https:\/\/schema.org","@graph":[{"@type":"WebPage","@id":"https:\/\/www.directhealthcaregroup.com\/da\/overholdelse-af-virksomhedsregler\/","url":"https:\/\/www.directhealthcaregroup.com\/da\/overholdelse-af-virksomhedsregler\/","name":"Overholdelse af virksomhedsregler | DHG","isPartOf":{"@id":"https:\/\/www.directhealthcaregroup.com\/#website"},"datePublished":"2021-01-11T22:26:56+00:00","breadcrumb":{"@id":"https:\/\/www.directhealthcaregroup.com\/da\/overholdelse-af-virksomhedsregler\/#breadcrumb"},"inLanguage":"da-DK","potentialAction":[{"@type":"ReadAction","target":["https:\/\/www.directhealthcaregroup.com\/da\/overholdelse-af-virksomhedsregler\/"]}]},{"@type":"BreadcrumbList","@id":"https:\/\/www.directhealthcaregroup.com\/da\/overholdelse-af-virksomhedsregler\/#breadcrumb","itemListElement":[{"@type":"ListItem","position":1,"name":"Home","item":"https:\/\/www.directhealthcaregroup.com\/da\/"},{"@type":"ListItem","position":2,"name":"Overholdelse af virksomhedsregler"}]},{"@type":"WebSite","@id":"https:\/\/www.directhealthcaregroup.com\/#website","url":"https:\/\/www.directhealthcaregroup.com\/","name":"DHG","description":"Moving Health Forward","publisher":{"@id":"https:\/\/www.directhealthcaregroup.com\/#organization"},"potentialAction":[{"@type":"SearchAction","target":{"@type":"EntryPoint","urlTemplate":"https:\/\/www.directhealthcaregroup.com\/?s={search_term_string}"},"query-input":{"@type":"PropertyValueSpecification","valueRequired":true,"valueName":"search_term_string"}}],"inLanguage":"da-DK"},{"@type":"Organization","@id":"https:\/\/www.directhealthcaregroup.com\/#organization","name":"Direct Healthcare Group","url":"https:\/\/www.directhealthcaregroup.com\/","logo":{"@type":"ImageObject","inLanguage":"da-DK","@id":"https:\/\/www.directhealthcaregroup.com\/#\/schema\/logo\/image\/","url":"https:\/\/directhealthcaregroup.com\/app\/uploads\/dhg-logo.png","contentUrl":"https:\/\/directhealthcaregroup.com\/app\/uploads\/dhg-logo.png","width":556,"height":240,"caption":"Direct Healthcare Group"},"image":{"@id":"https:\/\/www.directhealthcaregroup.com\/#\/schema\/logo\/image\/"}}]}},"_links":{"self":[{"href":"https:\/\/www.directhealthcaregroup.com\/da\/wp-json\/wp\/v2\/pages\/127462","targetHints":{"allow":["GET"]}}],"collection":[{"href":"https:\/\/www.directhealthcaregroup.com\/da\/wp-json\/wp\/v2\/pages"}],"about":[{"href":"https:\/\/www.directhealthcaregroup.com\/da\/wp-json\/wp\/v2\/types\/page"}],"author":[{"embeddable":true,"href":"https:\/\/www.directhealthcaregroup.com\/da\/wp-json\/wp\/v2\/users\/2"}],"replies":[{"embeddable":true,"href":"https:\/\/www.directhealthcaregroup.com\/da\/wp-json\/wp\/v2\/comments?post=127462"}],"version-history":[{"count":0,"href":"https:\/\/www.directhealthcaregroup.com\/da\/wp-json\/wp\/v2\/pages\/127462\/revisions"}],"wp:attachment":[{"href":"https:\/\/www.directhealthcaregroup.com\/da\/wp-json\/wp\/v2\/media?parent=127462"}],"curies":[{"name":"wp","href":"https:\/\/api.w.org\/{rel}","templated":true}]}}