{"id":127463,"date":"2021-01-11T22:26:56","date_gmt":"2021-01-11T22:26:56","guid":{"rendered":"https:\/\/www.directhealthcaregroup.com\/gdpr-og-persondatapolitik\/"},"modified":"2021-01-11T22:26:56","modified_gmt":"2021-01-11T22:26:56","slug":"gdpr-og-persondatapolitik","status":"publish","type":"page","link":"https:\/\/www.directhealthcaregroup.com\/da\/gdpr-og-persondatapolitik\/","title":{"rendered":"GDPR og persondatapolitik"},"content":{"rendered":"<h2>GDPR og persondatapolitik<\/h2>\n<p>Direct Healthcare Group har implementeret og vedligeholder et integreret Business Management System, der er certificeret i henhold til standarderne ISO 9001, ISO 13485, ISO 14001 og i overensstemmelse med informationssikkerhedsstandarden ISO 27001.<\/p>\n<p>&nbsp;<\/p>\n<h3>Introduktion<\/h3>\n<p>Direct Healthcare Group (DHG) anerkender, at de personoplysninger, vi modtager, opbevares i en egenskab af tillid. Vi s\u00f8ger derfor at opfylde denne tillid ved at overholde generelle principper for beskyttelse af personoplysninger. Denne persondatapolitik forklarer, hvordan vi indsamler, bruger, deler og beskytter oplysninger, der indsamles via dette websted, og under andre interaktioner, som du m\u00e5tte have med Direct Healthcare Group.<\/p>\n<p>Vores registrerede adresse er:<br \/>\nDirect Healthcare Group Ltd.<br \/>\nWithey Court<br \/>\nWestern Industrial Estate<br \/>\nCaerphilly<br \/>\nStorbritannien<br \/>\nCF83 1BF<\/p>\n<p>Vores registrerede virksomhedsnummer er:<br \/>\n05252571<\/p>\n<p><span style=\"color: black;\">Vi fungerer som den &#8220;dataansvarlige&#8221; for personoplysninger. Vi er registreret&nbsp;hos ICO, vores nummer er Z2641626.&nbsp;Vi indsamler kun oplysninger, der er n\u00f8dvendige for at opfylde de angivne form\u00e5l, og hvor der er et lovligt grundlag for at g\u00f8re det, og vil ikke opbevare dem i l\u00e6ngere tid, end det er n\u00f8dvendigt.<\/span><\/p>\n<p>&nbsp;<\/p>\n<h3>Omfang<\/h3>\n<p>Denne persondatapolitik g\u00e6lder for personoplysninger, der indsamles p\u00e5 websteder, mobile apps eller kontrollerede widgets, der er integreret i kommunikationsplatforme (&#8220;Websteder&#8221;), og personoplysninger, der indsamles i forbindelse med Direct Healthcare Groups forretningsaktiviteter, s\u00e5som oplysninger fra patienter, sundhedspersonale eller medarbejderes personaledata.<\/p>\n<p>Personoplysninger, som anvendt heri, er alle oplysninger, der kan bruges enten alene eller kombineret med andre oplysninger til at identificere en person, eller som kan v\u00e6re direkte knyttet til en person.<\/p>\n<p>Denne persondatapolitik beskriver Direct Healthcare Groups indsamlings-, brugs- og distributionspraksis, hvad ang\u00e5r personoplysninger.<\/p>\n<p>&nbsp;<\/p>\n<h3>Indsamling af oplysninger<\/h3>\n<p>Direct Healthcare Group kr\u00e6ver ikke, at du videregiver personoplysninger for at f\u00e5 adgang til en del af vores offentlige websted. Kun personoplysninger, som du frivilligt giver os, indsamles.<br \/>\nDHG opretholder fysiske, tekniske og administrative sikkerhedsforanstaltninger for at beskytte dine ikke-offentlige personoplysninger.&nbsp;Vi kan ogs\u00e5 indsamle produkt- og tjenesteoplysninger og levere disse statistikker til andre i en aggregeret form, hvor oplysningerne er blevet anonymiseret.<\/p>\n<p>Personoplysninger, der indsamles via DHG-websteder, kan omfatte, men er ikke begr\u00e6nset til:<\/p>\n<ul>\n<li>Kontaktoplysninger, s\u00e5som navn, adresse, e-mail, telefonnummer, faxnummer, organisationsnavn og\/eller stillingsbetegnelse<\/li>\n<li>Entydige identifikatorer og pr\u00e6ferenceoplysninger, markedsf\u00f8ringspr\u00e6ferencer, IP-adresse, browsertype, operativsystem, computer eller mobil enhed eller navigation og clickstream-adf\u00e6rd<\/li>\n<\/ul>\n<p>DHG kan indsamle, opbevare og bruge personoplysninger, der er indhentet via webstederne, for at give dig adgang til webstederne. &nbsp;Disse oplysninger kan indsamles, n\u00e5r du:<\/p>\n<ul>\n<li>Opretter en konto hos DHG<\/li>\n<li>Anmoder om en produktdemo eller modtager oplysninger om vores produkter<\/li>\n<li>Anmoder om kundesupport eller teknisk support<\/li>\n<li>Ans\u00f8ger om besk\u00e6ftigelse<\/li>\n<li>Anmoder om at blive kontaktet, dvs. via vores websted eller p\u00e5 udstillinger<\/li>\n<li>Modtager vores produkter eller tjenester<\/li>\n<\/ul>\n<p>&nbsp;<\/p>\n<h3>Grundlag for brug af personoplysninger<\/h3>\n<ul>\n<li><strong><b>Overholdelse af juridiske krav eller forpligtelser<\/b><\/strong>&nbsp;&#8211;&nbsp;DHG kan videregive personoplysninger som tilladt eller p\u00e5kr\u00e6vet ved lov, n\u00e5r vi mener i god tro, at det er n\u00f8dvendigt af sikkerhedshensyn, p\u00e5kr\u00e6vet til juridisk rapportering, n\u00f8dvendigt for at beskytte vores juridiske rettigheder eller h\u00e5ndh\u00e6ve vores brugsvilk\u00e5r eller g\u00e6ldende regler eller for at beskytte andres rettigheder.<\/li>\n<li><strong><b>For s\u00e5 vidt ang\u00e5r etablering eller opfyldelse af en kontrakt<\/b><\/strong>&nbsp;&#8211; Brugen af personoplysninger kan v\u00e6re n\u00f8dvendig for at opfylde den kontrakt, du har med os. N\u00e5r du f.eks. arbejder for os enten som medarbejder eller tjenesteudbyder eller ans\u00f8ger om et job hos os, vil dine personoplysninger v\u00e6re n\u00f8dvendige i forbindelse med din ans\u00e6ttelsesaftale eller tjenesteaftale.<\/li>\n<li><strong><b>Samtykke<\/b><\/strong> &#8211; DHG vil p\u00e5ber\u00e5be sig samtykke, som i nogle tilf\u00e6lde kan v\u00e6re underforst\u00e5et, til at bruge tekniske oplysninger som cookiedata og geolokationsdata som beskrevet i denne erkl\u00e6ring. &nbsp;Samtykke kan tr\u00e6kkes tilbage n\u00e5r som helst ved at kontakte os via de medier, der er beskrevet i denne erkl\u00e6ring. Vi kan indhente personoplysninger via sundhedspersonale eller brugere af vores produkter og tjenester, i hvilket tilf\u00e6lde p\u00e5g\u00e6ldende sundhedspersonale eller bruger af produktet\/tjenesterne er ansvarlig for h\u00e5ndteringen af samtykke, som p\u00e5kr\u00e6vet.<\/li>\n<li><strong><b>Legitime interesser<\/b><\/strong>&nbsp;&#8211; DHG kan bruge personoplysninger til vores legitime interesser for at forbedre vores produkter, tjenester og webstedsindhold og til administrative form\u00e5l.<\/li>\n<\/ul>\n<p>&nbsp;<\/p>\n<h3>Markedsf\u00f8ring<\/h3>\n<p>Direct Healthcare Group markedsf\u00f8rer p\u00e5 en r\u00e6kke m\u00e5der, herunder, men ikke begr\u00e6nset til, e-mailmarketingkampagner. Vi kan bruge dine personoplysninger til at informere dig om andre produkter eller tjenester, der tilbydes af DHG. Vi s\u00e6lger, udlejer eller leaser ikke vores kundelister til tredjeparter.&nbsp;For at hj\u00e6lpe med at levere vores tjenester giver vi nogle gange oplysninger til andre virksomheder, der arbejder p\u00e5 vores vegne.<\/p>\n<p>&nbsp;<\/p>\n<h3>Sporingsv\u00e6rkt\u00f8jer<\/h3>\n<p>Din browser kan give dig mulighed for at styre cookies. &nbsp;Hvordan du g\u00f8r det, afh\u00e6nger af din browser og cookietypen. &nbsp;Visse browsere kan indstilles til at afvise alle browsercookies. Hvis du konfigurerer din computer til at blokere alle cookies, kan du forstyrre visse websidefunktioner og begr\u00e6nse den funktionalitet, vi kan levere, n\u00e5r du bes\u00f8ger eller bruger vores websteder. Hvis du blokerer eller sletter cookies, vil ikke al sporing, som vi har beskrevet i denne politik, stoppe. Nogle browsere har en &#8220;spor ikke&#8221;-funktion, s\u00e5 du kan fort\u00e6lle websteder, at du ikke \u00f8nsker, at dine onlineaktiviteter spores.<\/p>\n<p>&nbsp;<\/p>\n<h3>Hvor l\u00e6nge vi gemmer oplysninger<\/h3>\n<p>Direct Healthcare Group opbevarer dine personoplysninger, s\u00e5 l\u00e6nge som det med rimelighed er n\u00f8dvendigt til legitime forretningsform\u00e5l.<\/p>\n<p>&nbsp;<\/p>\n<h3>Sikkerhed<\/h3>\n<p>Sikkerheden og fortroligheden af dine personoplysninger er vigtig for os. Derfor har Direct Healthcare Group fysiske, tekniske og administrative kontroller p\u00e5 plads for at beskytte dine personoplysninger mod uautoriseret adgang, brug og videregivelse. DHG evaluerer l\u00f8bende disse sikkerhedsforanstaltninger for at hj\u00e6lpe med at minimere risici fra nye sikkerhedstrusler, efterh\u00e5nden som de bliver kendt. Men som det er tilf\u00e6ldet med alle websteder, er DHG ikke i stand til at garantere sikkerheden for data, der indsamles via vores websted.<\/p>\n<p>&nbsp;<\/p>\n<h3>Rettigheder<\/h3>\n<p>Du kan til enhver tid kontakte os for at anmode om adgang til, berigtigelse eller sletning af dine personoplysninger. Du har ogs\u00e5 ret til indsigelse mod eller begr\u00e6nsning af behandling samt retten til dataportabilitet, n\u00e5r det er relevant. Hvis DHG har behandlet dine personoplysninger p\u00e5 grundlag af dit samtykke, har du ret til n\u00e5r som helst at tr\u00e6kke det tilbage.<\/p>\n<p>For at ud\u00f8ve dine rettigheder bedes du skrive til os via nedenst\u00e5ende kontaktoplysninger. Bem\u00e6rk, at der sandsynligvis vil blive anmodet om yderligere oplysninger fra dig for at opfylde anmodningen.<\/p>\n<p>Hvis du modtager markedsf\u00f8ringsmails fra DHG, kan du anmode om at f\u00e5 dine personoplysninger fjernet ved hj\u00e6lp af afmeldingslinket eller e-mailsvaradressen, der er angivet i indholdet.<\/p>\n<p>Du kan ogs\u00e5 indgive en klage til informationskommiss\u00e6rens kontor via f\u00f8lgende link:&nbsp;<a href=\"https:\/\/ico.org.uk\/concerns\/\">https:\/\/ico.org.uk\/concerns\/<\/a><\/p>\n<p>&nbsp;<\/p>\n<h3>Opdateringer af persondatapolitikken<\/h3>\n<p>Denne persondatapolitik kan til enhver tid \u00e6ndres. Hvis der foretages v\u00e6sentlige \u00e6ndringer i, hvordan personoplysninger indsamles, bruges, videregives eller p\u00e5 anden m\u00e5de behandles, vil denne politik blive opdateret, og meddelelser vil tydeligt blive lagt ud p\u00e5 vores websteds hjemmeside. Alle v\u00e6sentlige \u00e6ndringer i denne persondatapolitik tr\u00e6der i kraft p\u00e5 tidspunktet for vores offentligg\u00f8relse af meddelelsen om opdateringen.<\/p>\n<p>Erkl\u00e6ringen blev sidst opdateret den 04\/12\/2017.<\/p>\n","protected":false},"excerpt":{"rendered":"<p>GDPR og persondatapolitik Direct Healthcare Group har implementeret og vedligeholder et integreret Business Management System, der er certificeret i henhold til standarderne ISO 9001, ISO 13485, ISO 14001 og i overensstemmelse med informationssikkerhedsstandarden ISO 27001. &nbsp; Introduktion Direct Healthcare Group (DHG) anerkender, at de personoplysninger, vi modtager, opbevares i en egenskab af tillid. Vi s\u00f8ger &hellip; <a href=\"https:\/\/www.directhealthcaregroup.com\/da\/gdpr-og-persondatapolitik\/\">Continued<\/a><\/p>\n","protected":false},"author":2,"featured_media":0,"parent":0,"menu_order":0,"comment_status":"closed","ping_status":"closed","template":"","meta":{"_acf_changed":false,"footnotes":""},"class_list":["post-127463","page","type-page","status-publish","hentry"],"acf":[],"yoast_head":"<!-- This site is optimized with the Yoast SEO plugin v27.4 - https:\/\/yoast.com\/product\/yoast-seo-wordpress\/ -->\n<title>GDPR og persondatapolitik | DHG<\/title>\n<meta name=\"robots\" content=\"index, follow, max-snippet:-1, max-image-preview:large, max-video-preview:-1\" \/>\n<link rel=\"canonical\" href=\"https:\/\/www.directhealthcaregroup.com\/da\/gdpr-og-persondatapolitik\/\" \/>\n<meta property=\"og:locale\" content=\"da_DK\" \/>\n<meta property=\"og:type\" content=\"article\" \/>\n<meta property=\"og:title\" content=\"GDPR og persondatapolitik | DHG\" \/>\n<meta property=\"og:description\" content=\"GDPR og persondatapolitik Direct Healthcare Group har implementeret og vedligeholder et integreret Business Management System, der er certificeret i henhold til standarderne ISO 9001, ISO 13485, ISO 14001 og i overensstemmelse med informationssikkerhedsstandarden ISO 27001. &nbsp; Introduktion Direct Healthcare Group (DHG) anerkender, at de personoplysninger, vi modtager, opbevares i en egenskab af tillid. Vi s\u00f8ger &hellip; Continued\" \/>\n<meta property=\"og:url\" content=\"https:\/\/www.directhealthcaregroup.com\/da\/gdpr-og-persondatapolitik\/\" \/>\n<meta property=\"og:site_name\" content=\"DHG\" \/>\n<meta name=\"twitter:card\" content=\"summary_large_image\" \/>\n<meta name=\"twitter:label1\" content=\"Est. reading time\" \/>\n\t<meta name=\"twitter:data1\" content=\"6 minutes\" \/>\n<script type=\"application\/ld+json\" class=\"yoast-schema-graph\">{\"@context\":\"https:\\\/\\\/schema.org\",\"@graph\":[{\"@type\":\"WebPage\",\"@id\":\"https:\\\/\\\/www.directhealthcaregroup.com\\\/da\\\/gdpr-og-persondatapolitik\\\/\",\"url\":\"https:\\\/\\\/www.directhealthcaregroup.com\\\/da\\\/gdpr-og-persondatapolitik\\\/\",\"name\":\"GDPR og persondatapolitik | DHG\",\"isPartOf\":{\"@id\":\"https:\\\/\\\/www.directhealthcaregroup.com\\\/#website\"},\"datePublished\":\"2021-01-11T22:26:56+00:00\",\"breadcrumb\":{\"@id\":\"https:\\\/\\\/www.directhealthcaregroup.com\\\/da\\\/gdpr-og-persondatapolitik\\\/#breadcrumb\"},\"inLanguage\":\"da-DK\",\"potentialAction\":[{\"@type\":\"ReadAction\",\"target\":[\"https:\\\/\\\/www.directhealthcaregroup.com\\\/da\\\/gdpr-og-persondatapolitik\\\/\"]}]},{\"@type\":\"BreadcrumbList\",\"@id\":\"https:\\\/\\\/www.directhealthcaregroup.com\\\/da\\\/gdpr-og-persondatapolitik\\\/#breadcrumb\",\"itemListElement\":[{\"@type\":\"ListItem\",\"position\":1,\"name\":\"Home\",\"item\":\"https:\\\/\\\/www.directhealthcaregroup.com\\\/da\\\/\"},{\"@type\":\"ListItem\",\"position\":2,\"name\":\"GDPR og persondatapolitik\"}]},{\"@type\":\"WebSite\",\"@id\":\"https:\\\/\\\/www.directhealthcaregroup.com\\\/#website\",\"url\":\"https:\\\/\\\/www.directhealthcaregroup.com\\\/\",\"name\":\"DHG\",\"description\":\"Moving Health Forward\",\"publisher\":{\"@id\":\"https:\\\/\\\/www.directhealthcaregroup.com\\\/#organization\"},\"potentialAction\":[{\"@type\":\"SearchAction\",\"target\":{\"@type\":\"EntryPoint\",\"urlTemplate\":\"https:\\\/\\\/www.directhealthcaregroup.com\\\/?s={search_term_string}\"},\"query-input\":{\"@type\":\"PropertyValueSpecification\",\"valueRequired\":true,\"valueName\":\"search_term_string\"}}],\"inLanguage\":\"da-DK\"},{\"@type\":\"Organization\",\"@id\":\"https:\\\/\\\/www.directhealthcaregroup.com\\\/#organization\",\"name\":\"Direct Healthcare Group\",\"url\":\"https:\\\/\\\/www.directhealthcaregroup.com\\\/\",\"logo\":{\"@type\":\"ImageObject\",\"inLanguage\":\"da-DK\",\"@id\":\"https:\\\/\\\/www.directhealthcaregroup.com\\\/#\\\/schema\\\/logo\\\/image\\\/\",\"url\":\"https:\\\/\\\/directhealthcaregroup.com\\\/app\\\/uploads\\\/dhg-logo.png\",\"contentUrl\":\"https:\\\/\\\/directhealthcaregroup.com\\\/app\\\/uploads\\\/dhg-logo.png\",\"width\":556,\"height\":240,\"caption\":\"Direct Healthcare Group\"},\"image\":{\"@id\":\"https:\\\/\\\/www.directhealthcaregroup.com\\\/#\\\/schema\\\/logo\\\/image\\\/\"}}]}<\/script>\n<!-- \/ Yoast SEO plugin. -->","yoast_head_json":{"title":"GDPR og persondatapolitik | DHG","robots":{"index":"index","follow":"follow","max-snippet":"max-snippet:-1","max-image-preview":"max-image-preview:large","max-video-preview":"max-video-preview:-1"},"canonical":"https:\/\/www.directhealthcaregroup.com\/da\/gdpr-og-persondatapolitik\/","og_locale":"da_DK","og_type":"article","og_title":"GDPR og persondatapolitik | DHG","og_description":"GDPR og persondatapolitik Direct Healthcare Group har implementeret og vedligeholder et integreret Business Management System, der er certificeret i henhold til standarderne ISO 9001, ISO 13485, ISO 14001 og i overensstemmelse med informationssikkerhedsstandarden ISO 27001. &nbsp; Introduktion Direct Healthcare Group (DHG) anerkender, at de personoplysninger, vi modtager, opbevares i en egenskab af tillid. Vi s\u00f8ger &hellip; Continued","og_url":"https:\/\/www.directhealthcaregroup.com\/da\/gdpr-og-persondatapolitik\/","og_site_name":"DHG","twitter_card":"summary_large_image","twitter_misc":{"Est. reading time":"6 minutes"},"schema":{"@context":"https:\/\/schema.org","@graph":[{"@type":"WebPage","@id":"https:\/\/www.directhealthcaregroup.com\/da\/gdpr-og-persondatapolitik\/","url":"https:\/\/www.directhealthcaregroup.com\/da\/gdpr-og-persondatapolitik\/","name":"GDPR og persondatapolitik | DHG","isPartOf":{"@id":"https:\/\/www.directhealthcaregroup.com\/#website"},"datePublished":"2021-01-11T22:26:56+00:00","breadcrumb":{"@id":"https:\/\/www.directhealthcaregroup.com\/da\/gdpr-og-persondatapolitik\/#breadcrumb"},"inLanguage":"da-DK","potentialAction":[{"@type":"ReadAction","target":["https:\/\/www.directhealthcaregroup.com\/da\/gdpr-og-persondatapolitik\/"]}]},{"@type":"BreadcrumbList","@id":"https:\/\/www.directhealthcaregroup.com\/da\/gdpr-og-persondatapolitik\/#breadcrumb","itemListElement":[{"@type":"ListItem","position":1,"name":"Home","item":"https:\/\/www.directhealthcaregroup.com\/da\/"},{"@type":"ListItem","position":2,"name":"GDPR og persondatapolitik"}]},{"@type":"WebSite","@id":"https:\/\/www.directhealthcaregroup.com\/#website","url":"https:\/\/www.directhealthcaregroup.com\/","name":"DHG","description":"Moving Health Forward","publisher":{"@id":"https:\/\/www.directhealthcaregroup.com\/#organization"},"potentialAction":[{"@type":"SearchAction","target":{"@type":"EntryPoint","urlTemplate":"https:\/\/www.directhealthcaregroup.com\/?s={search_term_string}"},"query-input":{"@type":"PropertyValueSpecification","valueRequired":true,"valueName":"search_term_string"}}],"inLanguage":"da-DK"},{"@type":"Organization","@id":"https:\/\/www.directhealthcaregroup.com\/#organization","name":"Direct Healthcare Group","url":"https:\/\/www.directhealthcaregroup.com\/","logo":{"@type":"ImageObject","inLanguage":"da-DK","@id":"https:\/\/www.directhealthcaregroup.com\/#\/schema\/logo\/image\/","url":"https:\/\/directhealthcaregroup.com\/app\/uploads\/dhg-logo.png","contentUrl":"https:\/\/directhealthcaregroup.com\/app\/uploads\/dhg-logo.png","width":556,"height":240,"caption":"Direct Healthcare Group"},"image":{"@id":"https:\/\/www.directhealthcaregroup.com\/#\/schema\/logo\/image\/"}}]}},"_links":{"self":[{"href":"https:\/\/www.directhealthcaregroup.com\/da\/wp-json\/wp\/v2\/pages\/127463","targetHints":{"allow":["GET"]}}],"collection":[{"href":"https:\/\/www.directhealthcaregroup.com\/da\/wp-json\/wp\/v2\/pages"}],"about":[{"href":"https:\/\/www.directhealthcaregroup.com\/da\/wp-json\/wp\/v2\/types\/page"}],"author":[{"embeddable":true,"href":"https:\/\/www.directhealthcaregroup.com\/da\/wp-json\/wp\/v2\/users\/2"}],"replies":[{"embeddable":true,"href":"https:\/\/www.directhealthcaregroup.com\/da\/wp-json\/wp\/v2\/comments?post=127463"}],"version-history":[{"count":0,"href":"https:\/\/www.directhealthcaregroup.com\/da\/wp-json\/wp\/v2\/pages\/127463\/revisions"}],"wp:attachment":[{"href":"https:\/\/www.directhealthcaregroup.com\/da\/wp-json\/wp\/v2\/media?parent=127463"}],"curies":[{"name":"wp","href":"https:\/\/api.w.org\/{rel}","templated":true}]}}