{"id":127464,"date":"2021-01-11T22:26:56","date_gmt":"2021-01-11T22:26:56","guid":{"rendered":"https:\/\/www.directhealthcaregroup.com\/cookiepolitik\/"},"modified":"2021-01-11T22:26:56","modified_gmt":"2021-01-11T22:26:56","slug":"cookiepolitik","status":"publish","type":"page","link":"https:\/\/www.directhealthcaregroup.com\/da\/cookiepolitik\/","title":{"rendered":"Cookiepolitik"},"content":{"rendered":"<p>Dette websted bruger cookies \u2013 sm\u00e5 tekstfiler, der placeres p\u00e5 din computer for at hj\u00e6lpe webstedet med at give en bedre brugeroplevelse. Generelt bruges cookies til at bevare brugerpr\u00e6ferencer, gemme oplysninger om ting som indk\u00f8bsvogne og levere anonymiserede sporingsdata til tredjepartsapplikationer som f.eks. Google Analytics. Som regel vil cookies g\u00f8re din browseroplevelse bedre. Du kan dog foretr\u00e6kke at deaktivere cookies p\u00e5 dette websted og p\u00e5 andre. Den mest effektive m\u00e5de at g\u00f8re dette p\u00e5 er ved at deaktivere cookies i din browser. Vi anbefaler, at du ser hj\u00e6lpeafsnittet i din browser eller kigger p\u00e5 <a href=\"http:\/\/www.aboutcookies.org\">webstedet About Cookies<\/a>, der tilbyder vejledning til alle moderne browsere<\/p>\n","protected":false},"excerpt":{"rendered":"<p>Dette websted bruger cookies \u2013 sm\u00e5 tekstfiler, der placeres p\u00e5 din computer for at hj\u00e6lpe webstedet med at give en bedre brugeroplevelse. Generelt bruges cookies til at bevare brugerpr\u00e6ferencer, gemme oplysninger om ting som indk\u00f8bsvogne og levere anonymiserede sporingsdata til tredjepartsapplikationer som f.eks. Google Analytics. Som regel vil cookies g\u00f8re din browseroplevelse bedre. Du kan &hellip; <a href=\"https:\/\/www.directhealthcaregroup.com\/da\/cookiepolitik\/\">Continued<\/a><\/p>\n","protected":false},"author":1,"featured_media":0,"parent":0,"menu_order":0,"comment_status":"closed","ping_status":"closed","template":"","meta":{"_acf_changed":false,"footnotes":""},"class_list":["post-127464","page","type-page","status-publish","hentry"],"acf":[],"yoast_head":"<!-- This site is optimized with the Yoast SEO plugin v26.6 - https:\/\/yoast.com\/wordpress\/plugins\/seo\/ -->\n<title>Cookiepolitik | DHG<\/title>\n<meta name=\"robots\" content=\"index, follow, max-snippet:-1, max-image-preview:large, max-video-preview:-1\" \/>\n<link rel=\"canonical\" href=\"https:\/\/www.directhealthcaregroup.com\/da\/cookiepolitik\/\" \/>\n<meta property=\"og:locale\" content=\"da_DK\" \/>\n<meta property=\"og:type\" content=\"article\" \/>\n<meta property=\"og:title\" content=\"Cookiepolitik | DHG\" \/>\n<meta property=\"og:description\" content=\"Dette websted bruger cookies \u2013 sm\u00e5 tekstfiler, der placeres p\u00e5 din computer for at hj\u00e6lpe webstedet med at give en bedre brugeroplevelse. Generelt bruges cookies til at bevare brugerpr\u00e6ferencer, gemme oplysninger om ting som indk\u00f8bsvogne og levere anonymiserede sporingsdata til tredjepartsapplikationer som f.eks. Google Analytics. Som regel vil cookies g\u00f8re din browseroplevelse bedre. Du kan &hellip; Continued\" \/>\n<meta property=\"og:url\" content=\"https:\/\/www.directhealthcaregroup.com\/da\/cookiepolitik\/\" \/>\n<meta property=\"og:site_name\" content=\"DHG\" \/>\n<meta name=\"twitter:card\" content=\"summary_large_image\" \/>\n<meta name=\"twitter:label1\" content=\"Est. reading time\" \/>\n\t<meta name=\"twitter:data1\" content=\"1 minute\" \/>\n<script type=\"application\/ld+json\" class=\"yoast-schema-graph\">{\"@context\":\"https:\/\/schema.org\",\"@graph\":[{\"@type\":\"WebPage\",\"@id\":\"https:\/\/www.directhealthcaregroup.com\/da\/cookiepolitik\/\",\"url\":\"https:\/\/www.directhealthcaregroup.com\/da\/cookiepolitik\/\",\"name\":\"Cookiepolitik | DHG\",\"isPartOf\":{\"@id\":\"https:\/\/www.directhealthcaregroup.com\/#website\"},\"datePublished\":\"2021-01-11T22:26:56+00:00\",\"breadcrumb\":{\"@id\":\"https:\/\/www.directhealthcaregroup.com\/da\/cookiepolitik\/#breadcrumb\"},\"inLanguage\":\"da-DK\",\"potentialAction\":[{\"@type\":\"ReadAction\",\"target\":[\"https:\/\/www.directhealthcaregroup.com\/da\/cookiepolitik\/\"]}]},{\"@type\":\"BreadcrumbList\",\"@id\":\"https:\/\/www.directhealthcaregroup.com\/da\/cookiepolitik\/#breadcrumb\",\"itemListElement\":[{\"@type\":\"ListItem\",\"position\":1,\"name\":\"Home\",\"item\":\"https:\/\/www.directhealthcaregroup.com\/da\/\"},{\"@type\":\"ListItem\",\"position\":2,\"name\":\"Cookiepolitik\"}]},{\"@type\":\"WebSite\",\"@id\":\"https:\/\/www.directhealthcaregroup.com\/#website\",\"url\":\"https:\/\/www.directhealthcaregroup.com\/\",\"name\":\"DHG\",\"description\":\"Moving Health Forward\",\"publisher\":{\"@id\":\"https:\/\/www.directhealthcaregroup.com\/#organization\"},\"potentialAction\":[{\"@type\":\"SearchAction\",\"target\":{\"@type\":\"EntryPoint\",\"urlTemplate\":\"https:\/\/www.directhealthcaregroup.com\/?s={search_term_string}\"},\"query-input\":{\"@type\":\"PropertyValueSpecification\",\"valueRequired\":true,\"valueName\":\"search_term_string\"}}],\"inLanguage\":\"da-DK\"},{\"@type\":\"Organization\",\"@id\":\"https:\/\/www.directhealthcaregroup.com\/#organization\",\"name\":\"Direct Healthcare Group\",\"url\":\"https:\/\/www.directhealthcaregroup.com\/\",\"logo\":{\"@type\":\"ImageObject\",\"inLanguage\":\"da-DK\",\"@id\":\"https:\/\/www.directhealthcaregroup.com\/#\/schema\/logo\/image\/\",\"url\":\"https:\/\/directhealthcaregroup.com\/app\/uploads\/dhg-logo.png\",\"contentUrl\":\"https:\/\/directhealthcaregroup.com\/app\/uploads\/dhg-logo.png\",\"width\":556,\"height\":240,\"caption\":\"Direct Healthcare Group\"},\"image\":{\"@id\":\"https:\/\/www.directhealthcaregroup.com\/#\/schema\/logo\/image\/\"}}]}<\/script>\n<!-- \/ Yoast SEO plugin. -->","yoast_head_json":{"title":"Cookiepolitik | DHG","robots":{"index":"index","follow":"follow","max-snippet":"max-snippet:-1","max-image-preview":"max-image-preview:large","max-video-preview":"max-video-preview:-1"},"canonical":"https:\/\/www.directhealthcaregroup.com\/da\/cookiepolitik\/","og_locale":"da_DK","og_type":"article","og_title":"Cookiepolitik | DHG","og_description":"Dette websted bruger cookies \u2013 sm\u00e5 tekstfiler, der placeres p\u00e5 din computer for at hj\u00e6lpe webstedet med at give en bedre brugeroplevelse. Generelt bruges cookies til at bevare brugerpr\u00e6ferencer, gemme oplysninger om ting som indk\u00f8bsvogne og levere anonymiserede sporingsdata til tredjepartsapplikationer som f.eks. Google Analytics. Som regel vil cookies g\u00f8re din browseroplevelse bedre. Du kan &hellip; Continued","og_url":"https:\/\/www.directhealthcaregroup.com\/da\/cookiepolitik\/","og_site_name":"DHG","twitter_card":"summary_large_image","twitter_misc":{"Est. reading time":"1 minute"},"schema":{"@context":"https:\/\/schema.org","@graph":[{"@type":"WebPage","@id":"https:\/\/www.directhealthcaregroup.com\/da\/cookiepolitik\/","url":"https:\/\/www.directhealthcaregroup.com\/da\/cookiepolitik\/","name":"Cookiepolitik | DHG","isPartOf":{"@id":"https:\/\/www.directhealthcaregroup.com\/#website"},"datePublished":"2021-01-11T22:26:56+00:00","breadcrumb":{"@id":"https:\/\/www.directhealthcaregroup.com\/da\/cookiepolitik\/#breadcrumb"},"inLanguage":"da-DK","potentialAction":[{"@type":"ReadAction","target":["https:\/\/www.directhealthcaregroup.com\/da\/cookiepolitik\/"]}]},{"@type":"BreadcrumbList","@id":"https:\/\/www.directhealthcaregroup.com\/da\/cookiepolitik\/#breadcrumb","itemListElement":[{"@type":"ListItem","position":1,"name":"Home","item":"https:\/\/www.directhealthcaregroup.com\/da\/"},{"@type":"ListItem","position":2,"name":"Cookiepolitik"}]},{"@type":"WebSite","@id":"https:\/\/www.directhealthcaregroup.com\/#website","url":"https:\/\/www.directhealthcaregroup.com\/","name":"DHG","description":"Moving Health Forward","publisher":{"@id":"https:\/\/www.directhealthcaregroup.com\/#organization"},"potentialAction":[{"@type":"SearchAction","target":{"@type":"EntryPoint","urlTemplate":"https:\/\/www.directhealthcaregroup.com\/?s={search_term_string}"},"query-input":{"@type":"PropertyValueSpecification","valueRequired":true,"valueName":"search_term_string"}}],"inLanguage":"da-DK"},{"@type":"Organization","@id":"https:\/\/www.directhealthcaregroup.com\/#organization","name":"Direct Healthcare Group","url":"https:\/\/www.directhealthcaregroup.com\/","logo":{"@type":"ImageObject","inLanguage":"da-DK","@id":"https:\/\/www.directhealthcaregroup.com\/#\/schema\/logo\/image\/","url":"https:\/\/directhealthcaregroup.com\/app\/uploads\/dhg-logo.png","contentUrl":"https:\/\/directhealthcaregroup.com\/app\/uploads\/dhg-logo.png","width":556,"height":240,"caption":"Direct Healthcare Group"},"image":{"@id":"https:\/\/www.directhealthcaregroup.com\/#\/schema\/logo\/image\/"}}]}},"_links":{"self":[{"href":"https:\/\/www.directhealthcaregroup.com\/da\/wp-json\/wp\/v2\/pages\/127464","targetHints":{"allow":["GET"]}}],"collection":[{"href":"https:\/\/www.directhealthcaregroup.com\/da\/wp-json\/wp\/v2\/pages"}],"about":[{"href":"https:\/\/www.directhealthcaregroup.com\/da\/wp-json\/wp\/v2\/types\/page"}],"author":[{"embeddable":true,"href":"https:\/\/www.directhealthcaregroup.com\/da\/wp-json\/wp\/v2\/users\/1"}],"replies":[{"embeddable":true,"href":"https:\/\/www.directhealthcaregroup.com\/da\/wp-json\/wp\/v2\/comments?post=127464"}],"version-history":[{"count":0,"href":"https:\/\/www.directhealthcaregroup.com\/da\/wp-json\/wp\/v2\/pages\/127464\/revisions"}],"wp:attachment":[{"href":"https:\/\/www.directhealthcaregroup.com\/da\/wp-json\/wp\/v2\/media?parent=127464"}],"curies":[{"name":"wp","href":"https:\/\/api.w.org\/{rel}","templated":true}]}}