{"id":127465,"date":"2021-01-11T22:26:57","date_gmt":"2021-01-11T22:26:57","guid":{"rendered":"https:\/\/www.directhealthcaregroup.com\/cookies\/"},"modified":"2021-01-11T22:26:57","modified_gmt":"2021-01-11T22:26:57","slug":"cookies","status":"publish","type":"page","link":"https:\/\/www.directhealthcaregroup.com\/da\/cookies\/","title":{"rendered":"Cookies"},"content":{"rendered":"<h2>Direct Healthcare Groups brug af cookies<\/h2>\n<p>Cookies er sm\u00e5 tekstfiler, der placeres p\u00e5 din computer af websteder, som du bes\u00f8ger. Disse er almindeligt anvendt, s\u00e5 websteder kan arbejde mere effektivt og give brugeren en st\u00f8rre webstedsoplevelse. I tabellen nedenfor forklares de cookies, vi bruger, og hvorfor.<\/p>\n<table>\n<tbody>\n<tr>\n<th>Cookienavn(e)<\/th>\n<th>Form\u00e5l<\/th>\n<\/tr>\n<tr>\n<td>PHPSESSID<\/td>\n<td>For at gemme en enkel meddelelse, n\u00e5r en formular sendes, som kan vises p\u00e5 en anden side.<\/p>\n<p>Hvis en foresp\u00f8rgselsformular f.eks. er udfyldt forkert, gemmes og vises en meddelelse for brugeren for at angive fejlene i indsendelsen.<\/p>\n<p>N\u00e5r en foresp\u00f8rgselsformular er sendt korrekt, gemmes og vises en meddelelse for brugeren, der takker dem for deres foresp\u00f8rgsel.<\/p>\n<p>Der gemmes ingen personlige oplysninger i denne cookie.<\/td>\n<\/tr>\n<tr>\n<td>_ga<br \/>\n_gat_gtag_UA_112417324_1<br \/>\n_gid<\/td>\n<td>Disse cookies bruges til at indsamle oplysninger om, hvordan bes\u00f8gende bruger vores websted. Vi bruger oplysningerne til at udarbejde rapporter og som hj\u00e6lp til at forbedre webstedet. Cookies indsamler oplysninger i en anonym form, herunder antallet af bes\u00f8gende p\u00e5 webstedet, hvor bes\u00f8gende er kommet til webstedet fra og de sider, de har bes\u00f8gt.<\/td>\n<\/tr>\n<tr>\n<td>_icl_current_admin_language<\/td>\n<td>Indeholder og gemmer brugerens valgte sprog.<\/td>\n<\/tr>\n<tr>\n<td>catAccCookies<\/td>\n<td>Plugin til cookiesamtykke gemmer accept af webstedet ved hj\u00e6lp af cookies.<\/td>\n<\/tr>\n<tr>\n<td>wfvt_1364421074<br \/>\nwfvt_3564428866<\/td>\n<td>Disse cookies indeholder oplysninger om din generelle geografiske placering og bruges f.eks. til at huske din tidszone. Disse cookies slettes automatisk, n\u00e5r du forlader hjemmesiden.<\/td>\n<\/tr>\n<tr>\n<td>wordfence_verifiedHuman<\/td>\n<td>En cookie, der er indstillet af Wordfence Security WordPress-plugin&#8217;et for at beskytte webstedet mod ondsindede angreb.<\/td>\n<\/tr>\n<tr>\n<td>wordpress_test_cookie<\/td>\n<td>WordPress indstiller denne cookie, n\u00e5r du navigerer til loginsiden. Cookien bruges til at unders\u00f8ge, om din webbrowser er indstillet til at tillade eller afvise cookies.<\/td>\n<\/tr>\n<\/tbody>\n<\/table>\n<p>&nbsp;<\/p>\n","protected":false},"excerpt":{"rendered":"<p>Direct Healthcare Groups brug af cookies Cookies er sm\u00e5 tekstfiler, der placeres p\u00e5 din computer af websteder, som du bes\u00f8ger. Disse er almindeligt anvendt, s\u00e5 websteder kan arbejde mere effektivt og give brugeren en st\u00f8rre webstedsoplevelse. I tabellen nedenfor forklares de cookies, vi bruger, og hvorfor. Cookienavn(e) Form\u00e5l PHPSESSID For at gemme en enkel meddelelse, &hellip; <a href=\"https:\/\/www.directhealthcaregroup.com\/da\/cookies\/\">Continued<\/a><\/p>\n","protected":false},"author":2,"featured_media":0,"parent":0,"menu_order":0,"comment_status":"closed","ping_status":"closed","template":"","meta":{"_acf_changed":false,"footnotes":""},"class_list":["post-127465","page","type-page","status-publish","hentry"],"acf":[],"yoast_head":"<!-- This site is optimized with the Yoast SEO plugin v27.4 - https:\/\/yoast.com\/product\/yoast-seo-wordpress\/ -->\n<title>Cookies | DHG<\/title>\n<meta name=\"robots\" content=\"index, follow, max-snippet:-1, max-image-preview:large, max-video-preview:-1\" \/>\n<link rel=\"canonical\" href=\"https:\/\/www.directhealthcaregroup.com\/da\/cookies\/\" \/>\n<meta property=\"og:locale\" content=\"da_DK\" \/>\n<meta property=\"og:type\" content=\"article\" \/>\n<meta property=\"og:title\" content=\"Cookies | DHG\" \/>\n<meta property=\"og:description\" content=\"Direct Healthcare Groups brug af cookies Cookies er sm\u00e5 tekstfiler, der placeres p\u00e5 din computer af websteder, som du bes\u00f8ger. Disse er almindeligt anvendt, s\u00e5 websteder kan arbejde mere effektivt og give brugeren en st\u00f8rre webstedsoplevelse. I tabellen nedenfor forklares de cookies, vi bruger, og hvorfor. Cookienavn(e) Form\u00e5l PHPSESSID For at gemme en enkel meddelelse, &hellip; Continued\" \/>\n<meta property=\"og:url\" content=\"https:\/\/www.directhealthcaregroup.com\/da\/cookies\/\" \/>\n<meta property=\"og:site_name\" content=\"DHG\" \/>\n<meta name=\"twitter:card\" content=\"summary_large_image\" \/>\n<meta name=\"twitter:label1\" content=\"Est. reading time\" \/>\n\t<meta name=\"twitter:data1\" content=\"1 minute\" \/>\n<script type=\"application\/ld+json\" class=\"yoast-schema-graph\">{\"@context\":\"https:\\\/\\\/schema.org\",\"@graph\":[{\"@type\":\"WebPage\",\"@id\":\"https:\\\/\\\/www.directhealthcaregroup.com\\\/da\\\/cookies\\\/\",\"url\":\"https:\\\/\\\/www.directhealthcaregroup.com\\\/da\\\/cookies\\\/\",\"name\":\"Cookies | DHG\",\"isPartOf\":{\"@id\":\"https:\\\/\\\/www.directhealthcaregroup.com\\\/#website\"},\"datePublished\":\"2021-01-11T22:26:57+00:00\",\"breadcrumb\":{\"@id\":\"https:\\\/\\\/www.directhealthcaregroup.com\\\/da\\\/cookies\\\/#breadcrumb\"},\"inLanguage\":\"da-DK\",\"potentialAction\":[{\"@type\":\"ReadAction\",\"target\":[\"https:\\\/\\\/www.directhealthcaregroup.com\\\/da\\\/cookies\\\/\"]}]},{\"@type\":\"BreadcrumbList\",\"@id\":\"https:\\\/\\\/www.directhealthcaregroup.com\\\/da\\\/cookies\\\/#breadcrumb\",\"itemListElement\":[{\"@type\":\"ListItem\",\"position\":1,\"name\":\"Home\",\"item\":\"https:\\\/\\\/www.directhealthcaregroup.com\\\/da\\\/\"},{\"@type\":\"ListItem\",\"position\":2,\"name\":\"Cookies\"}]},{\"@type\":\"WebSite\",\"@id\":\"https:\\\/\\\/www.directhealthcaregroup.com\\\/#website\",\"url\":\"https:\\\/\\\/www.directhealthcaregroup.com\\\/\",\"name\":\"DHG\",\"description\":\"Moving Health Forward\",\"publisher\":{\"@id\":\"https:\\\/\\\/www.directhealthcaregroup.com\\\/#organization\"},\"potentialAction\":[{\"@type\":\"SearchAction\",\"target\":{\"@type\":\"EntryPoint\",\"urlTemplate\":\"https:\\\/\\\/www.directhealthcaregroup.com\\\/?s={search_term_string}\"},\"query-input\":{\"@type\":\"PropertyValueSpecification\",\"valueRequired\":true,\"valueName\":\"search_term_string\"}}],\"inLanguage\":\"da-DK\"},{\"@type\":\"Organization\",\"@id\":\"https:\\\/\\\/www.directhealthcaregroup.com\\\/#organization\",\"name\":\"Direct Healthcare Group\",\"url\":\"https:\\\/\\\/www.directhealthcaregroup.com\\\/\",\"logo\":{\"@type\":\"ImageObject\",\"inLanguage\":\"da-DK\",\"@id\":\"https:\\\/\\\/www.directhealthcaregroup.com\\\/#\\\/schema\\\/logo\\\/image\\\/\",\"url\":\"https:\\\/\\\/directhealthcaregroup.com\\\/app\\\/uploads\\\/dhg-logo.png\",\"contentUrl\":\"https:\\\/\\\/directhealthcaregroup.com\\\/app\\\/uploads\\\/dhg-logo.png\",\"width\":556,\"height\":240,\"caption\":\"Direct Healthcare Group\"},\"image\":{\"@id\":\"https:\\\/\\\/www.directhealthcaregroup.com\\\/#\\\/schema\\\/logo\\\/image\\\/\"}}]}<\/script>\n<!-- \/ Yoast SEO plugin. -->","yoast_head_json":{"title":"Cookies | DHG","robots":{"index":"index","follow":"follow","max-snippet":"max-snippet:-1","max-image-preview":"max-image-preview:large","max-video-preview":"max-video-preview:-1"},"canonical":"https:\/\/www.directhealthcaregroup.com\/da\/cookies\/","og_locale":"da_DK","og_type":"article","og_title":"Cookies | DHG","og_description":"Direct Healthcare Groups brug af cookies Cookies er sm\u00e5 tekstfiler, der placeres p\u00e5 din computer af websteder, som du bes\u00f8ger. Disse er almindeligt anvendt, s\u00e5 websteder kan arbejde mere effektivt og give brugeren en st\u00f8rre webstedsoplevelse. I tabellen nedenfor forklares de cookies, vi bruger, og hvorfor. Cookienavn(e) Form\u00e5l PHPSESSID For at gemme en enkel meddelelse, &hellip; Continued","og_url":"https:\/\/www.directhealthcaregroup.com\/da\/cookies\/","og_site_name":"DHG","twitter_card":"summary_large_image","twitter_misc":{"Est. reading time":"1 minute"},"schema":{"@context":"https:\/\/schema.org","@graph":[{"@type":"WebPage","@id":"https:\/\/www.directhealthcaregroup.com\/da\/cookies\/","url":"https:\/\/www.directhealthcaregroup.com\/da\/cookies\/","name":"Cookies | DHG","isPartOf":{"@id":"https:\/\/www.directhealthcaregroup.com\/#website"},"datePublished":"2021-01-11T22:26:57+00:00","breadcrumb":{"@id":"https:\/\/www.directhealthcaregroup.com\/da\/cookies\/#breadcrumb"},"inLanguage":"da-DK","potentialAction":[{"@type":"ReadAction","target":["https:\/\/www.directhealthcaregroup.com\/da\/cookies\/"]}]},{"@type":"BreadcrumbList","@id":"https:\/\/www.directhealthcaregroup.com\/da\/cookies\/#breadcrumb","itemListElement":[{"@type":"ListItem","position":1,"name":"Home","item":"https:\/\/www.directhealthcaregroup.com\/da\/"},{"@type":"ListItem","position":2,"name":"Cookies"}]},{"@type":"WebSite","@id":"https:\/\/www.directhealthcaregroup.com\/#website","url":"https:\/\/www.directhealthcaregroup.com\/","name":"DHG","description":"Moving Health Forward","publisher":{"@id":"https:\/\/www.directhealthcaregroup.com\/#organization"},"potentialAction":[{"@type":"SearchAction","target":{"@type":"EntryPoint","urlTemplate":"https:\/\/www.directhealthcaregroup.com\/?s={search_term_string}"},"query-input":{"@type":"PropertyValueSpecification","valueRequired":true,"valueName":"search_term_string"}}],"inLanguage":"da-DK"},{"@type":"Organization","@id":"https:\/\/www.directhealthcaregroup.com\/#organization","name":"Direct Healthcare Group","url":"https:\/\/www.directhealthcaregroup.com\/","logo":{"@type":"ImageObject","inLanguage":"da-DK","@id":"https:\/\/www.directhealthcaregroup.com\/#\/schema\/logo\/image\/","url":"https:\/\/directhealthcaregroup.com\/app\/uploads\/dhg-logo.png","contentUrl":"https:\/\/directhealthcaregroup.com\/app\/uploads\/dhg-logo.png","width":556,"height":240,"caption":"Direct Healthcare Group"},"image":{"@id":"https:\/\/www.directhealthcaregroup.com\/#\/schema\/logo\/image\/"}}]}},"_links":{"self":[{"href":"https:\/\/www.directhealthcaregroup.com\/da\/wp-json\/wp\/v2\/pages\/127465","targetHints":{"allow":["GET"]}}],"collection":[{"href":"https:\/\/www.directhealthcaregroup.com\/da\/wp-json\/wp\/v2\/pages"}],"about":[{"href":"https:\/\/www.directhealthcaregroup.com\/da\/wp-json\/wp\/v2\/types\/page"}],"author":[{"embeddable":true,"href":"https:\/\/www.directhealthcaregroup.com\/da\/wp-json\/wp\/v2\/users\/2"}],"replies":[{"embeddable":true,"href":"https:\/\/www.directhealthcaregroup.com\/da\/wp-json\/wp\/v2\/comments?post=127465"}],"version-history":[{"count":0,"href":"https:\/\/www.directhealthcaregroup.com\/da\/wp-json\/wp\/v2\/pages\/127465\/revisions"}],"wp:attachment":[{"href":"https:\/\/www.directhealthcaregroup.com\/da\/wp-json\/wp\/v2\/media?parent=127465"}],"curies":[{"name":"wp","href":"https:\/\/api.w.org\/{rel}","templated":true}]}}