{"id":127466,"date":"2021-01-11T22:26:57","date_gmt":"2021-01-11T22:26:57","guid":{"rendered":"https:\/\/www.directhealthcaregroup.com\/tilbehoer\/"},"modified":"2021-01-11T22:26:57","modified_gmt":"2021-01-11T22:26:57","slug":"tilbehoer","status":"publish","type":"page","link":"https:\/\/www.directhealthcaregroup.com\/da\/tilbehoer\/","title":{"rendered":"Tilbeh\u00f8r"},"content":{"rendered":"<p>Et bredt udvalg af tilbeh\u00f8r kan f\u00e5s som supplement til vores sortiment af specials\u00e6der og levere yderligere st\u00f8tte.<\/p>\n<h3>Puder, hovedst\u00f8tter og hynder<\/h3>\n<h4>V\u00e6gtet hovedpude<\/h4>\n<p><img loading=\"lazy\" decoding=\"async\" class=\"alignnone wp-image-106111\" src=\"https:\/\/www.directhealthcaregroup.com\/app\/uploads\/Weighted-Head-Pillow.jpg\" alt=\"V\u00e6gtet hovedpude\" width=\"130\" height=\"130\" srcset=\"https:\/\/www.directhealthcaregroup.com\/app\/uploads\/Weighted-Head-Pillow.jpg 200w, https:\/\/www.directhealthcaregroup.com\/app\/uploads\/Weighted-Head-Pillow-150x150.jpg 150w\" sizes=\"auto, (max-width: 130px) 100vw, 130px\" \/><\/p>\n<p>Den v\u00e6gtede hovedpude kan bruges sammen med mange specials\u00e6der i vores sortiment. V\u00e6gten holder puden p\u00e5 plads, s\u00e5 den kan justeres til en passende h\u00f8jde for brugeren.<\/p>\n<p>&nbsp;<\/p>\n<h4>V\u00e6gtet halspude<\/h4>\n<p><img loading=\"lazy\" decoding=\"async\" class=\"alignnone wp-image-106115\" src=\"https:\/\/www.directhealthcaregroup.com\/app\/uploads\/Weighted-Neck-Cushion.jpg\" alt=\"V\u00e6gtet halspude\" width=\"130\" height=\"130\" srcset=\"https:\/\/www.directhealthcaregroup.com\/app\/uploads\/Weighted-Neck-Cushion.jpg 200w, https:\/\/www.directhealthcaregroup.com\/app\/uploads\/Weighted-Neck-Cushion-150x150.jpg 150w\" sizes=\"auto, (max-width: 130px) 100vw, 130px\" \/><\/p>\n<p>Den v\u00e6gtede halspude kan bruges sammen med mange specials\u00e6der i vores sortiment. V\u00e6gten holder puden p\u00e5 plads, s\u00e5 den kan justeres til en passende h\u00f8jde for brugeren.<\/p>\n<p>&nbsp;<\/p>\n<h4>V\u00e6gtet nakkest\u00f8tte<\/h4>\n<p><img loading=\"lazy\" decoding=\"async\" class=\"alignnone wp-image-106120\" src=\"https:\/\/www.directhealthcaregroup.com\/app\/uploads\/Weighted-Neck-Support.jpg\" alt=\"\" width=\"130\" height=\"130\" srcset=\"https:\/\/www.directhealthcaregroup.com\/app\/uploads\/Weighted-Neck-Support.jpg 200w, https:\/\/www.directhealthcaregroup.com\/app\/uploads\/Weighted-Neck-Support-150x150.jpg 150w\" sizes=\"auto, (max-width: 130px) 100vw, 130px\" \/><\/p>\n<p>Den v\u00e6gtede nakkest\u00f8tte kan bruges sammen med mange specials\u00e6der i vores sortiment. V\u00e6gten holder puden p\u00e5 plads, s\u00e5 den kan justeres til en passende h\u00f8jde for brugeren.<\/p>\n<p>&nbsp;<\/p>\n<h4>V\u00e6gtet universel hovedst\u00f8tte<\/h4>\n<p><img loading=\"lazy\" decoding=\"async\" class=\"alignnone wp-image-106125\" src=\"https:\/\/www.directhealthcaregroup.com\/app\/uploads\/Weighted-Universal-Headrest.jpg\" alt=\"\" width=\"130\" height=\"130\" srcset=\"https:\/\/www.directhealthcaregroup.com\/app\/uploads\/Weighted-Universal-Headrest.jpg 200w, https:\/\/www.directhealthcaregroup.com\/app\/uploads\/Weighted-Universal-Headrest-150x150.jpg 150w\" sizes=\"auto, (max-width: 130px) 100vw, 130px\" \/><\/p>\n<p>Den v\u00e6gtede universelle hovedst\u00f8tte er designet til brug med de fleste specials\u00e6der i vores sortiment. Det buede design betyder, at hovedst\u00f8tten underst\u00f8tter hovedet komfortabelt, mens v\u00e6gten holder puden p\u00e5 plads, s\u00e5 den kan justeres til en passende h\u00f8jde for brugeren.<\/p>\n<p>&nbsp;<\/p>\n<p>&nbsp;<\/p>\n<h3>Positionere og hofteseler<\/h3>\n<h4>B\u00e6kkenpositioner<\/h4>\n<p><img loading=\"lazy\" decoding=\"async\" class=\"alignnone wp-image-106130\" src=\"https:\/\/www.directhealthcaregroup.com\/app\/uploads\/Pelvic-Positioner.jpg\" alt=\"\" width=\"130\" height=\"79\"\/><\/p>\n<p>B\u00e6kkenpositioneren er beregnet til personer, der sidder i l\u00e6ngere tid, eller til personer med problemer knyttet til kropsholdning. B\u00e6kkenpositioneren kan bruges sammen med en r\u00e6kke specialiserede og traditionelle s\u00e6desystemer for at give en f\u00f8lelse af sikkerhed og beskytte mod utilsigtet personskade.<\/p>\n<p>B\u00e6kkenpositioneren er egnet til f\u00f8lgende brugere:<\/p>\n<ul>\n<li>Brugere, der har brug for postural st\u00f8tte<\/li>\n<li>Brugere, der har tendens til at l\u00e6ne sig eller glide fremad, n\u00e5r de sidder<\/li>\n<\/ul>\n<p>B\u00e6kkenpositioneren er ikke egnet til f\u00f8lgende brugere:<\/p>\n<ul>\n<li>Brugere med anfald, spasmer og st\u00e6rke bev\u00e6gelser (medmindre det er specificeret efter klinisk vurdering)<\/li>\n<\/ul>\n<p>B\u00e6kkenpositioneren er monteret p\u00e5 stolen ved hj\u00e6lp af en fastg\u00f8relse med D-ring. D-ringene kan eftermonteres p\u00e5 nogle stole. Kontakt vores kundeserviceafdeling p\u00e5 0800 043 0881 for at f\u00e5 bekr\u00e6ftet, om din stol er egnet til dette produkt.<\/p>\n<p>&nbsp;<\/p>\n<h4>Fleeceforet b\u00e6kkenpositioner<\/h4>\n<p><img loading=\"lazy\" decoding=\"async\" class=\"alignnone wp-image-106135\" src=\"https:\/\/www.directhealthcaregroup.com\/app\/uploads\/Fleece-Lined-Pelvic-Positioner.jpg\" alt=\"\" width=\"130\" height=\"79\"\/><\/p>\n<p>Den fleeceforede b\u00e6kkenpositioner er beregnet til personer, der sidder i l\u00e6ngere tid, eller til personer med problemer knyttet til kropsholdning. Den fleeceforede b\u00e6kkenpositioner kan bruges sammen med en r\u00e6kke specialiserede og traditionelle s\u00e6desystemer for at give en f\u00f8lelse af sikkerhed og beskytte mod utilsigtet personskade.<\/p>\n<p>Den fleeceforede b\u00e6kkenpositioner er egnet til f\u00f8lgende brugere:<\/p>\n<ul>\n<li>Brugere, der har brug for postural st\u00f8tte<\/li>\n<li>Brugere, der har tendens til at l\u00e6ne sig eller glide fremad, n\u00e5r de sidder<\/li>\n<\/ul>\n<p>Den fleeceforede b\u00e6kkenpositioner er ikke egnet til f\u00f8lgende brugere:<\/p>\n<ul>\n<li>Brugere med anfald, spasmer og st\u00e6rke bev\u00e6gelser (medmindre det er specificeret efter klinisk vurdering)<\/li>\n<\/ul>\n<p>Den fleeceforede b\u00e6kkenpositioner er monteret p\u00e5 stolen ved hj\u00e6lp af en fastg\u00f8relse med D-ring. D-ringene kan eftermonteres p\u00e5 nogle stole. Kontakt vores kundeserviceafdeling p\u00e5 0800 043 0881 for at f\u00e5 bekr\u00e6ftet, om din stol er egnet til dette produkt.<\/p>\n<p>&nbsp;<\/p>\n<h4>Hoftesele<\/h4>\n<p><img loading=\"lazy\" decoding=\"async\" class=\"alignnone wp-image-106140\" src=\"https:\/\/www.directhealthcaregroup.com\/app\/uploads\/\/Lap-Belt-300x195.jpg\" alt=\"\" width=\"130\" height=\"85\" srcset=\"https:\/\/www.directhealthcaregroup.com\/app\/uploads\/Lap-Belt-300x195.jpg 300w, https:\/\/www.directhealthcaregroup.com\/app\/uploads\/Lap-Belt.jpg 307w\" sizes=\"auto, (max-width: 130px) 100vw, 130px\" \/><\/p>\n<p>Hofteselen arbejder sammen med s\u00e6der for at fastholde stillingen for personer, der har brug for ekstra b\u00e6kkenst\u00f8tte. Selen er med til at fastholde b\u00e6kkenets position for at forhindre uhensigtsm\u00e6ssig rotation, glidning eller bev\u00e6gelse.<\/p>\n<p>Hofteselen er med til at stabilisere b\u00e6kkenet og placere brugeren bagest i stolen for at opn\u00e5 en god siddestilling og reducere risikoen for v\u00e6vsskader gennem forskydningsvirkninger, der kan opst\u00e5, hvis brugeren har en ustabil stilling.<\/p>\n<p>Hofteselen er nem at montere og justere, og giver plejeren ro i sindet og reducerer risikoen for personskade for brugeren.<\/p>\n<p>Hofteselen er egnet til f\u00f8lgende anvendelser:<\/p>\n<ul>\n<li>Beskyttelse mod personskade<\/li>\n<li>Giver en f\u00f8lelse af sikkerhed<\/li>\n<li>For personer med tendens til at l\u00e6ne sig fremad, n\u00e5r de sidder<\/li>\n<li>Til brug med hovedparten af Kirton-specials\u00e6der<\/li>\n<\/ul>\n<p>Hofteselen er ikke egnet til f\u00f8lgende brugere:<\/p>\n<ul>\n<li>Brugere med anfald, spasmer og st\u00e6rke bev\u00e6gelser (medmindre det er specificeret efter klinisk vurdering)<\/li>\n<li>Brugere, der sandsynligvis vil glide ned i stolen<\/li>\n<\/ul>\n<p>Hofteselen er monteret p\u00e5 stolen ved hj\u00e6lp af en fastg\u00f8relse med D-ring. D-ringene kan eftermonteres p\u00e5 nogle stole. Kontakt vores kundeserviceafdeling p\u00e5 0800 043 0881 for at f\u00e5 bekr\u00e6ftet, om din stol er egnet til dette produkt.<\/p>\n<p>&nbsp;<\/p>\n<p>&nbsp;<\/p>\n<h3>Bakker<\/h3>\n<h4>Universal mobilbakke<\/h4>\n<p>&nbsp;<\/p>\n<p><img loading=\"lazy\" decoding=\"async\" class=\"alignnone wp-image-106145\" src=\"https:\/\/www.directhealthcaregroup.com\/app\/uploads\/Universal-Mobile-Tray-1.jpg\" alt=\"\" width=\"130\" height=\"130\" srcset=\"https:\/\/www.directhealthcaregroup.com\/app\/uploads\/Universal-Mobile-Tray-1.jpg 200w, https:\/\/www.directhealthcaregroup.com\/app\/uploads\/Universal-Mobile-Tray-1-150x150.jpg 150w\" sizes=\"auto, (max-width: 130px) 100vw, 130px\" \/><\/p>\n<p>Den universelle mobilbakke har et fritst\u00e5ende design, der er placeret tv\u00e6rs hen over stolen. Hvis en person \u00f8nsker at komme ud af stolen, kan bakken ganske enkelt skubbes frem og v\u00e6k.<\/p>\n<p>Den er meget mobil, p\u00e5 40 mm dobbelthjul med en h\u00f8jdejustering mellem 630 mm og 900 mm. Den er velegnet til de fleste specials\u00e6der, s\u00e5 l\u00e6nge stolens samlede bredde ikke er st\u00f8rre end 725 mm.<\/p>\n<p>Den universelle mobilbakke giver mulighed for en forl\u00e6ngelse af benst\u00f8tten under bordpladen, hvor det er relevant.<\/p>\n<h4>Lamineret bakke<\/h4>\n<p>&nbsp;<\/p>\n<p><img loading=\"lazy\" decoding=\"async\" class=\"alignnone wp-image-106150\" src=\"https:\/\/www.directhealthcaregroup.com\/app\/uploads\/\/Laminated-Tray-205x300.jpg\" alt=\"\" width=\"130\" height=\"190\" srcset=\"https:\/\/www.directhealthcaregroup.com\/app\/uploads\/Laminated-Tray-205x300.jpg 205w, https:\/\/www.directhealthcaregroup.com\/app\/uploads\/Laminated-Tray-320x468.jpg 320w, https:\/\/www.directhealthcaregroup.com\/app\/uploads\/Laminated-Tray-153x223.jpg 153w, https:\/\/www.directhealthcaregroup.com\/app\/uploads\/Laminated-Tray.jpg 537w\" sizes=\"auto, (max-width: 130px) 100vw, 130px\" \/><\/p>\n<p>Den laminerede bakke er beregnet til brug sammen med Regent- og Stirling-stolene, men kan bruges sammen med andre stole i sortimentet af specials\u00e6der, og har velcro-remme til at fastholde bakken. Den kan nemt s\u00e6ttes p\u00e5 plads p\u00e5 stolen med remmene, mens brugeren er i siddende stilling. Bakken vejer 2 kg.<\/p>\n<p>&nbsp;<\/p>\n<h3>Tilbeh\u00f8r til h\u00e6vestole med indstillelig ryg<\/h3>\n<h4>D\u00e6kket mekanisme<\/h4>\n<p><img loading=\"lazy\" decoding=\"async\" class=\"alignnone wp-image-106155\" src=\"https:\/\/www.directhealthcaregroup.com\/app\/uploads\/Shrouded-Mechanism.jpg\" alt=\"\" width=\"130\" height=\"130\" srcset=\"https:\/\/www.directhealthcaregroup.com\/app\/uploads\/Shrouded-Mechanism.jpg 200w, https:\/\/www.directhealthcaregroup.com\/app\/uploads\/Shrouded-Mechanism-150x150.jpg 150w\" sizes=\"auto, (max-width: 130px) 100vw, 130px\" \/><\/p>\n<p>D\u00e6kkede mekanismer kan omsluttes af en polstret kappe, hvor der er risiko for, at b\u00f8rn eller k\u00e6ledyr kan kravle ind under stolen.<\/p>\n<h4>Tr\u00e6h\u00e5ndtag<\/h4>\n<p><img loading=\"lazy\" decoding=\"async\" class=\"alignnone wp-image-106160\" src=\"https:\/\/www.directhealthcaregroup.com\/app\/uploads\/Wooden-Handgrips.jpg\" alt=\"\" width=\"130\" height=\"130\" srcset=\"https:\/\/www.directhealthcaregroup.com\/app\/uploads\/Wooden-Handgrips.jpg 200w, https:\/\/www.directhealthcaregroup.com\/app\/uploads\/Wooden-Handgrips-150x150.jpg 150w\" sizes=\"auto, (max-width: 130px) 100vw, 130px\" \/><\/p>\n<p>Giv st\u00f8rre selvtillid, n\u00e5r brugeren rejser sig eller s\u00e6tter sig ned, da de er nemmere at holde i end de fuldt polstrede arme.<\/p>\n<h4>Aftagelig benst\u00f8ttepude<\/h4>\n<p><img loading=\"lazy\" decoding=\"async\" class=\"alignnone wp-image-106165\" src=\"https:\/\/www.directhealthcaregroup.com\/app\/uploads\/Detachable-Legrest-Pillow.jpg\" alt=\"\" width=\"130\" height=\"130\" srcset=\"https:\/\/www.directhealthcaregroup.com\/app\/uploads\/Detachable-Legrest-Pillow.jpg 200w, https:\/\/www.directhealthcaregroup.com\/app\/uploads\/Detachable-Legrest-Pillow-150x150.jpg 150w\" sizes=\"auto, (max-width: 130px) 100vw, 130px\" \/><\/p>\n<p>En aftagelig pude med hule fibre, der er sp\u00e6ndt omkring polstringen p\u00e5 den nedre sektion af benst\u00f8tten for at give ekstra bl\u00f8dhed og h\u00f8jde til den h\u00e6vede benst\u00f8tte.<\/p>\n<h4>Skridsikre glidestykker<\/h4>\n<p><img loading=\"lazy\" decoding=\"async\" class=\"alignnone wp-image-106170\" src=\"https:\/\/www.directhealthcaregroup.com\/app\/uploads\/Non-Slip-Glides.jpg\" alt=\"\" width=\"130\" height=\"130\" srcset=\"https:\/\/www.directhealthcaregroup.com\/app\/uploads\/Non-Slip-Glides.jpg 200w, https:\/\/www.directhealthcaregroup.com\/app\/uploads\/Non-Slip-Glides-150x150.jpg 150w\" sizes=\"auto, (max-width: 130px) 100vw, 130px\" \/><\/p>\n<p>Disse kan monteres for at forhindre, at stolen bev\u00e6ger sig p\u00e5 et tr\u00e6-, laminat- eller vinylgulv.<\/p>\n","protected":false},"excerpt":{"rendered":"<p>Et bredt udvalg af tilbeh\u00f8r kan f\u00e5s som supplement til vores sortiment af specials\u00e6der og levere yderligere st\u00f8tte. Puder, hovedst\u00f8tter og hynder V\u00e6gtet hovedpude Den v\u00e6gtede hovedpude kan bruges sammen med mange specials\u00e6der i vores sortiment. V\u00e6gten holder puden p\u00e5 plads, s\u00e5 den kan justeres til en passende h\u00f8jde for brugeren. &nbsp; V\u00e6gtet halspude Den &hellip; <a href=\"https:\/\/www.directhealthcaregroup.com\/da\/tilbehoer\/\">Continued<\/a><\/p>\n","protected":false},"author":2,"featured_media":0,"parent":0,"menu_order":0,"comment_status":"closed","ping_status":"closed","template":"","meta":{"_acf_changed":false,"footnotes":""},"class_list":["post-127466","page","type-page","status-publish","hentry"],"acf":[],"yoast_head":"<!-- This site is optimized with the Yoast SEO plugin v27.4 - https:\/\/yoast.com\/product\/yoast-seo-wordpress\/ -->\n<title>Tilbeh\u00f8r | DHG<\/title>\n<meta name=\"robots\" content=\"index, follow, max-snippet:-1, max-image-preview:large, max-video-preview:-1\" \/>\n<link rel=\"canonical\" href=\"https:\/\/www.directhealthcaregroup.com\/da\/tilbehoer\/\" \/>\n<meta property=\"og:locale\" content=\"da_DK\" \/>\n<meta property=\"og:type\" content=\"article\" \/>\n<meta property=\"og:title\" content=\"Tilbeh\u00f8r | DHG\" \/>\n<meta property=\"og:description\" content=\"Et bredt udvalg af tilbeh\u00f8r kan f\u00e5s som supplement til vores sortiment af specials\u00e6der og levere yderligere st\u00f8tte. Puder, hovedst\u00f8tter og hynder V\u00e6gtet hovedpude Den v\u00e6gtede hovedpude kan bruges sammen med mange specials\u00e6der i vores sortiment. V\u00e6gten holder puden p\u00e5 plads, s\u00e5 den kan justeres til en passende h\u00f8jde for brugeren. &nbsp; V\u00e6gtet halspude Den &hellip; Continued\" \/>\n<meta property=\"og:url\" content=\"https:\/\/www.directhealthcaregroup.com\/da\/tilbehoer\/\" \/>\n<meta property=\"og:site_name\" content=\"DHG\" \/>\n<meta property=\"og:image\" content=\"https:\/\/www.directhealthcaregroup.com\/app\/uploads\/Weighted-Head-Pillow.jpg\" \/>\n<meta name=\"twitter:card\" content=\"summary_large_image\" \/>\n<meta name=\"twitter:label1\" content=\"Est. reading time\" \/>\n\t<meta name=\"twitter:data1\" content=\"5 minutes\" \/>\n<script type=\"application\/ld+json\" class=\"yoast-schema-graph\">{\"@context\":\"https:\\\/\\\/schema.org\",\"@graph\":[{\"@type\":\"WebPage\",\"@id\":\"https:\\\/\\\/www.directhealthcaregroup.com\\\/da\\\/tilbehoer\\\/\",\"url\":\"https:\\\/\\\/www.directhealthcaregroup.com\\\/da\\\/tilbehoer\\\/\",\"name\":\"Tilbeh\u00f8r | DHG\",\"isPartOf\":{\"@id\":\"https:\\\/\\\/www.directhealthcaregroup.com\\\/#website\"},\"primaryImageOfPage\":{\"@id\":\"https:\\\/\\\/www.directhealthcaregroup.com\\\/da\\\/tilbehoer\\\/#primaryimage\"},\"image\":{\"@id\":\"https:\\\/\\\/www.directhealthcaregroup.com\\\/da\\\/tilbehoer\\\/#primaryimage\"},\"thumbnailUrl\":\"https:\\\/\\\/www.directhealthcaregroup.com\\\/app\\\/uploads\\\/Weighted-Head-Pillow.jpg\",\"datePublished\":\"2021-01-11T22:26:57+00:00\",\"breadcrumb\":{\"@id\":\"https:\\\/\\\/www.directhealthcaregroup.com\\\/da\\\/tilbehoer\\\/#breadcrumb\"},\"inLanguage\":\"da-DK\",\"potentialAction\":[{\"@type\":\"ReadAction\",\"target\":[\"https:\\\/\\\/www.directhealthcaregroup.com\\\/da\\\/tilbehoer\\\/\"]}]},{\"@type\":\"ImageObject\",\"inLanguage\":\"da-DK\",\"@id\":\"https:\\\/\\\/www.directhealthcaregroup.com\\\/da\\\/tilbehoer\\\/#primaryimage\",\"url\":\"https:\\\/\\\/www.directhealthcaregroup.com\\\/app\\\/uploads\\\/Weighted-Head-Pillow.jpg\",\"contentUrl\":\"https:\\\/\\\/www.directhealthcaregroup.com\\\/app\\\/uploads\\\/Weighted-Head-Pillow.jpg\"},{\"@type\":\"BreadcrumbList\",\"@id\":\"https:\\\/\\\/www.directhealthcaregroup.com\\\/da\\\/tilbehoer\\\/#breadcrumb\",\"itemListElement\":[{\"@type\":\"ListItem\",\"position\":1,\"name\":\"Home\",\"item\":\"https:\\\/\\\/www.directhealthcaregroup.com\\\/da\\\/\"},{\"@type\":\"ListItem\",\"position\":2,\"name\":\"Tilbeh\u00f8r\"}]},{\"@type\":\"WebSite\",\"@id\":\"https:\\\/\\\/www.directhealthcaregroup.com\\\/#website\",\"url\":\"https:\\\/\\\/www.directhealthcaregroup.com\\\/\",\"name\":\"DHG\",\"description\":\"Moving Health Forward\",\"publisher\":{\"@id\":\"https:\\\/\\\/www.directhealthcaregroup.com\\\/#organization\"},\"potentialAction\":[{\"@type\":\"SearchAction\",\"target\":{\"@type\":\"EntryPoint\",\"urlTemplate\":\"https:\\\/\\\/www.directhealthcaregroup.com\\\/?s={search_term_string}\"},\"query-input\":{\"@type\":\"PropertyValueSpecification\",\"valueRequired\":true,\"valueName\":\"search_term_string\"}}],\"inLanguage\":\"da-DK\"},{\"@type\":\"Organization\",\"@id\":\"https:\\\/\\\/www.directhealthcaregroup.com\\\/#organization\",\"name\":\"Direct Healthcare Group\",\"url\":\"https:\\\/\\\/www.directhealthcaregroup.com\\\/\",\"logo\":{\"@type\":\"ImageObject\",\"inLanguage\":\"da-DK\",\"@id\":\"https:\\\/\\\/www.directhealthcaregroup.com\\\/#\\\/schema\\\/logo\\\/image\\\/\",\"url\":\"https:\\\/\\\/directhealthcaregroup.com\\\/app\\\/uploads\\\/dhg-logo.png\",\"contentUrl\":\"https:\\\/\\\/directhealthcaregroup.com\\\/app\\\/uploads\\\/dhg-logo.png\",\"width\":556,\"height\":240,\"caption\":\"Direct Healthcare Group\"},\"image\":{\"@id\":\"https:\\\/\\\/www.directhealthcaregroup.com\\\/#\\\/schema\\\/logo\\\/image\\\/\"}}]}<\/script>\n<!-- \/ Yoast SEO plugin. -->","yoast_head_json":{"title":"Tilbeh\u00f8r | DHG","robots":{"index":"index","follow":"follow","max-snippet":"max-snippet:-1","max-image-preview":"max-image-preview:large","max-video-preview":"max-video-preview:-1"},"canonical":"https:\/\/www.directhealthcaregroup.com\/da\/tilbehoer\/","og_locale":"da_DK","og_type":"article","og_title":"Tilbeh\u00f8r | DHG","og_description":"Et bredt udvalg af tilbeh\u00f8r kan f\u00e5s som supplement til vores sortiment af specials\u00e6der og levere yderligere st\u00f8tte. Puder, hovedst\u00f8tter og hynder V\u00e6gtet hovedpude Den v\u00e6gtede hovedpude kan bruges sammen med mange specials\u00e6der i vores sortiment. V\u00e6gten holder puden p\u00e5 plads, s\u00e5 den kan justeres til en passende h\u00f8jde for brugeren. &nbsp; V\u00e6gtet halspude Den &hellip; Continued","og_url":"https:\/\/www.directhealthcaregroup.com\/da\/tilbehoer\/","og_site_name":"DHG","og_image":[{"url":"https:\/\/www.directhealthcaregroup.com\/app\/uploads\/Weighted-Head-Pillow.jpg","type":"","width":"","height":""}],"twitter_card":"summary_large_image","twitter_misc":{"Est. reading time":"5 minutes"},"schema":{"@context":"https:\/\/schema.org","@graph":[{"@type":"WebPage","@id":"https:\/\/www.directhealthcaregroup.com\/da\/tilbehoer\/","url":"https:\/\/www.directhealthcaregroup.com\/da\/tilbehoer\/","name":"Tilbeh\u00f8r | DHG","isPartOf":{"@id":"https:\/\/www.directhealthcaregroup.com\/#website"},"primaryImageOfPage":{"@id":"https:\/\/www.directhealthcaregroup.com\/da\/tilbehoer\/#primaryimage"},"image":{"@id":"https:\/\/www.directhealthcaregroup.com\/da\/tilbehoer\/#primaryimage"},"thumbnailUrl":"https:\/\/www.directhealthcaregroup.com\/app\/uploads\/Weighted-Head-Pillow.jpg","datePublished":"2021-01-11T22:26:57+00:00","breadcrumb":{"@id":"https:\/\/www.directhealthcaregroup.com\/da\/tilbehoer\/#breadcrumb"},"inLanguage":"da-DK","potentialAction":[{"@type":"ReadAction","target":["https:\/\/www.directhealthcaregroup.com\/da\/tilbehoer\/"]}]},{"@type":"ImageObject","inLanguage":"da-DK","@id":"https:\/\/www.directhealthcaregroup.com\/da\/tilbehoer\/#primaryimage","url":"https:\/\/www.directhealthcaregroup.com\/app\/uploads\/Weighted-Head-Pillow.jpg","contentUrl":"https:\/\/www.directhealthcaregroup.com\/app\/uploads\/Weighted-Head-Pillow.jpg"},{"@type":"BreadcrumbList","@id":"https:\/\/www.directhealthcaregroup.com\/da\/tilbehoer\/#breadcrumb","itemListElement":[{"@type":"ListItem","position":1,"name":"Home","item":"https:\/\/www.directhealthcaregroup.com\/da\/"},{"@type":"ListItem","position":2,"name":"Tilbeh\u00f8r"}]},{"@type":"WebSite","@id":"https:\/\/www.directhealthcaregroup.com\/#website","url":"https:\/\/www.directhealthcaregroup.com\/","name":"DHG","description":"Moving Health Forward","publisher":{"@id":"https:\/\/www.directhealthcaregroup.com\/#organization"},"potentialAction":[{"@type":"SearchAction","target":{"@type":"EntryPoint","urlTemplate":"https:\/\/www.directhealthcaregroup.com\/?s={search_term_string}"},"query-input":{"@type":"PropertyValueSpecification","valueRequired":true,"valueName":"search_term_string"}}],"inLanguage":"da-DK"},{"@type":"Organization","@id":"https:\/\/www.directhealthcaregroup.com\/#organization","name":"Direct Healthcare Group","url":"https:\/\/www.directhealthcaregroup.com\/","logo":{"@type":"ImageObject","inLanguage":"da-DK","@id":"https:\/\/www.directhealthcaregroup.com\/#\/schema\/logo\/image\/","url":"https:\/\/directhealthcaregroup.com\/app\/uploads\/dhg-logo.png","contentUrl":"https:\/\/directhealthcaregroup.com\/app\/uploads\/dhg-logo.png","width":556,"height":240,"caption":"Direct Healthcare Group"},"image":{"@id":"https:\/\/www.directhealthcaregroup.com\/#\/schema\/logo\/image\/"}}]}},"_links":{"self":[{"href":"https:\/\/www.directhealthcaregroup.com\/da\/wp-json\/wp\/v2\/pages\/127466","targetHints":{"allow":["GET"]}}],"collection":[{"href":"https:\/\/www.directhealthcaregroup.com\/da\/wp-json\/wp\/v2\/pages"}],"about":[{"href":"https:\/\/www.directhealthcaregroup.com\/da\/wp-json\/wp\/v2\/types\/page"}],"author":[{"embeddable":true,"href":"https:\/\/www.directhealthcaregroup.com\/da\/wp-json\/wp\/v2\/users\/2"}],"replies":[{"embeddable":true,"href":"https:\/\/www.directhealthcaregroup.com\/da\/wp-json\/wp\/v2\/comments?post=127466"}],"version-history":[{"count":0,"href":"https:\/\/www.directhealthcaregroup.com\/da\/wp-json\/wp\/v2\/pages\/127466\/revisions"}],"wp:attachment":[{"href":"https:\/\/www.directhealthcaregroup.com\/da\/wp-json\/wp\/v2\/media?parent=127466"}],"curies":[{"name":"wp","href":"https:\/\/api.w.org\/{rel}","templated":true}]}}