{"id":127467,"date":"2021-01-11T22:26:58","date_gmt":"2021-01-11T22:26:58","guid":{"rendered":"https:\/\/www.directhealthcaregroup.com\/miljoe-sociale-forhold-og-god-selskabsledelse-esg\/"},"modified":"2024-11-19T13:50:57","modified_gmt":"2024-11-19T13:50:57","slug":"miljoe-sociale-forhold-og-god-selskabsledelse-esg","status":"publish","type":"page","link":"https:\/\/www.directhealthcaregroup.com\/da\/miljoe-sociale-forhold-og-god-selskabsledelse-esg\/","title":{"rendered":"Milj\u00f8, sociale forhold og god selskabsledelse (ESG)"},"content":{"rendered":"\n<p>Nedenfor beskrives Direct Healthcare Groups overholdelse af kriterier inden for milj\u00f8, sociale forhold og god selskabsledelse via den globale vejledende standard om social ansvarlighed (ISO 26000). Politikker og dokumenterede procedurer i forbindelse med ESG\/CSR vedligeholdes i virksomhedens Business Management System.<\/p>\n\n\n\n<h2 class=\"wp-block-heading\">Milj\u00f8<\/h2>\n\n\n\n<ul class=\"wp-block-list\"><li>Vores vedligeholdte Business Management System er certificeret i henhold til milj\u00f8standarden ISO 14001<\/li><li>Vi har en dokumenteret procedure for forbrug af ressourcer, der omfatter overv\u00e5gning af m\u00e6ngder af vand, elektricitet, gas og br\u00e6ndstof til k\u00f8ret\u00f8jer<\/li><li>Vi har en dokumenteret procedure for affaldsh\u00e5ndtering, som ogs\u00e5 d\u00e6kker forurening (land og vand). <\/li><li>Vi har ogs\u00e5 en dokumenteret procedure, der sikrer, at vi overholder g\u00e6ldende milj\u00f8lovgivning, herunder vedligeholdelse af et juridisk register, der gennemg\u00e5s hvert halve \u00e5r.<\/li><\/ul>\n\n\n\n<h2 class=\"wp-block-heading\">Sociale forhold<\/h2>\n\n\n\n<ul class=\"wp-block-list\"><li>Alle leverand\u00f8rer anmodes om at udfylde et sp\u00f8rgeskema til leverand\u00f8revaluering, der omfatter CSR, milj\u00f8-, sundheds- og sikkerhedskrav.<\/li><li>Vi donerer til velg\u00f8renhedsorganisationen Woundcare4Heroes.<\/li><li>Vi udf\u00f8rer et systematisk arbejdsmilj\u00f8arbejde for at sikre sundhed og trivsel for alle medarbejdere, bes\u00f8gende og leverand\u00f8rer.<\/li><li>Alle forretningskritiske beslutninger tr\u00e6ffes med inddragelse af virksomhedens interessenter.<\/li><\/ul>\n\n\n\n<h2 class=\"wp-block-heading\">God selskabsledelse<\/h2>\n\n\n\n<ul class=\"wp-block-list\"><li>Alle selskabets regnskabsprocedurer er i overensstemmelse med IFRS.<\/li><li>Vi er forpligtet til at udf\u00f8re vores anliggender etisk og lovligt, og vi arbejder i henhold til virksomhedens adf\u00e6rdskodeks. Dette kommunikeres til alle nye medarbejdere ved tiltr\u00e6delse og er tilg\u00e6ngeligt for interne\/eksterne interessenter via vores virksomheds websted.<\/li><li>Vores retningslinjer for etik og compliance er baseret p\u00e5 Eucomeds etiske regler, som kan findes p\u00e5 vores virksomheds websted. Vi har ogs\u00e5 en etisk hotline, hvis interne\/eksterne interessenter har sp\u00f8rgsm\u00e5l om nogle af emnerne vedr\u00f8rende overholdelse af vores virksomhedsregler.<\/li><\/ul>\n","protected":false},"excerpt":{"rendered":"<p>Nedenfor beskrives Direct Healthcare Groups overholdelse af kriterier inden for milj\u00f8, sociale forhold og god selskabsledelse via den globale vejledende standard om social ansvarlighed (ISO 26000). Politikker og dokumenterede procedurer i forbindelse med ESG\/CSR vedligeholdes i virksomhedens Business Management System. Milj\u00f8 Vores vedligeholdte Business Management System er certificeret i henhold til milj\u00f8standarden ISO 14001 Vi &hellip; <a href=\"https:\/\/www.directhealthcaregroup.com\/da\/miljoe-sociale-forhold-og-god-selskabsledelse-esg\/\">Continued<\/a><\/p>\n","protected":false},"author":1,"featured_media":0,"parent":0,"menu_order":0,"comment_status":"closed","ping_status":"closed","template":"","meta":{"_acf_changed":false,"footnotes":""},"class_list":["post-127467","page","type-page","status-publish","hentry"],"acf":[],"yoast_head":"<!-- This site is optimized with the Yoast SEO plugin v26.6 - https:\/\/yoast.com\/wordpress\/plugins\/seo\/ -->\n<title>Milj\u00f8, sociale forhold og god selskabsledelse (ESG) | DHG<\/title>\n<meta name=\"robots\" content=\"index, follow, max-snippet:-1, max-image-preview:large, max-video-preview:-1\" \/>\n<link rel=\"canonical\" href=\"https:\/\/www.directhealthcaregroup.com\/da\/miljoe-sociale-forhold-og-god-selskabsledelse-esg\/\" \/>\n<meta property=\"og:locale\" content=\"da_DK\" \/>\n<meta property=\"og:type\" content=\"article\" \/>\n<meta property=\"og:title\" content=\"Milj\u00f8, sociale forhold og god selskabsledelse (ESG) | DHG\" \/>\n<meta property=\"og:description\" content=\"Nedenfor beskrives Direct Healthcare Groups overholdelse af kriterier inden for milj\u00f8, sociale forhold og god selskabsledelse via den globale vejledende standard om social ansvarlighed (ISO 26000). Politikker og dokumenterede procedurer i forbindelse med ESG\/CSR vedligeholdes i virksomhedens Business Management System. Milj\u00f8 Vores vedligeholdte Business Management System er certificeret i henhold til milj\u00f8standarden ISO 14001 Vi &hellip; Continued\" \/>\n<meta property=\"og:url\" content=\"https:\/\/www.directhealthcaregroup.com\/da\/miljoe-sociale-forhold-og-god-selskabsledelse-esg\/\" \/>\n<meta property=\"og:site_name\" content=\"DHG\" \/>\n<meta property=\"article:modified_time\" content=\"2024-11-19T13:50:57+00:00\" \/>\n<meta name=\"twitter:card\" content=\"summary_large_image\" \/>\n<meta name=\"twitter:label1\" content=\"Est. reading time\" \/>\n\t<meta name=\"twitter:data1\" content=\"1 minute\" \/>\n<script type=\"application\/ld+json\" class=\"yoast-schema-graph\">{\"@context\":\"https:\/\/schema.org\",\"@graph\":[{\"@type\":\"WebPage\",\"@id\":\"https:\/\/www.directhealthcaregroup.com\/da\/miljoe-sociale-forhold-og-god-selskabsledelse-esg\/\",\"url\":\"https:\/\/www.directhealthcaregroup.com\/da\/miljoe-sociale-forhold-og-god-selskabsledelse-esg\/\",\"name\":\"Milj\u00f8, sociale forhold og god selskabsledelse (ESG) | DHG\",\"isPartOf\":{\"@id\":\"https:\/\/www.directhealthcaregroup.com\/#website\"},\"datePublished\":\"2021-01-11T22:26:58+00:00\",\"dateModified\":\"2024-11-19T13:50:57+00:00\",\"breadcrumb\":{\"@id\":\"https:\/\/www.directhealthcaregroup.com\/da\/miljoe-sociale-forhold-og-god-selskabsledelse-esg\/#breadcrumb\"},\"inLanguage\":\"da-DK\",\"potentialAction\":[{\"@type\":\"ReadAction\",\"target\":[\"https:\/\/www.directhealthcaregroup.com\/da\/miljoe-sociale-forhold-og-god-selskabsledelse-esg\/\"]}]},{\"@type\":\"BreadcrumbList\",\"@id\":\"https:\/\/www.directhealthcaregroup.com\/da\/miljoe-sociale-forhold-og-god-selskabsledelse-esg\/#breadcrumb\",\"itemListElement\":[{\"@type\":\"ListItem\",\"position\":1,\"name\":\"Home\",\"item\":\"https:\/\/www.directhealthcaregroup.com\/da\/\"},{\"@type\":\"ListItem\",\"position\":2,\"name\":\"Milj\u00f8, sociale forhold og god selskabsledelse (ESG)\"}]},{\"@type\":\"WebSite\",\"@id\":\"https:\/\/www.directhealthcaregroup.com\/#website\",\"url\":\"https:\/\/www.directhealthcaregroup.com\/\",\"name\":\"DHG\",\"description\":\"Moving Health Forward\",\"publisher\":{\"@id\":\"https:\/\/www.directhealthcaregroup.com\/#organization\"},\"potentialAction\":[{\"@type\":\"SearchAction\",\"target\":{\"@type\":\"EntryPoint\",\"urlTemplate\":\"https:\/\/www.directhealthcaregroup.com\/?s={search_term_string}\"},\"query-input\":{\"@type\":\"PropertyValueSpecification\",\"valueRequired\":true,\"valueName\":\"search_term_string\"}}],\"inLanguage\":\"da-DK\"},{\"@type\":\"Organization\",\"@id\":\"https:\/\/www.directhealthcaregroup.com\/#organization\",\"name\":\"Direct Healthcare Group\",\"url\":\"https:\/\/www.directhealthcaregroup.com\/\",\"logo\":{\"@type\":\"ImageObject\",\"inLanguage\":\"da-DK\",\"@id\":\"https:\/\/www.directhealthcaregroup.com\/#\/schema\/logo\/image\/\",\"url\":\"https:\/\/directhealthcaregroup.com\/app\/uploads\/dhg-logo.png\",\"contentUrl\":\"https:\/\/directhealthcaregroup.com\/app\/uploads\/dhg-logo.png\",\"width\":556,\"height\":240,\"caption\":\"Direct Healthcare Group\"},\"image\":{\"@id\":\"https:\/\/www.directhealthcaregroup.com\/#\/schema\/logo\/image\/\"}}]}<\/script>\n<!-- \/ Yoast SEO plugin. -->","yoast_head_json":{"title":"Milj\u00f8, sociale forhold og god selskabsledelse (ESG) | DHG","robots":{"index":"index","follow":"follow","max-snippet":"max-snippet:-1","max-image-preview":"max-image-preview:large","max-video-preview":"max-video-preview:-1"},"canonical":"https:\/\/www.directhealthcaregroup.com\/da\/miljoe-sociale-forhold-og-god-selskabsledelse-esg\/","og_locale":"da_DK","og_type":"article","og_title":"Milj\u00f8, sociale forhold og god selskabsledelse (ESG) | DHG","og_description":"Nedenfor beskrives Direct Healthcare Groups overholdelse af kriterier inden for milj\u00f8, sociale forhold og god selskabsledelse via den globale vejledende standard om social ansvarlighed (ISO 26000). Politikker og dokumenterede procedurer i forbindelse med ESG\/CSR vedligeholdes i virksomhedens Business Management System. Milj\u00f8 Vores vedligeholdte Business Management System er certificeret i henhold til milj\u00f8standarden ISO 14001 Vi &hellip; Continued","og_url":"https:\/\/www.directhealthcaregroup.com\/da\/miljoe-sociale-forhold-og-god-selskabsledelse-esg\/","og_site_name":"DHG","article_modified_time":"2024-11-19T13:50:57+00:00","twitter_card":"summary_large_image","twitter_misc":{"Est. reading time":"1 minute"},"schema":{"@context":"https:\/\/schema.org","@graph":[{"@type":"WebPage","@id":"https:\/\/www.directhealthcaregroup.com\/da\/miljoe-sociale-forhold-og-god-selskabsledelse-esg\/","url":"https:\/\/www.directhealthcaregroup.com\/da\/miljoe-sociale-forhold-og-god-selskabsledelse-esg\/","name":"Milj\u00f8, sociale forhold og god selskabsledelse (ESG) | DHG","isPartOf":{"@id":"https:\/\/www.directhealthcaregroup.com\/#website"},"datePublished":"2021-01-11T22:26:58+00:00","dateModified":"2024-11-19T13:50:57+00:00","breadcrumb":{"@id":"https:\/\/www.directhealthcaregroup.com\/da\/miljoe-sociale-forhold-og-god-selskabsledelse-esg\/#breadcrumb"},"inLanguage":"da-DK","potentialAction":[{"@type":"ReadAction","target":["https:\/\/www.directhealthcaregroup.com\/da\/miljoe-sociale-forhold-og-god-selskabsledelse-esg\/"]}]},{"@type":"BreadcrumbList","@id":"https:\/\/www.directhealthcaregroup.com\/da\/miljoe-sociale-forhold-og-god-selskabsledelse-esg\/#breadcrumb","itemListElement":[{"@type":"ListItem","position":1,"name":"Home","item":"https:\/\/www.directhealthcaregroup.com\/da\/"},{"@type":"ListItem","position":2,"name":"Milj\u00f8, sociale forhold og god selskabsledelse (ESG)"}]},{"@type":"WebSite","@id":"https:\/\/www.directhealthcaregroup.com\/#website","url":"https:\/\/www.directhealthcaregroup.com\/","name":"DHG","description":"Moving Health Forward","publisher":{"@id":"https:\/\/www.directhealthcaregroup.com\/#organization"},"potentialAction":[{"@type":"SearchAction","target":{"@type":"EntryPoint","urlTemplate":"https:\/\/www.directhealthcaregroup.com\/?s={search_term_string}"},"query-input":{"@type":"PropertyValueSpecification","valueRequired":true,"valueName":"search_term_string"}}],"inLanguage":"da-DK"},{"@type":"Organization","@id":"https:\/\/www.directhealthcaregroup.com\/#organization","name":"Direct Healthcare Group","url":"https:\/\/www.directhealthcaregroup.com\/","logo":{"@type":"ImageObject","inLanguage":"da-DK","@id":"https:\/\/www.directhealthcaregroup.com\/#\/schema\/logo\/image\/","url":"https:\/\/directhealthcaregroup.com\/app\/uploads\/dhg-logo.png","contentUrl":"https:\/\/directhealthcaregroup.com\/app\/uploads\/dhg-logo.png","width":556,"height":240,"caption":"Direct Healthcare Group"},"image":{"@id":"https:\/\/www.directhealthcaregroup.com\/#\/schema\/logo\/image\/"}}]}},"_links":{"self":[{"href":"https:\/\/www.directhealthcaregroup.com\/da\/wp-json\/wp\/v2\/pages\/127467","targetHints":{"allow":["GET"]}}],"collection":[{"href":"https:\/\/www.directhealthcaregroup.com\/da\/wp-json\/wp\/v2\/pages"}],"about":[{"href":"https:\/\/www.directhealthcaregroup.com\/da\/wp-json\/wp\/v2\/types\/page"}],"author":[{"embeddable":true,"href":"https:\/\/www.directhealthcaregroup.com\/da\/wp-json\/wp\/v2\/users\/1"}],"replies":[{"embeddable":true,"href":"https:\/\/www.directhealthcaregroup.com\/da\/wp-json\/wp\/v2\/comments?post=127467"}],"version-history":[{"count":3,"href":"https:\/\/www.directhealthcaregroup.com\/da\/wp-json\/wp\/v2\/pages\/127467\/revisions"}],"predecessor-version":[{"id":235844,"href":"https:\/\/www.directhealthcaregroup.com\/da\/wp-json\/wp\/v2\/pages\/127467\/revisions\/235844"}],"wp:attachment":[{"href":"https:\/\/www.directhealthcaregroup.com\/da\/wp-json\/wp\/v2\/media?parent=127467"}],"curies":[{"name":"wp","href":"https:\/\/api.w.org\/{rel}","templated":true}]}}