{"id":139069,"date":"2021-06-09T09:26:35","date_gmt":"2021-06-09T08:26:35","guid":{"rendered":"https:\/\/www.directhealthcaregroup.com\/?page_id=139069"},"modified":"2023-07-24T12:18:47","modified_gmt":"2023-07-24T11:18:47","slug":"kundeservice","status":"publish","type":"page","link":"https:\/\/www.directhealthcaregroup.com\/da\/kundeservice\/","title":{"rendered":"KUNDESERVICE"},"content":{"rendered":"\n<p><\/p>\n\n\n\n<div class=\"wp-block-columns is-layout-flex wp-container-core-columns-is-layout-9d6595d7 wp-block-columns-is-layout-flex\">\n<div class=\"wp-block-column is-layout-flow wp-block-column-is-layout-flow\"><form method=\"post\" enctype=\"multipart\/form-data\" id=\"vfbp-form-30\" class=\"vfbp-form\"><div style=\"display:none;\"><label for=\"vfbp-EMAIL-AN8fuQyoDLXem\">If you are human, leave this field blank.<\/label><input size=\"25\" autocomplete=\"off\" type=\"text\" name=\"vfbp-EMAIL-AN8fuQyoDLXem\" value=\"\" id=\"\"><\/div><input type=\"hidden\" name=\"_vfb-timestamp-30\" value=\"1776454941\" id=\"\"><input type=\"hidden\" name=\"_vfb-form-id\" value=\"30\" id=\"\"><div class=\"vfb-form-group vfb-col-12\"><div><h1 class=\"contact-form\">Kontaktformular<\/h1><\/div><\/div><div class=\"vfb-col-12 vfb-fieldType-heading\" id=\"vfbField356\"><\/div><div class=\"vfb-clearfix\"><\/div><div class=\"vfb-col-12 vfb-fieldType-text\" id=\"vfbField357\"><div class=\"vfb-form-group\"><label for=\"vfb-field-357\" class=\"vfb-control-label\">Fulde navn<\/label><div><input id=\"vfb-field-357\" class=\"vfb-form-control\" placeholder=\"\" type=\"text\" name=\"vfb-field-357\" value=\"\"><\/div><\/div><\/div><div class=\"vfb-clearfix\"><\/div><div class=\"vfb-col-12 vfb-fieldType-email\" id=\"vfbField358\"><div class=\"vfb-form-group\"><label for=\"vfb-field-358\" class=\"vfb-control-label\">E-mail<\/label><div><input id=\"vfb-field-358\" class=\"vfb-form-control\" placeholder=\"\" type=\"email\" name=\"vfb-field-358\" value=\"\"><\/div><\/div><\/div><div class=\"vfb-clearfix\"><\/div><div class=\"vfb-col-12 vfb-fieldType-phone\" id=\"vfbField359\"><div class=\"vfb-form-group\"><label for=\"vfb-field-359\" class=\"vfb-control-label\">Telefonnummer<\/label><div><input id=\"vfb-field-359\" class=\"vfb-form-control vfb-intl-phone\" placeholder=\"\" data-default-country=\"gb\" data-hide-flags=\"1\" data-national-mode=\"1\" data-auto-hide-dial-code=\"1\" type=\"tel\" name=\"vfb-field-359\" value=\"\"><\/div><\/div><\/div><div class=\"vfb-clearfix\"><\/div><div class=\"vfb-col-12 vfb-fieldType-textarea\" id=\"vfbField362\"><div class=\"vfb-form-group\"><label for=\"vfb-field-362\" class=\"vfb-control-label\">Foresp\u00f8rgsel<\/label><div><textarea id=\"vfb-field-362\" class=\"vfb-form-control\" placeholder=\"\" rows=\"10\" name=\"vfb-field-362\" cols=\"50\"><\/textarea><\/div><\/div><\/div><div class=\"vfb-clearfix\"><\/div><div class=\"vfb-col-12 vfb-fieldType-captcha\" id=\"vfbField363\"><div class=\"vfb-form-group\"><label for=\"vfb-field-363\" class=\"vfb-control-label\">Captcha <span class=\"vfb-required-asterisk\">*<\/span><\/label><div><div class=\"g-recaptcha\" data-sitekey=\"6Lfc0kAUAAAAAOgERC8Nz_WDk04iHzeuBoPDPe7i\"><\/div><input type=\"hidden\" name=\"_vfb_recaptcha_enabled\" value=\"1\" id=\"\"><div class=\"vfb-has-error\" id=\"vfb-recaptcha-error\"><span class=\"vfb-help-block\">reCAPTCHA is required.<\/span><\/div><\/div><\/div><\/div><div class=\"vfb-clearfix\"><\/div><div class=\"vfb-col-12 vfb-fieldType-submit\" id=\"vfbField364\"><button id=\"vfb-field-364\" class=\" btn btn-primary\" placeholder=\"\" type=\"submit\" name=\"_vfb-submit\">Send<\/button><\/div><div class=\"vfb-clearfix\"><\/div><\/form>\n\n\n\n<div style=\"height:100px\" aria-hidden=\"true\" class=\"wp-block-spacer\"><\/div>\n<\/div>\n\n\n\n<div class=\"wp-block-column is-layout-flow wp-block-column-is-layout-flow\">\n<p class=\"has-medium-font-size\"><strong>Kontakt kundeservice<\/strong><\/p>\n\n\n\n<p class=\"has-medium-font-size\">Du er altid velkommen til at kontakte os. Vi sidder klar til at hj\u00e6lpe dig med enhver foresp\u00f8rgsel. <\/p>\n\n\n\n<p class=\"has-medium-font-size\">Du er velkommen til at kontakte vores kundeservice ved generelle sp\u00f8rgsm\u00e5l og ordrer. <\/p>\n\n\n\n<p class=\"has-medium-font-size\">Ved specifikke og produktrelaterede sp\u00f8rgsm\u00e5l, kontakt den faglige konsulent i din region. Find dem <a href=\"https:\/\/www.directhealthcaregroup.com\/da\/saeljorganisation\/\" target=\"_blank\" rel=\"noreferrer noopener\">her<\/a>.<\/p>\n\n\n\n<p class=\"has-medium-font-size\">Vi g\u00f8r vores bedste for at vende tilbage til dig s\u00e5 hurtigt som muligt.<\/p>\n\n\n\n<p class=\"has-medium-font-size\"><strong><strong>Mail: <\/strong><a href=\"mailto:info.dk@directhealthcaregroup.com\">info.dk@directhealthcaregroup.com<\/a><\/strong><\/p>\n\n\n\n<p class=\"has-medium-font-size\"><strong>Tlf.:<\/strong> +45 70 22 43 41<br><strong>Fax:<\/strong> +45 70 22 43 47<br><\/p>\n\n\n\n<p class=\"has-medium-font-size\"><strong>\u00c5bningstider<\/strong>: Mandag\u2013Torsdag: 8:00\u201316:00 Fredag: 8:00\u201315:30<\/p>\n\n\n\n<p><\/p>\n<\/div>\n<\/div>\n\n\n\n<p class=\"has-normal-font-size\">Adresse: <\/p>\n\n\n\n<p class=\"has-normal-font-size\"><strong>Direct Healthcare Group Denmark A\/S<\/strong><br>Stensmosevej 24C<br>2620 Albertslund<br>Danmark<\/p>\n","protected":false},"excerpt":{"rendered":"<p>Kontakt kundeservice Du er altid velkommen til at kontakte os. Vi sidder klar til at hj\u00e6lpe dig med enhver foresp\u00f8rgsel. Du er velkommen til at kontakte vores kundeservice ved generelle sp\u00f8rgsm\u00e5l og ordrer. Ved specifikke og produktrelaterede sp\u00f8rgsm\u00e5l, kontakt den faglige konsulent i din region. Find dem her. Vi g\u00f8r vores bedste for at vende &hellip; <a href=\"https:\/\/www.directhealthcaregroup.com\/da\/kundeservice\/\">Continued<\/a><\/p>\n","protected":false},"author":2,"featured_media":0,"parent":0,"menu_order":0,"comment_status":"closed","ping_status":"closed","template":"","meta":{"_acf_changed":false,"footnotes":""},"class_list":["post-139069","page","type-page","status-publish","hentry"],"acf":[],"yoast_head":"<!-- This site is optimized with the Yoast SEO plugin v27.4 - https:\/\/yoast.com\/product\/yoast-seo-wordpress\/ -->\n<title>KUNDESERVICE | DHG<\/title>\n<meta name=\"robots\" content=\"index, follow, max-snippet:-1, max-image-preview:large, max-video-preview:-1\" \/>\n<link rel=\"canonical\" href=\"https:\/\/www.directhealthcaregroup.com\/da\/kundeservice\/\" \/>\n<meta property=\"og:locale\" content=\"da_DK\" \/>\n<meta property=\"og:type\" content=\"article\" \/>\n<meta property=\"og:title\" content=\"KUNDESERVICE | DHG\" \/>\n<meta property=\"og:description\" content=\"Kontakt kundeservice Du er altid velkommen til at kontakte os. Vi sidder klar til at hj\u00e6lpe dig med enhver foresp\u00f8rgsel. Du er velkommen til at kontakte vores kundeservice ved generelle sp\u00f8rgsm\u00e5l og ordrer. Ved specifikke og produktrelaterede sp\u00f8rgsm\u00e5l, kontakt den faglige konsulent i din region. Find dem her. Vi g\u00f8r vores bedste for at vende &hellip; Continued\" \/>\n<meta property=\"og:url\" content=\"https:\/\/www.directhealthcaregroup.com\/da\/kundeservice\/\" \/>\n<meta property=\"og:site_name\" content=\"DHG\" \/>\n<meta property=\"article:modified_time\" content=\"2023-07-24T11:18:47+00:00\" \/>\n<meta name=\"twitter:card\" content=\"summary_large_image\" \/>\n<script type=\"application\/ld+json\" class=\"yoast-schema-graph\">{\"@context\":\"https:\\\/\\\/schema.org\",\"@graph\":[{\"@type\":\"WebPage\",\"@id\":\"https:\\\/\\\/www.directhealthcaregroup.com\\\/da\\\/kundeservice\\\/\",\"url\":\"https:\\\/\\\/www.directhealthcaregroup.com\\\/da\\\/kundeservice\\\/\",\"name\":\"KUNDESERVICE | DHG\",\"isPartOf\":{\"@id\":\"https:\\\/\\\/www.directhealthcaregroup.com\\\/#website\"},\"datePublished\":\"2021-06-09T08:26:35+00:00\",\"dateModified\":\"2023-07-24T11:18:47+00:00\",\"breadcrumb\":{\"@id\":\"https:\\\/\\\/www.directhealthcaregroup.com\\\/da\\\/kundeservice\\\/#breadcrumb\"},\"inLanguage\":\"da-DK\",\"potentialAction\":[{\"@type\":\"ReadAction\",\"target\":[\"https:\\\/\\\/www.directhealthcaregroup.com\\\/da\\\/kundeservice\\\/\"]}]},{\"@type\":\"BreadcrumbList\",\"@id\":\"https:\\\/\\\/www.directhealthcaregroup.com\\\/da\\\/kundeservice\\\/#breadcrumb\",\"itemListElement\":[{\"@type\":\"ListItem\",\"position\":1,\"name\":\"Home\",\"item\":\"https:\\\/\\\/www.directhealthcaregroup.com\\\/da\\\/\"},{\"@type\":\"ListItem\",\"position\":2,\"name\":\"KUNDESERVICE\"}]},{\"@type\":\"WebSite\",\"@id\":\"https:\\\/\\\/www.directhealthcaregroup.com\\\/#website\",\"url\":\"https:\\\/\\\/www.directhealthcaregroup.com\\\/\",\"name\":\"DHG\",\"description\":\"Moving Health Forward\",\"publisher\":{\"@id\":\"https:\\\/\\\/www.directhealthcaregroup.com\\\/#organization\"},\"potentialAction\":[{\"@type\":\"SearchAction\",\"target\":{\"@type\":\"EntryPoint\",\"urlTemplate\":\"https:\\\/\\\/www.directhealthcaregroup.com\\\/?s={search_term_string}\"},\"query-input\":{\"@type\":\"PropertyValueSpecification\",\"valueRequired\":true,\"valueName\":\"search_term_string\"}}],\"inLanguage\":\"da-DK\"},{\"@type\":\"Organization\",\"@id\":\"https:\\\/\\\/www.directhealthcaregroup.com\\\/#organization\",\"name\":\"Direct Healthcare Group\",\"url\":\"https:\\\/\\\/www.directhealthcaregroup.com\\\/\",\"logo\":{\"@type\":\"ImageObject\",\"inLanguage\":\"da-DK\",\"@id\":\"https:\\\/\\\/www.directhealthcaregroup.com\\\/#\\\/schema\\\/logo\\\/image\\\/\",\"url\":\"https:\\\/\\\/directhealthcaregroup.com\\\/app\\\/uploads\\\/dhg-logo.png\",\"contentUrl\":\"https:\\\/\\\/directhealthcaregroup.com\\\/app\\\/uploads\\\/dhg-logo.png\",\"width\":556,\"height\":240,\"caption\":\"Direct Healthcare Group\"},\"image\":{\"@id\":\"https:\\\/\\\/www.directhealthcaregroup.com\\\/#\\\/schema\\\/logo\\\/image\\\/\"}}]}<\/script>\n<!-- \/ Yoast SEO plugin. -->","yoast_head_json":{"title":"KUNDESERVICE | DHG","robots":{"index":"index","follow":"follow","max-snippet":"max-snippet:-1","max-image-preview":"max-image-preview:large","max-video-preview":"max-video-preview:-1"},"canonical":"https:\/\/www.directhealthcaregroup.com\/da\/kundeservice\/","og_locale":"da_DK","og_type":"article","og_title":"KUNDESERVICE | DHG","og_description":"Kontakt kundeservice Du er altid velkommen til at kontakte os. Vi sidder klar til at hj\u00e6lpe dig med enhver foresp\u00f8rgsel. Du er velkommen til at kontakte vores kundeservice ved generelle sp\u00f8rgsm\u00e5l og ordrer. Ved specifikke og produktrelaterede sp\u00f8rgsm\u00e5l, kontakt den faglige konsulent i din region. Find dem her. Vi g\u00f8r vores bedste for at vende &hellip; Continued","og_url":"https:\/\/www.directhealthcaregroup.com\/da\/kundeservice\/","og_site_name":"DHG","article_modified_time":"2023-07-24T11:18:47+00:00","twitter_card":"summary_large_image","schema":{"@context":"https:\/\/schema.org","@graph":[{"@type":"WebPage","@id":"https:\/\/www.directhealthcaregroup.com\/da\/kundeservice\/","url":"https:\/\/www.directhealthcaregroup.com\/da\/kundeservice\/","name":"KUNDESERVICE | DHG","isPartOf":{"@id":"https:\/\/www.directhealthcaregroup.com\/#website"},"datePublished":"2021-06-09T08:26:35+00:00","dateModified":"2023-07-24T11:18:47+00:00","breadcrumb":{"@id":"https:\/\/www.directhealthcaregroup.com\/da\/kundeservice\/#breadcrumb"},"inLanguage":"da-DK","potentialAction":[{"@type":"ReadAction","target":["https:\/\/www.directhealthcaregroup.com\/da\/kundeservice\/"]}]},{"@type":"BreadcrumbList","@id":"https:\/\/www.directhealthcaregroup.com\/da\/kundeservice\/#breadcrumb","itemListElement":[{"@type":"ListItem","position":1,"name":"Home","item":"https:\/\/www.directhealthcaregroup.com\/da\/"},{"@type":"ListItem","position":2,"name":"KUNDESERVICE"}]},{"@type":"WebSite","@id":"https:\/\/www.directhealthcaregroup.com\/#website","url":"https:\/\/www.directhealthcaregroup.com\/","name":"DHG","description":"Moving Health Forward","publisher":{"@id":"https:\/\/www.directhealthcaregroup.com\/#organization"},"potentialAction":[{"@type":"SearchAction","target":{"@type":"EntryPoint","urlTemplate":"https:\/\/www.directhealthcaregroup.com\/?s={search_term_string}"},"query-input":{"@type":"PropertyValueSpecification","valueRequired":true,"valueName":"search_term_string"}}],"inLanguage":"da-DK"},{"@type":"Organization","@id":"https:\/\/www.directhealthcaregroup.com\/#organization","name":"Direct Healthcare Group","url":"https:\/\/www.directhealthcaregroup.com\/","logo":{"@type":"ImageObject","inLanguage":"da-DK","@id":"https:\/\/www.directhealthcaregroup.com\/#\/schema\/logo\/image\/","url":"https:\/\/directhealthcaregroup.com\/app\/uploads\/dhg-logo.png","contentUrl":"https:\/\/directhealthcaregroup.com\/app\/uploads\/dhg-logo.png","width":556,"height":240,"caption":"Direct Healthcare Group"},"image":{"@id":"https:\/\/www.directhealthcaregroup.com\/#\/schema\/logo\/image\/"}}]}},"_links":{"self":[{"href":"https:\/\/www.directhealthcaregroup.com\/da\/wp-json\/wp\/v2\/pages\/139069","targetHints":{"allow":["GET"]}}],"collection":[{"href":"https:\/\/www.directhealthcaregroup.com\/da\/wp-json\/wp\/v2\/pages"}],"about":[{"href":"https:\/\/www.directhealthcaregroup.com\/da\/wp-json\/wp\/v2\/types\/page"}],"author":[{"embeddable":true,"href":"https:\/\/www.directhealthcaregroup.com\/da\/wp-json\/wp\/v2\/users\/2"}],"replies":[{"embeddable":true,"href":"https:\/\/www.directhealthcaregroup.com\/da\/wp-json\/wp\/v2\/comments?post=139069"}],"version-history":[{"count":16,"href":"https:\/\/www.directhealthcaregroup.com\/da\/wp-json\/wp\/v2\/pages\/139069\/revisions"}],"predecessor-version":[{"id":188602,"href":"https:\/\/www.directhealthcaregroup.com\/da\/wp-json\/wp\/v2\/pages\/139069\/revisions\/188602"}],"wp:attachment":[{"href":"https:\/\/www.directhealthcaregroup.com\/da\/wp-json\/wp\/v2\/media?parent=139069"}],"curies":[{"name":"wp","href":"https:\/\/api.w.org\/{rel}","templated":true}]}}