{"id":148128,"date":"2021-12-06T17:05:44","date_gmt":"2021-12-06T17:05:44","guid":{"rendered":"https:\/\/www.directhealthcaregroup.com\/?page_id=148128"},"modified":"2023-06-28T14:12:21","modified_gmt":"2023-06-28T13:12:21","slug":"kataloger-og-viden","status":"publish","type":"page","link":"https:\/\/www.directhealthcaregroup.com\/da\/kataloger-og-viden\/","title":{"rendered":"Kataloger"},"content":{"rendered":"\n<div class=\"wp-block-columns is-layout-flex wp-container-core-columns-is-layout-9d6595d7 wp-block-columns-is-layout-flex\">\n<div class=\"wp-block-column is-layout-flow wp-block-column-is-layout-flow\">\n<figure class=\"wp-block-image size-large\"><img loading=\"lazy\" decoding=\"async\" width=\"300\" height=\"211\" src=\"https:\/\/www.directhealthcaregroup.com\/app\/uploads\/katalogbilder_web_2021_SE-300x211-3-1.jpg\" alt=\"\" class=\"wp-image-183535\"\/><\/figure>\n\n\n\n<h2 class=\"wp-block-heading\"><strong>Forflytnings- og<br>l\u00f8fteprodukter &#8211; Produktkatalog<\/strong><\/h2>\n\n\n\n<p>Find det rigtige forflytningshj\u00e6lpemiddel eller l\u00f8fteprodukter til den rigtige situation. Find information om alt fra glidebr\u00e6tter, vendeplade, sejl, l\u00f8ftesystemer og meget mere. <\/p>\n\n\n\n<div class=\"wp-block-buttons is-layout-flex wp-block-buttons-is-layout-flex\">\n<div class=\"wp-block-button\"><a class=\"wp-block-button__link has-black-color has-text-color has-background\" href=\"https:\/\/www.directhealthcaregroup.com\/app\/uploads\/DHG_Product_catalogue_DK_2021_mars_low-1.pdf\" style=\"border-radius:50px;background-color:#38b6ac\" target=\"_blank\" rel=\"noreferrer noopener\">L\u00e6s her<\/a><\/div>\n<\/div>\n<\/div>\n\n\n\n<div class=\"wp-block-column is-layout-flow wp-block-column-is-layout-flow\">\n<figure class=\"wp-block-image size-large\"><img loading=\"lazy\" decoding=\"async\" width=\"300\" height=\"211\" src=\"https:\/\/www.directhealthcaregroup.com\/app\/uploads\/selbroschyrsbilder_web_2021_SE-300x211-4-1.jpg\" alt=\"\" class=\"wp-image-183547\"\/><\/figure>\n\n\n\n<h2 class=\"wp-block-heading\"><strong>L\u00f8ftesejl &#8211; Produktkatalog<\/strong><\/h2>\n\n\n\n<p>Find de rigtige l\u00f8ftel\u00f8sninger til den rigtige situation. L\u00e6s her om vores tilbud af mobile personl\u00f8ftere og sejl til alle situationer, milj\u00f8er og brugere.<\/p>\n\n\n\n<div class=\"wp-block-buttons is-layout-flex wp-block-buttons-is-layout-flex\">\n<div class=\"wp-block-button\"><a class=\"wp-block-button__link has-black-color has-text-color has-background\" href=\"https:\/\/www.directhealthcaregroup.com\/app\/uploads\/DHG_selbroschyr_2020_okt_DK_48sid_low-1.pdf\" style=\"border-radius:50px;background-color:#38b6ac\" target=\"_blank\" rel=\"noreferrer noopener\">L\u00e6s her<\/a><\/div>\n<\/div>\n<\/div>\n<\/div>\n\n\n\n<hr class=\"wp-block-separator\"\/>\n\n\n\n<div class=\"wp-block-columns is-layout-flex wp-container-core-columns-is-layout-9d6595d7 wp-block-columns-is-layout-flex\">\n<div class=\"wp-block-column is-layout-flow wp-block-column-is-layout-flow\">\n<figure class=\"wp-block-image size-large\"><img loading=\"lazy\" decoding=\"async\" width=\"300\" height=\"211\" src=\"https:\/\/www.directhealthcaregroup.com\/app\/uploads\/Sheets_alloccassions_web_2021_SE-300x211-4-1.jpg\" alt=\"\" class=\"wp-image-183559\"\/><\/figure>\n\n\n\n<h2 class=\"wp-block-heading\"><strong>Lagner til enhver lejlighed &#8211; Produktkatalog<\/strong><\/h2>\n\n\n\n<p>L\u00e6s her om vores tilbud af lagner og hvad de kan tilbyde jer. Det er alt fra glidelagner, tr\u00e6klagner, inkontinensbeskyttelse, madrasbetr\u00e6k og meget mere.<\/p>\n\n\n\n<div class=\"wp-block-buttons is-layout-flex wp-block-buttons-is-layout-flex\">\n<div class=\"wp-block-button\"><a class=\"wp-block-button__link has-black-color has-text-color has-background\" href=\"https:\/\/www.directhealthcaregroup.com\/app\/uploads\/Sheets_brochure_DK_DHG_dec2021_20sid_low-1.pdf\" style=\"border-radius:50px;background-color:#38b6ac\" target=\"_blank\" rel=\"noreferrer noopener\">L\u00e6s her<\/a><\/div>\n<\/div>\n<\/div>\n\n\n\n<div class=\"wp-block-column is-layout-flow wp-block-column-is-layout-flow\">\n<figure class=\"wp-block-image size-large is-resized\"><img loading=\"lazy\" decoding=\"async\" src=\"https:\/\/www.directhealthcaregroup.com\/app\/uploads\/risego-db-878x1024.jpeg\" alt=\"\" class=\"wp-image-182335\" width=\"174\" height=\"202\" srcset=\"https:\/\/www.directhealthcaregroup.com\/app\/uploads\/risego-db-878x1024.jpeg 878w, https:\/\/www.directhealthcaregroup.com\/app\/uploads\/risego-db-257x300.jpeg 257w, https:\/\/www.directhealthcaregroup.com\/app\/uploads\/risego-db-768x896.jpeg 768w, https:\/\/www.directhealthcaregroup.com\/app\/uploads\/risego-db-1317x1536.jpeg 1317w, https:\/\/www.directhealthcaregroup.com\/app\/uploads\/risego-db-1756x2048.jpeg 1756w, https:\/\/www.directhealthcaregroup.com\/app\/uploads\/risego-db-320x373.jpeg 320w, https:\/\/www.directhealthcaregroup.com\/app\/uploads\/risego-db-686x800.jpeg 686w, https:\/\/www.directhealthcaregroup.com\/app\/uploads\/risego-db-191x223.jpeg 191w\" sizes=\"auto, (max-width: 174px) 100vw, 174px\" \/><\/figure>\n\n\n\n<h2 class=\"wp-block-heading\"><strong>G\u00e5borde &#8211; Produktkatalog<\/strong><\/h2>\n\n\n\n<p>Gangbordet har en central funktion i plejen mm. L\u00e6s her om vores forskellige variationer af Bure Gangborde, som er unikt i sin ergonomi.<\/p>\n\n\n\n<div class=\"wp-block-buttons is-layout-flex wp-block-buttons-is-layout-flex\">\n<div class=\"wp-block-button\"><a class=\"wp-block-button__link has-black-color has-text-color has-background\" href=\"https:\/\/www.directhealthcaregroup.com\/app\/uploads\/Gabord_Product_Catalogue_2022_DK.pdf\" style=\"border-radius:50px;background-color:#38b6ac\" target=\"_blank\" rel=\"noreferrer noopener\">L\u00e6s her<\/a><\/div>\n<\/div>\n<\/div>\n<\/div>\n\n\n\n<hr class=\"wp-block-separator\"\/>\n\n\n\n<div class=\"wp-block-group\"><div class=\"wp-block-group__inner-container is-layout-flow wp-block-group-is-layout-flow\">\n<div class=\"wp-block-columns is-layout-flex wp-container-core-columns-is-layout-9d6595d7 wp-block-columns-is-layout-flex\">\n<div class=\"wp-block-column is-layout-flow wp-block-column-is-layout-flow\">\n<figure class=\"wp-block-image size-large is-resized\"><img loading=\"lazy\" decoding=\"async\" src=\"https:\/\/www.directhealthcaregroup.com\/app\/uploads\/Mercury-Advance-Bari-Mattress.jpg\" alt=\"\" class=\"wp-image-182037\" width=\"338\" height=\"195\" srcset=\"https:\/\/www.directhealthcaregroup.com\/app\/uploads\/Mercury-Advance-Bari-Mattress.jpg 676w, https:\/\/www.directhealthcaregroup.com\/app\/uploads\/Mercury-Advance-Bari-Mattress-300x173.jpg 300w, https:\/\/www.directhealthcaregroup.com\/app\/uploads\/Mercury-Advance-Bari-Mattress-320x184.jpg 320w\" sizes=\"auto, (max-width: 338px) 100vw, 338px\" \/><\/figure>\n\n\n\n<h2 class=\"wp-block-heading\"><strong>Forskellige typer af madrasser<\/strong><\/h2>\n\n\n\n<p>Find her information om vores forskellige typer af madrasser, s\u00e5 du kan se deres fordele og forskelle, for at v\u00e6lge den rigtige model til det behov brugerne har.<\/p>\n\n\n\n<div class=\"wp-block-buttons is-layout-flex wp-block-buttons-is-layout-flex\">\n<div class=\"wp-block-button\"><a class=\"wp-block-button__link has-black-color has-text-color has-background\" href=\"https:\/\/www.directhealthcaregroup.com\/app\/uploads\/DHG_Support_Surface_Guide_Poster_A3L_AW_DK.pdf\" style=\"border-radius:50px;background-color:#38b6ac\" target=\"_blank\" rel=\"noreferrer noopener\">L\u00e6s her<\/a><\/div>\n<\/div>\n<\/div>\n\n\n\n<div class=\"wp-block-column is-layout-flow wp-block-column-is-layout-flow\">\n<figure class=\"wp-block-image size-large is-resized\"><img loading=\"lazy\" decoding=\"async\" src=\"https:\/\/www.directhealthcaregroup.com\/app\/uploads\/Raizer-II-1-1024x1024.jpg\" alt=\"\" class=\"wp-image-163118\" width=\"185\" height=\"185\" srcset=\"https:\/\/www.directhealthcaregroup.com\/app\/uploads\/Raizer-II-1-1024x1024.jpg 1024w, https:\/\/www.directhealthcaregroup.com\/app\/uploads\/Raizer-II-1-300x300.jpg 300w, https:\/\/www.directhealthcaregroup.com\/app\/uploads\/Raizer-II-1-150x150.jpg 150w, https:\/\/www.directhealthcaregroup.com\/app\/uploads\/Raizer-II-1-768x768.jpg 768w, https:\/\/www.directhealthcaregroup.com\/app\/uploads\/Raizer-II-1-320x320.jpg 320w, https:\/\/www.directhealthcaregroup.com\/app\/uploads\/Raizer-II-1-800x800.jpg 800w, https:\/\/www.directhealthcaregroup.com\/app\/uploads\/Raizer-II-1-223x223.jpg 223w, https:\/\/www.directhealthcaregroup.com\/app\/uploads\/Raizer-II-1-600x600.jpg 600w, https:\/\/www.directhealthcaregroup.com\/app\/uploads\/Raizer-II-1.jpg 1200w\" sizes=\"auto, (max-width: 185px) 100vw, 185px\" \/><\/figure>\n\n\n\n<h2 class=\"wp-block-heading\"><strong>Raizer II &#8211; Produktkatalog<\/strong><\/h2>\n\n\n\n<p>L\u00e6s her om vores mobil l\u00f8ftestol, der hj\u00e6lper en borger, der er faldet op. Raizer tilbyder at hj\u00e6lpe en borger op med mindst mulig belastning for plejeren.<\/p>\n\n\n\n<div class=\"wp-block-buttons is-layout-flex wp-block-buttons-is-layout-flex\">\n<div class=\"wp-block-button\"><a class=\"wp-block-button__link has-black-color has-text-color has-background\" href=\"https:\/\/www.directhealthcaregroup.com\/app\/uploads\/DHG_Raizer-II-DK-1.pdf\" style=\"border-radius:50px;background-color:#38b6ac\" target=\"_blank\" rel=\"noreferrer noopener\">L\u00e6s her<\/a><\/div>\n<\/div>\n<\/div>\n<\/div>\n<\/div><\/div>\n\n\n\n<div class=\"wp-block-columns is-layout-flex wp-container-core-columns-is-layout-9d6595d7 wp-block-columns-is-layout-flex\">\n<div class=\"wp-block-column is-layout-flow wp-block-column-is-layout-flow\">\n<div class=\"wp-block-group\"><div class=\"wp-block-group__inner-container is-layout-flow wp-block-group-is-layout-flow\">\n<h1 class=\"has-medium-font-size wp-block-heading\"><\/h1>\n<\/div><\/div>\n<\/div>\n<\/div>\n\n\n\n<div class=\"wp-block-group is-layout-flow wp-block-group-is-layout-flow\"><div class=\"wp-block-group__inner-container\"><\/div><\/div>\n\n\n\n<p><\/p>\n","protected":false},"excerpt":{"rendered":"<p>Forflytnings- ogl\u00f8fteprodukter &#8211; Produktkatalog Find det rigtige forflytningshj\u00e6lpemiddel eller l\u00f8fteprodukter til den rigtige situation. Find information om alt fra glidebr\u00e6tter, vendeplade, sejl, l\u00f8ftesystemer og meget mere. L\u00f8ftesejl &#8211; Produktkatalog Find de rigtige l\u00f8ftel\u00f8sninger til den rigtige situation. L\u00e6s her om vores tilbud af mobile personl\u00f8ftere og sejl til alle situationer, milj\u00f8er og brugere. Lagner til &hellip; <a href=\"https:\/\/www.directhealthcaregroup.com\/da\/kataloger-og-viden\/\">Continued<\/a><\/p>\n","protected":false},"author":2,"featured_media":0,"parent":0,"menu_order":0,"comment_status":"closed","ping_status":"closed","template":"","meta":{"_acf_changed":false,"footnotes":""},"class_list":["post-148128","page","type-page","status-publish","hentry"],"acf":[],"yoast_head":"<!-- This site is optimized with the Yoast SEO plugin v26.6 - https:\/\/yoast.com\/wordpress\/plugins\/seo\/ -->\n<title>Kataloger | DHG<\/title>\n<meta name=\"robots\" content=\"index, follow, max-snippet:-1, max-image-preview:large, max-video-preview:-1\" \/>\n<link rel=\"canonical\" href=\"https:\/\/www.directhealthcaregroup.com\/da\/kataloger-og-viden\/\" \/>\n<meta property=\"og:locale\" content=\"da_DK\" \/>\n<meta property=\"og:type\" content=\"article\" \/>\n<meta property=\"og:title\" content=\"Kataloger | DHG\" \/>\n<meta property=\"og:description\" content=\"Forflytnings- ogl\u00f8fteprodukter &#8211; Produktkatalog Find det rigtige forflytningshj\u00e6lpemiddel eller l\u00f8fteprodukter til den rigtige situation. Find information om alt fra glidebr\u00e6tter, vendeplade, sejl, l\u00f8ftesystemer og meget mere. L\u00f8ftesejl &#8211; Produktkatalog Find de rigtige l\u00f8ftel\u00f8sninger til den rigtige situation. L\u00e6s her om vores tilbud af mobile personl\u00f8ftere og sejl til alle situationer, milj\u00f8er og brugere. Lagner til &hellip; Continued\" \/>\n<meta property=\"og:url\" content=\"https:\/\/www.directhealthcaregroup.com\/da\/kataloger-og-viden\/\" \/>\n<meta property=\"og:site_name\" content=\"DHG\" \/>\n<meta property=\"article:modified_time\" content=\"2023-06-28T13:12:21+00:00\" \/>\n<meta property=\"og:image\" content=\"https:\/\/www.directhealthcaregroup.com\/app\/uploads\/katalogbilder_web_2021_SE-300x211-3-1.jpg\" \/>\n<meta name=\"twitter:card\" content=\"summary_large_image\" \/>\n<meta name=\"twitter:label1\" content=\"Est. reading time\" \/>\n\t<meta name=\"twitter:data1\" content=\"1 minute\" \/>\n<script type=\"application\/ld+json\" class=\"yoast-schema-graph\">{\"@context\":\"https:\/\/schema.org\",\"@graph\":[{\"@type\":\"WebPage\",\"@id\":\"https:\/\/www.directhealthcaregroup.com\/da\/kataloger-og-viden\/\",\"url\":\"https:\/\/www.directhealthcaregroup.com\/da\/kataloger-og-viden\/\",\"name\":\"Kataloger | DHG\",\"isPartOf\":{\"@id\":\"https:\/\/www.directhealthcaregroup.com\/#website\"},\"primaryImageOfPage\":{\"@id\":\"https:\/\/www.directhealthcaregroup.com\/da\/kataloger-og-viden\/#primaryimage\"},\"image\":{\"@id\":\"https:\/\/www.directhealthcaregroup.com\/da\/kataloger-og-viden\/#primaryimage\"},\"thumbnailUrl\":\"https:\/\/www.directhealthcaregroup.com\/app\/uploads\/katalogbilder_web_2021_SE-300x211-3-1.jpg\",\"datePublished\":\"2021-12-06T17:05:44+00:00\",\"dateModified\":\"2023-06-28T13:12:21+00:00\",\"breadcrumb\":{\"@id\":\"https:\/\/www.directhealthcaregroup.com\/da\/kataloger-og-viden\/#breadcrumb\"},\"inLanguage\":\"da-DK\",\"potentialAction\":[{\"@type\":\"ReadAction\",\"target\":[\"https:\/\/www.directhealthcaregroup.com\/da\/kataloger-og-viden\/\"]}]},{\"@type\":\"ImageObject\",\"inLanguage\":\"da-DK\",\"@id\":\"https:\/\/www.directhealthcaregroup.com\/da\/kataloger-og-viden\/#primaryimage\",\"url\":\"https:\/\/www.directhealthcaregroup.com\/app\/uploads\/katalogbilder_web_2021_SE-300x211-3-1.jpg\",\"contentUrl\":\"https:\/\/www.directhealthcaregroup.com\/app\/uploads\/katalogbilder_web_2021_SE-300x211-3-1.jpg\"},{\"@type\":\"BreadcrumbList\",\"@id\":\"https:\/\/www.directhealthcaregroup.com\/da\/kataloger-og-viden\/#breadcrumb\",\"itemListElement\":[{\"@type\":\"ListItem\",\"position\":1,\"name\":\"Home\",\"item\":\"https:\/\/www.directhealthcaregroup.com\/da\/\"},{\"@type\":\"ListItem\",\"position\":2,\"name\":\"Kataloger\"}]},{\"@type\":\"WebSite\",\"@id\":\"https:\/\/www.directhealthcaregroup.com\/#website\",\"url\":\"https:\/\/www.directhealthcaregroup.com\/\",\"name\":\"DHG\",\"description\":\"Moving Health Forward\",\"publisher\":{\"@id\":\"https:\/\/www.directhealthcaregroup.com\/#organization\"},\"potentialAction\":[{\"@type\":\"SearchAction\",\"target\":{\"@type\":\"EntryPoint\",\"urlTemplate\":\"https:\/\/www.directhealthcaregroup.com\/?s={search_term_string}\"},\"query-input\":{\"@type\":\"PropertyValueSpecification\",\"valueRequired\":true,\"valueName\":\"search_term_string\"}}],\"inLanguage\":\"da-DK\"},{\"@type\":\"Organization\",\"@id\":\"https:\/\/www.directhealthcaregroup.com\/#organization\",\"name\":\"Direct Healthcare Group\",\"url\":\"https:\/\/www.directhealthcaregroup.com\/\",\"logo\":{\"@type\":\"ImageObject\",\"inLanguage\":\"da-DK\",\"@id\":\"https:\/\/www.directhealthcaregroup.com\/#\/schema\/logo\/image\/\",\"url\":\"https:\/\/directhealthcaregroup.com\/app\/uploads\/dhg-logo.png\",\"contentUrl\":\"https:\/\/directhealthcaregroup.com\/app\/uploads\/dhg-logo.png\",\"width\":556,\"height\":240,\"caption\":\"Direct Healthcare Group\"},\"image\":{\"@id\":\"https:\/\/www.directhealthcaregroup.com\/#\/schema\/logo\/image\/\"}}]}<\/script>\n<!-- \/ Yoast SEO plugin. -->","yoast_head_json":{"title":"Kataloger | DHG","robots":{"index":"index","follow":"follow","max-snippet":"max-snippet:-1","max-image-preview":"max-image-preview:large","max-video-preview":"max-video-preview:-1"},"canonical":"https:\/\/www.directhealthcaregroup.com\/da\/kataloger-og-viden\/","og_locale":"da_DK","og_type":"article","og_title":"Kataloger | DHG","og_description":"Forflytnings- ogl\u00f8fteprodukter &#8211; Produktkatalog Find det rigtige forflytningshj\u00e6lpemiddel eller l\u00f8fteprodukter til den rigtige situation. Find information om alt fra glidebr\u00e6tter, vendeplade, sejl, l\u00f8ftesystemer og meget mere. L\u00f8ftesejl &#8211; Produktkatalog Find de rigtige l\u00f8ftel\u00f8sninger til den rigtige situation. L\u00e6s her om vores tilbud af mobile personl\u00f8ftere og sejl til alle situationer, milj\u00f8er og brugere. Lagner til &hellip; Continued","og_url":"https:\/\/www.directhealthcaregroup.com\/da\/kataloger-og-viden\/","og_site_name":"DHG","article_modified_time":"2023-06-28T13:12:21+00:00","og_image":[{"url":"https:\/\/www.directhealthcaregroup.com\/app\/uploads\/katalogbilder_web_2021_SE-300x211-3-1.jpg","type":"","width":"","height":""}],"twitter_card":"summary_large_image","twitter_misc":{"Est. reading time":"1 minute"},"schema":{"@context":"https:\/\/schema.org","@graph":[{"@type":"WebPage","@id":"https:\/\/www.directhealthcaregroup.com\/da\/kataloger-og-viden\/","url":"https:\/\/www.directhealthcaregroup.com\/da\/kataloger-og-viden\/","name":"Kataloger | DHG","isPartOf":{"@id":"https:\/\/www.directhealthcaregroup.com\/#website"},"primaryImageOfPage":{"@id":"https:\/\/www.directhealthcaregroup.com\/da\/kataloger-og-viden\/#primaryimage"},"image":{"@id":"https:\/\/www.directhealthcaregroup.com\/da\/kataloger-og-viden\/#primaryimage"},"thumbnailUrl":"https:\/\/www.directhealthcaregroup.com\/app\/uploads\/katalogbilder_web_2021_SE-300x211-3-1.jpg","datePublished":"2021-12-06T17:05:44+00:00","dateModified":"2023-06-28T13:12:21+00:00","breadcrumb":{"@id":"https:\/\/www.directhealthcaregroup.com\/da\/kataloger-og-viden\/#breadcrumb"},"inLanguage":"da-DK","potentialAction":[{"@type":"ReadAction","target":["https:\/\/www.directhealthcaregroup.com\/da\/kataloger-og-viden\/"]}]},{"@type":"ImageObject","inLanguage":"da-DK","@id":"https:\/\/www.directhealthcaregroup.com\/da\/kataloger-og-viden\/#primaryimage","url":"https:\/\/www.directhealthcaregroup.com\/app\/uploads\/katalogbilder_web_2021_SE-300x211-3-1.jpg","contentUrl":"https:\/\/www.directhealthcaregroup.com\/app\/uploads\/katalogbilder_web_2021_SE-300x211-3-1.jpg"},{"@type":"BreadcrumbList","@id":"https:\/\/www.directhealthcaregroup.com\/da\/kataloger-og-viden\/#breadcrumb","itemListElement":[{"@type":"ListItem","position":1,"name":"Home","item":"https:\/\/www.directhealthcaregroup.com\/da\/"},{"@type":"ListItem","position":2,"name":"Kataloger"}]},{"@type":"WebSite","@id":"https:\/\/www.directhealthcaregroup.com\/#website","url":"https:\/\/www.directhealthcaregroup.com\/","name":"DHG","description":"Moving Health Forward","publisher":{"@id":"https:\/\/www.directhealthcaregroup.com\/#organization"},"potentialAction":[{"@type":"SearchAction","target":{"@type":"EntryPoint","urlTemplate":"https:\/\/www.directhealthcaregroup.com\/?s={search_term_string}"},"query-input":{"@type":"PropertyValueSpecification","valueRequired":true,"valueName":"search_term_string"}}],"inLanguage":"da-DK"},{"@type":"Organization","@id":"https:\/\/www.directhealthcaregroup.com\/#organization","name":"Direct Healthcare Group","url":"https:\/\/www.directhealthcaregroup.com\/","logo":{"@type":"ImageObject","inLanguage":"da-DK","@id":"https:\/\/www.directhealthcaregroup.com\/#\/schema\/logo\/image\/","url":"https:\/\/directhealthcaregroup.com\/app\/uploads\/dhg-logo.png","contentUrl":"https:\/\/directhealthcaregroup.com\/app\/uploads\/dhg-logo.png","width":556,"height":240,"caption":"Direct Healthcare Group"},"image":{"@id":"https:\/\/www.directhealthcaregroup.com\/#\/schema\/logo\/image\/"}}]}},"_links":{"self":[{"href":"https:\/\/www.directhealthcaregroup.com\/da\/wp-json\/wp\/v2\/pages\/148128","targetHints":{"allow":["GET"]}}],"collection":[{"href":"https:\/\/www.directhealthcaregroup.com\/da\/wp-json\/wp\/v2\/pages"}],"about":[{"href":"https:\/\/www.directhealthcaregroup.com\/da\/wp-json\/wp\/v2\/types\/page"}],"author":[{"embeddable":true,"href":"https:\/\/www.directhealthcaregroup.com\/da\/wp-json\/wp\/v2\/users\/2"}],"replies":[{"embeddable":true,"href":"https:\/\/www.directhealthcaregroup.com\/da\/wp-json\/wp\/v2\/comments?post=148128"}],"version-history":[{"count":53,"href":"https:\/\/www.directhealthcaregroup.com\/da\/wp-json\/wp\/v2\/pages\/148128\/revisions"}],"predecessor-version":[{"id":187246,"href":"https:\/\/www.directhealthcaregroup.com\/da\/wp-json\/wp\/v2\/pages\/148128\/revisions\/187246"}],"wp:attachment":[{"href":"https:\/\/www.directhealthcaregroup.com\/da\/wp-json\/wp\/v2\/media?parent=148128"}],"curies":[{"name":"wp","href":"https:\/\/api.w.org\/{rel}","templated":true}]}}