{"id":173559,"date":"2023-02-17T10:45:43","date_gmt":"2023-02-17T10:45:43","guid":{"rendered":"https:\/\/www.directhealthcaregroup.com\/?page_id=173559"},"modified":"2023-02-17T10:45:45","modified_gmt":"2023-02-17T10:45:45","slug":"vision-og-mission","status":"publish","type":"page","link":"https:\/\/www.directhealthcaregroup.com\/da\/vision-og-mission\/","title":{"rendered":"VISION OG MISSION"},"content":{"rendered":"\n<h2 class=\"has-text-align-center wp-block-heading\"><span style=\"color:#38b6ac\" class=\"has-inline-color\">VISION<\/span><\/h2>\n\n\n\n<hr class=\"wp-block-separator\"\/>\n\n\n\n<h3 class=\"has-text-align-center wp-block-heading\">At fremme sundheden hos personer med formindsket bev\u00e6gelsesf\u00f8rlighed ved at bruge innovative og gennempr\u00f8vede l\u00f8sninger til at give en sikker pleje, der ydes i dag og den pleje, der skal ydes i morgen.<\/h3>\n\n\n\n<div style=\"height:100px\" aria-hidden=\"true\" class=\"wp-block-spacer\"><\/div>\n\n\n\n<h2 class=\"has-text-align-center wp-block-heading\"><span style=\"color:#38b6ac\" class=\"has-inline-color\">MISSION<\/span><\/h2>\n\n\n\n<hr class=\"wp-block-separator\"\/>\n\n\n\n<h3 class=\"has-text-align-center wp-block-heading\">DHG st\u00f8tter konstant vores sundhedspartnere og de mennesker, hvis sundhedsbehov de tjener, ved at levere l\u00f8sninger, der forbedrer de vitale forbindelser mellem bev\u00e6gelse og sundhed. Alt sammen f\u00f8rer til de bedste restitutionsresultater og sund uafh\u00e6ngighed i dagligdagen.<\/h3>\n","protected":false},"excerpt":{"rendered":"<p>VISION At fremme sundheden hos personer med formindsket bev\u00e6gelsesf\u00f8rlighed ved at bruge innovative og gennempr\u00f8vede l\u00f8sninger til at give en sikker pleje, der ydes i dag og den pleje, der skal ydes i morgen. MISSION DHG st\u00f8tter konstant vores sundhedspartnere og de mennesker, hvis sundhedsbehov de tjener, ved at levere l\u00f8sninger, der forbedrer de vitale &hellip; <a href=\"https:\/\/www.directhealthcaregroup.com\/da\/vision-og-mission\/\">Continued<\/a><\/p>\n","protected":false},"author":40,"featured_media":0,"parent":0,"menu_order":0,"comment_status":"closed","ping_status":"closed","template":"","meta":{"_acf_changed":false,"footnotes":""},"class_list":["post-173559","page","type-page","status-publish","hentry"],"acf":[],"yoast_head":"<!-- This site is optimized with the Yoast SEO plugin v26.6 - https:\/\/yoast.com\/wordpress\/plugins\/seo\/ -->\n<title>VISION OG MISSION | DHG<\/title>\n<meta name=\"robots\" content=\"index, follow, max-snippet:-1, max-image-preview:large, max-video-preview:-1\" \/>\n<link rel=\"canonical\" href=\"https:\/\/www.directhealthcaregroup.com\/da\/vision-og-mission\/\" \/>\n<meta property=\"og:locale\" content=\"da_DK\" \/>\n<meta property=\"og:type\" content=\"article\" \/>\n<meta property=\"og:title\" content=\"VISION OG MISSION | DHG\" \/>\n<meta property=\"og:description\" content=\"VISION At fremme sundheden hos personer med formindsket bev\u00e6gelsesf\u00f8rlighed ved at bruge innovative og gennempr\u00f8vede l\u00f8sninger til at give en sikker pleje, der ydes i dag og den pleje, der skal ydes i morgen. MISSION DHG st\u00f8tter konstant vores sundhedspartnere og de mennesker, hvis sundhedsbehov de tjener, ved at levere l\u00f8sninger, der forbedrer de vitale &hellip; Continued\" \/>\n<meta property=\"og:url\" content=\"https:\/\/www.directhealthcaregroup.com\/da\/vision-og-mission\/\" \/>\n<meta property=\"og:site_name\" content=\"DHG\" \/>\n<meta property=\"article:modified_time\" content=\"2023-02-17T10:45:45+00:00\" \/>\n<meta name=\"twitter:card\" content=\"summary_large_image\" \/>\n<script type=\"application\/ld+json\" class=\"yoast-schema-graph\">{\"@context\":\"https:\/\/schema.org\",\"@graph\":[{\"@type\":\"WebPage\",\"@id\":\"https:\/\/www.directhealthcaregroup.com\/da\/vision-og-mission\/\",\"url\":\"https:\/\/www.directhealthcaregroup.com\/da\/vision-og-mission\/\",\"name\":\"VISION OG MISSION | DHG\",\"isPartOf\":{\"@id\":\"https:\/\/www.directhealthcaregroup.com\/#website\"},\"datePublished\":\"2023-02-17T10:45:43+00:00\",\"dateModified\":\"2023-02-17T10:45:45+00:00\",\"breadcrumb\":{\"@id\":\"https:\/\/www.directhealthcaregroup.com\/da\/vision-og-mission\/#breadcrumb\"},\"inLanguage\":\"da-DK\",\"potentialAction\":[{\"@type\":\"ReadAction\",\"target\":[\"https:\/\/www.directhealthcaregroup.com\/da\/vision-og-mission\/\"]}]},{\"@type\":\"BreadcrumbList\",\"@id\":\"https:\/\/www.directhealthcaregroup.com\/da\/vision-og-mission\/#breadcrumb\",\"itemListElement\":[{\"@type\":\"ListItem\",\"position\":1,\"name\":\"Home\",\"item\":\"https:\/\/www.directhealthcaregroup.com\/da\/\"},{\"@type\":\"ListItem\",\"position\":2,\"name\":\"VISION OG MISSION\"}]},{\"@type\":\"WebSite\",\"@id\":\"https:\/\/www.directhealthcaregroup.com\/#website\",\"url\":\"https:\/\/www.directhealthcaregroup.com\/\",\"name\":\"DHG\",\"description\":\"Moving Health Forward\",\"publisher\":{\"@id\":\"https:\/\/www.directhealthcaregroup.com\/#organization\"},\"potentialAction\":[{\"@type\":\"SearchAction\",\"target\":{\"@type\":\"EntryPoint\",\"urlTemplate\":\"https:\/\/www.directhealthcaregroup.com\/?s={search_term_string}\"},\"query-input\":{\"@type\":\"PropertyValueSpecification\",\"valueRequired\":true,\"valueName\":\"search_term_string\"}}],\"inLanguage\":\"da-DK\"},{\"@type\":\"Organization\",\"@id\":\"https:\/\/www.directhealthcaregroup.com\/#organization\",\"name\":\"Direct Healthcare Group\",\"url\":\"https:\/\/www.directhealthcaregroup.com\/\",\"logo\":{\"@type\":\"ImageObject\",\"inLanguage\":\"da-DK\",\"@id\":\"https:\/\/www.directhealthcaregroup.com\/#\/schema\/logo\/image\/\",\"url\":\"https:\/\/directhealthcaregroup.com\/app\/uploads\/dhg-logo.png\",\"contentUrl\":\"https:\/\/directhealthcaregroup.com\/app\/uploads\/dhg-logo.png\",\"width\":556,\"height\":240,\"caption\":\"Direct Healthcare Group\"},\"image\":{\"@id\":\"https:\/\/www.directhealthcaregroup.com\/#\/schema\/logo\/image\/\"}}]}<\/script>\n<!-- \/ Yoast SEO plugin. -->","yoast_head_json":{"title":"VISION OG MISSION | DHG","robots":{"index":"index","follow":"follow","max-snippet":"max-snippet:-1","max-image-preview":"max-image-preview:large","max-video-preview":"max-video-preview:-1"},"canonical":"https:\/\/www.directhealthcaregroup.com\/da\/vision-og-mission\/","og_locale":"da_DK","og_type":"article","og_title":"VISION OG MISSION | DHG","og_description":"VISION At fremme sundheden hos personer med formindsket bev\u00e6gelsesf\u00f8rlighed ved at bruge innovative og gennempr\u00f8vede l\u00f8sninger til at give en sikker pleje, der ydes i dag og den pleje, der skal ydes i morgen. MISSION DHG st\u00f8tter konstant vores sundhedspartnere og de mennesker, hvis sundhedsbehov de tjener, ved at levere l\u00f8sninger, der forbedrer de vitale &hellip; Continued","og_url":"https:\/\/www.directhealthcaregroup.com\/da\/vision-og-mission\/","og_site_name":"DHG","article_modified_time":"2023-02-17T10:45:45+00:00","twitter_card":"summary_large_image","schema":{"@context":"https:\/\/schema.org","@graph":[{"@type":"WebPage","@id":"https:\/\/www.directhealthcaregroup.com\/da\/vision-og-mission\/","url":"https:\/\/www.directhealthcaregroup.com\/da\/vision-og-mission\/","name":"VISION OG MISSION | DHG","isPartOf":{"@id":"https:\/\/www.directhealthcaregroup.com\/#website"},"datePublished":"2023-02-17T10:45:43+00:00","dateModified":"2023-02-17T10:45:45+00:00","breadcrumb":{"@id":"https:\/\/www.directhealthcaregroup.com\/da\/vision-og-mission\/#breadcrumb"},"inLanguage":"da-DK","potentialAction":[{"@type":"ReadAction","target":["https:\/\/www.directhealthcaregroup.com\/da\/vision-og-mission\/"]}]},{"@type":"BreadcrumbList","@id":"https:\/\/www.directhealthcaregroup.com\/da\/vision-og-mission\/#breadcrumb","itemListElement":[{"@type":"ListItem","position":1,"name":"Home","item":"https:\/\/www.directhealthcaregroup.com\/da\/"},{"@type":"ListItem","position":2,"name":"VISION OG MISSION"}]},{"@type":"WebSite","@id":"https:\/\/www.directhealthcaregroup.com\/#website","url":"https:\/\/www.directhealthcaregroup.com\/","name":"DHG","description":"Moving Health Forward","publisher":{"@id":"https:\/\/www.directhealthcaregroup.com\/#organization"},"potentialAction":[{"@type":"SearchAction","target":{"@type":"EntryPoint","urlTemplate":"https:\/\/www.directhealthcaregroup.com\/?s={search_term_string}"},"query-input":{"@type":"PropertyValueSpecification","valueRequired":true,"valueName":"search_term_string"}}],"inLanguage":"da-DK"},{"@type":"Organization","@id":"https:\/\/www.directhealthcaregroup.com\/#organization","name":"Direct Healthcare Group","url":"https:\/\/www.directhealthcaregroup.com\/","logo":{"@type":"ImageObject","inLanguage":"da-DK","@id":"https:\/\/www.directhealthcaregroup.com\/#\/schema\/logo\/image\/","url":"https:\/\/directhealthcaregroup.com\/app\/uploads\/dhg-logo.png","contentUrl":"https:\/\/directhealthcaregroup.com\/app\/uploads\/dhg-logo.png","width":556,"height":240,"caption":"Direct Healthcare Group"},"image":{"@id":"https:\/\/www.directhealthcaregroup.com\/#\/schema\/logo\/image\/"}}]}},"_links":{"self":[{"href":"https:\/\/www.directhealthcaregroup.com\/da\/wp-json\/wp\/v2\/pages\/173559","targetHints":{"allow":["GET"]}}],"collection":[{"href":"https:\/\/www.directhealthcaregroup.com\/da\/wp-json\/wp\/v2\/pages"}],"about":[{"href":"https:\/\/www.directhealthcaregroup.com\/da\/wp-json\/wp\/v2\/types\/page"}],"author":[{"embeddable":true,"href":"https:\/\/www.directhealthcaregroup.com\/da\/wp-json\/wp\/v2\/users\/40"}],"replies":[{"embeddable":true,"href":"https:\/\/www.directhealthcaregroup.com\/da\/wp-json\/wp\/v2\/comments?post=173559"}],"version-history":[{"count":4,"href":"https:\/\/www.directhealthcaregroup.com\/da\/wp-json\/wp\/v2\/pages\/173559\/revisions"}],"predecessor-version":[{"id":173564,"href":"https:\/\/www.directhealthcaregroup.com\/da\/wp-json\/wp\/v2\/pages\/173559\/revisions\/173564"}],"wp:attachment":[{"href":"https:\/\/www.directhealthcaregroup.com\/da\/wp-json\/wp\/v2\/media?parent=173559"}],"curies":[{"name":"wp","href":"https:\/\/api.w.org\/{rel}","templated":true}]}}