{"id":173872,"date":"2023-02-22T07:32:50","date_gmt":"2023-02-22T07:32:50","guid":{"rendered":"https:\/\/www.directhealthcaregroup.com\/?page_id=173872"},"modified":"2023-07-06T14:17:36","modified_gmt":"2023-07-06T13:17:36","slug":"nyhedsbrev","status":"publish","type":"page","link":"https:\/\/www.directhealthcaregroup.com\/da\/nyhedsbrev\/","title":{"rendered":"NYHEDSBREV"},"content":{"rendered":"\n<h1 class=\"has-text-align-center wp-block-heading\"><strong>G\u00f8r som 1.000 andre &#8211; tilmeld dig vores nyhedsbrev!<\/strong><\/h1>\n\n\n\n<p><\/p>\n\n\n\n<h3 class=\"has-text-align-center wp-block-heading\">F\u00f8lg med i vores sp\u00e6ndende artikler om problemstillinger i relation til plejekr\u00e6vende, sengeliggende borgere eller patienter.<\/h3>\n\n\n\n<h3 class=\"has-text-align-center wp-block-heading\">F\u00e5 ogs\u00e5 den nyeste viden om hj\u00e6lpemidler, der g\u00f8r livet bedre for b\u00e5de dig og den plejekr\u00e6vende. Der er ogs\u00e5 tips &amp; tricks som er nyttige for dig i din hverdag. Derudover f\u00e5r du besked om vores sp\u00e6ndende seminartilbud og meget mere!<\/h3>\n\n\n\n<div style=\"height:100px\" aria-hidden=\"true\" class=\"wp-block-spacer\"><\/div>\n\n\n\n<h2 class=\"has-text-align-center wp-block-heading\"><strong>Tilmeld dig her: <\/strong><\/h2>\n\n\n<form method=\"post\" enctype=\"multipart\/form-data\" id=\"vfbp-form-65\" class=\"vfbp-form\"><div style=\"display:none;\"><label for=\"vfbp-EMAIL-AN8fuQyoDLXem\">If you are human, leave this field blank.<\/label><input size=\"25\" autocomplete=\"off\" type=\"text\" name=\"vfbp-EMAIL-AN8fuQyoDLXem\" value=\"\" id=\"\"><\/div><input type=\"hidden\" name=\"_vfb-timestamp-65\" value=\"1775693963\" id=\"\"><input type=\"hidden\" name=\"_vfb-form-id\" value=\"65\" id=\"\"><div class=\"vfb-col-12 vfb-fieldType-name\" id=\"vfbField675\"><div class=\"vfb-form-group\"><label for=\"vfb-field-675\" class=\"vfb-control-label\">Navn <span class=\"vfb-required-asterisk\">*<\/span><\/label><div class=\"vfb-name-block\"><div class=\"vfb-form-group\"><div class=\"vfb-col-6\"><input id=\"vfb-field-675-first\" class=\"vfb-form-control vfb-namepart-first\" placeholder=\"Fornavn\" required=\"required\" type=\"text\" name=\"vfb-field-675[first]\"><\/div><\/div><div class=\"vfb-form-group\"><div class=\"vfb-col-6\"><input id=\"vfb-field-675-last\" class=\"vfb-form-control vfb-namepart-last\" placeholder=\"Last\" required=\"required\" type=\"text\" name=\"vfb-field-675[last]\"><\/div><\/div><\/div><\/div><\/div><div class=\"vfb-clearfix\"><\/div><div class=\"vfb-col-12 vfb-fieldType-email\" id=\"vfbField676\"><div class=\"vfb-form-group\"><label for=\"vfb-field-676\" class=\"vfb-control-label\">Email <span class=\"vfb-required-asterisk\">*<\/span><\/label><div><input id=\"vfb-field-676\" class=\"vfb-form-control\" placeholder=\"\" required=\"required\" type=\"email\" name=\"vfb-field-676\" value=\"\"><\/div><\/div><\/div><div class=\"vfb-clearfix\"><\/div><div class=\"vfb-col-12 vfb-fieldType-text\" id=\"vfbField677\"><div class=\"vfb-form-group\"><label for=\"vfb-field-677\" class=\"vfb-control-label\">Navnet p\u00e5 din arbejdsplads <span class=\"vfb-required-asterisk\">*<\/span><\/label><div><input id=\"vfb-field-677\" class=\"vfb-form-control\" placeholder=\"\" required=\"required\" type=\"text\" name=\"vfb-field-677\" value=\"\"><\/div><\/div><\/div><div class=\"vfb-clearfix\"><\/div><div class=\"vfb-col-12 vfb-fieldType-select\" id=\"vfbField678\"><label for=\"vfb-field-678\" class=\"vfb-control-label\">Region <span class=\"vfb-required-asterisk\">*<\/span><\/label><div><div class=\"vfb-form-group\"><select id=\"vfb-field-678\" class=\"vfb-form-control\" placeholder=\"\" required=\"required\" name=\"vfb-field-678\"><option value=\"Midtjylland\">Midtjylland<\/option><option value=\"Sj&aelig;lland\">Sj\u00e6lland<\/option><option value=\"Hovedstaden\">Hovedstaden<\/option><option value=\"Syddanmark\">Syddanmark<\/option><option value=\"Nordjylland\">Nordjylland<\/option><\/select><\/div><\/div><\/div><div class=\"vfb-clearfix\"><\/div><div class=\"vfb-col-12 vfb-fieldType-select\" id=\"vfbField679\"><label for=\"vfb-field-679\" class=\"vfb-control-label\">Arbejdspladsens art <span class=\"vfb-required-asterisk\">*<\/span><\/label><div><div class=\"vfb-form-group\"><select id=\"vfb-field-679\" class=\"vfb-form-control\" placeholder=\"\" required=\"required\" name=\"vfb-field-679\"><option value=\"Kommune \/ Myndighed\">Kommune \/ Myndighed<\/option><option value=\"Plejecenter\">Plejecenter<\/option><option value=\"Hjemmepleje\">Hjemmepleje<\/option><option value=\"Institution \/ Boenhed\">Institution \/ Boenhed<\/option><option value=\"Hj&aelig;lpemiddeldepot\">Hj\u00e6lpemiddeldepot<\/option><option value=\"Sygehus\">Sygehus<\/option><option value=\"Hospice\">Hospice<\/option><option value=\"Andet\">Andet<\/option><\/select><\/div><\/div><\/div><div class=\"vfb-clearfix\"><\/div><div class=\"vfb-col-12 vfb-fieldType-text\" id=\"vfbField680\"><div class=\"vfb-form-group\"><label for=\"vfb-field-680\" class=\"vfb-control-label\">Din stillingsbetegnelse <span class=\"vfb-required-asterisk\">*<\/span><\/label><div><input id=\"vfb-field-680\" class=\"vfb-form-control\" placeholder=\"\" required=\"required\" type=\"text\" name=\"vfb-field-680\" value=\"\"><\/div><\/div><\/div><div class=\"vfb-clearfix\"><\/div><div class=\"vfb-col-12 vfb-fieldType-checkbox\" id=\"vfbField681\"><label for=\"vfb-field-681\" class=\"vfb-control-label\">Interesser <span class=\"vfb-required-asterisk\">*<\/span><\/label><div><div class=\"vfb-checkbox\"><label><input id=\"vfb-field-681-0\" class=\"\" placeholder=\"\" data-vfb-multiple=\"vfb-field-681\" required=\"required\" type=\"checkbox\" name=\"vfb-field-681[0]\" value=\"1\">Forflytning<\/label><\/div><div class=\"vfb-checkbox\"><label><input id=\"vfb-field-681-1\" class=\"\" placeholder=\"\" data-vfb-multiple=\"vfb-field-681\" type=\"checkbox\" name=\"vfb-field-681[1]\" value=\"1\">Lejring<\/label><\/div><div class=\"vfb-checkbox\"><label><input id=\"vfb-field-681-2\" class=\"\" placeholder=\"\" data-vfb-multiple=\"vfb-field-681\" type=\"checkbox\" name=\"vfb-field-681[2]\" value=\"1\">Bariatri<\/label><\/div><div class=\"vfb-checkbox\"><label><input id=\"vfb-field-681-3\" class=\"\" placeholder=\"\" data-vfb-multiple=\"vfb-field-681\" type=\"checkbox\" name=\"vfb-field-681[3]\" value=\"1\">Demens<\/label><\/div><div class=\"vfb-checkbox\"><label><input id=\"vfb-field-681-4\" class=\"\" placeholder=\"\" data-vfb-multiple=\"vfb-field-681\" type=\"checkbox\" name=\"vfb-field-681[4]\" value=\"1\">Arbejdsmilj\u00f8<\/label><\/div><div class=\"vfb-checkbox\"><label><input id=\"vfb-field-681-5\" class=\"\" placeholder=\"\" data-vfb-multiple=\"vfb-field-681\" type=\"checkbox\" name=\"vfb-field-681[5]\" value=\"1\">S\u00f8vn<\/label><\/div><div class=\"vfb-checkbox\"><label><input id=\"vfb-field-681-6\" class=\"\" placeholder=\"\" data-vfb-multiple=\"vfb-field-681\" type=\"checkbox\" name=\"vfb-field-681[6]\" value=\"1\">Rehabilitering<\/label><\/div><div class=\"vfb-checkbox\"><label><input id=\"vfb-field-681-7\" class=\"\" placeholder=\"\" data-vfb-multiple=\"vfb-field-681\" type=\"checkbox\" name=\"vfb-field-681[7]\" value=\"1\">V\u00e6vsaflastning og s\u00e5r<\/label><\/div><\/div><\/div><div class=\"vfb-clearfix\"><\/div><div class=\"vfb-col-12 vfb-fieldType-checkbox\" id=\"vfbField685\"><label for=\"vfb-field-685\" class=\"vfb-control-label\">Jeg accepterer, at DHG Danmark behandler mine oplysninger iht. g\u00e6ldende privatlivs- og persondatapolitik <span class=\"vfb-required-asterisk\">*<\/span><\/label><div><div class=\"vfb-checkbox\"><label><input id=\"vfb-field-685-0\" class=\"\" placeholder=\"\" data-vfb-multiple=\"vfb-field-685\" required=\"required\" type=\"checkbox\" name=\"vfb-field-685[0]\" value=\"1\"><\/label><\/div><\/div><\/div><div class=\"vfb-clearfix\"><\/div><div class=\"vfb-col-12 vfb-fieldType-submit\" id=\"vfbField684\"><button id=\"vfb-field-684\" class=\" btn btn-primary\" placeholder=\"\" type=\"submit\" name=\"_vfb-submit\">Indsend<\/button><\/div><div class=\"vfb-clearfix\"><\/div><\/form>\n\n\n\n<p>N\u00e5r du tilmelder dig vores nyhedsbrev, behandler vi dine persondata som beskrevet i vores&nbsp;<a href=\"https:\/\/www.directhealthcaregroup.com\/da\/gdpr-og-persondatapolitik\/\" target=\"_blank\" rel=\"noreferrer noopener\">privatlivs- og persondatapolitik<\/a>.&nbsp;<\/p>\n\n\n\n<p>Du kan til enhver tid afmelde dig igen ved at sende en mail til <a rel=\"noreferrer noopener\" href=\"mailto:nyhedsbrev@directhealthcaregroup.dk\" target=\"_blank\">nyhedsbrev@directhealthcaregroup.dk<\/a>. <\/p>\n","protected":false},"excerpt":{"rendered":"<p>G\u00f8r som 1.000 andre &#8211; tilmeld dig vores nyhedsbrev! F\u00f8lg med i vores sp\u00e6ndende artikler om problemstillinger i relation til plejekr\u00e6vende, sengeliggende borgere eller patienter. F\u00e5 ogs\u00e5 den nyeste viden om hj\u00e6lpemidler, der g\u00f8r livet bedre for b\u00e5de dig og den plejekr\u00e6vende. Der er ogs\u00e5 tips &amp; tricks som er nyttige for dig i din &hellip; <a href=\"https:\/\/www.directhealthcaregroup.com\/da\/nyhedsbrev\/\">Continued<\/a><\/p>\n","protected":false},"author":40,"featured_media":0,"parent":0,"menu_order":0,"comment_status":"closed","ping_status":"closed","template":"","meta":{"_acf_changed":false,"footnotes":""},"class_list":["post-173872","page","type-page","status-publish","hentry"],"acf":[],"yoast_head":"<!-- This site is optimized with the Yoast SEO plugin v26.6 - https:\/\/yoast.com\/wordpress\/plugins\/seo\/ -->\n<title>NYHEDSBREV | DHG<\/title>\n<meta name=\"robots\" content=\"index, follow, max-snippet:-1, max-image-preview:large, max-video-preview:-1\" \/>\n<link rel=\"canonical\" href=\"https:\/\/www.directhealthcaregroup.com\/da\/nyhedsbrev\/\" \/>\n<meta property=\"og:locale\" content=\"da_DK\" \/>\n<meta property=\"og:type\" content=\"article\" \/>\n<meta property=\"og:title\" content=\"NYHEDSBREV | DHG\" \/>\n<meta property=\"og:description\" content=\"G\u00f8r som 1.000 andre &#8211; tilmeld dig vores nyhedsbrev! F\u00f8lg med i vores sp\u00e6ndende artikler om problemstillinger i relation til plejekr\u00e6vende, sengeliggende borgere eller patienter. F\u00e5 ogs\u00e5 den nyeste viden om hj\u00e6lpemidler, der g\u00f8r livet bedre for b\u00e5de dig og den plejekr\u00e6vende. Der er ogs\u00e5 tips &amp; tricks som er nyttige for dig i din &hellip; Continued\" \/>\n<meta property=\"og:url\" content=\"https:\/\/www.directhealthcaregroup.com\/da\/nyhedsbrev\/\" \/>\n<meta property=\"og:site_name\" content=\"DHG\" \/>\n<meta property=\"article:modified_time\" content=\"2023-07-06T13:17:36+00:00\" \/>\n<meta name=\"twitter:card\" content=\"summary_large_image\" \/>\n<meta name=\"twitter:label1\" content=\"Est. reading time\" \/>\n\t<meta name=\"twitter:data1\" content=\"1 minute\" \/>\n<script type=\"application\/ld+json\" class=\"yoast-schema-graph\">{\"@context\":\"https:\/\/schema.org\",\"@graph\":[{\"@type\":\"WebPage\",\"@id\":\"https:\/\/www.directhealthcaregroup.com\/da\/nyhedsbrev\/\",\"url\":\"https:\/\/www.directhealthcaregroup.com\/da\/nyhedsbrev\/\",\"name\":\"NYHEDSBREV | DHG\",\"isPartOf\":{\"@id\":\"https:\/\/www.directhealthcaregroup.com\/#website\"},\"datePublished\":\"2023-02-22T07:32:50+00:00\",\"dateModified\":\"2023-07-06T13:17:36+00:00\",\"breadcrumb\":{\"@id\":\"https:\/\/www.directhealthcaregroup.com\/da\/nyhedsbrev\/#breadcrumb\"},\"inLanguage\":\"da-DK\",\"potentialAction\":[{\"@type\":\"ReadAction\",\"target\":[\"https:\/\/www.directhealthcaregroup.com\/da\/nyhedsbrev\/\"]}]},{\"@type\":\"BreadcrumbList\",\"@id\":\"https:\/\/www.directhealthcaregroup.com\/da\/nyhedsbrev\/#breadcrumb\",\"itemListElement\":[{\"@type\":\"ListItem\",\"position\":1,\"name\":\"Home\",\"item\":\"https:\/\/www.directhealthcaregroup.com\/da\/\"},{\"@type\":\"ListItem\",\"position\":2,\"name\":\"NYHEDSBREV\"}]},{\"@type\":\"WebSite\",\"@id\":\"https:\/\/www.directhealthcaregroup.com\/#website\",\"url\":\"https:\/\/www.directhealthcaregroup.com\/\",\"name\":\"DHG\",\"description\":\"Moving Health Forward\",\"publisher\":{\"@id\":\"https:\/\/www.directhealthcaregroup.com\/#organization\"},\"potentialAction\":[{\"@type\":\"SearchAction\",\"target\":{\"@type\":\"EntryPoint\",\"urlTemplate\":\"https:\/\/www.directhealthcaregroup.com\/?s={search_term_string}\"},\"query-input\":{\"@type\":\"PropertyValueSpecification\",\"valueRequired\":true,\"valueName\":\"search_term_string\"}}],\"inLanguage\":\"da-DK\"},{\"@type\":\"Organization\",\"@id\":\"https:\/\/www.directhealthcaregroup.com\/#organization\",\"name\":\"Direct Healthcare Group\",\"url\":\"https:\/\/www.directhealthcaregroup.com\/\",\"logo\":{\"@type\":\"ImageObject\",\"inLanguage\":\"da-DK\",\"@id\":\"https:\/\/www.directhealthcaregroup.com\/#\/schema\/logo\/image\/\",\"url\":\"https:\/\/directhealthcaregroup.com\/app\/uploads\/dhg-logo.png\",\"contentUrl\":\"https:\/\/directhealthcaregroup.com\/app\/uploads\/dhg-logo.png\",\"width\":556,\"height\":240,\"caption\":\"Direct Healthcare Group\"},\"image\":{\"@id\":\"https:\/\/www.directhealthcaregroup.com\/#\/schema\/logo\/image\/\"}}]}<\/script>\n<!-- \/ Yoast SEO plugin. -->","yoast_head_json":{"title":"NYHEDSBREV | DHG","robots":{"index":"index","follow":"follow","max-snippet":"max-snippet:-1","max-image-preview":"max-image-preview:large","max-video-preview":"max-video-preview:-1"},"canonical":"https:\/\/www.directhealthcaregroup.com\/da\/nyhedsbrev\/","og_locale":"da_DK","og_type":"article","og_title":"NYHEDSBREV | DHG","og_description":"G\u00f8r som 1.000 andre &#8211; tilmeld dig vores nyhedsbrev! F\u00f8lg med i vores sp\u00e6ndende artikler om problemstillinger i relation til plejekr\u00e6vende, sengeliggende borgere eller patienter. F\u00e5 ogs\u00e5 den nyeste viden om hj\u00e6lpemidler, der g\u00f8r livet bedre for b\u00e5de dig og den plejekr\u00e6vende. Der er ogs\u00e5 tips &amp; tricks som er nyttige for dig i din &hellip; Continued","og_url":"https:\/\/www.directhealthcaregroup.com\/da\/nyhedsbrev\/","og_site_name":"DHG","article_modified_time":"2023-07-06T13:17:36+00:00","twitter_card":"summary_large_image","twitter_misc":{"Est. reading time":"1 minute"},"schema":{"@context":"https:\/\/schema.org","@graph":[{"@type":"WebPage","@id":"https:\/\/www.directhealthcaregroup.com\/da\/nyhedsbrev\/","url":"https:\/\/www.directhealthcaregroup.com\/da\/nyhedsbrev\/","name":"NYHEDSBREV | DHG","isPartOf":{"@id":"https:\/\/www.directhealthcaregroup.com\/#website"},"datePublished":"2023-02-22T07:32:50+00:00","dateModified":"2023-07-06T13:17:36+00:00","breadcrumb":{"@id":"https:\/\/www.directhealthcaregroup.com\/da\/nyhedsbrev\/#breadcrumb"},"inLanguage":"da-DK","potentialAction":[{"@type":"ReadAction","target":["https:\/\/www.directhealthcaregroup.com\/da\/nyhedsbrev\/"]}]},{"@type":"BreadcrumbList","@id":"https:\/\/www.directhealthcaregroup.com\/da\/nyhedsbrev\/#breadcrumb","itemListElement":[{"@type":"ListItem","position":1,"name":"Home","item":"https:\/\/www.directhealthcaregroup.com\/da\/"},{"@type":"ListItem","position":2,"name":"NYHEDSBREV"}]},{"@type":"WebSite","@id":"https:\/\/www.directhealthcaregroup.com\/#website","url":"https:\/\/www.directhealthcaregroup.com\/","name":"DHG","description":"Moving Health Forward","publisher":{"@id":"https:\/\/www.directhealthcaregroup.com\/#organization"},"potentialAction":[{"@type":"SearchAction","target":{"@type":"EntryPoint","urlTemplate":"https:\/\/www.directhealthcaregroup.com\/?s={search_term_string}"},"query-input":{"@type":"PropertyValueSpecification","valueRequired":true,"valueName":"search_term_string"}}],"inLanguage":"da-DK"},{"@type":"Organization","@id":"https:\/\/www.directhealthcaregroup.com\/#organization","name":"Direct Healthcare Group","url":"https:\/\/www.directhealthcaregroup.com\/","logo":{"@type":"ImageObject","inLanguage":"da-DK","@id":"https:\/\/www.directhealthcaregroup.com\/#\/schema\/logo\/image\/","url":"https:\/\/directhealthcaregroup.com\/app\/uploads\/dhg-logo.png","contentUrl":"https:\/\/directhealthcaregroup.com\/app\/uploads\/dhg-logo.png","width":556,"height":240,"caption":"Direct Healthcare Group"},"image":{"@id":"https:\/\/www.directhealthcaregroup.com\/#\/schema\/logo\/image\/"}}]}},"_links":{"self":[{"href":"https:\/\/www.directhealthcaregroup.com\/da\/wp-json\/wp\/v2\/pages\/173872","targetHints":{"allow":["GET"]}}],"collection":[{"href":"https:\/\/www.directhealthcaregroup.com\/da\/wp-json\/wp\/v2\/pages"}],"about":[{"href":"https:\/\/www.directhealthcaregroup.com\/da\/wp-json\/wp\/v2\/types\/page"}],"author":[{"embeddable":true,"href":"https:\/\/www.directhealthcaregroup.com\/da\/wp-json\/wp\/v2\/users\/40"}],"replies":[{"embeddable":true,"href":"https:\/\/www.directhealthcaregroup.com\/da\/wp-json\/wp\/v2\/comments?post=173872"}],"version-history":[{"count":13,"href":"https:\/\/www.directhealthcaregroup.com\/da\/wp-json\/wp\/v2\/pages\/173872\/revisions"}],"predecessor-version":[{"id":188148,"href":"https:\/\/www.directhealthcaregroup.com\/da\/wp-json\/wp\/v2\/pages\/173872\/revisions\/188148"}],"wp:attachment":[{"href":"https:\/\/www.directhealthcaregroup.com\/da\/wp-json\/wp\/v2\/media?parent=173872"}],"curies":[{"name":"wp","href":"https:\/\/api.w.org\/{rel}","templated":true}]}}