{"id":174941,"date":"2023-03-15T11:36:03","date_gmt":"2023-03-15T11:36:03","guid":{"rendered":"https:\/\/www.directhealthcaregroup.com\/?page_id=174941"},"modified":"2026-01-23T10:54:16","modified_gmt":"2026-01-23T10:54:16","slug":"online-support","status":"publish","type":"page","link":"https:\/\/www.directhealthcaregroup.com\/da\/online-support\/","title":{"rendered":"ONLINE SUPPORT"},"content":{"rendered":"\n<p class=\"has-text-align-left\">Det kan v\u00e6re vanskeligt at f\u00e5 logistikken til at g\u00e5 op, n\u00e5r det daglige plejepersonale, sagsbehandlere, tr\u00e6nende terapeuter, sygeplejersker og eksterne konsulenter skal have koordineret en dato samt et tidspunkt, hvor alle har mulighed for at v\u00e6re tilstede. Det har DHG en l\u00f8sning p\u00e5. <\/p>\n\n\n\n<p class=\"has-text-align-left\">Vi tilbyder en mulighed for at booke en tid og f\u00e5 online support over Teams. Datoerne bliver l\u00f8bende planlagt \u2013 og tidspunkterne vil varigere s\u00e5ledes vi kan tilbyde et fleksibelt tidspunkt p\u00e5 dagen. Hvis det afsatte tidsrum ikke passer ind hos lige netop jer, vil vi g\u00f8re alt for at im\u00f8dekomme \u00f8nsker. <\/p>\n\n\n\n<ul class=\"wp-block-list\">\n<li>Det er muligt, fast en gang om ugen, at booke sig ind p\u00e5 en Online Support session<\/li>\n\n\n\n<li>Der gives Online Support i konkrete borgersager, i relation til forflytning og lejring\n<ul class=\"wp-block-list\">\n<li>Online Support kan v\u00e6re med en personalegruppe<\/li>\n\n\n\n<li>Online Support kan v\u00e6re hos den aktuelle borger<\/li>\n<\/ul>\n<\/li>\n\n\n\n<li>Der gives Online Support i DHG\u00b4 s produkt portef\u00f8lje<\/li>\n<\/ul>\n\n\n\n<p>Tidspunkt og dato aftales mellem kunden og DHG &#8211; Se planlagte datoer <a href=\"https:\/\/www.directhealthcaregroup.com\/app\/uploads\/Ethos-program-2026_final.pdf\">her<\/a>  <\/p>\n\n\n\n<p>Online Support er gratis.<\/p>\n\n\n\n<p>Book online support ved at sende en mail til <a href=\"mailto:Pia.beck@directhealthcaregroup.com\" target=\"_blank\" rel=\"noreferrer noopener\">Pia.beck@directhealthcaregroup.com<\/a>.<\/p>\n\n\n<div class=\"wp-block-image is-resized\">\n<figure class=\"aligncenter size-large\"><img loading=\"lazy\" decoding=\"async\" width=\"493\" height=\"371\" src=\"https:\/\/www.directhealthcaregroup.com\/app\/uploads\/Pia-Beck.jpg\" alt=\"\" class=\"wp-image-173418\" style=\"aspect-ratio:1.329002320185615;width:179px;height:auto\" srcset=\"https:\/\/www.directhealthcaregroup.com\/app\/uploads\/Pia-Beck.jpg 493w, https:\/\/www.directhealthcaregroup.com\/app\/uploads\/Pia-Beck-300x226.jpg 300w, https:\/\/www.directhealthcaregroup.com\/app\/uploads\/Pia-Beck-320x241.jpg 320w, https:\/\/www.directhealthcaregroup.com\/app\/uploads\/Pia-Beck-296x223.jpg 296w\" sizes=\"auto, (max-width: 493px) 100vw, 493px\" \/><\/figure>\n<\/div>\n\n\n<h3 class=\"wp-block-heading has-text-align-center\"><strong>Pia Beck | DHG Educational Manager<\/strong><\/h3>\n\n\n\n<p>Pia har mere end 20 \u00e5rs erfaring p\u00e5 hj\u00e6lpemiddelomr\u00e5det og har stor erfaring inden for forflytnings- og lejringsomr\u00e5det. Det v\u00e6rende sig b\u00e5de den teoretiske og kliniske del. Pia har et stort kendskab til komplekse lejrings- og forflytningsudfordringer og bringer b\u00e5de sin teoretiske viden og praktiske erfaring i spil, for at l\u00f8se lige netop jeres udfordringer. <\/p>\n\n\n\n<p>Pia har de sidste 10 \u00e5r st\u00e5et i spidsen for en lang r\u00e6kke seminarer og workshops, hvor deltagerne har repr\u00e6senteret et bredt udsnit af de sundhedsprofessionelle uddannelser, vi har i Danmark. Derudover er Pia ofte med som r\u00e5dgiver i komplekse borgersager, og har derfor indg\u00e5ende kendskab til de daglige udfordringer, der kan udspille sig i arbejdet med plejekr\u00e6vende sengeliggende mennesker, der har brug for hj\u00e6lp.<\/p>\n","protected":false},"excerpt":{"rendered":"<p>Det kan v\u00e6re vanskeligt at f\u00e5 logistikken til at g\u00e5 op, n\u00e5r det daglige plejepersonale, sagsbehandlere, tr\u00e6nende terapeuter, sygeplejersker og eksterne konsulenter skal have koordineret en dato samt et tidspunkt, hvor alle har mulighed for at v\u00e6re tilstede. Det har DHG en l\u00f8sning p\u00e5. Vi tilbyder en mulighed for at booke en tid og f\u00e5 &hellip; <a href=\"https:\/\/www.directhealthcaregroup.com\/da\/online-support\/\">Continued<\/a><\/p>\n","protected":false},"author":40,"featured_media":0,"parent":0,"menu_order":0,"comment_status":"closed","ping_status":"closed","template":"","meta":{"_acf_changed":false,"footnotes":""},"class_list":["post-174941","page","type-page","status-publish","hentry"],"acf":[],"yoast_head":"<!-- This site is optimized with the Yoast SEO plugin v27.4 - https:\/\/yoast.com\/product\/yoast-seo-wordpress\/ -->\n<title>ONLINE SUPPORT | DHG<\/title>\n<meta name=\"description\" content=\"Vi tilbyder en mulighed for at booke en tid og f\u00e5 online support.\" \/>\n<meta name=\"robots\" content=\"index, follow, max-snippet:-1, max-image-preview:large, max-video-preview:-1\" \/>\n<link rel=\"canonical\" href=\"https:\/\/www.directhealthcaregroup.com\/da\/online-support\/\" \/>\n<meta property=\"og:locale\" content=\"da_DK\" \/>\n<meta property=\"og:type\" content=\"article\" \/>\n<meta property=\"og:title\" content=\"ONLINE SUPPORT | DHG\" \/>\n<meta property=\"og:description\" content=\"Vi tilbyder en mulighed for at booke en tid og f\u00e5 online support.\" \/>\n<meta property=\"og:url\" content=\"https:\/\/www.directhealthcaregroup.com\/da\/online-support\/\" \/>\n<meta property=\"og:site_name\" content=\"DHG\" \/>\n<meta property=\"article:modified_time\" content=\"2026-01-23T10:54:16+00:00\" \/>\n<meta property=\"og:image\" content=\"https:\/\/www.directhealthcaregroup.com\/app\/uploads\/Pia-Beck.jpg\" \/>\n\t<meta property=\"og:image:width\" content=\"493\" \/>\n\t<meta property=\"og:image:height\" content=\"371\" \/>\n\t<meta property=\"og:image:type\" content=\"image\/jpeg\" \/>\n<meta name=\"twitter:card\" content=\"summary_large_image\" \/>\n<meta name=\"twitter:label1\" content=\"Est. reading time\" \/>\n\t<meta name=\"twitter:data1\" content=\"2 minutes\" \/>\n<script type=\"application\/ld+json\" class=\"yoast-schema-graph\">{\"@context\":\"https:\\\/\\\/schema.org\",\"@graph\":[{\"@type\":\"WebPage\",\"@id\":\"https:\\\/\\\/www.directhealthcaregroup.com\\\/da\\\/online-support\\\/\",\"url\":\"https:\\\/\\\/www.directhealthcaregroup.com\\\/da\\\/online-support\\\/\",\"name\":\"ONLINE SUPPORT | DHG\",\"isPartOf\":{\"@id\":\"https:\\\/\\\/www.directhealthcaregroup.com\\\/#website\"},\"primaryImageOfPage\":{\"@id\":\"https:\\\/\\\/www.directhealthcaregroup.com\\\/da\\\/online-support\\\/#primaryimage\"},\"image\":{\"@id\":\"https:\\\/\\\/www.directhealthcaregroup.com\\\/da\\\/online-support\\\/#primaryimage\"},\"thumbnailUrl\":\"https:\\\/\\\/www.directhealthcaregroup.com\\\/app\\\/uploads\\\/Pia-Beck.jpg\",\"datePublished\":\"2023-03-15T11:36:03+00:00\",\"dateModified\":\"2026-01-23T10:54:16+00:00\",\"description\":\"Vi tilbyder en mulighed for at booke en tid og f\u00e5 online support.\",\"breadcrumb\":{\"@id\":\"https:\\\/\\\/www.directhealthcaregroup.com\\\/da\\\/online-support\\\/#breadcrumb\"},\"inLanguage\":\"da-DK\",\"potentialAction\":[{\"@type\":\"ReadAction\",\"target\":[\"https:\\\/\\\/www.directhealthcaregroup.com\\\/da\\\/online-support\\\/\"]}]},{\"@type\":\"ImageObject\",\"inLanguage\":\"da-DK\",\"@id\":\"https:\\\/\\\/www.directhealthcaregroup.com\\\/da\\\/online-support\\\/#primaryimage\",\"url\":\"https:\\\/\\\/www.directhealthcaregroup.com\\\/app\\\/uploads\\\/Pia-Beck.jpg\",\"contentUrl\":\"https:\\\/\\\/www.directhealthcaregroup.com\\\/app\\\/uploads\\\/Pia-Beck.jpg\"},{\"@type\":\"BreadcrumbList\",\"@id\":\"https:\\\/\\\/www.directhealthcaregroup.com\\\/da\\\/online-support\\\/#breadcrumb\",\"itemListElement\":[{\"@type\":\"ListItem\",\"position\":1,\"name\":\"Home\",\"item\":\"https:\\\/\\\/www.directhealthcaregroup.com\\\/da\\\/\"},{\"@type\":\"ListItem\",\"position\":2,\"name\":\"ONLINE SUPPORT\"}]},{\"@type\":\"WebSite\",\"@id\":\"https:\\\/\\\/www.directhealthcaregroup.com\\\/#website\",\"url\":\"https:\\\/\\\/www.directhealthcaregroup.com\\\/\",\"name\":\"DHG\",\"description\":\"Moving Health Forward\",\"publisher\":{\"@id\":\"https:\\\/\\\/www.directhealthcaregroup.com\\\/#organization\"},\"potentialAction\":[{\"@type\":\"SearchAction\",\"target\":{\"@type\":\"EntryPoint\",\"urlTemplate\":\"https:\\\/\\\/www.directhealthcaregroup.com\\\/?s={search_term_string}\"},\"query-input\":{\"@type\":\"PropertyValueSpecification\",\"valueRequired\":true,\"valueName\":\"search_term_string\"}}],\"inLanguage\":\"da-DK\"},{\"@type\":\"Organization\",\"@id\":\"https:\\\/\\\/www.directhealthcaregroup.com\\\/#organization\",\"name\":\"Direct Healthcare Group\",\"url\":\"https:\\\/\\\/www.directhealthcaregroup.com\\\/\",\"logo\":{\"@type\":\"ImageObject\",\"inLanguage\":\"da-DK\",\"@id\":\"https:\\\/\\\/www.directhealthcaregroup.com\\\/#\\\/schema\\\/logo\\\/image\\\/\",\"url\":\"https:\\\/\\\/directhealthcaregroup.com\\\/app\\\/uploads\\\/dhg-logo.png\",\"contentUrl\":\"https:\\\/\\\/directhealthcaregroup.com\\\/app\\\/uploads\\\/dhg-logo.png\",\"width\":556,\"height\":240,\"caption\":\"Direct Healthcare Group\"},\"image\":{\"@id\":\"https:\\\/\\\/www.directhealthcaregroup.com\\\/#\\\/schema\\\/logo\\\/image\\\/\"}}]}<\/script>\n<!-- \/ Yoast SEO plugin. -->","yoast_head_json":{"title":"ONLINE SUPPORT | DHG","description":"Vi tilbyder en mulighed for at booke en tid og f\u00e5 online support.","robots":{"index":"index","follow":"follow","max-snippet":"max-snippet:-1","max-image-preview":"max-image-preview:large","max-video-preview":"max-video-preview:-1"},"canonical":"https:\/\/www.directhealthcaregroup.com\/da\/online-support\/","og_locale":"da_DK","og_type":"article","og_title":"ONLINE SUPPORT | DHG","og_description":"Vi tilbyder en mulighed for at booke en tid og f\u00e5 online support.","og_url":"https:\/\/www.directhealthcaregroup.com\/da\/online-support\/","og_site_name":"DHG","article_modified_time":"2026-01-23T10:54:16+00:00","og_image":[{"width":493,"height":371,"url":"https:\/\/www.directhealthcaregroup.com\/app\/uploads\/Pia-Beck.jpg","type":"image\/jpeg"}],"twitter_card":"summary_large_image","twitter_misc":{"Est. reading time":"2 minutes"},"schema":{"@context":"https:\/\/schema.org","@graph":[{"@type":"WebPage","@id":"https:\/\/www.directhealthcaregroup.com\/da\/online-support\/","url":"https:\/\/www.directhealthcaregroup.com\/da\/online-support\/","name":"ONLINE SUPPORT | DHG","isPartOf":{"@id":"https:\/\/www.directhealthcaregroup.com\/#website"},"primaryImageOfPage":{"@id":"https:\/\/www.directhealthcaregroup.com\/da\/online-support\/#primaryimage"},"image":{"@id":"https:\/\/www.directhealthcaregroup.com\/da\/online-support\/#primaryimage"},"thumbnailUrl":"https:\/\/www.directhealthcaregroup.com\/app\/uploads\/Pia-Beck.jpg","datePublished":"2023-03-15T11:36:03+00:00","dateModified":"2026-01-23T10:54:16+00:00","description":"Vi tilbyder en mulighed for at booke en tid og f\u00e5 online support.","breadcrumb":{"@id":"https:\/\/www.directhealthcaregroup.com\/da\/online-support\/#breadcrumb"},"inLanguage":"da-DK","potentialAction":[{"@type":"ReadAction","target":["https:\/\/www.directhealthcaregroup.com\/da\/online-support\/"]}]},{"@type":"ImageObject","inLanguage":"da-DK","@id":"https:\/\/www.directhealthcaregroup.com\/da\/online-support\/#primaryimage","url":"https:\/\/www.directhealthcaregroup.com\/app\/uploads\/Pia-Beck.jpg","contentUrl":"https:\/\/www.directhealthcaregroup.com\/app\/uploads\/Pia-Beck.jpg"},{"@type":"BreadcrumbList","@id":"https:\/\/www.directhealthcaregroup.com\/da\/online-support\/#breadcrumb","itemListElement":[{"@type":"ListItem","position":1,"name":"Home","item":"https:\/\/www.directhealthcaregroup.com\/da\/"},{"@type":"ListItem","position":2,"name":"ONLINE SUPPORT"}]},{"@type":"WebSite","@id":"https:\/\/www.directhealthcaregroup.com\/#website","url":"https:\/\/www.directhealthcaregroup.com\/","name":"DHG","description":"Moving Health Forward","publisher":{"@id":"https:\/\/www.directhealthcaregroup.com\/#organization"},"potentialAction":[{"@type":"SearchAction","target":{"@type":"EntryPoint","urlTemplate":"https:\/\/www.directhealthcaregroup.com\/?s={search_term_string}"},"query-input":{"@type":"PropertyValueSpecification","valueRequired":true,"valueName":"search_term_string"}}],"inLanguage":"da-DK"},{"@type":"Organization","@id":"https:\/\/www.directhealthcaregroup.com\/#organization","name":"Direct Healthcare Group","url":"https:\/\/www.directhealthcaregroup.com\/","logo":{"@type":"ImageObject","inLanguage":"da-DK","@id":"https:\/\/www.directhealthcaregroup.com\/#\/schema\/logo\/image\/","url":"https:\/\/directhealthcaregroup.com\/app\/uploads\/dhg-logo.png","contentUrl":"https:\/\/directhealthcaregroup.com\/app\/uploads\/dhg-logo.png","width":556,"height":240,"caption":"Direct Healthcare Group"},"image":{"@id":"https:\/\/www.directhealthcaregroup.com\/#\/schema\/logo\/image\/"}}]}},"_links":{"self":[{"href":"https:\/\/www.directhealthcaregroup.com\/da\/wp-json\/wp\/v2\/pages\/174941","targetHints":{"allow":["GET"]}}],"collection":[{"href":"https:\/\/www.directhealthcaregroup.com\/da\/wp-json\/wp\/v2\/pages"}],"about":[{"href":"https:\/\/www.directhealthcaregroup.com\/da\/wp-json\/wp\/v2\/types\/page"}],"author":[{"embeddable":true,"href":"https:\/\/www.directhealthcaregroup.com\/da\/wp-json\/wp\/v2\/users\/40"}],"replies":[{"embeddable":true,"href":"https:\/\/www.directhealthcaregroup.com\/da\/wp-json\/wp\/v2\/comments?post=174941"}],"version-history":[{"count":9,"href":"https:\/\/www.directhealthcaregroup.com\/da\/wp-json\/wp\/v2\/pages\/174941\/revisions"}],"predecessor-version":[{"id":253940,"href":"https:\/\/www.directhealthcaregroup.com\/da\/wp-json\/wp\/v2\/pages\/174941\/revisions\/253940"}],"wp:attachment":[{"href":"https:\/\/www.directhealthcaregroup.com\/da\/wp-json\/wp\/v2\/media?parent=174941"}],"curies":[{"name":"wp","href":"https:\/\/api.w.org\/{rel}","templated":true}]}}