{"id":175305,"date":"2023-03-22T06:32:04","date_gmt":"2023-03-22T06:32:04","guid":{"rendered":"https:\/\/www.directhealthcaregroup.com\/?page_id=175305"},"modified":"2023-05-16T19:19:09","modified_gmt":"2023-05-16T18:19:09","slug":"repositionering-24-7-med-vendlet","status":"publish","type":"page","link":"https:\/\/www.directhealthcaregroup.com\/da\/viden-og-evidens\/repositionering-24-7-med-vendlet\/","title":{"rendered":"Repositionering 24\/7 med VENDLET"},"content":{"rendered":"\n<h1 class=\"wp-block-heading\"><\/h1>\n\n\n\n<p><\/p>\n\n\n\n<p>I 2008 udarbejdede den hollandske ergoterapeut Josien Boomgaard og specialist i ergonomi Nico Knibbe et studie af brugen af VENDLET HC-2.<\/p>\n\n\n\n<p>24. november 2008<\/p>\n\n\n\n<h2 class=\"wp-block-heading\"><strong>VENDLET HC-2 testet hos 5 borgere<\/strong><\/h2>\n\n\n\n<p>Dette studie er baseret p\u00e5 implementeringen af det nu udg\u00e5ede og kun delvist mekaniske vendesystem, VENDLET HC-2, hos 5 borgere i Holland. Inden studiet blev igangsat, havde man f\u00f8lgende antagelser om udbyttet ved at benytte det delvist mekanisk&nbsp;vendesystem&nbsp;Mindre fysisk belastning for plejepersonalet&nbsp;<\/p>\n\n\n\n<ul class=\"wp-block-list\"><li>St\u00f8rre livskvalitet og kvalitet i plejen<\/li><li>Mindre risiko for udvikling af tryks\u00e5r<\/li><li>\u00d8get produktivitet<\/li><\/ul>\n\n\n\n<p>Studiet bekr\u00e6ftede alle antagelserne.<\/p>\n\n\n\n<h2 class=\"wp-block-heading\"><strong>Fysisk belastning<\/strong><\/h2>\n\n\n\n<p>Studiet viste, at ved anvendelse af VENDLET systemet&nbsp;er det muligt, at<\/p>\n\n\n\n<ul class=\"wp-block-list\"><li>Uds\u00e6tte behovet for professionel pleje<\/li><li>Fastholde \u00e6ldre medarbejdere i plejearbejdet<\/li><\/ul>\n\n\n\n<h2 class=\"wp-block-heading\"><strong>Kvalitet i plejen<\/strong><\/h2>\n\n\n\n<ul class=\"wp-block-list\"><li>De sengeliggende borgere er i bedre hum\u00f8r<\/li><li>Mindre smerte og reduceret brug af smertestillende&nbsp;medicin<\/li><li>Tryghed og sikkerhed i plejen pga. VENDLETsystemets h\u00f8je kant<\/li><\/ul>\n\n\n\n<p>N\u00e5r VENDLET systemet benyttes til at vende borgeren&nbsp;frem for en manuel l\u00f8sning, har borgeren en meget&nbsp;bedre oplevelse og mindre smerte.<\/p>\n\n\n\n<h2 class=\"wp-block-heading\"><strong>Tryks\u00e5r<\/strong><\/h2>\n\n\n\n<p>Med VENDLET-systemet er det muligt at forebygge eller nedbringe risikoen for udviklingen af tryks\u00e5r, idet vendinger i sengen bliver lettere og mindre smertefulde, hvilket betyder, at borgeren bliver hyppigere repositioneret.<\/p>\n\n\n\n<h2 class=\"wp-block-heading\"><strong>Produktivitet<\/strong><\/h2>\n\n\n\n<p>Anvendelse af VENDLET-systemet er tidsbesparende.&nbsp;Plejepersonalet kan udf\u00f8re forflytningerne p\u00e5 kortere&nbsp;tid, hvilket betyder, de kan pleje et st\u00f8rre antal borgere&nbsp;i l\u00f8bet af en arbejdsdag. Studiet viser besparelser fra&nbsp;\u20ac 6.000 op til \u20ac 18.000 pr. \u00e5r.<\/p>\n\n\n\n<h2 class=\"wp-block-heading\"><strong>Udg\u00e5et system<\/strong><\/h2>\n\n\n\n<p>V\u00e6r opm\u00e6rksom p\u00e5, at dette studie er baseret p\u00e5&nbsp;den oprindelige VENDLET HC-2, som har v\u00e6ret taget&nbsp;af markedet siden 2011. VENDLET HC-2 er blevet&nbsp;erstattet af den nye og forberede VENDLET V5S, som&nbsp;er langt lettere og mere intuitiv at anvende.&nbsp;<\/p>\n\n\n\n<p>Alligevel er studiet stadig meget relevant, idet implementeringer af vores nuv\u00e6rende modeller blot vil g\u00f8re business casen endnu bedre, da de nye modeller alle er meget mere effektive i anvendelse.<\/p>\n\n\n\n<hr class=\"wp-block-separator\"\/>\n\n\n\n<p>Hent PDF: Knibbe, N. og Boomgaard, J. 2008:&nbsp;<a href=\"https:\/\/www.directhealthcaregroup.com\/app\/uploads\/rapport_vendeseng-1_dk.pdf\" target=\"_blank\" rel=\"noreferrer noopener\">Draaibed 24\/7<\/a><\/p>\n","protected":false},"excerpt":{"rendered":"<p>I 2008 udarbejdede den hollandske ergoterapeut Josien Boomgaard og specialist i ergonomi Nico Knibbe et studie af brugen af VENDLET HC-2. 24. november 2008 VENDLET HC-2 testet hos 5 borgere Dette studie er baseret p\u00e5 implementeringen af det nu udg\u00e5ede og kun delvist mekaniske vendesystem, VENDLET HC-2, hos 5 borgere i Holland. Inden studiet blev &hellip; <a href=\"https:\/\/www.directhealthcaregroup.com\/da\/viden-og-evidens\/repositionering-24-7-med-vendlet\/\">Continued<\/a><\/p>\n","protected":false},"author":40,"featured_media":177886,"parent":174696,"menu_order":1,"comment_status":"closed","ping_status":"closed","template":"","meta":{"_acf_changed":false,"footnotes":""},"class_list":["post-175305","page","type-page","status-publish","has-post-thumbnail","hentry"],"acf":[],"yoast_head":"<!-- This site is optimized with the Yoast SEO plugin v27.4 - https:\/\/yoast.com\/product\/yoast-seo-wordpress\/ -->\n<title>Repositionering 24\/7 med VENDLET | DHG<\/title>\n<meta name=\"description\" content=\"I 2008 udarbejdede den hollandske ergoterapeut Josien Boomgaard og specialist i ergonomi Nico Knibbe et studie af brugen af VENDLET HC-2.\" \/>\n<meta name=\"robots\" content=\"index, follow, max-snippet:-1, max-image-preview:large, max-video-preview:-1\" \/>\n<link rel=\"canonical\" href=\"https:\/\/www.directhealthcaregroup.com\/da\/viden-og-evidens\/repositionering-24-7-med-vendlet\/\" \/>\n<meta property=\"og:locale\" content=\"da_DK\" \/>\n<meta property=\"og:type\" content=\"article\" \/>\n<meta property=\"og:title\" content=\"Repositionering 24\/7 med VENDLET | DHG\" \/>\n<meta property=\"og:description\" content=\"I 2008 udarbejdede den hollandske ergoterapeut Josien Boomgaard og specialist i ergonomi Nico Knibbe et studie af brugen af VENDLET HC-2.\" \/>\n<meta property=\"og:url\" content=\"https:\/\/www.directhealthcaregroup.com\/da\/viden-og-evidens\/repositionering-24-7-med-vendlet\/\" \/>\n<meta property=\"og:site_name\" content=\"DHG\" \/>\n<meta property=\"article:modified_time\" content=\"2023-05-16T18:19:09+00:00\" \/>\n<meta property=\"og:image\" content=\"https:\/\/www.directhealthcaregroup.com\/app\/uploads\/repositionering-tb-transformed.jpeg\" \/>\n\t<meta property=\"og:image:width\" content=\"2000\" \/>\n\t<meta property=\"og:image:height\" content=\"500\" \/>\n\t<meta property=\"og:image:type\" content=\"image\/jpeg\" \/>\n<meta name=\"twitter:card\" content=\"summary_large_image\" \/>\n<meta name=\"twitter:label1\" content=\"Est. reading time\" \/>\n\t<meta name=\"twitter:data1\" content=\"2 minutes\" \/>\n<script type=\"application\/ld+json\" class=\"yoast-schema-graph\">{\"@context\":\"https:\\\/\\\/schema.org\",\"@graph\":[{\"@type\":\"WebPage\",\"@id\":\"https:\\\/\\\/www.directhealthcaregroup.com\\\/da\\\/viden-og-evidens\\\/repositionering-24-7-med-vendlet\\\/\",\"url\":\"https:\\\/\\\/www.directhealthcaregroup.com\\\/da\\\/viden-og-evidens\\\/repositionering-24-7-med-vendlet\\\/\",\"name\":\"Repositionering 24\\\/7 med VENDLET | DHG\",\"isPartOf\":{\"@id\":\"https:\\\/\\\/www.directhealthcaregroup.com\\\/#website\"},\"primaryImageOfPage\":{\"@id\":\"https:\\\/\\\/www.directhealthcaregroup.com\\\/da\\\/viden-og-evidens\\\/repositionering-24-7-med-vendlet\\\/#primaryimage\"},\"image\":{\"@id\":\"https:\\\/\\\/www.directhealthcaregroup.com\\\/da\\\/viden-og-evidens\\\/repositionering-24-7-med-vendlet\\\/#primaryimage\"},\"thumbnailUrl\":\"https:\\\/\\\/www.directhealthcaregroup.com\\\/app\\\/uploads\\\/repositionering-tb-transformed.jpeg\",\"datePublished\":\"2023-03-22T06:32:04+00:00\",\"dateModified\":\"2023-05-16T18:19:09+00:00\",\"description\":\"I 2008 udarbejdede den hollandske ergoterapeut Josien Boomgaard og specialist i ergonomi Nico Knibbe et studie af brugen af VENDLET HC-2.\",\"breadcrumb\":{\"@id\":\"https:\\\/\\\/www.directhealthcaregroup.com\\\/da\\\/viden-og-evidens\\\/repositionering-24-7-med-vendlet\\\/#breadcrumb\"},\"inLanguage\":\"da-DK\",\"potentialAction\":[{\"@type\":\"ReadAction\",\"target\":[\"https:\\\/\\\/www.directhealthcaregroup.com\\\/da\\\/viden-og-evidens\\\/repositionering-24-7-med-vendlet\\\/\"]}]},{\"@type\":\"ImageObject\",\"inLanguage\":\"da-DK\",\"@id\":\"https:\\\/\\\/www.directhealthcaregroup.com\\\/da\\\/viden-og-evidens\\\/repositionering-24-7-med-vendlet\\\/#primaryimage\",\"url\":\"https:\\\/\\\/www.directhealthcaregroup.com\\\/app\\\/uploads\\\/repositionering-tb-transformed.jpeg\",\"contentUrl\":\"https:\\\/\\\/www.directhealthcaregroup.com\\\/app\\\/uploads\\\/repositionering-tb-transformed.jpeg\",\"width\":2000,\"height\":500},{\"@type\":\"BreadcrumbList\",\"@id\":\"https:\\\/\\\/www.directhealthcaregroup.com\\\/da\\\/viden-og-evidens\\\/repositionering-24-7-med-vendlet\\\/#breadcrumb\",\"itemListElement\":[{\"@type\":\"ListItem\",\"position\":1,\"name\":\"Home\",\"item\":\"https:\\\/\\\/www.directhealthcaregroup.com\\\/da\\\/\"},{\"@type\":\"ListItem\",\"position\":2,\"name\":\"VIDEN OG EVIDENS\",\"item\":\"https:\\\/\\\/www.directhealthcaregroup.com\\\/da\\\/viden-og-evidens\\\/\"},{\"@type\":\"ListItem\",\"position\":3,\"name\":\"Repositionering 24\\\/7 med VENDLET\"}]},{\"@type\":\"WebSite\",\"@id\":\"https:\\\/\\\/www.directhealthcaregroup.com\\\/#website\",\"url\":\"https:\\\/\\\/www.directhealthcaregroup.com\\\/\",\"name\":\"DHG\",\"description\":\"Moving Health Forward\",\"publisher\":{\"@id\":\"https:\\\/\\\/www.directhealthcaregroup.com\\\/#organization\"},\"potentialAction\":[{\"@type\":\"SearchAction\",\"target\":{\"@type\":\"EntryPoint\",\"urlTemplate\":\"https:\\\/\\\/www.directhealthcaregroup.com\\\/?s={search_term_string}\"},\"query-input\":{\"@type\":\"PropertyValueSpecification\",\"valueRequired\":true,\"valueName\":\"search_term_string\"}}],\"inLanguage\":\"da-DK\"},{\"@type\":\"Organization\",\"@id\":\"https:\\\/\\\/www.directhealthcaregroup.com\\\/#organization\",\"name\":\"Direct Healthcare Group\",\"url\":\"https:\\\/\\\/www.directhealthcaregroup.com\\\/\",\"logo\":{\"@type\":\"ImageObject\",\"inLanguage\":\"da-DK\",\"@id\":\"https:\\\/\\\/www.directhealthcaregroup.com\\\/#\\\/schema\\\/logo\\\/image\\\/\",\"url\":\"https:\\\/\\\/directhealthcaregroup.com\\\/app\\\/uploads\\\/dhg-logo.png\",\"contentUrl\":\"https:\\\/\\\/directhealthcaregroup.com\\\/app\\\/uploads\\\/dhg-logo.png\",\"width\":556,\"height\":240,\"caption\":\"Direct Healthcare Group\"},\"image\":{\"@id\":\"https:\\\/\\\/www.directhealthcaregroup.com\\\/#\\\/schema\\\/logo\\\/image\\\/\"}}]}<\/script>\n<!-- \/ Yoast SEO plugin. -->","yoast_head_json":{"title":"Repositionering 24\/7 med VENDLET | DHG","description":"I 2008 udarbejdede den hollandske ergoterapeut Josien Boomgaard og specialist i ergonomi Nico Knibbe et studie af brugen af VENDLET HC-2.","robots":{"index":"index","follow":"follow","max-snippet":"max-snippet:-1","max-image-preview":"max-image-preview:large","max-video-preview":"max-video-preview:-1"},"canonical":"https:\/\/www.directhealthcaregroup.com\/da\/viden-og-evidens\/repositionering-24-7-med-vendlet\/","og_locale":"da_DK","og_type":"article","og_title":"Repositionering 24\/7 med VENDLET | DHG","og_description":"I 2008 udarbejdede den hollandske ergoterapeut Josien Boomgaard og specialist i ergonomi Nico Knibbe et studie af brugen af VENDLET HC-2.","og_url":"https:\/\/www.directhealthcaregroup.com\/da\/viden-og-evidens\/repositionering-24-7-med-vendlet\/","og_site_name":"DHG","article_modified_time":"2023-05-16T18:19:09+00:00","og_image":[{"width":2000,"height":500,"url":"https:\/\/www.directhealthcaregroup.com\/app\/uploads\/repositionering-tb-transformed.jpeg","type":"image\/jpeg"}],"twitter_card":"summary_large_image","twitter_misc":{"Est. reading time":"2 minutes"},"schema":{"@context":"https:\/\/schema.org","@graph":[{"@type":"WebPage","@id":"https:\/\/www.directhealthcaregroup.com\/da\/viden-og-evidens\/repositionering-24-7-med-vendlet\/","url":"https:\/\/www.directhealthcaregroup.com\/da\/viden-og-evidens\/repositionering-24-7-med-vendlet\/","name":"Repositionering 24\/7 med VENDLET | DHG","isPartOf":{"@id":"https:\/\/www.directhealthcaregroup.com\/#website"},"primaryImageOfPage":{"@id":"https:\/\/www.directhealthcaregroup.com\/da\/viden-og-evidens\/repositionering-24-7-med-vendlet\/#primaryimage"},"image":{"@id":"https:\/\/www.directhealthcaregroup.com\/da\/viden-og-evidens\/repositionering-24-7-med-vendlet\/#primaryimage"},"thumbnailUrl":"https:\/\/www.directhealthcaregroup.com\/app\/uploads\/repositionering-tb-transformed.jpeg","datePublished":"2023-03-22T06:32:04+00:00","dateModified":"2023-05-16T18:19:09+00:00","description":"I 2008 udarbejdede den hollandske ergoterapeut Josien Boomgaard og specialist i ergonomi Nico Knibbe et studie af brugen af VENDLET HC-2.","breadcrumb":{"@id":"https:\/\/www.directhealthcaregroup.com\/da\/viden-og-evidens\/repositionering-24-7-med-vendlet\/#breadcrumb"},"inLanguage":"da-DK","potentialAction":[{"@type":"ReadAction","target":["https:\/\/www.directhealthcaregroup.com\/da\/viden-og-evidens\/repositionering-24-7-med-vendlet\/"]}]},{"@type":"ImageObject","inLanguage":"da-DK","@id":"https:\/\/www.directhealthcaregroup.com\/da\/viden-og-evidens\/repositionering-24-7-med-vendlet\/#primaryimage","url":"https:\/\/www.directhealthcaregroup.com\/app\/uploads\/repositionering-tb-transformed.jpeg","contentUrl":"https:\/\/www.directhealthcaregroup.com\/app\/uploads\/repositionering-tb-transformed.jpeg","width":2000,"height":500},{"@type":"BreadcrumbList","@id":"https:\/\/www.directhealthcaregroup.com\/da\/viden-og-evidens\/repositionering-24-7-med-vendlet\/#breadcrumb","itemListElement":[{"@type":"ListItem","position":1,"name":"Home","item":"https:\/\/www.directhealthcaregroup.com\/da\/"},{"@type":"ListItem","position":2,"name":"VIDEN OG EVIDENS","item":"https:\/\/www.directhealthcaregroup.com\/da\/viden-og-evidens\/"},{"@type":"ListItem","position":3,"name":"Repositionering 24\/7 med VENDLET"}]},{"@type":"WebSite","@id":"https:\/\/www.directhealthcaregroup.com\/#website","url":"https:\/\/www.directhealthcaregroup.com\/","name":"DHG","description":"Moving Health Forward","publisher":{"@id":"https:\/\/www.directhealthcaregroup.com\/#organization"},"potentialAction":[{"@type":"SearchAction","target":{"@type":"EntryPoint","urlTemplate":"https:\/\/www.directhealthcaregroup.com\/?s={search_term_string}"},"query-input":{"@type":"PropertyValueSpecification","valueRequired":true,"valueName":"search_term_string"}}],"inLanguage":"da-DK"},{"@type":"Organization","@id":"https:\/\/www.directhealthcaregroup.com\/#organization","name":"Direct Healthcare Group","url":"https:\/\/www.directhealthcaregroup.com\/","logo":{"@type":"ImageObject","inLanguage":"da-DK","@id":"https:\/\/www.directhealthcaregroup.com\/#\/schema\/logo\/image\/","url":"https:\/\/directhealthcaregroup.com\/app\/uploads\/dhg-logo.png","contentUrl":"https:\/\/directhealthcaregroup.com\/app\/uploads\/dhg-logo.png","width":556,"height":240,"caption":"Direct Healthcare Group"},"image":{"@id":"https:\/\/www.directhealthcaregroup.com\/#\/schema\/logo\/image\/"}}]}},"_links":{"self":[{"href":"https:\/\/www.directhealthcaregroup.com\/da\/wp-json\/wp\/v2\/pages\/175305","targetHints":{"allow":["GET"]}}],"collection":[{"href":"https:\/\/www.directhealthcaregroup.com\/da\/wp-json\/wp\/v2\/pages"}],"about":[{"href":"https:\/\/www.directhealthcaregroup.com\/da\/wp-json\/wp\/v2\/types\/page"}],"author":[{"embeddable":true,"href":"https:\/\/www.directhealthcaregroup.com\/da\/wp-json\/wp\/v2\/users\/40"}],"replies":[{"embeddable":true,"href":"https:\/\/www.directhealthcaregroup.com\/da\/wp-json\/wp\/v2\/comments?post=175305"}],"version-history":[{"count":6,"href":"https:\/\/www.directhealthcaregroup.com\/da\/wp-json\/wp\/v2\/pages\/175305\/revisions"}],"predecessor-version":[{"id":183627,"href":"https:\/\/www.directhealthcaregroup.com\/da\/wp-json\/wp\/v2\/pages\/175305\/revisions\/183627"}],"up":[{"embeddable":true,"href":"https:\/\/www.directhealthcaregroup.com\/da\/wp-json\/wp\/v2\/pages\/174696"}],"wp:featuredmedia":[{"embeddable":true,"href":"https:\/\/www.directhealthcaregroup.com\/da\/wp-json\/wp\/v2\/media\/177886"}],"wp:attachment":[{"href":"https:\/\/www.directhealthcaregroup.com\/da\/wp-json\/wp\/v2\/media?parent=175305"}],"curies":[{"name":"wp","href":"https:\/\/api.w.org\/{rel}","templated":true}]}}