{"id":175342,"date":"2023-03-22T07:21:25","date_gmt":"2023-03-22T07:21:25","guid":{"rendered":"https:\/\/www.directhealthcaregroup.com\/?page_id=175342"},"modified":"2023-05-16T19:20:10","modified_gmt":"2023-05-16T18:20:10","slug":"175342-2","status":"publish","type":"page","link":"https:\/\/www.directhealthcaregroup.com\/da\/viden-og-evidens\/175342-2\/","title":{"rendered":"Forbedret plejesituation"},"content":{"rendered":"\n<h1 class=\"wp-block-heading\"><\/h1>\n\n\n\n<p>Den australske ergoterapeut Frances Arnold fra den uafh\u00e6ngige handicaporganisation, Yooralla, har lavet et studie af implementeringen af VENDLET V4 hos en 49-\u00e5rig st\u00e6rkt plejekr\u00e6vende mand.<\/p>\n\n\n\n<p>4. november 2012<\/p>\n\n\n\n<p><\/p>\n\n\n\n<h2 class=\"wp-block-heading\"><strong>Utryghed omkring forflytningen<\/strong><\/h2>\n\n\n\n<p>Borgeren, der har en C4-5-6 komplet rygmarvsskade,&nbsp;ABI, vejer mere end 130 kg og har kroniske tryks\u00e5r.&nbsp;Borgeren blev indlagt hver 5. uge p\u00e5 grund af tryks\u00e5r,&nbsp;hvilket f\u00f8rer til perioder med depression.<\/p>\n\n\n\n<p>Plejepersonalet var utrygge ved at foretage forflytninger&nbsp;med borgeren i sengen. Personalet indgav mange&nbsp;klager, selvom forskelligt udstyr blev pr\u00f8vet. Noget&nbsp;udstyr var ikke hensigtsm\u00e6ssigt, da det kr\u00e6vede for&nbsp;mange kr\u00e6fter fra personalet. Andet udstyr kunne&nbsp;ikke klare borgerens v\u00e6gt. Eller ogs\u00e5 fandt borgeren&nbsp;udstyret ubehageligt, eller det fordelte ikke trykket&nbsp;tilstr\u00e6kkeligt.<\/p>\n\n\n\n<p>Situationen havde f\u00f8rt til, at borgeren ikke f\u00f8lte sig sikker&nbsp;i forflytningssituationen og i d\u00e5rligt hum\u00f8r. Forholdet&nbsp;mellem borgeren og personalet var anstrengt. Morgenrutinen&nbsp;var stressende for begge parter. Samtidig var&nbsp;udgifterne til pleje stigende og omkostningerne ved&nbsp;tryks\u00e5rsbehandling var signifikant.<strong>&nbsp; &nbsp;Implementeringen af VENDLET bet\u00f8d dette for patient, personale og omkostninger:<\/strong><\/p>\n\n\n\n<h2 class=\"wp-block-heading\"><strong>Patient<\/strong><\/h2>\n\n\n\n<ul class=\"wp-block-list\"><li>J\u00e6vn vending og repositionering<\/li><li>\u00d8get privatliv<\/li><li>\u00d8get v\u00e6rdighed<\/li><li>\u00d8get kontrol over forflytningen<\/li><li>\u00d8get livskvalitet<\/li><li>Mindre negativitet<\/li><\/ul>\n\n\n\n<h2 class=\"wp-block-heading\"><strong>Personalet<\/strong><\/h2>\n\n\n\n<ul class=\"wp-block-list\"><li>Bedre fysisk arbejdsmilj\u00f8<\/li><li>Mere simple rutiner<\/li><li>Bedre psykisk arbejdsmilj\u00f8<\/li><li>Forbedret interaktioner med borgeren<\/li><\/ul>\n\n\n\n<h2 class=\"wp-block-heading\"><strong>Omkostninger<\/strong><\/h2>\n\n\n\n<ul class=\"wp-block-list\"><li>F\u00e6rre personale n\u00f8dvendigt<\/li><li>Mindre tidsforbrug<\/li><li>F\u00e6rre klager over arbejdet<\/li><li>F\u00e6rre tryks\u00e5rsbehandlinger<\/li><\/ul>\n\n\n\n<h3 class=\"wp-block-heading\"><strong>Totale omkostninger over tid<\/strong><\/h3>\n\n\n\n<figure class=\"wp-block-image size-large\"><img loading=\"lazy\" decoding=\"async\" width=\"895\" height=\"358\" src=\"https:\/\/www.directhealthcaregroup.com\/app\/uploads\/Screenshot-2023-03-22-081222.jpg\" alt=\"\" class=\"wp-image-175354\" srcset=\"https:\/\/www.directhealthcaregroup.com\/app\/uploads\/Screenshot-2023-03-22-081222.jpg 895w, https:\/\/www.directhealthcaregroup.com\/app\/uploads\/Screenshot-2023-03-22-081222-300x120.jpg 300w, https:\/\/www.directhealthcaregroup.com\/app\/uploads\/Screenshot-2023-03-22-081222-768x307.jpg 768w, https:\/\/www.directhealthcaregroup.com\/app\/uploads\/Screenshot-2023-03-22-081222-320x128.jpg 320w, https:\/\/www.directhealthcaregroup.com\/app\/uploads\/Screenshot-2023-03-22-081222-800x320.jpg 800w\" sizes=\"auto, (max-width: 895px) 100vw, 895px\" \/><\/figure>\n\n\n\n<p>Frances Arnold viser i sit casestudie, at reduktionen i&nbsp;det kr\u00e6vede personale er s\u00e5 massiv, at investeringen&nbsp;i VENDLET-systemet har betalt sig hjem i l\u00f8bet af fem&nbsp;uger!<\/p>\n\n\n\n<p>Frances Arnold slutter af med f\u00f8lgende bem\u00e6rkning&nbsp;til cost benefit analysen:<\/p>\n\n\n\n<ul class=\"wp-block-list\"><li>Kliniske vurderinger af dyre velf\u00e6rdsteknologiske&nbsp;l\u00f8sninger skal tage h\u00f8jde for indflydelsen&nbsp;p\u00e5 andre omkostninger og ikke kun se p\u00e5&nbsp;indk\u00f8bsprisen<\/li><\/ul>\n\n\n\n<hr class=\"wp-block-separator\"\/>\n\n\n\n<p>Hent PDF: Arnold, F, 2012:&nbsp;<a href=\"https:\/\/www.directhealthcaregroup.com\/app\/uploads\/frances-arnold-poster-vicot-2012-2.pdf\" target=\"_blank\" rel=\"noreferrer noopener\">The Man Who Wont Roll &#8211; A Case study<\/a><\/p>\n","protected":false},"excerpt":{"rendered":"<p>Den australske ergoterapeut Frances Arnold fra den uafh\u00e6ngige handicaporganisation, Yooralla, har lavet et studie af implementeringen af VENDLET V4 hos en 49-\u00e5rig st\u00e6rkt plejekr\u00e6vende mand. 4. november 2012 Utryghed omkring forflytningen Borgeren, der har en C4-5-6 komplet rygmarvsskade,&nbsp;ABI, vejer mere end 130 kg og har kroniske tryks\u00e5r.&nbsp;Borgeren blev indlagt hver 5. uge p\u00e5 grund af &hellip; <a href=\"https:\/\/www.directhealthcaregroup.com\/da\/viden-og-evidens\/175342-2\/\">Continued<\/a><\/p>\n","protected":false},"author":40,"featured_media":177900,"parent":174696,"menu_order":2,"comment_status":"closed","ping_status":"closed","template":"","meta":{"_acf_changed":false,"footnotes":""},"class_list":["post-175342","page","type-page","status-publish","has-post-thumbnail","hentry"],"acf":[],"yoast_head":"<!-- This site is optimized with the Yoast SEO plugin v27.4 - https:\/\/yoast.com\/product\/yoast-seo-wordpress\/ -->\n<title>Forbedret plejesituation | DHG<\/title>\n<meta name=\"description\" content=\"Ergoterapeuten Frances Arnold fra Yooralla har lavet et studie af implementeringen af VENDLET V4 hos en 49-\u00e5rig st\u00e6rkt plejekr\u00e6vende mand.\" \/>\n<meta name=\"robots\" content=\"index, follow, max-snippet:-1, max-image-preview:large, max-video-preview:-1\" \/>\n<link rel=\"canonical\" href=\"https:\/\/www.directhealthcaregroup.com\/da\/viden-og-evidens\/175342-2\/\" \/>\n<meta property=\"og:locale\" content=\"da_DK\" \/>\n<meta property=\"og:type\" content=\"article\" \/>\n<meta property=\"og:title\" content=\"Forbedret plejesituation | DHG\" \/>\n<meta property=\"og:description\" content=\"Ergoterapeuten Frances Arnold fra Yooralla har lavet et studie af implementeringen af VENDLET V4 hos en 49-\u00e5rig st\u00e6rkt plejekr\u00e6vende mand.\" \/>\n<meta property=\"og:url\" content=\"https:\/\/www.directhealthcaregroup.com\/da\/viden-og-evidens\/175342-2\/\" \/>\n<meta property=\"og:site_name\" content=\"DHG\" \/>\n<meta property=\"article:modified_time\" content=\"2023-05-16T18:20:10+00:00\" \/>\n<meta property=\"og:image\" content=\"https:\/\/www.directhealthcaregroup.com\/app\/uploads\/forbedret-plejesituation-tb-transformed.jpeg\" \/>\n\t<meta property=\"og:image:width\" content=\"2000\" \/>\n\t<meta property=\"og:image:height\" content=\"500\" \/>\n\t<meta property=\"og:image:type\" content=\"image\/jpeg\" \/>\n<meta name=\"twitter:card\" content=\"summary_large_image\" \/>\n<meta name=\"twitter:label1\" content=\"Est. reading time\" \/>\n\t<meta name=\"twitter:data1\" content=\"2 minutes\" \/>\n<script type=\"application\/ld+json\" class=\"yoast-schema-graph\">{\"@context\":\"https:\\\/\\\/schema.org\",\"@graph\":[{\"@type\":\"WebPage\",\"@id\":\"https:\\\/\\\/www.directhealthcaregroup.com\\\/da\\\/viden-og-evidens\\\/175342-2\\\/\",\"url\":\"https:\\\/\\\/www.directhealthcaregroup.com\\\/da\\\/viden-og-evidens\\\/175342-2\\\/\",\"name\":\"Forbedret plejesituation | DHG\",\"isPartOf\":{\"@id\":\"https:\\\/\\\/www.directhealthcaregroup.com\\\/#website\"},\"primaryImageOfPage\":{\"@id\":\"https:\\\/\\\/www.directhealthcaregroup.com\\\/da\\\/viden-og-evidens\\\/175342-2\\\/#primaryimage\"},\"image\":{\"@id\":\"https:\\\/\\\/www.directhealthcaregroup.com\\\/da\\\/viden-og-evidens\\\/175342-2\\\/#primaryimage\"},\"thumbnailUrl\":\"https:\\\/\\\/www.directhealthcaregroup.com\\\/app\\\/uploads\\\/forbedret-plejesituation-tb-transformed.jpeg\",\"datePublished\":\"2023-03-22T07:21:25+00:00\",\"dateModified\":\"2023-05-16T18:20:10+00:00\",\"description\":\"Ergoterapeuten Frances Arnold fra Yooralla har lavet et studie af implementeringen af VENDLET V4 hos en 49-\u00e5rig st\u00e6rkt plejekr\u00e6vende mand.\",\"breadcrumb\":{\"@id\":\"https:\\\/\\\/www.directhealthcaregroup.com\\\/da\\\/viden-og-evidens\\\/175342-2\\\/#breadcrumb\"},\"inLanguage\":\"da-DK\",\"potentialAction\":[{\"@type\":\"ReadAction\",\"target\":[\"https:\\\/\\\/www.directhealthcaregroup.com\\\/da\\\/viden-og-evidens\\\/175342-2\\\/\"]}]},{\"@type\":\"ImageObject\",\"inLanguage\":\"da-DK\",\"@id\":\"https:\\\/\\\/www.directhealthcaregroup.com\\\/da\\\/viden-og-evidens\\\/175342-2\\\/#primaryimage\",\"url\":\"https:\\\/\\\/www.directhealthcaregroup.com\\\/app\\\/uploads\\\/forbedret-plejesituation-tb-transformed.jpeg\",\"contentUrl\":\"https:\\\/\\\/www.directhealthcaregroup.com\\\/app\\\/uploads\\\/forbedret-plejesituation-tb-transformed.jpeg\",\"width\":2000,\"height\":500},{\"@type\":\"BreadcrumbList\",\"@id\":\"https:\\\/\\\/www.directhealthcaregroup.com\\\/da\\\/viden-og-evidens\\\/175342-2\\\/#breadcrumb\",\"itemListElement\":[{\"@type\":\"ListItem\",\"position\":1,\"name\":\"Home\",\"item\":\"https:\\\/\\\/www.directhealthcaregroup.com\\\/da\\\/\"},{\"@type\":\"ListItem\",\"position\":2,\"name\":\"VIDEN OG EVIDENS\",\"item\":\"https:\\\/\\\/www.directhealthcaregroup.com\\\/da\\\/viden-og-evidens\\\/\"},{\"@type\":\"ListItem\",\"position\":3,\"name\":\"Forbedret plejesituation\"}]},{\"@type\":\"WebSite\",\"@id\":\"https:\\\/\\\/www.directhealthcaregroup.com\\\/#website\",\"url\":\"https:\\\/\\\/www.directhealthcaregroup.com\\\/\",\"name\":\"DHG\",\"description\":\"Moving Health Forward\",\"publisher\":{\"@id\":\"https:\\\/\\\/www.directhealthcaregroup.com\\\/#organization\"},\"potentialAction\":[{\"@type\":\"SearchAction\",\"target\":{\"@type\":\"EntryPoint\",\"urlTemplate\":\"https:\\\/\\\/www.directhealthcaregroup.com\\\/?s={search_term_string}\"},\"query-input\":{\"@type\":\"PropertyValueSpecification\",\"valueRequired\":true,\"valueName\":\"search_term_string\"}}],\"inLanguage\":\"da-DK\"},{\"@type\":\"Organization\",\"@id\":\"https:\\\/\\\/www.directhealthcaregroup.com\\\/#organization\",\"name\":\"Direct Healthcare Group\",\"url\":\"https:\\\/\\\/www.directhealthcaregroup.com\\\/\",\"logo\":{\"@type\":\"ImageObject\",\"inLanguage\":\"da-DK\",\"@id\":\"https:\\\/\\\/www.directhealthcaregroup.com\\\/#\\\/schema\\\/logo\\\/image\\\/\",\"url\":\"https:\\\/\\\/directhealthcaregroup.com\\\/app\\\/uploads\\\/dhg-logo.png\",\"contentUrl\":\"https:\\\/\\\/directhealthcaregroup.com\\\/app\\\/uploads\\\/dhg-logo.png\",\"width\":556,\"height\":240,\"caption\":\"Direct Healthcare Group\"},\"image\":{\"@id\":\"https:\\\/\\\/www.directhealthcaregroup.com\\\/#\\\/schema\\\/logo\\\/image\\\/\"}}]}<\/script>\n<!-- \/ Yoast SEO plugin. -->","yoast_head_json":{"title":"Forbedret plejesituation | DHG","description":"Ergoterapeuten Frances Arnold fra Yooralla har lavet et studie af implementeringen af VENDLET V4 hos en 49-\u00e5rig st\u00e6rkt plejekr\u00e6vende mand.","robots":{"index":"index","follow":"follow","max-snippet":"max-snippet:-1","max-image-preview":"max-image-preview:large","max-video-preview":"max-video-preview:-1"},"canonical":"https:\/\/www.directhealthcaregroup.com\/da\/viden-og-evidens\/175342-2\/","og_locale":"da_DK","og_type":"article","og_title":"Forbedret plejesituation | DHG","og_description":"Ergoterapeuten Frances Arnold fra Yooralla har lavet et studie af implementeringen af VENDLET V4 hos en 49-\u00e5rig st\u00e6rkt plejekr\u00e6vende mand.","og_url":"https:\/\/www.directhealthcaregroup.com\/da\/viden-og-evidens\/175342-2\/","og_site_name":"DHG","article_modified_time":"2023-05-16T18:20:10+00:00","og_image":[{"width":2000,"height":500,"url":"https:\/\/www.directhealthcaregroup.com\/app\/uploads\/forbedret-plejesituation-tb-transformed.jpeg","type":"image\/jpeg"}],"twitter_card":"summary_large_image","twitter_misc":{"Est. reading time":"2 minutes"},"schema":{"@context":"https:\/\/schema.org","@graph":[{"@type":"WebPage","@id":"https:\/\/www.directhealthcaregroup.com\/da\/viden-og-evidens\/175342-2\/","url":"https:\/\/www.directhealthcaregroup.com\/da\/viden-og-evidens\/175342-2\/","name":"Forbedret plejesituation | DHG","isPartOf":{"@id":"https:\/\/www.directhealthcaregroup.com\/#website"},"primaryImageOfPage":{"@id":"https:\/\/www.directhealthcaregroup.com\/da\/viden-og-evidens\/175342-2\/#primaryimage"},"image":{"@id":"https:\/\/www.directhealthcaregroup.com\/da\/viden-og-evidens\/175342-2\/#primaryimage"},"thumbnailUrl":"https:\/\/www.directhealthcaregroup.com\/app\/uploads\/forbedret-plejesituation-tb-transformed.jpeg","datePublished":"2023-03-22T07:21:25+00:00","dateModified":"2023-05-16T18:20:10+00:00","description":"Ergoterapeuten Frances Arnold fra Yooralla har lavet et studie af implementeringen af VENDLET V4 hos en 49-\u00e5rig st\u00e6rkt plejekr\u00e6vende mand.","breadcrumb":{"@id":"https:\/\/www.directhealthcaregroup.com\/da\/viden-og-evidens\/175342-2\/#breadcrumb"},"inLanguage":"da-DK","potentialAction":[{"@type":"ReadAction","target":["https:\/\/www.directhealthcaregroup.com\/da\/viden-og-evidens\/175342-2\/"]}]},{"@type":"ImageObject","inLanguage":"da-DK","@id":"https:\/\/www.directhealthcaregroup.com\/da\/viden-og-evidens\/175342-2\/#primaryimage","url":"https:\/\/www.directhealthcaregroup.com\/app\/uploads\/forbedret-plejesituation-tb-transformed.jpeg","contentUrl":"https:\/\/www.directhealthcaregroup.com\/app\/uploads\/forbedret-plejesituation-tb-transformed.jpeg","width":2000,"height":500},{"@type":"BreadcrumbList","@id":"https:\/\/www.directhealthcaregroup.com\/da\/viden-og-evidens\/175342-2\/#breadcrumb","itemListElement":[{"@type":"ListItem","position":1,"name":"Home","item":"https:\/\/www.directhealthcaregroup.com\/da\/"},{"@type":"ListItem","position":2,"name":"VIDEN OG EVIDENS","item":"https:\/\/www.directhealthcaregroup.com\/da\/viden-og-evidens\/"},{"@type":"ListItem","position":3,"name":"Forbedret plejesituation"}]},{"@type":"WebSite","@id":"https:\/\/www.directhealthcaregroup.com\/#website","url":"https:\/\/www.directhealthcaregroup.com\/","name":"DHG","description":"Moving Health Forward","publisher":{"@id":"https:\/\/www.directhealthcaregroup.com\/#organization"},"potentialAction":[{"@type":"SearchAction","target":{"@type":"EntryPoint","urlTemplate":"https:\/\/www.directhealthcaregroup.com\/?s={search_term_string}"},"query-input":{"@type":"PropertyValueSpecification","valueRequired":true,"valueName":"search_term_string"}}],"inLanguage":"da-DK"},{"@type":"Organization","@id":"https:\/\/www.directhealthcaregroup.com\/#organization","name":"Direct Healthcare Group","url":"https:\/\/www.directhealthcaregroup.com\/","logo":{"@type":"ImageObject","inLanguage":"da-DK","@id":"https:\/\/www.directhealthcaregroup.com\/#\/schema\/logo\/image\/","url":"https:\/\/directhealthcaregroup.com\/app\/uploads\/dhg-logo.png","contentUrl":"https:\/\/directhealthcaregroup.com\/app\/uploads\/dhg-logo.png","width":556,"height":240,"caption":"Direct Healthcare Group"},"image":{"@id":"https:\/\/www.directhealthcaregroup.com\/#\/schema\/logo\/image\/"}}]}},"_links":{"self":[{"href":"https:\/\/www.directhealthcaregroup.com\/da\/wp-json\/wp\/v2\/pages\/175342","targetHints":{"allow":["GET"]}}],"collection":[{"href":"https:\/\/www.directhealthcaregroup.com\/da\/wp-json\/wp\/v2\/pages"}],"about":[{"href":"https:\/\/www.directhealthcaregroup.com\/da\/wp-json\/wp\/v2\/types\/page"}],"author":[{"embeddable":true,"href":"https:\/\/www.directhealthcaregroup.com\/da\/wp-json\/wp\/v2\/users\/40"}],"replies":[{"embeddable":true,"href":"https:\/\/www.directhealthcaregroup.com\/da\/wp-json\/wp\/v2\/comments?post=175342"}],"version-history":[{"count":7,"href":"https:\/\/www.directhealthcaregroup.com\/da\/wp-json\/wp\/v2\/pages\/175342\/revisions"}],"predecessor-version":[{"id":183628,"href":"https:\/\/www.directhealthcaregroup.com\/da\/wp-json\/wp\/v2\/pages\/175342\/revisions\/183628"}],"up":[{"embeddable":true,"href":"https:\/\/www.directhealthcaregroup.com\/da\/wp-json\/wp\/v2\/pages\/174696"}],"wp:featuredmedia":[{"embeddable":true,"href":"https:\/\/www.directhealthcaregroup.com\/da\/wp-json\/wp\/v2\/media\/177900"}],"wp:attachment":[{"href":"https:\/\/www.directhealthcaregroup.com\/da\/wp-json\/wp\/v2\/media?parent=175342"}],"curies":[{"name":"wp","href":"https:\/\/api.w.org\/{rel}","templated":true}]}}