{"id":175398,"date":"2023-03-22T08:13:49","date_gmt":"2023-03-22T08:13:49","guid":{"rendered":"https:\/\/www.directhealthcaregroup.com\/?page_id=175398"},"modified":"2023-05-16T19:22:47","modified_gmt":"2023-05-16T18:22:47","slug":"175398-2","status":"publish","type":"page","link":"https:\/\/www.directhealthcaregroup.com\/da\/viden-og-evidens\/175398-2\/","title":{"rendered":"Forbedret arbejdsmilj\u00f8 og kvalitet i plejen"},"content":{"rendered":"\n<h1 class=\"wp-block-heading\"><\/h1>\n\n\n\n<p>Faaborg Midtfyn Kommune har unders\u00f8gt effekten p\u00e5 arbejdsmilj\u00f8et, kvaliteten for borgeren og muligheden for at g\u00e5 fra 2 til 1 plejer.<\/p>\n\n\n\n<p>30. september 2014<\/p>\n\n\n\n<h2 class=\"wp-block-heading\"><strong>Baggrund<\/strong><\/h2>\n\n\n\n<p>Faaborg-Midtfyn Kommune havde i 2013 og 2014&nbsp;dialog med Vendlet i forbindelse med deres \u00f8nske om&nbsp;at forbedre kvalitet og arbejdsmilj\u00f8 i plejen. Som en del af denne indsats \u00f8nskede kommunen, at&nbsp;implementere VENDLET V5 ved plejen af sengeliggende&nbsp;og immobile borgere, der modtager hj\u00e6lp til&nbsp;vendinger, forflytninger og pleje i sengen. Kommunens&nbsp;forventning var, at VENDLET V5 kunne bidrage til:<\/p>\n\n\n\n<ol class=\"wp-block-list\"><li>Bedre forflytninger set fra borgerens og personalets synspunkt (\u00f8get kvalitet)<\/li><li>Bedre arbejdssituationer for plejepersonalet (bedre&nbsp;arbejdsmilj\u00f8)<\/li><li>Mere effektive forflytninger af sengeliggende borgere&nbsp;(reduceret tidsforbrug) &#8211; 2 til 1 m\u00e5ls\u00e6tningen.<\/li><\/ol>\n\n\n\n<h2 class=\"wp-block-heading\"><strong>Projektets omfang<\/strong><\/h2>\n\n\n\n<p>Der blev indk\u00f8bt 12 VENDLET V5 systemer og 12 s\u00e6t&nbsp;LEJRELET lejringspuder, som skulle indg\u00e5 i projektet. De&nbsp;12 VENDLET systemer blev fordelt s\u00e5ledes:&nbsp;<\/p>\n\n\n\n<ul class=\"wp-block-list\"><li>1 stk. p\u00e5 hj\u00e6lpemiddeldepot til undervisningsform\u00e5l<\/li><li>4 stk. p\u00e5 Plejehjem \u00c5l\u00f8kkeparken<\/li><li>7 stk. i hjemmeplejen (5 i omr\u00e5de \u00f8st og 2 i omr\u00e5de vest)<\/li><\/ul>\n\n\n\n<p>Projektet har s\u00f8gt at v\u00e6re s\u00e5 inkluderende overfor alle&nbsp;interessenter som muligt og tilstr\u00e6bt en grundig undervisning&nbsp;i optimal brug af VENDLET. Ved afslutningen&nbsp;af projektperioden skulle VENDLET v\u00e6re afpr\u00f8vet i s\u00e5&nbsp;tilstr\u00e6kkeligt omfang at en kvalificeret erfaringsopsamling\/evaluering samt business case kunne udarbejdes.&nbsp;Begge dele for at synligg\u00f8re konsekvenserne af en&nbsp;bredere implementering af VENDLET p\u00e5 plejehjem&nbsp;og i hjemmeplejen i Faaborg-Midtfyn Kommune. Det g\u00e6lder i forhold til p\u00e5virkninger p\u00e5 ressourceforbrug,&nbsp;kvalitet i plejen og arbejdsmilj\u00f8et for personalet.<\/p>\n\n\n\n<h2 class=\"wp-block-heading\"><strong>Arbejdsmilj\u00f8<\/strong><\/h2>\n\n\n\n<p>Set isoleret p\u00e5 de forbedringer som projektet med VENDLET V5S har vist i forhold til personalets fysiske&nbsp;arbejdsmilj\u00f8, s\u00e5 kan implementeringen kun anbefales.&nbsp;Gevinsterne i forhold til forbedret fysisk arbejdsmilj\u00f8,&nbsp;hvor en r\u00e6kke meget nedslidende arbejdsgange helt&nbsp;er fjernet, h\u00e6nger logisk sammen med nedsat risiko for&nbsp;nedslidning, sygemeldinger og arbejdsskader.<\/p>\n\n\n\n<h2 class=\"wp-block-heading\"><strong>\u00d8get kvalitet for borgere<\/strong><\/h2>\n\n\n\n<p>Projektet har for nogle borgere vist en \u00f8get komfort og mindre smertep\u00e5virkning ifm. vendinger, forflytninger. Det er dog ikke alle borgere i projektet, der har m\u00e6rket forbedringer. Det er s\u00e5ledes for nogle borgere muligt at opn\u00e5 bedre komfort, men ikke for alle.<\/p>\n\n\n\n<h2 class=\"wp-block-heading\"><strong>Spare tid &#8211; 2:1 m\u00e5ls\u00e6tningen<\/strong><\/h2>\n\n\n\n<p>Projektet var desv\u00e6rre ikke i stand til at bekr\u00e6fte denne&nbsp;m\u00e5ls\u00e6tning. Det skyldes prim\u00e6rt f\u00f8lgende forhold:<\/p>\n\n\n\n<ul class=\"wp-block-list\"><li>Mange af borgerne i projektet viste sig at have&nbsp;et meget ustabilt helbred. Det medf\u00f8rte at plejeindsatsen&nbsp;blev stadigt mere kr\u00e6vende undervejs i&nbsp;forl\u00f8bet, og der&nbsp;var flere af borgerne der d\u00f8de i testperioden.<\/li><li>I l\u00f8bet af projektet bliver det klart, at tidsm\u00e5lingerne&nbsp;ikke er sammenlignelige, da personalet ikke anvendte lejringspuder i f\u00f8r m\u00e5lingerne lige som&nbsp;de ofte ikke anvendte forflytningsredskaberne&nbsp;korrekt. Ved implementeringen af VENDLET var der&nbsp;stort fokus p\u00e5 korrekt anvendelse og inddragelse af&nbsp;lejring som en naturlig del at plejen.<\/li><\/ul>\n\n\n\n<p>Det til trods er det projektgruppens vurdering, at der&nbsp;er tidsgevinster at hente ved implementering af VENDLET&nbsp;og at det vil v\u00e6re muligt at g\u00e5 fra 2 til 1 plejer i&nbsp;mange situationer.<\/p>\n\n\n\n<p>Med erfaringerne fra projektet besluttede Faaborg-Midtfyn Kommune efterf\u00f8lgende at gennemf\u00f8re implementering&nbsp;af VENDLET bredt i den kommunale pleje.&nbsp;Ligeledes er lejring blevet implementeret som et fast&nbsp;element i plejen og Faaborg-Midtfyn Kommune har udarbejdet&nbsp;et lejringskatalog med anvendelse af Vendlet\u2019s&nbsp;lejringspuder LEJRELET.<\/p>\n\n\n\n<h2 class=\"wp-block-heading\"><strong>Hvorn\u00e5r skal jeg bevillige VENDLET?<\/strong><\/h2>\n\n\n\n<p>I mange kommuner skal alt andet v\u00e6re afpr\u00f8vet inden, der kan bevilliges en VENDLET.&nbsp;<\/p>\n\n\n\n<p>I relation til dette reflekterer projektledelsen fra Faaborg-Midtfyn Kommune, at VENDLET kan bringes tidligere p\u00e5 banen som et redskab i de situationer, hvor overvejelserne g\u00e5r p\u00e5, at borgerens&nbsp; helbred udvikler sig i en retning, hvor det ikke l\u00e6ngere vil v\u00e6re muligt at v\u00e6re \u00e9n person til at udf\u00f8re plejeopgaven.&nbsp;<\/p>\n\n\n\n<p>P\u00e5 den m\u00e5de kan VENDLET s\u00e6ttes ind p\u00e5 det tidspunkt, hvor plejeopgavernes belastning p\u00e5 personalet tager til, borgerens komfort falder, og hvor anvendelse af VENDLET V5 kan udskyde&nbsp; behovet for at v\u00e6re to personaler om at udf\u00f8re plejeopgaverne.&nbsp;<\/p>\n\n\n\n<p>Dermed vil man tidligere opn\u00e5 st\u00f8rre effekt fra implementeringen af VENDLET og samlet set f\u00e5 et mere optimalt forl\u00f8b for plejepersonale og borger.&nbsp;<\/p>\n\n\n\n<p>Dermed stiller projektet reelt sp\u00f8rgsm\u00e5l ved den normale praksis om, at VENDLET er \u201dsidste udvej\u201d. Ved en tidligere \/ rettidig implementering, opn\u00e5s langt st\u00f8rre effekt for alle parter.<\/p>\n\n\n\n<p>Hent PDF:<\/p>\n\n\n\n<p><a href=\"https:\/\/www.directhealthcaregroup.com\/app\/uploads\/vendlet-v5-evaluering.pdf\" target=\"_blank\" rel=\"noreferrer noopener\">2 til 1: VENDLET V5 projekt &#8211; Evaluering<\/a><\/p>\n\n\n\n<p><a href=\"https:\/\/www.directhealthcaregroup.com\/app\/uploads\/business_case-vendlet_v5_fmk.pdf\" target=\"_blank\" rel=\"noreferrer noopener\">Business Case: VENDLET V5<\/a><\/p>\n","protected":false},"excerpt":{"rendered":"<p>Faaborg Midtfyn Kommune har unders\u00f8gt effekten p\u00e5 arbejdsmilj\u00f8et, kvaliteten for borgeren og muligheden for at g\u00e5 fra 2 til 1 plejer. 30. september 2014 Baggrund Faaborg-Midtfyn Kommune havde i 2013 og 2014&nbsp;dialog med Vendlet i forbindelse med deres \u00f8nske om&nbsp;at forbedre kvalitet og arbejdsmilj\u00f8 i plejen. Som en del af denne indsats \u00f8nskede kommunen, at&nbsp;implementere &hellip; <a href=\"https:\/\/www.directhealthcaregroup.com\/da\/viden-og-evidens\/175398-2\/\">Continued<\/a><\/p>\n","protected":false},"author":40,"featured_media":177912,"parent":174696,"menu_order":3,"comment_status":"closed","ping_status":"closed","template":"","meta":{"_acf_changed":false,"footnotes":""},"class_list":["post-175398","page","type-page","status-publish","has-post-thumbnail","hentry"],"acf":[],"yoast_head":"<!-- This site is optimized with the Yoast SEO plugin v27.4 - https:\/\/yoast.com\/product\/yoast-seo-wordpress\/ -->\n<title>Forbedret arbejdsmilj\u00f8 og kvalitet i plejen | DHG<\/title>\n<meta name=\"description\" content=\"Faaborg Midtfyn Kommune har unders\u00f8gt effekten p\u00e5 arbejdsmilj\u00f8et, kvaliteten for borgeren og muligheden for at g\u00e5 fra 2 til 1 plejer.\" \/>\n<meta name=\"robots\" content=\"index, follow, max-snippet:-1, max-image-preview:large, max-video-preview:-1\" \/>\n<link rel=\"canonical\" href=\"https:\/\/www.directhealthcaregroup.com\/da\/viden-og-evidens\/175398-2\/\" \/>\n<meta property=\"og:locale\" content=\"da_DK\" \/>\n<meta property=\"og:type\" content=\"article\" \/>\n<meta property=\"og:title\" content=\"Forbedret arbejdsmilj\u00f8 og kvalitet i plejen | DHG\" \/>\n<meta property=\"og:description\" content=\"Faaborg Midtfyn Kommune har unders\u00f8gt effekten p\u00e5 arbejdsmilj\u00f8et, kvaliteten for borgeren og muligheden for at g\u00e5 fra 2 til 1 plejer.\" \/>\n<meta property=\"og:url\" content=\"https:\/\/www.directhealthcaregroup.com\/da\/viden-og-evidens\/175398-2\/\" \/>\n<meta property=\"og:site_name\" content=\"DHG\" \/>\n<meta property=\"article:modified_time\" content=\"2023-05-16T18:22:47+00:00\" \/>\n<meta property=\"og:image\" content=\"https:\/\/www.directhealthcaregroup.com\/app\/uploads\/forbedret-arbejdsmiljo-tb-transformed.jpeg\" \/>\n\t<meta property=\"og:image:width\" content=\"2000\" \/>\n\t<meta property=\"og:image:height\" content=\"500\" \/>\n\t<meta property=\"og:image:type\" content=\"image\/jpeg\" \/>\n<meta name=\"twitter:card\" content=\"summary_large_image\" \/>\n<meta name=\"twitter:label1\" content=\"Est. reading time\" \/>\n\t<meta name=\"twitter:data1\" content=\"4 minutes\" \/>\n<script type=\"application\/ld+json\" class=\"yoast-schema-graph\">{\"@context\":\"https:\\\/\\\/schema.org\",\"@graph\":[{\"@type\":\"WebPage\",\"@id\":\"https:\\\/\\\/www.directhealthcaregroup.com\\\/da\\\/viden-og-evidens\\\/175398-2\\\/\",\"url\":\"https:\\\/\\\/www.directhealthcaregroup.com\\\/da\\\/viden-og-evidens\\\/175398-2\\\/\",\"name\":\"Forbedret arbejdsmilj\u00f8 og kvalitet i plejen | DHG\",\"isPartOf\":{\"@id\":\"https:\\\/\\\/www.directhealthcaregroup.com\\\/#website\"},\"primaryImageOfPage\":{\"@id\":\"https:\\\/\\\/www.directhealthcaregroup.com\\\/da\\\/viden-og-evidens\\\/175398-2\\\/#primaryimage\"},\"image\":{\"@id\":\"https:\\\/\\\/www.directhealthcaregroup.com\\\/da\\\/viden-og-evidens\\\/175398-2\\\/#primaryimage\"},\"thumbnailUrl\":\"https:\\\/\\\/www.directhealthcaregroup.com\\\/app\\\/uploads\\\/forbedret-arbejdsmiljo-tb-transformed.jpeg\",\"datePublished\":\"2023-03-22T08:13:49+00:00\",\"dateModified\":\"2023-05-16T18:22:47+00:00\",\"description\":\"Faaborg Midtfyn Kommune har unders\u00f8gt effekten p\u00e5 arbejdsmilj\u00f8et, kvaliteten for borgeren og muligheden for at g\u00e5 fra 2 til 1 plejer.\",\"breadcrumb\":{\"@id\":\"https:\\\/\\\/www.directhealthcaregroup.com\\\/da\\\/viden-og-evidens\\\/175398-2\\\/#breadcrumb\"},\"inLanguage\":\"da-DK\",\"potentialAction\":[{\"@type\":\"ReadAction\",\"target\":[\"https:\\\/\\\/www.directhealthcaregroup.com\\\/da\\\/viden-og-evidens\\\/175398-2\\\/\"]}]},{\"@type\":\"ImageObject\",\"inLanguage\":\"da-DK\",\"@id\":\"https:\\\/\\\/www.directhealthcaregroup.com\\\/da\\\/viden-og-evidens\\\/175398-2\\\/#primaryimage\",\"url\":\"https:\\\/\\\/www.directhealthcaregroup.com\\\/app\\\/uploads\\\/forbedret-arbejdsmiljo-tb-transformed.jpeg\",\"contentUrl\":\"https:\\\/\\\/www.directhealthcaregroup.com\\\/app\\\/uploads\\\/forbedret-arbejdsmiljo-tb-transformed.jpeg\",\"width\":2000,\"height\":500},{\"@type\":\"BreadcrumbList\",\"@id\":\"https:\\\/\\\/www.directhealthcaregroup.com\\\/da\\\/viden-og-evidens\\\/175398-2\\\/#breadcrumb\",\"itemListElement\":[{\"@type\":\"ListItem\",\"position\":1,\"name\":\"Home\",\"item\":\"https:\\\/\\\/www.directhealthcaregroup.com\\\/da\\\/\"},{\"@type\":\"ListItem\",\"position\":2,\"name\":\"VIDEN OG EVIDENS\",\"item\":\"https:\\\/\\\/www.directhealthcaregroup.com\\\/da\\\/viden-og-evidens\\\/\"},{\"@type\":\"ListItem\",\"position\":3,\"name\":\"Forbedret arbejdsmilj\u00f8 og kvalitet i plejen\"}]},{\"@type\":\"WebSite\",\"@id\":\"https:\\\/\\\/www.directhealthcaregroup.com\\\/#website\",\"url\":\"https:\\\/\\\/www.directhealthcaregroup.com\\\/\",\"name\":\"DHG\",\"description\":\"Moving Health Forward\",\"publisher\":{\"@id\":\"https:\\\/\\\/www.directhealthcaregroup.com\\\/#organization\"},\"potentialAction\":[{\"@type\":\"SearchAction\",\"target\":{\"@type\":\"EntryPoint\",\"urlTemplate\":\"https:\\\/\\\/www.directhealthcaregroup.com\\\/?s={search_term_string}\"},\"query-input\":{\"@type\":\"PropertyValueSpecification\",\"valueRequired\":true,\"valueName\":\"search_term_string\"}}],\"inLanguage\":\"da-DK\"},{\"@type\":\"Organization\",\"@id\":\"https:\\\/\\\/www.directhealthcaregroup.com\\\/#organization\",\"name\":\"Direct Healthcare Group\",\"url\":\"https:\\\/\\\/www.directhealthcaregroup.com\\\/\",\"logo\":{\"@type\":\"ImageObject\",\"inLanguage\":\"da-DK\",\"@id\":\"https:\\\/\\\/www.directhealthcaregroup.com\\\/#\\\/schema\\\/logo\\\/image\\\/\",\"url\":\"https:\\\/\\\/directhealthcaregroup.com\\\/app\\\/uploads\\\/dhg-logo.png\",\"contentUrl\":\"https:\\\/\\\/directhealthcaregroup.com\\\/app\\\/uploads\\\/dhg-logo.png\",\"width\":556,\"height\":240,\"caption\":\"Direct Healthcare Group\"},\"image\":{\"@id\":\"https:\\\/\\\/www.directhealthcaregroup.com\\\/#\\\/schema\\\/logo\\\/image\\\/\"}}]}<\/script>\n<!-- \/ Yoast SEO plugin. -->","yoast_head_json":{"title":"Forbedret arbejdsmilj\u00f8 og kvalitet i plejen | DHG","description":"Faaborg Midtfyn Kommune har unders\u00f8gt effekten p\u00e5 arbejdsmilj\u00f8et, kvaliteten for borgeren og muligheden for at g\u00e5 fra 2 til 1 plejer.","robots":{"index":"index","follow":"follow","max-snippet":"max-snippet:-1","max-image-preview":"max-image-preview:large","max-video-preview":"max-video-preview:-1"},"canonical":"https:\/\/www.directhealthcaregroup.com\/da\/viden-og-evidens\/175398-2\/","og_locale":"da_DK","og_type":"article","og_title":"Forbedret arbejdsmilj\u00f8 og kvalitet i plejen | DHG","og_description":"Faaborg Midtfyn Kommune har unders\u00f8gt effekten p\u00e5 arbejdsmilj\u00f8et, kvaliteten for borgeren og muligheden for at g\u00e5 fra 2 til 1 plejer.","og_url":"https:\/\/www.directhealthcaregroup.com\/da\/viden-og-evidens\/175398-2\/","og_site_name":"DHG","article_modified_time":"2023-05-16T18:22:47+00:00","og_image":[{"width":2000,"height":500,"url":"https:\/\/www.directhealthcaregroup.com\/app\/uploads\/forbedret-arbejdsmiljo-tb-transformed.jpeg","type":"image\/jpeg"}],"twitter_card":"summary_large_image","twitter_misc":{"Est. reading time":"4 minutes"},"schema":{"@context":"https:\/\/schema.org","@graph":[{"@type":"WebPage","@id":"https:\/\/www.directhealthcaregroup.com\/da\/viden-og-evidens\/175398-2\/","url":"https:\/\/www.directhealthcaregroup.com\/da\/viden-og-evidens\/175398-2\/","name":"Forbedret arbejdsmilj\u00f8 og kvalitet i plejen | DHG","isPartOf":{"@id":"https:\/\/www.directhealthcaregroup.com\/#website"},"primaryImageOfPage":{"@id":"https:\/\/www.directhealthcaregroup.com\/da\/viden-og-evidens\/175398-2\/#primaryimage"},"image":{"@id":"https:\/\/www.directhealthcaregroup.com\/da\/viden-og-evidens\/175398-2\/#primaryimage"},"thumbnailUrl":"https:\/\/www.directhealthcaregroup.com\/app\/uploads\/forbedret-arbejdsmiljo-tb-transformed.jpeg","datePublished":"2023-03-22T08:13:49+00:00","dateModified":"2023-05-16T18:22:47+00:00","description":"Faaborg Midtfyn Kommune har unders\u00f8gt effekten p\u00e5 arbejdsmilj\u00f8et, kvaliteten for borgeren og muligheden for at g\u00e5 fra 2 til 1 plejer.","breadcrumb":{"@id":"https:\/\/www.directhealthcaregroup.com\/da\/viden-og-evidens\/175398-2\/#breadcrumb"},"inLanguage":"da-DK","potentialAction":[{"@type":"ReadAction","target":["https:\/\/www.directhealthcaregroup.com\/da\/viden-og-evidens\/175398-2\/"]}]},{"@type":"ImageObject","inLanguage":"da-DK","@id":"https:\/\/www.directhealthcaregroup.com\/da\/viden-og-evidens\/175398-2\/#primaryimage","url":"https:\/\/www.directhealthcaregroup.com\/app\/uploads\/forbedret-arbejdsmiljo-tb-transformed.jpeg","contentUrl":"https:\/\/www.directhealthcaregroup.com\/app\/uploads\/forbedret-arbejdsmiljo-tb-transformed.jpeg","width":2000,"height":500},{"@type":"BreadcrumbList","@id":"https:\/\/www.directhealthcaregroup.com\/da\/viden-og-evidens\/175398-2\/#breadcrumb","itemListElement":[{"@type":"ListItem","position":1,"name":"Home","item":"https:\/\/www.directhealthcaregroup.com\/da\/"},{"@type":"ListItem","position":2,"name":"VIDEN OG EVIDENS","item":"https:\/\/www.directhealthcaregroup.com\/da\/viden-og-evidens\/"},{"@type":"ListItem","position":3,"name":"Forbedret arbejdsmilj\u00f8 og kvalitet i plejen"}]},{"@type":"WebSite","@id":"https:\/\/www.directhealthcaregroup.com\/#website","url":"https:\/\/www.directhealthcaregroup.com\/","name":"DHG","description":"Moving Health Forward","publisher":{"@id":"https:\/\/www.directhealthcaregroup.com\/#organization"},"potentialAction":[{"@type":"SearchAction","target":{"@type":"EntryPoint","urlTemplate":"https:\/\/www.directhealthcaregroup.com\/?s={search_term_string}"},"query-input":{"@type":"PropertyValueSpecification","valueRequired":true,"valueName":"search_term_string"}}],"inLanguage":"da-DK"},{"@type":"Organization","@id":"https:\/\/www.directhealthcaregroup.com\/#organization","name":"Direct Healthcare Group","url":"https:\/\/www.directhealthcaregroup.com\/","logo":{"@type":"ImageObject","inLanguage":"da-DK","@id":"https:\/\/www.directhealthcaregroup.com\/#\/schema\/logo\/image\/","url":"https:\/\/directhealthcaregroup.com\/app\/uploads\/dhg-logo.png","contentUrl":"https:\/\/directhealthcaregroup.com\/app\/uploads\/dhg-logo.png","width":556,"height":240,"caption":"Direct Healthcare Group"},"image":{"@id":"https:\/\/www.directhealthcaregroup.com\/#\/schema\/logo\/image\/"}}]}},"_links":{"self":[{"href":"https:\/\/www.directhealthcaregroup.com\/da\/wp-json\/wp\/v2\/pages\/175398","targetHints":{"allow":["GET"]}}],"collection":[{"href":"https:\/\/www.directhealthcaregroup.com\/da\/wp-json\/wp\/v2\/pages"}],"about":[{"href":"https:\/\/www.directhealthcaregroup.com\/da\/wp-json\/wp\/v2\/types\/page"}],"author":[{"embeddable":true,"href":"https:\/\/www.directhealthcaregroup.com\/da\/wp-json\/wp\/v2\/users\/40"}],"replies":[{"embeddable":true,"href":"https:\/\/www.directhealthcaregroup.com\/da\/wp-json\/wp\/v2\/comments?post=175398"}],"version-history":[{"count":5,"href":"https:\/\/www.directhealthcaregroup.com\/da\/wp-json\/wp\/v2\/pages\/175398\/revisions"}],"predecessor-version":[{"id":183629,"href":"https:\/\/www.directhealthcaregroup.com\/da\/wp-json\/wp\/v2\/pages\/175398\/revisions\/183629"}],"up":[{"embeddable":true,"href":"https:\/\/www.directhealthcaregroup.com\/da\/wp-json\/wp\/v2\/pages\/174696"}],"wp:featuredmedia":[{"embeddable":true,"href":"https:\/\/www.directhealthcaregroup.com\/da\/wp-json\/wp\/v2\/media\/177912"}],"wp:attachment":[{"href":"https:\/\/www.directhealthcaregroup.com\/da\/wp-json\/wp\/v2\/media?parent=175398"}],"curies":[{"name":"wp","href":"https:\/\/api.w.org\/{rel}","templated":true}]}}