{"id":175491,"date":"2023-03-22T09:07:13","date_gmt":"2023-03-22T09:07:13","guid":{"rendered":"https:\/\/www.directhealthcaregroup.com\/?page_id=175491"},"modified":"2023-05-16T19:42:39","modified_gmt":"2023-05-16T18:42:39","slug":"175491-2","status":"publish","type":"page","link":"https:\/\/www.directhealthcaregroup.com\/da\/viden-og-evidens\/175491-2\/","title":{"rendered":"Arbejdsskader i sundhedssektoren: Vi skal fortsat g\u00f8re en indsats"},"content":{"rendered":"\n<h1 class=\"wp-block-heading\"><\/h1>\n\n\n\n<p>Et godt arbejdsmilj\u00f8 betaler sig &#8211; det kan ingen v\u00e6re uenig i. Men g\u00f8r vi nok for at undg\u00e5 arbejdsskader i sundhedssektoren?<\/p>\n\n\n\n<p>17. juni 2015<\/p>\n\n\n\n<p>Af: Ergoterapeut, Pia Beck<\/p>\n\n\n\n<p>I Danmark er der heldigvis et stort fokus p\u00e5 arbejdsmilj\u00f8et, og i de senere \u00e5r er der sat mange tiltag i v\u00e6rk for at nedbringe antallet af skader relateret til arbejdet.<br><\/p>\n\n\n\n<h2 class=\"wp-block-heading\"><strong>Flere erhvervssygdomme<\/strong><\/h2>\n\n\n\n<p>P\u00e5 trods af den massive indsats p\u00e5 det arbejdsmilj\u00f8m\u00e6ssige omr\u00e5de modtog Arbejdsskadestyrelsen godt 57.000 sager i 2012. Det er knap 2900 sager mere end i 2011.&nbsp;<\/p>\n\n\n\n<p>I 2012 l\u00f8b erstatningsudgifterne op i n\u00e6sten 4 milliarder kroner. Det er en enorm udgift for samfundet. Samtidig har skaderne store menneskelige omkostninger for det enkelte individ.&nbsp;<\/p>\n\n\n\n<p>En arbejdsskade d\u00e6kker over to forskellige begreber, nemlig arbejdsulykker og erhvervssygdomme.<\/p>\n\n\n\n<p>Stigningen i antallet af sager skyldes hovedsageligt flere sager om erhvervssygdomme.&nbsp;<br><\/p>\n\n\n\n<h3 class=\"wp-block-heading\"><strong>Arbejdsskader<\/strong><\/h3>\n\n\n\n<p>En arbejdsskade d\u00e6kker over to forskellige begreber, nemlig arbejdsulykker og erhvervssygdomme.<\/p>\n\n\n\n<p><strong>Ulykker:<\/strong><br>En ulykke er en fysisk eller psykisk skade, som opst\u00e5r efter en h\u00e6ndelse eller p\u00e5virkning, der er sket pludseligt eller indenfor 5 dage.<\/p>\n\n\n\n<p><strong>Erhvervssygdomme:<\/strong><br>En erhvervssygdom er en sygdom, der skyldes arbejdet eller arbejdsforholdene. Sygdommen kan komme af p\u00e5virkninger gennem kortere eller l\u00e6ngere tid.&nbsp;<\/p>\n\n\n\n<p><em>Kilde: Arbejdsskadestatistik 2012, Arbejdsskadestyrelsen<\/em><\/p>\n\n\n\n<h1 class=\"wp-block-heading\"><strong>Arbejdsskader i sundhedssektoren<\/strong><\/h1>\n\n\n\n<p>Arbejdsskadestyrelsen opdeler anmeldelserne p\u00e5 branchegrupper.&nbsp;<\/p>\n\n\n\n<p>Branchegruppen \u201csundhedsv\u00e6sen og sociale foranstaltninger\u201d er den branchegruppe, der i 2012 havde flest anmeldelser. Det er anmeldelser, der blandt andet omfatter sundhedsfagligt personale i \u00e6ldreplejen, p\u00e5 institutioner og i hospitalssektoren.<\/p>\n\n\n\n<p>Indenfor branchegruppen \u201dsundhedsv\u00e6sen og sociale foranstaltninger\u201d er der en markant overv\u00e6gt af anmeldte&nbsp;<em>ulykker<\/em>&nbsp;indenfor kategorien \u201dforstr\u00e6kninger\u201d. I 2012 h\u00f8rte hele 58 % af anmeldelserne til i denne kategori.<\/p>\n\n\n\n<p>Antallet af anmeldte&nbsp;<em>erhvervssygdomme<\/em>&nbsp;relateret til bev\u00e6geapparatet udgjorde 33 % af anmeldelserne i 2012. Det er sygdomme i skulder og nakke, arme, ryggen og andre steder i bev\u00e6geapparatet.<\/p>\n\n\n\n<p><strong>L\u00e6s ogs\u00e5:<\/strong>&nbsp;<a href=\"https:\/\/www.directhealthcaregroup.com\/da\/viden-og-evidens\/177643-2\/\" target=\"_blank\" rel=\"noreferrer noopener\">Derfor skal du kende til biomekanik<\/a><br>&nbsp;&nbsp;<\/p>\n\n\n\n<h2 class=\"wp-block-heading\"><strong>Anerkendelse af skader<\/strong><\/h2>\n\n\n\n<p>Det fremg\u00e5r af Arbejdsskadestyrelsens statistikker, at mange af de anmeldte erhvervssygdomme relateret til bev\u00e6geapparatet ikke bliver anerkendt. Til sammenligning bliver langt de fleste hudsygdomme anerkendt.&nbsp;<br><\/p>\n\n\n\n<h2 class=\"wp-block-heading\"><strong>Fortsat behov for fokus<\/strong><\/h2>\n\n\n\n<p>\u201cSundhedsv\u00e6sen og sociale foranstaltninger\u201d er den branchegruppe, der besk\u00e6ftiger flest mennesker i Danmark. Det forklarer delvist, hvorfor der er mange anmeldelser i denne branchegruppe.&nbsp;Men det viser ogs\u00e5, at der er et stort potentiale i at nedbringe antallet af arbejdsskader i netop denne branchegruppe.&nbsp;<\/p>\n\n\n\n<p>B\u00e5de det store antal ulykker indenfor kategorien \u201cforstr\u00e6kninger\u201d og det store antal erhvervssygdomme relateret til bev\u00e6geapparatet indikerer, at der stadig sker alt for mange bev\u00e6geapparatsrelaterede skader i plejearbejdet. Samtidig er det tilsyneladende vanskeligt at f\u00e5 anerkendt erhvervssygdomme relateret til bev\u00e6geapparatet. De skader der sker, har derfor stor betydning for den enkelte.<\/p>\n","protected":false},"excerpt":{"rendered":"<p>Et godt arbejdsmilj\u00f8 betaler sig &#8211; det kan ingen v\u00e6re uenig i. Men g\u00f8r vi nok for at undg\u00e5 arbejdsskader i sundhedssektoren? 17. juni 2015 Af: Ergoterapeut, Pia Beck I Danmark er der heldigvis et stort fokus p\u00e5 arbejdsmilj\u00f8et, og i de senere \u00e5r er der sat mange tiltag i v\u00e6rk for at nedbringe antallet &hellip; <a href=\"https:\/\/www.directhealthcaregroup.com\/da\/viden-og-evidens\/175491-2\/\">Continued<\/a><\/p>\n","protected":false},"author":40,"featured_media":177938,"parent":174696,"menu_order":5,"comment_status":"closed","ping_status":"closed","template":"","meta":{"_acf_changed":false,"footnotes":""},"class_list":["post-175491","page","type-page","status-publish","has-post-thumbnail","hentry"],"acf":[],"yoast_head":"<!-- This site is optimized with the Yoast SEO plugin v27.4 - https:\/\/yoast.com\/product\/yoast-seo-wordpress\/ -->\n<title>Arbejdsskader i sundhedssektoren: Vi skal fortsat g\u00f8re en indsats | DHG<\/title>\n<meta name=\"robots\" content=\"index, follow, max-snippet:-1, max-image-preview:large, max-video-preview:-1\" \/>\n<link rel=\"canonical\" href=\"https:\/\/www.directhealthcaregroup.com\/da\/viden-og-evidens\/175491-2\/\" \/>\n<meta property=\"og:locale\" content=\"da_DK\" \/>\n<meta property=\"og:type\" content=\"article\" \/>\n<meta property=\"og:title\" content=\"Arbejdsskader i sundhedssektoren: Vi skal fortsat g\u00f8re en indsats | DHG\" \/>\n<meta property=\"og:description\" content=\"Et godt arbejdsmilj\u00f8 betaler sig &#8211; det kan ingen v\u00e6re uenig i. Men g\u00f8r vi nok for at undg\u00e5 arbejdsskader i sundhedssektoren? 17. juni 2015 Af: Ergoterapeut, Pia Beck I Danmark er der heldigvis et stort fokus p\u00e5 arbejdsmilj\u00f8et, og i de senere \u00e5r er der sat mange tiltag i v\u00e6rk for at nedbringe antallet &hellip; Continued\" \/>\n<meta property=\"og:url\" content=\"https:\/\/www.directhealthcaregroup.com\/da\/viden-og-evidens\/175491-2\/\" \/>\n<meta property=\"og:site_name\" content=\"DHG\" \/>\n<meta property=\"article:modified_time\" content=\"2023-05-16T18:42:39+00:00\" \/>\n<meta property=\"og:image\" content=\"https:\/\/www.directhealthcaregroup.com\/app\/uploads\/vi-skal-fortsat-gore-en-indsats-tb-transformed.jpeg\" \/>\n\t<meta property=\"og:image:width\" content=\"2000\" \/>\n\t<meta property=\"og:image:height\" content=\"500\" \/>\n\t<meta property=\"og:image:type\" content=\"image\/jpeg\" \/>\n<meta name=\"twitter:card\" content=\"summary_large_image\" \/>\n<meta name=\"twitter:label1\" content=\"Est. reading time\" \/>\n\t<meta name=\"twitter:data1\" content=\"2 minutes\" \/>\n<script type=\"application\/ld+json\" class=\"yoast-schema-graph\">{\"@context\":\"https:\\\/\\\/schema.org\",\"@graph\":[{\"@type\":\"WebPage\",\"@id\":\"https:\\\/\\\/www.directhealthcaregroup.com\\\/da\\\/viden-og-evidens\\\/175491-2\\\/\",\"url\":\"https:\\\/\\\/www.directhealthcaregroup.com\\\/da\\\/viden-og-evidens\\\/175491-2\\\/\",\"name\":\"Arbejdsskader i sundhedssektoren: Vi skal fortsat g\u00f8re en indsats | DHG\",\"isPartOf\":{\"@id\":\"https:\\\/\\\/www.directhealthcaregroup.com\\\/#website\"},\"primaryImageOfPage\":{\"@id\":\"https:\\\/\\\/www.directhealthcaregroup.com\\\/da\\\/viden-og-evidens\\\/175491-2\\\/#primaryimage\"},\"image\":{\"@id\":\"https:\\\/\\\/www.directhealthcaregroup.com\\\/da\\\/viden-og-evidens\\\/175491-2\\\/#primaryimage\"},\"thumbnailUrl\":\"https:\\\/\\\/www.directhealthcaregroup.com\\\/app\\\/uploads\\\/vi-skal-fortsat-gore-en-indsats-tb-transformed.jpeg\",\"datePublished\":\"2023-03-22T09:07:13+00:00\",\"dateModified\":\"2023-05-16T18:42:39+00:00\",\"breadcrumb\":{\"@id\":\"https:\\\/\\\/www.directhealthcaregroup.com\\\/da\\\/viden-og-evidens\\\/175491-2\\\/#breadcrumb\"},\"inLanguage\":\"da-DK\",\"potentialAction\":[{\"@type\":\"ReadAction\",\"target\":[\"https:\\\/\\\/www.directhealthcaregroup.com\\\/da\\\/viden-og-evidens\\\/175491-2\\\/\"]}]},{\"@type\":\"ImageObject\",\"inLanguage\":\"da-DK\",\"@id\":\"https:\\\/\\\/www.directhealthcaregroup.com\\\/da\\\/viden-og-evidens\\\/175491-2\\\/#primaryimage\",\"url\":\"https:\\\/\\\/www.directhealthcaregroup.com\\\/app\\\/uploads\\\/vi-skal-fortsat-gore-en-indsats-tb-transformed.jpeg\",\"contentUrl\":\"https:\\\/\\\/www.directhealthcaregroup.com\\\/app\\\/uploads\\\/vi-skal-fortsat-gore-en-indsats-tb-transformed.jpeg\",\"width\":2000,\"height\":500},{\"@type\":\"BreadcrumbList\",\"@id\":\"https:\\\/\\\/www.directhealthcaregroup.com\\\/da\\\/viden-og-evidens\\\/175491-2\\\/#breadcrumb\",\"itemListElement\":[{\"@type\":\"ListItem\",\"position\":1,\"name\":\"Home\",\"item\":\"https:\\\/\\\/www.directhealthcaregroup.com\\\/da\\\/\"},{\"@type\":\"ListItem\",\"position\":2,\"name\":\"VIDEN OG EVIDENS\",\"item\":\"https:\\\/\\\/www.directhealthcaregroup.com\\\/da\\\/viden-og-evidens\\\/\"},{\"@type\":\"ListItem\",\"position\":3,\"name\":\"Arbejdsskader i sundhedssektoren: Vi skal fortsat g\u00f8re en indsats\"}]},{\"@type\":\"WebSite\",\"@id\":\"https:\\\/\\\/www.directhealthcaregroup.com\\\/#website\",\"url\":\"https:\\\/\\\/www.directhealthcaregroup.com\\\/\",\"name\":\"DHG\",\"description\":\"Moving Health Forward\",\"publisher\":{\"@id\":\"https:\\\/\\\/www.directhealthcaregroup.com\\\/#organization\"},\"potentialAction\":[{\"@type\":\"SearchAction\",\"target\":{\"@type\":\"EntryPoint\",\"urlTemplate\":\"https:\\\/\\\/www.directhealthcaregroup.com\\\/?s={search_term_string}\"},\"query-input\":{\"@type\":\"PropertyValueSpecification\",\"valueRequired\":true,\"valueName\":\"search_term_string\"}}],\"inLanguage\":\"da-DK\"},{\"@type\":\"Organization\",\"@id\":\"https:\\\/\\\/www.directhealthcaregroup.com\\\/#organization\",\"name\":\"Direct Healthcare Group\",\"url\":\"https:\\\/\\\/www.directhealthcaregroup.com\\\/\",\"logo\":{\"@type\":\"ImageObject\",\"inLanguage\":\"da-DK\",\"@id\":\"https:\\\/\\\/www.directhealthcaregroup.com\\\/#\\\/schema\\\/logo\\\/image\\\/\",\"url\":\"https:\\\/\\\/directhealthcaregroup.com\\\/app\\\/uploads\\\/dhg-logo.png\",\"contentUrl\":\"https:\\\/\\\/directhealthcaregroup.com\\\/app\\\/uploads\\\/dhg-logo.png\",\"width\":556,\"height\":240,\"caption\":\"Direct Healthcare Group\"},\"image\":{\"@id\":\"https:\\\/\\\/www.directhealthcaregroup.com\\\/#\\\/schema\\\/logo\\\/image\\\/\"}}]}<\/script>\n<!-- \/ Yoast SEO plugin. -->","yoast_head_json":{"title":"Arbejdsskader i sundhedssektoren: Vi skal fortsat g\u00f8re en indsats | DHG","robots":{"index":"index","follow":"follow","max-snippet":"max-snippet:-1","max-image-preview":"max-image-preview:large","max-video-preview":"max-video-preview:-1"},"canonical":"https:\/\/www.directhealthcaregroup.com\/da\/viden-og-evidens\/175491-2\/","og_locale":"da_DK","og_type":"article","og_title":"Arbejdsskader i sundhedssektoren: Vi skal fortsat g\u00f8re en indsats | DHG","og_description":"Et godt arbejdsmilj\u00f8 betaler sig &#8211; det kan ingen v\u00e6re uenig i. Men g\u00f8r vi nok for at undg\u00e5 arbejdsskader i sundhedssektoren? 17. juni 2015 Af: Ergoterapeut, Pia Beck I Danmark er der heldigvis et stort fokus p\u00e5 arbejdsmilj\u00f8et, og i de senere \u00e5r er der sat mange tiltag i v\u00e6rk for at nedbringe antallet &hellip; Continued","og_url":"https:\/\/www.directhealthcaregroup.com\/da\/viden-og-evidens\/175491-2\/","og_site_name":"DHG","article_modified_time":"2023-05-16T18:42:39+00:00","og_image":[{"width":2000,"height":500,"url":"https:\/\/www.directhealthcaregroup.com\/app\/uploads\/vi-skal-fortsat-gore-en-indsats-tb-transformed.jpeg","type":"image\/jpeg"}],"twitter_card":"summary_large_image","twitter_misc":{"Est. reading time":"2 minutes"},"schema":{"@context":"https:\/\/schema.org","@graph":[{"@type":"WebPage","@id":"https:\/\/www.directhealthcaregroup.com\/da\/viden-og-evidens\/175491-2\/","url":"https:\/\/www.directhealthcaregroup.com\/da\/viden-og-evidens\/175491-2\/","name":"Arbejdsskader i sundhedssektoren: Vi skal fortsat g\u00f8re en indsats | DHG","isPartOf":{"@id":"https:\/\/www.directhealthcaregroup.com\/#website"},"primaryImageOfPage":{"@id":"https:\/\/www.directhealthcaregroup.com\/da\/viden-og-evidens\/175491-2\/#primaryimage"},"image":{"@id":"https:\/\/www.directhealthcaregroup.com\/da\/viden-og-evidens\/175491-2\/#primaryimage"},"thumbnailUrl":"https:\/\/www.directhealthcaregroup.com\/app\/uploads\/vi-skal-fortsat-gore-en-indsats-tb-transformed.jpeg","datePublished":"2023-03-22T09:07:13+00:00","dateModified":"2023-05-16T18:42:39+00:00","breadcrumb":{"@id":"https:\/\/www.directhealthcaregroup.com\/da\/viden-og-evidens\/175491-2\/#breadcrumb"},"inLanguage":"da-DK","potentialAction":[{"@type":"ReadAction","target":["https:\/\/www.directhealthcaregroup.com\/da\/viden-og-evidens\/175491-2\/"]}]},{"@type":"ImageObject","inLanguage":"da-DK","@id":"https:\/\/www.directhealthcaregroup.com\/da\/viden-og-evidens\/175491-2\/#primaryimage","url":"https:\/\/www.directhealthcaregroup.com\/app\/uploads\/vi-skal-fortsat-gore-en-indsats-tb-transformed.jpeg","contentUrl":"https:\/\/www.directhealthcaregroup.com\/app\/uploads\/vi-skal-fortsat-gore-en-indsats-tb-transformed.jpeg","width":2000,"height":500},{"@type":"BreadcrumbList","@id":"https:\/\/www.directhealthcaregroup.com\/da\/viden-og-evidens\/175491-2\/#breadcrumb","itemListElement":[{"@type":"ListItem","position":1,"name":"Home","item":"https:\/\/www.directhealthcaregroup.com\/da\/"},{"@type":"ListItem","position":2,"name":"VIDEN OG EVIDENS","item":"https:\/\/www.directhealthcaregroup.com\/da\/viden-og-evidens\/"},{"@type":"ListItem","position":3,"name":"Arbejdsskader i sundhedssektoren: Vi skal fortsat g\u00f8re en indsats"}]},{"@type":"WebSite","@id":"https:\/\/www.directhealthcaregroup.com\/#website","url":"https:\/\/www.directhealthcaregroup.com\/","name":"DHG","description":"Moving Health Forward","publisher":{"@id":"https:\/\/www.directhealthcaregroup.com\/#organization"},"potentialAction":[{"@type":"SearchAction","target":{"@type":"EntryPoint","urlTemplate":"https:\/\/www.directhealthcaregroup.com\/?s={search_term_string}"},"query-input":{"@type":"PropertyValueSpecification","valueRequired":true,"valueName":"search_term_string"}}],"inLanguage":"da-DK"},{"@type":"Organization","@id":"https:\/\/www.directhealthcaregroup.com\/#organization","name":"Direct Healthcare Group","url":"https:\/\/www.directhealthcaregroup.com\/","logo":{"@type":"ImageObject","inLanguage":"da-DK","@id":"https:\/\/www.directhealthcaregroup.com\/#\/schema\/logo\/image\/","url":"https:\/\/directhealthcaregroup.com\/app\/uploads\/dhg-logo.png","contentUrl":"https:\/\/directhealthcaregroup.com\/app\/uploads\/dhg-logo.png","width":556,"height":240,"caption":"Direct Healthcare Group"},"image":{"@id":"https:\/\/www.directhealthcaregroup.com\/#\/schema\/logo\/image\/"}}]}},"_links":{"self":[{"href":"https:\/\/www.directhealthcaregroup.com\/da\/wp-json\/wp\/v2\/pages\/175491","targetHints":{"allow":["GET"]}}],"collection":[{"href":"https:\/\/www.directhealthcaregroup.com\/da\/wp-json\/wp\/v2\/pages"}],"about":[{"href":"https:\/\/www.directhealthcaregroup.com\/da\/wp-json\/wp\/v2\/types\/page"}],"author":[{"embeddable":true,"href":"https:\/\/www.directhealthcaregroup.com\/da\/wp-json\/wp\/v2\/users\/40"}],"replies":[{"embeddable":true,"href":"https:\/\/www.directhealthcaregroup.com\/da\/wp-json\/wp\/v2\/comments?post=175491"}],"version-history":[{"count":5,"href":"https:\/\/www.directhealthcaregroup.com\/da\/wp-json\/wp\/v2\/pages\/175491\/revisions"}],"predecessor-version":[{"id":183631,"href":"https:\/\/www.directhealthcaregroup.com\/da\/wp-json\/wp\/v2\/pages\/175491\/revisions\/183631"}],"up":[{"embeddable":true,"href":"https:\/\/www.directhealthcaregroup.com\/da\/wp-json\/wp\/v2\/pages\/174696"}],"wp:featuredmedia":[{"embeddable":true,"href":"https:\/\/www.directhealthcaregroup.com\/da\/wp-json\/wp\/v2\/media\/177938"}],"wp:attachment":[{"href":"https:\/\/www.directhealthcaregroup.com\/da\/wp-json\/wp\/v2\/media?parent=175491"}],"curies":[{"name":"wp","href":"https:\/\/api.w.org\/{rel}","templated":true}]}}