{"id":175539,"date":"2023-03-22T09:47:52","date_gmt":"2023-03-22T09:47:52","guid":{"rendered":"https:\/\/www.directhealthcaregroup.com\/?page_id=175539"},"modified":"2023-05-16T19:44:31","modified_gmt":"2023-05-16T18:44:31","slug":"175539-2","status":"publish","type":"page","link":"https:\/\/www.directhealthcaregroup.com\/da\/viden-og-evidens\/175539-2\/","title":{"rendered":"Hvad er velf\u00e6rdsteknologi?"},"content":{"rendered":"\n<h1 class=\"wp-block-heading\"><\/h1>\n\n\n\n<p>Trods stigende brug af begrebet &#8220;velf\u00e6rdsteknologi&#8221; er der endnu ikke udarbejdet en officiel definition af begrebet.<\/p>\n\n\n\n<p>20. juli 2015<\/p>\n\n\n\n<p>Af: Ergoterapeut, Pia Beck<\/p>\n\n\n\n<p>Velf\u00e6rdsteknologi er i den grad kommet p\u00e5 dagsordenen politisk s\u00e5vel som p\u00e5 uddannelser og i det praktiske plejearbejde. Det kan ind i mellem v\u00e6re lidt vanskeligt at holde styr p\u00e5, hvad der er hvad og hvad velf\u00e6rdsteknologi egentlig er. Der findes desv\u00e6rre ikke en officiel definition af begrebet \u201dvelf\u00e6rdsteknologi\u201d, hvilket kan v\u00e6re en medvirkende \u00e5rsag til det lidt mudrede billede.&nbsp;<\/p>\n\n\n\n<p>Oxford Research har lavet en kort og klar definition, der l\u00e6ner sig op ad Fonden for Velf\u00e6rdsteknologi og Hj\u00e6lpemiddelinstituttets beskrivelse:<br><\/p>\n\n\n\n<div class=\"wp-block-image\"><figure class=\"aligncenter size-large\"><img loading=\"lazy\" decoding=\"async\" width=\"893\" height=\"249\" src=\"https:\/\/www.directhealthcaregroup.com\/app\/uploads\/Screenshot-2023-03-22-104305.jpg\" alt=\"\" class=\"wp-image-175551\" srcset=\"https:\/\/www.directhealthcaregroup.com\/app\/uploads\/Screenshot-2023-03-22-104305.jpg 893w, https:\/\/www.directhealthcaregroup.com\/app\/uploads\/Screenshot-2023-03-22-104305-300x84.jpg 300w, https:\/\/www.directhealthcaregroup.com\/app\/uploads\/Screenshot-2023-03-22-104305-768x214.jpg 768w, https:\/\/www.directhealthcaregroup.com\/app\/uploads\/Screenshot-2023-03-22-104305-320x89.jpg 320w, https:\/\/www.directhealthcaregroup.com\/app\/uploads\/Screenshot-2023-03-22-104305-800x223.jpg 800w\" sizes=\"auto, (max-width: 893px) 100vw, 893px\" \/><\/figure><\/div>\n\n\n\n<p>Definitionen afspejler, at velf\u00e6rdsteknologi ikke blot handler om at spare ressourcer, men i h\u00f8j grad ogs\u00e5 handler om at \u00f8ge kvaliteten i behandling og pleje til gavn for b\u00e5de patienter og personalet.&nbsp;<\/p>\n\n\n\n<p>N\u00e5r jeg taler om velf\u00e6rdsteknologi, er det ud fra denne definition.<\/p>\n\n\n\n<h2 class=\"wp-block-heading\"><strong>Frig\u00f8re arbejdskraft<\/strong><\/h2>\n\n\n\n<p>I al sin enkelthed handler det om, at en arbejdsopgave kan udf\u00f8res hurtigere. Det kan ske ved, at processen g\u00f8res mere effektiv. Det kan ogs\u00e5 ske ved, at opgaven udf\u00f8res af f\u00e6rre personer. I de rigtig gode situationer er det en kombination af begge.<\/p>\n\n\n\n<p>Mange tolker dette som, at der skal fyres personale. Det er efter min mening en fejltolkning. Faktum er, at vi lever midt i en enorm stor demografisk forandring af vort samfund. For kort at anskueligg\u00f8re den voldsomme forandring m\u00e5 jeg bringe lidt tal i spil.&nbsp;<\/p>\n\n\n\n<p>I f\u00f8lge tal fra Danmarks Statistik er 235.000 borgere i dag 80 \u00e5r eller \u00e6ldre. I 2020 vil tallet v\u00e6re steget til 271.000 og i 2030 til 427.000! I l\u00f8bet af de n\u00e6ste 16 \u00e5r stiger denne befolkningsandel med hele 192.000! Denne voldsomme stigning skal ses i lyset af, at vi erfaringsm\u00e6ssigt ved, at mere end halvdelen af denne befolkningsgruppe er st\u00e6rkt plejekr\u00e6vende. Med denne viden svarer det til at vi f\u00e5r ca. 100.000 flere plejekr\u00e6vende borgere. Plejeopgaven ude i kommunerne stiger med andre ord voldsomt. Noget vi allerede oplever i dag.<\/p>\n\n\n\n<p>I samme 16 \u00e5rige periode vokser antallet af borgere mellem 20 og 69 \u00e5r desv\u00e6rre kun med knapt 18.000. Hvis vi fortsat skal beholde en ordentlig kvalitet i plejen, er vi derfor n\u00f8dt til at \u00e6ndre nuv\u00e6rende arbejdsmetoder og organisering af plejen. Vi er n\u00f8dt til at finde mere effektive arbejdsmetoder, hvor samme antal personale kan klare flere opgaver.&nbsp;<\/p>\n\n\n\n<p>Jeg h\u00e5ber disse tal meget tydeligt viser, at der p\u00e5 ingen m\u00e5de er plads til at afskedige personale. Vi f\u00e5r i h\u00f8j grad brug for alle h\u00e6nder.<br><\/p>\n\n\n\n<h2 class=\"wp-block-heading\"><strong>Lette arbejdsbyrden<\/strong><\/h2>\n\n\n\n<p>At &#8220;lette arbejdsbyrden for personalet&#8221; betyder, at velf\u00e6rdsteknologien skal v\u00e6re med til at forbedre arbejdsmilj\u00f8et, s\u00e5 vi ikke bliver \u00f8delagte og nedslidte af vores arbejde. P\u00e5 trods af at vi i Danmark g\u00f8r en ganske stor indsats for arbejdsmilj\u00f8et, har vi fortsat mange arbejdsskader, som hvert \u00e5r s\u00e6tter mennesker ud af arbejdsmarkedet.&nbsp;<\/p>\n\n\n\n<p>N\u00e5r vi nu ved, at der kommer en kraftig stigning i antallet af plejekr\u00e6vende borgere, er det vigtigt at vi passer godt p\u00e5 plejepersonalet og sikrer dem et ordentligt arbejdsmilj\u00f8, der forebygger arbejdsskader. Det er rent menneskeligt ikke holdbart at s\u00e6tte mennesker til at udf\u00f8re et stykke arbejde, vi ved, der er risiko for skader dem. Rent \u00f8konomisk holder det heller ikke. En person, der forlader&nbsp;arbejdsmarkedet som f\u00f8lge af en arbejdsskade, koster samfundet mange penge. Samtidig betyder det, at der er 2 h\u00e6nder mindre til at bidrage i l\u00f8sningen af de mange plejeopgaver.<\/p>\n\n\n\n<p>Udfordringen ligger ikke kun i, at antallet af 80 \u00e5rige eller \u00e6ldre stiger. Vi skal ogs\u00e5 blive p\u00e5 arbejdsmarkedet i l\u00e6ngere tid. En klar foruds\u00e6tning for at vi skal kunne holde til at arbejde til vi bliver 70 \u00e5r er, at vi har et ordentligt arbejdsmilj\u00f8, der beskytter os \u2013 ogs\u00e5 n\u00e5r vi er 66 \u00e5r og i gang med en vanskelig og tung plejeopgave.<\/p>\n\n\n\n<p>Velf\u00e6rdsteknologien handler alts\u00e5 ogs\u00e5 om, at vi skal have nogle gode effektive arbejdsredskaber, der mindsker nedslidning af personalet og risikoen for ulykker.<br><\/p>\n\n\n\n<h2 class=\"wp-block-heading\"><strong>\u00d8ge kvaliteten og trygheden<\/strong><\/h2>\n\n\n\n<p>I den danske plejesektor hersker der en generel opfattelse af, at jo flere plejere\/h\u00e6nder der er til plejeopgaven, desto bedre og mere v\u00e6rdigt kan opgaven l\u00f8ses for borgeren. Hvis vi f.eks. g\u00e5r fra 2 plejere til 1 plejer hos en borger, opfattes det ofte som om&nbsp;plejen forringes betydeligt. Det vurderes heller ikke at v\u00e6re v\u00e6rdigt over for borgeren. Men er det nu altid rigtigt?<\/p>\n\n\n\n<p>Talrige unders\u00f8gelser viser faktisk, at borgerne gerne vil bevare deres egen selvst\u00e6ndighed l\u00e6ngst muligt. En unders\u00f8gelse fra \u00c6ldre Sagen viser f.eks. at mere end 70% af alle \u00e6ldre foretr\u00e6kker robotter til at hj\u00e6lpe i mere intime situationer som f.eks. toiletbes\u00f8g, fremfor at modtage hj\u00e6lp af en plejer. Dette viser helt klart, at borgerens opfattelse af kvalitet og v\u00e6rdighed ikke n\u00f8dvendigvis er den samme som plejesektorens&nbsp;generelle opfattelse af, at&nbsp;jo flere jo bedre.<\/p>\n\n\n\n<p>Vi lever i en verden, hvor unge ofte flytter til en helt anden egn end der, hvor de er vokset op og hvor for\u00e6ldrene bor. Samtidig&nbsp;lever vi som voksne&nbsp;et hektisk arbejdsliv og med en presset fritid. M\u00e5ske er det en af \u00e5rsagerne til at mange \u00e6ldre f\u00f8ler sig ensomme og derved ogs\u00e5 utrygge. Hvad nu hvis man via gode diskrete monitoreringssystemer kan f\u00f8lge borgeren og hurtigt komme ud at&nbsp;hj\u00e6lpe, hvis borgeren f.eks. er faldet p\u00e5 toilettet og ikke selv kan rejse sig. S\u00e5danne systemer vil v\u00e6re med til at give tryghed.<\/p>\n\n\n\n<p>Velf\u00e6rdsteknologi handler ikke om at fjerne varme h\u00e6nder&nbsp;og forringe plejen af vores \u00e6ldre borgere. Tv\u00e6rtimod skal velf\u00e6rdsteknologi v\u00e6re med til at give st\u00f8rre kvalitet og selvst\u00e6ndighed og derved ogs\u00e5 st\u00f8rre v\u00e6rdighed. Velf\u00e6rdsteknologien vil v\u00e6re med til at give os helt nye muligheder for at im\u00f8dekomme de \u00e6ldre borgere p\u00e5 deres pr\u00e6misser og sikre kvalitet og en tryg alderdom.<br><\/p>\n\n\n\n<h2 class=\"wp-block-heading\"><strong>Vejen frem<\/strong><\/h2>\n\n\n\n<p>N\u00e5r jeg p\u00e5 denne m\u00e5de har forklaret definitionen af velf\u00e6rdsteknologi, h\u00e5ber jeg ogs\u00e5, at det st\u00e5r klart, at velf\u00e6rdsteknologi ikke skal betragtes som en trussel. Velf\u00e6rdsteknologi er en redningsplanke for vores pleje- og sundhedssektor \u2013 uden en god og intelligent implementering af velf\u00e6rdsteknologiske l\u00f8sninger klarer vi ganske enkelt ikke den enorme forandring, som vores befolkningssammens\u00e6tning gennemlever nu og de n\u00e6ste mange \u00e5r.<\/p>\n\n\n\n<p>Hvis vi ikke tage velf\u00e6rdsteknologien til os og arbejder aktivt med den, vil vi i stedet komme til at opleve betydelige forringelser i pleje- og sundhedssektoren bredt set.<\/p>\n","protected":false},"excerpt":{"rendered":"<p>Trods stigende brug af begrebet &#8220;velf\u00e6rdsteknologi&#8221; er der endnu ikke udarbejdet en officiel definition af begrebet. 20. juli 2015 Af: Ergoterapeut, Pia Beck Velf\u00e6rdsteknologi er i den grad kommet p\u00e5 dagsordenen politisk s\u00e5vel som p\u00e5 uddannelser og i det praktiske plejearbejde. Det kan ind i mellem v\u00e6re lidt vanskeligt at holde styr p\u00e5, hvad der &hellip; <a href=\"https:\/\/www.directhealthcaregroup.com\/da\/viden-og-evidens\/175539-2\/\">Continued<\/a><\/p>\n","protected":false},"author":40,"featured_media":177964,"parent":174696,"menu_order":7,"comment_status":"closed","ping_status":"closed","template":"","meta":{"_acf_changed":false,"footnotes":""},"class_list":["post-175539","page","type-page","status-publish","has-post-thumbnail","hentry"],"acf":[],"yoast_head":"<!-- This site is optimized with the Yoast SEO plugin v27.4 - https:\/\/yoast.com\/product\/yoast-seo-wordpress\/ -->\n<title>Hvad er velf\u00e6rdsteknologi? | DHG<\/title>\n<meta name=\"robots\" content=\"index, follow, max-snippet:-1, max-image-preview:large, max-video-preview:-1\" \/>\n<link rel=\"canonical\" href=\"https:\/\/www.directhealthcaregroup.com\/da\/viden-og-evidens\/175539-2\/\" \/>\n<meta property=\"og:locale\" content=\"da_DK\" \/>\n<meta property=\"og:type\" content=\"article\" \/>\n<meta property=\"og:title\" content=\"Hvad er velf\u00e6rdsteknologi? | DHG\" \/>\n<meta property=\"og:description\" content=\"Trods stigende brug af begrebet &#8220;velf\u00e6rdsteknologi&#8221; er der endnu ikke udarbejdet en officiel definition af begrebet. 20. juli 2015 Af: Ergoterapeut, Pia Beck Velf\u00e6rdsteknologi er i den grad kommet p\u00e5 dagsordenen politisk s\u00e5vel som p\u00e5 uddannelser og i det praktiske plejearbejde. Det kan ind i mellem v\u00e6re lidt vanskeligt at holde styr p\u00e5, hvad der &hellip; Continued\" \/>\n<meta property=\"og:url\" content=\"https:\/\/www.directhealthcaregroup.com\/da\/viden-og-evidens\/175539-2\/\" \/>\n<meta property=\"og:site_name\" content=\"DHG\" \/>\n<meta property=\"article:modified_time\" content=\"2023-05-16T18:44:31+00:00\" \/>\n<meta property=\"og:image\" content=\"https:\/\/www.directhealthcaregroup.com\/app\/uploads\/hvad-er-velfaerdsteknologi-tb-transformed.jpeg\" \/>\n\t<meta property=\"og:image:width\" content=\"2000\" \/>\n\t<meta property=\"og:image:height\" content=\"500\" \/>\n\t<meta property=\"og:image:type\" content=\"image\/jpeg\" \/>\n<meta name=\"twitter:card\" content=\"summary_large_image\" \/>\n<meta name=\"twitter:label1\" content=\"Est. reading time\" \/>\n\t<meta name=\"twitter:data1\" content=\"6 minutes\" \/>\n<script type=\"application\/ld+json\" class=\"yoast-schema-graph\">{\"@context\":\"https:\\\/\\\/schema.org\",\"@graph\":[{\"@type\":\"WebPage\",\"@id\":\"https:\\\/\\\/www.directhealthcaregroup.com\\\/da\\\/viden-og-evidens\\\/175539-2\\\/\",\"url\":\"https:\\\/\\\/www.directhealthcaregroup.com\\\/da\\\/viden-og-evidens\\\/175539-2\\\/\",\"name\":\"Hvad er velf\u00e6rdsteknologi? | DHG\",\"isPartOf\":{\"@id\":\"https:\\\/\\\/www.directhealthcaregroup.com\\\/#website\"},\"primaryImageOfPage\":{\"@id\":\"https:\\\/\\\/www.directhealthcaregroup.com\\\/da\\\/viden-og-evidens\\\/175539-2\\\/#primaryimage\"},\"image\":{\"@id\":\"https:\\\/\\\/www.directhealthcaregroup.com\\\/da\\\/viden-og-evidens\\\/175539-2\\\/#primaryimage\"},\"thumbnailUrl\":\"https:\\\/\\\/www.directhealthcaregroup.com\\\/app\\\/uploads\\\/hvad-er-velfaerdsteknologi-tb-transformed.jpeg\",\"datePublished\":\"2023-03-22T09:47:52+00:00\",\"dateModified\":\"2023-05-16T18:44:31+00:00\",\"breadcrumb\":{\"@id\":\"https:\\\/\\\/www.directhealthcaregroup.com\\\/da\\\/viden-og-evidens\\\/175539-2\\\/#breadcrumb\"},\"inLanguage\":\"da-DK\",\"potentialAction\":[{\"@type\":\"ReadAction\",\"target\":[\"https:\\\/\\\/www.directhealthcaregroup.com\\\/da\\\/viden-og-evidens\\\/175539-2\\\/\"]}]},{\"@type\":\"ImageObject\",\"inLanguage\":\"da-DK\",\"@id\":\"https:\\\/\\\/www.directhealthcaregroup.com\\\/da\\\/viden-og-evidens\\\/175539-2\\\/#primaryimage\",\"url\":\"https:\\\/\\\/www.directhealthcaregroup.com\\\/app\\\/uploads\\\/hvad-er-velfaerdsteknologi-tb-transformed.jpeg\",\"contentUrl\":\"https:\\\/\\\/www.directhealthcaregroup.com\\\/app\\\/uploads\\\/hvad-er-velfaerdsteknologi-tb-transformed.jpeg\",\"width\":2000,\"height\":500},{\"@type\":\"BreadcrumbList\",\"@id\":\"https:\\\/\\\/www.directhealthcaregroup.com\\\/da\\\/viden-og-evidens\\\/175539-2\\\/#breadcrumb\",\"itemListElement\":[{\"@type\":\"ListItem\",\"position\":1,\"name\":\"Home\",\"item\":\"https:\\\/\\\/www.directhealthcaregroup.com\\\/da\\\/\"},{\"@type\":\"ListItem\",\"position\":2,\"name\":\"VIDEN OG EVIDENS\",\"item\":\"https:\\\/\\\/www.directhealthcaregroup.com\\\/da\\\/viden-og-evidens\\\/\"},{\"@type\":\"ListItem\",\"position\":3,\"name\":\"Hvad er velf\u00e6rdsteknologi?\"}]},{\"@type\":\"WebSite\",\"@id\":\"https:\\\/\\\/www.directhealthcaregroup.com\\\/#website\",\"url\":\"https:\\\/\\\/www.directhealthcaregroup.com\\\/\",\"name\":\"DHG\",\"description\":\"Moving Health Forward\",\"publisher\":{\"@id\":\"https:\\\/\\\/www.directhealthcaregroup.com\\\/#organization\"},\"potentialAction\":[{\"@type\":\"SearchAction\",\"target\":{\"@type\":\"EntryPoint\",\"urlTemplate\":\"https:\\\/\\\/www.directhealthcaregroup.com\\\/?s={search_term_string}\"},\"query-input\":{\"@type\":\"PropertyValueSpecification\",\"valueRequired\":true,\"valueName\":\"search_term_string\"}}],\"inLanguage\":\"da-DK\"},{\"@type\":\"Organization\",\"@id\":\"https:\\\/\\\/www.directhealthcaregroup.com\\\/#organization\",\"name\":\"Direct Healthcare Group\",\"url\":\"https:\\\/\\\/www.directhealthcaregroup.com\\\/\",\"logo\":{\"@type\":\"ImageObject\",\"inLanguage\":\"da-DK\",\"@id\":\"https:\\\/\\\/www.directhealthcaregroup.com\\\/#\\\/schema\\\/logo\\\/image\\\/\",\"url\":\"https:\\\/\\\/directhealthcaregroup.com\\\/app\\\/uploads\\\/dhg-logo.png\",\"contentUrl\":\"https:\\\/\\\/directhealthcaregroup.com\\\/app\\\/uploads\\\/dhg-logo.png\",\"width\":556,\"height\":240,\"caption\":\"Direct Healthcare Group\"},\"image\":{\"@id\":\"https:\\\/\\\/www.directhealthcaregroup.com\\\/#\\\/schema\\\/logo\\\/image\\\/\"}}]}<\/script>\n<!-- \/ Yoast SEO plugin. -->","yoast_head_json":{"title":"Hvad er velf\u00e6rdsteknologi? | DHG","robots":{"index":"index","follow":"follow","max-snippet":"max-snippet:-1","max-image-preview":"max-image-preview:large","max-video-preview":"max-video-preview:-1"},"canonical":"https:\/\/www.directhealthcaregroup.com\/da\/viden-og-evidens\/175539-2\/","og_locale":"da_DK","og_type":"article","og_title":"Hvad er velf\u00e6rdsteknologi? | DHG","og_description":"Trods stigende brug af begrebet &#8220;velf\u00e6rdsteknologi&#8221; er der endnu ikke udarbejdet en officiel definition af begrebet. 20. juli 2015 Af: Ergoterapeut, Pia Beck Velf\u00e6rdsteknologi er i den grad kommet p\u00e5 dagsordenen politisk s\u00e5vel som p\u00e5 uddannelser og i det praktiske plejearbejde. Det kan ind i mellem v\u00e6re lidt vanskeligt at holde styr p\u00e5, hvad der &hellip; Continued","og_url":"https:\/\/www.directhealthcaregroup.com\/da\/viden-og-evidens\/175539-2\/","og_site_name":"DHG","article_modified_time":"2023-05-16T18:44:31+00:00","og_image":[{"width":2000,"height":500,"url":"https:\/\/www.directhealthcaregroup.com\/app\/uploads\/hvad-er-velfaerdsteknologi-tb-transformed.jpeg","type":"image\/jpeg"}],"twitter_card":"summary_large_image","twitter_misc":{"Est. reading time":"6 minutes"},"schema":{"@context":"https:\/\/schema.org","@graph":[{"@type":"WebPage","@id":"https:\/\/www.directhealthcaregroup.com\/da\/viden-og-evidens\/175539-2\/","url":"https:\/\/www.directhealthcaregroup.com\/da\/viden-og-evidens\/175539-2\/","name":"Hvad er velf\u00e6rdsteknologi? | DHG","isPartOf":{"@id":"https:\/\/www.directhealthcaregroup.com\/#website"},"primaryImageOfPage":{"@id":"https:\/\/www.directhealthcaregroup.com\/da\/viden-og-evidens\/175539-2\/#primaryimage"},"image":{"@id":"https:\/\/www.directhealthcaregroup.com\/da\/viden-og-evidens\/175539-2\/#primaryimage"},"thumbnailUrl":"https:\/\/www.directhealthcaregroup.com\/app\/uploads\/hvad-er-velfaerdsteknologi-tb-transformed.jpeg","datePublished":"2023-03-22T09:47:52+00:00","dateModified":"2023-05-16T18:44:31+00:00","breadcrumb":{"@id":"https:\/\/www.directhealthcaregroup.com\/da\/viden-og-evidens\/175539-2\/#breadcrumb"},"inLanguage":"da-DK","potentialAction":[{"@type":"ReadAction","target":["https:\/\/www.directhealthcaregroup.com\/da\/viden-og-evidens\/175539-2\/"]}]},{"@type":"ImageObject","inLanguage":"da-DK","@id":"https:\/\/www.directhealthcaregroup.com\/da\/viden-og-evidens\/175539-2\/#primaryimage","url":"https:\/\/www.directhealthcaregroup.com\/app\/uploads\/hvad-er-velfaerdsteknologi-tb-transformed.jpeg","contentUrl":"https:\/\/www.directhealthcaregroup.com\/app\/uploads\/hvad-er-velfaerdsteknologi-tb-transformed.jpeg","width":2000,"height":500},{"@type":"BreadcrumbList","@id":"https:\/\/www.directhealthcaregroup.com\/da\/viden-og-evidens\/175539-2\/#breadcrumb","itemListElement":[{"@type":"ListItem","position":1,"name":"Home","item":"https:\/\/www.directhealthcaregroup.com\/da\/"},{"@type":"ListItem","position":2,"name":"VIDEN OG EVIDENS","item":"https:\/\/www.directhealthcaregroup.com\/da\/viden-og-evidens\/"},{"@type":"ListItem","position":3,"name":"Hvad er velf\u00e6rdsteknologi?"}]},{"@type":"WebSite","@id":"https:\/\/www.directhealthcaregroup.com\/#website","url":"https:\/\/www.directhealthcaregroup.com\/","name":"DHG","description":"Moving Health Forward","publisher":{"@id":"https:\/\/www.directhealthcaregroup.com\/#organization"},"potentialAction":[{"@type":"SearchAction","target":{"@type":"EntryPoint","urlTemplate":"https:\/\/www.directhealthcaregroup.com\/?s={search_term_string}"},"query-input":{"@type":"PropertyValueSpecification","valueRequired":true,"valueName":"search_term_string"}}],"inLanguage":"da-DK"},{"@type":"Organization","@id":"https:\/\/www.directhealthcaregroup.com\/#organization","name":"Direct Healthcare Group","url":"https:\/\/www.directhealthcaregroup.com\/","logo":{"@type":"ImageObject","inLanguage":"da-DK","@id":"https:\/\/www.directhealthcaregroup.com\/#\/schema\/logo\/image\/","url":"https:\/\/directhealthcaregroup.com\/app\/uploads\/dhg-logo.png","contentUrl":"https:\/\/directhealthcaregroup.com\/app\/uploads\/dhg-logo.png","width":556,"height":240,"caption":"Direct Healthcare Group"},"image":{"@id":"https:\/\/www.directhealthcaregroup.com\/#\/schema\/logo\/image\/"}}]}},"_links":{"self":[{"href":"https:\/\/www.directhealthcaregroup.com\/da\/wp-json\/wp\/v2\/pages\/175539","targetHints":{"allow":["GET"]}}],"collection":[{"href":"https:\/\/www.directhealthcaregroup.com\/da\/wp-json\/wp\/v2\/pages"}],"about":[{"href":"https:\/\/www.directhealthcaregroup.com\/da\/wp-json\/wp\/v2\/types\/page"}],"author":[{"embeddable":true,"href":"https:\/\/www.directhealthcaregroup.com\/da\/wp-json\/wp\/v2\/users\/40"}],"replies":[{"embeddable":true,"href":"https:\/\/www.directhealthcaregroup.com\/da\/wp-json\/wp\/v2\/comments?post=175539"}],"version-history":[{"count":6,"href":"https:\/\/www.directhealthcaregroup.com\/da\/wp-json\/wp\/v2\/pages\/175539\/revisions"}],"predecessor-version":[{"id":183633,"href":"https:\/\/www.directhealthcaregroup.com\/da\/wp-json\/wp\/v2\/pages\/175539\/revisions\/183633"}],"up":[{"embeddable":true,"href":"https:\/\/www.directhealthcaregroup.com\/da\/wp-json\/wp\/v2\/pages\/174696"}],"wp:featuredmedia":[{"embeddable":true,"href":"https:\/\/www.directhealthcaregroup.com\/da\/wp-json\/wp\/v2\/media\/177964"}],"wp:attachment":[{"href":"https:\/\/www.directhealthcaregroup.com\/da\/wp-json\/wp\/v2\/media?parent=175539"}],"curies":[{"name":"wp","href":"https:\/\/api.w.org\/{rel}","templated":true}]}}