{"id":175579,"date":"2023-03-22T10:51:00","date_gmt":"2023-03-22T10:51:00","guid":{"rendered":"https:\/\/www.directhealthcaregroup.com\/?page_id=175579"},"modified":"2023-05-16T19:45:46","modified_gmt":"2023-05-16T18:45:46","slug":"175579-2","status":"publish","type":"page","link":"https:\/\/www.directhealthcaregroup.com\/da\/viden-og-evidens\/175579-2\/","title":{"rendered":"Socio\u00f8konomisk evaluering"},"content":{"rendered":"\n<h1 class=\"wp-block-heading\"><\/h1>\n\n\n\n<p>Dette studie fra Frankrig viser, at implementering af VENDLET V5 b\u00e5de \u00f8ger kvaliteten i plejen og forbedrer plejepersonalets fysiske arbejdsmilj\u00f8 samtidig med, at der opn\u00e5s \u00f8konomiske gevinster.<\/p>\n\n\n\n<p>15. februar 2016<\/p>\n\n\n\n<h2 class=\"wp-block-heading\"><strong>Afkast af investering i VENDLET m\u00e5lt<\/strong><\/h2>\n\n\n\n<p>Det franske evalueringsinstitut, Irep Picardie, har&nbsp;evalueret effekten ved implementering af fire VENDLET&nbsp;systemer p\u00e5 Hopital local, Cr\u00e8vecoer le Grand, der&nbsp;ligger lidt uden for Paris.&nbsp;<\/p>\n\n\n\n<p>M\u00e5let med den \u00f8konomiske vurdering var at finde ud&nbsp;af, hvorn\u00e5r institutionen ville kunne forvente et afkast af&nbsp;investeringen i VENDLET V5.&nbsp;<\/p>\n\n\n\n<p>Derudover var det et \u00f8nske at vurdere, om de ansattes&nbsp;arbejdsmilj\u00f8&nbsp;og vilk\u00e5r blev forbedret, og om kvaliteten&nbsp;af plejen blev bevaret ved indf\u00f8relsen af den nye&nbsp;teknologi.&nbsp;<\/p>\n\n\n\n<p>Studiet er udarbejdet efter en monografisk forskningstilgang&nbsp;og udf\u00f8rt i perioden januar &#8211; juni 2016. Perioden&nbsp;omfattede en forberedende fase (januar-marts), en&nbsp;indsamlingsfase (marts-april) og endelig en analysefase&nbsp;(april-maj).&nbsp;<\/p>\n\n\n\n<p>Studiet kombinerer fire indsamlingsmetoder (observation,&nbsp;unders\u00f8gelse, interview, dokumentanalyse).<\/p>\n\n\n\n<h2 class=\"wp-block-heading\"><strong>Forbedret pleje<\/strong><\/h2>\n\n\n\n<p>Plejepersonalet erkl\u00e6rer samstemmende, at VENDLET&nbsp;V5 tilbyder en blidere m\u00e5de at forflytte p\u00e5 end&nbsp;manuel forflytning. Desuden fremkalder anvendelsen af&nbsp;VENDLET V5 ikke nogen s\u00e6rlig modvilje eller stress for&nbsp;beboerne.&nbsp;<\/p>\n\n\n\n<p>Plejepersonalet p\u00e5peger desuden, at en nedsat stivhed&nbsp;og ansp\u00e6ndthed som f\u00f8lge af brugen af VENDLET, g\u00f8r&nbsp;forflytningen lettere blandt nogle beboere.&nbsp;<\/p>\n\n\n\n<p>Rapporten konkluderer samlet set, at de sengeliggende&nbsp;patienter opn\u00e5r en \u00f8get komfort, f\u00e6rre smerter og&nbsp;mindre ansp\u00e6ndthed, n\u00e5r de forflyttes. F\u00e6rre tr\u00e6k og&nbsp;v\u00e6vsforskydninger betyder, at udviklingen af tryks\u00e5r&nbsp;blandt patienterne reduceres.<\/p>\n\n\n\n<h2 class=\"wp-block-heading\"><strong>Forbedret arbejdsmilj\u00f8<\/strong><\/h2>\n\n\n\n<p>I rapporten skildres en markant mindre fysisk belastning&nbsp;i plejearbejdet, mindre tr\u00e6thed og dermed&nbsp;mindre fysisk nedslidning af plejepersonalet.&nbsp;<\/p>\n\n\n\n<p>Plejepersonalet har bl.a. svaret p\u00e5 to sp\u00f8rgsm\u00e5l i&nbsp;forhold til, hvordan de oplever den fysiske arbejdsbelastning&nbsp;p\u00e5 en skala fra 1-10.<\/p>\n\n\n\n<figure class=\"wp-block-image size-large\"><img decoding=\"async\" src=\"https:\/\/www.directhealthcaregroup.com\/app\/uploads\/anvendt-kraft.jpeg\" alt=\"\"\/><\/figure>\n\n\n\n<figure class=\"wp-block-image size-large\"><img decoding=\"async\" src=\"https:\/\/www.directhealthcaregroup.com\/app\/uploads\/generel-traethed.jpeg\" alt=\"\"\/><\/figure>\n\n\n\n<p>Arbejdsmilj\u00f8et bliver alts\u00e5 betragteligt forbedret, idet b\u00e5de den anvendte kraft og den skabte tr\u00e6thed og dermed nedslidning, er reduceret ved indf\u00f8relse af VENDLET V5.<\/p>\n\n\n\n<h2 class=\"wp-block-heading\"><strong>Kort tilbagebetalingstid<\/strong><\/h2>\n\n\n\n<p>Studiet viser, at VENDLET systemet har en tilbagebetalingstid&nbsp;p\u00e5 3,8 \u00e5r.&nbsp;<\/p>\n\n\n\n<p>I den sammenh\u00e6ng er det vigtigt at pointere, at timel\u00f8nnen&nbsp;i Frankrig er v\u00e6sentlig lavere end i Danmark.&nbsp;Tilbagebetalingstiden i Danmark vil derfor alt andet&nbsp;lige v\u00e6re kortere.<\/p>\n\n\n\n<h2 class=\"wp-block-heading\"><strong>Fuld implementering giver st\u00f8rst \u00f8konomisk gevinst<\/strong><\/h2>\n\n\n\n<p>Studiet viser, at de st\u00f8rste \u00f8konomiske gevinster ved&nbsp;indf\u00f8relse af VENDLET V5 opn\u00e5s, n\u00e5r personalet har&nbsp;mulighed for at f\u00e5 rutine i arbejdet med systemet. Det betyder, at en fuld implementering af VENDLET er at&nbsp;foretr\u00e6kke, hvis \u00f8nsket er at h\u00f8ste de st\u00f8rst mulige&nbsp;\u00f8konomiske gevinster.&nbsp;Tilv\u00e6nningen til nye teknologier tager tid og bliver&nbsp;lettere, hvis de nye teknologier benyttes ofte.&nbsp;Studiet viser, at VENDLET&nbsp;systemet g\u00f8r det muligt at&nbsp;g\u00e5 fra to til \u00e9n plejer i forflytningssituationer, men det&nbsp;kr\u00e6ver at:<\/p>\n\n\n\n<ul class=\"wp-block-list\"><li>Ledelsen s\u00e6tter fokus p\u00e5 det<\/li><li>Rutinen er opn\u00e5et og<\/li><li>En ordentlig uddannelse af personalet er gennemf\u00f8rt.<\/li><\/ul>\n\n\n\n<p>Implementering af enkelte systemer giver s\u00e5ledes ikke n\u00e6r s\u00e5 stor effekt som en implementering i st\u00f8rre skala. Det tager ganske enkelt for langt tid, f\u00f8r personalet er trygge ved at arbejde 1:1, n\u00e5r de ikke har tilstr\u00e6kkelig rutine.<\/p>\n\n\n\n<h2 class=\"wp-block-heading\"><strong>Hospitalets overvejelser om implementeringen af VENDLET<\/strong><\/h2>\n\n\n\n<p>Direkt\u00f8ren for hospitalet i Cr\u00e8vecoeur le Grande, Eric Jullian, fort\u00e6ller om hans&nbsp;overvejelser ved anskaffelsen af VENDLET systemerne. Han ligger s\u00e6rligt v\u00e6gt p\u00e5 at tage ansvar for personalets arbejdsmilj\u00f8.<\/p>\n\n\n\n<p>H\u00f8r ogs\u00e5 repr\u00e6sentanter fra IREPS (den&nbsp;regionale institution for sundhedsuddannelse og -fremme) fort\u00e6lle om den uvildige unders\u00f8gelse de har foretaget af systemerne, som ikke kun begik sig p\u00e5 de \u00f8konomiske fordele, men ogs\u00e5 p\u00e5 personalets og borgernes forhold.&nbsp;<\/p>\n\n\n\n<h2 class=\"wp-block-heading\"><strong>Medieomtale<\/strong><\/h2>\n\n\n\n<p>Der var stor medieopm\u00e6rksom p\u00e5 projektet i Cr\u00e8vecoer&nbsp;le Grand, der med ministerbes\u00f8g n\u00e5ede b\u00e5de aviser&nbsp;og TV. Se indslaget fra fransk TV herunder.<\/p>\n\n\n\n<figure class=\"wp-block-video\"><video height=\"432\" style=\"aspect-ratio: 768 \/ 432;\" width=\"768\" controls src=\"https:\/\/www.directhealthcaregroup.com\/app\/uploads\/Studio_Project-1.mp4\"><\/video><\/figure>\n\n\n\n<h2 class=\"wp-block-heading\"><strong>Offentligg\u00f8relse<\/strong><\/h2>\n\n\n\n<p>Fagbladet&nbsp;Techques Hospitalieres offentliggjorde i 2016 en artikel om studiet. Artiklen gennemg\u00e5r&nbsp;studiet og konkluderer, at VENDLET V5 forbedrer plejepersonalets&nbsp;arbejdsmilj\u00f8 og patienterns komfort. Og at&nbsp;der er en \u00f8konomisk gevinst ved implementering, is\u00e6r&nbsp;hvis der implementeres i st\u00f8rre skala.&nbsp;<\/p>\n\n\n\n<p>Techques Hospitalieres k\u00e5rede artiklen som den bedste&nbsp;artikel udgivet i 2016.<\/p>\n\n\n\n<hr class=\"wp-block-separator\"\/>\n\n\n\n<p><strong>Hent PDF:<\/strong><\/p>\n\n\n\n<p>Demarcke et al 2016:&nbsp;<a href=\"https:\/\/www.directhealthcaregroup.com\/app\/uploads\/experimentation-d_un-dispositif-de-drap-de-glisse-electrique.pdf\" target=\"_blank\" rel=\"noreferrer noopener\">Rapport d\u2019evaluation socio-economique&nbsp;du dispositif medical de draps de glisse&nbsp;electrique VENDLET<\/a><\/p>\n\n\n\n<p>Trouilletet al, 2016:&nbsp;<a href=\"https:\/\/www.directhealthcaregroup.com\/app\/uploads\/rapport_eval-socio_economique_vendlet-vf-1.pdf\" target=\"_blank\" rel=\"noreferrer noopener\">Exp\u00e9rimentation d\u2019un dispositif de&nbsp;drap de glisse \u00e9lectrique \u00e0 l\u2019h\u00f4pital local de&nbsp;Cr\u00e8vecoeur-le-Grand<\/a><a rel=\"noreferrer noopener\" href=\"https:\/\/www.vendlet.dk\/media\/z1onvwab\/experimentation-d_un-dispositif-de-drap-de-glisse-electrique.pdf\" target=\"_blank\">&nbsp;<\/a>(Fransk)<\/p>\n\n\n\n<p>Trouilletet al, 2016:&nbsp;<a href=\"https:\/\/www.directhealthcaregroup.com\/app\/uploads\/english-experimentation-with-an-electrical-turning-sheet-device-2.pdf\" target=\"_blank\" rel=\"noreferrer noopener\">Experimentation with an electrical sliding sheet device<\/a>&nbsp;(Engelsk)<\/p>\n","protected":false},"excerpt":{"rendered":"<p>Dette studie fra Frankrig viser, at implementering af VENDLET V5 b\u00e5de \u00f8ger kvaliteten i plejen og forbedrer plejepersonalets fysiske arbejdsmilj\u00f8 samtidig med, at der opn\u00e5s \u00f8konomiske gevinster. 15. februar 2016 Afkast af investering i VENDLET m\u00e5lt Det franske evalueringsinstitut, Irep Picardie, har&nbsp;evalueret effekten ved implementering af fire VENDLET&nbsp;systemer p\u00e5 Hopital local, Cr\u00e8vecoer le Grand, der&nbsp;ligger &hellip; <a href=\"https:\/\/www.directhealthcaregroup.com\/da\/viden-og-evidens\/175579-2\/\">Continued<\/a><\/p>\n","protected":false},"author":40,"featured_media":177977,"parent":174696,"menu_order":8,"comment_status":"closed","ping_status":"closed","template":"","meta":{"_acf_changed":false,"footnotes":""},"class_list":["post-175579","page","type-page","status-publish","has-post-thumbnail","hentry"],"acf":[],"yoast_head":"<!-- This site is optimized with the Yoast SEO plugin v27.4 - https:\/\/yoast.com\/product\/yoast-seo-wordpress\/ -->\n<title>Socio\u00f8konomisk evaluering | DHG<\/title>\n<meta name=\"robots\" content=\"index, follow, max-snippet:-1, max-image-preview:large, max-video-preview:-1\" \/>\n<link rel=\"canonical\" href=\"https:\/\/www.directhealthcaregroup.com\/da\/viden-og-evidens\/175579-2\/\" \/>\n<meta property=\"og:locale\" content=\"da_DK\" \/>\n<meta property=\"og:type\" content=\"article\" \/>\n<meta property=\"og:title\" content=\"Socio\u00f8konomisk evaluering | DHG\" \/>\n<meta property=\"og:description\" content=\"Dette studie fra Frankrig viser, at implementering af VENDLET V5 b\u00e5de \u00f8ger kvaliteten i plejen og forbedrer plejepersonalets fysiske arbejdsmilj\u00f8 samtidig med, at der opn\u00e5s \u00f8konomiske gevinster. 15. februar 2016 Afkast af investering i VENDLET m\u00e5lt Det franske evalueringsinstitut, Irep Picardie, har&nbsp;evalueret effekten ved implementering af fire VENDLET&nbsp;systemer p\u00e5 Hopital local, Cr\u00e8vecoer le Grand, der&nbsp;ligger &hellip; Continued\" \/>\n<meta property=\"og:url\" content=\"https:\/\/www.directhealthcaregroup.com\/da\/viden-og-evidens\/175579-2\/\" \/>\n<meta property=\"og:site_name\" content=\"DHG\" \/>\n<meta property=\"article:modified_time\" content=\"2023-05-16T18:45:46+00:00\" \/>\n<meta property=\"og:image\" content=\"https:\/\/www.directhealthcaregroup.com\/app\/uploads\/sociookonomisk-evaluering-tb.jpg\" \/>\n\t<meta property=\"og:image:width\" content=\"500\" \/>\n\t<meta property=\"og:image:height\" content=\"125\" \/>\n\t<meta property=\"og:image:type\" content=\"image\/jpeg\" \/>\n<meta name=\"twitter:card\" content=\"summary_large_image\" \/>\n<meta name=\"twitter:label1\" content=\"Est. reading time\" \/>\n\t<meta name=\"twitter:data1\" content=\"4 minutes\" \/>\n<script type=\"application\/ld+json\" class=\"yoast-schema-graph\">{\"@context\":\"https:\\\/\\\/schema.org\",\"@graph\":[{\"@type\":\"WebPage\",\"@id\":\"https:\\\/\\\/www.directhealthcaregroup.com\\\/da\\\/viden-og-evidens\\\/175579-2\\\/\",\"url\":\"https:\\\/\\\/www.directhealthcaregroup.com\\\/da\\\/viden-og-evidens\\\/175579-2\\\/\",\"name\":\"Socio\u00f8konomisk evaluering | DHG\",\"isPartOf\":{\"@id\":\"https:\\\/\\\/www.directhealthcaregroup.com\\\/#website\"},\"primaryImageOfPage\":{\"@id\":\"https:\\\/\\\/www.directhealthcaregroup.com\\\/da\\\/viden-og-evidens\\\/175579-2\\\/#primaryimage\"},\"image\":{\"@id\":\"https:\\\/\\\/www.directhealthcaregroup.com\\\/da\\\/viden-og-evidens\\\/175579-2\\\/#primaryimage\"},\"thumbnailUrl\":\"https:\\\/\\\/www.directhealthcaregroup.com\\\/app\\\/uploads\\\/sociookonomisk-evaluering-tb.jpg\",\"datePublished\":\"2023-03-22T10:51:00+00:00\",\"dateModified\":\"2023-05-16T18:45:46+00:00\",\"breadcrumb\":{\"@id\":\"https:\\\/\\\/www.directhealthcaregroup.com\\\/da\\\/viden-og-evidens\\\/175579-2\\\/#breadcrumb\"},\"inLanguage\":\"da-DK\",\"potentialAction\":[{\"@type\":\"ReadAction\",\"target\":[\"https:\\\/\\\/www.directhealthcaregroup.com\\\/da\\\/viden-og-evidens\\\/175579-2\\\/\"]}]},{\"@type\":\"ImageObject\",\"inLanguage\":\"da-DK\",\"@id\":\"https:\\\/\\\/www.directhealthcaregroup.com\\\/da\\\/viden-og-evidens\\\/175579-2\\\/#primaryimage\",\"url\":\"https:\\\/\\\/www.directhealthcaregroup.com\\\/app\\\/uploads\\\/sociookonomisk-evaluering-tb.jpg\",\"contentUrl\":\"https:\\\/\\\/www.directhealthcaregroup.com\\\/app\\\/uploads\\\/sociookonomisk-evaluering-tb.jpg\",\"width\":500,\"height\":125},{\"@type\":\"BreadcrumbList\",\"@id\":\"https:\\\/\\\/www.directhealthcaregroup.com\\\/da\\\/viden-og-evidens\\\/175579-2\\\/#breadcrumb\",\"itemListElement\":[{\"@type\":\"ListItem\",\"position\":1,\"name\":\"Home\",\"item\":\"https:\\\/\\\/www.directhealthcaregroup.com\\\/da\\\/\"},{\"@type\":\"ListItem\",\"position\":2,\"name\":\"VIDEN OG EVIDENS\",\"item\":\"https:\\\/\\\/www.directhealthcaregroup.com\\\/da\\\/viden-og-evidens\\\/\"},{\"@type\":\"ListItem\",\"position\":3,\"name\":\"Socio\u00f8konomisk evaluering\"}]},{\"@type\":\"WebSite\",\"@id\":\"https:\\\/\\\/www.directhealthcaregroup.com\\\/#website\",\"url\":\"https:\\\/\\\/www.directhealthcaregroup.com\\\/\",\"name\":\"DHG\",\"description\":\"Moving Health Forward\",\"publisher\":{\"@id\":\"https:\\\/\\\/www.directhealthcaregroup.com\\\/#organization\"},\"potentialAction\":[{\"@type\":\"SearchAction\",\"target\":{\"@type\":\"EntryPoint\",\"urlTemplate\":\"https:\\\/\\\/www.directhealthcaregroup.com\\\/?s={search_term_string}\"},\"query-input\":{\"@type\":\"PropertyValueSpecification\",\"valueRequired\":true,\"valueName\":\"search_term_string\"}}],\"inLanguage\":\"da-DK\"},{\"@type\":\"Organization\",\"@id\":\"https:\\\/\\\/www.directhealthcaregroup.com\\\/#organization\",\"name\":\"Direct Healthcare Group\",\"url\":\"https:\\\/\\\/www.directhealthcaregroup.com\\\/\",\"logo\":{\"@type\":\"ImageObject\",\"inLanguage\":\"da-DK\",\"@id\":\"https:\\\/\\\/www.directhealthcaregroup.com\\\/#\\\/schema\\\/logo\\\/image\\\/\",\"url\":\"https:\\\/\\\/directhealthcaregroup.com\\\/app\\\/uploads\\\/dhg-logo.png\",\"contentUrl\":\"https:\\\/\\\/directhealthcaregroup.com\\\/app\\\/uploads\\\/dhg-logo.png\",\"width\":556,\"height\":240,\"caption\":\"Direct Healthcare Group\"},\"image\":{\"@id\":\"https:\\\/\\\/www.directhealthcaregroup.com\\\/#\\\/schema\\\/logo\\\/image\\\/\"}}]}<\/script>\n<!-- \/ Yoast SEO plugin. -->","yoast_head_json":{"title":"Socio\u00f8konomisk evaluering | DHG","robots":{"index":"index","follow":"follow","max-snippet":"max-snippet:-1","max-image-preview":"max-image-preview:large","max-video-preview":"max-video-preview:-1"},"canonical":"https:\/\/www.directhealthcaregroup.com\/da\/viden-og-evidens\/175579-2\/","og_locale":"da_DK","og_type":"article","og_title":"Socio\u00f8konomisk evaluering | DHG","og_description":"Dette studie fra Frankrig viser, at implementering af VENDLET V5 b\u00e5de \u00f8ger kvaliteten i plejen og forbedrer plejepersonalets fysiske arbejdsmilj\u00f8 samtidig med, at der opn\u00e5s \u00f8konomiske gevinster. 15. februar 2016 Afkast af investering i VENDLET m\u00e5lt Det franske evalueringsinstitut, Irep Picardie, har&nbsp;evalueret effekten ved implementering af fire VENDLET&nbsp;systemer p\u00e5 Hopital local, Cr\u00e8vecoer le Grand, der&nbsp;ligger &hellip; Continued","og_url":"https:\/\/www.directhealthcaregroup.com\/da\/viden-og-evidens\/175579-2\/","og_site_name":"DHG","article_modified_time":"2023-05-16T18:45:46+00:00","og_image":[{"width":500,"height":125,"url":"https:\/\/www.directhealthcaregroup.com\/app\/uploads\/sociookonomisk-evaluering-tb.jpg","type":"image\/jpeg"}],"twitter_card":"summary_large_image","twitter_misc":{"Est. reading time":"4 minutes"},"schema":{"@context":"https:\/\/schema.org","@graph":[{"@type":"WebPage","@id":"https:\/\/www.directhealthcaregroup.com\/da\/viden-og-evidens\/175579-2\/","url":"https:\/\/www.directhealthcaregroup.com\/da\/viden-og-evidens\/175579-2\/","name":"Socio\u00f8konomisk evaluering | DHG","isPartOf":{"@id":"https:\/\/www.directhealthcaregroup.com\/#website"},"primaryImageOfPage":{"@id":"https:\/\/www.directhealthcaregroup.com\/da\/viden-og-evidens\/175579-2\/#primaryimage"},"image":{"@id":"https:\/\/www.directhealthcaregroup.com\/da\/viden-og-evidens\/175579-2\/#primaryimage"},"thumbnailUrl":"https:\/\/www.directhealthcaregroup.com\/app\/uploads\/sociookonomisk-evaluering-tb.jpg","datePublished":"2023-03-22T10:51:00+00:00","dateModified":"2023-05-16T18:45:46+00:00","breadcrumb":{"@id":"https:\/\/www.directhealthcaregroup.com\/da\/viden-og-evidens\/175579-2\/#breadcrumb"},"inLanguage":"da-DK","potentialAction":[{"@type":"ReadAction","target":["https:\/\/www.directhealthcaregroup.com\/da\/viden-og-evidens\/175579-2\/"]}]},{"@type":"ImageObject","inLanguage":"da-DK","@id":"https:\/\/www.directhealthcaregroup.com\/da\/viden-og-evidens\/175579-2\/#primaryimage","url":"https:\/\/www.directhealthcaregroup.com\/app\/uploads\/sociookonomisk-evaluering-tb.jpg","contentUrl":"https:\/\/www.directhealthcaregroup.com\/app\/uploads\/sociookonomisk-evaluering-tb.jpg","width":500,"height":125},{"@type":"BreadcrumbList","@id":"https:\/\/www.directhealthcaregroup.com\/da\/viden-og-evidens\/175579-2\/#breadcrumb","itemListElement":[{"@type":"ListItem","position":1,"name":"Home","item":"https:\/\/www.directhealthcaregroup.com\/da\/"},{"@type":"ListItem","position":2,"name":"VIDEN OG EVIDENS","item":"https:\/\/www.directhealthcaregroup.com\/da\/viden-og-evidens\/"},{"@type":"ListItem","position":3,"name":"Socio\u00f8konomisk evaluering"}]},{"@type":"WebSite","@id":"https:\/\/www.directhealthcaregroup.com\/#website","url":"https:\/\/www.directhealthcaregroup.com\/","name":"DHG","description":"Moving Health Forward","publisher":{"@id":"https:\/\/www.directhealthcaregroup.com\/#organization"},"potentialAction":[{"@type":"SearchAction","target":{"@type":"EntryPoint","urlTemplate":"https:\/\/www.directhealthcaregroup.com\/?s={search_term_string}"},"query-input":{"@type":"PropertyValueSpecification","valueRequired":true,"valueName":"search_term_string"}}],"inLanguage":"da-DK"},{"@type":"Organization","@id":"https:\/\/www.directhealthcaregroup.com\/#organization","name":"Direct Healthcare Group","url":"https:\/\/www.directhealthcaregroup.com\/","logo":{"@type":"ImageObject","inLanguage":"da-DK","@id":"https:\/\/www.directhealthcaregroup.com\/#\/schema\/logo\/image\/","url":"https:\/\/directhealthcaregroup.com\/app\/uploads\/dhg-logo.png","contentUrl":"https:\/\/directhealthcaregroup.com\/app\/uploads\/dhg-logo.png","width":556,"height":240,"caption":"Direct Healthcare Group"},"image":{"@id":"https:\/\/www.directhealthcaregroup.com\/#\/schema\/logo\/image\/"}}]}},"_links":{"self":[{"href":"https:\/\/www.directhealthcaregroup.com\/da\/wp-json\/wp\/v2\/pages\/175579","targetHints":{"allow":["GET"]}}],"collection":[{"href":"https:\/\/www.directhealthcaregroup.com\/da\/wp-json\/wp\/v2\/pages"}],"about":[{"href":"https:\/\/www.directhealthcaregroup.com\/da\/wp-json\/wp\/v2\/types\/page"}],"author":[{"embeddable":true,"href":"https:\/\/www.directhealthcaregroup.com\/da\/wp-json\/wp\/v2\/users\/40"}],"replies":[{"embeddable":true,"href":"https:\/\/www.directhealthcaregroup.com\/da\/wp-json\/wp\/v2\/comments?post=175579"}],"version-history":[{"count":8,"href":"https:\/\/www.directhealthcaregroup.com\/da\/wp-json\/wp\/v2\/pages\/175579\/revisions"}],"predecessor-version":[{"id":183635,"href":"https:\/\/www.directhealthcaregroup.com\/da\/wp-json\/wp\/v2\/pages\/175579\/revisions\/183635"}],"up":[{"embeddable":true,"href":"https:\/\/www.directhealthcaregroup.com\/da\/wp-json\/wp\/v2\/pages\/174696"}],"wp:featuredmedia":[{"embeddable":true,"href":"https:\/\/www.directhealthcaregroup.com\/da\/wp-json\/wp\/v2\/media\/177977"}],"wp:attachment":[{"href":"https:\/\/www.directhealthcaregroup.com\/da\/wp-json\/wp\/v2\/media?parent=175579"}],"curies":[{"name":"wp","href":"https:\/\/api.w.org\/{rel}","templated":true}]}}