{"id":175720,"date":"2023-03-22T11:55:25","date_gmt":"2023-03-22T11:55:25","guid":{"rendered":"https:\/\/www.directhealthcaregroup.com\/?page_id=175720"},"modified":"2023-05-16T19:46:27","modified_gmt":"2023-05-16T18:46:27","slug":"175720-2","status":"publish","type":"page","link":"https:\/\/www.directhealthcaregroup.com\/da\/viden-og-evidens\/175720-2\/","title":{"rendered":"Objektiv sammenligning mellem manuel og mekanisk forflytning"},"content":{"rendered":"\n<h1 class=\"wp-block-heading\"><\/h1>\n\n\n\n<p>Et studie foretaget af Professor Dr. Hans G\u00fcnter Lindner fra TH K\u00f6ln, University of Applied Sciences, viser, at VENDLET i en objektiv sammenligning med forskellige manuelle forflytninger giver store forbedringer i arbejdsmilj\u00f8, borger komfort og tidsforbrug.<\/p>\n\n\n\n<p>11. april 2016<\/p>\n\n\n\n<h2 class=\"wp-block-heading\"><strong>Subjektivt eller objektivt<\/strong><\/h2>\n\n\n\n<p>Der laves l\u00f8bende mange forskellige studier og evalueringer af forskellige teknologier. For at klarl\u00e6gge effekten af den anvendte teknologi anvendes oftest inter-<br>views, hvor personalet kommer med deres oplevelser.&nbsp;<\/p>\n\n\n\n<p>Der er dog et klart problem med studier og evalueringer, der kun forlader sig p\u00e5 denne type sp\u00f8rgsm\u00e5l, for svarerne bliver meget subjektive, afh\u00e6ngige af f.eks. organisatoriske forhold, holdninger til teknologi og ikke mindst af \u201ddagsformen\u201d\/hum\u00f8ret hos respondenten. Dette subjektive element giver med andre ord en v\u00e6sentlig usikkerhed om resultatets validitet.<\/p>\n\n\n\n<p>Vendlet har ved samtaler med danske kommuner ofte st\u00f8dt p\u00e5 \u00f8nsket om at f\u00e5 foretaget en objektiv unders\u00f8gelse af velf\u00e6rdsteknologier.&nbsp;<\/p>\n\n\n\n<p>Det har vi arbejdet videre med og i forbindelse med etablering af et datterselskab i D\u00fcsseldorf\/Tyskland fik vi kontakt med Professor Dr. Hans G\u00fcnter Lindner. Han har lavet et for plejesektoren banebrydende studie, der giver en procesanalyse med 100% objektive m\u00e5linger ved 4 forskellige forflytninger.<\/p>\n\n\n\n<h2 class=\"wp-block-heading\"><strong>Hvilke forflytninger indg\u00e5r og hvad er der m\u00e5lt p\u00e5?<\/strong><\/h2>\n\n\n\n<p>Der er m\u00e5lt p\u00e5 4 af de mest hyppige forflytninger af et sengeliggende menneske:<\/p>\n\n\n\n<h3 class=\"wp-block-heading\">1.<\/h3>\n\n\n\n<figure class=\"wp-block-image size-large\"><img loading=\"lazy\" decoding=\"async\" width=\"750\" height=\"411\" src=\"https:\/\/www.directhealthcaregroup.com\/app\/uploads\/objektiv-sammenligning-billede-1.jpg\" alt=\"\" class=\"wp-image-175754\" srcset=\"https:\/\/www.directhealthcaregroup.com\/app\/uploads\/objektiv-sammenligning-billede-1.jpg 750w, https:\/\/www.directhealthcaregroup.com\/app\/uploads\/objektiv-sammenligning-billede-1-300x164.jpg 300w, https:\/\/www.directhealthcaregroup.com\/app\/uploads\/objektiv-sammenligning-billede-1-320x175.jpg 320w\" sizes=\"auto, (max-width: 750px) 100vw, 750px\" \/><\/figure>\n\n\n\n<p>Vending i forbindelse med nedre hygiejne<br><\/p>\n\n\n\n<h3 class=\"wp-block-heading\">2.<\/h3>\n\n\n\n<figure class=\"wp-block-image size-large\"><img loading=\"lazy\" decoding=\"async\" width=\"750\" height=\"411\" src=\"https:\/\/www.directhealthcaregroup.com\/app\/uploads\/objektiv-sammenligning-billede-2.jpg\" alt=\"\" class=\"wp-image-175743\" srcset=\"https:\/\/www.directhealthcaregroup.com\/app\/uploads\/objektiv-sammenligning-billede-2.jpg 750w, https:\/\/www.directhealthcaregroup.com\/app\/uploads\/objektiv-sammenligning-billede-2-300x164.jpg 300w, https:\/\/www.directhealthcaregroup.com\/app\/uploads\/objektiv-sammenligning-billede-2-320x175.jpg 320w\" sizes=\"auto, (max-width: 750px) 100vw, 750px\" \/><\/figure>\n\n\n\n<p>Forflytning h\u00f8jere op i seng<br><\/p>\n\n\n\n<h3 class=\"wp-block-heading\">3.<\/h3>\n\n\n\n<figure class=\"wp-block-image size-large\"><img loading=\"lazy\" decoding=\"async\" width=\"750\" height=\"411\" src=\"https:\/\/www.directhealthcaregroup.com\/app\/uploads\/objektiv-sammenligning-billede-3.jpg\" alt=\"\" class=\"wp-image-175732\" srcset=\"https:\/\/www.directhealthcaregroup.com\/app\/uploads\/objektiv-sammenligning-billede-3.jpg 750w, https:\/\/www.directhealthcaregroup.com\/app\/uploads\/objektiv-sammenligning-billede-3-300x164.jpg 300w, https:\/\/www.directhealthcaregroup.com\/app\/uploads\/objektiv-sammenligning-billede-3-320x175.jpg 320w\" sizes=\"auto, (max-width: 750px) 100vw, 750px\" \/><\/figure>\n\n\n\n<p>Lejring som en del af tryks\u00e5rsforebyggelse<\/p>\n\n\n\n<h3 class=\"wp-block-heading\">4.<\/h3>\n\n\n\n<figure class=\"wp-block-image size-large\"><img loading=\"lazy\" decoding=\"async\" width=\"750\" height=\"411\" src=\"https:\/\/www.directhealthcaregroup.com\/app\/uploads\/objektiv-sammenligning-billede-4.jpg\" alt=\"\" class=\"wp-image-175721\" srcset=\"https:\/\/www.directhealthcaregroup.com\/app\/uploads\/objektiv-sammenligning-billede-4.jpg 750w, https:\/\/www.directhealthcaregroup.com\/app\/uploads\/objektiv-sammenligning-billede-4-300x164.jpg 300w, https:\/\/www.directhealthcaregroup.com\/app\/uploads\/objektiv-sammenligning-billede-4-320x175.jpg 320w\" sizes=\"auto, (max-width: 750px) 100vw, 750px\" \/><\/figure>\n\n\n\n<p>P\u00e5l\u00e6gning og fjernelse af sejl i forbindelse med l\u00f8ft ud af \/ ind i seng<\/p>\n\n\n\n<p>Studiets fokus har v\u00e6ret at m\u00e5le p\u00e5 3 forhold:<\/p>\n\n\n\n<ul class=\"wp-block-list\"><li>Den fysiske belastning af plejepersonalets ryg \u2013 specielt fokus p\u00e5 forover b\u00f8jning og l\u00e6ndebelastning.<\/li><li>Komfort for den sengeliggende \u2013 specielt fokus p\u00e5 antal ber\u00f8ringer og anvendt kraft<\/li><li>Effektivitet \/ tidsforbrug \u2013 hvor lang tid tager det sammensat med den samlede timel\u00f8n.<\/li><\/ul>\n\n\n\n<p>Udgangspunktet har v\u00e6ret en sengeliggende borger med begr\u00e6nsede ressourcer, og som ikke kan medvirke ved forflytningen.<\/p>\n\n\n\n<p>Der findes mange forskellige metoder til at udf\u00f8re ovenn\u00e6vnte forflytninger, derfor involverer studiet 4 forskellige metoder:<\/p>\n\n\n\n<ul class=\"wp-block-list\"><li>2 plejere om den sengeliggende, der anvendes ikke glidelagener.&nbsp;<\/li><li>2 plejere om den sengeliggende, der anvendes glidelagener \/ spiler dug.<\/li><li>1 plejer om den sengeliggende, der anvendes 2-delt glide-vendesystem i kombination med lofthejs.<\/li><li>1 plejer om den sengeliggende, der anvendes VENDLET.<\/li><\/ul>\n\n\n\n<p>Forflytningerne med VENDLET er blevet sammenlignet med de 3 andre metoder hver for sig.<\/p>\n\n\n\n<h2 class=\"wp-block-heading\"><strong>Den objektive analyse<\/strong><\/h2>\n\n\n\n<p>Alle forflytninger er blevet filmet, mens de er udf\u00f8rt af kvalificeret forflytningsvejledere.<\/p>\n\n\n\n<p>Prof.Dr. Lindner gennemgik derefter optagelserne med en special software, hvor alle forflytningsprocesser brydes ned en r\u00e6kke helt korte sekvenser. Derefter blev der foretaget en systema\u00actisk og detaljeret analyse af tider, handlinger, mimik og gestik. Bev\u00e6gelsesm\u00f8nstrene blev inddelt i arbejdsskridt, og der blev valgt fire m\u00e5lbare indikatorer, som har indflydelse p\u00e5 plejer og patient:<\/p>\n\n\n\n<ul class=\"wp-block-list\"><li>Antal ber\u00f8ringer pr. patient<\/li><li>B\u00f8jningsvinkel p\u00e5 plejerens ryg<\/li><li>Kraftindsats ved b\u00f8jning<\/li><li>B\u00f8jningens varighed<\/li><\/ul>\n\n\n\n<p>De observerede arbejdsskridt og analysetal fra videooptagelserne blev overf\u00f8rt til en specialudviklet simulationsmodel. Resultatet er et unikt v\u00e6rkt\u00f8j, som visuelt simulerer alle bev\u00e6gelser, b\u00f8jninger og ber\u00f8ringer i hele arbejdsgangen for b\u00e5de plejer og patient. Alt sammen baseret p\u00e5 Professor Dr. Hans G\u00fcnter Lindners objektive m\u00e5linger og analyser.&nbsp;<\/p>\n\n\n\n<h2 class=\"wp-block-heading\"><strong>Betydelige gevinster ved anvendelse af VENDLET<\/strong><\/h2>\n\n\n\n<p>Uanset hvilken forflytningsmetode VENDLET sammenlignes med, taler resultaterne klart til VENDLETS fordel.&nbsp;<\/p>\n\n\n\n<p>Der er tale om v\u00e6sentlig mindskelse af rygbelastningen, om langt mindre kraftindsats og f\u00e6rre ber\u00f8ringer af den sengeliggende. S\u00e6rligt interessant er det, at n\u00e5r der er ber\u00f8ringer af den sengeliggende er det ikke relateret til en kraftfuld indsats, der er med andre ord tale om en mere sk\u00e5nsom ber\u00f8ring. Studiet underst\u00f8tter dermed mange andre studier, hvor plejepersonalet oplever klart forbedret arbejdsmilj\u00f8 og kontakt med den sengeliggende.<\/p>\n\n\n\n<p>N\u00e5r tidsforbruget inddrages, viser studiet ogs\u00e5, at der er her, er store gevinster ved at anvende VENDLET. Det er muligt at arbejde alene med VENDELT samtidig med at mange af forflytningerne endog g\u00e5r hurtigere med VENDLET. Derved opn\u00e5s en betydelig effektivisering og tidsbesparelse, som betyder at investeringen i VENDLET i langt de fleste situationer kan tjene sig hjem i l\u00f8bet af kort tid.<\/p>\n\n\n\n<hr class=\"wp-block-separator\"\/>\n\n\n\n<p><strong>Hent PDF:&nbsp;<\/strong><\/p>\n\n\n\n<p>Lindner et al, 2016:&nbsp;<a href=\"https:\/\/www.directhealthcaregroup.com\/app\/uploads\/de_prozessoptimierung-in-der-pflege-mit-vendlet-v5_full-report.pdf\" target=\"_blank\" rel=\"noreferrer noopener\">Prozessoptimierung in der Pflege mit VENDLET V5, Reduktion von Kosten und Belastungen beim Umlagern von Patienten<\/a><\/p>\n\n\n\n<p>Lindner et al, 2016:&nbsp;<a href=\"https:\/\/www.directhealthcaregroup.com\/app\/uploads\/dk_procesoptimering-i-plejesektoren-med-vendlet-v5-i-tyskland_-storbritannien-og-danmark.pdf\" target=\"_blank\" rel=\"noreferrer noopener\">Procesoptimering i plejesektoren med VENDLET V5 i Tyskland, Storbritannien og Danmark (dansk resume)<\/a><\/p>\n\n\n\n<p><a href=\"https:\/\/www.directhealthcaregroup.com\/app\/uploads\/vend-dig-til-maerkbare-forbedringer-nyt-banebrydende-studie-viser-klare-fordele-ved-forflytning-med-vendlet.pdf\" target=\"_blank\" rel=\"noreferrer noopener\">Vend dig til m\u00e6rkbare forbedringer &#8211; Nyt banebrydende studie viser klare fordele ved forflytning med VENDLET<\/a><\/p>\n","protected":false},"excerpt":{"rendered":"<p>Et studie foretaget af Professor Dr. Hans G\u00fcnter Lindner fra TH K\u00f6ln, University of Applied Sciences, viser, at VENDLET i en objektiv sammenligning med forskellige manuelle forflytninger giver store forbedringer i arbejdsmilj\u00f8, borger komfort og tidsforbrug. 11. april 2016 Subjektivt eller objektivt Der laves l\u00f8bende mange forskellige studier og evalueringer af forskellige teknologier. For at &hellip; <a href=\"https:\/\/www.directhealthcaregroup.com\/da\/viden-og-evidens\/175720-2\/\">Continued<\/a><\/p>\n","protected":false},"author":40,"featured_media":177989,"parent":174696,"menu_order":9,"comment_status":"closed","ping_status":"closed","template":"","meta":{"_acf_changed":false,"footnotes":""},"class_list":["post-175720","page","type-page","status-publish","has-post-thumbnail","hentry"],"acf":[],"yoast_head":"<!-- This site is optimized with the Yoast SEO plugin v27.4 - https:\/\/yoast.com\/product\/yoast-seo-wordpress\/ -->\n<title>Objektiv sammenligning mellem manuel og mekanisk forflytning | DHG<\/title>\n<meta name=\"robots\" content=\"index, follow, max-snippet:-1, max-image-preview:large, max-video-preview:-1\" \/>\n<link rel=\"canonical\" href=\"https:\/\/www.directhealthcaregroup.com\/da\/viden-og-evidens\/175720-2\/\" \/>\n<meta property=\"og:locale\" content=\"da_DK\" \/>\n<meta property=\"og:type\" content=\"article\" \/>\n<meta property=\"og:title\" content=\"Objektiv sammenligning mellem manuel og mekanisk forflytning | DHG\" \/>\n<meta property=\"og:description\" content=\"Et studie foretaget af Professor Dr. Hans G\u00fcnter Lindner fra TH K\u00f6ln, University of Applied Sciences, viser, at VENDLET i en objektiv sammenligning med forskellige manuelle forflytninger giver store forbedringer i arbejdsmilj\u00f8, borger komfort og tidsforbrug. 11. april 2016 Subjektivt eller objektivt Der laves l\u00f8bende mange forskellige studier og evalueringer af forskellige teknologier. For at &hellip; Continued\" \/>\n<meta property=\"og:url\" content=\"https:\/\/www.directhealthcaregroup.com\/da\/viden-og-evidens\/175720-2\/\" \/>\n<meta property=\"og:site_name\" content=\"DHG\" \/>\n<meta property=\"article:modified_time\" content=\"2023-05-16T18:46:27+00:00\" \/>\n<meta property=\"og:image\" content=\"https:\/\/www.directhealthcaregroup.com\/app\/uploads\/objektiv-sammenligning-tb-transformed.jpeg\" \/>\n\t<meta property=\"og:image:width\" content=\"1000\" \/>\n\t<meta property=\"og:image:height\" content=\"250\" \/>\n\t<meta property=\"og:image:type\" content=\"image\/jpeg\" \/>\n<meta name=\"twitter:card\" content=\"summary_large_image\" \/>\n<meta name=\"twitter:label1\" content=\"Est. reading time\" \/>\n\t<meta name=\"twitter:data1\" content=\"4 minutes\" \/>\n<script type=\"application\/ld+json\" class=\"yoast-schema-graph\">{\"@context\":\"https:\\\/\\\/schema.org\",\"@graph\":[{\"@type\":\"WebPage\",\"@id\":\"https:\\\/\\\/www.directhealthcaregroup.com\\\/da\\\/viden-og-evidens\\\/175720-2\\\/\",\"url\":\"https:\\\/\\\/www.directhealthcaregroup.com\\\/da\\\/viden-og-evidens\\\/175720-2\\\/\",\"name\":\"Objektiv sammenligning mellem manuel og mekanisk forflytning | DHG\",\"isPartOf\":{\"@id\":\"https:\\\/\\\/www.directhealthcaregroup.com\\\/#website\"},\"primaryImageOfPage\":{\"@id\":\"https:\\\/\\\/www.directhealthcaregroup.com\\\/da\\\/viden-og-evidens\\\/175720-2\\\/#primaryimage\"},\"image\":{\"@id\":\"https:\\\/\\\/www.directhealthcaregroup.com\\\/da\\\/viden-og-evidens\\\/175720-2\\\/#primaryimage\"},\"thumbnailUrl\":\"https:\\\/\\\/www.directhealthcaregroup.com\\\/app\\\/uploads\\\/objektiv-sammenligning-tb-transformed.jpeg\",\"datePublished\":\"2023-03-22T11:55:25+00:00\",\"dateModified\":\"2023-05-16T18:46:27+00:00\",\"breadcrumb\":{\"@id\":\"https:\\\/\\\/www.directhealthcaregroup.com\\\/da\\\/viden-og-evidens\\\/175720-2\\\/#breadcrumb\"},\"inLanguage\":\"da-DK\",\"potentialAction\":[{\"@type\":\"ReadAction\",\"target\":[\"https:\\\/\\\/www.directhealthcaregroup.com\\\/da\\\/viden-og-evidens\\\/175720-2\\\/\"]}]},{\"@type\":\"ImageObject\",\"inLanguage\":\"da-DK\",\"@id\":\"https:\\\/\\\/www.directhealthcaregroup.com\\\/da\\\/viden-og-evidens\\\/175720-2\\\/#primaryimage\",\"url\":\"https:\\\/\\\/www.directhealthcaregroup.com\\\/app\\\/uploads\\\/objektiv-sammenligning-tb-transformed.jpeg\",\"contentUrl\":\"https:\\\/\\\/www.directhealthcaregroup.com\\\/app\\\/uploads\\\/objektiv-sammenligning-tb-transformed.jpeg\",\"width\":1000,\"height\":250},{\"@type\":\"BreadcrumbList\",\"@id\":\"https:\\\/\\\/www.directhealthcaregroup.com\\\/da\\\/viden-og-evidens\\\/175720-2\\\/#breadcrumb\",\"itemListElement\":[{\"@type\":\"ListItem\",\"position\":1,\"name\":\"Home\",\"item\":\"https:\\\/\\\/www.directhealthcaregroup.com\\\/da\\\/\"},{\"@type\":\"ListItem\",\"position\":2,\"name\":\"VIDEN OG EVIDENS\",\"item\":\"https:\\\/\\\/www.directhealthcaregroup.com\\\/da\\\/viden-og-evidens\\\/\"},{\"@type\":\"ListItem\",\"position\":3,\"name\":\"Objektiv sammenligning mellem manuel og mekanisk forflytning\"}]},{\"@type\":\"WebSite\",\"@id\":\"https:\\\/\\\/www.directhealthcaregroup.com\\\/#website\",\"url\":\"https:\\\/\\\/www.directhealthcaregroup.com\\\/\",\"name\":\"DHG\",\"description\":\"Moving Health Forward\",\"publisher\":{\"@id\":\"https:\\\/\\\/www.directhealthcaregroup.com\\\/#organization\"},\"potentialAction\":[{\"@type\":\"SearchAction\",\"target\":{\"@type\":\"EntryPoint\",\"urlTemplate\":\"https:\\\/\\\/www.directhealthcaregroup.com\\\/?s={search_term_string}\"},\"query-input\":{\"@type\":\"PropertyValueSpecification\",\"valueRequired\":true,\"valueName\":\"search_term_string\"}}],\"inLanguage\":\"da-DK\"},{\"@type\":\"Organization\",\"@id\":\"https:\\\/\\\/www.directhealthcaregroup.com\\\/#organization\",\"name\":\"Direct Healthcare Group\",\"url\":\"https:\\\/\\\/www.directhealthcaregroup.com\\\/\",\"logo\":{\"@type\":\"ImageObject\",\"inLanguage\":\"da-DK\",\"@id\":\"https:\\\/\\\/www.directhealthcaregroup.com\\\/#\\\/schema\\\/logo\\\/image\\\/\",\"url\":\"https:\\\/\\\/directhealthcaregroup.com\\\/app\\\/uploads\\\/dhg-logo.png\",\"contentUrl\":\"https:\\\/\\\/directhealthcaregroup.com\\\/app\\\/uploads\\\/dhg-logo.png\",\"width\":556,\"height\":240,\"caption\":\"Direct Healthcare Group\"},\"image\":{\"@id\":\"https:\\\/\\\/www.directhealthcaregroup.com\\\/#\\\/schema\\\/logo\\\/image\\\/\"}}]}<\/script>\n<!-- \/ Yoast SEO plugin. -->","yoast_head_json":{"title":"Objektiv sammenligning mellem manuel og mekanisk forflytning | DHG","robots":{"index":"index","follow":"follow","max-snippet":"max-snippet:-1","max-image-preview":"max-image-preview:large","max-video-preview":"max-video-preview:-1"},"canonical":"https:\/\/www.directhealthcaregroup.com\/da\/viden-og-evidens\/175720-2\/","og_locale":"da_DK","og_type":"article","og_title":"Objektiv sammenligning mellem manuel og mekanisk forflytning | DHG","og_description":"Et studie foretaget af Professor Dr. Hans G\u00fcnter Lindner fra TH K\u00f6ln, University of Applied Sciences, viser, at VENDLET i en objektiv sammenligning med forskellige manuelle forflytninger giver store forbedringer i arbejdsmilj\u00f8, borger komfort og tidsforbrug. 11. april 2016 Subjektivt eller objektivt Der laves l\u00f8bende mange forskellige studier og evalueringer af forskellige teknologier. For at &hellip; Continued","og_url":"https:\/\/www.directhealthcaregroup.com\/da\/viden-og-evidens\/175720-2\/","og_site_name":"DHG","article_modified_time":"2023-05-16T18:46:27+00:00","og_image":[{"width":1000,"height":250,"url":"https:\/\/www.directhealthcaregroup.com\/app\/uploads\/objektiv-sammenligning-tb-transformed.jpeg","type":"image\/jpeg"}],"twitter_card":"summary_large_image","twitter_misc":{"Est. reading time":"4 minutes"},"schema":{"@context":"https:\/\/schema.org","@graph":[{"@type":"WebPage","@id":"https:\/\/www.directhealthcaregroup.com\/da\/viden-og-evidens\/175720-2\/","url":"https:\/\/www.directhealthcaregroup.com\/da\/viden-og-evidens\/175720-2\/","name":"Objektiv sammenligning mellem manuel og mekanisk forflytning | DHG","isPartOf":{"@id":"https:\/\/www.directhealthcaregroup.com\/#website"},"primaryImageOfPage":{"@id":"https:\/\/www.directhealthcaregroup.com\/da\/viden-og-evidens\/175720-2\/#primaryimage"},"image":{"@id":"https:\/\/www.directhealthcaregroup.com\/da\/viden-og-evidens\/175720-2\/#primaryimage"},"thumbnailUrl":"https:\/\/www.directhealthcaregroup.com\/app\/uploads\/objektiv-sammenligning-tb-transformed.jpeg","datePublished":"2023-03-22T11:55:25+00:00","dateModified":"2023-05-16T18:46:27+00:00","breadcrumb":{"@id":"https:\/\/www.directhealthcaregroup.com\/da\/viden-og-evidens\/175720-2\/#breadcrumb"},"inLanguage":"da-DK","potentialAction":[{"@type":"ReadAction","target":["https:\/\/www.directhealthcaregroup.com\/da\/viden-og-evidens\/175720-2\/"]}]},{"@type":"ImageObject","inLanguage":"da-DK","@id":"https:\/\/www.directhealthcaregroup.com\/da\/viden-og-evidens\/175720-2\/#primaryimage","url":"https:\/\/www.directhealthcaregroup.com\/app\/uploads\/objektiv-sammenligning-tb-transformed.jpeg","contentUrl":"https:\/\/www.directhealthcaregroup.com\/app\/uploads\/objektiv-sammenligning-tb-transformed.jpeg","width":1000,"height":250},{"@type":"BreadcrumbList","@id":"https:\/\/www.directhealthcaregroup.com\/da\/viden-og-evidens\/175720-2\/#breadcrumb","itemListElement":[{"@type":"ListItem","position":1,"name":"Home","item":"https:\/\/www.directhealthcaregroup.com\/da\/"},{"@type":"ListItem","position":2,"name":"VIDEN OG EVIDENS","item":"https:\/\/www.directhealthcaregroup.com\/da\/viden-og-evidens\/"},{"@type":"ListItem","position":3,"name":"Objektiv sammenligning mellem manuel og mekanisk forflytning"}]},{"@type":"WebSite","@id":"https:\/\/www.directhealthcaregroup.com\/#website","url":"https:\/\/www.directhealthcaregroup.com\/","name":"DHG","description":"Moving Health Forward","publisher":{"@id":"https:\/\/www.directhealthcaregroup.com\/#organization"},"potentialAction":[{"@type":"SearchAction","target":{"@type":"EntryPoint","urlTemplate":"https:\/\/www.directhealthcaregroup.com\/?s={search_term_string}"},"query-input":{"@type":"PropertyValueSpecification","valueRequired":true,"valueName":"search_term_string"}}],"inLanguage":"da-DK"},{"@type":"Organization","@id":"https:\/\/www.directhealthcaregroup.com\/#organization","name":"Direct Healthcare Group","url":"https:\/\/www.directhealthcaregroup.com\/","logo":{"@type":"ImageObject","inLanguage":"da-DK","@id":"https:\/\/www.directhealthcaregroup.com\/#\/schema\/logo\/image\/","url":"https:\/\/directhealthcaregroup.com\/app\/uploads\/dhg-logo.png","contentUrl":"https:\/\/directhealthcaregroup.com\/app\/uploads\/dhg-logo.png","width":556,"height":240,"caption":"Direct Healthcare Group"},"image":{"@id":"https:\/\/www.directhealthcaregroup.com\/#\/schema\/logo\/image\/"}}]}},"_links":{"self":[{"href":"https:\/\/www.directhealthcaregroup.com\/da\/wp-json\/wp\/v2\/pages\/175720","targetHints":{"allow":["GET"]}}],"collection":[{"href":"https:\/\/www.directhealthcaregroup.com\/da\/wp-json\/wp\/v2\/pages"}],"about":[{"href":"https:\/\/www.directhealthcaregroup.com\/da\/wp-json\/wp\/v2\/types\/page"}],"author":[{"embeddable":true,"href":"https:\/\/www.directhealthcaregroup.com\/da\/wp-json\/wp\/v2\/users\/40"}],"replies":[{"embeddable":true,"href":"https:\/\/www.directhealthcaregroup.com\/da\/wp-json\/wp\/v2\/comments?post=175720"}],"version-history":[{"count":5,"href":"https:\/\/www.directhealthcaregroup.com\/da\/wp-json\/wp\/v2\/pages\/175720\/revisions"}],"predecessor-version":[{"id":183636,"href":"https:\/\/www.directhealthcaregroup.com\/da\/wp-json\/wp\/v2\/pages\/175720\/revisions\/183636"}],"up":[{"embeddable":true,"href":"https:\/\/www.directhealthcaregroup.com\/da\/wp-json\/wp\/v2\/pages\/174696"}],"wp:featuredmedia":[{"embeddable":true,"href":"https:\/\/www.directhealthcaregroup.com\/da\/wp-json\/wp\/v2\/media\/177989"}],"wp:attachment":[{"href":"https:\/\/www.directhealthcaregroup.com\/da\/wp-json\/wp\/v2\/media?parent=175720"}],"curies":[{"name":"wp","href":"https:\/\/api.w.org\/{rel}","templated":true}]}}