{"id":175812,"date":"2023-03-22T12:16:51","date_gmt":"2023-03-22T12:16:51","guid":{"rendered":"https:\/\/www.directhealthcaregroup.com\/?page_id=175812"},"modified":"2023-05-17T06:44:23","modified_gmt":"2023-05-17T05:44:23","slug":"175812-2","status":"publish","type":"page","link":"https:\/\/www.directhealthcaregroup.com\/da\/viden-og-evidens\/175812-2\/","title":{"rendered":"S\u00e5dan p\u00e5virker plejearbejdet vores sanser"},"content":{"rendered":"\n<h1 class=\"wp-block-heading\"><\/h1>\n\n\n\n<p>N\u00e5r hjernen udfordres af skader eller sygdom s\u00e5som demens, kan det f\u00f8re til en udadreagerende og ukontrollerbar adf\u00e6rd. Her kan et st\u00f8rre kendskab og fokus p\u00e5 begrebet sansedeprivation, samt udarbejdelse af s\u00e5kaldte sanseprofiler, v\u00e6re brugbare redskaber, n\u00e5r der skal udf\u00f8res pleje og omsorg.<\/p>\n\n\n\n<p>11. maj 2022<\/p>\n\n\n\n<p>Af: Ergoterapeut, Pia Beck<\/p>\n\n\n\n<p>Som menneske oplever vi vores omgivelser gennem indtryk fra vores sanser. Vi har 7 sanser, og det er igennem bearbejdelse af information fra disse, at vi oplever, og ikke mindst forholder os til den verden, vi lever i.<br><\/p>\n\n\n\n<h2 class=\"wp-block-heading\"><strong>Hvad er sansedeprivation?<\/strong><\/h2>\n\n\n\n<p>N\u00e5r mennesket rammes af en demenssygdom eller andre skader i hjernen, kan dette f\u00f8re til, at de indtryk hjernen f\u00e5r ind via sanserne ikke k\u00e6des ordentligt sammen, eller at nogle sanser slet ikke bearbejder de stimuli, der kommer fra omverdenen. Dette f\u00e5r indflydelse p\u00e5, hvordan det ramte menneske oplever omverdenen og dermed ogs\u00e5, hvordan de agerer og reagerer p\u00e5 det, der sker omkring dem. Dette kaldes sansedeprivation eller sansetab.<\/p>\n\n\n\n<p>Uheldigvis kan s\u00e5dan en manglende eller forkert afkodning af de indtryk, hjernen f\u00e5r gennem sanserne, f\u00f8re til en uhensigtsm\u00e6ssig eller endda udadreagerende adf\u00e6rd f.eks. i forbindelse med plejesituationer s\u00e5som vask og forflytning. For at minimere risikoen for en udadreagerende adf\u00e6rd er det vigtigt at vide hvilke omr\u00e5der i hjernen, der er ramt af sygdom eller skade, da sansebearbejdningen i disse omr\u00e5der vil v\u00e6re udfordret.<\/p>\n\n\n\n<p>En bedre forst\u00e5else af hvilke sanser, der er p\u00e5virkede, samt en bevidsthed om, at den u\u00f8nskede adf\u00e6rd kan skyldes sansedeprivation, kan hj\u00e6lpe plejepersonalet til at tilrettel\u00e6gge arbejdet omkring borgeren bedre. En s\u00e5dan forst\u00e5else kan f.eks. opn\u00e5s vha. sanseprofiler.<br><\/p>\n\n\n\n<h2 class=\"wp-block-heading\"><strong>Hvad er sanseprofiler?<\/strong><\/h2>\n\n\n\n<p>Sanseprofiler er et valideret ergoterapeutisk unders\u00f8gelsesredskab, som giver et grundigt billede af et menneskes m\u00e5de at sansebearbejde. Sanseprofiler er s\u00e6rligt anvendeligt til mennesker, som har problemer med selvregulering, som medf\u00f8rer en over eller underreaktion p\u00e5 sansestimuli.<\/p>\n\n\n\n<p>Sanseprofilen kaster lys over, hvordan mennesket opfatter og bearbejder sanseindtryk fra de forskellige sanser. Sanseprofilen beskriver t\u00e6rskelv\u00e6rdien, dvs. om borgeren har en h\u00f8j eller lav t\u00e6rskel overfor forskellige sanseindtryk, \u201cet lille eller stort b\u00e6ger \u201d, samt om borgeren forholder sig passiv, eller g\u00f8r noget aktivt ift. at skabe balance i de sanseinput, han\/hun modtager i l\u00f8bet af dagen.<\/p>\n\n\n\n<p>For at f\u00e5 udarbejdet en sanseprofil, skal du rette henvendelse til kommunens demenskoordinator eller til en af kommunens terapeuter. De vil kunne r\u00e5dgive og vejlede i muligheden for at f\u00e5 udarbejdet en sanseprofil.<\/p>\n\n\n\n<p>Men da sanseprofiler stadigv\u00e6k er et forholdsvist nyt v\u00e6rkt\u00f8j, er det ikke altid muligt at f\u00e5 udarbejdet en sanseprofil. I disse situationer vil en \u00f8get bevidsthed omkring sanserne dog stadig v\u00e6re et brugbart redskab for plejepersonalet, som kan bruge denne viden til at analysere sig frem til, hvad der gik galt i en given plejesituation, der resulterede i udadreagerende eller anden uhensigtsm\u00e6ssig adf\u00e6rd.<\/p>\n\n\n\n<p>Det er derfor interessant at kigge n\u00e6rmere p\u00e5 menneskets sanser, og lige s\u00e5 interessant er det, at se p\u00e5 de aktiviteter, vi som sundhedsprofessionelle uds\u00e6tter mennesker med sansetab for. Med en bedre forst\u00e5else af dette, kan vi nemlig tilpasse plejearbejdet efter den enkeltes sanseprofil.<br><\/p>\n\n\n\n<h2 class=\"wp-block-heading\"><strong>Menneskets sanser<\/strong><\/h2>\n\n\n\n<p>De 7 sanser, der hj\u00e6lper os med at forst\u00e5 verdenen, er;<\/p>\n\n\n\n<ul class=\"wp-block-list\"><li>Synssansen (den visuelle sans)<\/li><li>H\u00f8resansen (den auditive sans)<\/li><li>Lugtesansen (den olfaktoriske sans)<\/li><li>Smagssansen (den gustatoriske sans)<\/li><li>Balance eller labyrint\/ligev\u00e6gtssansen (den vestibul\u00e6re sans)<\/li><li>Ber\u00f8rings- og f\u00f8lesansen (den taktile sans)<\/li><li>Muskel-led sansen (den proprioceptive sans)<\/li><\/ul>\n\n\n\n<p>For at tydeligg\u00f8re, hvordan vi som sundhedsprofessionelle med vores helt almindelige daglige arbejdsopgaver, f\u00e5r sat gang i alle kroppens sanser, vil jeg i det f\u00f8lgende komme med konkrete eksempler fra hverdagen.<br><\/p>\n\n\n\n<h2 class=\"wp-block-heading\"><strong>Jeg kan ikke h\u00f8re dig<\/strong><\/h2>\n\n\n\n<p>Vi tager i dette eksempel udgangspunkt i en morgen hygiejnesituation, som for manges vedkomne starter med et \u201d<em>godmorgen\u201d<\/em>. Et simpelt ord, som rent faktisk p\u00e5virker mere, end vi m\u00e5ske lige t\u00e6nker over.<\/p>\n\n\n\n<p>Lyden af det sagte ord, p\u00e5virker den auditive sans, og hvis det omr\u00e5de i hjernen (gyrus temporalis superior), der bearbejder lyde er skadet, kan det udfordre borgeren p\u00e5 flere m\u00e5de.<\/p>\n\n\n\n<p>Opfatter borgeren ikke lyden, kan han\/hun blive frygteligt bange, da de ikke h\u00f8rte nogen komme ind. Pludselig ser borgeren blot, at der st\u00e5r et menneske. Er den auditive sans p\u00e5virket, kan det dog ogs\u00e5 betyde, at borgeren h\u00f8rer noget helt andet end et simpelt \u201dgodmorgen\u201d, hvilket ogs\u00e5 kan f\u00f8re til forvirring over, hvad der sker.<\/p>\n\n\n\n<p>En manglende sansning af lyd, kan derfor resultere i en adf\u00e6rd, der ikke er hensigtsm\u00e6ssig. Og hvis det er kendt, at det omr\u00e5de i hjernen, der bearbejder lyde, er skadet, kan det vanlige&nbsp;<em>\u201dgodmorgen\u201d<\/em>&nbsp;m\u00e5ske erstattes med at t\u00e6nde lyset for at signalere til borgeren, at vi er i rummet.<br><\/p>\n\n\n\n<h2 class=\"wp-block-heading\"><strong>Jeg ser dig kun svagt<\/strong><\/h2>\n\n\n\n<p>Hvis det omr\u00e5de i hjernen, der bearbejder vores synsindtryk (occipital lappen) er ramt, kan det bl.a. f\u00e5 betydning for borgerens orienterings- og balanceevne, ligesom borgerens evne til at afstandsbed\u00f8mme ogs\u00e5 kan blive sv\u00e6rt udfordret.<\/p>\n\n\n\n<p>Her kan plejepersonalet fint sige \u201d<em>godmorgen\u201d<\/em>&nbsp;til borgeren, og samtidig l\u00e6ne sig lidt ind over borgeren. Men idet borgeren og plejepersonalets blik fanger hinandens str\u00e6kker borgeren h\u00e5nden frem og f\u00e5r m\u00e5ske ramt personalet i ansigtet.<\/p>\n\n\n\n<p>En meget uheldig situation, hvor borgerens \u00f8nske om at r\u00e6kke h\u00e5nden frem for at holde i h\u00e5nd, kan f\u00f8re til en negativ interaktion, fordi borgeren haft sv\u00e6rt ved at afstandsbed\u00f8mme, hvor t\u00e6t p\u00e5 personalet reelt set var.<br><\/p>\n\n\n\n<h2 class=\"wp-block-heading\"><strong>Dufte bringer minder frem<\/strong><\/h2>\n\n\n\n<p>N\u00e5r vi som sundhedspersonale kommer t\u00e6t p\u00e5 de borgere, vi yder pleje og omsorg for, kommer vi ogs\u00e5 til at stimulere borgerens lugtesans. Er der en skade i det omr\u00e5de i hjernen, som bearbejder de lugte, vi opfanger, kan det ogs\u00e5 give anledning til en u\u00f8nsket adf\u00e6rd.<\/p>\n\n\n\n<p>Det er nemlig s\u00e5dan at lugtesansen er den eneste sans, som er direkte forbundet med det limbiske system \u2013&nbsp; vores f\u00f8lelsesm\u00e6ssige kontrolcenter, og denne direkte forbindelse betyder, at dufte har en evne til at p\u00e5virke vores hum\u00f8r, tanker og f\u00f8lelser.<\/p>\n\n\n\n<p>Dufter plejepersonalet p\u00e5 en s\u00e5dan vis, at det s\u00e6tter nogle f\u00f8lelser i gang hos borgeren, kan det reelt v\u00e6re det, som udl\u00f8ser en uhensigtsm\u00e6ssig adf\u00e6rd.<br><\/p>\n\n\n\n<h2 class=\"wp-block-heading\"><strong>Du r\u00f8r mig blidt, men jeg m\u00e6rker et voldsomt tryk<\/strong><\/h2>\n\n\n\n<p>I arbejdet og kontakten med borgeren, indg\u00e5r der stort set altid en eller anden form for fysisk kontakt. Det kan v\u00e6re en h\u00e5nd p\u00e5 skulderen, et str\u00f8g p\u00e5 armen eller noget helt tredje. Ber\u00f8ringer er en stor del af pleje og omsorgsarbejdet.<\/p>\n\n\n\n<p>Igen er det af stor betydning, at vi som sundhedsprofessionelle er klar over, om borgeren er ramt i det omr\u00e5de i hjernen, hvor den taktile sansning bliver bearbejdet (parietallappen). Den taktile sans registrerer tryk, kulde\/varme, smerte og strukturer (f.eks. om det er rundt, kantet, glat og v\u00e5dt) vha. receptorer, der ligger under huden.<\/p>\n\n\n\n<p>Det betyder, at n\u00e5r vi som sundhedsprofessionelle r\u00f8r forsigtigt ved en borger, kan borgeren have oplevelsen af, at de bliver gjort fortr\u00e6d og tr\u00e6kker m\u00e5ske sin arm meget voldsomt til sig. Dette kan blive opfattet som et tegn p\u00e5 manglende samarbejdsvillighed, men forklaringen skal findes i sansetabet.<br><\/p>\n\n\n\n<h2 class=\"wp-block-heading\"><strong>Jeg bliver svimmel, n\u00e5r du vender mig<\/strong><\/h2>\n\n\n\n<p>N\u00e5r vi i vores pleje og omsorgsarbejde skal foretage forflytninger, kommer der igen gang i det store sansebombardement. N\u00e5r vi forflytter, is\u00e6r manuelt, vil der v\u00e6re en \u00f8get taktil stimuli, og derudover s\u00e5 stimulerer en forflytning b\u00e5de den proprioceptive og den vestibul\u00e6re sans.<\/p>\n\n\n\n<p>Den proprioceptive sans er et samlet begreb for al den information hjernen modtager fra sanseceller i kroppens led, muskler og sener om kroppens stilling. Information fra den proprioceptive sans danner sammen med information fra den vestibul\u00e6re sans og synssansen grundlag for fornemmelsen af balancen i kroppen. Herudfra beregner kroppen, hvordan bev\u00e6gelser skal udf\u00f8res, s\u00e5 vi ikke mister balancen eller muligheden for at genoprette den.<\/p>\n\n\n\n<p>Hvis borgeren har sv\u00e6rt ved at bearbejder sanser fra den proprioceptive sans, kan det f.eks. resultere i, at en vending om p\u00e5 siden, aff\u00f8der en voldsom reaktion fra borgeren, der f.eks. reagerer ved at tage meget h\u00e5rdt fat i personalet, udelukkende fordi de ikke kan opfatte, hvor mange muskelkr\u00e6fter de reelt bruger.<\/p>\n\n\n\n<p>I en forflytningssituation, hvor vi vender borgeren fra ryg til side leje, bliver balancesansen eller den vestibul\u00e6re sans ogs\u00e5 udfordret, fordi forflytningen \u00e6ndrer p\u00e5 kroppens og hovedets stilling og bev\u00e6gelser.<\/p>\n\n\n\n<p>Hvis vi er bekendte med, at borgeren har en skade i lillehjernen (cerebellum), er det v\u00e6sentligt at vi tager h\u00f8jde for det, n\u00e5r vi g\u00e5r i gang med f.eks. forflytninger. Hurtige bev\u00e6gelser kan medf\u00f8re en kvalmende oplevelse for borgeren, der m\u00e5ske undervejs i forflytningen kaster op. Det kan derfor i dette tilf\u00e6lde v\u00e6re n\u00f8dvendigt at s\u00e6tte farten lidt ned i forbindelse med forflytningen.<br><\/p>\n\n\n\n<h2 class=\"wp-block-heading\"><strong>Vi er vores sanser \u2013 og det kan udfordre plejearbejdet<\/strong><\/h2>\n\n\n\n<p>Med ovenst\u00e5ende eksempler har jeg fors\u00f8gt at demonstrere, at mange af de n\u00f8dvendige plejeopgaver vi udf\u00f8rer, kan v\u00e6re med til at skabe en uhensigtsm\u00e6ssig adf\u00e6rd, som ofte bunder i en over- eller understimulering af sanserne.<\/p>\n\n\n\n<p>Derfor b\u00f8r vi som sundhedsprofessionelle rette et stort fokus p\u00e5 begrebet sansedeprivation. De daglige g\u00f8rem\u00e5l, som vi \u201duds\u00e6tter\u201d borgerne for, stimulerer nemlig i h\u00f8j grad menneskets sanser. Heldigvis findes der mange gode greb i v\u00e6rkt\u00f8jskassen, som kan g\u00f8re arbejdet lettere, n\u00e5r vi arbejder med mennesker ramt af sansedeprivation. Det mest optimale vil v\u00e6re at f\u00e5 udarbejdet en sanseprofil p\u00e5 borgeren, men er det ikke muligt, s\u00e5 h\u00e5ber jeg at jeg med denne artikel har givet dig inspiration til, hvordan du med en \u00e6ndret tilgang til dine normale arbejdsopgaver kan minimere sanseindtrykkene under plejearbejdet.<\/p>\n\n\n\n<p>Et godt kendskab til borgerens sanseprofil kan bl.a. f\u00f8re til \u00e6ndrede arbejdsrutiner, et intensiveret arbejde med lejring eller at behovet for andre hj\u00e6lpemidler bliver synligt. Alt sammen kan v\u00e6re med til at skabe et bedre arbejdsmilj\u00f8 og en bedre pleje for borgeren. S\u00e5 det er blot at komme i gang!<\/p>\n\n\n\n<p>Dog vil jeg altid opfordre dig til at tage fat i din lokale demenskoordinator, for at h\u00f8re mere om mulighederne.<\/p>\n","protected":false},"excerpt":{"rendered":"<p>N\u00e5r hjernen udfordres af skader eller sygdom s\u00e5som demens, kan det f\u00f8re til en udadreagerende og ukontrollerbar adf\u00e6rd. Her kan et st\u00f8rre kendskab og fokus p\u00e5 begrebet sansedeprivation, samt udarbejdelse af s\u00e5kaldte sanseprofiler, v\u00e6re brugbare redskaber, n\u00e5r der skal udf\u00f8res pleje og omsorg. 11. maj 2022 Af: Ergoterapeut, Pia Beck Som menneske oplever vi vores &hellip; <a href=\"https:\/\/www.directhealthcaregroup.com\/da\/viden-og-evidens\/175812-2\/\">Continued<\/a><\/p>\n","protected":false},"author":40,"featured_media":177029,"parent":174696,"menu_order":10,"comment_status":"closed","ping_status":"closed","template":"","meta":{"_acf_changed":false,"footnotes":""},"class_list":["post-175812","page","type-page","status-publish","has-post-thumbnail","hentry"],"acf":[],"yoast_head":"<!-- This site is optimized with the Yoast SEO plugin v27.4 - https:\/\/yoast.com\/product\/yoast-seo-wordpress\/ -->\n<title>S\u00e5dan p\u00e5virker plejearbejdet vores sanser | DHG<\/title>\n<meta name=\"robots\" content=\"index, follow, max-snippet:-1, max-image-preview:large, max-video-preview:-1\" \/>\n<link rel=\"canonical\" href=\"https:\/\/www.directhealthcaregroup.com\/da\/viden-og-evidens\/175812-2\/\" \/>\n<meta property=\"og:locale\" content=\"da_DK\" \/>\n<meta property=\"og:type\" content=\"article\" \/>\n<meta property=\"og:title\" content=\"S\u00e5dan p\u00e5virker plejearbejdet vores sanser | DHG\" \/>\n<meta property=\"og:description\" content=\"N\u00e5r hjernen udfordres af skader eller sygdom s\u00e5som demens, kan det f\u00f8re til en udadreagerende og ukontrollerbar adf\u00e6rd. Her kan et st\u00f8rre kendskab og fokus p\u00e5 begrebet sansedeprivation, samt udarbejdelse af s\u00e5kaldte sanseprofiler, v\u00e6re brugbare redskaber, n\u00e5r der skal udf\u00f8res pleje og omsorg. 11. maj 2022 Af: Ergoterapeut, Pia Beck Som menneske oplever vi vores &hellip; Continued\" \/>\n<meta property=\"og:url\" content=\"https:\/\/www.directhealthcaregroup.com\/da\/viden-og-evidens\/175812-2\/\" \/>\n<meta property=\"og:site_name\" content=\"DHG\" \/>\n<meta property=\"article:modified_time\" content=\"2023-05-17T05:44:23+00:00\" \/>\n<meta property=\"og:image\" content=\"https:\/\/www.directhealthcaregroup.com\/app\/uploads\/sadan-pavirker-plejearbejdet-vores-sanser-tb.jpg\" \/>\n\t<meta property=\"og:image:width\" content=\"500\" \/>\n\t<meta property=\"og:image:height\" content=\"125\" \/>\n\t<meta property=\"og:image:type\" content=\"image\/jpeg\" \/>\n<meta name=\"twitter:card\" content=\"summary_large_image\" \/>\n<meta name=\"twitter:label1\" content=\"Est. reading time\" \/>\n\t<meta name=\"twitter:data1\" content=\"9 minutes\" \/>\n<script type=\"application\/ld+json\" class=\"yoast-schema-graph\">{\"@context\":\"https:\\\/\\\/schema.org\",\"@graph\":[{\"@type\":\"WebPage\",\"@id\":\"https:\\\/\\\/www.directhealthcaregroup.com\\\/da\\\/viden-og-evidens\\\/175812-2\\\/\",\"url\":\"https:\\\/\\\/www.directhealthcaregroup.com\\\/da\\\/viden-og-evidens\\\/175812-2\\\/\",\"name\":\"S\u00e5dan p\u00e5virker plejearbejdet vores sanser | DHG\",\"isPartOf\":{\"@id\":\"https:\\\/\\\/www.directhealthcaregroup.com\\\/#website\"},\"primaryImageOfPage\":{\"@id\":\"https:\\\/\\\/www.directhealthcaregroup.com\\\/da\\\/viden-og-evidens\\\/175812-2\\\/#primaryimage\"},\"image\":{\"@id\":\"https:\\\/\\\/www.directhealthcaregroup.com\\\/da\\\/viden-og-evidens\\\/175812-2\\\/#primaryimage\"},\"thumbnailUrl\":\"https:\\\/\\\/www.directhealthcaregroup.com\\\/app\\\/uploads\\\/sadan-pavirker-plejearbejdet-vores-sanser-tb.jpg\",\"datePublished\":\"2023-03-22T12:16:51+00:00\",\"dateModified\":\"2023-05-17T05:44:23+00:00\",\"breadcrumb\":{\"@id\":\"https:\\\/\\\/www.directhealthcaregroup.com\\\/da\\\/viden-og-evidens\\\/175812-2\\\/#breadcrumb\"},\"inLanguage\":\"da-DK\",\"potentialAction\":[{\"@type\":\"ReadAction\",\"target\":[\"https:\\\/\\\/www.directhealthcaregroup.com\\\/da\\\/viden-og-evidens\\\/175812-2\\\/\"]}]},{\"@type\":\"ImageObject\",\"inLanguage\":\"da-DK\",\"@id\":\"https:\\\/\\\/www.directhealthcaregroup.com\\\/da\\\/viden-og-evidens\\\/175812-2\\\/#primaryimage\",\"url\":\"https:\\\/\\\/www.directhealthcaregroup.com\\\/app\\\/uploads\\\/sadan-pavirker-plejearbejdet-vores-sanser-tb.jpg\",\"contentUrl\":\"https:\\\/\\\/www.directhealthcaregroup.com\\\/app\\\/uploads\\\/sadan-pavirker-plejearbejdet-vores-sanser-tb.jpg\",\"width\":500,\"height\":125},{\"@type\":\"BreadcrumbList\",\"@id\":\"https:\\\/\\\/www.directhealthcaregroup.com\\\/da\\\/viden-og-evidens\\\/175812-2\\\/#breadcrumb\",\"itemListElement\":[{\"@type\":\"ListItem\",\"position\":1,\"name\":\"Home\",\"item\":\"https:\\\/\\\/www.directhealthcaregroup.com\\\/da\\\/\"},{\"@type\":\"ListItem\",\"position\":2,\"name\":\"VIDEN OG EVIDENS\",\"item\":\"https:\\\/\\\/www.directhealthcaregroup.com\\\/da\\\/viden-og-evidens\\\/\"},{\"@type\":\"ListItem\",\"position\":3,\"name\":\"S\u00e5dan p\u00e5virker plejearbejdet vores sanser\"}]},{\"@type\":\"WebSite\",\"@id\":\"https:\\\/\\\/www.directhealthcaregroup.com\\\/#website\",\"url\":\"https:\\\/\\\/www.directhealthcaregroup.com\\\/\",\"name\":\"DHG\",\"description\":\"Moving Health Forward\",\"publisher\":{\"@id\":\"https:\\\/\\\/www.directhealthcaregroup.com\\\/#organization\"},\"potentialAction\":[{\"@type\":\"SearchAction\",\"target\":{\"@type\":\"EntryPoint\",\"urlTemplate\":\"https:\\\/\\\/www.directhealthcaregroup.com\\\/?s={search_term_string}\"},\"query-input\":{\"@type\":\"PropertyValueSpecification\",\"valueRequired\":true,\"valueName\":\"search_term_string\"}}],\"inLanguage\":\"da-DK\"},{\"@type\":\"Organization\",\"@id\":\"https:\\\/\\\/www.directhealthcaregroup.com\\\/#organization\",\"name\":\"Direct Healthcare Group\",\"url\":\"https:\\\/\\\/www.directhealthcaregroup.com\\\/\",\"logo\":{\"@type\":\"ImageObject\",\"inLanguage\":\"da-DK\",\"@id\":\"https:\\\/\\\/www.directhealthcaregroup.com\\\/#\\\/schema\\\/logo\\\/image\\\/\",\"url\":\"https:\\\/\\\/directhealthcaregroup.com\\\/app\\\/uploads\\\/dhg-logo.png\",\"contentUrl\":\"https:\\\/\\\/directhealthcaregroup.com\\\/app\\\/uploads\\\/dhg-logo.png\",\"width\":556,\"height\":240,\"caption\":\"Direct Healthcare Group\"},\"image\":{\"@id\":\"https:\\\/\\\/www.directhealthcaregroup.com\\\/#\\\/schema\\\/logo\\\/image\\\/\"}}]}<\/script>\n<!-- \/ Yoast SEO plugin. -->","yoast_head_json":{"title":"S\u00e5dan p\u00e5virker plejearbejdet vores sanser | DHG","robots":{"index":"index","follow":"follow","max-snippet":"max-snippet:-1","max-image-preview":"max-image-preview:large","max-video-preview":"max-video-preview:-1"},"canonical":"https:\/\/www.directhealthcaregroup.com\/da\/viden-og-evidens\/175812-2\/","og_locale":"da_DK","og_type":"article","og_title":"S\u00e5dan p\u00e5virker plejearbejdet vores sanser | DHG","og_description":"N\u00e5r hjernen udfordres af skader eller sygdom s\u00e5som demens, kan det f\u00f8re til en udadreagerende og ukontrollerbar adf\u00e6rd. Her kan et st\u00f8rre kendskab og fokus p\u00e5 begrebet sansedeprivation, samt udarbejdelse af s\u00e5kaldte sanseprofiler, v\u00e6re brugbare redskaber, n\u00e5r der skal udf\u00f8res pleje og omsorg. 11. maj 2022 Af: Ergoterapeut, Pia Beck Som menneske oplever vi vores &hellip; Continued","og_url":"https:\/\/www.directhealthcaregroup.com\/da\/viden-og-evidens\/175812-2\/","og_site_name":"DHG","article_modified_time":"2023-05-17T05:44:23+00:00","og_image":[{"width":500,"height":125,"url":"https:\/\/www.directhealthcaregroup.com\/app\/uploads\/sadan-pavirker-plejearbejdet-vores-sanser-tb.jpg","type":"image\/jpeg"}],"twitter_card":"summary_large_image","twitter_misc":{"Est. reading time":"9 minutes"},"schema":{"@context":"https:\/\/schema.org","@graph":[{"@type":"WebPage","@id":"https:\/\/www.directhealthcaregroup.com\/da\/viden-og-evidens\/175812-2\/","url":"https:\/\/www.directhealthcaregroup.com\/da\/viden-og-evidens\/175812-2\/","name":"S\u00e5dan p\u00e5virker plejearbejdet vores sanser | DHG","isPartOf":{"@id":"https:\/\/www.directhealthcaregroup.com\/#website"},"primaryImageOfPage":{"@id":"https:\/\/www.directhealthcaregroup.com\/da\/viden-og-evidens\/175812-2\/#primaryimage"},"image":{"@id":"https:\/\/www.directhealthcaregroup.com\/da\/viden-og-evidens\/175812-2\/#primaryimage"},"thumbnailUrl":"https:\/\/www.directhealthcaregroup.com\/app\/uploads\/sadan-pavirker-plejearbejdet-vores-sanser-tb.jpg","datePublished":"2023-03-22T12:16:51+00:00","dateModified":"2023-05-17T05:44:23+00:00","breadcrumb":{"@id":"https:\/\/www.directhealthcaregroup.com\/da\/viden-og-evidens\/175812-2\/#breadcrumb"},"inLanguage":"da-DK","potentialAction":[{"@type":"ReadAction","target":["https:\/\/www.directhealthcaregroup.com\/da\/viden-og-evidens\/175812-2\/"]}]},{"@type":"ImageObject","inLanguage":"da-DK","@id":"https:\/\/www.directhealthcaregroup.com\/da\/viden-og-evidens\/175812-2\/#primaryimage","url":"https:\/\/www.directhealthcaregroup.com\/app\/uploads\/sadan-pavirker-plejearbejdet-vores-sanser-tb.jpg","contentUrl":"https:\/\/www.directhealthcaregroup.com\/app\/uploads\/sadan-pavirker-plejearbejdet-vores-sanser-tb.jpg","width":500,"height":125},{"@type":"BreadcrumbList","@id":"https:\/\/www.directhealthcaregroup.com\/da\/viden-og-evidens\/175812-2\/#breadcrumb","itemListElement":[{"@type":"ListItem","position":1,"name":"Home","item":"https:\/\/www.directhealthcaregroup.com\/da\/"},{"@type":"ListItem","position":2,"name":"VIDEN OG EVIDENS","item":"https:\/\/www.directhealthcaregroup.com\/da\/viden-og-evidens\/"},{"@type":"ListItem","position":3,"name":"S\u00e5dan p\u00e5virker plejearbejdet vores sanser"}]},{"@type":"WebSite","@id":"https:\/\/www.directhealthcaregroup.com\/#website","url":"https:\/\/www.directhealthcaregroup.com\/","name":"DHG","description":"Moving Health Forward","publisher":{"@id":"https:\/\/www.directhealthcaregroup.com\/#organization"},"potentialAction":[{"@type":"SearchAction","target":{"@type":"EntryPoint","urlTemplate":"https:\/\/www.directhealthcaregroup.com\/?s={search_term_string}"},"query-input":{"@type":"PropertyValueSpecification","valueRequired":true,"valueName":"search_term_string"}}],"inLanguage":"da-DK"},{"@type":"Organization","@id":"https:\/\/www.directhealthcaregroup.com\/#organization","name":"Direct Healthcare Group","url":"https:\/\/www.directhealthcaregroup.com\/","logo":{"@type":"ImageObject","inLanguage":"da-DK","@id":"https:\/\/www.directhealthcaregroup.com\/#\/schema\/logo\/image\/","url":"https:\/\/directhealthcaregroup.com\/app\/uploads\/dhg-logo.png","contentUrl":"https:\/\/directhealthcaregroup.com\/app\/uploads\/dhg-logo.png","width":556,"height":240,"caption":"Direct Healthcare Group"},"image":{"@id":"https:\/\/www.directhealthcaregroup.com\/#\/schema\/logo\/image\/"}}]}},"_links":{"self":[{"href":"https:\/\/www.directhealthcaregroup.com\/da\/wp-json\/wp\/v2\/pages\/175812","targetHints":{"allow":["GET"]}}],"collection":[{"href":"https:\/\/www.directhealthcaregroup.com\/da\/wp-json\/wp\/v2\/pages"}],"about":[{"href":"https:\/\/www.directhealthcaregroup.com\/da\/wp-json\/wp\/v2\/types\/page"}],"author":[{"embeddable":true,"href":"https:\/\/www.directhealthcaregroup.com\/da\/wp-json\/wp\/v2\/users\/40"}],"replies":[{"embeddable":true,"href":"https:\/\/www.directhealthcaregroup.com\/da\/wp-json\/wp\/v2\/comments?post=175812"}],"version-history":[{"count":4,"href":"https:\/\/www.directhealthcaregroup.com\/da\/wp-json\/wp\/v2\/pages\/175812\/revisions"}],"predecessor-version":[{"id":183726,"href":"https:\/\/www.directhealthcaregroup.com\/da\/wp-json\/wp\/v2\/pages\/175812\/revisions\/183726"}],"up":[{"embeddable":true,"href":"https:\/\/www.directhealthcaregroup.com\/da\/wp-json\/wp\/v2\/pages\/174696"}],"wp:featuredmedia":[{"embeddable":true,"href":"https:\/\/www.directhealthcaregroup.com\/da\/wp-json\/wp\/v2\/media\/177029"}],"wp:attachment":[{"href":"https:\/\/www.directhealthcaregroup.com\/da\/wp-json\/wp\/v2\/media?parent=175812"}],"curies":[{"name":"wp","href":"https:\/\/api.w.org\/{rel}","templated":true}]}}