{"id":175848,"date":"2023-03-22T13:33:31","date_gmt":"2023-03-22T13:33:31","guid":{"rendered":"https:\/\/www.directhealthcaregroup.com\/?page_id=175848"},"modified":"2023-05-17T06:43:53","modified_gmt":"2023-05-17T05:43:53","slug":"175848-2","status":"publish","type":"page","link":"https:\/\/www.directhealthcaregroup.com\/da\/viden-og-evidens\/175848-2\/","title":{"rendered":"S\u00e5dan kan du kombinere VENDLET og rehabilitering"},"content":{"rendered":"\n<h1 class=\"wp-block-heading\"><\/h1>\n\n\n\n<p>I rigtig manges \u00f8jne er et VENDLET system lig med pacificering af borgeren. Men faktisk kan VENDLET b\u00e5de bruges af borgeren selv og som en del af den rehabiliterende indsats. D\u00e9t afh\u00e6nger af, hvordan du som sundhedsprofessionel v\u00e6lger at aktivere borgeren.<\/p>\n\n\n\n<p>3. maj 2022<\/p>\n\n\n\n<p>Rehabilitering og udnyttelse af borgerens ressourcer er to ting, vi f\u00e5r tudet \u00f8rene fulde af i sundheds- og plejesektoren. Derfor oplever vi hos Vendlet ogs\u00e5 j\u00e6vnligt, at sundhedsfaglige medarbejdere p\u00e5 alle niveauer er bange for, at VENDLET systemet fratager borgerne deres sidste ressourcer, eller at systemet ikke giver god nok mulighed for at udnytte de ressourcer, som borgeren har.<\/p>\n\n\n\n<p>Heldigvis kan VENDLET og rehabilitering sagtens sameksistere! Det handler blot om at lave en vurdering af borgerens ressourcer, og dern\u00e6st finde ud af, hvordan han eller hun kan inddrages i forflytningen, n\u00e5r der er et elektronisk vendelagen. Dette kan f.eks. g\u00f8res ved at aktivere borgerens arme vha. hj\u00e6lpemidler s\u00e5som sengeb\u00e5nd&nbsp;eller ved at lade borgeren betjene h\u00e5ndbetjeningen selv.<br><\/p>\n\n\n\n<h2 class=\"wp-block-heading\"><strong>Vending af en borger med ressourcer<\/strong><\/h2>\n\n\n\n<p>Hvis borgeren b\u00e5de har tilstr\u00e6kkelige kognitive og fysiske ressourcer til selv at betjene VENDLET-systemet, kan borgeren f\u00f8le en frihed og selvst\u00e6ndighed ved at f\u00e5 denne mulighed.&nbsp;<\/p>\n\n\n\n<p>Det vil ogs\u00e5 kunne \u00f8ge borgerens komfort og velbefindende, idet borgeren nu har mulighed for at repositionere sig selv efter behov i stedet for at skulle vente p\u00e5 en hj\u00e6lper eller p\u00e5r\u00f8rende. Dette kunne f.eks. v\u00e6re tilf\u00e6ldet om natten.<\/p>\n\n\n\n<p>En, der har haft succes med at bruge VENDLET-systemet selv p\u00e5 denne vis, er Fiona fra England, der nu efter hun har f\u00e5et VENDLET systemet, kan vende sig selv om natten.&nbsp;<a href=\"https:\/\/www.directhealthcaregroup.com\/da\/viden-og-evidens\/180140-2\/\" target=\"_blank\" rel=\"noreferrer noopener\">Se et interview med hende her.<\/a><\/p>\n\n\n\n<p>Det er naturligvis altid vigtigt, at der er foretaget en risikovurdering, s\u00e5ledes det er sikkerhedsm\u00e6ssigt forsvarligt, at borgeren selv betjener VENDLET systemet.<br><\/p>\n\n\n\n<h2 class=\"wp-block-heading\"><strong>Vending af borgere med begr\u00e6nsede ressourcer<\/strong><\/h2>\n\n\n\n<p>Selvom borgeren ikke har tilstr\u00e6kkelige ressourcer til at betjene VENDLET-systemet helt selv, kan du med fordel lade borgeren tage del i forflytningsprocessen.&nbsp;<\/p>\n\n\n\n<p>Hvis borgeren f.eks. har kognitive og fysiske ressourcer nok til at betjene h\u00e5ndbetjeningen, kan du n\u00f8jes med at guide borgerens arme eller&nbsp;ben under forflytningen. Det kan have en genoptr\u00e6nende eller rehabiliterende effekt for borgeren at f\u00e5 en s\u00e5dan udfordring.<\/p>\n\n\n\n<p>Hvis borgeren har fysiske ressourcer&nbsp;at bidrage med i forflytningen, kan du med fordel styrke dette ved at supplere med nogle manuelle forflytningshj\u00e6lpemidler. Det kunne f.eks. v\u00e6re hj\u00e6lpemidler, der neds\u00e6tter friktionen eller h\u00e5ndtag \/greb s\u00e5som&nbsp;sengeb\u00e5nd.<\/p>\n\n\n\n<p>I videoen her viser vi dig tre m\u00e5der, hvorp\u00e5 borgeren kan inddrages i vendingen til sideleje. Vi tager udgangspunkt i tre eksempler:<\/p>\n\n\n\n<ol class=\"wp-block-list\"><li>Vending af en borger der har en h\u00f8j funktionsevne (Lad borgeren foretage forflytningen helt selv)<\/li><li>Aktivering af en borger der er paralyseret i benene (Lad borgeren deltage aktivt i forflytningen vha. et sengeb\u00e5nd)<\/li><li>Aktivering af en borger der kun har funktion i \u00e9n arm (Lad borgeren betjene h\u00e5ndbetjeningen)<br><\/li><\/ol>\n\n\n\n<figure class=\"wp-block-embed-youtube aligncenter wp-block-embed is-type-video is-provider-youtube wp-embed-aspect-16-9 wp-has-aspect-ratio\"><div class=\"wp-block-embed__wrapper\">\n<iframe loading=\"lazy\" title=\"To lejringer til demensramte borgere\" width=\"500\" height=\"281\" src=\"https:\/\/www.youtube.com\/embed\/MAH7pdfFeF8?feature=oembed\" frameborder=\"0\" allow=\"accelerometer; autoplay; clipboard-write; encrypted-media; gyroscope; picture-in-picture; web-share\" referrerpolicy=\"strict-origin-when-cross-origin\" allowfullscreen><\/iframe>\n<\/div><\/figure>\n\n\n\n<p>Udover de m\u00e5der, der vises i videoen her, s\u00e5 giver VENDLET systemet ogs\u00e5 en anden fordel, n\u00e5r det kommer til rehabilitering. Det er nemlig muligt at forflytte borgeren sidev\u00e6rts i sengen, hvilket betyder, at du kan tr\u00e6kke borgeren helt t\u00e6t p\u00e5 dig, n\u00e5r du f.eks. skal assistere borgeren i at tr\u00e6ne forflytninger, eller hvis borgeren har behov for hj\u00e6lp til at udf\u00f8re tr\u00e6nings\u00f8velser i sengen. P\u00e5 denne m\u00e5de minimerer du din r\u00e6kkeafstand og forbedrer dermed dit arbejdsmilj\u00f8.<br><\/p>\n\n\n\n<h2 class=\"wp-block-heading\"><strong>\u00d8velse g\u00f8r mester<\/strong><\/h2>\n\n\n\n<p>At lade borgeren anvende VENDLET systemet selv, eller at inddrage dem i forflytningen, er ikke noget man bare lige g\u00f8r. I alle tilf\u00e6lde er det naturligvis vigtigt at have \u00f8vet vendingen med borgeren mange gange, s\u00e5 han eller hun f\u00f8ler sig tryg i situationen. Som n\u00e5r alt andet nyt pr\u00f8ves af, g\u00f8r \u00f8velse nemlig mester!<\/p>\n\n\n\n<p>I stedet for at v\u00e6re bange for at pacificere borgeren, og derved frav\u00e6lge VENDLET, s\u00e5 \u00e5bner VENDLET muligheder, der b\u00e5de kan v\u00e6re til gavn for borgeren og som samtidig i h\u00f8j grad kan forbedre arbejdsmilj\u00f8 og plejekvalitet. Det bliver nemlig muligt at implementere systemet i de situationer, hvor forflytningen af borgeren reelt set er for tung for plejepersonalet, men hvor du netop har v\u00e6ret bange for at frar\u00f8ve borgeren de sidste ressourcer, ved at implementere VENDLET. Samtidig giver det faktisk en reel mulighed for \u00f8get selvst\u00e6ndighed og livskvalitet for borgeren.<\/p>\n\n\n\n<p>Det er dog vigtigt at understrege, at rehabilitering og forflytning ikke absolut beh\u00f8ver at blive kombineret. Det er vigtigt at overveje, hvorvidt det at inddrage rehabilitering i forflytningen evt. kan f\u00e5 en negativ p\u00e5virkning p\u00e5 personalets arbejdsmilj\u00f8, fordi man \u00f8nsker at anvende hj\u00e6lpemidler, der prioriterer inddragelse af borgeren h\u00f8jere end arbejdsmilj\u00f8et. Ligeledes kan det at indt\u00e6nke rehabilitering i alle plejeopgaver mindske borgerens mulighed for at deltage i andre sociale og fysiske aktiviteter, fordi kr\u00e6fterne ikke r\u00e6kker til hele dagen.<\/p>\n\n\n\n<p>I s\u00e5 fald b\u00f8r rehabilitering og forflytning naturligvis adskilles som to forskellige aktiviteter \u2013 Nogle gange b\u00f8r rehabilitering v\u00e6re rehabilitering med sit helt eget fokus!<\/p>\n","protected":false},"excerpt":{"rendered":"<p>I rigtig manges \u00f8jne er et VENDLET system lig med pacificering af borgeren. Men faktisk kan VENDLET b\u00e5de bruges af borgeren selv og som en del af den rehabiliterende indsats. D\u00e9t afh\u00e6nger af, hvordan du som sundhedsprofessionel v\u00e6lger at aktivere borgeren. 3. maj 2022 Rehabilitering og udnyttelse af borgerens ressourcer er to ting, vi f\u00e5r &hellip; <a href=\"https:\/\/www.directhealthcaregroup.com\/da\/viden-og-evidens\/175848-2\/\">Continued<\/a><\/p>\n","protected":false},"author":40,"featured_media":176907,"parent":174696,"menu_order":11,"comment_status":"closed","ping_status":"closed","template":"","meta":{"_acf_changed":false,"footnotes":""},"class_list":["post-175848","page","type-page","status-publish","has-post-thumbnail","hentry"],"acf":[],"yoast_head":"<!-- This site is optimized with the Yoast SEO plugin v27.4 - https:\/\/yoast.com\/product\/yoast-seo-wordpress\/ -->\n<title>S\u00e5dan kan du kombinere VENDLET og rehabilitering | DHG<\/title>\n<meta name=\"robots\" content=\"index, follow, max-snippet:-1, max-image-preview:large, max-video-preview:-1\" \/>\n<link rel=\"canonical\" href=\"https:\/\/www.directhealthcaregroup.com\/da\/viden-og-evidens\/175848-2\/\" \/>\n<meta property=\"og:locale\" content=\"da_DK\" \/>\n<meta property=\"og:type\" content=\"article\" \/>\n<meta property=\"og:title\" content=\"S\u00e5dan kan du kombinere VENDLET og rehabilitering | DHG\" \/>\n<meta property=\"og:description\" content=\"I rigtig manges \u00f8jne er et VENDLET system lig med pacificering af borgeren. Men faktisk kan VENDLET b\u00e5de bruges af borgeren selv og som en del af den rehabiliterende indsats. D\u00e9t afh\u00e6nger af, hvordan du som sundhedsprofessionel v\u00e6lger at aktivere borgeren. 3. maj 2022 Rehabilitering og udnyttelse af borgerens ressourcer er to ting, vi f\u00e5r &hellip; Continued\" \/>\n<meta property=\"og:url\" content=\"https:\/\/www.directhealthcaregroup.com\/da\/viden-og-evidens\/175848-2\/\" \/>\n<meta property=\"og:site_name\" content=\"DHG\" \/>\n<meta property=\"article:modified_time\" content=\"2023-05-17T05:43:53+00:00\" \/>\n<meta property=\"og:image\" content=\"https:\/\/www.directhealthcaregroup.com\/app\/uploads\/v0Dxui7X_2x.jpg\" \/>\n\t<meta property=\"og:image:width\" content=\"1000\" \/>\n\t<meta property=\"og:image:height\" content=\"250\" \/>\n\t<meta property=\"og:image:type\" content=\"image\/jpeg\" \/>\n<meta name=\"twitter:card\" content=\"summary_large_image\" \/>\n<meta name=\"twitter:label1\" content=\"Est. reading time\" \/>\n\t<meta name=\"twitter:data1\" content=\"4 minutes\" \/>\n<script type=\"application\/ld+json\" class=\"yoast-schema-graph\">{\"@context\":\"https:\\\/\\\/schema.org\",\"@graph\":[{\"@type\":\"WebPage\",\"@id\":\"https:\\\/\\\/www.directhealthcaregroup.com\\\/da\\\/viden-og-evidens\\\/175848-2\\\/\",\"url\":\"https:\\\/\\\/www.directhealthcaregroup.com\\\/da\\\/viden-og-evidens\\\/175848-2\\\/\",\"name\":\"S\u00e5dan kan du kombinere VENDLET og rehabilitering | DHG\",\"isPartOf\":{\"@id\":\"https:\\\/\\\/www.directhealthcaregroup.com\\\/#website\"},\"primaryImageOfPage\":{\"@id\":\"https:\\\/\\\/www.directhealthcaregroup.com\\\/da\\\/viden-og-evidens\\\/175848-2\\\/#primaryimage\"},\"image\":{\"@id\":\"https:\\\/\\\/www.directhealthcaregroup.com\\\/da\\\/viden-og-evidens\\\/175848-2\\\/#primaryimage\"},\"thumbnailUrl\":\"https:\\\/\\\/www.directhealthcaregroup.com\\\/app\\\/uploads\\\/v0Dxui7X_2x.jpg\",\"datePublished\":\"2023-03-22T13:33:31+00:00\",\"dateModified\":\"2023-05-17T05:43:53+00:00\",\"breadcrumb\":{\"@id\":\"https:\\\/\\\/www.directhealthcaregroup.com\\\/da\\\/viden-og-evidens\\\/175848-2\\\/#breadcrumb\"},\"inLanguage\":\"da-DK\",\"potentialAction\":[{\"@type\":\"ReadAction\",\"target\":[\"https:\\\/\\\/www.directhealthcaregroup.com\\\/da\\\/viden-og-evidens\\\/175848-2\\\/\"]}]},{\"@type\":\"ImageObject\",\"inLanguage\":\"da-DK\",\"@id\":\"https:\\\/\\\/www.directhealthcaregroup.com\\\/da\\\/viden-og-evidens\\\/175848-2\\\/#primaryimage\",\"url\":\"https:\\\/\\\/www.directhealthcaregroup.com\\\/app\\\/uploads\\\/v0Dxui7X_2x.jpg\",\"contentUrl\":\"https:\\\/\\\/www.directhealthcaregroup.com\\\/app\\\/uploads\\\/v0Dxui7X_2x.jpg\",\"width\":1000,\"height\":250},{\"@type\":\"BreadcrumbList\",\"@id\":\"https:\\\/\\\/www.directhealthcaregroup.com\\\/da\\\/viden-og-evidens\\\/175848-2\\\/#breadcrumb\",\"itemListElement\":[{\"@type\":\"ListItem\",\"position\":1,\"name\":\"Home\",\"item\":\"https:\\\/\\\/www.directhealthcaregroup.com\\\/da\\\/\"},{\"@type\":\"ListItem\",\"position\":2,\"name\":\"VIDEN OG EVIDENS\",\"item\":\"https:\\\/\\\/www.directhealthcaregroup.com\\\/da\\\/viden-og-evidens\\\/\"},{\"@type\":\"ListItem\",\"position\":3,\"name\":\"S\u00e5dan kan du kombinere VENDLET og rehabilitering\"}]},{\"@type\":\"WebSite\",\"@id\":\"https:\\\/\\\/www.directhealthcaregroup.com\\\/#website\",\"url\":\"https:\\\/\\\/www.directhealthcaregroup.com\\\/\",\"name\":\"DHG\",\"description\":\"Moving Health Forward\",\"publisher\":{\"@id\":\"https:\\\/\\\/www.directhealthcaregroup.com\\\/#organization\"},\"potentialAction\":[{\"@type\":\"SearchAction\",\"target\":{\"@type\":\"EntryPoint\",\"urlTemplate\":\"https:\\\/\\\/www.directhealthcaregroup.com\\\/?s={search_term_string}\"},\"query-input\":{\"@type\":\"PropertyValueSpecification\",\"valueRequired\":true,\"valueName\":\"search_term_string\"}}],\"inLanguage\":\"da-DK\"},{\"@type\":\"Organization\",\"@id\":\"https:\\\/\\\/www.directhealthcaregroup.com\\\/#organization\",\"name\":\"Direct Healthcare Group\",\"url\":\"https:\\\/\\\/www.directhealthcaregroup.com\\\/\",\"logo\":{\"@type\":\"ImageObject\",\"inLanguage\":\"da-DK\",\"@id\":\"https:\\\/\\\/www.directhealthcaregroup.com\\\/#\\\/schema\\\/logo\\\/image\\\/\",\"url\":\"https:\\\/\\\/directhealthcaregroup.com\\\/app\\\/uploads\\\/dhg-logo.png\",\"contentUrl\":\"https:\\\/\\\/directhealthcaregroup.com\\\/app\\\/uploads\\\/dhg-logo.png\",\"width\":556,\"height\":240,\"caption\":\"Direct Healthcare Group\"},\"image\":{\"@id\":\"https:\\\/\\\/www.directhealthcaregroup.com\\\/#\\\/schema\\\/logo\\\/image\\\/\"}}]}<\/script>\n<!-- \/ Yoast SEO plugin. -->","yoast_head_json":{"title":"S\u00e5dan kan du kombinere VENDLET og rehabilitering | DHG","robots":{"index":"index","follow":"follow","max-snippet":"max-snippet:-1","max-image-preview":"max-image-preview:large","max-video-preview":"max-video-preview:-1"},"canonical":"https:\/\/www.directhealthcaregroup.com\/da\/viden-og-evidens\/175848-2\/","og_locale":"da_DK","og_type":"article","og_title":"S\u00e5dan kan du kombinere VENDLET og rehabilitering | DHG","og_description":"I rigtig manges \u00f8jne er et VENDLET system lig med pacificering af borgeren. Men faktisk kan VENDLET b\u00e5de bruges af borgeren selv og som en del af den rehabiliterende indsats. D\u00e9t afh\u00e6nger af, hvordan du som sundhedsprofessionel v\u00e6lger at aktivere borgeren. 3. maj 2022 Rehabilitering og udnyttelse af borgerens ressourcer er to ting, vi f\u00e5r &hellip; Continued","og_url":"https:\/\/www.directhealthcaregroup.com\/da\/viden-og-evidens\/175848-2\/","og_site_name":"DHG","article_modified_time":"2023-05-17T05:43:53+00:00","og_image":[{"width":1000,"height":250,"url":"https:\/\/www.directhealthcaregroup.com\/app\/uploads\/v0Dxui7X_2x.jpg","type":"image\/jpeg"}],"twitter_card":"summary_large_image","twitter_misc":{"Est. reading time":"4 minutes"},"schema":{"@context":"https:\/\/schema.org","@graph":[{"@type":"WebPage","@id":"https:\/\/www.directhealthcaregroup.com\/da\/viden-og-evidens\/175848-2\/","url":"https:\/\/www.directhealthcaregroup.com\/da\/viden-og-evidens\/175848-2\/","name":"S\u00e5dan kan du kombinere VENDLET og rehabilitering | DHG","isPartOf":{"@id":"https:\/\/www.directhealthcaregroup.com\/#website"},"primaryImageOfPage":{"@id":"https:\/\/www.directhealthcaregroup.com\/da\/viden-og-evidens\/175848-2\/#primaryimage"},"image":{"@id":"https:\/\/www.directhealthcaregroup.com\/da\/viden-og-evidens\/175848-2\/#primaryimage"},"thumbnailUrl":"https:\/\/www.directhealthcaregroup.com\/app\/uploads\/v0Dxui7X_2x.jpg","datePublished":"2023-03-22T13:33:31+00:00","dateModified":"2023-05-17T05:43:53+00:00","breadcrumb":{"@id":"https:\/\/www.directhealthcaregroup.com\/da\/viden-og-evidens\/175848-2\/#breadcrumb"},"inLanguage":"da-DK","potentialAction":[{"@type":"ReadAction","target":["https:\/\/www.directhealthcaregroup.com\/da\/viden-og-evidens\/175848-2\/"]}]},{"@type":"ImageObject","inLanguage":"da-DK","@id":"https:\/\/www.directhealthcaregroup.com\/da\/viden-og-evidens\/175848-2\/#primaryimage","url":"https:\/\/www.directhealthcaregroup.com\/app\/uploads\/v0Dxui7X_2x.jpg","contentUrl":"https:\/\/www.directhealthcaregroup.com\/app\/uploads\/v0Dxui7X_2x.jpg","width":1000,"height":250},{"@type":"BreadcrumbList","@id":"https:\/\/www.directhealthcaregroup.com\/da\/viden-og-evidens\/175848-2\/#breadcrumb","itemListElement":[{"@type":"ListItem","position":1,"name":"Home","item":"https:\/\/www.directhealthcaregroup.com\/da\/"},{"@type":"ListItem","position":2,"name":"VIDEN OG EVIDENS","item":"https:\/\/www.directhealthcaregroup.com\/da\/viden-og-evidens\/"},{"@type":"ListItem","position":3,"name":"S\u00e5dan kan du kombinere VENDLET og rehabilitering"}]},{"@type":"WebSite","@id":"https:\/\/www.directhealthcaregroup.com\/#website","url":"https:\/\/www.directhealthcaregroup.com\/","name":"DHG","description":"Moving Health Forward","publisher":{"@id":"https:\/\/www.directhealthcaregroup.com\/#organization"},"potentialAction":[{"@type":"SearchAction","target":{"@type":"EntryPoint","urlTemplate":"https:\/\/www.directhealthcaregroup.com\/?s={search_term_string}"},"query-input":{"@type":"PropertyValueSpecification","valueRequired":true,"valueName":"search_term_string"}}],"inLanguage":"da-DK"},{"@type":"Organization","@id":"https:\/\/www.directhealthcaregroup.com\/#organization","name":"Direct Healthcare Group","url":"https:\/\/www.directhealthcaregroup.com\/","logo":{"@type":"ImageObject","inLanguage":"da-DK","@id":"https:\/\/www.directhealthcaregroup.com\/#\/schema\/logo\/image\/","url":"https:\/\/directhealthcaregroup.com\/app\/uploads\/dhg-logo.png","contentUrl":"https:\/\/directhealthcaregroup.com\/app\/uploads\/dhg-logo.png","width":556,"height":240,"caption":"Direct Healthcare Group"},"image":{"@id":"https:\/\/www.directhealthcaregroup.com\/#\/schema\/logo\/image\/"}}]}},"_links":{"self":[{"href":"https:\/\/www.directhealthcaregroup.com\/da\/wp-json\/wp\/v2\/pages\/175848","targetHints":{"allow":["GET"]}}],"collection":[{"href":"https:\/\/www.directhealthcaregroup.com\/da\/wp-json\/wp\/v2\/pages"}],"about":[{"href":"https:\/\/www.directhealthcaregroup.com\/da\/wp-json\/wp\/v2\/types\/page"}],"author":[{"embeddable":true,"href":"https:\/\/www.directhealthcaregroup.com\/da\/wp-json\/wp\/v2\/users\/40"}],"replies":[{"embeddable":true,"href":"https:\/\/www.directhealthcaregroup.com\/da\/wp-json\/wp\/v2\/comments?post=175848"}],"version-history":[{"count":7,"href":"https:\/\/www.directhealthcaregroup.com\/da\/wp-json\/wp\/v2\/pages\/175848\/revisions"}],"predecessor-version":[{"id":183725,"href":"https:\/\/www.directhealthcaregroup.com\/da\/wp-json\/wp\/v2\/pages\/175848\/revisions\/183725"}],"up":[{"embeddable":true,"href":"https:\/\/www.directhealthcaregroup.com\/da\/wp-json\/wp\/v2\/pages\/174696"}],"wp:featuredmedia":[{"embeddable":true,"href":"https:\/\/www.directhealthcaregroup.com\/da\/wp-json\/wp\/v2\/media\/176907"}],"wp:attachment":[{"href":"https:\/\/www.directhealthcaregroup.com\/da\/wp-json\/wp\/v2\/media?parent=175848"}],"curies":[{"name":"wp","href":"https:\/\/api.w.org\/{rel}","templated":true}]}}