{"id":176061,"date":"2023-03-23T09:26:17","date_gmt":"2023-03-23T09:26:17","guid":{"rendered":"https:\/\/www.directhealthcaregroup.com\/?page_id=176061"},"modified":"2023-05-17T06:41:28","modified_gmt":"2023-05-17T05:41:28","slug":"176061-2","status":"publish","type":"page","link":"https:\/\/www.directhealthcaregroup.com\/da\/viden-og-evidens\/176061-2\/","title":{"rendered":"Kompetente forflytninger: Algoritme til vendesystemer"},"content":{"rendered":"\n<h1 class=\"wp-block-heading\"><\/h1>\n\n\n\n<p>Slagelse Kommune har udarbejdet en ny forflytningsalgoritme, der skal g\u00f8re det mere gennemskueligt, hvorn\u00e5r de forskellige vendesystemer, inkl. el-drevne vendelagner, skal anvendes. Dette sker med baggrund i deres m\u00e5l om at reducere sygefrav\u00e6r og arbejdsskader, der sker som f\u00f8lge af forflytninger, samt sikre en h\u00f8j plejekvalitet.<\/p>\n\n\n\n<p>17. februar 2022<\/p>\n\n\n\n<h2 class=\"wp-block-heading\"><strong>Et kendt v\u00e6rkt\u00f8j<\/strong><\/h2>\n\n\n\n<p>Slagelse Kommune har igennem flere \u00e5r arbejdet med algoritmer p\u00e5 hj\u00e6lpemiddelomr\u00e5det og nu udvides algoritmen p\u00e5 vendesystemer, s\u00e5 den ogs\u00e5 inkluderer eldrevne vendelagner.<\/p>\n\n\n\n<p>Bevilling af elektriske vendelagner har nemlig l\u00e6nge v\u00e6ret udfordret, da det som i mange andre kommuner ofte er det sidste, der pr\u00f8ves af, n\u00e5r alt andet ikke virker.<\/p>\n\n\n\n<p>Fysioterapeut og APV-konsulent, tidligere ansat i Slagelse kommune, Caroline Henriksen, er meget tilfreds med den nye algoritme. Hun fort\u00e6ller, at algoritmen skal hj\u00e6lpe med at sikre en mere smidig kommunikation i samarbejdet mellem drift og myndighed, hvor sagsbehandlingen foreg\u00e5r.&nbsp;<em>\u201dDe st\u00e5r lidt i to verdner. Driften st\u00e5r i en meget praktisk \u2013 her-og-nu-verden ude i hjemmet, og myndighed er i en sagsbehandlende, paragraffyldt verden. Her kan algoritmerne v\u00e6re med til at sikre et f\u00e6lles sprog, da den er enkelt og meget tydelig i sin opbygning,\u201d<\/em>&nbsp;fort\u00e6ller Caroline.<\/p>\n\n\n\n<p>Algoritmen skal samtidig sikre, at det rette hj\u00e6lpemiddel kommer ud til den rette borger p\u00e5 det rette tidspunkt \u2013 herunder ogs\u00e5 de lidt dyrere teknologiske l\u00f8sninger.&nbsp;<\/p>\n\n\n\n<p><em><a href=\"https:\/\/www.directhealthcaregroup.com\/app\/uploads\/slagelse-kommune-algoritme-pa-vendesystemer.pdf\" target=\"_blank\" rel=\"noreferrer noopener\">Download algoritmen som PDF her.<\/a><\/em><\/p>\n\n\n\n<h2 class=\"wp-block-heading\"><strong>Projektet \u2019Kompetente forflytninger\u2019<\/strong><\/h2>\n\n\n\n<p>Arbejdet med forflytningsalgoritmer stammer helt tilbage fra 2010, hvor kommunen gennemf\u00f8rte en problemanalyse, der skulle hj\u00e6lpe med at afd\u00e6kke, hvordan der bedst kunne s\u00e6ttes ind for at reducere sygefrav\u00e6ret.<\/p>\n\n\n\n<p>Statistikkerne viste, at der i 2009 var 672 frav\u00e6rsdage som f\u00f8lge af forflytningsarbejdsskader, og p\u00e5 den baggrund blev projekt&nbsp;<em>Kompetente Forflytninger<\/em>&nbsp;iv\u00e6rksat. Projektet blev en del af den overordnet indsats i kommunen for at optimere forflytninger.<\/p>\n\n\n\n<p>M\u00e5lgruppen for projektet blev ansatte p\u00e5 \u00e6ldreomr\u00e5det, da tallene viste, at netop de havde 5,2 gange h\u00f8jere risiko for en forflytningsrelateret arbejdsskade end ansatte i Handicap og Socialpsykiatri, og 4,5 gange s\u00e5 stor risiko for en forflytningsskade, som ansatte p\u00e5 plejecentrene. Samtidigt havde de ansatte p\u00e5 \u00e6ldreomr\u00e5det 11 gange s\u00e5 stor risiko for at f\u00e5 en arbejdsskade anmeldt til arbejdsskadestyrelsen. En frav\u00e6rsgivende forflytningsarbejdsskade gav i gennemsnit 25 frav\u00e6rsdage.<\/p>\n\n\n\n<p>Der blev i projektet&nbsp;<em>Kompetente Forflytninger<\/em>&nbsp;udviklet ni forflytningsalgoritmer, der d\u00e6kker 95 pct. af mulige forflytningssituationer. Og nu er der alts\u00e5 kommet flere til, bl.a. en algoritme p\u00e5 vendesystemer. For at sikre en agil bevillingsproces p\u00e5 denne type hj\u00e6lpemiddel, har der i det f\u00f8rste kvartal af 2021 v\u00e6ret arbejdet m\u00e5lrettet med udviklingen af den nye algoritme, og den er nu bl\u00e5stemplet hos ledelsen i Slagelse Kommunes Center for sundhed og \u00e6ldre.<\/p>\n\n\n\n<p>Den nye Algoritme p\u00e5 vendesystemer er resultatet at et godt og konstruktivt samarbejde mellem kommunens APV-team med fysioterapeut Caroline Henriksen i front og myndighedsafdelingen, der sidder med bevillingskompetencen, repr\u00e6senteret ved bl.a. ergoterapeut Berit J\u00f6nsson.<\/p>\n\n\n\n<p><em>\u201dH\u00e5bet med algoritmen er at forts\u00e6tte kommunens gode arbejde med at sikre, at medarbejderne ikke bliver slidt op og at arbejdsskader i relation til forflytning holdes nede,\u201d<\/em>&nbsp;fort\u00e6ller Caroline.<\/p>\n\n\n\n<p>Algoritmerne l\u00e6ses ved at f\u00f8lge pilene i et rutediagram fra &#8220;Start her&#8221;. Undervejs stilles der en r\u00e6kke sp\u00f8rgsm\u00e5l, hvor der kan svares&nbsp;<em>ja<\/em>&nbsp;eller&nbsp;<em>nej<\/em>. Hvert svar resulterer i en pil videre, enten til et nyt sp\u00f8rgsm\u00e5l eller til et forslag til, hvordan forflytningen kan gennemf\u00f8res. I nogle tilf\u00e6lde henvises der til brug af et bestemt hj\u00e6lpemiddel. Hver forflytningsalgoritme slutter desuden med nogle sp\u00f8rgsm\u00e5l til refleksion.<\/p>\n\n\n\n<h2 class=\"wp-block-heading\"><strong>Webinar blev startskuddet<\/strong><\/h2>\n\n\n\n<p>Vendlet har igennem flere \u00e5r haft et godt og konstruktivt samarbejde med Slagelse kommune, og kommunens APV-team har flere gange arrangeret undervisning for forflytningsvejlederne i hjemmeplejen, hvor Vendlet har st\u00e5et for b\u00e5de det teoretiske og praktiske indhold. I forbindelse med undervisningsseancerne er APV-teamet blevet gjort bekendt med&nbsp;<a rel=\"noreferrer noopener\" href=\"https:\/\/www.youtube.com\/watch?v=OLGbhge80us&amp;t=1647s\" target=\"_blank\">et webinar<\/a>, der omhandler&nbsp;<a href=\"https:\/\/www.vendlet.dk\/viden-og-evidens\/national-evaluering-af-vendesystemer\">den nationale evaluering af elektriske vendesystemer<\/a>, en evaluering som er udarbejdet af teknologisk institut og de deltagende kommuner.<\/p>\n\n\n\n<p>Caroline fort\u00e6ller at netop&nbsp;<a rel=\"noreferrer noopener\" href=\"https:\/\/www.youtube.com\/watch?v=OLGbhge80us&amp;t=1647s\" target=\"_blank\">webinaret<\/a>&nbsp;har v\u00e6ret et vigtigt v\u00e6rkt\u00f8j til at f\u00e5 sat gang i arbejdet med denne algoritme, og anbefaler at alle som m\u00e5ske ikke har tiden til at l\u00e6se hele rapporten i stedet for, kan se webinaret, som giver en rigtig god og grundig indf\u00f8ring i projektet.<\/p>\n\n\n\n<p>APV-teamet har efterf\u00f8lgende set webinaret og har anbefalet det til bl.a. Slagelse Kommunes myndighedsafdelingen. Webinaret har s\u00e5ledes, sammen med undervisning af Vendlet\u00b4s undervisningskonsulent Pia Beck, i lovstof, EU 90\/269 og biomekaniske beregninger, dannet grundlaget for arbejdet med forflytningsalgoritmen. Sidel\u00f8bende har APV-teamet valgt at udf\u00f8re s\u00e5kaldte tr\u00e6ktest p\u00e5 flere af de manuelle forflytningsl\u00f8sninger som kommunen anvender som standardl\u00f8sninger, og resultaterne har ligget til grund for udarbejdelsen af den nye algoritme, da denne type teknologi b\u00e5de er mere ukompliceret at arbejde med, samt reducerer den fysiske belastning som plejepersonalet uds\u00e6ttes for markant.<\/p>\n\n\n\n<p>Forh\u00e5bningen med denne algoritme er netop at f\u00e5 synliggjort, at et elektrisk vendesystem langt fra skal v\u00e6re et sidste valg. Det b\u00f8r altid v\u00e6re en individuel vurdering, fra borgersag til borgersag, og s\u00e5 b\u00f8r det naturligvis ogs\u00e5 tage udgangspunkt i personalets fysiske arbejdsmilj\u00f8. Hvis borgeren er i en af de kategorier som den nationale evaluering har beskrevet, s\u00e5 skal der ikke n\u00f8dvendigvis v\u00e6re afpr\u00f8vet en lang r\u00e6kke af andre manuelle forflytningsl\u00f8sninger f\u00f8rst.<\/p>\n\n\n\n<figure class=\"wp-block-image size-large\"><img loading=\"lazy\" decoding=\"async\" width=\"750\" height=\"253\" src=\"https:\/\/www.directhealthcaregroup.com\/app\/uploads\/fire-borgergrupper.jpg\" alt=\"\" class=\"wp-image-176063\" srcset=\"https:\/\/www.directhealthcaregroup.com\/app\/uploads\/fire-borgergrupper.jpg 750w, https:\/\/www.directhealthcaregroup.com\/app\/uploads\/fire-borgergrupper-300x101.jpg 300w, https:\/\/www.directhealthcaregroup.com\/app\/uploads\/fire-borgergrupper-320x108.jpg 320w\" sizes=\"auto, (max-width: 750px) 100vw, 750px\" \/><figcaption>De fire borgergrupper identificeret af Teknologisk Institut, der skal have VENDLET.<\/figcaption><\/figure>\n\n\n\n<p>Og med algoritmen h\u00e5ber Caroline, at der fremover vil komme elektriske vendesystemer ud til de borgere, hvor personalet vha. algoritmen har vurderet, at der er brug for det, ligesom Caroline h\u00e5ber at andre kommuner vil tage algoritmen til sig.<\/p>\n\n\n\n<p>Caroline udtaler endvidere;&nbsp;<em>\u201dTilpas algoritmen til den kommune, hvor du arbejder. Og har I ikke allerede elektriske vendesystemer p\u00e5 hylden, som et standardhj\u00e6lpemiddel, s\u00e5 kan webinaret v\u00e6re med til at tage snakken p\u00e5 lederniveau, da der jo rent faktisk ligger en national rapport, der anbefaler, elektriske vendesystemer til en stor del af de borgere som modtager pleje og omsorg.\u201d<\/em><\/p>\n\n\n\n<p>Slagelse Kommunes arbejde med forflytningsalgoritmer vandt arbejdsmilj\u00f8prisen og kan ses p\u00e5&nbsp;<a rel=\"noreferrer noopener\" href=\"http:\/\/www.forflyt.dk\/\" target=\"_blank\">www.forflyt.dk<\/a>.<\/p>\n\n\n\n<p>Algoritmen p\u00e5 vendelagner kan forh\u00e5bentligt v\u00e6re med til at skubbe lidt til bevillingsprocessen, og Ergoterapeut Pia Beck er begejstret for det gode samarbejde, der fortsat er med APV-teamet i Slagelse Kommune. \u201d<em>Det er jo netop udfordringerne omkring bevillingspraksis og snitfladerne mellem drift og myndighed jeg har kigget dybere ind i, i mit masterspeciale. Og arbejdet med algoritmerne ser jeg som et vigtigt v\u00e6rkt\u00f8j, til at sikre et fysisk godt arbejdsmilj\u00f8 for personalet. Et arbejde som APV-teamet tager meget seri\u00f8st i Slagelse Kommune, og aktuelt har APV-teamet, med Tine Bech Hansen i front, inviteret mig som opl\u00e6gsholder p\u00e5 en temadag, hvor hele deres TRIO deltager. Emnet for opl\u00e6gget er \u201dBiomekanik \u2013 Kroppen dit dyrebareste arbejdsredskab\u201d, en temadag jeg ser meget frem til at deltage I\u201d, slutter Pia Beck.<\/em><\/p>\n\n\n\n<h2 class=\"wp-block-heading\">&#x1f4e5;<\/h2>\n\n\n\n<h3 class=\"wp-block-heading\"><strong>Download Slagelses Algoritme til dit eget brug i PDF format her:<\/strong><\/h3>\n\n\n\n<p><a href=\"https:\/\/www.directhealthcaregroup.com\/app\/uploads\/slagelse-kommune-algoritme-pa-vendesystemer.pdf\" target=\"_blank\" rel=\"noreferrer noopener\">Slagelse Kommune Algoritme P\u00e5 Vendesystemer<\/a><\/p>\n","protected":false},"excerpt":{"rendered":"<p>Slagelse Kommune har udarbejdet en ny forflytningsalgoritme, der skal g\u00f8re det mere gennemskueligt, hvorn\u00e5r de forskellige vendesystemer, inkl. el-drevne vendelagner, skal anvendes. Dette sker med baggrund i deres m\u00e5l om at reducere sygefrav\u00e6r og arbejdsskader, der sker som f\u00f8lge af forflytninger, samt sikre en h\u00f8j plejekvalitet. 17. februar 2022 Et kendt v\u00e6rkt\u00f8j Slagelse Kommune har &hellip; <a href=\"https:\/\/www.directhealthcaregroup.com\/da\/viden-og-evidens\/176061-2\/\">Continued<\/a><\/p>\n","protected":false},"author":40,"featured_media":176931,"parent":174696,"menu_order":15,"comment_status":"closed","ping_status":"closed","template":"","meta":{"_acf_changed":false,"footnotes":""},"class_list":["post-176061","page","type-page","status-publish","has-post-thumbnail","hentry"],"acf":[],"yoast_head":"<!-- This site is optimized with the Yoast SEO plugin v27.4 - https:\/\/yoast.com\/product\/yoast-seo-wordpress\/ -->\n<title>Kompetente forflytninger: Algoritme til vendesystemer | DHG<\/title>\n<meta name=\"robots\" content=\"index, follow, max-snippet:-1, max-image-preview:large, max-video-preview:-1\" \/>\n<link rel=\"canonical\" href=\"https:\/\/www.directhealthcaregroup.com\/da\/viden-og-evidens\/176061-2\/\" \/>\n<meta property=\"og:locale\" content=\"da_DK\" \/>\n<meta property=\"og:type\" content=\"article\" \/>\n<meta property=\"og:title\" content=\"Kompetente forflytninger: Algoritme til vendesystemer | DHG\" \/>\n<meta property=\"og:description\" content=\"Slagelse Kommune har udarbejdet en ny forflytningsalgoritme, der skal g\u00f8re det mere gennemskueligt, hvorn\u00e5r de forskellige vendesystemer, inkl. el-drevne vendelagner, skal anvendes. Dette sker med baggrund i deres m\u00e5l om at reducere sygefrav\u00e6r og arbejdsskader, der sker som f\u00f8lge af forflytninger, samt sikre en h\u00f8j plejekvalitet. 17. februar 2022 Et kendt v\u00e6rkt\u00f8j Slagelse Kommune har &hellip; Continued\" \/>\n<meta property=\"og:url\" content=\"https:\/\/www.directhealthcaregroup.com\/da\/viden-og-evidens\/176061-2\/\" \/>\n<meta property=\"og:site_name\" content=\"DHG\" \/>\n<meta property=\"article:modified_time\" content=\"2023-05-17T05:41:28+00:00\" \/>\n<meta property=\"og:image\" content=\"https:\/\/www.directhealthcaregroup.com\/app\/uploads\/MZCNwPcJ_2x.jpg\" \/>\n\t<meta property=\"og:image:width\" content=\"1000\" \/>\n\t<meta property=\"og:image:height\" content=\"250\" \/>\n\t<meta property=\"og:image:type\" content=\"image\/jpeg\" \/>\n<meta name=\"twitter:card\" content=\"summary_large_image\" \/>\n<meta name=\"twitter:label1\" content=\"Est. reading time\" \/>\n\t<meta name=\"twitter:data1\" content=\"6 minutes\" \/>\n<script type=\"application\/ld+json\" class=\"yoast-schema-graph\">{\"@context\":\"https:\\\/\\\/schema.org\",\"@graph\":[{\"@type\":\"WebPage\",\"@id\":\"https:\\\/\\\/www.directhealthcaregroup.com\\\/da\\\/viden-og-evidens\\\/176061-2\\\/\",\"url\":\"https:\\\/\\\/www.directhealthcaregroup.com\\\/da\\\/viden-og-evidens\\\/176061-2\\\/\",\"name\":\"Kompetente forflytninger: Algoritme til vendesystemer | DHG\",\"isPartOf\":{\"@id\":\"https:\\\/\\\/www.directhealthcaregroup.com\\\/#website\"},\"primaryImageOfPage\":{\"@id\":\"https:\\\/\\\/www.directhealthcaregroup.com\\\/da\\\/viden-og-evidens\\\/176061-2\\\/#primaryimage\"},\"image\":{\"@id\":\"https:\\\/\\\/www.directhealthcaregroup.com\\\/da\\\/viden-og-evidens\\\/176061-2\\\/#primaryimage\"},\"thumbnailUrl\":\"https:\\\/\\\/www.directhealthcaregroup.com\\\/app\\\/uploads\\\/MZCNwPcJ_2x.jpg\",\"datePublished\":\"2023-03-23T09:26:17+00:00\",\"dateModified\":\"2023-05-17T05:41:28+00:00\",\"breadcrumb\":{\"@id\":\"https:\\\/\\\/www.directhealthcaregroup.com\\\/da\\\/viden-og-evidens\\\/176061-2\\\/#breadcrumb\"},\"inLanguage\":\"da-DK\",\"potentialAction\":[{\"@type\":\"ReadAction\",\"target\":[\"https:\\\/\\\/www.directhealthcaregroup.com\\\/da\\\/viden-og-evidens\\\/176061-2\\\/\"]}]},{\"@type\":\"ImageObject\",\"inLanguage\":\"da-DK\",\"@id\":\"https:\\\/\\\/www.directhealthcaregroup.com\\\/da\\\/viden-og-evidens\\\/176061-2\\\/#primaryimage\",\"url\":\"https:\\\/\\\/www.directhealthcaregroup.com\\\/app\\\/uploads\\\/MZCNwPcJ_2x.jpg\",\"contentUrl\":\"https:\\\/\\\/www.directhealthcaregroup.com\\\/app\\\/uploads\\\/MZCNwPcJ_2x.jpg\",\"width\":1000,\"height\":250},{\"@type\":\"BreadcrumbList\",\"@id\":\"https:\\\/\\\/www.directhealthcaregroup.com\\\/da\\\/viden-og-evidens\\\/176061-2\\\/#breadcrumb\",\"itemListElement\":[{\"@type\":\"ListItem\",\"position\":1,\"name\":\"Home\",\"item\":\"https:\\\/\\\/www.directhealthcaregroup.com\\\/da\\\/\"},{\"@type\":\"ListItem\",\"position\":2,\"name\":\"VIDEN OG EVIDENS\",\"item\":\"https:\\\/\\\/www.directhealthcaregroup.com\\\/da\\\/viden-og-evidens\\\/\"},{\"@type\":\"ListItem\",\"position\":3,\"name\":\"Kompetente forflytninger: Algoritme til vendesystemer\"}]},{\"@type\":\"WebSite\",\"@id\":\"https:\\\/\\\/www.directhealthcaregroup.com\\\/#website\",\"url\":\"https:\\\/\\\/www.directhealthcaregroup.com\\\/\",\"name\":\"DHG\",\"description\":\"Moving Health Forward\",\"publisher\":{\"@id\":\"https:\\\/\\\/www.directhealthcaregroup.com\\\/#organization\"},\"potentialAction\":[{\"@type\":\"SearchAction\",\"target\":{\"@type\":\"EntryPoint\",\"urlTemplate\":\"https:\\\/\\\/www.directhealthcaregroup.com\\\/?s={search_term_string}\"},\"query-input\":{\"@type\":\"PropertyValueSpecification\",\"valueRequired\":true,\"valueName\":\"search_term_string\"}}],\"inLanguage\":\"da-DK\"},{\"@type\":\"Organization\",\"@id\":\"https:\\\/\\\/www.directhealthcaregroup.com\\\/#organization\",\"name\":\"Direct Healthcare Group\",\"url\":\"https:\\\/\\\/www.directhealthcaregroup.com\\\/\",\"logo\":{\"@type\":\"ImageObject\",\"inLanguage\":\"da-DK\",\"@id\":\"https:\\\/\\\/www.directhealthcaregroup.com\\\/#\\\/schema\\\/logo\\\/image\\\/\",\"url\":\"https:\\\/\\\/directhealthcaregroup.com\\\/app\\\/uploads\\\/dhg-logo.png\",\"contentUrl\":\"https:\\\/\\\/directhealthcaregroup.com\\\/app\\\/uploads\\\/dhg-logo.png\",\"width\":556,\"height\":240,\"caption\":\"Direct Healthcare Group\"},\"image\":{\"@id\":\"https:\\\/\\\/www.directhealthcaregroup.com\\\/#\\\/schema\\\/logo\\\/image\\\/\"}}]}<\/script>\n<!-- \/ Yoast SEO plugin. -->","yoast_head_json":{"title":"Kompetente forflytninger: Algoritme til vendesystemer | DHG","robots":{"index":"index","follow":"follow","max-snippet":"max-snippet:-1","max-image-preview":"max-image-preview:large","max-video-preview":"max-video-preview:-1"},"canonical":"https:\/\/www.directhealthcaregroup.com\/da\/viden-og-evidens\/176061-2\/","og_locale":"da_DK","og_type":"article","og_title":"Kompetente forflytninger: Algoritme til vendesystemer | DHG","og_description":"Slagelse Kommune har udarbejdet en ny forflytningsalgoritme, der skal g\u00f8re det mere gennemskueligt, hvorn\u00e5r de forskellige vendesystemer, inkl. el-drevne vendelagner, skal anvendes. Dette sker med baggrund i deres m\u00e5l om at reducere sygefrav\u00e6r og arbejdsskader, der sker som f\u00f8lge af forflytninger, samt sikre en h\u00f8j plejekvalitet. 17. februar 2022 Et kendt v\u00e6rkt\u00f8j Slagelse Kommune har &hellip; Continued","og_url":"https:\/\/www.directhealthcaregroup.com\/da\/viden-og-evidens\/176061-2\/","og_site_name":"DHG","article_modified_time":"2023-05-17T05:41:28+00:00","og_image":[{"width":1000,"height":250,"url":"https:\/\/www.directhealthcaregroup.com\/app\/uploads\/MZCNwPcJ_2x.jpg","type":"image\/jpeg"}],"twitter_card":"summary_large_image","twitter_misc":{"Est. reading time":"6 minutes"},"schema":{"@context":"https:\/\/schema.org","@graph":[{"@type":"WebPage","@id":"https:\/\/www.directhealthcaregroup.com\/da\/viden-og-evidens\/176061-2\/","url":"https:\/\/www.directhealthcaregroup.com\/da\/viden-og-evidens\/176061-2\/","name":"Kompetente forflytninger: Algoritme til vendesystemer | DHG","isPartOf":{"@id":"https:\/\/www.directhealthcaregroup.com\/#website"},"primaryImageOfPage":{"@id":"https:\/\/www.directhealthcaregroup.com\/da\/viden-og-evidens\/176061-2\/#primaryimage"},"image":{"@id":"https:\/\/www.directhealthcaregroup.com\/da\/viden-og-evidens\/176061-2\/#primaryimage"},"thumbnailUrl":"https:\/\/www.directhealthcaregroup.com\/app\/uploads\/MZCNwPcJ_2x.jpg","datePublished":"2023-03-23T09:26:17+00:00","dateModified":"2023-05-17T05:41:28+00:00","breadcrumb":{"@id":"https:\/\/www.directhealthcaregroup.com\/da\/viden-og-evidens\/176061-2\/#breadcrumb"},"inLanguage":"da-DK","potentialAction":[{"@type":"ReadAction","target":["https:\/\/www.directhealthcaregroup.com\/da\/viden-og-evidens\/176061-2\/"]}]},{"@type":"ImageObject","inLanguage":"da-DK","@id":"https:\/\/www.directhealthcaregroup.com\/da\/viden-og-evidens\/176061-2\/#primaryimage","url":"https:\/\/www.directhealthcaregroup.com\/app\/uploads\/MZCNwPcJ_2x.jpg","contentUrl":"https:\/\/www.directhealthcaregroup.com\/app\/uploads\/MZCNwPcJ_2x.jpg","width":1000,"height":250},{"@type":"BreadcrumbList","@id":"https:\/\/www.directhealthcaregroup.com\/da\/viden-og-evidens\/176061-2\/#breadcrumb","itemListElement":[{"@type":"ListItem","position":1,"name":"Home","item":"https:\/\/www.directhealthcaregroup.com\/da\/"},{"@type":"ListItem","position":2,"name":"VIDEN OG EVIDENS","item":"https:\/\/www.directhealthcaregroup.com\/da\/viden-og-evidens\/"},{"@type":"ListItem","position":3,"name":"Kompetente forflytninger: Algoritme til vendesystemer"}]},{"@type":"WebSite","@id":"https:\/\/www.directhealthcaregroup.com\/#website","url":"https:\/\/www.directhealthcaregroup.com\/","name":"DHG","description":"Moving Health Forward","publisher":{"@id":"https:\/\/www.directhealthcaregroup.com\/#organization"},"potentialAction":[{"@type":"SearchAction","target":{"@type":"EntryPoint","urlTemplate":"https:\/\/www.directhealthcaregroup.com\/?s={search_term_string}"},"query-input":{"@type":"PropertyValueSpecification","valueRequired":true,"valueName":"search_term_string"}}],"inLanguage":"da-DK"},{"@type":"Organization","@id":"https:\/\/www.directhealthcaregroup.com\/#organization","name":"Direct Healthcare Group","url":"https:\/\/www.directhealthcaregroup.com\/","logo":{"@type":"ImageObject","inLanguage":"da-DK","@id":"https:\/\/www.directhealthcaregroup.com\/#\/schema\/logo\/image\/","url":"https:\/\/directhealthcaregroup.com\/app\/uploads\/dhg-logo.png","contentUrl":"https:\/\/directhealthcaregroup.com\/app\/uploads\/dhg-logo.png","width":556,"height":240,"caption":"Direct Healthcare Group"},"image":{"@id":"https:\/\/www.directhealthcaregroup.com\/#\/schema\/logo\/image\/"}}]}},"_links":{"self":[{"href":"https:\/\/www.directhealthcaregroup.com\/da\/wp-json\/wp\/v2\/pages\/176061","targetHints":{"allow":["GET"]}}],"collection":[{"href":"https:\/\/www.directhealthcaregroup.com\/da\/wp-json\/wp\/v2\/pages"}],"about":[{"href":"https:\/\/www.directhealthcaregroup.com\/da\/wp-json\/wp\/v2\/types\/page"}],"author":[{"embeddable":true,"href":"https:\/\/www.directhealthcaregroup.com\/da\/wp-json\/wp\/v2\/users\/40"}],"replies":[{"embeddable":true,"href":"https:\/\/www.directhealthcaregroup.com\/da\/wp-json\/wp\/v2\/comments?post=176061"}],"version-history":[{"count":5,"href":"https:\/\/www.directhealthcaregroup.com\/da\/wp-json\/wp\/v2\/pages\/176061\/revisions"}],"predecessor-version":[{"id":183721,"href":"https:\/\/www.directhealthcaregroup.com\/da\/wp-json\/wp\/v2\/pages\/176061\/revisions\/183721"}],"up":[{"embeddable":true,"href":"https:\/\/www.directhealthcaregroup.com\/da\/wp-json\/wp\/v2\/pages\/174696"}],"wp:featuredmedia":[{"embeddable":true,"href":"https:\/\/www.directhealthcaregroup.com\/da\/wp-json\/wp\/v2\/media\/176931"}],"wp:attachment":[{"href":"https:\/\/www.directhealthcaregroup.com\/da\/wp-json\/wp\/v2\/media?parent=176061"}],"curies":[{"name":"wp","href":"https:\/\/api.w.org\/{rel}","templated":true}]}}