{"id":176111,"date":"2023-03-23T09:49:39","date_gmt":"2023-03-23T09:49:39","guid":{"rendered":"https:\/\/www.directhealthcaregroup.com\/?page_id=176111"},"modified":"2023-05-17T06:41:00","modified_gmt":"2023-05-17T05:41:00","slug":"176111-2","status":"publish","type":"page","link":"https:\/\/www.directhealthcaregroup.com\/da\/viden-og-evidens\/176111-2\/","title":{"rendered":"Patient forflytning: Ikke uden risiko"},"content":{"rendered":"\n<h1 class=\"wp-block-heading\"><\/h1>\n\n\n\n<p>Forflytning og patienth\u00e5ndtering er en stor del af hverdagen p\u00e5 landets plejehjem, hospitaler, bosteder m.m. og er en helt essentiel plejeopgave. Men samtidigt er forflytning ogs\u00e5 en af de helt store syndere, n\u00e5r det kommer til personalets arbejdsmilj\u00f8. Fysisk overbelastning under personforflytning er nemlig skyld i 44% af alle langtidssygemeldinger.<\/p>\n\n\n\n<p>28. april 2021<\/p>\n\n\n\n<p>Af: Ergoterapeut, Pia Beck<\/p>\n\n\n\n<p>I denne artikel vil vi se n\u00e6rmere p\u00e5 hvad forflytning er, og hvorfor det indeb\u00e6rer s\u00e5 stor en risiko for pleje- og sundhedspersonale, samt hvad vi kan g\u00f8re ved det.<br><\/p>\n\n\n\n<h2 class=\"wp-block-heading\"><strong>Risikoen ved patientforflytning<\/strong><\/h2>\n\n\n\n<p>Patienth\u00e5ndtering udg\u00f8r den st\u00f8rste risiko for udvikling af l\u00e6nderygsmerter og skader blandt sundhedspersonale. Akut fysisk overbelastning under personforflytning er nemlig skyld i 44% af alle langtidssygemeldinger (defineret som mere end tre uger) blandt sundhedspersonale. Det viser tal fra&nbsp;<a rel=\"noreferrer noopener\" href=\"https:\/\/nfa.dk\/da\/Forskning\/Udgivelse?journalId=5d995135-797d-40c8-ac3c-fd1dc001c1b5\" target=\"_blank\">Arbejdstilsynet<\/a>, der samtidigt konkluderer at sundhedsprofessionelle, der regelm\u00e6ssigt arbejder med forflytning af patienter eller borgere, er i s\u00e6rlig risiko for at udvikle muskel- og skeletbesv\u00e6r, smerter og langtidssygefrav\u00e6r.<\/p>\n\n\n\n<p>Risikoen er h\u00f8jest, hvis der ikke anvendes hj\u00e6lpemidler, men selv for de medarbejdere, der konsekvent bruger manuelle hj\u00e6lpemidler til forflytning, er risikoen for at f\u00e5 en rygskade kun 40 % mindre end hos dem, der ikke bruger nogen former for hj\u00e6lpemidler. Det viser&nbsp;<a rel=\"noreferrer noopener\" href=\"https:\/\/nfa.dk\/da\/nyt\/nyheder\/2014\/brug-af-hjaelpemidler-kan-forebygge-rygskader\" target=\"_blank\">en unders\u00f8gelse<\/a>&nbsp;lavet af Det Nationale Forskningscenter for Arbejdsmilj\u00f8 (NFA) i for\u00e5ret 2014.<\/p>\n\n\n\n<p>Alligevel h\u00f8rer vi fra tid til anden, n\u00e5r en sundhedsfaglig medarbejder oplever smerter eller skade efter en forflytning, at det formentligt skyldes at han\/hun anvender forkert forflytningsteknik. Men kan s\u00e5 meget af risikoen ved patientforflytning virkeligt p\u00e5l\u00e6gges medarbejderne og tilskrives forkert forflytningsteknik?<\/p>\n\n\n\n<p>F\u00f8r vi ser n\u00e6rmere p\u00e5 dette samt p\u00e5, hvorfor patientforflytning indeb\u00e6rer s\u00e5 stor en risiko, s\u00e5 lad os f\u00f8rst sl\u00e5 fast, hvad forflytning og forflytningsteknik egentligt er.<br><\/p>\n\n\n\n<h2 class=\"wp-block-heading\"><strong>Hvad er forflytning?<\/strong><\/h2>\n\n\n\n<p>Forflytning handler om at hj\u00e6lpe en immobil person med at flytte sig fra et sted til et andet eller fra en position til en anden. En forflytning kan f.eks. foretages fra k\u00f8restolen til sengen, eller i sengen fra rygleje til sideleje. Dette kan g\u00f8res vha. forskellige hj\u00e6lpemidler og velf\u00e6rdsteknologier, der p\u00e5 forskellige vis sk\u00e5ner personale og borgeren eller patienten, der forflyttes.<br><\/p>\n\n\n\n<h2 class=\"wp-block-heading\"><strong>Hvad er forflytningsteknik?<\/strong><\/h2>\n\n\n\n<p>Forflytningsteknik er den metode, der har v\u00e6ret brugt siden 1980\u2019erne, og som er mest udbredt i den danske sundheds- og plejesektor, n\u00e5r det kommer til personforflytning. Forflytningsteknikkens prim\u00e6re form\u00e5l var og er at flytte praksis fra reelle l\u00f8ft af patienterne til tr\u00e6k, skub og rul.<\/p>\n\n\n\n<p>Forflytningsteknikken g\u00e5r ud p\u00e5 at neds\u00e6tte gnidningsmodstanden\/friktionen mellem patientens trykpunkter og underlaget vha. materialer med glid, samt at rulle, tr\u00e6kke eller skubbe patienten i stedet for at l\u00f8fte. Forflytningsteknikken bygger p\u00e5 fire principper, der skal reducere l\u00e6nde- og rygbelastningen:<\/p>\n\n\n\n<ul class=\"wp-block-list\"><li>undg\u00e5 l\u00f8ft<\/li><li>brug friktionsneds\u00e6ttende (og \u00f8gende) hj\u00e6lpemidler<\/li><li>opdel forflytningen i etaper<\/li><li>aktiver patientens egne ressourcer<\/li><\/ul>\n\n\n\n<p><em>Kilde:<\/em>&nbsp;<a rel=\"noreferrer noopener\" href=\"https:\/\/www.forflyt.dk\/forflytning\/forflytningsteknik\/grundlaeggende-principper\" target=\"_blank\">Forflyt.dk<\/a><\/p>\n\n\n\n<h2 class=\"wp-block-heading\"><strong>Udfordringen med forflytningsteknikken<\/strong><\/h2>\n\n\n\n<p>Selvom forflytningsteknikken blev udviklet allerede i 1980\u2019erne, og det fortsat er den vi underviser i i dag, s\u00e5 har teknikken ikke form\u00e5et at reducere antallet af arbejdsskader ved forflytning i s\u00e5 h\u00f8j grad som \u00f8nsket. Studier viser nemlig fortsat at \u201d\u2026 daglig patienth\u00e5ndtering i \u00e6ldreplejen er forbundet med n\u00e6sten en fordobling af risikoen for rygskader.\u201d (<a rel=\"noreferrer noopener\" href=\"https:\/\/nfa.dk\/da\/Forskning\/Udgivelse?journalId=5d995135-797d-40c8-ac3c-fd1dc001c1b5\" target=\"_blank\">Rapport fra NFA, side 7<\/a>). Og d\u00e9t er et k\u00e6mpe problem for den enkelte og for samfundet.<\/p>\n\n\n\n<p>Nogle af de medvirkende faktorer hertil er, at forflytningsteknikken kr\u00e6ver at personalet opretholder komplet kontrol over deres bev\u00e6gelser, samtidigt med at de skubber eller tr\u00e6kker borgeren, har styr p\u00e5 hj\u00e6lpemidlet samt eventuelt andet medicinsk udstyr, s\u00e5som respiratorer, drop og kateter, n\u00e5r en patient forflyttes. Men risikoen for arbejdsskader ved patientforflytning skyldes ogs\u00e5, at du selv p\u00e5virkes af de tr\u00e6k, rul og skub, du p\u00e5f\u00f8rer borgeren. Det fort\u00e6ller fysikkens love os.<\/p>\n\n\n\n<p>I forflytningssammenh\u00e6ng er der s\u00e6rligt \u00e9n lov, der er interessant at kigge p\u00e5, nemlig Newtons 3. lov (loven om aktion\/reaktion), som beskriver, hvad der sker, n\u00e5r man f.eks. skubber til en kasse. Trykket man m\u00e6rker mod h\u00e6nderne opst\u00e5r, fordi kassens v\u00e6gt \u201dskubber\u201d tilbage med en lige s\u00e5 stor modsatrettet kraft. Det vil alts\u00e5 sige, at n\u00e5r du forflytter en borger, p\u00e5virkes du selv af den kraft du skubber med \u2013 ogs\u00e5 selvom du har nedsat friktionen med et glidelagen eller lignende. Lige meget hvad skal du nemlig s\u00e6tte bev\u00e6gelsen i gang.<\/p>\n\n\n\n<p>Forflytningseksperter fremstiller ofte manuel forflytningsteknik som v\u00e6rende ikke-belastende, hvis blot forflytningsprincipperne overholdes. Men dette er alts\u00e5 en sandhed med modifikationer. P\u00e5 BFA\u2019s hjemmeside st\u00e5r der f.eks. om forflytningsteknik at \u201dVandrette forflytninger klares med tr\u00e6k og skub, der med den rette arbejdsteknik er&nbsp;<strong>relativt<\/strong>&nbsp;<strong>sikre<\/strong>&nbsp;at udf\u00f8re.\u201d (<a rel=\"noreferrer noopener\" href=\"https:\/\/www.forflyt.dk\/hjaelpemidler\/hvilket-hjaelpemiddel-hvornaar\/hvilket-hjaelpemiddel-hvornaar\" target=\"_blank\">BFA.dk<\/a>). Det er alts\u00e5 ikke helt uden risiko selvom rette arbejdsteknik anvendes.<\/p>\n\n\n\n<p>Manglende forst\u00e5else og viden er en af de helt store udfordringer i vores nuv\u00e6rende forflytningspraksis.<br><\/p>\n\n\n\n<p><strong>L\u00e6s ogs\u00e5:<\/strong>&nbsp;<a href=\"https:\/\/www.directhealthcaregroup.com\/da\/viden-og-evidens\/177643-2\/\" target=\"_blank\" rel=\"noreferrer noopener\">Hvad er biomekanik? Fra synsninger til faglighed<\/a><\/p>\n\n\n\n<h2 class=\"wp-block-heading\"><strong>T\u00e6nk (ikke) kreativt<\/strong><\/h2>\n\n\n\n<p>\u00d8nsker vi at reducere antallet af arbejdsskader, sygefrav\u00e6r og muskel- og skeletbesv\u00e6r, s\u00e5 har vores nuv\u00e6rende forflytningspraksis ogs\u00e5 en anden udfordring. Nemlig at der ofte anvendes andre \u2019hj\u00e6lpemidler\u2019, s\u00e5som h\u00e5ndkl\u00e6der og plastikposer, hvis det skal g\u00e5 lidt hurtigt, eller hvis man ikke lige har et hj\u00e6lpemiddel ved h\u00e5nden.<\/p>\n\n\n\n<p>Dette skyldes ikke mindst den m\u00e5de vi snakker om hj\u00e6lpemidler p\u00e5. Hos BFA kan man f.eks. l\u00e6se at personalet skal \u2019t\u00e6nke kreativt\u2019 i forflytningssituationen, og at \u201dEt stiklagen kan eksempelvis bruges som glidestykke i en n\u00f8dsituation.\u201d (<a rel=\"noreferrer noopener\" href=\"https:\/\/www.forflyt.dk\/forflytning\/forflytningsteknik\/gyldne_regler\" target=\"_blank\">BFA.dk<\/a>).<\/p>\n\n\n\n<p>Men det kan alts\u00e5 g\u00e5 rigtigt galt, n\u00e5r plejepersonalet improviserer p\u00e5 denne m\u00e5de under forflytningen. Det gjorde det eksempelvis for denne SOSU-assistent: \u201dBorgeren l\u00e5 i sengen og skulle have benene ud over. Og s\u00e5 er jeg lige hurtig til at tage h\u00e5ndkl\u00e6det rundt om og s\u00e5 tr\u00e6kke. Og det gav bare et sm\u00e6ld\u201d (<a rel=\"noreferrer noopener\" href=\"https:\/\/nfa.dk\/da\/Forskning\/Udgivelse?journalId=5d995135-797d-40c8-ac3c-fd1dc001c1b\" target=\"_blank\">Rapport fra NFA, side 15<\/a>).<\/p>\n\n\n\n<p>I mange andre brancher ville det v\u00e6re ut\u00e6nkeligt, at en medarbejder skulle improvisere sig til sine v\u00e6rkt\u00f8jer p\u00e5 denne m\u00e5de. Forestil dig blot, at en t\u00f8mrer skulle bruge en flintesten til at hamre s\u00f8m i. Det kan da godt v\u00e6re at arbejdet bliver udf\u00f8rt, men resultat bliver nok ikke optimalt og risikoen for arbejdsskader \u00f8ges markant.<br><\/p>\n\n\n\n<h2 class=\"wp-block-heading\"><strong>Smerter er en del af jobbet<\/strong><\/h2>\n\n\n\n<p>Mangel p\u00e5 rette v\u00e6rkt\u00f8jer, et enormt tidspres og en forventning til at opgaven bliver l\u00f8st uanset hvad, er ligeledes med til at skabe en forflytningskultur, hvor d\u00e5rligt arbejdsmilj\u00f8 og daglige smerter accepteres som en del af jobbet.<\/p>\n\n\n\n<p>M\u00e5ske denne accept skyldes at arbejdet i sundhedssektoren handler om omsorg for andre mennesker. De sundhedsprofessionelle jeg m\u00f8der er i hvert fald villige til at g\u00e5 langt for at give den hj\u00e6lp, der er behov for,&nbsp;og glemmer at stille krav til arbejdsmilj\u00f8et.<\/p>\n\n\n\n<p>G\u00f8r vi ikke det, er vi med til at bibeholde en forflytningskultur, hvor det fortsat er sundhedspersonalets egen krop, der er det prim\u00e6re hj\u00e6lpemiddel til forflytning. For hvis man skal bruge \u2019hvad der er\u2019, s\u00e5 er egen krop nemlig det mest n\u00e6rliggende.<\/p>\n\n\n\n<p>Dette manifesterer sig bl.a. i en praksis, hvor det er sv\u00e6rt at f\u00e5 de rette hj\u00e6lpemidler bevilliget. Faktisk viser&nbsp;<a rel=\"noreferrer noopener\" href=\"https:\/\/nfa.dk\/da\/nyt\/nyheder\/2020\/loftlift-og-intelligent-seng-aflaster-ryggen-betydeligt-ved-patientforflytninger\" target=\"_blank\">forskning fra 2020<\/a>&nbsp;at \u201d53 procent af i alt 540 observerede patientforflytninger foregik uden brug af hj\u00e6lpemidler\u201d. Den mest hyppige \u00e5rsag hertil var, at hj\u00e6lpemidlerne ikke var til r\u00e5dighed.<\/p>\n\n\n\n<p>Derfor er vi n\u00f8dt til at bev\u00e6ge os v\u00e6k fra en betragtning af forflytning som noget vi \u201dbare lige\u201d kan klare med forh\u00e5nd v\u00e6rende midler. F\u00f8rste skridt i denne rejse er som minimum at stille rette hj\u00e6lpemidler til r\u00e5dighed for personalet.<br><\/p>\n\n\n\n<h2 class=\"wp-block-heading\"><strong>Hj\u00e6lpemidlerne findes<\/strong><\/h2>\n\n\n\n<p>Vil vi muskel- og skeletbesv\u00e6r til livs, kan dette if\u00f8lge&nbsp;<a rel=\"noreferrer noopener\" href=\"https:\/\/at.dk\/regler\/at-vejledninger\/arbejdsrelateret-muskel-skeletbesvaer-d-3-4\/\" target=\"_blank\">Arbejdstilsynets hjemmeside<\/a>&nbsp;im\u00f8dekommes ved, at forflytning og l\u00f8ft af personer \u201d\u2026der har brug for&nbsp;<strong>mere end let st\u00f8tte<\/strong>, sker forsvarligt med brug af egnede&nbsp;<strong>tekniske hj\u00e6lpemidler<\/strong>&nbsp;[\u2026]\u201d.<\/p>\n\n\n\n<p>I projektet&nbsp;<a rel=\"noreferrer noopener\" href=\"https:\/\/nfa.dk\/da\/Forskning\/Udgivelse?journalId=9714af55-31c4-454f-9aa3-836745e75010\" target=\"_blank\">Nye Teknologier i \u00e6ldreplejen<\/a>&nbsp;(2017) fra NFA lyder en af konklusionerne at \u201d [\u2026] loftlifte [\u2026] eller \u2019vend-let-senge\u2019, beskrives i samtlige plejecentre som bidragende til en reduceret fysisk belastning i de sammenh\u00e6nge, hvor de anvendes.\u201d Og dette st\u00f8ttes ogs\u00e5 op af flere andre unders\u00f8gelser. Bl.a. har&nbsp;<a href=\"https:\/\/www.directhealthcaregroup.com\/app\/uploads\/slagelse-kommune-algoritme-pa-vendesystemer.pdf\" target=\"_blank\" rel=\"noreferrer noopener\">en rapport fra Teknologisk Institut<\/a>&nbsp;vist, at brugen af elektroniske vendelagner har en positiv effekt p\u00e5 den fysiske belastning af medarbejderne ved forflytning i sengen.<\/p>\n\n\n\n<p>VENDLET systemer og loftlifte er naturligvis ikke de eneste hj\u00e6lpemidler, der kan v\u00e6re med til at forbedre situationen, men disse studier er gode eksempler p\u00e5, at de teknologier og hj\u00e6lpemidler der findes, ikke anvendes i tilstr\u00e6kkelig grad, selvom der er evidens for deres aflastende effekt.<\/p>\n\n\n\n<p>Samtidigt viser tal fra ovenn\u00e6vnte rapport at 86 % af de adspurgte sundhedsfaglige medarbejdere var enige eller meget enige i, at de er hurtige til at l\u00e6re at anvende nye teknologier, imens 91 % ogs\u00e5 var villige til at afpr\u00f8ve nye teknologier. Dermed kan heller ikke de sundhedsfaglige medarbejdere klandres for at holde udviklingen tilbage.<\/p>\n\n\n\n<p>Skal den danske pleje- og sundhedssektor komme nedslidningsproblematikker til livs, er vi n\u00f8dt til at sp\u00f8rge os selv, hvorfor vi accepterer at plastikposer fortsat betegnes som et egnet teknisk hj\u00e6lpemiddel i sundhedsplejen, n\u00e5r vi som samfund har udviklet os s\u00e5 meget i en teknologisk og digital retning gennem de sidste mange \u00e5r.<\/p>\n","protected":false},"excerpt":{"rendered":"<p>Forflytning og patienth\u00e5ndtering er en stor del af hverdagen p\u00e5 landets plejehjem, hospitaler, bosteder m.m. og er en helt essentiel plejeopgave. Men samtidigt er forflytning ogs\u00e5 en af de helt store syndere, n\u00e5r det kommer til personalets arbejdsmilj\u00f8. Fysisk overbelastning under personforflytning er nemlig skyld i 44% af alle langtidssygemeldinger. 28. april 2021 Af: Ergoterapeut, &hellip; <a href=\"https:\/\/www.directhealthcaregroup.com\/da\/viden-og-evidens\/176111-2\/\">Continued<\/a><\/p>\n","protected":false},"author":40,"featured_media":176943,"parent":174696,"menu_order":16,"comment_status":"closed","ping_status":"closed","template":"","meta":{"_acf_changed":false,"footnotes":""},"class_list":["post-176111","page","type-page","status-publish","has-post-thumbnail","hentry"],"acf":[],"yoast_head":"<!-- This site is optimized with the Yoast SEO plugin v27.4 - https:\/\/yoast.com\/product\/yoast-seo-wordpress\/ -->\n<title>Patient forflytning: Ikke uden risiko | DHG<\/title>\n<meta name=\"robots\" content=\"index, follow, max-snippet:-1, max-image-preview:large, max-video-preview:-1\" \/>\n<link rel=\"canonical\" href=\"https:\/\/www.directhealthcaregroup.com\/da\/viden-og-evidens\/176111-2\/\" \/>\n<meta property=\"og:locale\" content=\"da_DK\" \/>\n<meta property=\"og:type\" content=\"article\" \/>\n<meta property=\"og:title\" content=\"Patient forflytning: Ikke uden risiko | DHG\" \/>\n<meta property=\"og:description\" content=\"Forflytning og patienth\u00e5ndtering er en stor del af hverdagen p\u00e5 landets plejehjem, hospitaler, bosteder m.m. og er en helt essentiel plejeopgave. Men samtidigt er forflytning ogs\u00e5 en af de helt store syndere, n\u00e5r det kommer til personalets arbejdsmilj\u00f8. Fysisk overbelastning under personforflytning er nemlig skyld i 44% af alle langtidssygemeldinger. 28. april 2021 Af: Ergoterapeut, &hellip; Continued\" \/>\n<meta property=\"og:url\" content=\"https:\/\/www.directhealthcaregroup.com\/da\/viden-og-evidens\/176111-2\/\" \/>\n<meta property=\"og:site_name\" content=\"DHG\" \/>\n<meta property=\"article:modified_time\" content=\"2023-05-17T05:41:00+00:00\" \/>\n<meta property=\"og:image\" content=\"https:\/\/www.directhealthcaregroup.com\/app\/uploads\/patientforflytning-ikke-uden-risiko-tb-transformed-1.jpeg\" \/>\n\t<meta property=\"og:image:width\" content=\"2000\" \/>\n\t<meta property=\"og:image:height\" content=\"500\" \/>\n\t<meta property=\"og:image:type\" content=\"image\/jpeg\" \/>\n<meta name=\"twitter:card\" content=\"summary_large_image\" \/>\n<meta name=\"twitter:label1\" content=\"Est. reading time\" \/>\n\t<meta name=\"twitter:data1\" content=\"8 minutes\" \/>\n<script type=\"application\/ld+json\" class=\"yoast-schema-graph\">{\"@context\":\"https:\\\/\\\/schema.org\",\"@graph\":[{\"@type\":\"WebPage\",\"@id\":\"https:\\\/\\\/www.directhealthcaregroup.com\\\/da\\\/viden-og-evidens\\\/176111-2\\\/\",\"url\":\"https:\\\/\\\/www.directhealthcaregroup.com\\\/da\\\/viden-og-evidens\\\/176111-2\\\/\",\"name\":\"Patient forflytning: Ikke uden risiko | DHG\",\"isPartOf\":{\"@id\":\"https:\\\/\\\/www.directhealthcaregroup.com\\\/#website\"},\"primaryImageOfPage\":{\"@id\":\"https:\\\/\\\/www.directhealthcaregroup.com\\\/da\\\/viden-og-evidens\\\/176111-2\\\/#primaryimage\"},\"image\":{\"@id\":\"https:\\\/\\\/www.directhealthcaregroup.com\\\/da\\\/viden-og-evidens\\\/176111-2\\\/#primaryimage\"},\"thumbnailUrl\":\"https:\\\/\\\/www.directhealthcaregroup.com\\\/app\\\/uploads\\\/patientforflytning-ikke-uden-risiko-tb-transformed-1.jpeg\",\"datePublished\":\"2023-03-23T09:49:39+00:00\",\"dateModified\":\"2023-05-17T05:41:00+00:00\",\"breadcrumb\":{\"@id\":\"https:\\\/\\\/www.directhealthcaregroup.com\\\/da\\\/viden-og-evidens\\\/176111-2\\\/#breadcrumb\"},\"inLanguage\":\"da-DK\",\"potentialAction\":[{\"@type\":\"ReadAction\",\"target\":[\"https:\\\/\\\/www.directhealthcaregroup.com\\\/da\\\/viden-og-evidens\\\/176111-2\\\/\"]}]},{\"@type\":\"ImageObject\",\"inLanguage\":\"da-DK\",\"@id\":\"https:\\\/\\\/www.directhealthcaregroup.com\\\/da\\\/viden-og-evidens\\\/176111-2\\\/#primaryimage\",\"url\":\"https:\\\/\\\/www.directhealthcaregroup.com\\\/app\\\/uploads\\\/patientforflytning-ikke-uden-risiko-tb-transformed-1.jpeg\",\"contentUrl\":\"https:\\\/\\\/www.directhealthcaregroup.com\\\/app\\\/uploads\\\/patientforflytning-ikke-uden-risiko-tb-transformed-1.jpeg\",\"width\":2000,\"height\":500},{\"@type\":\"BreadcrumbList\",\"@id\":\"https:\\\/\\\/www.directhealthcaregroup.com\\\/da\\\/viden-og-evidens\\\/176111-2\\\/#breadcrumb\",\"itemListElement\":[{\"@type\":\"ListItem\",\"position\":1,\"name\":\"Home\",\"item\":\"https:\\\/\\\/www.directhealthcaregroup.com\\\/da\\\/\"},{\"@type\":\"ListItem\",\"position\":2,\"name\":\"VIDEN OG EVIDENS\",\"item\":\"https:\\\/\\\/www.directhealthcaregroup.com\\\/da\\\/viden-og-evidens\\\/\"},{\"@type\":\"ListItem\",\"position\":3,\"name\":\"Patient forflytning: Ikke uden risiko\"}]},{\"@type\":\"WebSite\",\"@id\":\"https:\\\/\\\/www.directhealthcaregroup.com\\\/#website\",\"url\":\"https:\\\/\\\/www.directhealthcaregroup.com\\\/\",\"name\":\"DHG\",\"description\":\"Moving Health Forward\",\"publisher\":{\"@id\":\"https:\\\/\\\/www.directhealthcaregroup.com\\\/#organization\"},\"potentialAction\":[{\"@type\":\"SearchAction\",\"target\":{\"@type\":\"EntryPoint\",\"urlTemplate\":\"https:\\\/\\\/www.directhealthcaregroup.com\\\/?s={search_term_string}\"},\"query-input\":{\"@type\":\"PropertyValueSpecification\",\"valueRequired\":true,\"valueName\":\"search_term_string\"}}],\"inLanguage\":\"da-DK\"},{\"@type\":\"Organization\",\"@id\":\"https:\\\/\\\/www.directhealthcaregroup.com\\\/#organization\",\"name\":\"Direct Healthcare Group\",\"url\":\"https:\\\/\\\/www.directhealthcaregroup.com\\\/\",\"logo\":{\"@type\":\"ImageObject\",\"inLanguage\":\"da-DK\",\"@id\":\"https:\\\/\\\/www.directhealthcaregroup.com\\\/#\\\/schema\\\/logo\\\/image\\\/\",\"url\":\"https:\\\/\\\/directhealthcaregroup.com\\\/app\\\/uploads\\\/dhg-logo.png\",\"contentUrl\":\"https:\\\/\\\/directhealthcaregroup.com\\\/app\\\/uploads\\\/dhg-logo.png\",\"width\":556,\"height\":240,\"caption\":\"Direct Healthcare Group\"},\"image\":{\"@id\":\"https:\\\/\\\/www.directhealthcaregroup.com\\\/#\\\/schema\\\/logo\\\/image\\\/\"}}]}<\/script>\n<!-- \/ Yoast SEO plugin. -->","yoast_head_json":{"title":"Patient forflytning: Ikke uden risiko | DHG","robots":{"index":"index","follow":"follow","max-snippet":"max-snippet:-1","max-image-preview":"max-image-preview:large","max-video-preview":"max-video-preview:-1"},"canonical":"https:\/\/www.directhealthcaregroup.com\/da\/viden-og-evidens\/176111-2\/","og_locale":"da_DK","og_type":"article","og_title":"Patient forflytning: Ikke uden risiko | DHG","og_description":"Forflytning og patienth\u00e5ndtering er en stor del af hverdagen p\u00e5 landets plejehjem, hospitaler, bosteder m.m. og er en helt essentiel plejeopgave. Men samtidigt er forflytning ogs\u00e5 en af de helt store syndere, n\u00e5r det kommer til personalets arbejdsmilj\u00f8. Fysisk overbelastning under personforflytning er nemlig skyld i 44% af alle langtidssygemeldinger. 28. april 2021 Af: Ergoterapeut, &hellip; Continued","og_url":"https:\/\/www.directhealthcaregroup.com\/da\/viden-og-evidens\/176111-2\/","og_site_name":"DHG","article_modified_time":"2023-05-17T05:41:00+00:00","og_image":[{"width":2000,"height":500,"url":"https:\/\/www.directhealthcaregroup.com\/app\/uploads\/patientforflytning-ikke-uden-risiko-tb-transformed-1.jpeg","type":"image\/jpeg"}],"twitter_card":"summary_large_image","twitter_misc":{"Est. reading time":"8 minutes"},"schema":{"@context":"https:\/\/schema.org","@graph":[{"@type":"WebPage","@id":"https:\/\/www.directhealthcaregroup.com\/da\/viden-og-evidens\/176111-2\/","url":"https:\/\/www.directhealthcaregroup.com\/da\/viden-og-evidens\/176111-2\/","name":"Patient forflytning: Ikke uden risiko | DHG","isPartOf":{"@id":"https:\/\/www.directhealthcaregroup.com\/#website"},"primaryImageOfPage":{"@id":"https:\/\/www.directhealthcaregroup.com\/da\/viden-og-evidens\/176111-2\/#primaryimage"},"image":{"@id":"https:\/\/www.directhealthcaregroup.com\/da\/viden-og-evidens\/176111-2\/#primaryimage"},"thumbnailUrl":"https:\/\/www.directhealthcaregroup.com\/app\/uploads\/patientforflytning-ikke-uden-risiko-tb-transformed-1.jpeg","datePublished":"2023-03-23T09:49:39+00:00","dateModified":"2023-05-17T05:41:00+00:00","breadcrumb":{"@id":"https:\/\/www.directhealthcaregroup.com\/da\/viden-og-evidens\/176111-2\/#breadcrumb"},"inLanguage":"da-DK","potentialAction":[{"@type":"ReadAction","target":["https:\/\/www.directhealthcaregroup.com\/da\/viden-og-evidens\/176111-2\/"]}]},{"@type":"ImageObject","inLanguage":"da-DK","@id":"https:\/\/www.directhealthcaregroup.com\/da\/viden-og-evidens\/176111-2\/#primaryimage","url":"https:\/\/www.directhealthcaregroup.com\/app\/uploads\/patientforflytning-ikke-uden-risiko-tb-transformed-1.jpeg","contentUrl":"https:\/\/www.directhealthcaregroup.com\/app\/uploads\/patientforflytning-ikke-uden-risiko-tb-transformed-1.jpeg","width":2000,"height":500},{"@type":"BreadcrumbList","@id":"https:\/\/www.directhealthcaregroup.com\/da\/viden-og-evidens\/176111-2\/#breadcrumb","itemListElement":[{"@type":"ListItem","position":1,"name":"Home","item":"https:\/\/www.directhealthcaregroup.com\/da\/"},{"@type":"ListItem","position":2,"name":"VIDEN OG EVIDENS","item":"https:\/\/www.directhealthcaregroup.com\/da\/viden-og-evidens\/"},{"@type":"ListItem","position":3,"name":"Patient forflytning: Ikke uden risiko"}]},{"@type":"WebSite","@id":"https:\/\/www.directhealthcaregroup.com\/#website","url":"https:\/\/www.directhealthcaregroup.com\/","name":"DHG","description":"Moving Health Forward","publisher":{"@id":"https:\/\/www.directhealthcaregroup.com\/#organization"},"potentialAction":[{"@type":"SearchAction","target":{"@type":"EntryPoint","urlTemplate":"https:\/\/www.directhealthcaregroup.com\/?s={search_term_string}"},"query-input":{"@type":"PropertyValueSpecification","valueRequired":true,"valueName":"search_term_string"}}],"inLanguage":"da-DK"},{"@type":"Organization","@id":"https:\/\/www.directhealthcaregroup.com\/#organization","name":"Direct Healthcare Group","url":"https:\/\/www.directhealthcaregroup.com\/","logo":{"@type":"ImageObject","inLanguage":"da-DK","@id":"https:\/\/www.directhealthcaregroup.com\/#\/schema\/logo\/image\/","url":"https:\/\/directhealthcaregroup.com\/app\/uploads\/dhg-logo.png","contentUrl":"https:\/\/directhealthcaregroup.com\/app\/uploads\/dhg-logo.png","width":556,"height":240,"caption":"Direct Healthcare Group"},"image":{"@id":"https:\/\/www.directhealthcaregroup.com\/#\/schema\/logo\/image\/"}}]}},"_links":{"self":[{"href":"https:\/\/www.directhealthcaregroup.com\/da\/wp-json\/wp\/v2\/pages\/176111","targetHints":{"allow":["GET"]}}],"collection":[{"href":"https:\/\/www.directhealthcaregroup.com\/da\/wp-json\/wp\/v2\/pages"}],"about":[{"href":"https:\/\/www.directhealthcaregroup.com\/da\/wp-json\/wp\/v2\/types\/page"}],"author":[{"embeddable":true,"href":"https:\/\/www.directhealthcaregroup.com\/da\/wp-json\/wp\/v2\/users\/40"}],"replies":[{"embeddable":true,"href":"https:\/\/www.directhealthcaregroup.com\/da\/wp-json\/wp\/v2\/comments?post=176111"}],"version-history":[{"count":5,"href":"https:\/\/www.directhealthcaregroup.com\/da\/wp-json\/wp\/v2\/pages\/176111\/revisions"}],"predecessor-version":[{"id":183720,"href":"https:\/\/www.directhealthcaregroup.com\/da\/wp-json\/wp\/v2\/pages\/176111\/revisions\/183720"}],"up":[{"embeddable":true,"href":"https:\/\/www.directhealthcaregroup.com\/da\/wp-json\/wp\/v2\/pages\/174696"}],"wp:featuredmedia":[{"embeddable":true,"href":"https:\/\/www.directhealthcaregroup.com\/da\/wp-json\/wp\/v2\/media\/176943"}],"wp:attachment":[{"href":"https:\/\/www.directhealthcaregroup.com\/da\/wp-json\/wp\/v2\/media?parent=176111"}],"curies":[{"name":"wp","href":"https:\/\/api.w.org\/{rel}","templated":true}]}}