{"id":176150,"date":"2023-03-23T10:22:42","date_gmt":"2023-03-23T10:22:42","guid":{"rendered":"https:\/\/www.directhealthcaregroup.com\/?page_id=176150"},"modified":"2023-05-17T06:40:25","modified_gmt":"2023-05-17T05:40:25","slug":"176150-2","status":"publish","type":"page","link":"https:\/\/www.directhealthcaregroup.com\/da\/176150-2\/","title":{"rendered":"Lejring af \u00f8dem og lymf\u00f8dem \u2013 5 eksempler"},"content":{"rendered":"\n<h1 class=\"wp-block-heading\"><\/h1>\n\n\n\n<p>Lejring kan v\u00e6re et brugbart v\u00e6rkt\u00f8j til forebyggelse, lindring og begr\u00e6nsning af h\u00e6velse, n\u00e5r der er opst\u00e5et et lymf\u00f8dem eller et \u00f8dem. Men hvorn\u00e5r kan det bruges og hvordan? F\u00e5 svaret samt konkrete eksempler p\u00e5 lejring i denne artikel.<\/p>\n\n\n\n<p>8. april 2021<\/p>\n\n\n\n<p>Af: Ergoterapeut, Pia Beck<\/p>\n\n\n\n<p>De fleste sundhedsprofessionelle ved, at lejring over hjerteh\u00f8jde er en god ide, n\u00e5r en borger oplever h\u00e6velse af et ben eller en arm. Men hvorvidt der er tale om \u00f8dem eller lymf\u00f8dem kan have betydning for, hvor godt denne strategi virker. Derfor er det vigtigt f\u00f8rst at vide, om der er tale om det ene eller det andet.<\/p>\n\n\n\n<h2 class=\"wp-block-heading\"><strong>Hvad er forskellen p\u00e5 lymf\u00f8demer og \u00f8demer?<\/strong><\/h2>\n\n\n\n<p>Lymfesystemet er en vigtig del af kroppens immunforsvar, da det medvirker til bek\u00e6mpelse af infektioner. Et beskadiget eller sv\u00e6kket lymfesystem kan medf\u00f8re, at lymfev\u00e6ske hober sig op og danner en h\u00e6velse. Et lymf\u00f8dem er en kronisk h\u00e6velse og opst\u00e5r netop p\u00e5 grund af en s\u00e5dan ophobning af v\u00e6ske i en del af kroppen. Op til 50-75 pct. (kilde kommer) af alle lymf\u00f8dempatienter skyldes kr\u00e6ftbehandling.<\/p>\n\n\n\n<p>Lymf\u00f8dem inddeles i fire stadier (International Society of Lymphology(link), som er vigtige at kende, for at kunne give den rette behandling:<\/p>\n\n\n\n<p><strong>Stadie 0<\/strong>&nbsp;er en latent tilstand, hvor h\u00e6velsen endnu ikke kan ses, da lymfesystemet stadig er i stand til at kompensere. Man kan v\u00e6re i dette stadie i m\u00e5neder til \u00e5r, f\u00f8r lymf\u00f8demet eventuelt udvikler sig.<\/p>\n\n\n\n<p><strong>Stadie 1<\/strong>&nbsp;er et reversibelt stadie, hvor der vil v\u00e6re en f\u00f8lelse af sp\u00e6ndthed og tyngdefornemmelse, og der kan opleves fastere h\u00e6velser efter fysisk anstrengelse eller i varmt vejr. I dette stadie kan lejring anvendes til at mindske h\u00e6velsen. Dette g\u00f8res ved at lejre legemsdelen over hjerteh\u00f8jde.<\/p>\n\n\n\n<p><strong>Stadie 2<\/strong>&nbsp;er modsat stadie 1, et irreversibelt stadie. Her er \u00f8demet fast og kan kendetegnes af en moderat eller udtalt dannelse af fedtv\u00e6v og begyndende dannelse af bindev\u00e6v (fibrose). Der vil v\u00e6re en oplevelse af sp\u00e6nding, nedsat bev\u00e6gelighed og eventuelt smerter. I dette stadie er det oftest ikke nok at lejre det ramte omr\u00e5de. Her m\u00e5 der samtidigt arbejdes m\u00e5lrettet med kompressionsbehandling. Lejring kan i dette tilf\u00e6lde anvendes til smertelindring og komfort.<\/p>\n\n\n\n<p><strong>Ved stadie 3<\/strong>&nbsp;er kropsdelen permanent b\u00e5de meget h\u00e6vet og fast. Det skyldes bindev\u00e6vsdannelse og ansamling af fedtv\u00e6v. Huden er fortykket og foldet, og den v\u00e6sker og revner let. Det betyder ogs\u00e5, at borgere i dette stadie har en h\u00f8j risiko for bet\u00e6ndelse i huden. Lejring kan i dette tilf\u00e6lde kun tilbyde smertelindring og komfort.<\/p>\n\n\n\n<p>Modsat lymf\u00f8demer skyldes \u00f8demer ikke skader i lymfesystemet, men kan have mange forskellige \u00e5rsager. Oftest er der tale om en ophobning af vand i kroppen, der kan skyldes alt fra d\u00e5rligt kredsl\u00f8b, overv\u00e6gt eller graviditet til mere alvorlige tilstande s\u00e5som hjerte- eller lungeproblematikker.<\/p>\n\n\n\n<p>Alle kan f\u00e5 vand i kroppen, men det er mest almindeligt hos \u00e6ldre, hvor tilbagel\u00f8bet af blodet fra benene er sv\u00e6kket, eller hvor hjertet, leveren eller nyrerne er begyndt at svigte. H\u00e6velserne opst\u00e5r ofte, hvis borgeren sidder stille i l\u00e6ngere tid, og v\u00e6sken sidder normalt ved f\u00f8dder, ankler og underben. V\u00e6sken kan dog ogs\u00e5 lejre sig i et af kroppens hulrum, fx i bughulen (ascites), lungehinden, eller fordele sig mere udbredt i v\u00e6vene.<\/p>\n\n\n\n<p>Et \u00f8dem har altid godt af at blive lejret over hjerteh\u00f8jde \u2013 Hvor ofte eller hvor l\u00e6nge er en individuel vurdering.<br><\/p>\n\n\n\n<h3 class=\"wp-block-heading\"><strong>S\u00e5dan kan lejring bruges:<\/strong><\/h3>\n\n\n\n<ul class=\"wp-block-list\"><li><strong>Forebyggelse:<\/strong>&nbsp;Lejring kan bruges til at forebygge \u00f8demer i de situationer, hvor du ved, at der er risiko for at \u00f8dem udvikles. Det kan f.eks. v\u00e6re hos en borger med kredsl\u00f8bsproblemer.<\/li><li><strong>Afhj\u00e6lpe h\u00e6velse:<\/strong>&nbsp;Lejring kan bruges til at afhj\u00e6lpe et \u00f8dem eller et lymf\u00f8dem i de tidligere stadier. Lejres ben eller arme over hjerteh\u00f8jde vil det v\u00e6re nemmere for kroppen at komme af med h\u00e6velserne, da tyngdep\u00e5virkningen, sammen med elevationen, vil hj\u00e6lpe v\u00e6sken med at l\u00f8be v\u00e6k.<\/li><li><strong>Smertelindring:<\/strong>&nbsp;Lejring kan lindre og skabe komfort hos personer med sv\u00e6re \u00f8demer eller lymf\u00f8demer i de sene stadier. Det er fortsat anbefalelsesv\u00e6rdigt at legemsdelen h\u00e6ves, men i visse tilf\u00e6lde vil smertelindring g\u00e5 forud. Her kan lejring med trykaflastende puder v\u00e6re en hj\u00e6lp.<br><\/li><\/ul>\n\n\n\n<p>Husk, at n\u00e5r der arbejdes med lejring i forbindelse med \u00f8demer og lymf\u00f8demer, er det som altid vigtigt at materialet, der lejres med, b\u00e5de sikrer stabilitet samt komfort. Hvis ikke der er stabilitet, vil effekten af lejringen udeblive, og ved \u00f8demer eller lymf\u00f8demer er det lige s\u00e5 vigtigt, at borgeren oplever en behagelig og komfortskabende lejring.<br><\/p>\n\n\n\n<figure class=\"wp-block-image size-large\"><img loading=\"lazy\" decoding=\"async\" width=\"750\" height=\"415\" src=\"https:\/\/www.directhealthcaregroup.com\/app\/uploads\/1-5.jpg\" alt=\"\" class=\"wp-image-176252\" srcset=\"https:\/\/www.directhealthcaregroup.com\/app\/uploads\/1-5.jpg 750w, https:\/\/www.directhealthcaregroup.com\/app\/uploads\/1-5-300x166.jpg 300w, https:\/\/www.directhealthcaregroup.com\/app\/uploads\/1-5-320x177.jpg 320w\" sizes=\"auto, (max-width: 750px) 100vw, 750px\" \/><\/figure>\n\n\n\n<p>Lejring af ben over hjerteh\u00f8jde. Lejringen kan anvendes forebyggende samt til afhj\u00e6lpning af allerede opst\u00e5et h\u00e6velse.<\/p>\n\n\n\n<p><strong>Anvendte puder:<\/strong>&nbsp;<a href=\"https:\/\/www.directhealthcaregroup.com\/da\/products\/lejrelet-pad-high\/\" target=\"_blank\" rel=\"noreferrer noopener\">LEJRELET Pad High<\/a>&nbsp;og&nbsp;<a href=\"https:\/\/www.directhealthcaregroup.com\/da\/products\/lejrelet-wedge\/\" target=\"_blank\" rel=\"noreferrer noopener\">Wedge<\/a><\/p>\n\n\n\n<div class=\"wp-block-image\"><figure class=\"aligncenter size-large\"><img loading=\"lazy\" decoding=\"async\" width=\"750\" height=\"415\" src=\"https:\/\/www.directhealthcaregroup.com\/app\/uploads\/2-2.jpg\" alt=\"\" class=\"wp-image-176241\" srcset=\"https:\/\/www.directhealthcaregroup.com\/app\/uploads\/2-2.jpg 750w, https:\/\/www.directhealthcaregroup.com\/app\/uploads\/2-2-300x166.jpg 300w, https:\/\/www.directhealthcaregroup.com\/app\/uploads\/2-2-320x177.jpg 320w\" sizes=\"auto, (max-width: 750px) 100vw, 750px\" \/><\/figure><\/div>\n\n\n\n<p>Lejring af ben over hjerteh\u00f8jde. Lejringen kan anvendes forebyggende samt til afhj\u00e6lpning af allerede opst\u00e5et h\u00e6velse.<\/p>\n\n\n\n<p><strong>Anvendt pude:<\/strong>&nbsp;<a href=\"https:\/\/www.directhealthcaregroup.com\/da\/products\/lejrelet-pad-high\/\" target=\"_blank\" rel=\"noreferrer noopener\">LEJRELET Pad High<\/a><\/p>\n\n\n\n<div class=\"wp-block-image\"><figure class=\"aligncenter size-large\"><img loading=\"lazy\" decoding=\"async\" width=\"750\" height=\"415\" src=\"https:\/\/www.directhealthcaregroup.com\/app\/uploads\/3-2.jpg\" alt=\"\" class=\"wp-image-176230\" srcset=\"https:\/\/www.directhealthcaregroup.com\/app\/uploads\/3-2.jpg 750w, https:\/\/www.directhealthcaregroup.com\/app\/uploads\/3-2-300x166.jpg 300w, https:\/\/www.directhealthcaregroup.com\/app\/uploads\/3-2-320x177.jpg 320w\" sizes=\"auto, (max-width: 750px) 100vw, 750px\" \/><\/figure><\/div>\n\n\n\n<p>Lejring af arm og h\u00e5nd over hjerteh\u00f8jde. Lejringen kan anvendes forebyggende samt til afhj\u00e6lpning af allerede opst\u00e5et h\u00e6velse f.eks. ved h\u00e5ndkirurgiske patienter.<\/p>\n\n\n\n<p><strong>Anvendt pude:<\/strong>&nbsp;<a href=\"https:\/\/www.directhealthcaregroup.com\/da\/products\/lejrelet-pad-high\/\" target=\"_blank\" rel=\"noreferrer noopener\">LEJRELET Pad High<\/a><\/p>\n\n\n\n<div class=\"wp-block-image\"><figure class=\"aligncenter size-large\"><img loading=\"lazy\" decoding=\"async\" width=\"750\" height=\"415\" src=\"https:\/\/www.directhealthcaregroup.com\/app\/uploads\/4-2.jpg\" alt=\"\" class=\"wp-image-176263\" srcset=\"https:\/\/www.directhealthcaregroup.com\/app\/uploads\/4-2.jpg 750w, https:\/\/www.directhealthcaregroup.com\/app\/uploads\/4-2-300x166.jpg 300w, https:\/\/www.directhealthcaregroup.com\/app\/uploads\/4-2-320x177.jpg 320w\" sizes=\"auto, (max-width: 750px) 100vw, 750px\" \/><\/figure><\/div>\n\n\n\n<p>Komfortabel og lindrende lejring ved lymf\u00f8dem p\u00e5 arme eller h\u00e6nder i de sene stadier.<\/p>\n\n\n\n<p><strong>Anvendt pude:<\/strong>&nbsp;<a href=\"https:\/\/www.directhealthcaregroup.com\/da\/products\/lejrelet-tube-250\/\" target=\"_blank\" rel=\"noreferrer noopener\">LEJRELET Tube 250<\/a><\/p>\n\n\n\n<div class=\"wp-block-image\"><figure class=\"aligncenter size-large\"><img loading=\"lazy\" decoding=\"async\" width=\"750\" height=\"415\" src=\"https:\/\/www.directhealthcaregroup.com\/app\/uploads\/5.jpg\" alt=\"\" class=\"wp-image-176274\" srcset=\"https:\/\/www.directhealthcaregroup.com\/app\/uploads\/5.jpg 750w, https:\/\/www.directhealthcaregroup.com\/app\/uploads\/5-300x166.jpg 300w, https:\/\/www.directhealthcaregroup.com\/app\/uploads\/5-320x177.jpg 320w\" sizes=\"auto, (max-width: 750px) 100vw, 750px\" \/><\/figure><\/div>\n\n\n\n<p>Komfortabel og lindrende lejring ved lymf\u00f8dem p\u00e5 ben, ankler eller f\u00f8dder i de sene stadier.<\/p>\n\n\n\n<p><strong>Anvendt pude:<\/strong>&nbsp;<a href=\"https:\/\/www.directhealthcaregroup.com\/da\/products\/lejrelet-tube-250\/\" target=\"_blank\" rel=\"noreferrer noopener\">LEJRELET Tube 250<\/a><\/p>\n","protected":false},"excerpt":{"rendered":"<p>Lejring kan v\u00e6re et brugbart v\u00e6rkt\u00f8j til forebyggelse, lindring og begr\u00e6nsning af h\u00e6velse, n\u00e5r der er opst\u00e5et et lymf\u00f8dem eller et \u00f8dem. Men hvorn\u00e5r kan det bruges og hvordan? F\u00e5 svaret samt konkrete eksempler p\u00e5 lejring i denne artikel. 8. april 2021 Af: Ergoterapeut, Pia Beck De fleste sundhedsprofessionelle ved, at lejring over hjerteh\u00f8jde er &hellip; <a href=\"https:\/\/www.directhealthcaregroup.com\/da\/176150-2\/\">Continued<\/a><\/p>\n","protected":false},"author":40,"featured_media":178041,"parent":0,"menu_order":0,"comment_status":"closed","ping_status":"closed","template":"","meta":{"_acf_changed":false,"footnotes":""},"class_list":["post-176150","page","type-page","status-publish","has-post-thumbnail","hentry"],"acf":[],"yoast_head":"<!-- This site is optimized with the Yoast SEO plugin v27.4 - https:\/\/yoast.com\/product\/yoast-seo-wordpress\/ -->\n<title>Lejring af \u00f8dem og lymf\u00f8dem \u2013 5 eksempler | DHG<\/title>\n<meta name=\"robots\" content=\"index, follow, max-snippet:-1, max-image-preview:large, max-video-preview:-1\" \/>\n<link rel=\"canonical\" href=\"https:\/\/www.directhealthcaregroup.com\/da\/176150-2\/\" \/>\n<meta property=\"og:locale\" content=\"da_DK\" \/>\n<meta property=\"og:type\" content=\"article\" \/>\n<meta property=\"og:title\" content=\"Lejring af \u00f8dem og lymf\u00f8dem \u2013 5 eksempler | DHG\" \/>\n<meta property=\"og:description\" content=\"Lejring kan v\u00e6re et brugbart v\u00e6rkt\u00f8j til forebyggelse, lindring og begr\u00e6nsning af h\u00e6velse, n\u00e5r der er opst\u00e5et et lymf\u00f8dem eller et \u00f8dem. Men hvorn\u00e5r kan det bruges og hvordan? F\u00e5 svaret samt konkrete eksempler p\u00e5 lejring i denne artikel. 8. april 2021 Af: Ergoterapeut, Pia Beck De fleste sundhedsprofessionelle ved, at lejring over hjerteh\u00f8jde er &hellip; Continued\" \/>\n<meta property=\"og:url\" content=\"https:\/\/www.directhealthcaregroup.com\/da\/176150-2\/\" \/>\n<meta property=\"og:site_name\" content=\"DHG\" \/>\n<meta property=\"article:modified_time\" content=\"2023-05-17T05:40:25+00:00\" \/>\n<meta property=\"og:image\" content=\"https:\/\/www.directhealthcaregroup.com\/app\/uploads\/lejring-af-odem-og-lymfodem-tb-transformed.jpeg\" \/>\n\t<meta property=\"og:image:width\" content=\"1000\" \/>\n\t<meta property=\"og:image:height\" content=\"250\" \/>\n\t<meta property=\"og:image:type\" content=\"image\/jpeg\" \/>\n<meta name=\"twitter:card\" content=\"summary_large_image\" \/>\n<meta name=\"twitter:label1\" content=\"Est. reading time\" \/>\n\t<meta name=\"twitter:data1\" content=\"5 minutes\" \/>\n<script type=\"application\/ld+json\" class=\"yoast-schema-graph\">{\"@context\":\"https:\\\/\\\/schema.org\",\"@graph\":[{\"@type\":\"WebPage\",\"@id\":\"https:\\\/\\\/www.directhealthcaregroup.com\\\/da\\\/176150-2\\\/\",\"url\":\"https:\\\/\\\/www.directhealthcaregroup.com\\\/da\\\/176150-2\\\/\",\"name\":\"Lejring af \u00f8dem og lymf\u00f8dem \u2013 5 eksempler | DHG\",\"isPartOf\":{\"@id\":\"https:\\\/\\\/www.directhealthcaregroup.com\\\/#website\"},\"primaryImageOfPage\":{\"@id\":\"https:\\\/\\\/www.directhealthcaregroup.com\\\/da\\\/176150-2\\\/#primaryimage\"},\"image\":{\"@id\":\"https:\\\/\\\/www.directhealthcaregroup.com\\\/da\\\/176150-2\\\/#primaryimage\"},\"thumbnailUrl\":\"https:\\\/\\\/www.directhealthcaregroup.com\\\/app\\\/uploads\\\/lejring-af-odem-og-lymfodem-tb-transformed.jpeg\",\"datePublished\":\"2023-03-23T10:22:42+00:00\",\"dateModified\":\"2023-05-17T05:40:25+00:00\",\"breadcrumb\":{\"@id\":\"https:\\\/\\\/www.directhealthcaregroup.com\\\/da\\\/176150-2\\\/#breadcrumb\"},\"inLanguage\":\"da-DK\",\"potentialAction\":[{\"@type\":\"ReadAction\",\"target\":[\"https:\\\/\\\/www.directhealthcaregroup.com\\\/da\\\/176150-2\\\/\"]}]},{\"@type\":\"ImageObject\",\"inLanguage\":\"da-DK\",\"@id\":\"https:\\\/\\\/www.directhealthcaregroup.com\\\/da\\\/176150-2\\\/#primaryimage\",\"url\":\"https:\\\/\\\/www.directhealthcaregroup.com\\\/app\\\/uploads\\\/lejring-af-odem-og-lymfodem-tb-transformed.jpeg\",\"contentUrl\":\"https:\\\/\\\/www.directhealthcaregroup.com\\\/app\\\/uploads\\\/lejring-af-odem-og-lymfodem-tb-transformed.jpeg\",\"width\":1000,\"height\":250},{\"@type\":\"BreadcrumbList\",\"@id\":\"https:\\\/\\\/www.directhealthcaregroup.com\\\/da\\\/176150-2\\\/#breadcrumb\",\"itemListElement\":[{\"@type\":\"ListItem\",\"position\":1,\"name\":\"Home\",\"item\":\"https:\\\/\\\/www.directhealthcaregroup.com\\\/da\\\/\"},{\"@type\":\"ListItem\",\"position\":2,\"name\":\"Lejring af \u00f8dem og lymf\u00f8dem \u2013 5 eksempler\"}]},{\"@type\":\"WebSite\",\"@id\":\"https:\\\/\\\/www.directhealthcaregroup.com\\\/#website\",\"url\":\"https:\\\/\\\/www.directhealthcaregroup.com\\\/\",\"name\":\"DHG\",\"description\":\"Moving Health Forward\",\"publisher\":{\"@id\":\"https:\\\/\\\/www.directhealthcaregroup.com\\\/#organization\"},\"potentialAction\":[{\"@type\":\"SearchAction\",\"target\":{\"@type\":\"EntryPoint\",\"urlTemplate\":\"https:\\\/\\\/www.directhealthcaregroup.com\\\/?s={search_term_string}\"},\"query-input\":{\"@type\":\"PropertyValueSpecification\",\"valueRequired\":true,\"valueName\":\"search_term_string\"}}],\"inLanguage\":\"da-DK\"},{\"@type\":\"Organization\",\"@id\":\"https:\\\/\\\/www.directhealthcaregroup.com\\\/#organization\",\"name\":\"Direct Healthcare Group\",\"url\":\"https:\\\/\\\/www.directhealthcaregroup.com\\\/\",\"logo\":{\"@type\":\"ImageObject\",\"inLanguage\":\"da-DK\",\"@id\":\"https:\\\/\\\/www.directhealthcaregroup.com\\\/#\\\/schema\\\/logo\\\/image\\\/\",\"url\":\"https:\\\/\\\/directhealthcaregroup.com\\\/app\\\/uploads\\\/dhg-logo.png\",\"contentUrl\":\"https:\\\/\\\/directhealthcaregroup.com\\\/app\\\/uploads\\\/dhg-logo.png\",\"width\":556,\"height\":240,\"caption\":\"Direct Healthcare Group\"},\"image\":{\"@id\":\"https:\\\/\\\/www.directhealthcaregroup.com\\\/#\\\/schema\\\/logo\\\/image\\\/\"}}]}<\/script>\n<!-- \/ Yoast SEO plugin. -->","yoast_head_json":{"title":"Lejring af \u00f8dem og lymf\u00f8dem \u2013 5 eksempler | DHG","robots":{"index":"index","follow":"follow","max-snippet":"max-snippet:-1","max-image-preview":"max-image-preview:large","max-video-preview":"max-video-preview:-1"},"canonical":"https:\/\/www.directhealthcaregroup.com\/da\/176150-2\/","og_locale":"da_DK","og_type":"article","og_title":"Lejring af \u00f8dem og lymf\u00f8dem \u2013 5 eksempler | DHG","og_description":"Lejring kan v\u00e6re et brugbart v\u00e6rkt\u00f8j til forebyggelse, lindring og begr\u00e6nsning af h\u00e6velse, n\u00e5r der er opst\u00e5et et lymf\u00f8dem eller et \u00f8dem. Men hvorn\u00e5r kan det bruges og hvordan? F\u00e5 svaret samt konkrete eksempler p\u00e5 lejring i denne artikel. 8. april 2021 Af: Ergoterapeut, Pia Beck De fleste sundhedsprofessionelle ved, at lejring over hjerteh\u00f8jde er &hellip; Continued","og_url":"https:\/\/www.directhealthcaregroup.com\/da\/176150-2\/","og_site_name":"DHG","article_modified_time":"2023-05-17T05:40:25+00:00","og_image":[{"width":1000,"height":250,"url":"https:\/\/www.directhealthcaregroup.com\/app\/uploads\/lejring-af-odem-og-lymfodem-tb-transformed.jpeg","type":"image\/jpeg"}],"twitter_card":"summary_large_image","twitter_misc":{"Est. reading time":"5 minutes"},"schema":{"@context":"https:\/\/schema.org","@graph":[{"@type":"WebPage","@id":"https:\/\/www.directhealthcaregroup.com\/da\/176150-2\/","url":"https:\/\/www.directhealthcaregroup.com\/da\/176150-2\/","name":"Lejring af \u00f8dem og lymf\u00f8dem \u2013 5 eksempler | DHG","isPartOf":{"@id":"https:\/\/www.directhealthcaregroup.com\/#website"},"primaryImageOfPage":{"@id":"https:\/\/www.directhealthcaregroup.com\/da\/176150-2\/#primaryimage"},"image":{"@id":"https:\/\/www.directhealthcaregroup.com\/da\/176150-2\/#primaryimage"},"thumbnailUrl":"https:\/\/www.directhealthcaregroup.com\/app\/uploads\/lejring-af-odem-og-lymfodem-tb-transformed.jpeg","datePublished":"2023-03-23T10:22:42+00:00","dateModified":"2023-05-17T05:40:25+00:00","breadcrumb":{"@id":"https:\/\/www.directhealthcaregroup.com\/da\/176150-2\/#breadcrumb"},"inLanguage":"da-DK","potentialAction":[{"@type":"ReadAction","target":["https:\/\/www.directhealthcaregroup.com\/da\/176150-2\/"]}]},{"@type":"ImageObject","inLanguage":"da-DK","@id":"https:\/\/www.directhealthcaregroup.com\/da\/176150-2\/#primaryimage","url":"https:\/\/www.directhealthcaregroup.com\/app\/uploads\/lejring-af-odem-og-lymfodem-tb-transformed.jpeg","contentUrl":"https:\/\/www.directhealthcaregroup.com\/app\/uploads\/lejring-af-odem-og-lymfodem-tb-transformed.jpeg","width":1000,"height":250},{"@type":"BreadcrumbList","@id":"https:\/\/www.directhealthcaregroup.com\/da\/176150-2\/#breadcrumb","itemListElement":[{"@type":"ListItem","position":1,"name":"Home","item":"https:\/\/www.directhealthcaregroup.com\/da\/"},{"@type":"ListItem","position":2,"name":"Lejring af \u00f8dem og lymf\u00f8dem \u2013 5 eksempler"}]},{"@type":"WebSite","@id":"https:\/\/www.directhealthcaregroup.com\/#website","url":"https:\/\/www.directhealthcaregroup.com\/","name":"DHG","description":"Moving Health Forward","publisher":{"@id":"https:\/\/www.directhealthcaregroup.com\/#organization"},"potentialAction":[{"@type":"SearchAction","target":{"@type":"EntryPoint","urlTemplate":"https:\/\/www.directhealthcaregroup.com\/?s={search_term_string}"},"query-input":{"@type":"PropertyValueSpecification","valueRequired":true,"valueName":"search_term_string"}}],"inLanguage":"da-DK"},{"@type":"Organization","@id":"https:\/\/www.directhealthcaregroup.com\/#organization","name":"Direct Healthcare Group","url":"https:\/\/www.directhealthcaregroup.com\/","logo":{"@type":"ImageObject","inLanguage":"da-DK","@id":"https:\/\/www.directhealthcaregroup.com\/#\/schema\/logo\/image\/","url":"https:\/\/directhealthcaregroup.com\/app\/uploads\/dhg-logo.png","contentUrl":"https:\/\/directhealthcaregroup.com\/app\/uploads\/dhg-logo.png","width":556,"height":240,"caption":"Direct Healthcare Group"},"image":{"@id":"https:\/\/www.directhealthcaregroup.com\/#\/schema\/logo\/image\/"}}]}},"_links":{"self":[{"href":"https:\/\/www.directhealthcaregroup.com\/da\/wp-json\/wp\/v2\/pages\/176150","targetHints":{"allow":["GET"]}}],"collection":[{"href":"https:\/\/www.directhealthcaregroup.com\/da\/wp-json\/wp\/v2\/pages"}],"about":[{"href":"https:\/\/www.directhealthcaregroup.com\/da\/wp-json\/wp\/v2\/types\/page"}],"author":[{"embeddable":true,"href":"https:\/\/www.directhealthcaregroup.com\/da\/wp-json\/wp\/v2\/users\/40"}],"replies":[{"embeddable":true,"href":"https:\/\/www.directhealthcaregroup.com\/da\/wp-json\/wp\/v2\/comments?post=176150"}],"version-history":[{"count":4,"href":"https:\/\/www.directhealthcaregroup.com\/da\/wp-json\/wp\/v2\/pages\/176150\/revisions"}],"predecessor-version":[{"id":183719,"href":"https:\/\/www.directhealthcaregroup.com\/da\/wp-json\/wp\/v2\/pages\/176150\/revisions\/183719"}],"wp:featuredmedia":[{"embeddable":true,"href":"https:\/\/www.directhealthcaregroup.com\/da\/wp-json\/wp\/v2\/media\/178041"}],"wp:attachment":[{"href":"https:\/\/www.directhealthcaregroup.com\/da\/wp-json\/wp\/v2\/media?parent=176150"}],"curies":[{"name":"wp","href":"https:\/\/api.w.org\/{rel}","templated":true}]}}