{"id":176298,"date":"2023-03-23T10:37:09","date_gmt":"2023-03-23T10:37:09","guid":{"rendered":"https:\/\/www.directhealthcaregroup.com\/?page_id=176298"},"modified":"2023-05-17T06:39:47","modified_gmt":"2023-05-17T05:39:47","slug":"176298-2","status":"publish","type":"page","link":"https:\/\/www.directhealthcaregroup.com\/da\/viden-og-evidens\/176298-2\/","title":{"rendered":"Der var n\u00f8dt til at v\u00e6re VENDLET"},"content":{"rendered":"\n<h1 class=\"wp-block-heading\"><\/h1>\n\n\n\n<p>\u201dAlle har kunnet m\u00e6rke effekten med det samme. Det har givet meget st\u00f8rre tilfredshed og mindre belastning,\u201d fort\u00e6ller Lene, der er funktionsleder i botilbuddet Skovhuset.<\/p>\n\n\n\n<p>5. april 2021<\/p>\n\n\n\n<p>P\u00e5 institutionen Skovhuset i Silkeborg, var funktionsleder, Lene Havn, ikke i tvivl om, at der skulle et VENDLET system til, da huset fik en ny beboer.<\/p>\n\n\n\n<p>Skovhuset er et botilbud for voksne med senhjerneskader og enkelte beboere har psykiatriske diagnoser. Beboerne sp\u00e6nder derfor bredt, men f\u00e6lles for dem er, at de ikke er begr\u00e6nsede i deres mobilitet.<\/p>\n\n\n\n<p>Derfor skilte en ny beboer sig ud, da han kom til Skovhuset efter 1,5 \u00e5r p\u00e5 rehabilitering. Han sidder nemlig i k\u00f8restol og kan kun l\u00f8fte venstre h\u00e5nd en smule: \u201dMed meget st\u00f8tte og hj\u00e6lp kan han t\u00f8rre sig om munden, men fra nakken og ned har han stor spasticitet og skader p\u00e5 nervebanerne,\u201d fort\u00e6ller Lene.<\/p>\n\n\n\n<p>Derfor kr\u00e6vede denne beboer mere hj\u00e6lp til forflytning og mobilisering, hvilket var nye plejeopgaver for mange af Skovhusets medarbejdere. \u201dHan er meget h\u00f8j og normalv\u00e6gtig. Men fordi han er s\u00e5 spastisk og ikke kan hj\u00e6lpe til selv, er det en meget tung forflytningsopgave,\u201d fort\u00e6ller Lene.<\/p>\n\n\n\n<p>S\u00e5 da en APV fra Skovhuset viste, at der var flere medarbejdere, der havde f\u00e5et smerter i skulder og ryg, var Lene hurtig til at reagere. \u201dDet var forventeligt, at der ville komme noget p\u00e5 APV\u2019en, simpelthen fordi han skiller sig s\u00e5 meget ud fra vores andre beboere,\u201d fort\u00e6ller Lene, og uddyber: \u201dS\u00e5 hvis jeg p\u00e5 nogen m\u00e5de skulle kunne passe p\u00e5 personalet arbejdsmilj\u00f8m\u00e6ssigt og fastholde personalet, s\u00e5 kunne jeg se, at der var n\u00f8dt til at komme VENDLET inde hos ham.\u201d<\/p>\n\n\n\n<p>Dette baserede Lene p\u00e5 sine positive erfaringer fra botilbuddet Solbakkevej, hvor hun ogs\u00e5 er leder. Her fik de sidste \u00e5r tre VENDLET systemer. \u201dPersonalet var i starten meget kritiske over for det, men nu er de meget glade for det,\u201d fort\u00e6ller hun.<\/p>\n\n\n\n<p>Derfor var Lene ogs\u00e5 sikker p\u00e5, at VENDLET ville v\u00e6re en god l\u00f8sning i Skovhuset. Heldigvis fik hun hurtigt opbakning fra Arbejdsmilj\u00f8repr\u00e6sentanten og Tillidsrepr\u00e6sentanten, der begge kunne se behovet for VENDLET, og systemet blev derfor bevilliget p\u00e5 arbejdsmilj\u00f8kontoen.<\/p>\n\n\n\n<p>En konsulent fra Vendlet ApS, kom efterf\u00f8lgende og monterede systemet og underviste personalet i, hvordan det bruges.<\/p>\n\n\n\n<p>\u201dEfterf\u00f8lgende har personalet kunnet ringe til ham, hvis der var tvivl, og s\u00e5 har han faktisk kunnet guide over telefonen. Det har fungeret super-godt,\u201d fort\u00e6ller Lene og forts\u00e6tter: \u201dJeg oplever den service, jeg har f\u00e5et, som super-god. Vendlet svarer altid hurtigt, og holder det de lover.\u201d<\/p>\n\n\n\n<p>Og heldigvis er investeringen godt givet ud for Skovhuset: \u201dAlle har kunnet m\u00e6rke effekten med det samme. Det har givet meget st\u00f8rre tilfredshed og mindre belastning,\u201d fort\u00e6ller Lene og forts\u00e6tter: \u201dJeg havde en medarbejder, der var sygemeldt med skulderproblemer, og hun kan tydeligt m\u00e6rke en forskel.\u201d<\/p>\n","protected":false},"excerpt":{"rendered":"<p>\u201dAlle har kunnet m\u00e6rke effekten med det samme. Det har givet meget st\u00f8rre tilfredshed og mindre belastning,\u201d fort\u00e6ller Lene, der er funktionsleder i botilbuddet Skovhuset. 5. april 2021 P\u00e5 institutionen Skovhuset i Silkeborg, var funktionsleder, Lene Havn, ikke i tvivl om, at der skulle et VENDLET system til, da huset fik en ny beboer. Skovhuset &hellip; <a href=\"https:\/\/www.directhealthcaregroup.com\/da\/viden-og-evidens\/176298-2\/\">Continued<\/a><\/p>\n","protected":false},"author":40,"featured_media":177129,"parent":174696,"menu_order":17,"comment_status":"closed","ping_status":"closed","template":"","meta":{"_acf_changed":false,"footnotes":""},"class_list":["post-176298","page","type-page","status-publish","has-post-thumbnail","hentry"],"acf":[],"yoast_head":"<!-- This site is optimized with the Yoast SEO plugin v27.4 - https:\/\/yoast.com\/product\/yoast-seo-wordpress\/ -->\n<title>Der var n\u00f8dt til at v\u00e6re VENDLET | DHG<\/title>\n<meta name=\"robots\" content=\"index, follow, max-snippet:-1, max-image-preview:large, max-video-preview:-1\" \/>\n<link rel=\"canonical\" href=\"https:\/\/www.directhealthcaregroup.com\/da\/viden-og-evidens\/176298-2\/\" \/>\n<meta property=\"og:locale\" content=\"da_DK\" \/>\n<meta property=\"og:type\" content=\"article\" \/>\n<meta property=\"og:title\" content=\"Der var n\u00f8dt til at v\u00e6re VENDLET | DHG\" \/>\n<meta property=\"og:description\" content=\"\u201dAlle har kunnet m\u00e6rke effekten med det samme. Det har givet meget st\u00f8rre tilfredshed og mindre belastning,\u201d fort\u00e6ller Lene, der er funktionsleder i botilbuddet Skovhuset. 5. april 2021 P\u00e5 institutionen Skovhuset i Silkeborg, var funktionsleder, Lene Havn, ikke i tvivl om, at der skulle et VENDLET system til, da huset fik en ny beboer. Skovhuset &hellip; Continued\" \/>\n<meta property=\"og:url\" content=\"https:\/\/www.directhealthcaregroup.com\/da\/viden-og-evidens\/176298-2\/\" \/>\n<meta property=\"og:site_name\" content=\"DHG\" \/>\n<meta property=\"article:modified_time\" content=\"2023-05-17T05:39:47+00:00\" \/>\n<meta property=\"og:image\" content=\"https:\/\/www.directhealthcaregroup.com\/app\/uploads\/skovhuset-ob-1.jpg\" \/>\n\t<meta property=\"og:image:width\" content=\"500\" \/>\n\t<meta property=\"og:image:height\" content=\"250\" \/>\n\t<meta property=\"og:image:type\" content=\"image\/jpeg\" \/>\n<meta name=\"twitter:card\" content=\"summary_large_image\" \/>\n<meta name=\"twitter:label1\" content=\"Est. reading time\" \/>\n\t<meta name=\"twitter:data1\" content=\"2 minutes\" \/>\n<script type=\"application\/ld+json\" class=\"yoast-schema-graph\">{\"@context\":\"https:\\\/\\\/schema.org\",\"@graph\":[{\"@type\":\"WebPage\",\"@id\":\"https:\\\/\\\/www.directhealthcaregroup.com\\\/da\\\/viden-og-evidens\\\/176298-2\\\/\",\"url\":\"https:\\\/\\\/www.directhealthcaregroup.com\\\/da\\\/viden-og-evidens\\\/176298-2\\\/\",\"name\":\"Der var n\u00f8dt til at v\u00e6re VENDLET | DHG\",\"isPartOf\":{\"@id\":\"https:\\\/\\\/www.directhealthcaregroup.com\\\/#website\"},\"primaryImageOfPage\":{\"@id\":\"https:\\\/\\\/www.directhealthcaregroup.com\\\/da\\\/viden-og-evidens\\\/176298-2\\\/#primaryimage\"},\"image\":{\"@id\":\"https:\\\/\\\/www.directhealthcaregroup.com\\\/da\\\/viden-og-evidens\\\/176298-2\\\/#primaryimage\"},\"thumbnailUrl\":\"https:\\\/\\\/www.directhealthcaregroup.com\\\/app\\\/uploads\\\/skovhuset-ob-1.jpg\",\"datePublished\":\"2023-03-23T10:37:09+00:00\",\"dateModified\":\"2023-05-17T05:39:47+00:00\",\"breadcrumb\":{\"@id\":\"https:\\\/\\\/www.directhealthcaregroup.com\\\/da\\\/viden-og-evidens\\\/176298-2\\\/#breadcrumb\"},\"inLanguage\":\"da-DK\",\"potentialAction\":[{\"@type\":\"ReadAction\",\"target\":[\"https:\\\/\\\/www.directhealthcaregroup.com\\\/da\\\/viden-og-evidens\\\/176298-2\\\/\"]}]},{\"@type\":\"ImageObject\",\"inLanguage\":\"da-DK\",\"@id\":\"https:\\\/\\\/www.directhealthcaregroup.com\\\/da\\\/viden-og-evidens\\\/176298-2\\\/#primaryimage\",\"url\":\"https:\\\/\\\/www.directhealthcaregroup.com\\\/app\\\/uploads\\\/skovhuset-ob-1.jpg\",\"contentUrl\":\"https:\\\/\\\/www.directhealthcaregroup.com\\\/app\\\/uploads\\\/skovhuset-ob-1.jpg\",\"width\":500,\"height\":250},{\"@type\":\"BreadcrumbList\",\"@id\":\"https:\\\/\\\/www.directhealthcaregroup.com\\\/da\\\/viden-og-evidens\\\/176298-2\\\/#breadcrumb\",\"itemListElement\":[{\"@type\":\"ListItem\",\"position\":1,\"name\":\"Home\",\"item\":\"https:\\\/\\\/www.directhealthcaregroup.com\\\/da\\\/\"},{\"@type\":\"ListItem\",\"position\":2,\"name\":\"VIDEN OG EVIDENS\",\"item\":\"https:\\\/\\\/www.directhealthcaregroup.com\\\/da\\\/viden-og-evidens\\\/\"},{\"@type\":\"ListItem\",\"position\":3,\"name\":\"Der var n\u00f8dt til at v\u00e6re VENDLET\"}]},{\"@type\":\"WebSite\",\"@id\":\"https:\\\/\\\/www.directhealthcaregroup.com\\\/#website\",\"url\":\"https:\\\/\\\/www.directhealthcaregroup.com\\\/\",\"name\":\"DHG\",\"description\":\"Moving Health Forward\",\"publisher\":{\"@id\":\"https:\\\/\\\/www.directhealthcaregroup.com\\\/#organization\"},\"potentialAction\":[{\"@type\":\"SearchAction\",\"target\":{\"@type\":\"EntryPoint\",\"urlTemplate\":\"https:\\\/\\\/www.directhealthcaregroup.com\\\/?s={search_term_string}\"},\"query-input\":{\"@type\":\"PropertyValueSpecification\",\"valueRequired\":true,\"valueName\":\"search_term_string\"}}],\"inLanguage\":\"da-DK\"},{\"@type\":\"Organization\",\"@id\":\"https:\\\/\\\/www.directhealthcaregroup.com\\\/#organization\",\"name\":\"Direct Healthcare Group\",\"url\":\"https:\\\/\\\/www.directhealthcaregroup.com\\\/\",\"logo\":{\"@type\":\"ImageObject\",\"inLanguage\":\"da-DK\",\"@id\":\"https:\\\/\\\/www.directhealthcaregroup.com\\\/#\\\/schema\\\/logo\\\/image\\\/\",\"url\":\"https:\\\/\\\/directhealthcaregroup.com\\\/app\\\/uploads\\\/dhg-logo.png\",\"contentUrl\":\"https:\\\/\\\/directhealthcaregroup.com\\\/app\\\/uploads\\\/dhg-logo.png\",\"width\":556,\"height\":240,\"caption\":\"Direct Healthcare Group\"},\"image\":{\"@id\":\"https:\\\/\\\/www.directhealthcaregroup.com\\\/#\\\/schema\\\/logo\\\/image\\\/\"}}]}<\/script>\n<!-- \/ Yoast SEO plugin. -->","yoast_head_json":{"title":"Der var n\u00f8dt til at v\u00e6re VENDLET | DHG","robots":{"index":"index","follow":"follow","max-snippet":"max-snippet:-1","max-image-preview":"max-image-preview:large","max-video-preview":"max-video-preview:-1"},"canonical":"https:\/\/www.directhealthcaregroup.com\/da\/viden-og-evidens\/176298-2\/","og_locale":"da_DK","og_type":"article","og_title":"Der var n\u00f8dt til at v\u00e6re VENDLET | DHG","og_description":"\u201dAlle har kunnet m\u00e6rke effekten med det samme. Det har givet meget st\u00f8rre tilfredshed og mindre belastning,\u201d fort\u00e6ller Lene, der er funktionsleder i botilbuddet Skovhuset. 5. april 2021 P\u00e5 institutionen Skovhuset i Silkeborg, var funktionsleder, Lene Havn, ikke i tvivl om, at der skulle et VENDLET system til, da huset fik en ny beboer. Skovhuset &hellip; Continued","og_url":"https:\/\/www.directhealthcaregroup.com\/da\/viden-og-evidens\/176298-2\/","og_site_name":"DHG","article_modified_time":"2023-05-17T05:39:47+00:00","og_image":[{"width":500,"height":250,"url":"https:\/\/www.directhealthcaregroup.com\/app\/uploads\/skovhuset-ob-1.jpg","type":"image\/jpeg"}],"twitter_card":"summary_large_image","twitter_misc":{"Est. reading time":"2 minutes"},"schema":{"@context":"https:\/\/schema.org","@graph":[{"@type":"WebPage","@id":"https:\/\/www.directhealthcaregroup.com\/da\/viden-og-evidens\/176298-2\/","url":"https:\/\/www.directhealthcaregroup.com\/da\/viden-og-evidens\/176298-2\/","name":"Der var n\u00f8dt til at v\u00e6re VENDLET | DHG","isPartOf":{"@id":"https:\/\/www.directhealthcaregroup.com\/#website"},"primaryImageOfPage":{"@id":"https:\/\/www.directhealthcaregroup.com\/da\/viden-og-evidens\/176298-2\/#primaryimage"},"image":{"@id":"https:\/\/www.directhealthcaregroup.com\/da\/viden-og-evidens\/176298-2\/#primaryimage"},"thumbnailUrl":"https:\/\/www.directhealthcaregroup.com\/app\/uploads\/skovhuset-ob-1.jpg","datePublished":"2023-03-23T10:37:09+00:00","dateModified":"2023-05-17T05:39:47+00:00","breadcrumb":{"@id":"https:\/\/www.directhealthcaregroup.com\/da\/viden-og-evidens\/176298-2\/#breadcrumb"},"inLanguage":"da-DK","potentialAction":[{"@type":"ReadAction","target":["https:\/\/www.directhealthcaregroup.com\/da\/viden-og-evidens\/176298-2\/"]}]},{"@type":"ImageObject","inLanguage":"da-DK","@id":"https:\/\/www.directhealthcaregroup.com\/da\/viden-og-evidens\/176298-2\/#primaryimage","url":"https:\/\/www.directhealthcaregroup.com\/app\/uploads\/skovhuset-ob-1.jpg","contentUrl":"https:\/\/www.directhealthcaregroup.com\/app\/uploads\/skovhuset-ob-1.jpg","width":500,"height":250},{"@type":"BreadcrumbList","@id":"https:\/\/www.directhealthcaregroup.com\/da\/viden-og-evidens\/176298-2\/#breadcrumb","itemListElement":[{"@type":"ListItem","position":1,"name":"Home","item":"https:\/\/www.directhealthcaregroup.com\/da\/"},{"@type":"ListItem","position":2,"name":"VIDEN OG EVIDENS","item":"https:\/\/www.directhealthcaregroup.com\/da\/viden-og-evidens\/"},{"@type":"ListItem","position":3,"name":"Der var n\u00f8dt til at v\u00e6re VENDLET"}]},{"@type":"WebSite","@id":"https:\/\/www.directhealthcaregroup.com\/#website","url":"https:\/\/www.directhealthcaregroup.com\/","name":"DHG","description":"Moving Health Forward","publisher":{"@id":"https:\/\/www.directhealthcaregroup.com\/#organization"},"potentialAction":[{"@type":"SearchAction","target":{"@type":"EntryPoint","urlTemplate":"https:\/\/www.directhealthcaregroup.com\/?s={search_term_string}"},"query-input":{"@type":"PropertyValueSpecification","valueRequired":true,"valueName":"search_term_string"}}],"inLanguage":"da-DK"},{"@type":"Organization","@id":"https:\/\/www.directhealthcaregroup.com\/#organization","name":"Direct Healthcare Group","url":"https:\/\/www.directhealthcaregroup.com\/","logo":{"@type":"ImageObject","inLanguage":"da-DK","@id":"https:\/\/www.directhealthcaregroup.com\/#\/schema\/logo\/image\/","url":"https:\/\/directhealthcaregroup.com\/app\/uploads\/dhg-logo.png","contentUrl":"https:\/\/directhealthcaregroup.com\/app\/uploads\/dhg-logo.png","width":556,"height":240,"caption":"Direct Healthcare Group"},"image":{"@id":"https:\/\/www.directhealthcaregroup.com\/#\/schema\/logo\/image\/"}}]}},"_links":{"self":[{"href":"https:\/\/www.directhealthcaregroup.com\/da\/wp-json\/wp\/v2\/pages\/176298","targetHints":{"allow":["GET"]}}],"collection":[{"href":"https:\/\/www.directhealthcaregroup.com\/da\/wp-json\/wp\/v2\/pages"}],"about":[{"href":"https:\/\/www.directhealthcaregroup.com\/da\/wp-json\/wp\/v2\/types\/page"}],"author":[{"embeddable":true,"href":"https:\/\/www.directhealthcaregroup.com\/da\/wp-json\/wp\/v2\/users\/40"}],"replies":[{"embeddable":true,"href":"https:\/\/www.directhealthcaregroup.com\/da\/wp-json\/wp\/v2\/comments?post=176298"}],"version-history":[{"count":4,"href":"https:\/\/www.directhealthcaregroup.com\/da\/wp-json\/wp\/v2\/pages\/176298\/revisions"}],"predecessor-version":[{"id":183718,"href":"https:\/\/www.directhealthcaregroup.com\/da\/wp-json\/wp\/v2\/pages\/176298\/revisions\/183718"}],"up":[{"embeddable":true,"href":"https:\/\/www.directhealthcaregroup.com\/da\/wp-json\/wp\/v2\/pages\/174696"}],"wp:featuredmedia":[{"embeddable":true,"href":"https:\/\/www.directhealthcaregroup.com\/da\/wp-json\/wp\/v2\/media\/177129"}],"wp:attachment":[{"href":"https:\/\/www.directhealthcaregroup.com\/da\/wp-json\/wp\/v2\/media?parent=176298"}],"curies":[{"name":"wp","href":"https:\/\/api.w.org\/{rel}","templated":true}]}}