{"id":176324,"date":"2023-03-23T11:22:16","date_gmt":"2023-03-23T11:22:16","guid":{"rendered":"https:\/\/www.directhealthcaregroup.com\/?page_id=176324"},"modified":"2023-05-17T06:39:06","modified_gmt":"2023-05-17T05:39:06","slug":"176324-2","status":"publish","type":"page","link":"https:\/\/www.directhealthcaregroup.com\/da\/viden-og-evidens\/176324-2\/","title":{"rendered":"Nybegynderens guide til VENDLET"},"content":{"rendered":"\n<h1 class=\"wp-block-heading\"><\/h1>\n\n\n\n<p>Selvom VENDLET systemet har mere end 35 \u00e5r bag sig, s\u00e5 er der fortsat nogen, der oplever at skulle bruge VENDLET for f\u00f8rste gang. M\u00e5ske du er nyuddannet, har skiftet arbejde eller af helt tilf\u00e6ldige \u00e5rsager, aldrig har haft et VENDLET system \u2019i h\u00e5nden\u2019 f\u00f8r. Til dig har vi her samlet nogle generelle r\u00e5d, som g\u00f8r det muligt for dig at skabe en ensartet og rolig forflytning fra starten.<\/p>\n\n\n\n<p>2. marts 2021<\/p>\n\n\n\n<p>Af: Ergoterapeut, Pia Beck<\/p>\n\n\n\n<p>Som ny i \u2019VENDLET-verdenen\u2019 er der nogle generelle tips og tricks,&nbsp;du kan v\u00e6re opm\u00e6rksom p\u00e5, n\u00e5r du anvender hj\u00e6lpemidlet. Samtidigt har du m\u00e5ske ogs\u00e5 nogle bekymringer, som vi med det samme kan f\u00e5 sl\u00e5et til jorden. S\u00e5 lad os komme i gang!<br><\/p>\n\n\n\n<h2 class=\"wp-block-heading\"><strong>1. Nej, der er ikke risiko for, at du kommer til at rulle nogen p\u00e5 gulvet!<\/strong><\/h2>\n\n\n\n<h3 class=\"wp-block-heading\"><strong>&#8211; LAD OS F\u00c5 D\u00c9T P\u00c5 DET RENE MED DET SAMME!<\/strong><\/h3>\n\n\n\n<p>N\u00e5r vi er ude for at undervise en personalegruppe i brugen af VENDLET, er der som regel en enkelt medarbejder, der kan have denne bekymring; \u201dKan jeg ikke komme til at rulle borgeren p\u00e5 gulvet?\u201d&nbsp;Der kan godt g\u00e5 lidt tid inden vedkommende, m\u00e5ske lidt t\u00f8vende, f\u00e5r fremstammet sp\u00f8rgsm\u00e5let, men den er n\u00e6sten sikker hver gang. Og er der \u00e9n, der har den bekymring, er der nok flere. Derfor kan vi lige s\u00e5 godt f\u00e5 den ryddet af vejen med det samme!<\/p>\n\n\n\n<p>Der er en forsvindende lille risiko for, at du kommer til at rulle en patient eller borger p\u00e5 gulvet. Ja, det er faktisk n\u00e6sten umuligt. For at det skal kunne lade sig g\u00f8re, skal du blive ved med at holde knappen inde, selvom du ser, at borgeren er langt ude over kanten af sengen. Samtidigt skal du fuldst\u00e6ndigt ignorere borgerens fysiske og verbale protester mod at h\u00e6nge halvvejs ude over motorrullen.<\/p>\n\n\n\n<p>S\u00e5dan en situation opst\u00e5r kun, hvis du slet ikke er opm\u00e6rksom p\u00e5, hvad du laver, eller hvis du st\u00e5r med ryggen til borgeren med \u00f8repropper i. Og det har vi alligevel aldrig h\u00f8rt er&nbsp;sket.<br><\/p>\n\n\n\n<h2 class=\"wp-block-heading\"><strong>2. V\u00e6r ikke bange for at trykke p\u00e5 en forkert knap<\/strong><\/h2>\n\n\n\n<h3 class=\"wp-block-heading\"><strong>\u2013 DU OPDAGER DET HURTIGT, OG DER KAN IKKE N\u00c5 AT SKE NOGET (MEDMINDRE DU SOVER I TIMEN)<\/strong><\/h3>\n\n\n\n<p>S\u00e5 snart du slipper knappen igen, stopper systemet. Dvs. at lige s\u00e5 snart du opdager, at du trykker p\u00e5 den forkerte knap, slipper du blot igen, og der er ikke sket noget forkert. Der g\u00e5r ikke mere end et par sekunder f\u00f8r du opdager dette og p\u00e5 den tid, n\u00e5r du knap nok at forflytte borgeren eller patienten et par millimeter, da tr\u00e6kket p\u00e5 VENDLET systemet f\u00f8rst lige skal i gang.<\/p>\n\n\n\n<p>Du kan alts\u00e5 v\u00e6re helt tryg ved at \u2019pr\u00f8ve dig frem\u2019, hvis du i starten kigger lidt forvirret p\u00e5 h\u00e5ndbetjeningen og ikke helt ved, hvor du lige skal trykke. Hvis du har mulighed for det, er det dog altid en god id\u00e9, at du \u00f8ver dig med en kollega, inden du g\u00e5r i gang hos borgeren.<br><\/p>\n\n\n\n<h2 class=\"wp-block-heading\"><strong>3. Husk de tre trin i forflytningen<\/strong><\/h2>\n\n\n\n<h3 class=\"wp-block-heading\"><strong>&#8211; N\u00c5R DU SKAL VENDE EN BORGER ELLER PATIENT FRA RYG- TIL SIDELEJE, ER DER BLOT TRE TRIN, DU SKAL HUSKE:<\/strong><\/h3>\n\n\n\n<ol class=\"wp-block-list\"><li>H\u00e6v motorrullen t\u00e6ttest p\u00e5 dig selv og stram lagnet ind p\u00e5 motorrullen. N\u00e5r borgeren kommer t\u00e6ttere over mod dig, flytter du borgerens ene arm ind over borgerens bryst.<\/li><li>Flyt derefter borgerens anden arm ud til siden, s\u00e5 han\/hun ikke kommer til at ligge direkte p\u00e5 skulderen (lige som du selv g\u00f8r, n\u00e5r du l\u00e6gger dig p\u00e5 siden).<\/li><li>Forskyd borgerens \u00f8verste ben ind over det nederste ben, n\u00e5r du n\u00e5r \u2019vippepunktet\u2019. G\u00f8r du det for tidligt vil det kr\u00e6ve for mange kr\u00e6fter for dig (og det er jo det, vi gerne vil undg\u00e5), og g\u00f8r du det for sent, vil du komme til at vende borgeren om p\u00e5 maven. Efter lidt \u00f8velse kan du m\u00e6rke \u2019vippepunktet\u2019 uden at t\u00e6nke over det.<br><\/li><\/ol>\n\n\n\n<div class=\"wp-block-image\"><figure class=\"aligncenter size-large\"><img loading=\"lazy\" decoding=\"async\" width=\"750\" height=\"415\" src=\"https:\/\/www.directhealthcaregroup.com\/app\/uploads\/trin-1-vending-i-sengen-med-hjaelpemidlet-vendlet-standard-940x520-1.jpg\" alt=\"\" class=\"wp-image-176337\" srcset=\"https:\/\/www.directhealthcaregroup.com\/app\/uploads\/trin-1-vending-i-sengen-med-hjaelpemidlet-vendlet-standard-940x520-1.jpg 750w, https:\/\/www.directhealthcaregroup.com\/app\/uploads\/trin-1-vending-i-sengen-med-hjaelpemidlet-vendlet-standard-940x520-1-300x166.jpg 300w, https:\/\/www.directhealthcaregroup.com\/app\/uploads\/trin-1-vending-i-sengen-med-hjaelpemidlet-vendlet-standard-940x520-1-320x177.jpg 320w\" sizes=\"auto, (max-width: 750px) 100vw, 750px\" \/><figcaption>Trin 1<\/figcaption><\/figure><\/div>\n\n\n\n<div class=\"wp-block-image\"><figure class=\"aligncenter size-large\"><img loading=\"lazy\" decoding=\"async\" width=\"750\" height=\"415\" src=\"https:\/\/www.directhealthcaregroup.com\/app\/uploads\/trin-2-vending-med-det-eldrevne-vendelagen-vendlet-standard.jpg\" alt=\"\" class=\"wp-image-176348\" srcset=\"https:\/\/www.directhealthcaregroup.com\/app\/uploads\/trin-2-vending-med-det-eldrevne-vendelagen-vendlet-standard.jpg 750w, https:\/\/www.directhealthcaregroup.com\/app\/uploads\/trin-2-vending-med-det-eldrevne-vendelagen-vendlet-standard-300x166.jpg 300w, https:\/\/www.directhealthcaregroup.com\/app\/uploads\/trin-2-vending-med-det-eldrevne-vendelagen-vendlet-standard-320x177.jpg 320w\" sizes=\"auto, (max-width: 750px) 100vw, 750px\" \/><figcaption>Trin 2<\/figcaption><\/figure><\/div>\n\n\n\n<div class=\"wp-block-image\"><figure class=\"aligncenter size-large\"><img loading=\"lazy\" decoding=\"async\" width=\"750\" height=\"415\" src=\"https:\/\/www.directhealthcaregroup.com\/app\/uploads\/trin-4-vendlet-standard-er-et-hjaelpemiddel-til-vending-i-sengen-1.jpg\" alt=\"\" class=\"wp-image-176359\" srcset=\"https:\/\/www.directhealthcaregroup.com\/app\/uploads\/trin-4-vendlet-standard-er-et-hjaelpemiddel-til-vending-i-sengen-1.jpg 750w, https:\/\/www.directhealthcaregroup.com\/app\/uploads\/trin-4-vendlet-standard-er-et-hjaelpemiddel-til-vending-i-sengen-1-300x166.jpg 300w, https:\/\/www.directhealthcaregroup.com\/app\/uploads\/trin-4-vendlet-standard-er-et-hjaelpemiddel-til-vending-i-sengen-1-320x177.jpg 320w\" sizes=\"auto, (max-width: 750px) 100vw, 750px\" \/><figcaption>Trin 3<\/figcaption><\/figure><\/div>\n\n\n\n<h2 class=\"wp-block-heading\"><strong>4. Stop (som udgangspunkt) ikke undervejs i vendingen<\/strong><\/h2>\n\n\n\n<h3 class=\"wp-block-heading\"><strong>\u2013 MANGE STOP UNDERVEJS GIVER BORGEREN EN \u2019HAKKENDE\u2019 OPLEVELSE.<\/strong><\/h3>\n\n\n\n<p>Nogle gange vil det v\u00e6re n\u00f8dvendigt at stoppe undervejs, fordi borgeren beder om det, eller fordi du bliver forstyrret. Men n\u00e5r f\u00f8rst du f\u00f8ler dig tryg ved h\u00e5ndbetjeningen, og du kender de tre trin i forflytningen, s\u00e5 kan du med fordel arbejde p\u00e5 ikke at stoppe undervejs i forflytningen.<\/p>\n\n\n\n<p>Hvis du har tendens til at stoppe vendingen mange gange undervejs, dvs. slippe knappen, kan det for borgeren f\u00f8les som om du er usikker, og generelt giver det ikke en n\u00e6r s\u00e5 ensartet og glidende forflytning, som du ellers kan opn\u00e5 med VENDLET.<\/p>\n\n\n\n<p>Du f\u00e5r nemlig den mest glidende vending, hvis du ikke slipper knappen undervejs i vendingen, men holder knappen inde indtil borgeren er vendt til den \u00f8nskede position.<\/p>\n\n\n\n<p>P\u00e5 de nyeste VENDLET modeller har du mulighed for at s\u00e6tte hastigheden ned. Det oplever mange som en stor fordel, n\u00e5r de skal l\u00e6re at benytte systemet.<br><\/p>\n\n\n\n<h2 class=\"wp-block-heading\"><strong>Husk, at vi altid tilbyder gratis produkttr\u00e6ning<\/strong><\/h2>\n\n\n\n<p>P\u00e5 vores hjemmeside kan du se en masse&nbsp;instruktionsvideoer samt videoer med forskellige tips og tricks. Du kan ogs\u00e5 se vores instruktionsvideoer, hvis du scanner QR koden p\u00e5 VENDLET-systemet.<\/p>\n\n\n\n<p>Hvis du fortsat er i tvivl, om du bruger VENDLET systemet korrekt, eller hvis du og dine kollegaer blot kunne t\u00e6nke jer en genopfriskning af, hvordan systemet fungerer, s\u00e5 husk, at Vendlets sundhedsfaglige terapeuter altid st\u00e5r til r\u00e5dighed!<\/p>\n\n\n\n<p>Der f\u00f8lger altid&nbsp;gratis undervisning&nbsp;med ved k\u00f8b eller genops\u00e6tning af et VENDLET system, og vi kommer altid gerne ud igen og igen. Hellere en gang for meget end en gang for lidt!<\/p>\n","protected":false},"excerpt":{"rendered":"<p>Selvom VENDLET systemet har mere end 35 \u00e5r bag sig, s\u00e5 er der fortsat nogen, der oplever at skulle bruge VENDLET for f\u00f8rste gang. M\u00e5ske du er nyuddannet, har skiftet arbejde eller af helt tilf\u00e6ldige \u00e5rsager, aldrig har haft et VENDLET system \u2019i h\u00e5nden\u2019 f\u00f8r. Til dig har vi her samlet nogle generelle r\u00e5d, som &hellip; <a href=\"https:\/\/www.directhealthcaregroup.com\/da\/viden-og-evidens\/176324-2\/\">Continued<\/a><\/p>\n","protected":false},"author":40,"featured_media":176970,"parent":174696,"menu_order":18,"comment_status":"closed","ping_status":"closed","template":"","meta":{"_acf_changed":false,"footnotes":""},"class_list":["post-176324","page","type-page","status-publish","has-post-thumbnail","hentry"],"acf":[],"yoast_head":"<!-- This site is optimized with the Yoast SEO plugin v27.4 - https:\/\/yoast.com\/product\/yoast-seo-wordpress\/ -->\n<title>Nybegynderens guide til VENDLET | DHG<\/title>\n<meta name=\"robots\" content=\"index, follow, max-snippet:-1, max-image-preview:large, max-video-preview:-1\" \/>\n<link rel=\"canonical\" href=\"https:\/\/www.directhealthcaregroup.com\/da\/viden-og-evidens\/176324-2\/\" \/>\n<meta property=\"og:locale\" content=\"da_DK\" \/>\n<meta property=\"og:type\" content=\"article\" \/>\n<meta property=\"og:title\" content=\"Nybegynderens guide til VENDLET | DHG\" \/>\n<meta property=\"og:description\" content=\"Selvom VENDLET systemet har mere end 35 \u00e5r bag sig, s\u00e5 er der fortsat nogen, der oplever at skulle bruge VENDLET for f\u00f8rste gang. M\u00e5ske du er nyuddannet, har skiftet arbejde eller af helt tilf\u00e6ldige \u00e5rsager, aldrig har haft et VENDLET system \u2019i h\u00e5nden\u2019 f\u00f8r. Til dig har vi her samlet nogle generelle r\u00e5d, som &hellip; Continued\" \/>\n<meta property=\"og:url\" content=\"https:\/\/www.directhealthcaregroup.com\/da\/viden-og-evidens\/176324-2\/\" \/>\n<meta property=\"og:site_name\" content=\"DHG\" \/>\n<meta property=\"article:modified_time\" content=\"2023-05-17T05:39:06+00:00\" \/>\n<meta property=\"og:image\" content=\"https:\/\/www.directhealthcaregroup.com\/app\/uploads\/nybegynderens-guide-til-vendlet-tb-transformed-1.jpeg\" \/>\n\t<meta property=\"og:image:width\" content=\"2000\" \/>\n\t<meta property=\"og:image:height\" content=\"500\" \/>\n\t<meta property=\"og:image:type\" content=\"image\/jpeg\" \/>\n<meta name=\"twitter:card\" content=\"summary_large_image\" \/>\n<meta name=\"twitter:label1\" content=\"Est. reading time\" \/>\n\t<meta name=\"twitter:data1\" content=\"5 minutes\" \/>\n<script type=\"application\/ld+json\" class=\"yoast-schema-graph\">{\"@context\":\"https:\\\/\\\/schema.org\",\"@graph\":[{\"@type\":\"WebPage\",\"@id\":\"https:\\\/\\\/www.directhealthcaregroup.com\\\/da\\\/viden-og-evidens\\\/176324-2\\\/\",\"url\":\"https:\\\/\\\/www.directhealthcaregroup.com\\\/da\\\/viden-og-evidens\\\/176324-2\\\/\",\"name\":\"Nybegynderens guide til VENDLET | DHG\",\"isPartOf\":{\"@id\":\"https:\\\/\\\/www.directhealthcaregroup.com\\\/#website\"},\"primaryImageOfPage\":{\"@id\":\"https:\\\/\\\/www.directhealthcaregroup.com\\\/da\\\/viden-og-evidens\\\/176324-2\\\/#primaryimage\"},\"image\":{\"@id\":\"https:\\\/\\\/www.directhealthcaregroup.com\\\/da\\\/viden-og-evidens\\\/176324-2\\\/#primaryimage\"},\"thumbnailUrl\":\"https:\\\/\\\/www.directhealthcaregroup.com\\\/app\\\/uploads\\\/nybegynderens-guide-til-vendlet-tb-transformed-1.jpeg\",\"datePublished\":\"2023-03-23T11:22:16+00:00\",\"dateModified\":\"2023-05-17T05:39:06+00:00\",\"breadcrumb\":{\"@id\":\"https:\\\/\\\/www.directhealthcaregroup.com\\\/da\\\/viden-og-evidens\\\/176324-2\\\/#breadcrumb\"},\"inLanguage\":\"da-DK\",\"potentialAction\":[{\"@type\":\"ReadAction\",\"target\":[\"https:\\\/\\\/www.directhealthcaregroup.com\\\/da\\\/viden-og-evidens\\\/176324-2\\\/\"]}]},{\"@type\":\"ImageObject\",\"inLanguage\":\"da-DK\",\"@id\":\"https:\\\/\\\/www.directhealthcaregroup.com\\\/da\\\/viden-og-evidens\\\/176324-2\\\/#primaryimage\",\"url\":\"https:\\\/\\\/www.directhealthcaregroup.com\\\/app\\\/uploads\\\/nybegynderens-guide-til-vendlet-tb-transformed-1.jpeg\",\"contentUrl\":\"https:\\\/\\\/www.directhealthcaregroup.com\\\/app\\\/uploads\\\/nybegynderens-guide-til-vendlet-tb-transformed-1.jpeg\",\"width\":2000,\"height\":500},{\"@type\":\"BreadcrumbList\",\"@id\":\"https:\\\/\\\/www.directhealthcaregroup.com\\\/da\\\/viden-og-evidens\\\/176324-2\\\/#breadcrumb\",\"itemListElement\":[{\"@type\":\"ListItem\",\"position\":1,\"name\":\"Home\",\"item\":\"https:\\\/\\\/www.directhealthcaregroup.com\\\/da\\\/\"},{\"@type\":\"ListItem\",\"position\":2,\"name\":\"VIDEN OG EVIDENS\",\"item\":\"https:\\\/\\\/www.directhealthcaregroup.com\\\/da\\\/viden-og-evidens\\\/\"},{\"@type\":\"ListItem\",\"position\":3,\"name\":\"Nybegynderens guide til VENDLET\"}]},{\"@type\":\"WebSite\",\"@id\":\"https:\\\/\\\/www.directhealthcaregroup.com\\\/#website\",\"url\":\"https:\\\/\\\/www.directhealthcaregroup.com\\\/\",\"name\":\"DHG\",\"description\":\"Moving Health Forward\",\"publisher\":{\"@id\":\"https:\\\/\\\/www.directhealthcaregroup.com\\\/#organization\"},\"potentialAction\":[{\"@type\":\"SearchAction\",\"target\":{\"@type\":\"EntryPoint\",\"urlTemplate\":\"https:\\\/\\\/www.directhealthcaregroup.com\\\/?s={search_term_string}\"},\"query-input\":{\"@type\":\"PropertyValueSpecification\",\"valueRequired\":true,\"valueName\":\"search_term_string\"}}],\"inLanguage\":\"da-DK\"},{\"@type\":\"Organization\",\"@id\":\"https:\\\/\\\/www.directhealthcaregroup.com\\\/#organization\",\"name\":\"Direct Healthcare Group\",\"url\":\"https:\\\/\\\/www.directhealthcaregroup.com\\\/\",\"logo\":{\"@type\":\"ImageObject\",\"inLanguage\":\"da-DK\",\"@id\":\"https:\\\/\\\/www.directhealthcaregroup.com\\\/#\\\/schema\\\/logo\\\/image\\\/\",\"url\":\"https:\\\/\\\/directhealthcaregroup.com\\\/app\\\/uploads\\\/dhg-logo.png\",\"contentUrl\":\"https:\\\/\\\/directhealthcaregroup.com\\\/app\\\/uploads\\\/dhg-logo.png\",\"width\":556,\"height\":240,\"caption\":\"Direct Healthcare Group\"},\"image\":{\"@id\":\"https:\\\/\\\/www.directhealthcaregroup.com\\\/#\\\/schema\\\/logo\\\/image\\\/\"}}]}<\/script>\n<!-- \/ Yoast SEO plugin. -->","yoast_head_json":{"title":"Nybegynderens guide til VENDLET | DHG","robots":{"index":"index","follow":"follow","max-snippet":"max-snippet:-1","max-image-preview":"max-image-preview:large","max-video-preview":"max-video-preview:-1"},"canonical":"https:\/\/www.directhealthcaregroup.com\/da\/viden-og-evidens\/176324-2\/","og_locale":"da_DK","og_type":"article","og_title":"Nybegynderens guide til VENDLET | DHG","og_description":"Selvom VENDLET systemet har mere end 35 \u00e5r bag sig, s\u00e5 er der fortsat nogen, der oplever at skulle bruge VENDLET for f\u00f8rste gang. M\u00e5ske du er nyuddannet, har skiftet arbejde eller af helt tilf\u00e6ldige \u00e5rsager, aldrig har haft et VENDLET system \u2019i h\u00e5nden\u2019 f\u00f8r. Til dig har vi her samlet nogle generelle r\u00e5d, som &hellip; Continued","og_url":"https:\/\/www.directhealthcaregroup.com\/da\/viden-og-evidens\/176324-2\/","og_site_name":"DHG","article_modified_time":"2023-05-17T05:39:06+00:00","og_image":[{"width":2000,"height":500,"url":"https:\/\/www.directhealthcaregroup.com\/app\/uploads\/nybegynderens-guide-til-vendlet-tb-transformed-1.jpeg","type":"image\/jpeg"}],"twitter_card":"summary_large_image","twitter_misc":{"Est. reading time":"5 minutes"},"schema":{"@context":"https:\/\/schema.org","@graph":[{"@type":"WebPage","@id":"https:\/\/www.directhealthcaregroup.com\/da\/viden-og-evidens\/176324-2\/","url":"https:\/\/www.directhealthcaregroup.com\/da\/viden-og-evidens\/176324-2\/","name":"Nybegynderens guide til VENDLET | DHG","isPartOf":{"@id":"https:\/\/www.directhealthcaregroup.com\/#website"},"primaryImageOfPage":{"@id":"https:\/\/www.directhealthcaregroup.com\/da\/viden-og-evidens\/176324-2\/#primaryimage"},"image":{"@id":"https:\/\/www.directhealthcaregroup.com\/da\/viden-og-evidens\/176324-2\/#primaryimage"},"thumbnailUrl":"https:\/\/www.directhealthcaregroup.com\/app\/uploads\/nybegynderens-guide-til-vendlet-tb-transformed-1.jpeg","datePublished":"2023-03-23T11:22:16+00:00","dateModified":"2023-05-17T05:39:06+00:00","breadcrumb":{"@id":"https:\/\/www.directhealthcaregroup.com\/da\/viden-og-evidens\/176324-2\/#breadcrumb"},"inLanguage":"da-DK","potentialAction":[{"@type":"ReadAction","target":["https:\/\/www.directhealthcaregroup.com\/da\/viden-og-evidens\/176324-2\/"]}]},{"@type":"ImageObject","inLanguage":"da-DK","@id":"https:\/\/www.directhealthcaregroup.com\/da\/viden-og-evidens\/176324-2\/#primaryimage","url":"https:\/\/www.directhealthcaregroup.com\/app\/uploads\/nybegynderens-guide-til-vendlet-tb-transformed-1.jpeg","contentUrl":"https:\/\/www.directhealthcaregroup.com\/app\/uploads\/nybegynderens-guide-til-vendlet-tb-transformed-1.jpeg","width":2000,"height":500},{"@type":"BreadcrumbList","@id":"https:\/\/www.directhealthcaregroup.com\/da\/viden-og-evidens\/176324-2\/#breadcrumb","itemListElement":[{"@type":"ListItem","position":1,"name":"Home","item":"https:\/\/www.directhealthcaregroup.com\/da\/"},{"@type":"ListItem","position":2,"name":"VIDEN OG EVIDENS","item":"https:\/\/www.directhealthcaregroup.com\/da\/viden-og-evidens\/"},{"@type":"ListItem","position":3,"name":"Nybegynderens guide til VENDLET"}]},{"@type":"WebSite","@id":"https:\/\/www.directhealthcaregroup.com\/#website","url":"https:\/\/www.directhealthcaregroup.com\/","name":"DHG","description":"Moving Health Forward","publisher":{"@id":"https:\/\/www.directhealthcaregroup.com\/#organization"},"potentialAction":[{"@type":"SearchAction","target":{"@type":"EntryPoint","urlTemplate":"https:\/\/www.directhealthcaregroup.com\/?s={search_term_string}"},"query-input":{"@type":"PropertyValueSpecification","valueRequired":true,"valueName":"search_term_string"}}],"inLanguage":"da-DK"},{"@type":"Organization","@id":"https:\/\/www.directhealthcaregroup.com\/#organization","name":"Direct Healthcare Group","url":"https:\/\/www.directhealthcaregroup.com\/","logo":{"@type":"ImageObject","inLanguage":"da-DK","@id":"https:\/\/www.directhealthcaregroup.com\/#\/schema\/logo\/image\/","url":"https:\/\/directhealthcaregroup.com\/app\/uploads\/dhg-logo.png","contentUrl":"https:\/\/directhealthcaregroup.com\/app\/uploads\/dhg-logo.png","width":556,"height":240,"caption":"Direct Healthcare Group"},"image":{"@id":"https:\/\/www.directhealthcaregroup.com\/#\/schema\/logo\/image\/"}}]}},"_links":{"self":[{"href":"https:\/\/www.directhealthcaregroup.com\/da\/wp-json\/wp\/v2\/pages\/176324","targetHints":{"allow":["GET"]}}],"collection":[{"href":"https:\/\/www.directhealthcaregroup.com\/da\/wp-json\/wp\/v2\/pages"}],"about":[{"href":"https:\/\/www.directhealthcaregroup.com\/da\/wp-json\/wp\/v2\/types\/page"}],"author":[{"embeddable":true,"href":"https:\/\/www.directhealthcaregroup.com\/da\/wp-json\/wp\/v2\/users\/40"}],"replies":[{"embeddable":true,"href":"https:\/\/www.directhealthcaregroup.com\/da\/wp-json\/wp\/v2\/comments?post=176324"}],"version-history":[{"count":5,"href":"https:\/\/www.directhealthcaregroup.com\/da\/wp-json\/wp\/v2\/pages\/176324\/revisions"}],"predecessor-version":[{"id":183717,"href":"https:\/\/www.directhealthcaregroup.com\/da\/wp-json\/wp\/v2\/pages\/176324\/revisions\/183717"}],"up":[{"embeddable":true,"href":"https:\/\/www.directhealthcaregroup.com\/da\/wp-json\/wp\/v2\/pages\/174696"}],"wp:featuredmedia":[{"embeddable":true,"href":"https:\/\/www.directhealthcaregroup.com\/da\/wp-json\/wp\/v2\/media\/176970"}],"wp:attachment":[{"href":"https:\/\/www.directhealthcaregroup.com\/da\/wp-json\/wp\/v2\/media?parent=176324"}],"curies":[{"name":"wp","href":"https:\/\/api.w.org\/{rel}","templated":true}]}}