{"id":176384,"date":"2023-03-23T11:27:13","date_gmt":"2023-03-23T11:27:13","guid":{"rendered":"https:\/\/www.directhealthcaregroup.com\/?page_id=176384"},"modified":"2023-05-17T06:38:38","modified_gmt":"2023-05-17T05:38:38","slug":"176384-2","status":"publish","type":"page","link":"https:\/\/www.directhealthcaregroup.com\/da\/viden-og-evidens\/176384-2\/","title":{"rendered":"Hvad er rehabilitering?"},"content":{"rendered":"\n<h1 class=\"wp-block-heading\"><\/h1>\n\n\n\n<p>Begrebet rehabilitering fylder meget i det borgerrettede arbejde i social- og sundhedssektoren, og foreg\u00e5r n\u00e6rmest d\u00f8gnet rundt for mange borgere. Men hvad betyder begrebet egentligt?<\/p>\n\n\n\n<p>1. marts 2021<\/p>\n\n\n\n<p>Af: Ergoterapeut, Pia Beck<\/p>\n\n\n\n<p>Rehabiliteringsbegrebet d\u00e6kker over en r\u00e6kke indsatser til de borgere, der har, eller er i risiko for at miste dele af deres fysiske, psykiske og\/eller sociale funktionsevne. I det rehabiliterende arbejde er der fokus p\u00e5, hvordan borgeren kan udf\u00f8re hverdagsaktiviteter og deltage i samfundslivet p\u00e5 trods af funktionsevneneds\u00e6ttelse.<\/p>\n\n\n\n<p>I et rehabiliterende forl\u00f8b anvendes begreberne &#8220;genoptr\u00e6ning&#8221; og &#8220;revalidering&#8221; ofte, hvorved der kan opst\u00e5 en vis uklarhed om, hvad der er hvad. Derfor er det relevant kort at opridse afgr\u00e6nsningen mellem rehabilitering og de mere sn\u00e6vre begreber genoptr\u00e6ning og revalidering:<\/p>\n\n\n\n<ul class=\"wp-block-list\"><li><em>Genoptr\u00e6ning&nbsp;<\/em>bruges ofte som synonym for rehabilitering, men handler i h\u00f8jere grad om at restituere kroppens funktioner eller borgerens f\u00e6rdigheder ved at udf\u00f8re bestemte \u00f8velser gennem fysisk eller kognitiv tr\u00e6ning<\/li><li><em>Revalidering&nbsp;<\/em>ses af og til som en dansk overs\u00e6ttelse af det engelske \u201drehabilitate\u201d. Revalidering d\u00e6kker over en social indsats, der prim\u00e6rt retter sig mod at g\u00f8re en skadet borger erhvervskompetent, typisk gennem omskoling eller uddannelse.<\/li><\/ul>\n\n\n\n<p>Revalidering og genoptr\u00e6nings kan indg\u00e5 i den rehabiliterende proces, men selve rehabiliteringsbegrebet er mere omfattende end som s\u00e5.<\/p>\n\n\n\n<p>If\u00f8lge Hvidbogen defineres rehabilitering som&nbsp;<em>\u201den m\u00e5lrettet og tidsbestemt samarbejdsproces mellem en borger, p\u00e5r\u00f8rende og fagfolk. Form\u00e5let er, at borgeren, som har eller er i risiko for at f\u00e5 betydelige begr\u00e6nsninger i sin fysiske, psykiske og\/eller sociale funktionsevne, opn\u00e5r et selvst\u00e6ndigt og meningsfuldt liv. Rehabilitering baseres p\u00e5 borgerens hele livssituation og beslutninger og best\u00e5r af en koordineret, sammenh\u00e6ngende og vidensbaseret indsats\u201d.<\/em><\/p>\n\n\n\n<p><strong>Kilde: <\/strong>&#8220;<a rel=\"noreferrer noopener\" href=\"https:\/\/www.rehabiliteringsforum.dk\/contentassets\/519c219e42a3454da34db60a8454de58\/hvidbog.pdf\" target=\"_blank\">Hvidbog om rehabiliteringsbegrebet &#8211; Rehabilitering i Danmark&#8221;<\/a>&nbsp;(2004)<\/p>\n\n\n\n<p>Dermed understreges det, at det i den rehabiliterende indsats er essentielt, at fokus ikke som s\u00e5dan er p\u00e5 borgerens sygdom eller funktionstab, men mere p\u00e5 de konsekvenser som sygdommen eller funktionstabet har for borgeren p\u00e5 b\u00e5de det fysiske, psykiske og sociale plan.<\/p>\n\n\n\n<p>Rehabilitering er un\u00e6gtelig et begreb som alle, der arbejder med plejekr\u00e6vende mennesker, har stiftet bekendtskab med, og s\u00e6rligt nyere begreber som hverdagsrehabilitering vinder i stigende grad frem.<\/p>\n","protected":false},"excerpt":{"rendered":"<p>Begrebet rehabilitering fylder meget i det borgerrettede arbejde i social- og sundhedssektoren, og foreg\u00e5r n\u00e6rmest d\u00f8gnet rundt for mange borgere. Men hvad betyder begrebet egentligt? 1. marts 2021 Af: Ergoterapeut, Pia Beck Rehabiliteringsbegrebet d\u00e6kker over en r\u00e6kke indsatser til de borgere, der har, eller er i risiko for at miste dele af deres fysiske, psykiske &hellip; <a href=\"https:\/\/www.directhealthcaregroup.com\/da\/viden-og-evidens\/176384-2\/\">Continued<\/a><\/p>\n","protected":false},"author":40,"featured_media":177151,"parent":174696,"menu_order":19,"comment_status":"closed","ping_status":"closed","template":"","meta":{"_acf_changed":false,"footnotes":""},"class_list":["post-176384","page","type-page","status-publish","has-post-thumbnail","hentry"],"acf":[],"yoast_head":"<!-- This site is optimized with the Yoast SEO plugin v27.4 - https:\/\/yoast.com\/product\/yoast-seo-wordpress\/ -->\n<title>Hvad er rehabilitering? | DHG<\/title>\n<meta name=\"robots\" content=\"index, follow, max-snippet:-1, max-image-preview:large, max-video-preview:-1\" \/>\n<link rel=\"canonical\" href=\"https:\/\/www.directhealthcaregroup.com\/da\/viden-og-evidens\/176384-2\/\" \/>\n<meta property=\"og:locale\" content=\"da_DK\" \/>\n<meta property=\"og:type\" content=\"article\" \/>\n<meta property=\"og:title\" content=\"Hvad er rehabilitering? | DHG\" \/>\n<meta property=\"og:description\" content=\"Begrebet rehabilitering fylder meget i det borgerrettede arbejde i social- og sundhedssektoren, og foreg\u00e5r n\u00e6rmest d\u00f8gnet rundt for mange borgere. Men hvad betyder begrebet egentligt? 1. marts 2021 Af: Ergoterapeut, Pia Beck Rehabiliteringsbegrebet d\u00e6kker over en r\u00e6kke indsatser til de borgere, der har, eller er i risiko for at miste dele af deres fysiske, psykiske &hellip; Continued\" \/>\n<meta property=\"og:url\" content=\"https:\/\/www.directhealthcaregroup.com\/da\/viden-og-evidens\/176384-2\/\" \/>\n<meta property=\"og:site_name\" content=\"DHG\" \/>\n<meta property=\"article:modified_time\" content=\"2023-05-17T05:38:38+00:00\" \/>\n<meta property=\"og:image\" content=\"https:\/\/www.directhealthcaregroup.com\/app\/uploads\/hvad-er-rehabilitering-ob-1.jpg\" \/>\n\t<meta property=\"og:image:width\" content=\"500\" \/>\n\t<meta property=\"og:image:height\" content=\"250\" \/>\n\t<meta property=\"og:image:type\" content=\"image\/jpeg\" \/>\n<meta name=\"twitter:card\" content=\"summary_large_image\" \/>\n<meta name=\"twitter:label1\" content=\"Est. reading time\" \/>\n\t<meta name=\"twitter:data1\" content=\"2 minutes\" \/>\n<script type=\"application\/ld+json\" class=\"yoast-schema-graph\">{\"@context\":\"https:\\\/\\\/schema.org\",\"@graph\":[{\"@type\":\"WebPage\",\"@id\":\"https:\\\/\\\/www.directhealthcaregroup.com\\\/da\\\/viden-og-evidens\\\/176384-2\\\/\",\"url\":\"https:\\\/\\\/www.directhealthcaregroup.com\\\/da\\\/viden-og-evidens\\\/176384-2\\\/\",\"name\":\"Hvad er rehabilitering? | DHG\",\"isPartOf\":{\"@id\":\"https:\\\/\\\/www.directhealthcaregroup.com\\\/#website\"},\"primaryImageOfPage\":{\"@id\":\"https:\\\/\\\/www.directhealthcaregroup.com\\\/da\\\/viden-og-evidens\\\/176384-2\\\/#primaryimage\"},\"image\":{\"@id\":\"https:\\\/\\\/www.directhealthcaregroup.com\\\/da\\\/viden-og-evidens\\\/176384-2\\\/#primaryimage\"},\"thumbnailUrl\":\"https:\\\/\\\/www.directhealthcaregroup.com\\\/app\\\/uploads\\\/hvad-er-rehabilitering-ob-1.jpg\",\"datePublished\":\"2023-03-23T11:27:13+00:00\",\"dateModified\":\"2023-05-17T05:38:38+00:00\",\"breadcrumb\":{\"@id\":\"https:\\\/\\\/www.directhealthcaregroup.com\\\/da\\\/viden-og-evidens\\\/176384-2\\\/#breadcrumb\"},\"inLanguage\":\"da-DK\",\"potentialAction\":[{\"@type\":\"ReadAction\",\"target\":[\"https:\\\/\\\/www.directhealthcaregroup.com\\\/da\\\/viden-og-evidens\\\/176384-2\\\/\"]}]},{\"@type\":\"ImageObject\",\"inLanguage\":\"da-DK\",\"@id\":\"https:\\\/\\\/www.directhealthcaregroup.com\\\/da\\\/viden-og-evidens\\\/176384-2\\\/#primaryimage\",\"url\":\"https:\\\/\\\/www.directhealthcaregroup.com\\\/app\\\/uploads\\\/hvad-er-rehabilitering-ob-1.jpg\",\"contentUrl\":\"https:\\\/\\\/www.directhealthcaregroup.com\\\/app\\\/uploads\\\/hvad-er-rehabilitering-ob-1.jpg\",\"width\":500,\"height\":250},{\"@type\":\"BreadcrumbList\",\"@id\":\"https:\\\/\\\/www.directhealthcaregroup.com\\\/da\\\/viden-og-evidens\\\/176384-2\\\/#breadcrumb\",\"itemListElement\":[{\"@type\":\"ListItem\",\"position\":1,\"name\":\"Home\",\"item\":\"https:\\\/\\\/www.directhealthcaregroup.com\\\/da\\\/\"},{\"@type\":\"ListItem\",\"position\":2,\"name\":\"VIDEN OG EVIDENS\",\"item\":\"https:\\\/\\\/www.directhealthcaregroup.com\\\/da\\\/viden-og-evidens\\\/\"},{\"@type\":\"ListItem\",\"position\":3,\"name\":\"Hvad er rehabilitering?\"}]},{\"@type\":\"WebSite\",\"@id\":\"https:\\\/\\\/www.directhealthcaregroup.com\\\/#website\",\"url\":\"https:\\\/\\\/www.directhealthcaregroup.com\\\/\",\"name\":\"DHG\",\"description\":\"Moving Health Forward\",\"publisher\":{\"@id\":\"https:\\\/\\\/www.directhealthcaregroup.com\\\/#organization\"},\"potentialAction\":[{\"@type\":\"SearchAction\",\"target\":{\"@type\":\"EntryPoint\",\"urlTemplate\":\"https:\\\/\\\/www.directhealthcaregroup.com\\\/?s={search_term_string}\"},\"query-input\":{\"@type\":\"PropertyValueSpecification\",\"valueRequired\":true,\"valueName\":\"search_term_string\"}}],\"inLanguage\":\"da-DK\"},{\"@type\":\"Organization\",\"@id\":\"https:\\\/\\\/www.directhealthcaregroup.com\\\/#organization\",\"name\":\"Direct Healthcare Group\",\"url\":\"https:\\\/\\\/www.directhealthcaregroup.com\\\/\",\"logo\":{\"@type\":\"ImageObject\",\"inLanguage\":\"da-DK\",\"@id\":\"https:\\\/\\\/www.directhealthcaregroup.com\\\/#\\\/schema\\\/logo\\\/image\\\/\",\"url\":\"https:\\\/\\\/directhealthcaregroup.com\\\/app\\\/uploads\\\/dhg-logo.png\",\"contentUrl\":\"https:\\\/\\\/directhealthcaregroup.com\\\/app\\\/uploads\\\/dhg-logo.png\",\"width\":556,\"height\":240,\"caption\":\"Direct Healthcare Group\"},\"image\":{\"@id\":\"https:\\\/\\\/www.directhealthcaregroup.com\\\/#\\\/schema\\\/logo\\\/image\\\/\"}}]}<\/script>\n<!-- \/ Yoast SEO plugin. -->","yoast_head_json":{"title":"Hvad er rehabilitering? | DHG","robots":{"index":"index","follow":"follow","max-snippet":"max-snippet:-1","max-image-preview":"max-image-preview:large","max-video-preview":"max-video-preview:-1"},"canonical":"https:\/\/www.directhealthcaregroup.com\/da\/viden-og-evidens\/176384-2\/","og_locale":"da_DK","og_type":"article","og_title":"Hvad er rehabilitering? | DHG","og_description":"Begrebet rehabilitering fylder meget i det borgerrettede arbejde i social- og sundhedssektoren, og foreg\u00e5r n\u00e6rmest d\u00f8gnet rundt for mange borgere. Men hvad betyder begrebet egentligt? 1. marts 2021 Af: Ergoterapeut, Pia Beck Rehabiliteringsbegrebet d\u00e6kker over en r\u00e6kke indsatser til de borgere, der har, eller er i risiko for at miste dele af deres fysiske, psykiske &hellip; Continued","og_url":"https:\/\/www.directhealthcaregroup.com\/da\/viden-og-evidens\/176384-2\/","og_site_name":"DHG","article_modified_time":"2023-05-17T05:38:38+00:00","og_image":[{"width":500,"height":250,"url":"https:\/\/www.directhealthcaregroup.com\/app\/uploads\/hvad-er-rehabilitering-ob-1.jpg","type":"image\/jpeg"}],"twitter_card":"summary_large_image","twitter_misc":{"Est. reading time":"2 minutes"},"schema":{"@context":"https:\/\/schema.org","@graph":[{"@type":"WebPage","@id":"https:\/\/www.directhealthcaregroup.com\/da\/viden-og-evidens\/176384-2\/","url":"https:\/\/www.directhealthcaregroup.com\/da\/viden-og-evidens\/176384-2\/","name":"Hvad er rehabilitering? | DHG","isPartOf":{"@id":"https:\/\/www.directhealthcaregroup.com\/#website"},"primaryImageOfPage":{"@id":"https:\/\/www.directhealthcaregroup.com\/da\/viden-og-evidens\/176384-2\/#primaryimage"},"image":{"@id":"https:\/\/www.directhealthcaregroup.com\/da\/viden-og-evidens\/176384-2\/#primaryimage"},"thumbnailUrl":"https:\/\/www.directhealthcaregroup.com\/app\/uploads\/hvad-er-rehabilitering-ob-1.jpg","datePublished":"2023-03-23T11:27:13+00:00","dateModified":"2023-05-17T05:38:38+00:00","breadcrumb":{"@id":"https:\/\/www.directhealthcaregroup.com\/da\/viden-og-evidens\/176384-2\/#breadcrumb"},"inLanguage":"da-DK","potentialAction":[{"@type":"ReadAction","target":["https:\/\/www.directhealthcaregroup.com\/da\/viden-og-evidens\/176384-2\/"]}]},{"@type":"ImageObject","inLanguage":"da-DK","@id":"https:\/\/www.directhealthcaregroup.com\/da\/viden-og-evidens\/176384-2\/#primaryimage","url":"https:\/\/www.directhealthcaregroup.com\/app\/uploads\/hvad-er-rehabilitering-ob-1.jpg","contentUrl":"https:\/\/www.directhealthcaregroup.com\/app\/uploads\/hvad-er-rehabilitering-ob-1.jpg","width":500,"height":250},{"@type":"BreadcrumbList","@id":"https:\/\/www.directhealthcaregroup.com\/da\/viden-og-evidens\/176384-2\/#breadcrumb","itemListElement":[{"@type":"ListItem","position":1,"name":"Home","item":"https:\/\/www.directhealthcaregroup.com\/da\/"},{"@type":"ListItem","position":2,"name":"VIDEN OG EVIDENS","item":"https:\/\/www.directhealthcaregroup.com\/da\/viden-og-evidens\/"},{"@type":"ListItem","position":3,"name":"Hvad er rehabilitering?"}]},{"@type":"WebSite","@id":"https:\/\/www.directhealthcaregroup.com\/#website","url":"https:\/\/www.directhealthcaregroup.com\/","name":"DHG","description":"Moving Health Forward","publisher":{"@id":"https:\/\/www.directhealthcaregroup.com\/#organization"},"potentialAction":[{"@type":"SearchAction","target":{"@type":"EntryPoint","urlTemplate":"https:\/\/www.directhealthcaregroup.com\/?s={search_term_string}"},"query-input":{"@type":"PropertyValueSpecification","valueRequired":true,"valueName":"search_term_string"}}],"inLanguage":"da-DK"},{"@type":"Organization","@id":"https:\/\/www.directhealthcaregroup.com\/#organization","name":"Direct Healthcare Group","url":"https:\/\/www.directhealthcaregroup.com\/","logo":{"@type":"ImageObject","inLanguage":"da-DK","@id":"https:\/\/www.directhealthcaregroup.com\/#\/schema\/logo\/image\/","url":"https:\/\/directhealthcaregroup.com\/app\/uploads\/dhg-logo.png","contentUrl":"https:\/\/directhealthcaregroup.com\/app\/uploads\/dhg-logo.png","width":556,"height":240,"caption":"Direct Healthcare Group"},"image":{"@id":"https:\/\/www.directhealthcaregroup.com\/#\/schema\/logo\/image\/"}}]}},"_links":{"self":[{"href":"https:\/\/www.directhealthcaregroup.com\/da\/wp-json\/wp\/v2\/pages\/176384","targetHints":{"allow":["GET"]}}],"collection":[{"href":"https:\/\/www.directhealthcaregroup.com\/da\/wp-json\/wp\/v2\/pages"}],"about":[{"href":"https:\/\/www.directhealthcaregroup.com\/da\/wp-json\/wp\/v2\/types\/page"}],"author":[{"embeddable":true,"href":"https:\/\/www.directhealthcaregroup.com\/da\/wp-json\/wp\/v2\/users\/40"}],"replies":[{"embeddable":true,"href":"https:\/\/www.directhealthcaregroup.com\/da\/wp-json\/wp\/v2\/comments?post=176384"}],"version-history":[{"count":4,"href":"https:\/\/www.directhealthcaregroup.com\/da\/wp-json\/wp\/v2\/pages\/176384\/revisions"}],"predecessor-version":[{"id":183716,"href":"https:\/\/www.directhealthcaregroup.com\/da\/wp-json\/wp\/v2\/pages\/176384\/revisions\/183716"}],"up":[{"embeddable":true,"href":"https:\/\/www.directhealthcaregroup.com\/da\/wp-json\/wp\/v2\/pages\/174696"}],"wp:featuredmedia":[{"embeddable":true,"href":"https:\/\/www.directhealthcaregroup.com\/da\/wp-json\/wp\/v2\/media\/177151"}],"wp:attachment":[{"href":"https:\/\/www.directhealthcaregroup.com\/da\/wp-json\/wp\/v2\/media?parent=176384"}],"curies":[{"name":"wp","href":"https:\/\/api.w.org\/{rel}","templated":true}]}}