{"id":176409,"date":"2023-03-23T11:56:26","date_gmt":"2023-03-23T11:56:26","guid":{"rendered":"https:\/\/www.directhealthcaregroup.com\/?page_id=176409"},"modified":"2023-05-17T06:38:12","modified_gmt":"2023-05-17T05:38:12","slug":"176409-2","status":"publish","type":"page","link":"https:\/\/www.directhealthcaregroup.com\/da\/viden-og-evidens\/176409-2\/","title":{"rendered":"S\u00f8vnens stadier: D\u00e9t sker der, n\u00e5r du sover"},"content":{"rendered":"\n<h1 class=\"wp-block-heading\"><\/h1>\n\n\n\n<p>S\u00f8vn er ikke bare s\u00f8vn. For at forst\u00e5, hvor vigtigt s\u00f8vn er, og hvorfor vi skal prioritere at skabe den gode s\u00f8vn for borgere og patienter i sundhedsv\u00e6snet, er det relevant at se n\u00e6rmere p\u00e5 s\u00f8vnens stadier. Hver eneste nat gennemg\u00e5r kroppen nemlig forskellige s\u00f8vnfaser, som alle er med til at sikre en god nattes\u00f8vn.<\/p>\n\n\n\n<p>2. februar 2021<\/p>\n\n\n\n<p>Af: Ergoterapeut, Pia Beck<\/p>\n\n\n\n<p>Desv\u00e6rre oplever mange borgere, som enten er indlagte, bor p\u00e5 plejecenter eller f\u00e5r bes\u00f8g af hjemmeplejen, at deres nattes\u00f8vn bliver forstyrret. Forstyrrelser som m\u00e5ske kan undg\u00e5s, da netop forstyrrelser i nattes\u00f8vnen kan f\u00e5 betydelige konsekvenser for den enkelte. Ved at have kendskab til s\u00f8vnens forskellige stadier, bliver det nemmere at forst\u00e5 vigtigheden af ikke at afbryde borgerens nattes\u00f8vn.<br><\/p>\n\n\n\n<h2 class=\"wp-block-heading\"><strong>De fem stadier<\/strong><\/h2>\n\n\n\n<p>Nyeste forskning inden for s\u00f8vnomr\u00e5det viser, at det ikke l\u00e6ngere er tilstr\u00e6kkeligt at tale om, hvorvidt s\u00f8vnen skal deles op i 4 eller 5 stadier. S\u00f8vnen er langt mere kompliceret end f\u00f8rst antaget.<\/p>\n\n\n\n<p>Forskningen viser, at vores hjerne gennemg\u00e5r en meget dynamisk proces i l\u00f8bet af s\u00f8vnen, og vi kan derfor ikke kan n\u00f8jes med at opdele s\u00f8vnen i de s\u00e5kaldte s\u00f8vnstadier. N\u00e5r kroppen sover, viser ny forskning nemlig, at forskellige hjerneomr\u00e5der skifter frem og tilbage mellem s\u00f8vnstadierne gradvist, og det er derfor ikke nuanceret nok at sige, at hjernen befinder sig i \u00e9t ud af de fem traditionelle stadier p\u00e5 noget tidspunkt. Ofte er der tale om en blanding.<\/p>\n\n\n\n<p>Alligevel er s\u00f8vn traditionelt set blevet opdelt i stadier for at g\u00f8re det nemmere at holde styr p\u00e5, hvad der foreg\u00e5r i s\u00f8vnen. Derfor giver det fortsat mening&nbsp;at kende og forst\u00e5 de forskellige stadier.<\/p>\n\n\n\n<p>En nattes\u00f8vn best\u00e5r af s\u00f8vncyklusser, hvor hver cyklus varer imellem 90 og 110 minutter, og en normal nattes\u00f8vn indeholder et sted imellem 4 og 6 s\u00f8vncyklusser.<\/p>\n\n\n\n<p>En klassisk s\u00f8vncyklus bev\u00e6ger sig igennem fem stadier.<br><\/p>\n\n\n\n<h5 class=\"wp-block-heading\"><strong>Det f\u00f8rste stadie er V\u00e5gen<\/strong><\/h5>\n\n\n\n<p>Her ses en hjerneaktivitet, der overvejende best\u00e5r af hurtig aktivitet. Aktivitet er det antal svingninger, der er pr. sekund.<\/p>\n\n\n\n<p>I det v\u00e5gne stadie vil aktiviteten v\u00e6re h\u00f8jere end 12 Hz. N\u00e5r vi lukker \u00f8jnene og l\u00e6gger os ned, \u00e6ndres svingningerne til mellem 8-12 Hz.<\/p>\n\n\n\n<p>De n\u00e6ste 3 stadier kaldes for N-REM &#8211; non rapid eye movement \u2013 som betyder, at der ingen \u00f8jenbev\u00e6gelser er.<br><\/p>\n\n\n\n<h5 class=\"wp-block-heading\"><strong>Stadie 2 &#8211; D\u00f8sen<\/strong><\/h5>\n\n\n\n<p>Det andet stadie er; D\u00f8s &#8211; Stadig v\u00e5gen, men med langsommere aktivitet svarende til 8-12 Hz. \u00d8jnene lukkes, kroppen finder ro, og vi slapper af. Vi er i en d\u00f8s.<\/p>\n\n\n\n<figure class=\"wp-block-table is-style-stripes\"><table><tbody><tr><td><strong>Hvad er Herz?<\/strong><br>Enheden hertz er opkaldt efter den tyske fysiker Heinrich Rudolf Hertz, og fort\u00e6ller hvor mange svingninger der er per sekund. Alts\u00e5 hvor mange elektriske impulser er der pr. sekund i hjernen.<\/td><\/tr><\/tbody><\/table><\/figure>\n\n\n\n<p>Det andet stadie er et s\u00e5kaldt overgangsstadie.&nbsp;Her kan man sige, at kroppen forhandler med hjernen om, hvorvidt den skal sove eller ej. Du har sikkert selv pr\u00f8vet at sidde og se TV med din partner, som pludseligt giver et spj\u00e6t. Du sp\u00f8rger undrende \u2019Sover du?\u2019, hvortil din partner svarer hovedrystende \u2019Nej, nej. Jeg sover ikke\u2019. Det er et klassisk eksempel p\u00e5 den forhandlingsproces hjernen har gang i.<\/p>\n\n\n\n<p>N\u00e5r kroppen er i dette stadie, er musklerne afslappede, og kroppen kan finde p\u00e5 at udf\u00f8re sm\u00e5 spark eller pludselige ryk i arme eller ben. Bev\u00e6gelserne skyldes sandsynligvis, at kroppen har sv\u00e6rt ved at kontrollere overgangen fra v\u00e5gen tilstand, hvor musklerne er sp\u00e6ndte til total afslappethed.<\/p>\n\n\n\n<p>Kroppen befinder sig i dette stadie i mellem 5 \u2013 10 minutter.<br><\/p>\n\n\n\n<h5 class=\"wp-block-heading\"><strong>Stadie 3 \u2013 Den lette s\u00f8vn<\/strong><\/h5>\n\n\n\n<p>F\u00e5r kroppen lov til at falde i s\u00f8vn, vil der ske en \u00e6ndring i hjerneb\u00f8lgerne. De vil g\u00e5 fra de s\u00e5kaldte alfab\u00f8lger p\u00e5 8-12 Hz til thetab\u00f8lger, hvor de elektriske svingninger i hjernen falder til 4-7 hertz. N\u00e5r de elektriske svingninger falder ned til 4-7 Hz, befinder kroppen sig i det s\u00e5kaldte tredje stadie.<\/p>\n\n\n\n<p>Det tredje stadie betegnes som&nbsp;<em>let s\u00f8vn<\/em>, og i dette stadie er der ingen tvivl om, at kroppen sover. Hjerneb\u00f8lgerne bliver langsommere og EEG-m\u00e5lingerne viser bl\u00f8dere og st\u00f8rre udsving. I dette stadie er der ikke l\u00e6ngere nogen forbindelse til bevidstheden,&nbsp;og kroppen bliver endnu mere afslappet. Pulsen bliver lavere, og faktisk falder kropstemperaturen ogs\u00e5 en smule. For voksne fylder dette stadie ofte op mod halvdelen af alt s\u00f8vnen.<\/p>\n\n\n\n<p>I den lette s\u00f8vn forekommer der desuden f\u00e6nomener, som kaldes for s\u00f8vnspindlere. S\u00f8vnspindlerne er udbrud af hjerneaktivitet, som hj\u00e6lper os med at fastholde s\u00f8vnen. N\u00e5r de skal tegnes af EEG-apparatet, ligner spindlerne sm\u00e5 jordsk\u00e6lv.<br><\/p>\n\n\n\n<h5 class=\"wp-block-heading\"><strong>Stadie 4 \u2013 den dybe s\u00f8vn<\/strong><\/h5>\n\n\n\n<p>N\u00e5r kroppen har befundet sig i stadie 3 i en rum tid, starter det fjerde stadie som ben\u00e6vnes den dybe s\u00f8vn. Her er hjerneaktiviteten pr\u00e6get af lavfrekvent aktivitet ved 1-2 Hz, som ogs\u00e5 kaldes deltab\u00f8lger.<\/p>\n\n\n\n<p>I den dybe s\u00f8vn er hele kroppen afslappet, og blodtrykket falder en anelse. Det er i dette stadie, kroppen restituerer, cellerne gendanner sig&nbsp;og hjernen&nbsp;<a href=\"https:\/\/www.vendlet.dk\/viden-og-evidens\/sovn-kroppens-vigtigste-medicin\">bliver \u201dvasket\u201d ren<\/a>. Desuden frigiver kroppen hormoner, der bl.a. hj\u00e6lper med at opbygge muskelmasse. Det er alts\u00e5 et afg\u00f8rende stadie for at f\u00e5 fornyet energi og for det generelle velbefindende.<\/p>\n\n\n\n<p>I den dybe s\u00f8vn er det sv\u00e6rt at v\u00e6kke folk, og det er ogs\u00e5 i dette stadie at arousal disorder (s\u00f8vng\u00e6ngeri), somnilogi (tale i s\u00f8vne) og sengev\u00e6dning kan opst\u00e5. N\u00e5r kroppen er i dyb s\u00f8vn, har hjernen lukket ned for bevidstheden, men grundet kortikal dissociation kan der \u00e5bnes for kroppens bev\u00e6ge-aktivitet. Det er jo egentligt ogs\u00e5 meget smart, da det g\u00f8r det muligt for os at flytte rundt p\u00e5 arme og ben, uden at vi v\u00e5gner. Ved arousal disorder sker der blot det, at der bliver t\u00e6ndt lidt for meget op for motoraktivitetsomr\u00e5det i hjernen, og det er her bev\u00e6gelses-aktiviteten findes.<\/p>\n\n\n\n<p>Hvis vi v\u00e6kkes, imens vi er i den dybe s\u00f8vn, vil der v\u00e6re en f\u00f8lelse af at v\u00e6re \u201dgroggy\u201d, og det tager rent faktisk op til 30 minutter, f\u00f8r hjernen k\u00f8rer p\u00e5 fuld damp igen.<\/p>\n\n\n\n<p><br><strong>L\u00e6s ogs\u00e5:<\/strong>&nbsp;<a href=\"https:\/\/www.directhealthcaregroup.com\/da\/viden-og-evidens\/177504-2\/\" target=\"_blank\" rel=\"noreferrer noopener\">S\u00f8vn &#8211; Kroppens vigtigste medicin<\/a><\/p>\n\n\n\n<h5 class=\"wp-block-heading\"><strong>Stadie 5 &#8211; REM-S\u00f8vn<\/strong><\/h5>\n\n\n\n<p>Det sidste og femte stadie er REM-s\u00f8vnen, som er meget anderledes end de foreg\u00e5ende N-REM-stadier. REM st\u00e5r for rapid eye movements, og det er blandt andet det som karakteriserer dette s\u00f8vnstadie, nemlig hurtige \u00f8jenbev\u00e6gelser.<\/p>\n\n\n\n<p>Hjerneaktiviteten ligner en blanding mellem v\u00e5gen og d\u00f8s og det er her, vi dr\u00f8mmer. Hjerneb\u00f8lgerne ligner b\u00f8lgerne under f\u00f8rste stadie, ja faktisk minder de om de hjerneb\u00f8lger, der kan observeres fra den v\u00e5gne hjerne. Nogle gange kalder man REM s\u00f8vn for \u201den v\u00e5gen hjerne i en sovende krop.\u201d N\u00e5r kroppen er i REM-s\u00f8vnen, skal der ikke s\u00e5 meget til, f\u00f8r vi v\u00e5gner. Det er forklaringen p\u00e5, at vi tit v\u00e5gner midt i en dr\u00f8m. REM s\u00f8vn g\u00e5r ogs\u00e5 under betegnelsen s\u00f8vnparadokset, fordi vi sover, mens hjerneb\u00f8lgerne, der normalt optr\u00e6der ved s\u00f8vn, er frav\u00e6rende. REM s\u00f8vnen begynder som regel efter 90 minutter og kan variere meget i l\u00e6ngde.<\/p>\n\n\n\n<p>Faserne med REM s\u00f8vn bliver typisk l\u00e6ngere og l\u00e6ngere i l\u00f8bet af natten, og de kommer cirka med 90 minutters intervaller. Dr\u00f8mmes\u00f8vnen varer normalt omkring tyve til femogtyve procent af natten hos voksne mennesker.<br><\/p>\n\n\n\n<h2 class=\"wp-block-heading\"><strong>Forfra og om igen<\/strong><\/h2>\n\n\n\n<p>N\u00e5r man har gennemg\u00e5et s\u00f8vnens stadier, begynder s\u00f8vnens cyklus forfra. S\u00f8vncyklussen har cirka samme l\u00e6ngde natten lang, men de enkelte stadier \u00e6ndrer karakter og l\u00e6ngde. Efter f\u00f8rste cyklus er den dybe og behagelige s\u00f8vn kortere, og REM s\u00f8vnen l\u00e6ngere. Sidst p\u00e5 natten vil REM s\u00f8vnen have overtaget meget af tiden, og den dybe s\u00f8vn er stort set overst\u00e5et.<\/p>\n\n\n\n<p>Alle s\u00f8vnstadierne har en vigtig rolle, og s\u00f8vnen skal tages alvorlig, da manglende s\u00f8vn, har store konsekvenser for vores helbred. Det interessante i dette s\u00f8vnunivers er, om vi som sundhedsprofessionelle kan s\u00e6tte yderligere tiltag i gang, for at sikre borgere og patienters nattes\u00f8vn. Med den viden, der er tilg\u00e6ngelig p\u00e5 dette omr\u00e5de, er der ingen tvivl om, at vores nuv\u00e6rende praksis godt kan tr\u00e6nge til et indspark p\u00e5 netop dette omr\u00e5de. &nbsp;&nbsp;&nbsp;&nbsp;<\/p>\n","protected":false},"excerpt":{"rendered":"<p>S\u00f8vn er ikke bare s\u00f8vn. For at forst\u00e5, hvor vigtigt s\u00f8vn er, og hvorfor vi skal prioritere at skabe den gode s\u00f8vn for borgere og patienter i sundhedsv\u00e6snet, er det relevant at se n\u00e6rmere p\u00e5 s\u00f8vnens stadier. Hver eneste nat gennemg\u00e5r kroppen nemlig forskellige s\u00f8vnfaser, som alle er med til at sikre en god nattes\u00f8vn. &hellip; <a href=\"https:\/\/www.directhealthcaregroup.com\/da\/viden-og-evidens\/176409-2\/\">Continued<\/a><\/p>\n","protected":false},"author":40,"featured_media":178057,"parent":174696,"menu_order":20,"comment_status":"closed","ping_status":"closed","template":"","meta":{"_acf_changed":false,"footnotes":""},"class_list":["post-176409","page","type-page","status-publish","has-post-thumbnail","hentry"],"acf":[],"yoast_head":"<!-- This site is optimized with the Yoast SEO plugin v27.4 - https:\/\/yoast.com\/product\/yoast-seo-wordpress\/ -->\n<title>S\u00f8vnens stadier: D\u00e9t sker der, n\u00e5r du sover | DHG<\/title>\n<meta name=\"robots\" content=\"index, follow, max-snippet:-1, max-image-preview:large, max-video-preview:-1\" \/>\n<link rel=\"canonical\" href=\"https:\/\/www.directhealthcaregroup.com\/da\/viden-og-evidens\/176409-2\/\" \/>\n<meta property=\"og:locale\" content=\"da_DK\" \/>\n<meta property=\"og:type\" content=\"article\" \/>\n<meta property=\"og:title\" content=\"S\u00f8vnens stadier: D\u00e9t sker der, n\u00e5r du sover | DHG\" \/>\n<meta property=\"og:description\" content=\"S\u00f8vn er ikke bare s\u00f8vn. For at forst\u00e5, hvor vigtigt s\u00f8vn er, og hvorfor vi skal prioritere at skabe den gode s\u00f8vn for borgere og patienter i sundhedsv\u00e6snet, er det relevant at se n\u00e6rmere p\u00e5 s\u00f8vnens stadier. Hver eneste nat gennemg\u00e5r kroppen nemlig forskellige s\u00f8vnfaser, som alle er med til at sikre en god nattes\u00f8vn. &hellip; Continued\" \/>\n<meta property=\"og:url\" content=\"https:\/\/www.directhealthcaregroup.com\/da\/viden-og-evidens\/176409-2\/\" \/>\n<meta property=\"og:site_name\" content=\"DHG\" \/>\n<meta property=\"article:modified_time\" content=\"2023-05-17T05:38:12+00:00\" \/>\n<meta property=\"og:image\" content=\"https:\/\/www.directhealthcaregroup.com\/app\/uploads\/sovnens-stadier-tb-transformed.jpeg\" \/>\n\t<meta property=\"og:image:width\" content=\"1000\" \/>\n\t<meta property=\"og:image:height\" content=\"250\" \/>\n\t<meta property=\"og:image:type\" content=\"image\/jpeg\" \/>\n<meta name=\"twitter:card\" content=\"summary_large_image\" \/>\n<meta name=\"twitter:label1\" content=\"Est. reading time\" \/>\n\t<meta name=\"twitter:data1\" content=\"7 minutes\" \/>\n<script type=\"application\/ld+json\" class=\"yoast-schema-graph\">{\"@context\":\"https:\\\/\\\/schema.org\",\"@graph\":[{\"@type\":\"WebPage\",\"@id\":\"https:\\\/\\\/www.directhealthcaregroup.com\\\/da\\\/viden-og-evidens\\\/176409-2\\\/\",\"url\":\"https:\\\/\\\/www.directhealthcaregroup.com\\\/da\\\/viden-og-evidens\\\/176409-2\\\/\",\"name\":\"S\u00f8vnens stadier: D\u00e9t sker der, n\u00e5r du sover | DHG\",\"isPartOf\":{\"@id\":\"https:\\\/\\\/www.directhealthcaregroup.com\\\/#website\"},\"primaryImageOfPage\":{\"@id\":\"https:\\\/\\\/www.directhealthcaregroup.com\\\/da\\\/viden-og-evidens\\\/176409-2\\\/#primaryimage\"},\"image\":{\"@id\":\"https:\\\/\\\/www.directhealthcaregroup.com\\\/da\\\/viden-og-evidens\\\/176409-2\\\/#primaryimage\"},\"thumbnailUrl\":\"https:\\\/\\\/www.directhealthcaregroup.com\\\/app\\\/uploads\\\/sovnens-stadier-tb-transformed.jpeg\",\"datePublished\":\"2023-03-23T11:56:26+00:00\",\"dateModified\":\"2023-05-17T05:38:12+00:00\",\"breadcrumb\":{\"@id\":\"https:\\\/\\\/www.directhealthcaregroup.com\\\/da\\\/viden-og-evidens\\\/176409-2\\\/#breadcrumb\"},\"inLanguage\":\"da-DK\",\"potentialAction\":[{\"@type\":\"ReadAction\",\"target\":[\"https:\\\/\\\/www.directhealthcaregroup.com\\\/da\\\/viden-og-evidens\\\/176409-2\\\/\"]}]},{\"@type\":\"ImageObject\",\"inLanguage\":\"da-DK\",\"@id\":\"https:\\\/\\\/www.directhealthcaregroup.com\\\/da\\\/viden-og-evidens\\\/176409-2\\\/#primaryimage\",\"url\":\"https:\\\/\\\/www.directhealthcaregroup.com\\\/app\\\/uploads\\\/sovnens-stadier-tb-transformed.jpeg\",\"contentUrl\":\"https:\\\/\\\/www.directhealthcaregroup.com\\\/app\\\/uploads\\\/sovnens-stadier-tb-transformed.jpeg\",\"width\":1000,\"height\":250},{\"@type\":\"BreadcrumbList\",\"@id\":\"https:\\\/\\\/www.directhealthcaregroup.com\\\/da\\\/viden-og-evidens\\\/176409-2\\\/#breadcrumb\",\"itemListElement\":[{\"@type\":\"ListItem\",\"position\":1,\"name\":\"Home\",\"item\":\"https:\\\/\\\/www.directhealthcaregroup.com\\\/da\\\/\"},{\"@type\":\"ListItem\",\"position\":2,\"name\":\"VIDEN OG EVIDENS\",\"item\":\"https:\\\/\\\/www.directhealthcaregroup.com\\\/da\\\/viden-og-evidens\\\/\"},{\"@type\":\"ListItem\",\"position\":3,\"name\":\"S\u00f8vnens stadier: D\u00e9t sker der, n\u00e5r du sover\"}]},{\"@type\":\"WebSite\",\"@id\":\"https:\\\/\\\/www.directhealthcaregroup.com\\\/#website\",\"url\":\"https:\\\/\\\/www.directhealthcaregroup.com\\\/\",\"name\":\"DHG\",\"description\":\"Moving Health Forward\",\"publisher\":{\"@id\":\"https:\\\/\\\/www.directhealthcaregroup.com\\\/#organization\"},\"potentialAction\":[{\"@type\":\"SearchAction\",\"target\":{\"@type\":\"EntryPoint\",\"urlTemplate\":\"https:\\\/\\\/www.directhealthcaregroup.com\\\/?s={search_term_string}\"},\"query-input\":{\"@type\":\"PropertyValueSpecification\",\"valueRequired\":true,\"valueName\":\"search_term_string\"}}],\"inLanguage\":\"da-DK\"},{\"@type\":\"Organization\",\"@id\":\"https:\\\/\\\/www.directhealthcaregroup.com\\\/#organization\",\"name\":\"Direct Healthcare Group\",\"url\":\"https:\\\/\\\/www.directhealthcaregroup.com\\\/\",\"logo\":{\"@type\":\"ImageObject\",\"inLanguage\":\"da-DK\",\"@id\":\"https:\\\/\\\/www.directhealthcaregroup.com\\\/#\\\/schema\\\/logo\\\/image\\\/\",\"url\":\"https:\\\/\\\/directhealthcaregroup.com\\\/app\\\/uploads\\\/dhg-logo.png\",\"contentUrl\":\"https:\\\/\\\/directhealthcaregroup.com\\\/app\\\/uploads\\\/dhg-logo.png\",\"width\":556,\"height\":240,\"caption\":\"Direct Healthcare Group\"},\"image\":{\"@id\":\"https:\\\/\\\/www.directhealthcaregroup.com\\\/#\\\/schema\\\/logo\\\/image\\\/\"}}]}<\/script>\n<!-- \/ Yoast SEO plugin. -->","yoast_head_json":{"title":"S\u00f8vnens stadier: D\u00e9t sker der, n\u00e5r du sover | DHG","robots":{"index":"index","follow":"follow","max-snippet":"max-snippet:-1","max-image-preview":"max-image-preview:large","max-video-preview":"max-video-preview:-1"},"canonical":"https:\/\/www.directhealthcaregroup.com\/da\/viden-og-evidens\/176409-2\/","og_locale":"da_DK","og_type":"article","og_title":"S\u00f8vnens stadier: D\u00e9t sker der, n\u00e5r du sover | DHG","og_description":"S\u00f8vn er ikke bare s\u00f8vn. For at forst\u00e5, hvor vigtigt s\u00f8vn er, og hvorfor vi skal prioritere at skabe den gode s\u00f8vn for borgere og patienter i sundhedsv\u00e6snet, er det relevant at se n\u00e6rmere p\u00e5 s\u00f8vnens stadier. Hver eneste nat gennemg\u00e5r kroppen nemlig forskellige s\u00f8vnfaser, som alle er med til at sikre en god nattes\u00f8vn. &hellip; Continued","og_url":"https:\/\/www.directhealthcaregroup.com\/da\/viden-og-evidens\/176409-2\/","og_site_name":"DHG","article_modified_time":"2023-05-17T05:38:12+00:00","og_image":[{"width":1000,"height":250,"url":"https:\/\/www.directhealthcaregroup.com\/app\/uploads\/sovnens-stadier-tb-transformed.jpeg","type":"image\/jpeg"}],"twitter_card":"summary_large_image","twitter_misc":{"Est. reading time":"7 minutes"},"schema":{"@context":"https:\/\/schema.org","@graph":[{"@type":"WebPage","@id":"https:\/\/www.directhealthcaregroup.com\/da\/viden-og-evidens\/176409-2\/","url":"https:\/\/www.directhealthcaregroup.com\/da\/viden-og-evidens\/176409-2\/","name":"S\u00f8vnens stadier: D\u00e9t sker der, n\u00e5r du sover | DHG","isPartOf":{"@id":"https:\/\/www.directhealthcaregroup.com\/#website"},"primaryImageOfPage":{"@id":"https:\/\/www.directhealthcaregroup.com\/da\/viden-og-evidens\/176409-2\/#primaryimage"},"image":{"@id":"https:\/\/www.directhealthcaregroup.com\/da\/viden-og-evidens\/176409-2\/#primaryimage"},"thumbnailUrl":"https:\/\/www.directhealthcaregroup.com\/app\/uploads\/sovnens-stadier-tb-transformed.jpeg","datePublished":"2023-03-23T11:56:26+00:00","dateModified":"2023-05-17T05:38:12+00:00","breadcrumb":{"@id":"https:\/\/www.directhealthcaregroup.com\/da\/viden-og-evidens\/176409-2\/#breadcrumb"},"inLanguage":"da-DK","potentialAction":[{"@type":"ReadAction","target":["https:\/\/www.directhealthcaregroup.com\/da\/viden-og-evidens\/176409-2\/"]}]},{"@type":"ImageObject","inLanguage":"da-DK","@id":"https:\/\/www.directhealthcaregroup.com\/da\/viden-og-evidens\/176409-2\/#primaryimage","url":"https:\/\/www.directhealthcaregroup.com\/app\/uploads\/sovnens-stadier-tb-transformed.jpeg","contentUrl":"https:\/\/www.directhealthcaregroup.com\/app\/uploads\/sovnens-stadier-tb-transformed.jpeg","width":1000,"height":250},{"@type":"BreadcrumbList","@id":"https:\/\/www.directhealthcaregroup.com\/da\/viden-og-evidens\/176409-2\/#breadcrumb","itemListElement":[{"@type":"ListItem","position":1,"name":"Home","item":"https:\/\/www.directhealthcaregroup.com\/da\/"},{"@type":"ListItem","position":2,"name":"VIDEN OG EVIDENS","item":"https:\/\/www.directhealthcaregroup.com\/da\/viden-og-evidens\/"},{"@type":"ListItem","position":3,"name":"S\u00f8vnens stadier: D\u00e9t sker der, n\u00e5r du sover"}]},{"@type":"WebSite","@id":"https:\/\/www.directhealthcaregroup.com\/#website","url":"https:\/\/www.directhealthcaregroup.com\/","name":"DHG","description":"Moving Health Forward","publisher":{"@id":"https:\/\/www.directhealthcaregroup.com\/#organization"},"potentialAction":[{"@type":"SearchAction","target":{"@type":"EntryPoint","urlTemplate":"https:\/\/www.directhealthcaregroup.com\/?s={search_term_string}"},"query-input":{"@type":"PropertyValueSpecification","valueRequired":true,"valueName":"search_term_string"}}],"inLanguage":"da-DK"},{"@type":"Organization","@id":"https:\/\/www.directhealthcaregroup.com\/#organization","name":"Direct Healthcare Group","url":"https:\/\/www.directhealthcaregroup.com\/","logo":{"@type":"ImageObject","inLanguage":"da-DK","@id":"https:\/\/www.directhealthcaregroup.com\/#\/schema\/logo\/image\/","url":"https:\/\/directhealthcaregroup.com\/app\/uploads\/dhg-logo.png","contentUrl":"https:\/\/directhealthcaregroup.com\/app\/uploads\/dhg-logo.png","width":556,"height":240,"caption":"Direct Healthcare Group"},"image":{"@id":"https:\/\/www.directhealthcaregroup.com\/#\/schema\/logo\/image\/"}}]}},"_links":{"self":[{"href":"https:\/\/www.directhealthcaregroup.com\/da\/wp-json\/wp\/v2\/pages\/176409","targetHints":{"allow":["GET"]}}],"collection":[{"href":"https:\/\/www.directhealthcaregroup.com\/da\/wp-json\/wp\/v2\/pages"}],"about":[{"href":"https:\/\/www.directhealthcaregroup.com\/da\/wp-json\/wp\/v2\/types\/page"}],"author":[{"embeddable":true,"href":"https:\/\/www.directhealthcaregroup.com\/da\/wp-json\/wp\/v2\/users\/40"}],"replies":[{"embeddable":true,"href":"https:\/\/www.directhealthcaregroup.com\/da\/wp-json\/wp\/v2\/comments?post=176409"}],"version-history":[{"count":4,"href":"https:\/\/www.directhealthcaregroup.com\/da\/wp-json\/wp\/v2\/pages\/176409\/revisions"}],"predecessor-version":[{"id":183715,"href":"https:\/\/www.directhealthcaregroup.com\/da\/wp-json\/wp\/v2\/pages\/176409\/revisions\/183715"}],"up":[{"embeddable":true,"href":"https:\/\/www.directhealthcaregroup.com\/da\/wp-json\/wp\/v2\/pages\/174696"}],"wp:featuredmedia":[{"embeddable":true,"href":"https:\/\/www.directhealthcaregroup.com\/da\/wp-json\/wp\/v2\/media\/178057"}],"wp:attachment":[{"href":"https:\/\/www.directhealthcaregroup.com\/da\/wp-json\/wp\/v2\/media?parent=176409"}],"curies":[{"name":"wp","href":"https:\/\/api.w.org\/{rel}","templated":true}]}}