{"id":176433,"date":"2023-03-23T12:20:43","date_gmt":"2023-03-23T12:20:43","guid":{"rendered":"https:\/\/www.directhealthcaregroup.com\/?page_id=176433"},"modified":"2023-05-17T06:37:27","modified_gmt":"2023-05-17T05:37:27","slug":"176433-2","status":"publish","type":"page","link":"https:\/\/www.directhealthcaregroup.com\/da\/viden-og-evidens\/176433-2\/","title":{"rendered":"Sikker forflytning af bariatriske personer"},"content":{"rendered":"\n<p>B\u00e5de borger og sundhedspersonale kan opleve at v\u00e6re utrygge, n\u00e5r en bariatrisk person skal forflyttes i sengen. F\u00e5 ergoterapeutens bedste r\u00e5d til sikker forflytning af bariatriske borgere og patienter.<\/p>\n\n\n\n<p>8. oktober 2020<\/p>\n\n\n\n<p>Af: Ergoterapeut, Pia Beck<\/p>\n\n\n\n<p>N\u00e5r du som sundhedspersonale skal forflytte en bariatrisk borger eller patient, er du m\u00e5ske bekymret for dit arbejdsmilj\u00f8 og bange for at komme til skade i processen. Og du er ikke den eneste. Ogs\u00e5 den bariatriske borger kan v\u00e6re bekymret for, hvordan forflytningen kommer til at forl\u00f8be. Mange f\u00f8ler sig til besv\u00e6r&nbsp;og er bange for at g\u00f8re skade p\u00e5 dig eller for at falde p\u00e5 gulvet.<\/p>\n\n\n\n<p>Igennem mine 15 \u00e5rs erfaring med denne patientgruppe har jeg opn\u00e5et en viden om, hvordan du kan takle netop denne situation. I denne artikel giver jeg dig derfor nogle af mine bedste r\u00e5d til arbejdet med vending og forflytning af den bariatriske patient.<\/p>\n\n\n\n<h2 class=\"wp-block-heading\"><strong>Risikovurdering af forflytningen<\/strong><\/h2>\n\n\n\n<p>N\u00e5r en bariatrisk borger skal forflyttes, er der flere hensyn at tage, og som i alle andre forflytningssituationer er det vigtigt med en grundig forberedelse. If\u00f8lge en&nbsp;<a rel=\"noreferrer noopener\" href=\"https:\/\/nfa.dk\/da\/Forskning\/Udgivelse?journalId=5d995135-797d-40c8-ac3c-fd1dc001c1b5\" target=\"_blank\">unders\u00f8gelse fra NFA<\/a>&nbsp;er manglende risikovurdering en af de v\u00e6sentligste \u00e5rsager til akut fysisk overbelastning ved personforflytning. Derfor er det altid en god id\u00e9 at starte arbejdet med forflytning her \u2013 ikke mindst, n\u00e5r det kommer til forflytning af bariatriske patienter eller borgere.<\/p>\n\n\n\n<p>Som ved andre patienter b\u00f8r risikovurderingen indeholde en vurdering af patientens funktionsniveau, behovet for hj\u00e6lpemidler og antallet af hj\u00e6lpere, mulige uventede belastninger og plads i lokalet.<\/p>\n\n\n\n<p>Disse fem kategorier kender du sikkert allerede, men hos den bariatriske patient er der ogs\u00e5 nogle andre faktorer, som det er vigtigt at tage h\u00f8jde for. Herunder vil jeg gennemg\u00e5 de tre, som er s\u00e6rlige ift. vending og forflytning af den bariatriske patient.<\/p>\n\n\n\n<h2 class=\"wp-block-heading\"><strong>Den bariatriske borgers funktionsniveau<\/strong><\/h2>\n\n\n\n<p>Inden du p\u00e5begynder en vending eller forflytning af en bariatrisk patient eller borger, er det vigtigt at f\u00e5 afklaret, hvilke fysiske og kognitive ressourcer borgeren har. Nogle sundhedsprofessionelle, der ikke har erfaring med bariatriske borgere, kan fejlagtigt komme til at antage, at de har flere begr\u00e6nsninger end de reelt har og f\u00e5r derfor ikke udnyttet borgerens egne ressourcer.<\/p>\n\n\n\n<p>Mange bariatriske borgere udvikler nye m\u00e5der at bev\u00e6ge sig p\u00e5 og kan f.eks. v\u00e6re i stand til selv at tage sko p\u00e5, selvom det ikke umiddelbart ser s\u00e5dan ud. Derfor er det helt afg\u00f8rende at f\u00e5 inddraget den bariatriske borger i planl\u00e6gningsprocessen, og f\u00e5 spurgt ind til, hvordan borgeren plejer at g\u00f8re, og hvad borgeren er tryg ved.<\/p>\n\n\n\n<p>Samtidigt er det vigtigt at v\u00e6re opm\u00e6rksom p\u00e5, at selvom borgeren kan g\u00e5 rundt ved egen hj\u00e6lp, kan det v\u00e6re vanskeligt for borgeren at forflytte sig liggende i en seng. Dette er fordi v\u00e6gtfordelingen \u00e6ndrer sig, n\u00e5r borgeren kommer ned at ligge, og v\u00e6vet derfor g\u00f8r det vanskeligt for borgeren selv at forflytte sig.<\/p>\n\n\n\n<h2 class=\"wp-block-heading\"><strong>Den bariatriske borgers v\u00e6v<\/strong><\/h2>\n\n\n\n<p>N\u00e5r vi arbejder med forflytning og vending af bariatriske patienter og borgere, er det vigtigt at tage bestik af hvordan borgerens v\u00e6v er aflejret, og om det er bl\u00f8dt eller h\u00e5rdt. Bruger vi termer fra risikovurderingens verden, kan v\u00e6vet nemlig v\u00e6re en uventet belastning, hvis ikke du er forberedt p\u00e5, hvordan det kommer til at bev\u00e6ge sig, n\u00e5r du p\u00e5begynder forflytningen.<\/p>\n\n\n\n<p>Det er som udgangspunkt altid anbefalelsesv\u00e6rdigt at arbejde med en god st\u00f8tte og lejring af borgerens v\u00e6v, da forflytningen ellers kan blive en smertefuld og utryg oplevelse for borgeren. Dette er s\u00e6rligt relevant, hvis borgers v\u00e6v er meget bl\u00f8dt og derfor kan bev\u00e6ge sig under forflytningen. Her er det vigtigt at placere lejringspuder inden forflytningen p\u00e5begyndes, f.eks. hvis borger skal vendes fra rygleje til sideleje. Det vil v\u00e6re med til at st\u00f8tte mave og brystv\u00e6v og sikrer samtidig, at det ikke bliver personalet, der skal \u2019gribe\u2019 eller flytte v\u00e6vet.<\/p>\n\n\n\n<p>Hos nogle borgere, hvor v\u00e6vet er prim\u00e6rt aflejret p\u00e5 maven, og hvor v\u00e6vet er meget fast (ofte sidder fedtv\u00e6vet p\u00e5 indersiden af den abdominale mavemuskulatur), vil v\u00e6vet ikke som s\u00e5dan drifte (bev\u00e6ge sig). Her kan det v\u00e6re fordelagtigt, at sikre stabilitet omkring b\u00e6kkenet, ved at arbejde med en pude under kn\u00e6\/underben enten foran borgeren eller bagved.<\/p>\n\n\n\n<div class=\"wp-block-image\"><figure class=\"aligncenter size-large\"><img loading=\"lazy\" decoding=\"async\" width=\"750\" height=\"375\" src=\"https:\/\/www.directhealthcaregroup.com\/app\/uploads\/70-graders-sideleje.jpg\" alt=\"\" class=\"wp-image-176435\" srcset=\"https:\/\/www.directhealthcaregroup.com\/app\/uploads\/70-graders-sideleje.jpg 750w, https:\/\/www.directhealthcaregroup.com\/app\/uploads\/70-graders-sideleje-300x150.jpg 300w, https:\/\/www.directhealthcaregroup.com\/app\/uploads\/70-graders-sideleje-320x160.jpg 320w, https:\/\/www.directhealthcaregroup.com\/app\/uploads\/70-graders-sideleje-400x200.jpg 400w\" sizes=\"auto, (max-width: 750px) 100vw, 750px\" \/><figcaption>Eksempel p\u00e5 70\u00b0 sideleje<\/figcaption><\/figure><\/div>\n\n\n\n<div class=\"wp-block-image\"><figure class=\"aligncenter size-large\"><img loading=\"lazy\" decoding=\"async\" width=\"750\" height=\"375\" src=\"https:\/\/www.directhealthcaregroup.com\/app\/uploads\/stoette-af-ben-i-sideleje-med-firkantet-stoettepude.jpg\" alt=\"\" class=\"wp-image-176446\" srcset=\"https:\/\/www.directhealthcaregroup.com\/app\/uploads\/stoette-af-ben-i-sideleje-med-firkantet-stoettepude.jpg 750w, https:\/\/www.directhealthcaregroup.com\/app\/uploads\/stoette-af-ben-i-sideleje-med-firkantet-stoettepude-300x150.jpg 300w, https:\/\/www.directhealthcaregroup.com\/app\/uploads\/stoette-af-ben-i-sideleje-med-firkantet-stoettepude-320x160.jpg 320w, https:\/\/www.directhealthcaregroup.com\/app\/uploads\/stoette-af-ben-i-sideleje-med-firkantet-stoettepude-400x200.jpg 400w\" sizes=\"auto, (max-width: 750px) 100vw, 750px\" \/><figcaption>St\u00f8tte af ben i sideleje med firkantet st\u00f8ttepude<\/figcaption><\/figure><\/div>\n\n\n\n<p>Et andet vigtigt fokuspunkt, n\u00e5r det kommer til borgerens v\u00e6v, er opm\u00e6rksomhed p\u00e5 borgerens respiration. Under forflytningen kan v\u00e6vet nemlig komme til at udfordre respiration, f.eks. n\u00e5r borgeren ligger i rygleje. Er det tilf\u00e6ldet, m\u00e5 du, inden du g\u00e5r i gang, sikre, at borgeren ikke bliver udfordret rent respiratorisk undervejs i forflytningen. Dette kan g\u00f8res ved at lade sengens hovedg\u00e6rde v\u00e6re en smule eleveret under vendingen.<\/p>\n\n\n\n<p><strong>L\u00e6s ogs\u00e5:<\/strong>&nbsp;<a href=\"https:\/\/www.directhealthcaregroup.com\/da\/viden-og-evidens\/177643-2\/\" target=\"_blank\" rel=\"noreferrer noopener\">Derfor skal du kende til biomekanik<\/a><\/p>\n\n\n\n<h2 class=\"wp-block-heading\"><strong>Behovet for hj\u00e6lpemidler<\/strong><\/h2>\n\n\n\n<p>Unders\u00f8gelser har vist, at forflytninger i seng af normalv\u00e6gtige borgere eller patienter vha. manuelle hj\u00e6lpemidler \u201d [\u2026] er h\u00f8jrisikoopgaver, hvor en meget stor del af forflytningerne vil overskride de foresl\u00e5ede gr\u00e6nsev\u00e6rdier for rygbelastning.\u201d (<a rel=\"noreferrer noopener\" href=\"https:\/\/www.researchgate.net\/publication\/5287549_Low_back_injury_risk_during_repositioning_of_patients_in_bed_The_influence_of_handling_technique_patient_weight_and_disability\" target=\"_blank\">Skotte og Fallentin<\/a>), selv n\u00e5r forflytningerne udf\u00f8res af erfarne SOSU-medarbejdere. Sandsynligheden for at en vending i seng af en bariatrisk borger eller patient dermed ogs\u00e5 overskrider disse gr\u00e6nsev\u00e6rdier, n\u00e5r manuelle hj\u00e6lpemidler bruges, er meget h\u00f8j.<\/p>\n\n\n\n<p>Ved udarbejdelsen af risikoanalysen, er det derfor ogs\u00e5 meget vigtigt at f\u00e5 fundet ud af, hvilke plejeopgaver der skal foretages hos borgeren, og hvilke hj\u00e6lpemidler der er til r\u00e5dighed. Her er det ogs\u00e5 vigtigt at v\u00e6re bekendt med, hvor mange kilo seng og lift kan holde til (ogs\u00e5 kendt som maksimal brugerv\u00e6gt). Ofte bliver der nemlig lagt for mange ting i sengen, hvilket kan resultere i at bremserne p\u00e5 sengen svigter. Det kan g\u00f8re arbejdssituationen risikofyldt for b\u00e5de borger og personale.<\/p>\n\n\n\n<p>Er der eksempelvis brug for at forflytte et ben, som der er i mange forflytnings- og plejesituationer, er det vigtigt at v\u00e6re opm\u00e6rksom p\u00e5, at et ben udg\u00f8r ca. 16% af en persons totale kropsv\u00e6gt. At forflytte en bariatrisk borgers ben kan dermed overstige, hvad der er sikkerhedsm\u00e6ssigt forsvarligt for dig at forflytte uden eldrevet vende- og forflytningsudstyr.<\/p>\n\n\n\n<p>Er der brug for hj\u00e6lp til forflytning s\u00e5som h\u00f8jere op i seng, vending til side- eller maveleje, forflytning af ben ind og ud af sengen eller p\u00e5l\u00e6gning af sejl, s\u00e5 skal der hos overv\u00e6gtige eller bariatriske borgere eller patienter&nbsp;altid&nbsp;anvendes et elektronisk vendelagen kombineret med en loftlift for at sikre personalets arbejdsmilj\u00f8 og borgerens sikkerhed.<\/p>\n\n\n\n<p>Hvis en bariatrisk borger f\u00f8rst begynder at glide ned af sengen, kan det f\u00e5 katastrofale f\u00f8lger for b\u00e5de personale og borger. Og lander en bariatrisk patient p\u00e5 gulvet, kan forflytning op fra gulv v\u00e6re en udfordring i sig selv for b\u00e5de dig og borgeren.<\/p>\n\n\n\n<p>VENDLET systemet kan ogs\u00e5 v\u00e6re med til at g\u00f8re den bariatriske borger mere tryg ved vending i seng, fordi hastigheden kan reguleres. Er v\u00e6vet meget bl\u00f8dt, giver den lave hastighed samtidigt personalet mulighed for at lejre v\u00e6vet, samtidigt med at der vendes.<\/p>\n\n\n\n<h2 class=\"wp-block-heading\"><strong>Kommunikation skaber tryghed<\/strong><\/h2>\n\n\n\n<p>Som ved alle andre borgere, er det ikke mindst lige s\u00e5 vigtigt at f\u00e5 kommunikeret godt med den bariatriske borger, og forsikre ham\/hende om, at du har styr p\u00e5 situationen.<\/p>\n\n\n\n<p>Det kan altid v\u00e6re en god id\u00e9 at fort\u00e6lle, hvilke overvejelser du har gjort dig om forflytningen, og hvorfor du g\u00f8r som du g\u00f8r. Dette kan v\u00e6re med til at forhindre, at borgeren g\u00f8r noget uventet og m\u00e5ske kommer til at modarbejde dig i fors\u00f8get p\u00e5 at hj\u00e6lpe til.<\/p>\n\n\n\n<p>Er den bariatriske borger utryg, er det endnu vigtigere at f\u00e5 skabt en \u00e5ben dialog, hvor I sammen bliver enige om, hvad der skal foreg\u00e5.<\/p>\n","protected":false},"excerpt":{"rendered":"<p>B\u00e5de borger og sundhedspersonale kan opleve at v\u00e6re utrygge, n\u00e5r en bariatrisk person skal forflyttes i sengen. F\u00e5 ergoterapeutens bedste r\u00e5d til sikker forflytning af bariatriske borgere og patienter. 8. oktober 2020 Af: Ergoterapeut, Pia Beck N\u00e5r du som sundhedspersonale skal forflytte en bariatrisk borger eller patient, er du m\u00e5ske bekymret for dit arbejdsmilj\u00f8 og &hellip; <a href=\"https:\/\/www.directhealthcaregroup.com\/da\/viden-og-evidens\/176433-2\/\">Continued<\/a><\/p>\n","protected":false},"author":40,"featured_media":177173,"parent":174696,"menu_order":21,"comment_status":"closed","ping_status":"closed","template":"","meta":{"_acf_changed":false,"footnotes":""},"class_list":["post-176433","page","type-page","status-publish","has-post-thumbnail","hentry"],"acf":[],"yoast_head":"<!-- This site is optimized with the Yoast SEO plugin v27.4 - https:\/\/yoast.com\/product\/yoast-seo-wordpress\/ -->\n<title>Sikker forflytning af bariatriske personer | DHG<\/title>\n<meta name=\"robots\" content=\"index, follow, max-snippet:-1, max-image-preview:large, max-video-preview:-1\" \/>\n<link rel=\"canonical\" href=\"https:\/\/www.directhealthcaregroup.com\/da\/viden-og-evidens\/176433-2\/\" \/>\n<meta property=\"og:locale\" content=\"da_DK\" \/>\n<meta property=\"og:type\" content=\"article\" \/>\n<meta property=\"og:title\" content=\"Sikker forflytning af bariatriske personer | DHG\" \/>\n<meta property=\"og:description\" content=\"B\u00e5de borger og sundhedspersonale kan opleve at v\u00e6re utrygge, n\u00e5r en bariatrisk person skal forflyttes i sengen. F\u00e5 ergoterapeutens bedste r\u00e5d til sikker forflytning af bariatriske borgere og patienter. 8. oktober 2020 Af: Ergoterapeut, Pia Beck N\u00e5r du som sundhedspersonale skal forflytte en bariatrisk borger eller patient, er du m\u00e5ske bekymret for dit arbejdsmilj\u00f8 og &hellip; Continued\" \/>\n<meta property=\"og:url\" content=\"https:\/\/www.directhealthcaregroup.com\/da\/viden-og-evidens\/176433-2\/\" \/>\n<meta property=\"og:site_name\" content=\"DHG\" \/>\n<meta property=\"article:modified_time\" content=\"2023-05-17T05:37:27+00:00\" \/>\n<meta property=\"og:image\" content=\"https:\/\/www.directhealthcaregroup.com\/app\/uploads\/sikker-forflytning-af-bariatriske-personer-ob-1.jpg\" \/>\n\t<meta property=\"og:image:width\" content=\"500\" \/>\n\t<meta property=\"og:image:height\" content=\"250\" \/>\n\t<meta property=\"og:image:type\" content=\"image\/jpeg\" \/>\n<meta name=\"twitter:card\" content=\"summary_large_image\" \/>\n<meta name=\"twitter:label1\" content=\"Est. reading time\" \/>\n\t<meta name=\"twitter:data1\" content=\"7 minutes\" \/>\n<script type=\"application\/ld+json\" class=\"yoast-schema-graph\">{\"@context\":\"https:\\\/\\\/schema.org\",\"@graph\":[{\"@type\":\"WebPage\",\"@id\":\"https:\\\/\\\/www.directhealthcaregroup.com\\\/da\\\/viden-og-evidens\\\/176433-2\\\/\",\"url\":\"https:\\\/\\\/www.directhealthcaregroup.com\\\/da\\\/viden-og-evidens\\\/176433-2\\\/\",\"name\":\"Sikker forflytning af bariatriske personer | DHG\",\"isPartOf\":{\"@id\":\"https:\\\/\\\/www.directhealthcaregroup.com\\\/#website\"},\"primaryImageOfPage\":{\"@id\":\"https:\\\/\\\/www.directhealthcaregroup.com\\\/da\\\/viden-og-evidens\\\/176433-2\\\/#primaryimage\"},\"image\":{\"@id\":\"https:\\\/\\\/www.directhealthcaregroup.com\\\/da\\\/viden-og-evidens\\\/176433-2\\\/#primaryimage\"},\"thumbnailUrl\":\"https:\\\/\\\/www.directhealthcaregroup.com\\\/app\\\/uploads\\\/sikker-forflytning-af-bariatriske-personer-ob-1.jpg\",\"datePublished\":\"2023-03-23T12:20:43+00:00\",\"dateModified\":\"2023-05-17T05:37:27+00:00\",\"breadcrumb\":{\"@id\":\"https:\\\/\\\/www.directhealthcaregroup.com\\\/da\\\/viden-og-evidens\\\/176433-2\\\/#breadcrumb\"},\"inLanguage\":\"da-DK\",\"potentialAction\":[{\"@type\":\"ReadAction\",\"target\":[\"https:\\\/\\\/www.directhealthcaregroup.com\\\/da\\\/viden-og-evidens\\\/176433-2\\\/\"]}]},{\"@type\":\"ImageObject\",\"inLanguage\":\"da-DK\",\"@id\":\"https:\\\/\\\/www.directhealthcaregroup.com\\\/da\\\/viden-og-evidens\\\/176433-2\\\/#primaryimage\",\"url\":\"https:\\\/\\\/www.directhealthcaregroup.com\\\/app\\\/uploads\\\/sikker-forflytning-af-bariatriske-personer-ob-1.jpg\",\"contentUrl\":\"https:\\\/\\\/www.directhealthcaregroup.com\\\/app\\\/uploads\\\/sikker-forflytning-af-bariatriske-personer-ob-1.jpg\",\"width\":500,\"height\":250},{\"@type\":\"BreadcrumbList\",\"@id\":\"https:\\\/\\\/www.directhealthcaregroup.com\\\/da\\\/viden-og-evidens\\\/176433-2\\\/#breadcrumb\",\"itemListElement\":[{\"@type\":\"ListItem\",\"position\":1,\"name\":\"Home\",\"item\":\"https:\\\/\\\/www.directhealthcaregroup.com\\\/da\\\/\"},{\"@type\":\"ListItem\",\"position\":2,\"name\":\"VIDEN OG EVIDENS\",\"item\":\"https:\\\/\\\/www.directhealthcaregroup.com\\\/da\\\/viden-og-evidens\\\/\"},{\"@type\":\"ListItem\",\"position\":3,\"name\":\"Sikker forflytning af bariatriske personer\"}]},{\"@type\":\"WebSite\",\"@id\":\"https:\\\/\\\/www.directhealthcaregroup.com\\\/#website\",\"url\":\"https:\\\/\\\/www.directhealthcaregroup.com\\\/\",\"name\":\"DHG\",\"description\":\"Moving Health Forward\",\"publisher\":{\"@id\":\"https:\\\/\\\/www.directhealthcaregroup.com\\\/#organization\"},\"potentialAction\":[{\"@type\":\"SearchAction\",\"target\":{\"@type\":\"EntryPoint\",\"urlTemplate\":\"https:\\\/\\\/www.directhealthcaregroup.com\\\/?s={search_term_string}\"},\"query-input\":{\"@type\":\"PropertyValueSpecification\",\"valueRequired\":true,\"valueName\":\"search_term_string\"}}],\"inLanguage\":\"da-DK\"},{\"@type\":\"Organization\",\"@id\":\"https:\\\/\\\/www.directhealthcaregroup.com\\\/#organization\",\"name\":\"Direct Healthcare Group\",\"url\":\"https:\\\/\\\/www.directhealthcaregroup.com\\\/\",\"logo\":{\"@type\":\"ImageObject\",\"inLanguage\":\"da-DK\",\"@id\":\"https:\\\/\\\/www.directhealthcaregroup.com\\\/#\\\/schema\\\/logo\\\/image\\\/\",\"url\":\"https:\\\/\\\/directhealthcaregroup.com\\\/app\\\/uploads\\\/dhg-logo.png\",\"contentUrl\":\"https:\\\/\\\/directhealthcaregroup.com\\\/app\\\/uploads\\\/dhg-logo.png\",\"width\":556,\"height\":240,\"caption\":\"Direct Healthcare Group\"},\"image\":{\"@id\":\"https:\\\/\\\/www.directhealthcaregroup.com\\\/#\\\/schema\\\/logo\\\/image\\\/\"}}]}<\/script>\n<!-- \/ Yoast SEO plugin. -->","yoast_head_json":{"title":"Sikker forflytning af bariatriske personer | DHG","robots":{"index":"index","follow":"follow","max-snippet":"max-snippet:-1","max-image-preview":"max-image-preview:large","max-video-preview":"max-video-preview:-1"},"canonical":"https:\/\/www.directhealthcaregroup.com\/da\/viden-og-evidens\/176433-2\/","og_locale":"da_DK","og_type":"article","og_title":"Sikker forflytning af bariatriske personer | DHG","og_description":"B\u00e5de borger og sundhedspersonale kan opleve at v\u00e6re utrygge, n\u00e5r en bariatrisk person skal forflyttes i sengen. F\u00e5 ergoterapeutens bedste r\u00e5d til sikker forflytning af bariatriske borgere og patienter. 8. oktober 2020 Af: Ergoterapeut, Pia Beck N\u00e5r du som sundhedspersonale skal forflytte en bariatrisk borger eller patient, er du m\u00e5ske bekymret for dit arbejdsmilj\u00f8 og &hellip; Continued","og_url":"https:\/\/www.directhealthcaregroup.com\/da\/viden-og-evidens\/176433-2\/","og_site_name":"DHG","article_modified_time":"2023-05-17T05:37:27+00:00","og_image":[{"width":500,"height":250,"url":"https:\/\/www.directhealthcaregroup.com\/app\/uploads\/sikker-forflytning-af-bariatriske-personer-ob-1.jpg","type":"image\/jpeg"}],"twitter_card":"summary_large_image","twitter_misc":{"Est. reading time":"7 minutes"},"schema":{"@context":"https:\/\/schema.org","@graph":[{"@type":"WebPage","@id":"https:\/\/www.directhealthcaregroup.com\/da\/viden-og-evidens\/176433-2\/","url":"https:\/\/www.directhealthcaregroup.com\/da\/viden-og-evidens\/176433-2\/","name":"Sikker forflytning af bariatriske personer | DHG","isPartOf":{"@id":"https:\/\/www.directhealthcaregroup.com\/#website"},"primaryImageOfPage":{"@id":"https:\/\/www.directhealthcaregroup.com\/da\/viden-og-evidens\/176433-2\/#primaryimage"},"image":{"@id":"https:\/\/www.directhealthcaregroup.com\/da\/viden-og-evidens\/176433-2\/#primaryimage"},"thumbnailUrl":"https:\/\/www.directhealthcaregroup.com\/app\/uploads\/sikker-forflytning-af-bariatriske-personer-ob-1.jpg","datePublished":"2023-03-23T12:20:43+00:00","dateModified":"2023-05-17T05:37:27+00:00","breadcrumb":{"@id":"https:\/\/www.directhealthcaregroup.com\/da\/viden-og-evidens\/176433-2\/#breadcrumb"},"inLanguage":"da-DK","potentialAction":[{"@type":"ReadAction","target":["https:\/\/www.directhealthcaregroup.com\/da\/viden-og-evidens\/176433-2\/"]}]},{"@type":"ImageObject","inLanguage":"da-DK","@id":"https:\/\/www.directhealthcaregroup.com\/da\/viden-og-evidens\/176433-2\/#primaryimage","url":"https:\/\/www.directhealthcaregroup.com\/app\/uploads\/sikker-forflytning-af-bariatriske-personer-ob-1.jpg","contentUrl":"https:\/\/www.directhealthcaregroup.com\/app\/uploads\/sikker-forflytning-af-bariatriske-personer-ob-1.jpg","width":500,"height":250},{"@type":"BreadcrumbList","@id":"https:\/\/www.directhealthcaregroup.com\/da\/viden-og-evidens\/176433-2\/#breadcrumb","itemListElement":[{"@type":"ListItem","position":1,"name":"Home","item":"https:\/\/www.directhealthcaregroup.com\/da\/"},{"@type":"ListItem","position":2,"name":"VIDEN OG EVIDENS","item":"https:\/\/www.directhealthcaregroup.com\/da\/viden-og-evidens\/"},{"@type":"ListItem","position":3,"name":"Sikker forflytning af bariatriske personer"}]},{"@type":"WebSite","@id":"https:\/\/www.directhealthcaregroup.com\/#website","url":"https:\/\/www.directhealthcaregroup.com\/","name":"DHG","description":"Moving Health Forward","publisher":{"@id":"https:\/\/www.directhealthcaregroup.com\/#organization"},"potentialAction":[{"@type":"SearchAction","target":{"@type":"EntryPoint","urlTemplate":"https:\/\/www.directhealthcaregroup.com\/?s={search_term_string}"},"query-input":{"@type":"PropertyValueSpecification","valueRequired":true,"valueName":"search_term_string"}}],"inLanguage":"da-DK"},{"@type":"Organization","@id":"https:\/\/www.directhealthcaregroup.com\/#organization","name":"Direct Healthcare Group","url":"https:\/\/www.directhealthcaregroup.com\/","logo":{"@type":"ImageObject","inLanguage":"da-DK","@id":"https:\/\/www.directhealthcaregroup.com\/#\/schema\/logo\/image\/","url":"https:\/\/directhealthcaregroup.com\/app\/uploads\/dhg-logo.png","contentUrl":"https:\/\/directhealthcaregroup.com\/app\/uploads\/dhg-logo.png","width":556,"height":240,"caption":"Direct Healthcare Group"},"image":{"@id":"https:\/\/www.directhealthcaregroup.com\/#\/schema\/logo\/image\/"}}]}},"_links":{"self":[{"href":"https:\/\/www.directhealthcaregroup.com\/da\/wp-json\/wp\/v2\/pages\/176433","targetHints":{"allow":["GET"]}}],"collection":[{"href":"https:\/\/www.directhealthcaregroup.com\/da\/wp-json\/wp\/v2\/pages"}],"about":[{"href":"https:\/\/www.directhealthcaregroup.com\/da\/wp-json\/wp\/v2\/types\/page"}],"author":[{"embeddable":true,"href":"https:\/\/www.directhealthcaregroup.com\/da\/wp-json\/wp\/v2\/users\/40"}],"replies":[{"embeddable":true,"href":"https:\/\/www.directhealthcaregroup.com\/da\/wp-json\/wp\/v2\/comments?post=176433"}],"version-history":[{"count":4,"href":"https:\/\/www.directhealthcaregroup.com\/da\/wp-json\/wp\/v2\/pages\/176433\/revisions"}],"predecessor-version":[{"id":183714,"href":"https:\/\/www.directhealthcaregroup.com\/da\/wp-json\/wp\/v2\/pages\/176433\/revisions\/183714"}],"up":[{"embeddable":true,"href":"https:\/\/www.directhealthcaregroup.com\/da\/wp-json\/wp\/v2\/pages\/174696"}],"wp:featuredmedia":[{"embeddable":true,"href":"https:\/\/www.directhealthcaregroup.com\/da\/wp-json\/wp\/v2\/media\/177173"}],"wp:attachment":[{"href":"https:\/\/www.directhealthcaregroup.com\/da\/wp-json\/wp\/v2\/media?parent=176433"}],"curies":[{"name":"wp","href":"https:\/\/api.w.org\/{rel}","templated":true}]}}