{"id":176509,"date":"2023-03-23T13:14:00","date_gmt":"2023-03-23T13:14:00","guid":{"rendered":"https:\/\/www.directhealthcaregroup.com\/?page_id=176509"},"modified":"2023-05-17T06:34:38","modified_gmt":"2023-05-17T05:34:38","slug":"176509-2","status":"publish","type":"page","link":"https:\/\/www.directhealthcaregroup.com\/da\/viden-og-evidens\/176509-2\/","title":{"rendered":"Intensiv implementering giver pote"},"content":{"rendered":"\n<h1 class=\"wp-block-heading\"><\/h1>\n\n\n\n<p>I Varde Kommune oplevede de i starten af 2019 at have et h\u00f8jt sygefrav\u00e6r blandt plejepersonalet. Det var s\u00e6rligt smerter i nakke og skuldre, der mist\u00e6nktes for at v\u00e6re synderen. Derfor igangsattes et projektforl\u00f8b, hvor plejecentret Gartnerpassagen skulle afpr\u00f8ve VENDLET systemer som en mulig l\u00f8sning p\u00e5 sygefrav\u00e6rsproblematikken.<\/p>\n\n\n\n<p>15. juli 2020<\/p>\n\n\n\n<h2 class=\"wp-block-heading\"><strong>Projektets form\u00e5l<\/strong><\/h2>\n\n\n\n<p>I starten af februar 2019 igangsatte depotleder Preben Madsen og APV-teamet derfor et ti ugers projektforl\u00f8b.<\/p>\n\n\n\n<p>\u201dDet vi havde fokus p\u00e5, var at aflaste det fysiske arbejdsmilj\u00f8 for plejepersonalet og samtidigt forbedre komforten for borgerne,\u201d fort\u00e6ller Preben Madsen, der er leder af hj\u00e6lpemiddeldepotet i Varde. \u201dVi kunne ogs\u00e5 have kigget p\u00e5 tidsforbruget, men det var et helt bevidst valg ikke at g\u00f8re det. Det var de to andre ting, der var vigtige for os.\u201d<\/p>\n\n\n\n<p>I Varde Kommune havde de fra tidligere lidt erfaring med VENDLET systemer, men brugte dem ikke i udbredt grad. Derfor udvalgte de netop denne forflytningsmetode til afpr\u00f8vning.<\/p>\n\n\n\n<p>I alt blev der installeret 7 VENDLET systemer hos borgere p\u00e5 plejecentret Gartnerpassagen i \u00d8lgod. Det eneste krav var, at borgeren i forvejen skulle have en eller anden form for vendesystem. \u201dSelvom borgerne kunne hj\u00e6lpe lidt til selv, kunne vi godt se fordelen i ogs\u00e5 at bruge VENDLET systemet,\u201d fort\u00e6ller Ann Hagelsk\u00e6r, der er en del af APV-teamet. I store tr\u00e6k var det dog personalet selv, der fik lov til at udv\u00e6lge de borgere, hvor de mente, det kunne v\u00e6re fordelagtigt at have et VENDLET system.<\/p>\n\n\n\n<h2 class=\"wp-block-heading\"><strong>Godt kl\u00e6dt p\u00e5<\/strong><\/h2>\n\n\n\n<p>Inden VENDLET systemerne blev monteret hos de syv borgere, fik personalet god mulighed for at blive godt bekendte med systemet. Et VENDLET system blev nemlig monteret p\u00e5 en plejeseng i et f\u00e6llesrum, hvor personalet s\u00e5 kunne \u00f8ve sig med hinanden.<\/p>\n\n\n\n<p>Her fik de desuden to gange undervisning af en af Vendlets konsulenter, hvor APV-teamet ogs\u00e5 deltog. Det gjorde det efterf\u00f8lgende muligt for APV-teamet at tage nogle af personalets bekymringer i opl\u00f8bet fort\u00e6ller Annette S\u00f8borg, der er en del af APV-teamet i Varde Kommune: \u201dI starten var vi oftere derude for at f\u00e5 fjernet de der sm\u00e5 ting, som personalet var bekymrede for,\u201d fort\u00e6ller Annette. Det bet\u00f8d, at personalet hurtigt blev trygge ved systemerne.<\/p>\n\n\n\n<figure class=\"wp-block-embed-youtube aligncenter wp-block-embed is-type-video is-provider-youtube wp-embed-aspect-16-9 wp-has-aspect-ratio\"><div class=\"wp-block-embed__wrapper\">\n<iframe loading=\"lazy\" title=\"Varde\" width=\"500\" height=\"281\" src=\"https:\/\/www.youtube.com\/embed\/GE4wA0S-6f4?feature=oembed\" frameborder=\"0\" allow=\"accelerometer; autoplay; clipboard-write; encrypted-media; gyroscope; picture-in-picture; web-share\" referrerpolicy=\"strict-origin-when-cross-origin\" allowfullscreen><\/iframe>\n<\/div><\/figure>\n\n\n\n<h2 class=\"wp-block-heading\"><strong>Evalueringen<\/strong><\/h2>\n\n\n\n<p>Inden de ti uger gik i gang, blev personalet bedt om at udfylde et sp\u00f8rgeskema, som skulle udg\u00f8re en f\u00f8r-m\u00e5ling. Plejepersonalet skulle blandt andet svare p\u00e5, hvor belastende de oplevede forskellige vendesystemer.<\/p>\n\n\n\n<p>\u201dVi var lidt skarpe p\u00e5, at alle skulle besvare sp\u00f8rgsm\u00e5lene, s\u00e5 vi havde det bedste grundlag for at vide, om det rykkede noget at f\u00e5 implementeret systemerne,\u201d fort\u00e6ller Preben Madsen. Efter de 10 uger blev personalet igen bedt om at udfyldte et andet sp\u00f8rgeskema, s\u00e5ledes at f\u00f8r og efter situationerne kunne sammenlignes. I alt besvarede 24 medarbejdere p\u00e5 b\u00e5de det indledende og det afsluttende sp\u00f8rgeskema.<\/p>\n\n\n\n<p>Overordnet set viste resultaterne, at personalet er glade for at bruge VENDLET systemerne. Allerede efter en uge fik APV-teamet positive tilbagemeldinger fra personale, der kunne m\u00e6rke forskel.<\/p>\n\n\n\n<p>\u201dEfter vi har skiftet, har jeg f\u00e6rre af de dage, hvor jeg har hovedpine fra overbelastning af skuldrene,\u201d fort\u00e6ller Marianne, der er SSA p\u00e5 Gartnerpassagen. Da systemerne f\u00f8rst blev implementeret, var Marianne skeptisk, men det blev der hurtigt lavet om p\u00e5: \u201dNu vil jeg i hvert fald ikke af med dem,\u201d fort\u00e6ller hun. Ogs\u00e5 hendes kollega Charlotte oplevede, at de f\u00e6rre tr\u00e6k og skub lettede hendes albue, hvor hun ellers havde smerter f\u00f8r.<\/p>\n\n\n\n<h2 class=\"wp-block-heading\"><strong>Vil gentage succesen<\/strong><\/h2>\n\n\n\n<p>Det intensive 10 ugers forl\u00f8b, med undervisning og implementering af systemerne, bet\u00f8d, at personalet hurtigt opbyggede erfaring med systemerne, og at b\u00e5de de og borgerne derfor ogs\u00e5 oplevede effekterne hurtigt. \u201dVi ville gerne g\u00f8re det p\u00e5 samme m\u00e5de igen, fordi vi kan se gevinsterne ved at implementere flere VENDLET systemer det samme sted, fordi det s\u00e5 kommer til at&nbsp; sidde p\u00e5 rygraden,\u201d fort\u00e6ller Ann Hagelsk\u00e6r.<\/p>\n\n\n\n<p>Og depotleder Preben Madsen oplever ogs\u00e5 en eftersp\u00f8rgsel fra andre plejecentre, der har h\u00f8rt om projektet. \u201dFor plejepersonalet har det betydet at de nu har en bevidsthed om, at der findes&nbsp; noget andet, som er bedre for os som plejepersonale,\u201d siger Preben.<\/p>\n\n\n\n<p>En ting er sikkert; viljen til at k\u00f8re endnu et projekt er der, for det har v\u00e6ret en succes: \u201dRent projektm\u00e6ssigt vil vi gerne g\u00f8re det p\u00e5 samme m\u00e5de igen, n\u00e5r der bliver penge til at k\u00f8re et projekt mere, for det har virket rigtigt godt,\u201d fort\u00e6ller Preben.<\/p>\n","protected":false},"excerpt":{"rendered":"<p>I Varde Kommune oplevede de i starten af 2019 at have et h\u00f8jt sygefrav\u00e6r blandt plejepersonalet. Det var s\u00e6rligt smerter i nakke og skuldre, der mist\u00e6nktes for at v\u00e6re synderen. Derfor igangsattes et projektforl\u00f8b, hvor plejecentret Gartnerpassagen skulle afpr\u00f8ve VENDLET systemer som en mulig l\u00f8sning p\u00e5 sygefrav\u00e6rsproblematikken. 15. juli 2020 Projektets form\u00e5l I starten af &hellip; <a href=\"https:\/\/www.directhealthcaregroup.com\/da\/viden-og-evidens\/176509-2\/\">Continued<\/a><\/p>\n","protected":false},"author":40,"featured_media":0,"parent":174696,"menu_order":32,"comment_status":"closed","ping_status":"closed","template":"","meta":{"_acf_changed":false,"footnotes":""},"class_list":["post-176509","page","type-page","status-publish","hentry"],"acf":[],"yoast_head":"<!-- This site is optimized with the Yoast SEO plugin v27.4 - https:\/\/yoast.com\/product\/yoast-seo-wordpress\/ -->\n<title>Intensiv implementering giver pote | DHG<\/title>\n<meta name=\"robots\" content=\"index, follow, max-snippet:-1, max-image-preview:large, max-video-preview:-1\" \/>\n<link rel=\"canonical\" href=\"https:\/\/www.directhealthcaregroup.com\/da\/viden-og-evidens\/176509-2\/\" \/>\n<meta property=\"og:locale\" content=\"da_DK\" \/>\n<meta property=\"og:type\" content=\"article\" \/>\n<meta property=\"og:title\" content=\"Intensiv implementering giver pote | DHG\" \/>\n<meta property=\"og:description\" content=\"I Varde Kommune oplevede de i starten af 2019 at have et h\u00f8jt sygefrav\u00e6r blandt plejepersonalet. Det var s\u00e6rligt smerter i nakke og skuldre, der mist\u00e6nktes for at v\u00e6re synderen. Derfor igangsattes et projektforl\u00f8b, hvor plejecentret Gartnerpassagen skulle afpr\u00f8ve VENDLET systemer som en mulig l\u00f8sning p\u00e5 sygefrav\u00e6rsproblematikken. 15. juli 2020 Projektets form\u00e5l I starten af &hellip; Continued\" \/>\n<meta property=\"og:url\" content=\"https:\/\/www.directhealthcaregroup.com\/da\/viden-og-evidens\/176509-2\/\" \/>\n<meta property=\"og:site_name\" content=\"DHG\" \/>\n<meta property=\"article:modified_time\" content=\"2023-05-17T05:34:38+00:00\" \/>\n<meta name=\"twitter:card\" content=\"summary_large_image\" \/>\n<meta name=\"twitter:label1\" content=\"Est. reading time\" \/>\n\t<meta name=\"twitter:data1\" content=\"4 minutes\" \/>\n<script type=\"application\/ld+json\" class=\"yoast-schema-graph\">{\"@context\":\"https:\\\/\\\/schema.org\",\"@graph\":[{\"@type\":\"WebPage\",\"@id\":\"https:\\\/\\\/www.directhealthcaregroup.com\\\/da\\\/viden-og-evidens\\\/176509-2\\\/\",\"url\":\"https:\\\/\\\/www.directhealthcaregroup.com\\\/da\\\/viden-og-evidens\\\/176509-2\\\/\",\"name\":\"Intensiv implementering giver pote | DHG\",\"isPartOf\":{\"@id\":\"https:\\\/\\\/www.directhealthcaregroup.com\\\/#website\"},\"datePublished\":\"2023-03-23T13:14:00+00:00\",\"dateModified\":\"2023-05-17T05:34:38+00:00\",\"breadcrumb\":{\"@id\":\"https:\\\/\\\/www.directhealthcaregroup.com\\\/da\\\/viden-og-evidens\\\/176509-2\\\/#breadcrumb\"},\"inLanguage\":\"da-DK\",\"potentialAction\":[{\"@type\":\"ReadAction\",\"target\":[\"https:\\\/\\\/www.directhealthcaregroup.com\\\/da\\\/viden-og-evidens\\\/176509-2\\\/\"]}]},{\"@type\":\"BreadcrumbList\",\"@id\":\"https:\\\/\\\/www.directhealthcaregroup.com\\\/da\\\/viden-og-evidens\\\/176509-2\\\/#breadcrumb\",\"itemListElement\":[{\"@type\":\"ListItem\",\"position\":1,\"name\":\"Home\",\"item\":\"https:\\\/\\\/www.directhealthcaregroup.com\\\/da\\\/\"},{\"@type\":\"ListItem\",\"position\":2,\"name\":\"VIDEN OG EVIDENS\",\"item\":\"https:\\\/\\\/www.directhealthcaregroup.com\\\/da\\\/viden-og-evidens\\\/\"},{\"@type\":\"ListItem\",\"position\":3,\"name\":\"Intensiv implementering giver pote\"}]},{\"@type\":\"WebSite\",\"@id\":\"https:\\\/\\\/www.directhealthcaregroup.com\\\/#website\",\"url\":\"https:\\\/\\\/www.directhealthcaregroup.com\\\/\",\"name\":\"DHG\",\"description\":\"Moving Health Forward\",\"publisher\":{\"@id\":\"https:\\\/\\\/www.directhealthcaregroup.com\\\/#organization\"},\"potentialAction\":[{\"@type\":\"SearchAction\",\"target\":{\"@type\":\"EntryPoint\",\"urlTemplate\":\"https:\\\/\\\/www.directhealthcaregroup.com\\\/?s={search_term_string}\"},\"query-input\":{\"@type\":\"PropertyValueSpecification\",\"valueRequired\":true,\"valueName\":\"search_term_string\"}}],\"inLanguage\":\"da-DK\"},{\"@type\":\"Organization\",\"@id\":\"https:\\\/\\\/www.directhealthcaregroup.com\\\/#organization\",\"name\":\"Direct Healthcare Group\",\"url\":\"https:\\\/\\\/www.directhealthcaregroup.com\\\/\",\"logo\":{\"@type\":\"ImageObject\",\"inLanguage\":\"da-DK\",\"@id\":\"https:\\\/\\\/www.directhealthcaregroup.com\\\/#\\\/schema\\\/logo\\\/image\\\/\",\"url\":\"https:\\\/\\\/directhealthcaregroup.com\\\/app\\\/uploads\\\/dhg-logo.png\",\"contentUrl\":\"https:\\\/\\\/directhealthcaregroup.com\\\/app\\\/uploads\\\/dhg-logo.png\",\"width\":556,\"height\":240,\"caption\":\"Direct Healthcare Group\"},\"image\":{\"@id\":\"https:\\\/\\\/www.directhealthcaregroup.com\\\/#\\\/schema\\\/logo\\\/image\\\/\"}}]}<\/script>\n<!-- \/ Yoast SEO plugin. -->","yoast_head_json":{"title":"Intensiv implementering giver pote | DHG","robots":{"index":"index","follow":"follow","max-snippet":"max-snippet:-1","max-image-preview":"max-image-preview:large","max-video-preview":"max-video-preview:-1"},"canonical":"https:\/\/www.directhealthcaregroup.com\/da\/viden-og-evidens\/176509-2\/","og_locale":"da_DK","og_type":"article","og_title":"Intensiv implementering giver pote | DHG","og_description":"I Varde Kommune oplevede de i starten af 2019 at have et h\u00f8jt sygefrav\u00e6r blandt plejepersonalet. Det var s\u00e6rligt smerter i nakke og skuldre, der mist\u00e6nktes for at v\u00e6re synderen. Derfor igangsattes et projektforl\u00f8b, hvor plejecentret Gartnerpassagen skulle afpr\u00f8ve VENDLET systemer som en mulig l\u00f8sning p\u00e5 sygefrav\u00e6rsproblematikken. 15. juli 2020 Projektets form\u00e5l I starten af &hellip; Continued","og_url":"https:\/\/www.directhealthcaregroup.com\/da\/viden-og-evidens\/176509-2\/","og_site_name":"DHG","article_modified_time":"2023-05-17T05:34:38+00:00","twitter_card":"summary_large_image","twitter_misc":{"Est. reading time":"4 minutes"},"schema":{"@context":"https:\/\/schema.org","@graph":[{"@type":"WebPage","@id":"https:\/\/www.directhealthcaregroup.com\/da\/viden-og-evidens\/176509-2\/","url":"https:\/\/www.directhealthcaregroup.com\/da\/viden-og-evidens\/176509-2\/","name":"Intensiv implementering giver pote | DHG","isPartOf":{"@id":"https:\/\/www.directhealthcaregroup.com\/#website"},"datePublished":"2023-03-23T13:14:00+00:00","dateModified":"2023-05-17T05:34:38+00:00","breadcrumb":{"@id":"https:\/\/www.directhealthcaregroup.com\/da\/viden-og-evidens\/176509-2\/#breadcrumb"},"inLanguage":"da-DK","potentialAction":[{"@type":"ReadAction","target":["https:\/\/www.directhealthcaregroup.com\/da\/viden-og-evidens\/176509-2\/"]}]},{"@type":"BreadcrumbList","@id":"https:\/\/www.directhealthcaregroup.com\/da\/viden-og-evidens\/176509-2\/#breadcrumb","itemListElement":[{"@type":"ListItem","position":1,"name":"Home","item":"https:\/\/www.directhealthcaregroup.com\/da\/"},{"@type":"ListItem","position":2,"name":"VIDEN OG EVIDENS","item":"https:\/\/www.directhealthcaregroup.com\/da\/viden-og-evidens\/"},{"@type":"ListItem","position":3,"name":"Intensiv implementering giver pote"}]},{"@type":"WebSite","@id":"https:\/\/www.directhealthcaregroup.com\/#website","url":"https:\/\/www.directhealthcaregroup.com\/","name":"DHG","description":"Moving Health Forward","publisher":{"@id":"https:\/\/www.directhealthcaregroup.com\/#organization"},"potentialAction":[{"@type":"SearchAction","target":{"@type":"EntryPoint","urlTemplate":"https:\/\/www.directhealthcaregroup.com\/?s={search_term_string}"},"query-input":{"@type":"PropertyValueSpecification","valueRequired":true,"valueName":"search_term_string"}}],"inLanguage":"da-DK"},{"@type":"Organization","@id":"https:\/\/www.directhealthcaregroup.com\/#organization","name":"Direct Healthcare Group","url":"https:\/\/www.directhealthcaregroup.com\/","logo":{"@type":"ImageObject","inLanguage":"da-DK","@id":"https:\/\/www.directhealthcaregroup.com\/#\/schema\/logo\/image\/","url":"https:\/\/directhealthcaregroup.com\/app\/uploads\/dhg-logo.png","contentUrl":"https:\/\/directhealthcaregroup.com\/app\/uploads\/dhg-logo.png","width":556,"height":240,"caption":"Direct Healthcare Group"},"image":{"@id":"https:\/\/www.directhealthcaregroup.com\/#\/schema\/logo\/image\/"}}]}},"_links":{"self":[{"href":"https:\/\/www.directhealthcaregroup.com\/da\/wp-json\/wp\/v2\/pages\/176509","targetHints":{"allow":["GET"]}}],"collection":[{"href":"https:\/\/www.directhealthcaregroup.com\/da\/wp-json\/wp\/v2\/pages"}],"about":[{"href":"https:\/\/www.directhealthcaregroup.com\/da\/wp-json\/wp\/v2\/types\/page"}],"author":[{"embeddable":true,"href":"https:\/\/www.directhealthcaregroup.com\/da\/wp-json\/wp\/v2\/users\/40"}],"replies":[{"embeddable":true,"href":"https:\/\/www.directhealthcaregroup.com\/da\/wp-json\/wp\/v2\/comments?post=176509"}],"version-history":[{"count":4,"href":"https:\/\/www.directhealthcaregroup.com\/da\/wp-json\/wp\/v2\/pages\/176509\/revisions"}],"predecessor-version":[{"id":183711,"href":"https:\/\/www.directhealthcaregroup.com\/da\/wp-json\/wp\/v2\/pages\/176509\/revisions\/183711"}],"up":[{"embeddable":true,"href":"https:\/\/www.directhealthcaregroup.com\/da\/wp-json\/wp\/v2\/pages\/174696"}],"wp:attachment":[{"href":"https:\/\/www.directhealthcaregroup.com\/da\/wp-json\/wp\/v2\/media?parent=176509"}],"curies":[{"name":"wp","href":"https:\/\/api.w.org\/{rel}","templated":true}]}}