{"id":176707,"date":"2023-03-28T10:08:27","date_gmt":"2023-03-28T09:08:27","guid":{"rendered":"https:\/\/www.directhealthcaregroup.com\/?page_id=176707"},"modified":"2023-05-17T06:34:03","modified_gmt":"2023-05-17T05:34:03","slug":"176707-2","status":"publish","type":"page","link":"https:\/\/www.directhealthcaregroup.com\/da\/viden-og-evidens\/176707-2\/","title":{"rendered":"Valg af madras: Lad mobilitetsniveauet bestemme"},"content":{"rendered":"\n<h1 class=\"wp-block-heading\"><\/h1>\n\n\n\n<p>N\u00e5r en borger eller patient skal bevilliges en madras, er der ofte en r\u00e6kke sp\u00f8rgsm\u00e5l, der g\u00e5r igen. Til hvilken s\u00e5rkategori d\u00e6kker den? Hvordan ser trykm\u00e5lingerne ud? Og skal madrassen v\u00e6re med eller uden pumpe? Men der er andre ting, der ogs\u00e5 b\u00f8r fylde i valget af madras som hj\u00e6lpemiddel.<\/p>\n\n\n\n<p>10. juni 2020<\/p>\n\n\n\n<p>Af: Ergoterapeut, Pia Beck<\/p>\n\n\n\n<h2 class=\"wp-block-heading\"><strong>Trykm\u00e5linger og s\u00e5rkategorier<\/strong><\/h2>\n\n\n\n<p>I mange \u00e5r har det v\u00e6ret begreberne s\u00e5rkategori og trykm\u00e5linger, der har v\u00e6ret styrende for valg af madras og for den faglige diskussion om madrasser som hj\u00e6lpemiddel.<\/p>\n\n\n\n<p>Det har betydet at s\u00e5r eller r\u00f8dme ofte har v\u00e6ret lig med rekvirering af en madras med pumpe og igangs\u00e6tning af venderegime. Men selvom der i h\u00f8j grad er brug for at se p\u00e5 trykm\u00e5linger og s\u00e5rkategorier, b\u00f8r disse elementer langt fra v\u00e6re s\u00e5 styrende for den m\u00e5de, der arbejdes med bevilling af madrasser p\u00e5, som de har v\u00e6ret igennem de sidste mange \u00e5r.<\/p>\n\n\n\n<p>Det har b\u00e5de haft den effekt, at mange f\u00f8rst f\u00e5r \u00f8jnene op for v\u00e6vsaflastning, n\u00e5r der allerede er opst\u00e5et v\u00e6vsskader, men det har ogs\u00e5 betydet, at vi i h\u00f8j grad har v\u00e6ret forfaldne til at lade scoringsskemaer v\u00e6gte h\u00f8jere end fagligheden.<\/p>\n\n\n\n<h2 class=\"wp-block-heading\"><strong>Scoringsskemaer er ikke facitlister<\/strong><\/h2>\n\n\n\n<p>Der arbejdes i flere kommuner og regioner rundt omkring i landet med Braden scoringsskema (se nedenfor) eller andre lignende skemaer, som hj\u00e6lper personalet med at vurdere om borgeren er i risiko for at udvikle v\u00e6vsskader. Det er et godt og anvendeligt scoringsredskab. Desv\u00e6rre anvendes resultaterne af en scoring p\u00e5 Braden Scalaen og lignende scoringsredskaber ofte som facitlister fremfor vejledninger.<\/p>\n\n\n\n<figure class=\"wp-block-table is-style-stripes\"><table><tbody><tr><td><strong>Sensorisk perception<\/strong><br>Evne til at reagere meningsfyldt p\u00e5 trykrelateret ubehag<\/td><td>Helt begr\u00e6nsetMeget begr\u00e6nsetLidt begr\u00e6nsetIngen begr\u00e6nsning<\/td><\/tr><tr><td><strong>Fugt<\/strong><br>Den grad i hvilken huden er udsat for fugt<\/td><td>Konstant fugtMeget fugtLejlighedsvis fugtSj\u00e6lden fugt<\/td><\/tr><tr><td><strong>Aktivitet<\/strong><br>Grad af fysisk aktivitet<\/td><td>Bundet til sengenBundet til stolG\u00e5r en gang i mellemG\u00e5r hyppigt<\/td><\/tr><tr><td><strong>Mobilitet<\/strong><br>Evne til at skifte og kontrollere stilling<\/td><td>Helt immobilMeget begr\u00e6nsetLet begr\u00e6nsetIngen begr\u00e6nsning<\/td><\/tr><tr><td><strong>Ern\u00e6ring<\/strong><br>S\u00e6dvanlig f\u00f8deindtagelsesm\u00f8nster<\/td><td>Meget d\u00e5rligSandsynligvis utilstr\u00e6kkeligTilstr\u00e6kkeligudm\u00e6rket<\/td><\/tr><tr><td><strong>Gnidning og forskydning<\/strong><\/td><td>ProblemPotentielt problemIkke iagtaget noget problem<\/td><\/tr><\/tbody><\/table><\/figure>\n\n\n\n<p><em><small>Braden Scalaen. Patienten scores inden for hver kategori, og den samlede score fort\u00e6ller om der er h\u00f8j, middel eller lav risiko for v\u00e6vsskader. En score p\u00e5 19-23 indikerer en lav risiko. En score p\u00e5 12-18 indikerer en middel risiko. Og en score p\u00e5 6-11 indikerer en h\u00f8j risiko.<br><\/small><\/em><\/p>\n\n\n\n<p>Det betyder, at det flere steder er normal praksis automatisk at rekvirere en aktiv madras, hvis borgeren totalt set scorer lavt p\u00e5 scalaen (og dermed vurderes at v\u00e6re i h\u00f8j risiko for at udvikle v\u00e6vsskader), uden at der fagligt stilles kritiske sp\u00f8rgsm\u00e5l ved det.<\/p>\n\n\n\n<p>Borgere der scorer lavt, men som har scoret h\u00f8jt i mobilitesniveau kan dermed blive pacificeret p\u00e5 de aktive madrasser, der udelukkende best\u00e5r af h\u00f8je luftceller.<\/p>\n\n\n\n<p>P\u00e5 de klassiske vekseltrykmadrasser vil kroppen nemlig synke ned, n\u00e5r madrassens celler skiftevis fyldes og t\u00f8mmes for luft. Det kan v\u00e6re medvirkende til at borgere med nogen mobilitet bliver mere passive, og ikke selv kan lave de sm\u00e5 mikrobev\u00e6gelser, som vi alle foretager ca. hvert 10 minut igennem hele nattes\u00f8vnen. Disse sm\u00e5 mikrobev\u00e6gelser, har stor betydning for v\u00e6vets stimulering og uden dem, kommer vi i stor risiko for at udvikle v\u00e6vsskader.<\/p>\n\n\n\n<p>P\u00e5 denne m\u00e5de kan valget af madras, baseret p\u00e5 et scoringsskema, faktisk forv\u00e6rre v\u00e6vsproblematikker hos nogle patienter, hvis der ikke samtidigt laves en faglig vurdering af deres mobilitetsniveau.<br><\/p>\n\n\n\n<h2 class=\"wp-block-heading\"><strong>F\u00e5 fagligheden i spil<\/strong><\/h2>\n\n\n\n<p>En m\u00e5de i h\u00f8jere grad at f\u00e5 fagligheden i spil p\u00e5 er at lave en separat vurdering af borgerens mobilitetsniveau, n\u00e5r det skal vurderes hvilken madras, der er den rette til borgeren.<\/p>\n\n\n\n<p>Ved denne tilgang er det n\u00f8dvendigt f\u00f8rst at score borgeren vha. Braden Scalaen og dern\u00e6st tage mobilitetsniveauet ud og se s\u00e6rskilt p\u00e5 det. Scorer borgeren h\u00f8jt p\u00e5 mobilitet, b\u00f8r det ikke v\u00e6re n\u00f8dvendigt med en aktiv madras.<\/p>\n\n\n\n<p>I stedet kunne et forslag v\u00e6re at v\u00e6lge en god reaktiv madras, der giver borgeren mulighed for forsat at bev\u00e6ge sig. Og hvis det vurderes, at borgeren ikke har tilstr\u00e6kkelige ressourcer til at bev\u00e6ge sig, eller ikke f\u00e5r repositioneret sig tilstr\u00e6kkeligt, kan der samtidig s\u00e6ttes ind med sm\u00e5 repositioneringer for eksempel i form af den lille pudes vandring.&nbsp;Er borgeren helt immobil b\u00f8r de naturligvis have en aktiv madras.<br><\/p>\n\n\n\n<h2 class=\"wp-block-heading\"><strong>Eksisterende s\u00e5r<\/strong><\/h2>\n\n\n\n<p>Ved eksisterende s\u00e5r kan s\u00e5rkategorien, s\u00e5rets placering og typen af s\u00e5r bestemme hvilke trykaflastende funktioner madrassen skal have. Det er nemlig ikke alle s\u00e5r, der skyldes tryk, og det er derfor n\u00f8dvendigt, at vi finder \u00e5rsagen til s\u00e5ret, hvis vi \u00f8nsker at v\u00e6lge den rigtige madras.<\/p>\n\n\n\n<p>Er der f.eks. kun s\u00e5r p\u00e5 h\u00e6lene, kan en reaktiv madras med en trykaflastende h\u00e6lzone v\u00e6re en god l\u00f8sning. Er der derimod s\u00e5r p\u00e5 haleben\/korsben, s\u00e5 kan det skyldes shear og friktion ved elevation af sengens rygdel, og en reaktiv skummadras, s\u00e5som vores Dyna-Form Mercury Advance, kan v\u00e6re en god l\u00f8sning, da den har en friktionsneds\u00e6ttende glidezone. Er der derimod reelle tryks\u00e5r og er borgerens mobilitetsniveau i \u00f8vrigt lavt, s\u00e5 skal der s\u00e6ttes ind med en aktiv madras.<br><\/p>\n\n\n\n<h2 class=\"wp-block-heading\"><strong>S\u00e5dan v\u00e6lger du den rigtige madras<\/strong><\/h2>\n\n\n\n<p>Der er uden tvivl et stort \u00f8nske om at nedbringe antallet og ikke mindst udgifterne til s\u00e5r, da s\u00e5r har store konsekvenser for den enkelte borger,&nbsp;og da udgifter til s\u00e5r-behandling er svimlende h\u00f8je. Et godt skridt i denne retning er valget af madras.<br><\/p>\n\n\n\n<h4 class=\"wp-block-heading\"><strong>N\u00e5r du skal v\u00e6lge den rigtige madras til borgeren, er vores r\u00e5d derfor:<\/strong><\/h4>\n\n\n\n<ul class=\"wp-block-list\"><li>Lad mobilitetsniveauet bestemme, om du skal rekvirere en aktiv eller en reaktiv madras. Er borger helt immobil er en aktiv madras n\u00f8dvendig. Men har borger lidt mobilitet kan en reaktiv madras sammenkoblet med repositioneringer v\u00e6re en bedre l\u00f8sning.<\/li><li>Find \u00e5rsagen til s\u00e5ret, f\u00f8r du rekvirerer en madras; er det tryk, shear, friktion, maceration eller delaminering af huden, der er skyld i s\u00e5ret? Det er ikke alle s\u00e5r, der kan bedres vha. en trykaflastende madras om s\u00e5 den er aktiv eller reaktiv. Er s\u00e5ret opst\u00e5et ved liftning ud af sengen, i k\u00f8restolen eller ved brug af sengens profilerende egenskaber, s\u00e5 skal der \u00e6ndres p\u00e5 arbejdsprocesserne og ikke n\u00f8dvendigvis rekvireres en ny madras.<\/li><li>Husk at fokusere p\u00e5 den forebyggende indsats fremfor blot den behandlende; S\u00f8rg for at alle medarbejdere har styr p\u00e5 s\u00e5rtyper og kender til, hvordan tiltag s\u00e5som lejring og repositionerings- og venderegimer kan indg\u00e5 i den forebyggende indsats.<\/li><li>Brug din faglighed; Lad ikke retningslinjer, procedurer og scoringsskemaer overskygge den individuelle, faglige vurdering.<\/li><\/ul>\n","protected":false},"excerpt":{"rendered":"<p>N\u00e5r en borger eller patient skal bevilliges en madras, er der ofte en r\u00e6kke sp\u00f8rgsm\u00e5l, der g\u00e5r igen. Til hvilken s\u00e5rkategori d\u00e6kker den? Hvordan ser trykm\u00e5lingerne ud? Og skal madrassen v\u00e6re med eller uden pumpe? Men der er andre ting, der ogs\u00e5 b\u00f8r fylde i valget af madras som hj\u00e6lpemiddel. 10. juni 2020 Af: Ergoterapeut, &hellip; <a href=\"https:\/\/www.directhealthcaregroup.com\/da\/viden-og-evidens\/176707-2\/\">Continued<\/a><\/p>\n","protected":false},"author":40,"featured_media":176767,"parent":174696,"menu_order":31,"comment_status":"closed","ping_status":"closed","template":"","meta":{"_acf_changed":false,"footnotes":""},"class_list":["post-176707","page","type-page","status-publish","has-post-thumbnail","hentry"],"acf":[],"yoast_head":"<!-- This site is optimized with the Yoast SEO plugin v27.4 - https:\/\/yoast.com\/product\/yoast-seo-wordpress\/ -->\n<title>Valg af madras: Lad mobilitetsniveauet bestemme | DHG<\/title>\n<meta name=\"robots\" content=\"index, follow, max-snippet:-1, max-image-preview:large, max-video-preview:-1\" \/>\n<link rel=\"canonical\" href=\"https:\/\/www.directhealthcaregroup.com\/da\/viden-og-evidens\/176707-2\/\" \/>\n<meta property=\"og:locale\" content=\"da_DK\" \/>\n<meta property=\"og:type\" content=\"article\" \/>\n<meta property=\"og:title\" content=\"Valg af madras: Lad mobilitetsniveauet bestemme | DHG\" \/>\n<meta property=\"og:description\" content=\"N\u00e5r en borger eller patient skal bevilliges en madras, er der ofte en r\u00e6kke sp\u00f8rgsm\u00e5l, der g\u00e5r igen. Til hvilken s\u00e5rkategori d\u00e6kker den? Hvordan ser trykm\u00e5lingerne ud? Og skal madrassen v\u00e6re med eller uden pumpe? Men der er andre ting, der ogs\u00e5 b\u00f8r fylde i valget af madras som hj\u00e6lpemiddel. 10. juni 2020 Af: Ergoterapeut, &hellip; Continued\" \/>\n<meta property=\"og:url\" content=\"https:\/\/www.directhealthcaregroup.com\/da\/viden-og-evidens\/176707-2\/\" \/>\n<meta property=\"og:site_name\" content=\"DHG\" \/>\n<meta property=\"article:modified_time\" content=\"2023-05-17T05:34:03+00:00\" \/>\n<meta property=\"og:image\" content=\"https:\/\/www.directhealthcaregroup.com\/app\/uploads\/t7EZmzTf_4x.jpg\" \/>\n\t<meta property=\"og:image:width\" content=\"1600\" \/>\n\t<meta property=\"og:image:height\" content=\"800\" \/>\n\t<meta property=\"og:image:type\" content=\"image\/jpeg\" \/>\n<meta name=\"twitter:card\" content=\"summary_large_image\" \/>\n<meta name=\"twitter:label1\" content=\"Est. reading time\" \/>\n\t<meta name=\"twitter:data1\" content=\"6 minutes\" \/>\n<script type=\"application\/ld+json\" class=\"yoast-schema-graph\">{\"@context\":\"https:\\\/\\\/schema.org\",\"@graph\":[{\"@type\":\"WebPage\",\"@id\":\"https:\\\/\\\/www.directhealthcaregroup.com\\\/da\\\/viden-og-evidens\\\/176707-2\\\/\",\"url\":\"https:\\\/\\\/www.directhealthcaregroup.com\\\/da\\\/viden-og-evidens\\\/176707-2\\\/\",\"name\":\"Valg af madras: Lad mobilitetsniveauet bestemme | DHG\",\"isPartOf\":{\"@id\":\"https:\\\/\\\/www.directhealthcaregroup.com\\\/#website\"},\"primaryImageOfPage\":{\"@id\":\"https:\\\/\\\/www.directhealthcaregroup.com\\\/da\\\/viden-og-evidens\\\/176707-2\\\/#primaryimage\"},\"image\":{\"@id\":\"https:\\\/\\\/www.directhealthcaregroup.com\\\/da\\\/viden-og-evidens\\\/176707-2\\\/#primaryimage\"},\"thumbnailUrl\":\"https:\\\/\\\/www.directhealthcaregroup.com\\\/app\\\/uploads\\\/t7EZmzTf_4x.jpg\",\"datePublished\":\"2023-03-28T09:08:27+00:00\",\"dateModified\":\"2023-05-17T05:34:03+00:00\",\"breadcrumb\":{\"@id\":\"https:\\\/\\\/www.directhealthcaregroup.com\\\/da\\\/viden-og-evidens\\\/176707-2\\\/#breadcrumb\"},\"inLanguage\":\"da-DK\",\"potentialAction\":[{\"@type\":\"ReadAction\",\"target\":[\"https:\\\/\\\/www.directhealthcaregroup.com\\\/da\\\/viden-og-evidens\\\/176707-2\\\/\"]}]},{\"@type\":\"ImageObject\",\"inLanguage\":\"da-DK\",\"@id\":\"https:\\\/\\\/www.directhealthcaregroup.com\\\/da\\\/viden-og-evidens\\\/176707-2\\\/#primaryimage\",\"url\":\"https:\\\/\\\/www.directhealthcaregroup.com\\\/app\\\/uploads\\\/t7EZmzTf_4x.jpg\",\"contentUrl\":\"https:\\\/\\\/www.directhealthcaregroup.com\\\/app\\\/uploads\\\/t7EZmzTf_4x.jpg\",\"width\":1600,\"height\":800},{\"@type\":\"BreadcrumbList\",\"@id\":\"https:\\\/\\\/www.directhealthcaregroup.com\\\/da\\\/viden-og-evidens\\\/176707-2\\\/#breadcrumb\",\"itemListElement\":[{\"@type\":\"ListItem\",\"position\":1,\"name\":\"Home\",\"item\":\"https:\\\/\\\/www.directhealthcaregroup.com\\\/da\\\/\"},{\"@type\":\"ListItem\",\"position\":2,\"name\":\"VIDEN OG EVIDENS\",\"item\":\"https:\\\/\\\/www.directhealthcaregroup.com\\\/da\\\/viden-og-evidens\\\/\"},{\"@type\":\"ListItem\",\"position\":3,\"name\":\"Valg af madras: Lad mobilitetsniveauet bestemme\"}]},{\"@type\":\"WebSite\",\"@id\":\"https:\\\/\\\/www.directhealthcaregroup.com\\\/#website\",\"url\":\"https:\\\/\\\/www.directhealthcaregroup.com\\\/\",\"name\":\"DHG\",\"description\":\"Moving Health Forward\",\"publisher\":{\"@id\":\"https:\\\/\\\/www.directhealthcaregroup.com\\\/#organization\"},\"potentialAction\":[{\"@type\":\"SearchAction\",\"target\":{\"@type\":\"EntryPoint\",\"urlTemplate\":\"https:\\\/\\\/www.directhealthcaregroup.com\\\/?s={search_term_string}\"},\"query-input\":{\"@type\":\"PropertyValueSpecification\",\"valueRequired\":true,\"valueName\":\"search_term_string\"}}],\"inLanguage\":\"da-DK\"},{\"@type\":\"Organization\",\"@id\":\"https:\\\/\\\/www.directhealthcaregroup.com\\\/#organization\",\"name\":\"Direct Healthcare Group\",\"url\":\"https:\\\/\\\/www.directhealthcaregroup.com\\\/\",\"logo\":{\"@type\":\"ImageObject\",\"inLanguage\":\"da-DK\",\"@id\":\"https:\\\/\\\/www.directhealthcaregroup.com\\\/#\\\/schema\\\/logo\\\/image\\\/\",\"url\":\"https:\\\/\\\/directhealthcaregroup.com\\\/app\\\/uploads\\\/dhg-logo.png\",\"contentUrl\":\"https:\\\/\\\/directhealthcaregroup.com\\\/app\\\/uploads\\\/dhg-logo.png\",\"width\":556,\"height\":240,\"caption\":\"Direct Healthcare Group\"},\"image\":{\"@id\":\"https:\\\/\\\/www.directhealthcaregroup.com\\\/#\\\/schema\\\/logo\\\/image\\\/\"}}]}<\/script>\n<!-- \/ Yoast SEO plugin. -->","yoast_head_json":{"title":"Valg af madras: Lad mobilitetsniveauet bestemme | DHG","robots":{"index":"index","follow":"follow","max-snippet":"max-snippet:-1","max-image-preview":"max-image-preview:large","max-video-preview":"max-video-preview:-1"},"canonical":"https:\/\/www.directhealthcaregroup.com\/da\/viden-og-evidens\/176707-2\/","og_locale":"da_DK","og_type":"article","og_title":"Valg af madras: Lad mobilitetsniveauet bestemme | DHG","og_description":"N\u00e5r en borger eller patient skal bevilliges en madras, er der ofte en r\u00e6kke sp\u00f8rgsm\u00e5l, der g\u00e5r igen. Til hvilken s\u00e5rkategori d\u00e6kker den? Hvordan ser trykm\u00e5lingerne ud? Og skal madrassen v\u00e6re med eller uden pumpe? Men der er andre ting, der ogs\u00e5 b\u00f8r fylde i valget af madras som hj\u00e6lpemiddel. 10. juni 2020 Af: Ergoterapeut, &hellip; Continued","og_url":"https:\/\/www.directhealthcaregroup.com\/da\/viden-og-evidens\/176707-2\/","og_site_name":"DHG","article_modified_time":"2023-05-17T05:34:03+00:00","og_image":[{"width":1600,"height":800,"url":"https:\/\/www.directhealthcaregroup.com\/app\/uploads\/t7EZmzTf_4x.jpg","type":"image\/jpeg"}],"twitter_card":"summary_large_image","twitter_misc":{"Est. reading time":"6 minutes"},"schema":{"@context":"https:\/\/schema.org","@graph":[{"@type":"WebPage","@id":"https:\/\/www.directhealthcaregroup.com\/da\/viden-og-evidens\/176707-2\/","url":"https:\/\/www.directhealthcaregroup.com\/da\/viden-og-evidens\/176707-2\/","name":"Valg af madras: Lad mobilitetsniveauet bestemme | DHG","isPartOf":{"@id":"https:\/\/www.directhealthcaregroup.com\/#website"},"primaryImageOfPage":{"@id":"https:\/\/www.directhealthcaregroup.com\/da\/viden-og-evidens\/176707-2\/#primaryimage"},"image":{"@id":"https:\/\/www.directhealthcaregroup.com\/da\/viden-og-evidens\/176707-2\/#primaryimage"},"thumbnailUrl":"https:\/\/www.directhealthcaregroup.com\/app\/uploads\/t7EZmzTf_4x.jpg","datePublished":"2023-03-28T09:08:27+00:00","dateModified":"2023-05-17T05:34:03+00:00","breadcrumb":{"@id":"https:\/\/www.directhealthcaregroup.com\/da\/viden-og-evidens\/176707-2\/#breadcrumb"},"inLanguage":"da-DK","potentialAction":[{"@type":"ReadAction","target":["https:\/\/www.directhealthcaregroup.com\/da\/viden-og-evidens\/176707-2\/"]}]},{"@type":"ImageObject","inLanguage":"da-DK","@id":"https:\/\/www.directhealthcaregroup.com\/da\/viden-og-evidens\/176707-2\/#primaryimage","url":"https:\/\/www.directhealthcaregroup.com\/app\/uploads\/t7EZmzTf_4x.jpg","contentUrl":"https:\/\/www.directhealthcaregroup.com\/app\/uploads\/t7EZmzTf_4x.jpg","width":1600,"height":800},{"@type":"BreadcrumbList","@id":"https:\/\/www.directhealthcaregroup.com\/da\/viden-og-evidens\/176707-2\/#breadcrumb","itemListElement":[{"@type":"ListItem","position":1,"name":"Home","item":"https:\/\/www.directhealthcaregroup.com\/da\/"},{"@type":"ListItem","position":2,"name":"VIDEN OG EVIDENS","item":"https:\/\/www.directhealthcaregroup.com\/da\/viden-og-evidens\/"},{"@type":"ListItem","position":3,"name":"Valg af madras: Lad mobilitetsniveauet bestemme"}]},{"@type":"WebSite","@id":"https:\/\/www.directhealthcaregroup.com\/#website","url":"https:\/\/www.directhealthcaregroup.com\/","name":"DHG","description":"Moving Health Forward","publisher":{"@id":"https:\/\/www.directhealthcaregroup.com\/#organization"},"potentialAction":[{"@type":"SearchAction","target":{"@type":"EntryPoint","urlTemplate":"https:\/\/www.directhealthcaregroup.com\/?s={search_term_string}"},"query-input":{"@type":"PropertyValueSpecification","valueRequired":true,"valueName":"search_term_string"}}],"inLanguage":"da-DK"},{"@type":"Organization","@id":"https:\/\/www.directhealthcaregroup.com\/#organization","name":"Direct Healthcare Group","url":"https:\/\/www.directhealthcaregroup.com\/","logo":{"@type":"ImageObject","inLanguage":"da-DK","@id":"https:\/\/www.directhealthcaregroup.com\/#\/schema\/logo\/image\/","url":"https:\/\/directhealthcaregroup.com\/app\/uploads\/dhg-logo.png","contentUrl":"https:\/\/directhealthcaregroup.com\/app\/uploads\/dhg-logo.png","width":556,"height":240,"caption":"Direct Healthcare Group"},"image":{"@id":"https:\/\/www.directhealthcaregroup.com\/#\/schema\/logo\/image\/"}}]}},"_links":{"self":[{"href":"https:\/\/www.directhealthcaregroup.com\/da\/wp-json\/wp\/v2\/pages\/176707","targetHints":{"allow":["GET"]}}],"collection":[{"href":"https:\/\/www.directhealthcaregroup.com\/da\/wp-json\/wp\/v2\/pages"}],"about":[{"href":"https:\/\/www.directhealthcaregroup.com\/da\/wp-json\/wp\/v2\/types\/page"}],"author":[{"embeddable":true,"href":"https:\/\/www.directhealthcaregroup.com\/da\/wp-json\/wp\/v2\/users\/40"}],"replies":[{"embeddable":true,"href":"https:\/\/www.directhealthcaregroup.com\/da\/wp-json\/wp\/v2\/comments?post=176707"}],"version-history":[{"count":7,"href":"https:\/\/www.directhealthcaregroup.com\/da\/wp-json\/wp\/v2\/pages\/176707\/revisions"}],"predecessor-version":[{"id":183710,"href":"https:\/\/www.directhealthcaregroup.com\/da\/wp-json\/wp\/v2\/pages\/176707\/revisions\/183710"}],"up":[{"embeddable":true,"href":"https:\/\/www.directhealthcaregroup.com\/da\/wp-json\/wp\/v2\/pages\/174696"}],"wp:featuredmedia":[{"embeddable":true,"href":"https:\/\/www.directhealthcaregroup.com\/da\/wp-json\/wp\/v2\/media\/176767"}],"wp:attachment":[{"href":"https:\/\/www.directhealthcaregroup.com\/da\/wp-json\/wp\/v2\/media?parent=176707"}],"curies":[{"name":"wp","href":"https:\/\/api.w.org\/{rel}","templated":true}]}}