{"id":177341,"date":"2023-03-29T10:41:06","date_gmt":"2023-03-29T09:41:06","guid":{"rendered":"https:\/\/www.directhealthcaregroup.com\/?page_id=177341"},"modified":"2023-05-17T06:33:33","modified_gmt":"2023-05-17T05:33:33","slug":"177341-2","status":"publish","type":"page","link":"https:\/\/www.directhealthcaregroup.com\/da\/viden-og-evidens\/177341-2\/","title":{"rendered":"Tryghedsskabende forflytning"},"content":{"rendered":"\n<h1 class=\"wp-block-heading\"><\/h1>\n\n\n\n<p>Mange borgere, der er kognitivt udfordret, har rum-retningsforstyrrelser, sansedeprivation eller af anden \u00e5rsag er utrygge ved at blive forflyttet, kan have et ekstra behov for taktil stimuli og kropsafgr\u00e6nsning ved vending.<\/p>\n\n\n\n<p>31. marts 2020<\/p>\n\n\n\n<p>Af: Ergoterapeut, Pia Beck<\/p>\n\n\n\n<p>Det er s\u00e6rligt borgere med demenssygdomme, sansedeprivation eller andre kognitive udfordringer, der kan v\u00e6re utrygge ved forflytning eller vending i sengen. For at skabe tryghed for disse borgere, kan det v\u00e6re en fordel at have et s\u00e6rligt fokus p\u00e5 kropsafgr\u00e6nsning og taktil stimuli, der kan virke beroligende.<\/p>\n\n\n\n<p>En m\u00e5de at g\u00f8re dette p\u00e5 er ved at anvende en cylinderformet lejringspude, s\u00e5som&nbsp;<a href=\"https:\/\/www.directhealthcaregroup.com\/da\/products\/lejrelet-tube-125\/\" target=\"_blank\" rel=\"noreferrer noopener\">LEJRELET Tube 125<\/a>, og placere denne oven p\u00e5 borgeren, inden forflytningen p\u00e5begyndes, og lade vedkommende holde om den under forflytningen. Dermed er armene aktiveret, og borgeren kan m\u00e6rke den taktile stimuli hele vejen ned ad kroppen. Se hvordan dette g\u00f8res i videoen herunder.<\/p>\n\n\n\n<p>For at borgeren opn\u00e5r den fulde effekt af den taktile stimuli, er det vigtigt at anvende en lejringspude med en vis tyngde. Er lejringspuden for let risikerer den at flytte sig under forflytningen, fremfor at den vendes sammen med borgeren.<\/p>\n\n\n\n<p><strong>L\u00e6s ogs\u00e5:<\/strong>&nbsp;<a href=\"https:\/\/www.directhealthcaregroup.com\/da\/177530-2\/\" target=\"_blank\" rel=\"noreferrer noopener\">To lejringer til demensramte borgere<\/a><\/p>\n\n\n\n<p>Hern\u00e6st er det ogs\u00e5 vigtigt at anvende en lejringspude med en vis stabilitet, s\u00e5ledes at fyldet i puden ikke flytter sig, n\u00e5r borgeren krammer puden. N\u00e5r puden placeres oven p\u00e5 borgeren, og den dermed vender sig med borgeren, er det med til at give borgeren kropsafgr\u00e6nsning under hele forflytningen. Denne effekt forsvinder, hvis lejringspuden er for let, eller hvis fyldet er for modellerbart, s\u00e5 det glider v\u00e6k ved ber\u00f8ring eller bev\u00e6gelse.<\/p>\n\n\n\n<h3 class=\"wp-block-heading\"><strong>Denne forflytningsmetode kan bruges til<\/strong><\/h3>\n\n\n\n<ul class=\"wp-block-list\"><li>Borgere der er kognitivt udfordret<\/li><li>Mennesker med demenssygdomme<\/li><li>Borgere med sansedeprivation<\/li><li>Borgere der er utrygge og urolige<\/li><\/ul>\n\n\n\n<figure class=\"wp-block-embed-youtube wp-block-embed is-type-video is-provider-youtube wp-embed-aspect-16-9 wp-has-aspect-ratio\"><div class=\"wp-block-embed__wrapper\">\n<iframe loading=\"lazy\" title=\"To lejringer til demensramte borgere\" width=\"500\" height=\"281\" src=\"https:\/\/www.youtube.com\/embed\/kw8n8JnpmyE?feature=oembed\" frameborder=\"0\" allow=\"accelerometer; autoplay; clipboard-write; encrypted-media; gyroscope; picture-in-picture; web-share\" referrerpolicy=\"strict-origin-when-cross-origin\" allowfullscreen><\/iframe>\n<\/div><\/figure>\n","protected":false},"excerpt":{"rendered":"<p>Mange borgere, der er kognitivt udfordret, har rum-retningsforstyrrelser, sansedeprivation eller af anden \u00e5rsag er utrygge ved at blive forflyttet, kan have et ekstra behov for taktil stimuli og kropsafgr\u00e6nsning ved vending. 31. marts 2020 Af: Ergoterapeut, Pia Beck Det er s\u00e6rligt borgere med demenssygdomme, sansedeprivation eller andre kognitive udfordringer, der kan v\u00e6re utrygge ved forflytning &hellip; <a href=\"https:\/\/www.directhealthcaregroup.com\/da\/viden-og-evidens\/177341-2\/\">Continued<\/a><\/p>\n","protected":false},"author":40,"featured_media":177466,"parent":174696,"menu_order":30,"comment_status":"closed","ping_status":"closed","template":"","meta":{"_acf_changed":false,"footnotes":""},"class_list":["post-177341","page","type-page","status-publish","has-post-thumbnail","hentry"],"acf":[],"yoast_head":"<!-- This site is optimized with the Yoast SEO plugin v27.4 - https:\/\/yoast.com\/product\/yoast-seo-wordpress\/ -->\n<title>Tryghedsskabende forflytning | DHG<\/title>\n<meta name=\"robots\" content=\"index, follow, max-snippet:-1, max-image-preview:large, max-video-preview:-1\" \/>\n<link rel=\"canonical\" href=\"https:\/\/www.directhealthcaregroup.com\/da\/viden-og-evidens\/177341-2\/\" \/>\n<meta property=\"og:locale\" content=\"da_DK\" \/>\n<meta property=\"og:type\" content=\"article\" \/>\n<meta property=\"og:title\" content=\"Tryghedsskabende forflytning | DHG\" \/>\n<meta property=\"og:description\" content=\"Mange borgere, der er kognitivt udfordret, har rum-retningsforstyrrelser, sansedeprivation eller af anden \u00e5rsag er utrygge ved at blive forflyttet, kan have et ekstra behov for taktil stimuli og kropsafgr\u00e6nsning ved vending. 31. marts 2020 Af: Ergoterapeut, Pia Beck Det er s\u00e6rligt borgere med demenssygdomme, sansedeprivation eller andre kognitive udfordringer, der kan v\u00e6re utrygge ved forflytning &hellip; Continued\" \/>\n<meta property=\"og:url\" content=\"https:\/\/www.directhealthcaregroup.com\/da\/viden-og-evidens\/177341-2\/\" \/>\n<meta property=\"og:site_name\" content=\"DHG\" \/>\n<meta property=\"article:modified_time\" content=\"2023-05-17T05:33:33+00:00\" \/>\n<meta property=\"og:image\" content=\"https:\/\/www.directhealthcaregroup.com\/app\/uploads\/upscaler-forflytning-med-fokus-pa-kropsafgraensning-ob-2x.jpg\" \/>\n\t<meta property=\"og:image:width\" content=\"1000\" \/>\n\t<meta property=\"og:image:height\" content=\"500\" \/>\n\t<meta property=\"og:image:type\" content=\"image\/jpeg\" \/>\n<meta name=\"twitter:card\" content=\"summary_large_image\" \/>\n<meta name=\"twitter:label1\" content=\"Est. reading time\" \/>\n\t<meta name=\"twitter:data1\" content=\"2 minutes\" \/>\n<script type=\"application\/ld+json\" class=\"yoast-schema-graph\">{\"@context\":\"https:\\\/\\\/schema.org\",\"@graph\":[{\"@type\":\"WebPage\",\"@id\":\"https:\\\/\\\/www.directhealthcaregroup.com\\\/da\\\/viden-og-evidens\\\/177341-2\\\/\",\"url\":\"https:\\\/\\\/www.directhealthcaregroup.com\\\/da\\\/viden-og-evidens\\\/177341-2\\\/\",\"name\":\"Tryghedsskabende forflytning | DHG\",\"isPartOf\":{\"@id\":\"https:\\\/\\\/www.directhealthcaregroup.com\\\/#website\"},\"primaryImageOfPage\":{\"@id\":\"https:\\\/\\\/www.directhealthcaregroup.com\\\/da\\\/viden-og-evidens\\\/177341-2\\\/#primaryimage\"},\"image\":{\"@id\":\"https:\\\/\\\/www.directhealthcaregroup.com\\\/da\\\/viden-og-evidens\\\/177341-2\\\/#primaryimage\"},\"thumbnailUrl\":\"https:\\\/\\\/www.directhealthcaregroup.com\\\/app\\\/uploads\\\/upscaler-forflytning-med-fokus-pa-kropsafgraensning-ob-2x.jpg\",\"datePublished\":\"2023-03-29T09:41:06+00:00\",\"dateModified\":\"2023-05-17T05:33:33+00:00\",\"breadcrumb\":{\"@id\":\"https:\\\/\\\/www.directhealthcaregroup.com\\\/da\\\/viden-og-evidens\\\/177341-2\\\/#breadcrumb\"},\"inLanguage\":\"da-DK\",\"potentialAction\":[{\"@type\":\"ReadAction\",\"target\":[\"https:\\\/\\\/www.directhealthcaregroup.com\\\/da\\\/viden-og-evidens\\\/177341-2\\\/\"]}]},{\"@type\":\"ImageObject\",\"inLanguage\":\"da-DK\",\"@id\":\"https:\\\/\\\/www.directhealthcaregroup.com\\\/da\\\/viden-og-evidens\\\/177341-2\\\/#primaryimage\",\"url\":\"https:\\\/\\\/www.directhealthcaregroup.com\\\/app\\\/uploads\\\/upscaler-forflytning-med-fokus-pa-kropsafgraensning-ob-2x.jpg\",\"contentUrl\":\"https:\\\/\\\/www.directhealthcaregroup.com\\\/app\\\/uploads\\\/upscaler-forflytning-med-fokus-pa-kropsafgraensning-ob-2x.jpg\",\"width\":1000,\"height\":500},{\"@type\":\"BreadcrumbList\",\"@id\":\"https:\\\/\\\/www.directhealthcaregroup.com\\\/da\\\/viden-og-evidens\\\/177341-2\\\/#breadcrumb\",\"itemListElement\":[{\"@type\":\"ListItem\",\"position\":1,\"name\":\"Home\",\"item\":\"https:\\\/\\\/www.directhealthcaregroup.com\\\/da\\\/\"},{\"@type\":\"ListItem\",\"position\":2,\"name\":\"VIDEN OG EVIDENS\",\"item\":\"https:\\\/\\\/www.directhealthcaregroup.com\\\/da\\\/viden-og-evidens\\\/\"},{\"@type\":\"ListItem\",\"position\":3,\"name\":\"Tryghedsskabende forflytning\"}]},{\"@type\":\"WebSite\",\"@id\":\"https:\\\/\\\/www.directhealthcaregroup.com\\\/#website\",\"url\":\"https:\\\/\\\/www.directhealthcaregroup.com\\\/\",\"name\":\"DHG\",\"description\":\"Moving Health Forward\",\"publisher\":{\"@id\":\"https:\\\/\\\/www.directhealthcaregroup.com\\\/#organization\"},\"potentialAction\":[{\"@type\":\"SearchAction\",\"target\":{\"@type\":\"EntryPoint\",\"urlTemplate\":\"https:\\\/\\\/www.directhealthcaregroup.com\\\/?s={search_term_string}\"},\"query-input\":{\"@type\":\"PropertyValueSpecification\",\"valueRequired\":true,\"valueName\":\"search_term_string\"}}],\"inLanguage\":\"da-DK\"},{\"@type\":\"Organization\",\"@id\":\"https:\\\/\\\/www.directhealthcaregroup.com\\\/#organization\",\"name\":\"Direct Healthcare Group\",\"url\":\"https:\\\/\\\/www.directhealthcaregroup.com\\\/\",\"logo\":{\"@type\":\"ImageObject\",\"inLanguage\":\"da-DK\",\"@id\":\"https:\\\/\\\/www.directhealthcaregroup.com\\\/#\\\/schema\\\/logo\\\/image\\\/\",\"url\":\"https:\\\/\\\/directhealthcaregroup.com\\\/app\\\/uploads\\\/dhg-logo.png\",\"contentUrl\":\"https:\\\/\\\/directhealthcaregroup.com\\\/app\\\/uploads\\\/dhg-logo.png\",\"width\":556,\"height\":240,\"caption\":\"Direct Healthcare Group\"},\"image\":{\"@id\":\"https:\\\/\\\/www.directhealthcaregroup.com\\\/#\\\/schema\\\/logo\\\/image\\\/\"}}]}<\/script>\n<!-- \/ Yoast SEO plugin. -->","yoast_head_json":{"title":"Tryghedsskabende forflytning | DHG","robots":{"index":"index","follow":"follow","max-snippet":"max-snippet:-1","max-image-preview":"max-image-preview:large","max-video-preview":"max-video-preview:-1"},"canonical":"https:\/\/www.directhealthcaregroup.com\/da\/viden-og-evidens\/177341-2\/","og_locale":"da_DK","og_type":"article","og_title":"Tryghedsskabende forflytning | DHG","og_description":"Mange borgere, der er kognitivt udfordret, har rum-retningsforstyrrelser, sansedeprivation eller af anden \u00e5rsag er utrygge ved at blive forflyttet, kan have et ekstra behov for taktil stimuli og kropsafgr\u00e6nsning ved vending. 31. marts 2020 Af: Ergoterapeut, Pia Beck Det er s\u00e6rligt borgere med demenssygdomme, sansedeprivation eller andre kognitive udfordringer, der kan v\u00e6re utrygge ved forflytning &hellip; Continued","og_url":"https:\/\/www.directhealthcaregroup.com\/da\/viden-og-evidens\/177341-2\/","og_site_name":"DHG","article_modified_time":"2023-05-17T05:33:33+00:00","og_image":[{"width":1000,"height":500,"url":"https:\/\/www.directhealthcaregroup.com\/app\/uploads\/upscaler-forflytning-med-fokus-pa-kropsafgraensning-ob-2x.jpg","type":"image\/jpeg"}],"twitter_card":"summary_large_image","twitter_misc":{"Est. reading time":"2 minutes"},"schema":{"@context":"https:\/\/schema.org","@graph":[{"@type":"WebPage","@id":"https:\/\/www.directhealthcaregroup.com\/da\/viden-og-evidens\/177341-2\/","url":"https:\/\/www.directhealthcaregroup.com\/da\/viden-og-evidens\/177341-2\/","name":"Tryghedsskabende forflytning | DHG","isPartOf":{"@id":"https:\/\/www.directhealthcaregroup.com\/#website"},"primaryImageOfPage":{"@id":"https:\/\/www.directhealthcaregroup.com\/da\/viden-og-evidens\/177341-2\/#primaryimage"},"image":{"@id":"https:\/\/www.directhealthcaregroup.com\/da\/viden-og-evidens\/177341-2\/#primaryimage"},"thumbnailUrl":"https:\/\/www.directhealthcaregroup.com\/app\/uploads\/upscaler-forflytning-med-fokus-pa-kropsafgraensning-ob-2x.jpg","datePublished":"2023-03-29T09:41:06+00:00","dateModified":"2023-05-17T05:33:33+00:00","breadcrumb":{"@id":"https:\/\/www.directhealthcaregroup.com\/da\/viden-og-evidens\/177341-2\/#breadcrumb"},"inLanguage":"da-DK","potentialAction":[{"@type":"ReadAction","target":["https:\/\/www.directhealthcaregroup.com\/da\/viden-og-evidens\/177341-2\/"]}]},{"@type":"ImageObject","inLanguage":"da-DK","@id":"https:\/\/www.directhealthcaregroup.com\/da\/viden-og-evidens\/177341-2\/#primaryimage","url":"https:\/\/www.directhealthcaregroup.com\/app\/uploads\/upscaler-forflytning-med-fokus-pa-kropsafgraensning-ob-2x.jpg","contentUrl":"https:\/\/www.directhealthcaregroup.com\/app\/uploads\/upscaler-forflytning-med-fokus-pa-kropsafgraensning-ob-2x.jpg","width":1000,"height":500},{"@type":"BreadcrumbList","@id":"https:\/\/www.directhealthcaregroup.com\/da\/viden-og-evidens\/177341-2\/#breadcrumb","itemListElement":[{"@type":"ListItem","position":1,"name":"Home","item":"https:\/\/www.directhealthcaregroup.com\/da\/"},{"@type":"ListItem","position":2,"name":"VIDEN OG EVIDENS","item":"https:\/\/www.directhealthcaregroup.com\/da\/viden-og-evidens\/"},{"@type":"ListItem","position":3,"name":"Tryghedsskabende forflytning"}]},{"@type":"WebSite","@id":"https:\/\/www.directhealthcaregroup.com\/#website","url":"https:\/\/www.directhealthcaregroup.com\/","name":"DHG","description":"Moving Health Forward","publisher":{"@id":"https:\/\/www.directhealthcaregroup.com\/#organization"},"potentialAction":[{"@type":"SearchAction","target":{"@type":"EntryPoint","urlTemplate":"https:\/\/www.directhealthcaregroup.com\/?s={search_term_string}"},"query-input":{"@type":"PropertyValueSpecification","valueRequired":true,"valueName":"search_term_string"}}],"inLanguage":"da-DK"},{"@type":"Organization","@id":"https:\/\/www.directhealthcaregroup.com\/#organization","name":"Direct Healthcare Group","url":"https:\/\/www.directhealthcaregroup.com\/","logo":{"@type":"ImageObject","inLanguage":"da-DK","@id":"https:\/\/www.directhealthcaregroup.com\/#\/schema\/logo\/image\/","url":"https:\/\/directhealthcaregroup.com\/app\/uploads\/dhg-logo.png","contentUrl":"https:\/\/directhealthcaregroup.com\/app\/uploads\/dhg-logo.png","width":556,"height":240,"caption":"Direct Healthcare Group"},"image":{"@id":"https:\/\/www.directhealthcaregroup.com\/#\/schema\/logo\/image\/"}}]}},"_links":{"self":[{"href":"https:\/\/www.directhealthcaregroup.com\/da\/wp-json\/wp\/v2\/pages\/177341","targetHints":{"allow":["GET"]}}],"collection":[{"href":"https:\/\/www.directhealthcaregroup.com\/da\/wp-json\/wp\/v2\/pages"}],"about":[{"href":"https:\/\/www.directhealthcaregroup.com\/da\/wp-json\/wp\/v2\/types\/page"}],"author":[{"embeddable":true,"href":"https:\/\/www.directhealthcaregroup.com\/da\/wp-json\/wp\/v2\/users\/40"}],"replies":[{"embeddable":true,"href":"https:\/\/www.directhealthcaregroup.com\/da\/wp-json\/wp\/v2\/comments?post=177341"}],"version-history":[{"count":4,"href":"https:\/\/www.directhealthcaregroup.com\/da\/wp-json\/wp\/v2\/pages\/177341\/revisions"}],"predecessor-version":[{"id":183709,"href":"https:\/\/www.directhealthcaregroup.com\/da\/wp-json\/wp\/v2\/pages\/177341\/revisions\/183709"}],"up":[{"embeddable":true,"href":"https:\/\/www.directhealthcaregroup.com\/da\/wp-json\/wp\/v2\/pages\/174696"}],"wp:featuredmedia":[{"embeddable":true,"href":"https:\/\/www.directhealthcaregroup.com\/da\/wp-json\/wp\/v2\/media\/177466"}],"wp:attachment":[{"href":"https:\/\/www.directhealthcaregroup.com\/da\/wp-json\/wp\/v2\/media?parent=177341"}],"curies":[{"name":"wp","href":"https:\/\/api.w.org\/{rel}","templated":true}]}}