{"id":177530,"date":"2023-03-29T12:20:00","date_gmt":"2023-03-29T11:20:00","guid":{"rendered":"https:\/\/www.directhealthcaregroup.com\/?page_id=177530"},"modified":"2023-05-17T06:31:58","modified_gmt":"2023-05-17T05:31:58","slug":"177530-2","status":"publish","type":"page","link":"https:\/\/www.directhealthcaregroup.com\/da\/viden-og-evidens\/177530-2\/","title":{"rendered":"To lejringer til demensramte borgere"},"content":{"rendered":"\n<h1 class=\"wp-block-heading\"><\/h1>\n\n\n\n<p>Ved plejen af mennesker med demenssygdomme kan det v\u00e6re n\u00f8dvendigt med s\u00e6rlige hensyn. Nogle borgere er udadreagerende, imens andre er utrygge og har brug for ekstra tryghedsskabende elementer. Til begge form\u00e5l kan lejring v\u00e6re en del af l\u00f8sningen.<\/p>\n\n\n\n<p>4. februar 2020<\/p>\n\n\n\n<p>Af: Fysioterapeut, Henrik J. Rasmussen<\/p>\n\n\n\n<p>Plejen af borgere med demens kan v\u00e6re udfordret af flere ting. Mennesket med demens kan have sv\u00e6rt ved at forst\u00e5, hvad der foreg\u00e5r, hvor de er og hvem de er, og de kan ligeledes have sv\u00e6rt ved at give udtryk for, hvis der er noget, der er ubehageligt. I plejesituationen kan det f\u00f8re til udadreagerende adf\u00e6rd eller utryghed hos borgeren. \u00c9n m\u00e5de at minimere dette p\u00e5 er ved brug af lejring.<br><\/p>\n\n\n\n<h2 class=\"wp-block-heading\"><strong>Lejring til nedre hygiejne hos mennesker med demens<\/strong><\/h2>\n\n\n\n<p>I videoen herunder demonstreres to lejringer. Den f\u00f8rste lejring kan v\u00e6re s\u00e6rligt gavnlig ved nedre hygiejne og vask af udadreagerende borgere. Dette er en APV-lejring, der har til form\u00e5l at forbedre medarbejdernes arbejdsmilj\u00f8 ved sengepleje, og som samtidigt sikrer, at den demensramte borger ligger behageligt, n\u00e5r de eksempelvis skal vaskes i sengen.<\/p>\n\n\n\n<p>N\u00e5r man har med den nedre hygiejne situation at g\u00f8re, kan det nemlig v\u00e6re sv\u00e6rt for borgeren at forst\u00e5, hvad det er, der foreg\u00e5r, og de s\u00e6tter sig m\u00e5ske imod personalet verbalt eller fysisk.<\/p>\n\n\n\n<p>Derfor placeres en pude foran, der giver taktil stimuli, en pude til benet, der sikrer at hoften er i neutralstilling, samt at der er god plads til at vaske, og til sidst en pude i ryggen hos de borgere, der har tendens til at ville sl\u00e5 ud eller vende sig om p\u00e5 ryggen.<\/p>\n\n\n\n<p>Dermed sikrer lejringen, at der ikke er nogle vrid eller smerter fra den m\u00e5de hvorp\u00e5 borgeren ligger, imens den ogs\u00e5 sikrer, at borgeren ikke kan komme tilbage p\u00e5 ryggen og sl\u00e5 ud efter personalet.<\/p>\n\n\n\n<p><br><\/p>\n\n\n\n<h2 class=\"wp-block-heading\"><strong>Kropsafgr\u00e6nsende lejring for demente<\/strong><\/h2>\n\n\n\n<p>Den anden lejring er s\u00e6rligt egnet til borgere med sansedeprivation og rum-retningsforstyrrelser, der har brug for kropsafgr\u00e6nsning for at finde ro.<\/p>\n\n\n\n<p>Her l\u00e6gges en cylinderformet lejringspude, der giver taktil stimuli hele vejen ned ad borgerens krop. Puden placeres s\u00e5 borgeren kan kramme den, og den sikrer samtidigt, at borgeren kan ligge i et behageligt sideleje.<\/p>\n\n\n\n<p>Er der behov for en helkropslejring, er det muligt at placere endnu en lejringspude bagtil, s\u00e5dan at borgeren omkranses og kan m\u00e6rke sin krop hele vejen rundt.<\/p>\n\n\n\n<p>Det er vigtigt i denne sammenh\u00e6ng at anvende materiale, der er egnet til lejring. I de seneste \u00e5r, har mange brugt teknikken med dyner, der er rullet stramt sammen, og som placeres p\u00e5 hver side af borgerens krop. Denne teknik er ikke optimal, da den skaber andre problematikker i form af varme og tryk pga. dynens egenskaber og materiale.<\/p>\n\n\n\n<figure class=\"wp-block-embed-youtube wp-block-embed is-type-video is-provider-youtube wp-embed-aspect-16-9 wp-has-aspect-ratio wp-embed-aspect-4-3\"><div class=\"wp-block-embed__wrapper\">\n<iframe loading=\"lazy\" title=\"To lejringer til demensramte borgere\" width=\"500\" height=\"281\" src=\"https:\/\/www.youtube.com\/embed\/-XroTxYa4II?feature=oembed\" frameborder=\"0\" allow=\"accelerometer; autoplay; clipboard-write; encrypted-media; gyroscope; picture-in-picture; web-share\" referrerpolicy=\"strict-origin-when-cross-origin\" allowfullscreen><\/iframe>\n<\/div><figcaption><em>Se de to lejringer til mennesker med demens eller behov for kropsafgr\u00e6nsning i videoen.<\/em><\/figcaption><\/figure>\n","protected":false},"excerpt":{"rendered":"<p>Ved plejen af mennesker med demenssygdomme kan det v\u00e6re n\u00f8dvendigt med s\u00e6rlige hensyn. Nogle borgere er udadreagerende, imens andre er utrygge og har brug for ekstra tryghedsskabende elementer. Til begge form\u00e5l kan lejring v\u00e6re en del af l\u00f8sningen. 4. februar 2020 Af: Fysioterapeut, Henrik J. Rasmussen Plejen af borgere med demens kan v\u00e6re udfordret af &hellip; <a href=\"https:\/\/www.directhealthcaregroup.com\/da\/viden-og-evidens\/177530-2\/\">Continued<\/a><\/p>\n","protected":false},"author":40,"featured_media":177554,"parent":174696,"menu_order":27,"comment_status":"closed","ping_status":"closed","template":"","meta":{"_acf_changed":false,"footnotes":""},"class_list":["post-177530","page","type-page","status-publish","has-post-thumbnail","hentry"],"acf":[],"yoast_head":"<!-- This site is optimized with the Yoast SEO plugin v27.4 - https:\/\/yoast.com\/product\/yoast-seo-wordpress\/ -->\n<title>To lejringer til demensramte borgere | DHG<\/title>\n<meta name=\"robots\" content=\"index, follow, max-snippet:-1, max-image-preview:large, max-video-preview:-1\" \/>\n<link rel=\"canonical\" href=\"https:\/\/www.directhealthcaregroup.com\/da\/viden-og-evidens\/177530-2\/\" \/>\n<meta property=\"og:locale\" content=\"da_DK\" \/>\n<meta property=\"og:type\" content=\"article\" \/>\n<meta property=\"og:title\" content=\"To lejringer til demensramte borgere | DHG\" \/>\n<meta property=\"og:description\" content=\"Ved plejen af mennesker med demenssygdomme kan det v\u00e6re n\u00f8dvendigt med s\u00e6rlige hensyn. Nogle borgere er udadreagerende, imens andre er utrygge og har brug for ekstra tryghedsskabende elementer. Til begge form\u00e5l kan lejring v\u00e6re en del af l\u00f8sningen. 4. februar 2020 Af: Fysioterapeut, Henrik J. Rasmussen Plejen af borgere med demens kan v\u00e6re udfordret af &hellip; Continued\" \/>\n<meta property=\"og:url\" content=\"https:\/\/www.directhealthcaregroup.com\/da\/viden-og-evidens\/177530-2\/\" \/>\n<meta property=\"og:site_name\" content=\"DHG\" \/>\n<meta property=\"article:modified_time\" content=\"2023-05-17T05:31:58+00:00\" \/>\n<meta property=\"og:image\" content=\"https:\/\/www.directhealthcaregroup.com\/app\/uploads\/to-lejringer-til-mennesker-med-demens-tb-transformed.jpeg\" \/>\n\t<meta property=\"og:image:width\" content=\"2000\" \/>\n\t<meta property=\"og:image:height\" content=\"500\" \/>\n\t<meta property=\"og:image:type\" content=\"image\/jpeg\" \/>\n<meta name=\"twitter:card\" content=\"summary_large_image\" \/>\n<meta name=\"twitter:label1\" content=\"Est. reading time\" \/>\n\t<meta name=\"twitter:data1\" content=\"2 minutes\" \/>\n<script type=\"application\/ld+json\" class=\"yoast-schema-graph\">{\"@context\":\"https:\\\/\\\/schema.org\",\"@graph\":[{\"@type\":\"WebPage\",\"@id\":\"https:\\\/\\\/www.directhealthcaregroup.com\\\/da\\\/viden-og-evidens\\\/177530-2\\\/\",\"url\":\"https:\\\/\\\/www.directhealthcaregroup.com\\\/da\\\/viden-og-evidens\\\/177530-2\\\/\",\"name\":\"To lejringer til demensramte borgere | DHG\",\"isPartOf\":{\"@id\":\"https:\\\/\\\/www.directhealthcaregroup.com\\\/#website\"},\"primaryImageOfPage\":{\"@id\":\"https:\\\/\\\/www.directhealthcaregroup.com\\\/da\\\/viden-og-evidens\\\/177530-2\\\/#primaryimage\"},\"image\":{\"@id\":\"https:\\\/\\\/www.directhealthcaregroup.com\\\/da\\\/viden-og-evidens\\\/177530-2\\\/#primaryimage\"},\"thumbnailUrl\":\"https:\\\/\\\/www.directhealthcaregroup.com\\\/app\\\/uploads\\\/to-lejringer-til-mennesker-med-demens-tb-transformed.jpeg\",\"datePublished\":\"2023-03-29T11:20:00+00:00\",\"dateModified\":\"2023-05-17T05:31:58+00:00\",\"breadcrumb\":{\"@id\":\"https:\\\/\\\/www.directhealthcaregroup.com\\\/da\\\/viden-og-evidens\\\/177530-2\\\/#breadcrumb\"},\"inLanguage\":\"da-DK\",\"potentialAction\":[{\"@type\":\"ReadAction\",\"target\":[\"https:\\\/\\\/www.directhealthcaregroup.com\\\/da\\\/viden-og-evidens\\\/177530-2\\\/\"]}]},{\"@type\":\"ImageObject\",\"inLanguage\":\"da-DK\",\"@id\":\"https:\\\/\\\/www.directhealthcaregroup.com\\\/da\\\/viden-og-evidens\\\/177530-2\\\/#primaryimage\",\"url\":\"https:\\\/\\\/www.directhealthcaregroup.com\\\/app\\\/uploads\\\/to-lejringer-til-mennesker-med-demens-tb-transformed.jpeg\",\"contentUrl\":\"https:\\\/\\\/www.directhealthcaregroup.com\\\/app\\\/uploads\\\/to-lejringer-til-mennesker-med-demens-tb-transformed.jpeg\",\"width\":2000,\"height\":500},{\"@type\":\"BreadcrumbList\",\"@id\":\"https:\\\/\\\/www.directhealthcaregroup.com\\\/da\\\/viden-og-evidens\\\/177530-2\\\/#breadcrumb\",\"itemListElement\":[{\"@type\":\"ListItem\",\"position\":1,\"name\":\"Home\",\"item\":\"https:\\\/\\\/www.directhealthcaregroup.com\\\/da\\\/\"},{\"@type\":\"ListItem\",\"position\":2,\"name\":\"VIDEN OG EVIDENS\",\"item\":\"https:\\\/\\\/www.directhealthcaregroup.com\\\/da\\\/viden-og-evidens\\\/\"},{\"@type\":\"ListItem\",\"position\":3,\"name\":\"To lejringer til demensramte borgere\"}]},{\"@type\":\"WebSite\",\"@id\":\"https:\\\/\\\/www.directhealthcaregroup.com\\\/#website\",\"url\":\"https:\\\/\\\/www.directhealthcaregroup.com\\\/\",\"name\":\"DHG\",\"description\":\"Moving Health Forward\",\"publisher\":{\"@id\":\"https:\\\/\\\/www.directhealthcaregroup.com\\\/#organization\"},\"potentialAction\":[{\"@type\":\"SearchAction\",\"target\":{\"@type\":\"EntryPoint\",\"urlTemplate\":\"https:\\\/\\\/www.directhealthcaregroup.com\\\/?s={search_term_string}\"},\"query-input\":{\"@type\":\"PropertyValueSpecification\",\"valueRequired\":true,\"valueName\":\"search_term_string\"}}],\"inLanguage\":\"da-DK\"},{\"@type\":\"Organization\",\"@id\":\"https:\\\/\\\/www.directhealthcaregroup.com\\\/#organization\",\"name\":\"Direct Healthcare Group\",\"url\":\"https:\\\/\\\/www.directhealthcaregroup.com\\\/\",\"logo\":{\"@type\":\"ImageObject\",\"inLanguage\":\"da-DK\",\"@id\":\"https:\\\/\\\/www.directhealthcaregroup.com\\\/#\\\/schema\\\/logo\\\/image\\\/\",\"url\":\"https:\\\/\\\/directhealthcaregroup.com\\\/app\\\/uploads\\\/dhg-logo.png\",\"contentUrl\":\"https:\\\/\\\/directhealthcaregroup.com\\\/app\\\/uploads\\\/dhg-logo.png\",\"width\":556,\"height\":240,\"caption\":\"Direct Healthcare Group\"},\"image\":{\"@id\":\"https:\\\/\\\/www.directhealthcaregroup.com\\\/#\\\/schema\\\/logo\\\/image\\\/\"}}]}<\/script>\n<!-- \/ Yoast SEO plugin. -->","yoast_head_json":{"title":"To lejringer til demensramte borgere | DHG","robots":{"index":"index","follow":"follow","max-snippet":"max-snippet:-1","max-image-preview":"max-image-preview:large","max-video-preview":"max-video-preview:-1"},"canonical":"https:\/\/www.directhealthcaregroup.com\/da\/viden-og-evidens\/177530-2\/","og_locale":"da_DK","og_type":"article","og_title":"To lejringer til demensramte borgere | DHG","og_description":"Ved plejen af mennesker med demenssygdomme kan det v\u00e6re n\u00f8dvendigt med s\u00e6rlige hensyn. Nogle borgere er udadreagerende, imens andre er utrygge og har brug for ekstra tryghedsskabende elementer. Til begge form\u00e5l kan lejring v\u00e6re en del af l\u00f8sningen. 4. februar 2020 Af: Fysioterapeut, Henrik J. Rasmussen Plejen af borgere med demens kan v\u00e6re udfordret af &hellip; Continued","og_url":"https:\/\/www.directhealthcaregroup.com\/da\/viden-og-evidens\/177530-2\/","og_site_name":"DHG","article_modified_time":"2023-05-17T05:31:58+00:00","og_image":[{"width":2000,"height":500,"url":"https:\/\/www.directhealthcaregroup.com\/app\/uploads\/to-lejringer-til-mennesker-med-demens-tb-transformed.jpeg","type":"image\/jpeg"}],"twitter_card":"summary_large_image","twitter_misc":{"Est. reading time":"2 minutes"},"schema":{"@context":"https:\/\/schema.org","@graph":[{"@type":"WebPage","@id":"https:\/\/www.directhealthcaregroup.com\/da\/viden-og-evidens\/177530-2\/","url":"https:\/\/www.directhealthcaregroup.com\/da\/viden-og-evidens\/177530-2\/","name":"To lejringer til demensramte borgere | DHG","isPartOf":{"@id":"https:\/\/www.directhealthcaregroup.com\/#website"},"primaryImageOfPage":{"@id":"https:\/\/www.directhealthcaregroup.com\/da\/viden-og-evidens\/177530-2\/#primaryimage"},"image":{"@id":"https:\/\/www.directhealthcaregroup.com\/da\/viden-og-evidens\/177530-2\/#primaryimage"},"thumbnailUrl":"https:\/\/www.directhealthcaregroup.com\/app\/uploads\/to-lejringer-til-mennesker-med-demens-tb-transformed.jpeg","datePublished":"2023-03-29T11:20:00+00:00","dateModified":"2023-05-17T05:31:58+00:00","breadcrumb":{"@id":"https:\/\/www.directhealthcaregroup.com\/da\/viden-og-evidens\/177530-2\/#breadcrumb"},"inLanguage":"da-DK","potentialAction":[{"@type":"ReadAction","target":["https:\/\/www.directhealthcaregroup.com\/da\/viden-og-evidens\/177530-2\/"]}]},{"@type":"ImageObject","inLanguage":"da-DK","@id":"https:\/\/www.directhealthcaregroup.com\/da\/viden-og-evidens\/177530-2\/#primaryimage","url":"https:\/\/www.directhealthcaregroup.com\/app\/uploads\/to-lejringer-til-mennesker-med-demens-tb-transformed.jpeg","contentUrl":"https:\/\/www.directhealthcaregroup.com\/app\/uploads\/to-lejringer-til-mennesker-med-demens-tb-transformed.jpeg","width":2000,"height":500},{"@type":"BreadcrumbList","@id":"https:\/\/www.directhealthcaregroup.com\/da\/viden-og-evidens\/177530-2\/#breadcrumb","itemListElement":[{"@type":"ListItem","position":1,"name":"Home","item":"https:\/\/www.directhealthcaregroup.com\/da\/"},{"@type":"ListItem","position":2,"name":"VIDEN OG EVIDENS","item":"https:\/\/www.directhealthcaregroup.com\/da\/viden-og-evidens\/"},{"@type":"ListItem","position":3,"name":"To lejringer til demensramte borgere"}]},{"@type":"WebSite","@id":"https:\/\/www.directhealthcaregroup.com\/#website","url":"https:\/\/www.directhealthcaregroup.com\/","name":"DHG","description":"Moving Health Forward","publisher":{"@id":"https:\/\/www.directhealthcaregroup.com\/#organization"},"potentialAction":[{"@type":"SearchAction","target":{"@type":"EntryPoint","urlTemplate":"https:\/\/www.directhealthcaregroup.com\/?s={search_term_string}"},"query-input":{"@type":"PropertyValueSpecification","valueRequired":true,"valueName":"search_term_string"}}],"inLanguage":"da-DK"},{"@type":"Organization","@id":"https:\/\/www.directhealthcaregroup.com\/#organization","name":"Direct Healthcare Group","url":"https:\/\/www.directhealthcaregroup.com\/","logo":{"@type":"ImageObject","inLanguage":"da-DK","@id":"https:\/\/www.directhealthcaregroup.com\/#\/schema\/logo\/image\/","url":"https:\/\/directhealthcaregroup.com\/app\/uploads\/dhg-logo.png","contentUrl":"https:\/\/directhealthcaregroup.com\/app\/uploads\/dhg-logo.png","width":556,"height":240,"caption":"Direct Healthcare Group"},"image":{"@id":"https:\/\/www.directhealthcaregroup.com\/#\/schema\/logo\/image\/"}}]}},"_links":{"self":[{"href":"https:\/\/www.directhealthcaregroup.com\/da\/wp-json\/wp\/v2\/pages\/177530","targetHints":{"allow":["GET"]}}],"collection":[{"href":"https:\/\/www.directhealthcaregroup.com\/da\/wp-json\/wp\/v2\/pages"}],"about":[{"href":"https:\/\/www.directhealthcaregroup.com\/da\/wp-json\/wp\/v2\/types\/page"}],"author":[{"embeddable":true,"href":"https:\/\/www.directhealthcaregroup.com\/da\/wp-json\/wp\/v2\/users\/40"}],"replies":[{"embeddable":true,"href":"https:\/\/www.directhealthcaregroup.com\/da\/wp-json\/wp\/v2\/comments?post=177530"}],"version-history":[{"count":4,"href":"https:\/\/www.directhealthcaregroup.com\/da\/wp-json\/wp\/v2\/pages\/177530\/revisions"}],"predecessor-version":[{"id":183707,"href":"https:\/\/www.directhealthcaregroup.com\/da\/wp-json\/wp\/v2\/pages\/177530\/revisions\/183707"}],"up":[{"embeddable":true,"href":"https:\/\/www.directhealthcaregroup.com\/da\/wp-json\/wp\/v2\/pages\/174696"}],"wp:featuredmedia":[{"embeddable":true,"href":"https:\/\/www.directhealthcaregroup.com\/da\/wp-json\/wp\/v2\/media\/177554"}],"wp:attachment":[{"href":"https:\/\/www.directhealthcaregroup.com\/da\/wp-json\/wp\/v2\/media?parent=177530"}],"curies":[{"name":"wp","href":"https:\/\/api.w.org\/{rel}","templated":true}]}}