{"id":177593,"date":"2023-03-29T12:41:25","date_gmt":"2023-03-29T11:41:25","guid":{"rendered":"https:\/\/www.directhealthcaregroup.com\/?page_id=177593"},"modified":"2023-05-17T06:31:28","modified_gmt":"2023-05-17T05:31:28","slug":"177593-2","status":"publish","type":"page","link":"https:\/\/www.directhealthcaregroup.com\/da\/viden-og-evidens\/177593-2\/","title":{"rendered":"Forebyg v\u00e6vsskader med lejring"},"content":{"rendered":"\n<h1 class=\"wp-block-heading\"><\/h1>\n\n\n\n<p>Problemer med tryks\u00e5r er stadig en stor udfordring i plejearbejdet, og vi har i mange \u00e5r alt for ofte antaget, at en r\u00f8dme p\u00e5 borgerens hud blot fjernes ved at indf\u00f8re vekseltrykmadras og venderegime. Men det er ikke altid svaret.<\/p>\n\n\n\n<p>3. februar 2020<\/p>\n\n\n\n<p>Af: Fysioterapeut, Henrik J. Rasmussen<\/p>\n\n\n\n<h2 class=\"wp-block-heading\"><strong>Vekseltrykmadras er ikke altid svaret<\/strong><\/h2>\n\n\n\n<p>For at kunne forebygge tryks\u00e5r og v\u00e6vsskader skal vi f\u00f8rst identificere, hvad der er \u00e5rsagen til r\u00f8dmen eller v\u00e6vsskaden. Her er det n\u00f8dvendigt med et indledende analysearbejde, for svaret er ikke altid tryk. Der findes nemlig mange flere \u00e5rsager til at v\u00e6vsskader opst\u00e5r. Det kan eksempelvis v\u00e6re maceration, shear og friktion, der kan opst\u00e5 i det daglige plejearbejde.<\/p>\n\n\n\n<p>For at kunne yde den bedste aflastning af et omr\u00e5de, skal vi som fagpersoner v\u00e6re opm\u00e6rksomme p\u00e5 at identificere \u00e5rsagen korrekt. Hvis det blot antages, at v\u00e6vsskaden skyldes direkte tryk, risikerer vi at fejlbehandle borgeren ved at ligge vedkommende p\u00e5 en vekseltrykmadras.<\/p>\n\n\n\n<p>Vekseltrykmadrasser begr\u00e6nser den sengeliggende borgeres evne til selv at forflytte sig, fordi underlaget er bl\u00f8dt og ustabilt. Det er i sig selv meget uhensigtsm\u00e6ssigt, fordi flere studier viser, at jo flere sm\u00e5 repositioneringer man laver, desto mindre risiko er der for at udvikle tryks\u00e5r. Derudover giver et ustabilt underlag \u00f8get risiko for at der skabes shearing og friktion i v\u00e6vet.<\/p>\n\n\n\n<p>Derfor b\u00f8r tildelingen af vekseltrykmadras ikke ske per automatik, og s\u00e6rligt ikke, hvis v\u00e6vsskaden slet ikke skyldes tryk. Faktisk b\u00f8r der, efter anbefaling fra EPUAP, kun anvendes vekseltrykmadras, n\u00e5r det ikke er muligt at aflaste trykket vha. repositioneringer, dvs. hyppige stillingsskift og lejringer.<br><\/p>\n\n\n\n<h2 class=\"wp-block-heading\"><strong>Hyppige stillingsskift<\/strong><\/h2>\n\n\n\n<p>N\u00e5r en borger er i risiko for at udvikle tryks\u00e5r eller andre v\u00e6vsskader, er det n\u00f8dvendigt med et \u00f8get fokus p\u00e5 vedligeholdelse af borgerens hudintegritet.<\/p>\n\n\n\n<p>Det g\u00f8res ved at unders\u00f8ge borgerens hud ofte, og hele tiden revurdere, om \u00f8vrige tiltag skal tages. Er der f\u00f8rst konstateret r\u00f8dme et sted, er der ligeledes \u00f8get sandsynlighed for, at der ogs\u00e5 opst\u00e5r r\u00f8dmen andre steder. Derfor er det vigtigt at anvende metoder s\u00e5som hyppige stillingsskift, til at aflaste alle udsatte omr\u00e5der, hvor der er knoglefremspring.<\/p>\n\n\n\n<p>Her anbefales det ofte, at borgere, der er i h\u00f8jrisiko for v\u00e6vsskader, repositionernes minimum hver anden time. Det er dog ikke n\u00f8dvendigt med en komplet vending. I stedet kan anvendes metoder s\u00e5som den lille pudes vandring, hvor der anvendes mikro-positioneringer. Dette er en fordel, n\u00e5r vi samtidigt vil undg\u00e5 forstyrrelser af borgerens s\u00f8vn, som opst\u00e5r ved traditionelle venderegimer.<\/p>\n\n\n\n<p><br><strong>L\u00e6s ogs\u00e5:<\/strong>&nbsp;<a href=\"https:\/\/www.directhealthcaregroup.com\/da\/viden-og-evidens\/178451-2\/\" target=\"_blank\" rel=\"noreferrer noopener\">Den lille pudes vandring<\/a><\/p>\n\n\n\n<h2 class=\"wp-block-heading\"><strong>Lejring p\u00e5 godt og ondt<\/strong><\/h2>\n\n\n\n<p>Lejring er rigtigt vigtigt, n\u00e5r det kommer til v\u00e6vsaflastning, og kan anvendes b\u00e5de til forebyggelse og aflastning af eksisterende v\u00e6vsskader og tryks\u00e5r. Men lejring med uegnet materiale (s\u00e5som dyner og puder) kan g\u00f8re mere ondt end godt. Det kan nemlig b\u00e5de skabe tryk, friktion og maceration. Eksempelvis kan tryk opst\u00e5 ved, at dynen folder eller flytter sig, og maceration kan opst\u00e5, fordi dyner og puder ikke er \u00e5ndbare, og der opst\u00e5r fugt p\u00e5 huden.<\/p>\n\n\n\n<p>Derfor er det vigtigt at anvende materiale, der er udviklet til lejring. S\u00e5danne positioneringspuder b\u00f8r v\u00e6re b\u00e5de skridsikre, \u00e5ndbare og nemme at reng\u00f8re. Dette sikrer, at lejringen er stabil, ikke bliver for varm og er hygiejnisk.<\/p>\n\n\n\n<p><strong>S\u00e5dan g\u00f8r du:<\/strong><\/p>\n\n\n\n<ul class=\"wp-block-list\"><li>Unders\u00f8g borgerens hud ofte<\/li><li>Fors\u00f8g dig med sm\u00e5, hyppige stillingsskift f\u00f8rst &#8211; s\u00e5som den lille pudes vandring<\/li><li>Anvend \u00e5ndbare lejrings- og st\u00f8ttepuder&nbsp;s\u00e5 du undg\u00e5r risiko for maceration<\/li><li>Til v\u00e6vsaflastning skal anvendes positioneringspuder med kvalitetsskum og ikke dyner og puder<\/li><li>Helkropslejringer s\u00e5som 70 graders sideleje kan aflaste eksisterende tryks\u00e5r eller r\u00f8dme, f.eks. p\u00e5 haleben og korsben<\/li><li>Anvend vekseltrykmadras hvis borgeren er helt immobil<\/li><\/ul>\n","protected":false},"excerpt":{"rendered":"<p>Problemer med tryks\u00e5r er stadig en stor udfordring i plejearbejdet, og vi har i mange \u00e5r alt for ofte antaget, at en r\u00f8dme p\u00e5 borgerens hud blot fjernes ved at indf\u00f8re vekseltrykmadras og venderegime. Men det er ikke altid svaret. 3. februar 2020 Af: Fysioterapeut, Henrik J. Rasmussen Vekseltrykmadras er ikke altid svaret For at &hellip; <a href=\"https:\/\/www.directhealthcaregroup.com\/da\/viden-og-evidens\/177593-2\/\">Continued<\/a><\/p>\n","protected":false},"author":40,"featured_media":177606,"parent":174696,"menu_order":26,"comment_status":"closed","ping_status":"closed","template":"","meta":{"_acf_changed":false,"footnotes":""},"class_list":["post-177593","page","type-page","status-publish","has-post-thumbnail","hentry"],"acf":[],"yoast_head":"<!-- This site is optimized with the Yoast SEO plugin v27.4 - https:\/\/yoast.com\/product\/yoast-seo-wordpress\/ -->\n<title>Forebyg v\u00e6vsskader med lejring | DHG<\/title>\n<meta name=\"robots\" content=\"index, follow, max-snippet:-1, max-image-preview:large, max-video-preview:-1\" \/>\n<link rel=\"canonical\" href=\"https:\/\/www.directhealthcaregroup.com\/da\/viden-og-evidens\/177593-2\/\" \/>\n<meta property=\"og:locale\" content=\"da_DK\" \/>\n<meta property=\"og:type\" content=\"article\" \/>\n<meta property=\"og:title\" content=\"Forebyg v\u00e6vsskader med lejring | DHG\" \/>\n<meta property=\"og:description\" content=\"Problemer med tryks\u00e5r er stadig en stor udfordring i plejearbejdet, og vi har i mange \u00e5r alt for ofte antaget, at en r\u00f8dme p\u00e5 borgerens hud blot fjernes ved at indf\u00f8re vekseltrykmadras og venderegime. Men det er ikke altid svaret. 3. februar 2020 Af: Fysioterapeut, Henrik J. Rasmussen Vekseltrykmadras er ikke altid svaret For at &hellip; Continued\" \/>\n<meta property=\"og:url\" content=\"https:\/\/www.directhealthcaregroup.com\/da\/viden-og-evidens\/177593-2\/\" \/>\n<meta property=\"og:site_name\" content=\"DHG\" \/>\n<meta property=\"article:modified_time\" content=\"2023-05-17T05:31:28+00:00\" \/>\n<meta property=\"og:image\" content=\"https:\/\/www.directhealthcaregroup.com\/app\/uploads\/forebyg-vaevsskader-med-lejring-tb-transformed-1.jpeg\" \/>\n\t<meta property=\"og:image:width\" content=\"1000\" \/>\n\t<meta property=\"og:image:height\" content=\"250\" \/>\n\t<meta property=\"og:image:type\" content=\"image\/jpeg\" \/>\n<meta name=\"twitter:card\" content=\"summary_large_image\" \/>\n<meta name=\"twitter:label1\" content=\"Est. reading time\" \/>\n\t<meta name=\"twitter:data1\" content=\"3 minutes\" \/>\n<script type=\"application\/ld+json\" class=\"yoast-schema-graph\">{\"@context\":\"https:\\\/\\\/schema.org\",\"@graph\":[{\"@type\":\"WebPage\",\"@id\":\"https:\\\/\\\/www.directhealthcaregroup.com\\\/da\\\/viden-og-evidens\\\/177593-2\\\/\",\"url\":\"https:\\\/\\\/www.directhealthcaregroup.com\\\/da\\\/viden-og-evidens\\\/177593-2\\\/\",\"name\":\"Forebyg v\u00e6vsskader med lejring | DHG\",\"isPartOf\":{\"@id\":\"https:\\\/\\\/www.directhealthcaregroup.com\\\/#website\"},\"primaryImageOfPage\":{\"@id\":\"https:\\\/\\\/www.directhealthcaregroup.com\\\/da\\\/viden-og-evidens\\\/177593-2\\\/#primaryimage\"},\"image\":{\"@id\":\"https:\\\/\\\/www.directhealthcaregroup.com\\\/da\\\/viden-og-evidens\\\/177593-2\\\/#primaryimage\"},\"thumbnailUrl\":\"https:\\\/\\\/www.directhealthcaregroup.com\\\/app\\\/uploads\\\/forebyg-vaevsskader-med-lejring-tb-transformed-1.jpeg\",\"datePublished\":\"2023-03-29T11:41:25+00:00\",\"dateModified\":\"2023-05-17T05:31:28+00:00\",\"breadcrumb\":{\"@id\":\"https:\\\/\\\/www.directhealthcaregroup.com\\\/da\\\/viden-og-evidens\\\/177593-2\\\/#breadcrumb\"},\"inLanguage\":\"da-DK\",\"potentialAction\":[{\"@type\":\"ReadAction\",\"target\":[\"https:\\\/\\\/www.directhealthcaregroup.com\\\/da\\\/viden-og-evidens\\\/177593-2\\\/\"]}]},{\"@type\":\"ImageObject\",\"inLanguage\":\"da-DK\",\"@id\":\"https:\\\/\\\/www.directhealthcaregroup.com\\\/da\\\/viden-og-evidens\\\/177593-2\\\/#primaryimage\",\"url\":\"https:\\\/\\\/www.directhealthcaregroup.com\\\/app\\\/uploads\\\/forebyg-vaevsskader-med-lejring-tb-transformed-1.jpeg\",\"contentUrl\":\"https:\\\/\\\/www.directhealthcaregroup.com\\\/app\\\/uploads\\\/forebyg-vaevsskader-med-lejring-tb-transformed-1.jpeg\",\"width\":1000,\"height\":250},{\"@type\":\"BreadcrumbList\",\"@id\":\"https:\\\/\\\/www.directhealthcaregroup.com\\\/da\\\/viden-og-evidens\\\/177593-2\\\/#breadcrumb\",\"itemListElement\":[{\"@type\":\"ListItem\",\"position\":1,\"name\":\"Home\",\"item\":\"https:\\\/\\\/www.directhealthcaregroup.com\\\/da\\\/\"},{\"@type\":\"ListItem\",\"position\":2,\"name\":\"VIDEN OG EVIDENS\",\"item\":\"https:\\\/\\\/www.directhealthcaregroup.com\\\/da\\\/viden-og-evidens\\\/\"},{\"@type\":\"ListItem\",\"position\":3,\"name\":\"Forebyg v\u00e6vsskader med lejring\"}]},{\"@type\":\"WebSite\",\"@id\":\"https:\\\/\\\/www.directhealthcaregroup.com\\\/#website\",\"url\":\"https:\\\/\\\/www.directhealthcaregroup.com\\\/\",\"name\":\"DHG\",\"description\":\"Moving Health Forward\",\"publisher\":{\"@id\":\"https:\\\/\\\/www.directhealthcaregroup.com\\\/#organization\"},\"potentialAction\":[{\"@type\":\"SearchAction\",\"target\":{\"@type\":\"EntryPoint\",\"urlTemplate\":\"https:\\\/\\\/www.directhealthcaregroup.com\\\/?s={search_term_string}\"},\"query-input\":{\"@type\":\"PropertyValueSpecification\",\"valueRequired\":true,\"valueName\":\"search_term_string\"}}],\"inLanguage\":\"da-DK\"},{\"@type\":\"Organization\",\"@id\":\"https:\\\/\\\/www.directhealthcaregroup.com\\\/#organization\",\"name\":\"Direct Healthcare Group\",\"url\":\"https:\\\/\\\/www.directhealthcaregroup.com\\\/\",\"logo\":{\"@type\":\"ImageObject\",\"inLanguage\":\"da-DK\",\"@id\":\"https:\\\/\\\/www.directhealthcaregroup.com\\\/#\\\/schema\\\/logo\\\/image\\\/\",\"url\":\"https:\\\/\\\/directhealthcaregroup.com\\\/app\\\/uploads\\\/dhg-logo.png\",\"contentUrl\":\"https:\\\/\\\/directhealthcaregroup.com\\\/app\\\/uploads\\\/dhg-logo.png\",\"width\":556,\"height\":240,\"caption\":\"Direct Healthcare Group\"},\"image\":{\"@id\":\"https:\\\/\\\/www.directhealthcaregroup.com\\\/#\\\/schema\\\/logo\\\/image\\\/\"}}]}<\/script>\n<!-- \/ Yoast SEO plugin. -->","yoast_head_json":{"title":"Forebyg v\u00e6vsskader med lejring | DHG","robots":{"index":"index","follow":"follow","max-snippet":"max-snippet:-1","max-image-preview":"max-image-preview:large","max-video-preview":"max-video-preview:-1"},"canonical":"https:\/\/www.directhealthcaregroup.com\/da\/viden-og-evidens\/177593-2\/","og_locale":"da_DK","og_type":"article","og_title":"Forebyg v\u00e6vsskader med lejring | DHG","og_description":"Problemer med tryks\u00e5r er stadig en stor udfordring i plejearbejdet, og vi har i mange \u00e5r alt for ofte antaget, at en r\u00f8dme p\u00e5 borgerens hud blot fjernes ved at indf\u00f8re vekseltrykmadras og venderegime. Men det er ikke altid svaret. 3. februar 2020 Af: Fysioterapeut, Henrik J. Rasmussen Vekseltrykmadras er ikke altid svaret For at &hellip; Continued","og_url":"https:\/\/www.directhealthcaregroup.com\/da\/viden-og-evidens\/177593-2\/","og_site_name":"DHG","article_modified_time":"2023-05-17T05:31:28+00:00","og_image":[{"width":1000,"height":250,"url":"https:\/\/www.directhealthcaregroup.com\/app\/uploads\/forebyg-vaevsskader-med-lejring-tb-transformed-1.jpeg","type":"image\/jpeg"}],"twitter_card":"summary_large_image","twitter_misc":{"Est. reading time":"3 minutes"},"schema":{"@context":"https:\/\/schema.org","@graph":[{"@type":"WebPage","@id":"https:\/\/www.directhealthcaregroup.com\/da\/viden-og-evidens\/177593-2\/","url":"https:\/\/www.directhealthcaregroup.com\/da\/viden-og-evidens\/177593-2\/","name":"Forebyg v\u00e6vsskader med lejring | DHG","isPartOf":{"@id":"https:\/\/www.directhealthcaregroup.com\/#website"},"primaryImageOfPage":{"@id":"https:\/\/www.directhealthcaregroup.com\/da\/viden-og-evidens\/177593-2\/#primaryimage"},"image":{"@id":"https:\/\/www.directhealthcaregroup.com\/da\/viden-og-evidens\/177593-2\/#primaryimage"},"thumbnailUrl":"https:\/\/www.directhealthcaregroup.com\/app\/uploads\/forebyg-vaevsskader-med-lejring-tb-transformed-1.jpeg","datePublished":"2023-03-29T11:41:25+00:00","dateModified":"2023-05-17T05:31:28+00:00","breadcrumb":{"@id":"https:\/\/www.directhealthcaregroup.com\/da\/viden-og-evidens\/177593-2\/#breadcrumb"},"inLanguage":"da-DK","potentialAction":[{"@type":"ReadAction","target":["https:\/\/www.directhealthcaregroup.com\/da\/viden-og-evidens\/177593-2\/"]}]},{"@type":"ImageObject","inLanguage":"da-DK","@id":"https:\/\/www.directhealthcaregroup.com\/da\/viden-og-evidens\/177593-2\/#primaryimage","url":"https:\/\/www.directhealthcaregroup.com\/app\/uploads\/forebyg-vaevsskader-med-lejring-tb-transformed-1.jpeg","contentUrl":"https:\/\/www.directhealthcaregroup.com\/app\/uploads\/forebyg-vaevsskader-med-lejring-tb-transformed-1.jpeg","width":1000,"height":250},{"@type":"BreadcrumbList","@id":"https:\/\/www.directhealthcaregroup.com\/da\/viden-og-evidens\/177593-2\/#breadcrumb","itemListElement":[{"@type":"ListItem","position":1,"name":"Home","item":"https:\/\/www.directhealthcaregroup.com\/da\/"},{"@type":"ListItem","position":2,"name":"VIDEN OG EVIDENS","item":"https:\/\/www.directhealthcaregroup.com\/da\/viden-og-evidens\/"},{"@type":"ListItem","position":3,"name":"Forebyg v\u00e6vsskader med lejring"}]},{"@type":"WebSite","@id":"https:\/\/www.directhealthcaregroup.com\/#website","url":"https:\/\/www.directhealthcaregroup.com\/","name":"DHG","description":"Moving Health Forward","publisher":{"@id":"https:\/\/www.directhealthcaregroup.com\/#organization"},"potentialAction":[{"@type":"SearchAction","target":{"@type":"EntryPoint","urlTemplate":"https:\/\/www.directhealthcaregroup.com\/?s={search_term_string}"},"query-input":{"@type":"PropertyValueSpecification","valueRequired":true,"valueName":"search_term_string"}}],"inLanguage":"da-DK"},{"@type":"Organization","@id":"https:\/\/www.directhealthcaregroup.com\/#organization","name":"Direct Healthcare Group","url":"https:\/\/www.directhealthcaregroup.com\/","logo":{"@type":"ImageObject","inLanguage":"da-DK","@id":"https:\/\/www.directhealthcaregroup.com\/#\/schema\/logo\/image\/","url":"https:\/\/directhealthcaregroup.com\/app\/uploads\/dhg-logo.png","contentUrl":"https:\/\/directhealthcaregroup.com\/app\/uploads\/dhg-logo.png","width":556,"height":240,"caption":"Direct Healthcare Group"},"image":{"@id":"https:\/\/www.directhealthcaregroup.com\/#\/schema\/logo\/image\/"}}]}},"_links":{"self":[{"href":"https:\/\/www.directhealthcaregroup.com\/da\/wp-json\/wp\/v2\/pages\/177593","targetHints":{"allow":["GET"]}}],"collection":[{"href":"https:\/\/www.directhealthcaregroup.com\/da\/wp-json\/wp\/v2\/pages"}],"about":[{"href":"https:\/\/www.directhealthcaregroup.com\/da\/wp-json\/wp\/v2\/types\/page"}],"author":[{"embeddable":true,"href":"https:\/\/www.directhealthcaregroup.com\/da\/wp-json\/wp\/v2\/users\/40"}],"replies":[{"embeddable":true,"href":"https:\/\/www.directhealthcaregroup.com\/da\/wp-json\/wp\/v2\/comments?post=177593"}],"version-history":[{"count":3,"href":"https:\/\/www.directhealthcaregroup.com\/da\/wp-json\/wp\/v2\/pages\/177593\/revisions"}],"predecessor-version":[{"id":183706,"href":"https:\/\/www.directhealthcaregroup.com\/da\/wp-json\/wp\/v2\/pages\/177593\/revisions\/183706"}],"up":[{"embeddable":true,"href":"https:\/\/www.directhealthcaregroup.com\/da\/wp-json\/wp\/v2\/pages\/174696"}],"wp:featuredmedia":[{"embeddable":true,"href":"https:\/\/www.directhealthcaregroup.com\/da\/wp-json\/wp\/v2\/media\/177606"}],"wp:attachment":[{"href":"https:\/\/www.directhealthcaregroup.com\/da\/wp-json\/wp\/v2\/media?parent=177593"}],"curies":[{"name":"wp","href":"https:\/\/api.w.org\/{rel}","templated":true}]}}