{"id":177643,"date":"2023-03-29T13:09:36","date_gmt":"2023-03-29T12:09:36","guid":{"rendered":"https:\/\/www.directhealthcaregroup.com\/?page_id=177643"},"modified":"2023-05-17T06:30:43","modified_gmt":"2023-05-17T05:30:43","slug":"177643-2","status":"publish","type":"page","link":"https:\/\/www.directhealthcaregroup.com\/da\/viden-og-evidens\/177643-2\/","title":{"rendered":"Derfor skal du kende til biomekanik"},"content":{"rendered":"\n<h1 class=\"wp-block-heading\"><\/h1>\n\n\n\n<p>Ved du, hvad den reelle belastning er p\u00e5 din krop, n\u00e5r du skubber, tr\u00e6kker eller l\u00f8fter ifm. forflytning af en borger med manuelle hj\u00e6lpemidler? Og har du styr p\u00e5, hvor meget det belaster din ryg at st\u00e5 foroverb\u00f8jet ind over borgeren i sengen?<\/p>\n\n\n\n<p>13. januar 2020<\/p>\n\n\n\n<p>Af: Ergoterapeut, Pia Beck<\/p>\n\n\n\n<p>De f\u00e6rreste vil kunne svare ja til ovenst\u00e5ende. Men ved vi ikke dette, ved vi heller ikke om den forflytning, vi skal til at lave, overbelaster vores bev\u00e6geapparat. Derfor kan vi ikke lave et fagligt til- eller fravalg, men baserer vores valg p\u00e5 synsninger. Det er her de biomekaniske beregninger kommer i spil.<br><\/p>\n\n\n\n<h2 class=\"wp-block-heading\"><strong>De store muskelgrupper g\u00f8r (ikke) arbejdet<\/strong><\/h2>\n\n\n\n<p>Vi stoppede med at b\u00e6re rundt p\u00e5 borgeren, da personalet blev \u201d\u00f8delagt\u201d af akutte l\u00f8fteskader. Nu har vi forflyttet ved at skubbe, rulle og tr\u00e6kke de seneste 20 \u00e5r. Men kigger vi p\u00e5 tallene for muskel- og skeletbesv\u00e6r (MSB) m\u00e5 vi konstatere, at noget er helt galt. Vi har f\u00e5et reduceret antallet af l\u00f8fteskader, men MSB relateret til skulder, nakke, arme og l\u00e6nd er eskaleret.<\/p>\n\n\n\n<p>Desv\u00e6rre h\u00e6nger det sammen med den tilgang, vi har til at \u201dforflytte korrekt\u201d. Vi fort\u00e6ller hinanden, at det er de store muskelgrupper i benene, der laver arbejdet, n\u00e5r vi tr\u00e6kker og skubber, men faktum er, at det kun er de store muskelgrupper i benene, der starter bev\u00e6gelsen. Arbejdet udf\u00f8res fortsat af vores arme, nakke, skuldre og l\u00e6nd, ogs\u00e5 selvom vi benytter en lang r\u00e6kke af de kendte forflytningsprincipper og teknikker.<\/p>\n\n\n\n<p>Mon det er p\u00e5 tide, at vi giver vores forflytningstilgang et serviceeftersyn? Det mener jeg, at det er. En af m\u00e5derne at g\u00f8re dette, er at give vores sundhedsprofessionelle muligheden for at lave et kompetent til- eller fravalg i m\u00e5den, de skal forflytte et andet menneske p\u00e5. Dette valg skal tages med baggrund i faglighed og ikke i synsninger. Her spiller viden om og kendskab til biomekaniske beregninger en essentiel rolle.<br><\/p>\n\n\n\n<h2 class=\"wp-block-heading\"><strong>Hvad er biomekanik?<\/strong><\/h2>\n\n\n\n<p>Nu bliver det t\u00f8rt \u2013 s\u00e5dan rigtigt t\u00f8rt. Biomekanik omhandler nemlig unders\u00f8gelsen af bev\u00e6geapparatet ved brug af mekaniske- og fysiske m\u00e5lemetoder. Det bliver eksempelvis brugt i forbindelse med udredning af \u00e5rsager til belastnings- og nedslidningsskader.<\/p>\n\n\n\n<p>Men viden om biomekaniske beregninger er ikke en del af uddannelserne som forflytningsvejleder, SSH eller SSA. Desuden fylder den ganske lidt p\u00e5 ergo- og fysioterapeutuddannelserne og bliver kun bragt i spil p\u00e5 f\u00e5 sygeplejerskeuddannelser.<\/p>\n\n\n\n<p>Derfor er det ogs\u00e5 de f\u00e6rreste der ved, hvor stor belastningen i l\u00e6nden faktisk er, n\u00e5r blot man st\u00e5r en smule fremadf\u00e6ldet. Men det er faktisk n\u00f8dvendigt at vide, for at kunne vurdere arbejdssituationens sikkerheds- og sundhedsm\u00e6ssige forsvarlighed og for fagligt at kunne sige \u201dnej tak, denne forflytning vil jeg ikke lave, vi m\u00e5 finde en anden m\u00e5de.\u201d<\/p>\n\n\n\n<p><strong>Eksempel:<\/strong>&nbsp;De fleste kender til at st\u00e5 i k\u00f8kkenet og skr\u00e6lle kartofler henover vasken. N\u00e5r man har skr\u00e6llet de f\u00f8rste fem, kan mange m\u00e6rke, at det begynder at v\u00e6rke i ryggen og l\u00e6nden. Og det sker blot ved at holde en lille kartoffel i h\u00e5nden, med armene lidt ud fra kroppen. S\u00e5 lidt skal der alts\u00e5 til.<br><\/p>\n\n\n\n<p><strong>L\u00e6s ogs\u00e5:<\/strong>&nbsp;<a href=\"https:\/\/www.directhealthcaregroup.com\/da\/viden-og-evidens\/178112-2\/\" target=\"_blank\" rel=\"noreferrer noopener\">Hvorn\u00e5r skal du anvende el-vendelagen?<\/a><\/p>\n\n\n\n<h2 class=\"wp-block-heading\"><strong>Hvad er en biomekanisk beregning s\u00e5?<\/strong><\/h2>\n\n\n\n<p>En biomekanisk beregning er en beregningsmetode, der udregner, hvor stor belastningen p\u00e5 bev\u00e6geapparatet er. Det er f.eks. muligt at udregne, hvor stor belastningen er p\u00e5 diskus-skiverne i l\u00e6ndedelen, hvis en person st\u00e5r med ret ryg og er fremadf\u00e6ldet 45 grader.<\/p>\n\n\n\n<h4 class=\"wp-block-heading\"><strong>For at lave regnestykket, er der nogle v\u00e6rdier, vi skal have kendskab til f\u00f8rst:<\/strong><\/h4>\n\n\n\n<ul class=\"wp-block-list\"><li>hvor h\u00f8j personen som udf\u00f8rer forflytningen er<\/li><li>hvor meget personen der udf\u00f8rer forflytningen vejer<\/li><li>hvor mange grader personen st\u00e5r fremadf\u00e6ldet<\/li><li>hvor meget byrden man flytter vejer<\/li><li>og hvor langt fra kroppen byrden er<\/li><\/ul>\n\n\n\n<p>De fleste, der arbejder med plejekr\u00e6vende mennesker, har pr\u00f8vet at skulle st\u00e5 og holde en borgers ben. Vi tager udgangspunkt i denne arbejdsstilling, med en plejer der vejer 80 kilo, er 186 cm h\u00f8j og st\u00e5r 45 grader fremadf\u00e6ldet. Borgerens ben, som vejer 10 kilo, kommer i denne situation helt ind til plejepersonalets krop (vi ved jo, at byrden skal s\u00e5 t\u00e6t p\u00e5 kroppen som det er muligt) s\u00e5 r\u00e6kkeafstanden er 30 cm.<\/p>\n\n\n\n<p>Denne arbejdsopgave vil betyde, at der er en belastning svarende til ca. 255 kg p\u00e5 diskus i l\u00e6ndedelen (eller det samme som en voksen hanl\u00f8ve). Men vent! Denne beregning er baseret p\u00e5 en stillest\u00e5ende aktivitet, og ofte bev\u00e6ger vi os, n\u00e5r vi forflytter. D\u00e9t betyder rent faktisk, at belastningen skal ganges med 3, og vupti; den voksne hanl\u00f8ve bliver til et stort n\u00e6sehorn svarende til 765 kilo!<br><\/p>\n\n\n\n<p><\/p>\n\n\n\n<h2 class=\"wp-block-heading\"><strong>Hvor meget m\u00e5 du s\u00e5 forflytte?<\/strong><\/h2>\n\n\n\n<p>Hvor meget kan du s\u00e5 holde til? Det varierer fra person til person og er afh\u00e6ngigt af b\u00e5de byrden og arbejdsstillingen, som fastsl\u00e5et ovenfor. N\u00e5r vi er unge, kan vi klare meget. Men if\u00f8lge ISO-standard 12296 kan vi se, at disse h\u00f8je belastninger vil komme til at udfordre os med alderen. Dette ikke mindst i kraft af, at 1\/3 kvinder rammes af knoglesk\u00f8rhed og at vores bruskskiver\/diskusskiver degenererer med alderen. S\u00e5 er du ikke l\u00e6ngere en v\u00e5rhare, har du kun endnu st\u00f8rre grund til at v\u00e6re opm\u00e6rksom p\u00e5 ikke at forflytte for meget.<\/p>\n\n\n\n<p>Du skal v\u00e6re p\u00e5 arbejdsmarkedet i mange \u00e5r, og derfor skal vi minimere s\u00e5 mange belastninger som muligt!<\/p>\n\n\n\n<p>Og nej, jeg bilder mig ikke ind, at du skal st\u00e5 og lave biomekaniske beregninger, inden du forflytter hr. Jensen (s\u00e5 kunne lommeregneren jo knapt forlade din h\u00e5nd). MEN, jeg bilder mig faktisk ind, at du, ved at v\u00e6re bevidst om hvor meget en almindelig forflytning belaster, allerede er godt p\u00e5 vej til at g\u00f8re synsninger til faglige til- eller fravalg.<\/p>\n","protected":false},"excerpt":{"rendered":"<p>Ved du, hvad den reelle belastning er p\u00e5 din krop, n\u00e5r du skubber, tr\u00e6kker eller l\u00f8fter ifm. forflytning af en borger med manuelle hj\u00e6lpemidler? Og har du styr p\u00e5, hvor meget det belaster din ryg at st\u00e5 foroverb\u00f8jet ind over borgeren i sengen? 13. januar 2020 Af: Ergoterapeut, Pia Beck De f\u00e6rreste vil kunne svare &hellip; <a href=\"https:\/\/www.directhealthcaregroup.com\/da\/viden-og-evidens\/177643-2\/\">Continued<\/a><\/p>\n","protected":false},"author":40,"featured_media":177667,"parent":174696,"menu_order":25,"comment_status":"closed","ping_status":"closed","template":"","meta":{"_acf_changed":false,"footnotes":""},"class_list":["post-177643","page","type-page","status-publish","has-post-thumbnail","hentry"],"acf":[],"yoast_head":"<!-- This site is optimized with the Yoast SEO plugin v27.4 - https:\/\/yoast.com\/product\/yoast-seo-wordpress\/ -->\n<title>Derfor skal du kende til biomekanik | DHG<\/title>\n<meta name=\"robots\" content=\"index, follow, max-snippet:-1, max-image-preview:large, max-video-preview:-1\" \/>\n<link rel=\"canonical\" href=\"https:\/\/www.directhealthcaregroup.com\/da\/viden-og-evidens\/177643-2\/\" \/>\n<meta property=\"og:locale\" content=\"da_DK\" \/>\n<meta property=\"og:type\" content=\"article\" \/>\n<meta property=\"og:title\" content=\"Derfor skal du kende til biomekanik | DHG\" \/>\n<meta property=\"og:description\" content=\"Ved du, hvad den reelle belastning er p\u00e5 din krop, n\u00e5r du skubber, tr\u00e6kker eller l\u00f8fter ifm. forflytning af en borger med manuelle hj\u00e6lpemidler? Og har du styr p\u00e5, hvor meget det belaster din ryg at st\u00e5 foroverb\u00f8jet ind over borgeren i sengen? 13. januar 2020 Af: Ergoterapeut, Pia Beck De f\u00e6rreste vil kunne svare &hellip; Continued\" \/>\n<meta property=\"og:url\" content=\"https:\/\/www.directhealthcaregroup.com\/da\/viden-og-evidens\/177643-2\/\" \/>\n<meta property=\"og:site_name\" content=\"DHG\" \/>\n<meta property=\"article:modified_time\" content=\"2023-05-17T05:30:43+00:00\" \/>\n<meta property=\"og:image\" content=\"https:\/\/www.directhealthcaregroup.com\/app\/uploads\/biomekanik-tb-transformed.jpeg\" \/>\n\t<meta property=\"og:image:width\" content=\"1000\" \/>\n\t<meta property=\"og:image:height\" content=\"250\" \/>\n\t<meta property=\"og:image:type\" content=\"image\/jpeg\" \/>\n<meta name=\"twitter:card\" content=\"summary_large_image\" \/>\n<meta name=\"twitter:label1\" content=\"Est. reading time\" \/>\n\t<meta name=\"twitter:data1\" content=\"5 minutes\" \/>\n<script type=\"application\/ld+json\" class=\"yoast-schema-graph\">{\"@context\":\"https:\\\/\\\/schema.org\",\"@graph\":[{\"@type\":\"WebPage\",\"@id\":\"https:\\\/\\\/www.directhealthcaregroup.com\\\/da\\\/viden-og-evidens\\\/177643-2\\\/\",\"url\":\"https:\\\/\\\/www.directhealthcaregroup.com\\\/da\\\/viden-og-evidens\\\/177643-2\\\/\",\"name\":\"Derfor skal du kende til biomekanik | DHG\",\"isPartOf\":{\"@id\":\"https:\\\/\\\/www.directhealthcaregroup.com\\\/#website\"},\"primaryImageOfPage\":{\"@id\":\"https:\\\/\\\/www.directhealthcaregroup.com\\\/da\\\/viden-og-evidens\\\/177643-2\\\/#primaryimage\"},\"image\":{\"@id\":\"https:\\\/\\\/www.directhealthcaregroup.com\\\/da\\\/viden-og-evidens\\\/177643-2\\\/#primaryimage\"},\"thumbnailUrl\":\"https:\\\/\\\/www.directhealthcaregroup.com\\\/app\\\/uploads\\\/biomekanik-tb-transformed.jpeg\",\"datePublished\":\"2023-03-29T12:09:36+00:00\",\"dateModified\":\"2023-05-17T05:30:43+00:00\",\"breadcrumb\":{\"@id\":\"https:\\\/\\\/www.directhealthcaregroup.com\\\/da\\\/viden-og-evidens\\\/177643-2\\\/#breadcrumb\"},\"inLanguage\":\"da-DK\",\"potentialAction\":[{\"@type\":\"ReadAction\",\"target\":[\"https:\\\/\\\/www.directhealthcaregroup.com\\\/da\\\/viden-og-evidens\\\/177643-2\\\/\"]}]},{\"@type\":\"ImageObject\",\"inLanguage\":\"da-DK\",\"@id\":\"https:\\\/\\\/www.directhealthcaregroup.com\\\/da\\\/viden-og-evidens\\\/177643-2\\\/#primaryimage\",\"url\":\"https:\\\/\\\/www.directhealthcaregroup.com\\\/app\\\/uploads\\\/biomekanik-tb-transformed.jpeg\",\"contentUrl\":\"https:\\\/\\\/www.directhealthcaregroup.com\\\/app\\\/uploads\\\/biomekanik-tb-transformed.jpeg\",\"width\":1000,\"height\":250},{\"@type\":\"BreadcrumbList\",\"@id\":\"https:\\\/\\\/www.directhealthcaregroup.com\\\/da\\\/viden-og-evidens\\\/177643-2\\\/#breadcrumb\",\"itemListElement\":[{\"@type\":\"ListItem\",\"position\":1,\"name\":\"Home\",\"item\":\"https:\\\/\\\/www.directhealthcaregroup.com\\\/da\\\/\"},{\"@type\":\"ListItem\",\"position\":2,\"name\":\"VIDEN OG EVIDENS\",\"item\":\"https:\\\/\\\/www.directhealthcaregroup.com\\\/da\\\/viden-og-evidens\\\/\"},{\"@type\":\"ListItem\",\"position\":3,\"name\":\"Derfor skal du kende til biomekanik\"}]},{\"@type\":\"WebSite\",\"@id\":\"https:\\\/\\\/www.directhealthcaregroup.com\\\/#website\",\"url\":\"https:\\\/\\\/www.directhealthcaregroup.com\\\/\",\"name\":\"DHG\",\"description\":\"Moving Health Forward\",\"publisher\":{\"@id\":\"https:\\\/\\\/www.directhealthcaregroup.com\\\/#organization\"},\"potentialAction\":[{\"@type\":\"SearchAction\",\"target\":{\"@type\":\"EntryPoint\",\"urlTemplate\":\"https:\\\/\\\/www.directhealthcaregroup.com\\\/?s={search_term_string}\"},\"query-input\":{\"@type\":\"PropertyValueSpecification\",\"valueRequired\":true,\"valueName\":\"search_term_string\"}}],\"inLanguage\":\"da-DK\"},{\"@type\":\"Organization\",\"@id\":\"https:\\\/\\\/www.directhealthcaregroup.com\\\/#organization\",\"name\":\"Direct Healthcare Group\",\"url\":\"https:\\\/\\\/www.directhealthcaregroup.com\\\/\",\"logo\":{\"@type\":\"ImageObject\",\"inLanguage\":\"da-DK\",\"@id\":\"https:\\\/\\\/www.directhealthcaregroup.com\\\/#\\\/schema\\\/logo\\\/image\\\/\",\"url\":\"https:\\\/\\\/directhealthcaregroup.com\\\/app\\\/uploads\\\/dhg-logo.png\",\"contentUrl\":\"https:\\\/\\\/directhealthcaregroup.com\\\/app\\\/uploads\\\/dhg-logo.png\",\"width\":556,\"height\":240,\"caption\":\"Direct Healthcare Group\"},\"image\":{\"@id\":\"https:\\\/\\\/www.directhealthcaregroup.com\\\/#\\\/schema\\\/logo\\\/image\\\/\"}}]}<\/script>\n<!-- \/ Yoast SEO plugin. -->","yoast_head_json":{"title":"Derfor skal du kende til biomekanik | DHG","robots":{"index":"index","follow":"follow","max-snippet":"max-snippet:-1","max-image-preview":"max-image-preview:large","max-video-preview":"max-video-preview:-1"},"canonical":"https:\/\/www.directhealthcaregroup.com\/da\/viden-og-evidens\/177643-2\/","og_locale":"da_DK","og_type":"article","og_title":"Derfor skal du kende til biomekanik | DHG","og_description":"Ved du, hvad den reelle belastning er p\u00e5 din krop, n\u00e5r du skubber, tr\u00e6kker eller l\u00f8fter ifm. forflytning af en borger med manuelle hj\u00e6lpemidler? Og har du styr p\u00e5, hvor meget det belaster din ryg at st\u00e5 foroverb\u00f8jet ind over borgeren i sengen? 13. januar 2020 Af: Ergoterapeut, Pia Beck De f\u00e6rreste vil kunne svare &hellip; Continued","og_url":"https:\/\/www.directhealthcaregroup.com\/da\/viden-og-evidens\/177643-2\/","og_site_name":"DHG","article_modified_time":"2023-05-17T05:30:43+00:00","og_image":[{"width":1000,"height":250,"url":"https:\/\/www.directhealthcaregroup.com\/app\/uploads\/biomekanik-tb-transformed.jpeg","type":"image\/jpeg"}],"twitter_card":"summary_large_image","twitter_misc":{"Est. reading time":"5 minutes"},"schema":{"@context":"https:\/\/schema.org","@graph":[{"@type":"WebPage","@id":"https:\/\/www.directhealthcaregroup.com\/da\/viden-og-evidens\/177643-2\/","url":"https:\/\/www.directhealthcaregroup.com\/da\/viden-og-evidens\/177643-2\/","name":"Derfor skal du kende til biomekanik | DHG","isPartOf":{"@id":"https:\/\/www.directhealthcaregroup.com\/#website"},"primaryImageOfPage":{"@id":"https:\/\/www.directhealthcaregroup.com\/da\/viden-og-evidens\/177643-2\/#primaryimage"},"image":{"@id":"https:\/\/www.directhealthcaregroup.com\/da\/viden-og-evidens\/177643-2\/#primaryimage"},"thumbnailUrl":"https:\/\/www.directhealthcaregroup.com\/app\/uploads\/biomekanik-tb-transformed.jpeg","datePublished":"2023-03-29T12:09:36+00:00","dateModified":"2023-05-17T05:30:43+00:00","breadcrumb":{"@id":"https:\/\/www.directhealthcaregroup.com\/da\/viden-og-evidens\/177643-2\/#breadcrumb"},"inLanguage":"da-DK","potentialAction":[{"@type":"ReadAction","target":["https:\/\/www.directhealthcaregroup.com\/da\/viden-og-evidens\/177643-2\/"]}]},{"@type":"ImageObject","inLanguage":"da-DK","@id":"https:\/\/www.directhealthcaregroup.com\/da\/viden-og-evidens\/177643-2\/#primaryimage","url":"https:\/\/www.directhealthcaregroup.com\/app\/uploads\/biomekanik-tb-transformed.jpeg","contentUrl":"https:\/\/www.directhealthcaregroup.com\/app\/uploads\/biomekanik-tb-transformed.jpeg","width":1000,"height":250},{"@type":"BreadcrumbList","@id":"https:\/\/www.directhealthcaregroup.com\/da\/viden-og-evidens\/177643-2\/#breadcrumb","itemListElement":[{"@type":"ListItem","position":1,"name":"Home","item":"https:\/\/www.directhealthcaregroup.com\/da\/"},{"@type":"ListItem","position":2,"name":"VIDEN OG EVIDENS","item":"https:\/\/www.directhealthcaregroup.com\/da\/viden-og-evidens\/"},{"@type":"ListItem","position":3,"name":"Derfor skal du kende til biomekanik"}]},{"@type":"WebSite","@id":"https:\/\/www.directhealthcaregroup.com\/#website","url":"https:\/\/www.directhealthcaregroup.com\/","name":"DHG","description":"Moving Health Forward","publisher":{"@id":"https:\/\/www.directhealthcaregroup.com\/#organization"},"potentialAction":[{"@type":"SearchAction","target":{"@type":"EntryPoint","urlTemplate":"https:\/\/www.directhealthcaregroup.com\/?s={search_term_string}"},"query-input":{"@type":"PropertyValueSpecification","valueRequired":true,"valueName":"search_term_string"}}],"inLanguage":"da-DK"},{"@type":"Organization","@id":"https:\/\/www.directhealthcaregroup.com\/#organization","name":"Direct Healthcare Group","url":"https:\/\/www.directhealthcaregroup.com\/","logo":{"@type":"ImageObject","inLanguage":"da-DK","@id":"https:\/\/www.directhealthcaregroup.com\/#\/schema\/logo\/image\/","url":"https:\/\/directhealthcaregroup.com\/app\/uploads\/dhg-logo.png","contentUrl":"https:\/\/directhealthcaregroup.com\/app\/uploads\/dhg-logo.png","width":556,"height":240,"caption":"Direct Healthcare Group"},"image":{"@id":"https:\/\/www.directhealthcaregroup.com\/#\/schema\/logo\/image\/"}}]}},"_links":{"self":[{"href":"https:\/\/www.directhealthcaregroup.com\/da\/wp-json\/wp\/v2\/pages\/177643","targetHints":{"allow":["GET"]}}],"collection":[{"href":"https:\/\/www.directhealthcaregroup.com\/da\/wp-json\/wp\/v2\/pages"}],"about":[{"href":"https:\/\/www.directhealthcaregroup.com\/da\/wp-json\/wp\/v2\/types\/page"}],"author":[{"embeddable":true,"href":"https:\/\/www.directhealthcaregroup.com\/da\/wp-json\/wp\/v2\/users\/40"}],"replies":[{"embeddable":true,"href":"https:\/\/www.directhealthcaregroup.com\/da\/wp-json\/wp\/v2\/comments?post=177643"}],"version-history":[{"count":3,"href":"https:\/\/www.directhealthcaregroup.com\/da\/wp-json\/wp\/v2\/pages\/177643\/revisions"}],"predecessor-version":[{"id":183705,"href":"https:\/\/www.directhealthcaregroup.com\/da\/wp-json\/wp\/v2\/pages\/177643\/revisions\/183705"}],"up":[{"embeddable":true,"href":"https:\/\/www.directhealthcaregroup.com\/da\/wp-json\/wp\/v2\/pages\/174696"}],"wp:featuredmedia":[{"embeddable":true,"href":"https:\/\/www.directhealthcaregroup.com\/da\/wp-json\/wp\/v2\/media\/177667"}],"wp:attachment":[{"href":"https:\/\/www.directhealthcaregroup.com\/da\/wp-json\/wp\/v2\/media?parent=177643"}],"curies":[{"name":"wp","href":"https:\/\/api.w.org\/{rel}","templated":true}]}}