{"id":177681,"date":"2023-03-29T13:27:13","date_gmt":"2023-03-29T12:27:13","guid":{"rendered":"https:\/\/www.directhealthcaregroup.com\/?page_id=177681"},"modified":"2023-05-17T06:30:04","modified_gmt":"2023-05-17T05:30:04","slug":"177681-2","status":"publish","type":"page","link":"https:\/\/www.directhealthcaregroup.com\/da\/viden-og-evidens\/177681-2\/","title":{"rendered":"Hele vejen rundt om bariatrien"},"content":{"rendered":"\n<h1 class=\"wp-block-heading\"><\/h1>\n\n\n\n<p>Fokus p\u00e5 v\u00e6gttab er langt fra tilstr\u00e6kkeligt, n\u00e5r bariatriske personer havner i sundhedssystemet. Der skal en tv\u00e6rfaglig og ikke mindst tv\u00e6rsektoriel indsats til, hvis forl\u00f8bet skal resultere i en succes.<\/p>\n\n\n\n<p>10. december 2019<\/p>\n\n\n\n<p>Af: Ergoterapeut, Pia Beck<\/p>\n\n\n\n<p>\u00c9n faggruppe alene kan ikke l\u00f8se opgaven, n\u00e5r h\u00e5ndteringen og behandlingen af bariatriske personer skal udf\u00f8res. Opgaven er kompleks og kr\u00e6ver viden fra store dele af den sundhedsfaglige pallette. Fra akut indl\u00e6ggelse, til stamafdeling og videre ud i kommunalt regi, er den tv\u00e6rfaglige indsats n\u00f8dvendig. I et forl\u00f8b med en bariatrisk person, er det af stor vigtighed, at den ene faggruppe ved, hvad den anden laver, og ikke mindst at disse konstant samarbejder.&nbsp;Og dette er faktisk uanset, hvad der er den oprindelige \u00e5rsag til, at borgeren eller patienten er kommet i kontakt med systemet.<br><\/p>\n\n\n\n<h2 class=\"wp-block-heading\"><strong>De sundhedsfaglige siloer<\/strong><\/h2>\n\n\n\n<p>Ofte er v\u00e6gttab det store fokusomr\u00e5de, fordi det udg\u00f8r det mest \u00e5benlyse problem og er i mange tilf\u00e6lde rod\u00e5rsag til patientens andre udfordringer.<\/p>\n\n\n\n<p>Men sp\u00f8rgsm\u00e5let er om dette ikke b\u00f8r v\u00e6re sekund\u00e6rt? Skal kroppen f.eks. restituere, er det vigtigt, at de n\u00f8dvendige ressourcer er til stede, hvorfor en stram di\u00e6t kan udfordre den bariatriske persons helings- og rehabiliteringsproces.&nbsp;<\/p>\n\n\n\n<p>Er der et \u00f8nske om at inddrage den bariatriske persons ressourcer for eksempel ved en personforflytning, er det vigtigt, at borgeren har energi til at hj\u00e6lpe. Har fokus udelukkende v\u00e6ret p\u00e5 v\u00e6gtreducering, og deraf minimal indtagelse af kalorier, kan resultatet meget vel v\u00e6re en tr\u00e6t og lettere konfus person. En person som ikke har overskud, kr\u00e6fter og energi til at deltage i forflytningen af sig selv.<\/p>\n\n\n\n<p>Sidstn\u00e6vnte er et eksempel fra praksis, der viser, at di\u00e6tistens viden og indsats i forhold til forflytning er betydningsfuld. Men&nbsp;min erfaring er, at det er de f\u00e6rreste, der arbejder med personforflytning, som finder det \u00e5benlyst at indlede et tv\u00e6rfagligt samarbejde med en di\u00e6tist.<\/p>\n\n\n\n<p>Det kan v\u00e6re fordi, vi ofte bev\u00e6ger os i nogle sundhedsfaglige siloer, hvor vi egentlig ikke helt ved, hvad da \u00f8vrige sundhedsfaglige fag kan. Derfor bliver det ogs\u00e5 sv\u00e6rere at kontakte hinanden og bede om hj\u00e6lp, for man ved ikke hvorn\u00e5r, det er passende at kontakte hvem.<br><\/p>\n\n\n\n<h2 class=\"wp-block-heading\"><strong>360 grader<\/strong><\/h2>\n\n\n\n<p>Det er tit et meget komplekst billede, der tegner sig, ved m\u00f8det med den bariatriske person i sundhedssystemet. Der er flere fysiologiske, psykologiske og praktiske hensyn der skal tages, hvis ikke billedet skal forv\u00e6rres.<\/p>\n\n\n\n<p>Der er mange steder, hvor der er behov for en indsats<\/p>\n\n\n\n<ul class=\"wp-block-list\"><li>Hj\u00e6lpemidler af den rette st\u00f8rrelse og individuelle tilpasninger er n\u00f8dvendige.<\/li><li>Trykforebyggende underlag og et sundt milj\u00f8 i sengen b\u00f8r prioriteres h\u00f8jt.<\/li><li>Stabil og komfortabel lejring skal iv\u00e6rks\u00e6ttes.<\/li><li>Der skal tages h\u00f8jde for patientens eventuelle respiratoriske og smerterelaterede udfordringer.<\/li><li>Den ern\u00e6ringsm\u00e6ssige indsats skal afd\u00e6kkes.<\/li><li>Forflytningsarbejdet skal systematiseres.<\/li><\/ul>\n\n\n\n<p>Er der bare \u00e9t af omr\u00e5derne som ikke prioriteres, kan det have store konsekvenser for den bariatriske person.&nbsp;Derfor er et tv\u00e6rsektorielt samarbejde p\u00e5 bariatri-omr\u00e5det vigtigt, hvis \u00f8nsket er at give bariatriske personer en god og sammenh\u00e6ngende behandling, rehabilitering, pleje og omsorg.<\/p>\n\n\n\n<p>Det er \u00f8nskeligt med et systematisk tv\u00e6rsektorielt samarbejde, hvor det centrale element i samarbejdet er at skabe en ramme for kommunikation og gensidige kendte aftaler. Der befinder sig nemlig uden tvivl en masse viden og gode erfaringer i b\u00e5de regionalt og kommunalt regi. Disse skal frem i lyset, s\u00e5 vi alle kan f\u00e5 gl\u00e6de og gavn af det.<\/p>\n\n\n\n<p>S\u00e5danne sammenh\u00e6nge mellem prim\u00e6r- og sekund\u00e6rsektor og mellem forskellige fagomr\u00e5der kan bl.a. udvikles i forbindelse med sundhedsaftaler, forl\u00f8bsprogrammer og samarbejdsmodeller.<\/p>\n\n\n\n<p>Min erfaring er, at n\u00e5r alle faggrupper samarbejder, og giver plads til hinandens vidensomr\u00e5der, er det muligt at tilbyde et fagligt og v\u00e6rdigt patientforl\u00f8b til bariatriske personer. Min oplevelse er dog, at det langt fra er enkelt og problemfrit at skabe disse succesforl\u00f8b.<\/p>\n\n\n\n<h2 class=\"wp-block-heading\"><strong>Strukturering af arbejdet<\/strong><\/h2>\n\n\n\n<p>Et godt sted at starte, er at f\u00e5 oprette lokale teams, og der har mange kommuner allerede praktiseret. Det er jo s\u00e5 blot vigtigt at disse grupper ogs\u00e5 bliver brugt og at gruppen er repr\u00e6senteret med s\u00e5 mange relevante faggrupper som muligt. Denne gruppe medarbejdere \u201dudn\u00e6vnes\u201d som n\u00f8glepersoner, og b\u00f8r v\u00e6re noget af det f\u00f8rste der skabes kontakt til, n\u00e5r en bariatrisk borger kommer ind i systemet. Det uanset om det er i regionalt eller kommunalt regi.<\/p>\n\n\n\n<p>Og s\u00e5 vil det v\u00e6re \u00f8nskeligt, at den kommunale gruppe af n\u00f8glepersoner sammen med den regionale gruppe af n\u00f8glepersoner f\u00e5r etableret et systematisk samarbejde, s\u00e5 den bariatriske borger ikke falder imellem to stole. Hvordan dette konkret skal fungere, er uden tvivl nemmere t\u00e6nkt, end udf\u00f8rt i praksis.<\/p>\n\n\n\n<p>Et h\u00e5b kan v\u00e6re, at den nationale overv\u00e6gts alliance, som jeg selv er aktivt arbejdende i, f\u00e5r sat yderligere fokus p\u00e5 netop denne udfordring. Med alliancens klare opfordring til politikkerne, om at f\u00e5 bygget et bariatrisk center i b\u00e5de \u00f8st og vest Danmark, vil det m\u00e5ske fremadrettet kunne blive muligt at l\u00f8fte denne opgave.&nbsp;<a href=\"https:\/\/www.directhealthcaregroup.com\/app\/uploads\/national-strategi-20-en-styrket-indsats-for-forebyggelse-og-behandling-af-svaer-overvaegt-1.pdf\" target=\"_blank\" rel=\"noreferrer noopener\">Se mere om alliancens arbejde her.<\/a><\/p>\n","protected":false},"excerpt":{"rendered":"<p>Fokus p\u00e5 v\u00e6gttab er langt fra tilstr\u00e6kkeligt, n\u00e5r bariatriske personer havner i sundhedssystemet. Der skal en tv\u00e6rfaglig og ikke mindst tv\u00e6rsektoriel indsats til, hvis forl\u00f8bet skal resultere i en succes. 10. december 2019 Af: Ergoterapeut, Pia Beck \u00c9n faggruppe alene kan ikke l\u00f8se opgaven, n\u00e5r h\u00e5ndteringen og behandlingen af bariatriske personer skal udf\u00f8res. Opgaven er &hellip; <a href=\"https:\/\/www.directhealthcaregroup.com\/da\/viden-og-evidens\/177681-2\/\">Continued<\/a><\/p>\n","protected":false},"author":40,"featured_media":177731,"parent":174696,"menu_order":24,"comment_status":"closed","ping_status":"closed","template":"","meta":{"_acf_changed":false,"footnotes":""},"class_list":["post-177681","page","type-page","status-publish","has-post-thumbnail","hentry"],"acf":[],"yoast_head":"<!-- This site is optimized with the Yoast SEO plugin v27.4 - https:\/\/yoast.com\/product\/yoast-seo-wordpress\/ -->\n<title>Hele vejen rundt om bariatrien | DHG<\/title>\n<meta name=\"robots\" content=\"index, follow, max-snippet:-1, max-image-preview:large, max-video-preview:-1\" \/>\n<link rel=\"canonical\" href=\"https:\/\/www.directhealthcaregroup.com\/da\/viden-og-evidens\/177681-2\/\" \/>\n<meta property=\"og:locale\" content=\"da_DK\" \/>\n<meta property=\"og:type\" content=\"article\" \/>\n<meta property=\"og:title\" content=\"Hele vejen rundt om bariatrien | DHG\" \/>\n<meta property=\"og:description\" content=\"Fokus p\u00e5 v\u00e6gttab er langt fra tilstr\u00e6kkeligt, n\u00e5r bariatriske personer havner i sundhedssystemet. Der skal en tv\u00e6rfaglig og ikke mindst tv\u00e6rsektoriel indsats til, hvis forl\u00f8bet skal resultere i en succes. 10. december 2019 Af: Ergoterapeut, Pia Beck \u00c9n faggruppe alene kan ikke l\u00f8se opgaven, n\u00e5r h\u00e5ndteringen og behandlingen af bariatriske personer skal udf\u00f8res. Opgaven er &hellip; Continued\" \/>\n<meta property=\"og:url\" content=\"https:\/\/www.directhealthcaregroup.com\/da\/viden-og-evidens\/177681-2\/\" \/>\n<meta property=\"og:site_name\" content=\"DHG\" \/>\n<meta property=\"article:modified_time\" content=\"2023-05-17T05:30:04+00:00\" \/>\n<meta property=\"og:image\" content=\"https:\/\/www.directhealthcaregroup.com\/app\/uploads\/hele-vejen-rundt-om-bariatrien-tb-transformed.jpeg\" \/>\n\t<meta property=\"og:image:width\" content=\"1000\" \/>\n\t<meta property=\"og:image:height\" content=\"250\" \/>\n\t<meta property=\"og:image:type\" content=\"image\/jpeg\" \/>\n<meta name=\"twitter:card\" content=\"summary_large_image\" \/>\n<meta name=\"twitter:label1\" content=\"Est. reading time\" \/>\n\t<meta name=\"twitter:data1\" content=\"4 minutes\" \/>\n<script type=\"application\/ld+json\" class=\"yoast-schema-graph\">{\"@context\":\"https:\\\/\\\/schema.org\",\"@graph\":[{\"@type\":\"WebPage\",\"@id\":\"https:\\\/\\\/www.directhealthcaregroup.com\\\/da\\\/viden-og-evidens\\\/177681-2\\\/\",\"url\":\"https:\\\/\\\/www.directhealthcaregroup.com\\\/da\\\/viden-og-evidens\\\/177681-2\\\/\",\"name\":\"Hele vejen rundt om bariatrien | DHG\",\"isPartOf\":{\"@id\":\"https:\\\/\\\/www.directhealthcaregroup.com\\\/#website\"},\"primaryImageOfPage\":{\"@id\":\"https:\\\/\\\/www.directhealthcaregroup.com\\\/da\\\/viden-og-evidens\\\/177681-2\\\/#primaryimage\"},\"image\":{\"@id\":\"https:\\\/\\\/www.directhealthcaregroup.com\\\/da\\\/viden-og-evidens\\\/177681-2\\\/#primaryimage\"},\"thumbnailUrl\":\"https:\\\/\\\/www.directhealthcaregroup.com\\\/app\\\/uploads\\\/hele-vejen-rundt-om-bariatrien-tb-transformed.jpeg\",\"datePublished\":\"2023-03-29T12:27:13+00:00\",\"dateModified\":\"2023-05-17T05:30:04+00:00\",\"breadcrumb\":{\"@id\":\"https:\\\/\\\/www.directhealthcaregroup.com\\\/da\\\/viden-og-evidens\\\/177681-2\\\/#breadcrumb\"},\"inLanguage\":\"da-DK\",\"potentialAction\":[{\"@type\":\"ReadAction\",\"target\":[\"https:\\\/\\\/www.directhealthcaregroup.com\\\/da\\\/viden-og-evidens\\\/177681-2\\\/\"]}]},{\"@type\":\"ImageObject\",\"inLanguage\":\"da-DK\",\"@id\":\"https:\\\/\\\/www.directhealthcaregroup.com\\\/da\\\/viden-og-evidens\\\/177681-2\\\/#primaryimage\",\"url\":\"https:\\\/\\\/www.directhealthcaregroup.com\\\/app\\\/uploads\\\/hele-vejen-rundt-om-bariatrien-tb-transformed.jpeg\",\"contentUrl\":\"https:\\\/\\\/www.directhealthcaregroup.com\\\/app\\\/uploads\\\/hele-vejen-rundt-om-bariatrien-tb-transformed.jpeg\",\"width\":1000,\"height\":250},{\"@type\":\"BreadcrumbList\",\"@id\":\"https:\\\/\\\/www.directhealthcaregroup.com\\\/da\\\/viden-og-evidens\\\/177681-2\\\/#breadcrumb\",\"itemListElement\":[{\"@type\":\"ListItem\",\"position\":1,\"name\":\"Home\",\"item\":\"https:\\\/\\\/www.directhealthcaregroup.com\\\/da\\\/\"},{\"@type\":\"ListItem\",\"position\":2,\"name\":\"VIDEN OG EVIDENS\",\"item\":\"https:\\\/\\\/www.directhealthcaregroup.com\\\/da\\\/viden-og-evidens\\\/\"},{\"@type\":\"ListItem\",\"position\":3,\"name\":\"Hele vejen rundt om bariatrien\"}]},{\"@type\":\"WebSite\",\"@id\":\"https:\\\/\\\/www.directhealthcaregroup.com\\\/#website\",\"url\":\"https:\\\/\\\/www.directhealthcaregroup.com\\\/\",\"name\":\"DHG\",\"description\":\"Moving Health Forward\",\"publisher\":{\"@id\":\"https:\\\/\\\/www.directhealthcaregroup.com\\\/#organization\"},\"potentialAction\":[{\"@type\":\"SearchAction\",\"target\":{\"@type\":\"EntryPoint\",\"urlTemplate\":\"https:\\\/\\\/www.directhealthcaregroup.com\\\/?s={search_term_string}\"},\"query-input\":{\"@type\":\"PropertyValueSpecification\",\"valueRequired\":true,\"valueName\":\"search_term_string\"}}],\"inLanguage\":\"da-DK\"},{\"@type\":\"Organization\",\"@id\":\"https:\\\/\\\/www.directhealthcaregroup.com\\\/#organization\",\"name\":\"Direct Healthcare Group\",\"url\":\"https:\\\/\\\/www.directhealthcaregroup.com\\\/\",\"logo\":{\"@type\":\"ImageObject\",\"inLanguage\":\"da-DK\",\"@id\":\"https:\\\/\\\/www.directhealthcaregroup.com\\\/#\\\/schema\\\/logo\\\/image\\\/\",\"url\":\"https:\\\/\\\/directhealthcaregroup.com\\\/app\\\/uploads\\\/dhg-logo.png\",\"contentUrl\":\"https:\\\/\\\/directhealthcaregroup.com\\\/app\\\/uploads\\\/dhg-logo.png\",\"width\":556,\"height\":240,\"caption\":\"Direct Healthcare Group\"},\"image\":{\"@id\":\"https:\\\/\\\/www.directhealthcaregroup.com\\\/#\\\/schema\\\/logo\\\/image\\\/\"}}]}<\/script>\n<!-- \/ Yoast SEO plugin. -->","yoast_head_json":{"title":"Hele vejen rundt om bariatrien | DHG","robots":{"index":"index","follow":"follow","max-snippet":"max-snippet:-1","max-image-preview":"max-image-preview:large","max-video-preview":"max-video-preview:-1"},"canonical":"https:\/\/www.directhealthcaregroup.com\/da\/viden-og-evidens\/177681-2\/","og_locale":"da_DK","og_type":"article","og_title":"Hele vejen rundt om bariatrien | DHG","og_description":"Fokus p\u00e5 v\u00e6gttab er langt fra tilstr\u00e6kkeligt, n\u00e5r bariatriske personer havner i sundhedssystemet. Der skal en tv\u00e6rfaglig og ikke mindst tv\u00e6rsektoriel indsats til, hvis forl\u00f8bet skal resultere i en succes. 10. december 2019 Af: Ergoterapeut, Pia Beck \u00c9n faggruppe alene kan ikke l\u00f8se opgaven, n\u00e5r h\u00e5ndteringen og behandlingen af bariatriske personer skal udf\u00f8res. Opgaven er &hellip; Continued","og_url":"https:\/\/www.directhealthcaregroup.com\/da\/viden-og-evidens\/177681-2\/","og_site_name":"DHG","article_modified_time":"2023-05-17T05:30:04+00:00","og_image":[{"width":1000,"height":250,"url":"https:\/\/www.directhealthcaregroup.com\/app\/uploads\/hele-vejen-rundt-om-bariatrien-tb-transformed.jpeg","type":"image\/jpeg"}],"twitter_card":"summary_large_image","twitter_misc":{"Est. reading time":"4 minutes"},"schema":{"@context":"https:\/\/schema.org","@graph":[{"@type":"WebPage","@id":"https:\/\/www.directhealthcaregroup.com\/da\/viden-og-evidens\/177681-2\/","url":"https:\/\/www.directhealthcaregroup.com\/da\/viden-og-evidens\/177681-2\/","name":"Hele vejen rundt om bariatrien | DHG","isPartOf":{"@id":"https:\/\/www.directhealthcaregroup.com\/#website"},"primaryImageOfPage":{"@id":"https:\/\/www.directhealthcaregroup.com\/da\/viden-og-evidens\/177681-2\/#primaryimage"},"image":{"@id":"https:\/\/www.directhealthcaregroup.com\/da\/viden-og-evidens\/177681-2\/#primaryimage"},"thumbnailUrl":"https:\/\/www.directhealthcaregroup.com\/app\/uploads\/hele-vejen-rundt-om-bariatrien-tb-transformed.jpeg","datePublished":"2023-03-29T12:27:13+00:00","dateModified":"2023-05-17T05:30:04+00:00","breadcrumb":{"@id":"https:\/\/www.directhealthcaregroup.com\/da\/viden-og-evidens\/177681-2\/#breadcrumb"},"inLanguage":"da-DK","potentialAction":[{"@type":"ReadAction","target":["https:\/\/www.directhealthcaregroup.com\/da\/viden-og-evidens\/177681-2\/"]}]},{"@type":"ImageObject","inLanguage":"da-DK","@id":"https:\/\/www.directhealthcaregroup.com\/da\/viden-og-evidens\/177681-2\/#primaryimage","url":"https:\/\/www.directhealthcaregroup.com\/app\/uploads\/hele-vejen-rundt-om-bariatrien-tb-transformed.jpeg","contentUrl":"https:\/\/www.directhealthcaregroup.com\/app\/uploads\/hele-vejen-rundt-om-bariatrien-tb-transformed.jpeg","width":1000,"height":250},{"@type":"BreadcrumbList","@id":"https:\/\/www.directhealthcaregroup.com\/da\/viden-og-evidens\/177681-2\/#breadcrumb","itemListElement":[{"@type":"ListItem","position":1,"name":"Home","item":"https:\/\/www.directhealthcaregroup.com\/da\/"},{"@type":"ListItem","position":2,"name":"VIDEN OG EVIDENS","item":"https:\/\/www.directhealthcaregroup.com\/da\/viden-og-evidens\/"},{"@type":"ListItem","position":3,"name":"Hele vejen rundt om bariatrien"}]},{"@type":"WebSite","@id":"https:\/\/www.directhealthcaregroup.com\/#website","url":"https:\/\/www.directhealthcaregroup.com\/","name":"DHG","description":"Moving Health Forward","publisher":{"@id":"https:\/\/www.directhealthcaregroup.com\/#organization"},"potentialAction":[{"@type":"SearchAction","target":{"@type":"EntryPoint","urlTemplate":"https:\/\/www.directhealthcaregroup.com\/?s={search_term_string}"},"query-input":{"@type":"PropertyValueSpecification","valueRequired":true,"valueName":"search_term_string"}}],"inLanguage":"da-DK"},{"@type":"Organization","@id":"https:\/\/www.directhealthcaregroup.com\/#organization","name":"Direct Healthcare Group","url":"https:\/\/www.directhealthcaregroup.com\/","logo":{"@type":"ImageObject","inLanguage":"da-DK","@id":"https:\/\/www.directhealthcaregroup.com\/#\/schema\/logo\/image\/","url":"https:\/\/directhealthcaregroup.com\/app\/uploads\/dhg-logo.png","contentUrl":"https:\/\/directhealthcaregroup.com\/app\/uploads\/dhg-logo.png","width":556,"height":240,"caption":"Direct Healthcare Group"},"image":{"@id":"https:\/\/www.directhealthcaregroup.com\/#\/schema\/logo\/image\/"}}]}},"_links":{"self":[{"href":"https:\/\/www.directhealthcaregroup.com\/da\/wp-json\/wp\/v2\/pages\/177681","targetHints":{"allow":["GET"]}}],"collection":[{"href":"https:\/\/www.directhealthcaregroup.com\/da\/wp-json\/wp\/v2\/pages"}],"about":[{"href":"https:\/\/www.directhealthcaregroup.com\/da\/wp-json\/wp\/v2\/types\/page"}],"author":[{"embeddable":true,"href":"https:\/\/www.directhealthcaregroup.com\/da\/wp-json\/wp\/v2\/users\/40"}],"replies":[{"embeddable":true,"href":"https:\/\/www.directhealthcaregroup.com\/da\/wp-json\/wp\/v2\/comments?post=177681"}],"version-history":[{"count":6,"href":"https:\/\/www.directhealthcaregroup.com\/da\/wp-json\/wp\/v2\/pages\/177681\/revisions"}],"predecessor-version":[{"id":183704,"href":"https:\/\/www.directhealthcaregroup.com\/da\/wp-json\/wp\/v2\/pages\/177681\/revisions\/183704"}],"up":[{"embeddable":true,"href":"https:\/\/www.directhealthcaregroup.com\/da\/wp-json\/wp\/v2\/pages\/174696"}],"wp:featuredmedia":[{"embeddable":true,"href":"https:\/\/www.directhealthcaregroup.com\/da\/wp-json\/wp\/v2\/media\/177731"}],"wp:attachment":[{"href":"https:\/\/www.directhealthcaregroup.com\/da\/wp-json\/wp\/v2\/media?parent=177681"}],"curies":[{"name":"wp","href":"https:\/\/api.w.org\/{rel}","templated":true}]}}