{"id":177792,"date":"2023-03-29T14:28:34","date_gmt":"2023-03-29T13:28:34","guid":{"rendered":"https:\/\/www.directhealthcaregroup.com\/?page_id=177792"},"modified":"2023-05-17T06:28:45","modified_gmt":"2023-05-17T05:28:45","slug":"177792-2","status":"publish","type":"page","link":"https:\/\/www.directhealthcaregroup.com\/da\/viden-og-evidens\/177792-2\/","title":{"rendered":"Fem lejringer til v\u00e6vsskader"},"content":{"rendered":"\n<h1 class=\"wp-block-heading\"><\/h1>\n\n\n\n<p>V\u00e6vsaflastende lejring beh\u00f8ver ikke v\u00e6re sv\u00e6rt, men der er ofte behov for at pr\u00f8ve sig frem for at finde den mest optimale lejring til den p\u00e5g\u00e6ldende situation. Til inspiration har vi derfor samlet fem eksempler p\u00e5 v\u00e6vsaflastende lejringer til inspiration.<\/p>\n\n\n\n<p>26. november 2019<\/p>\n\n\n\n<p>Af: Fysioterapeut, Henrik J. Rasmussen<\/p>\n\n\n\n<p>Hos borgere, der er i h\u00f8jrisiko for at udvikle tryks\u00e5r eller andre v\u00e6vsskader, er v\u00e6vsaflastende lejring en optimal metode til forebyggelse. Er der allerede konstateret r\u00f8dmen, eller p\u00e5begyndte v\u00e6vsskader, er lejring mindst lige s\u00e5 vigtig en brik i at f\u00e5 v\u00e6vsskaden til at hele.<\/p>\n\n\n\n<p>Afh\u00e6ngigt af hvor og hvordan v\u00e6vsskaden er placeret, kan der v\u00e6re behov for forskellige st\u00f8ttepuder. Nogle puder er gode til helkropslejringer, imens andre er gode til tryks\u00e5r p\u00e5 f.eks. \u00f8rer og albuer.<\/p>\n\n\n\n<p>Men at finde den optimale lejring kan v\u00e6re en udfordring, fordi to v\u00e6vsskader sj\u00e6ldent er ens. Samtidigt skal den aflastende lejring tage h\u00f8jde for borgerens individuelle mobilitetsm\u00e6ssige udfordringer s\u00e5som lammelser, spasticitet, kontrakturer mv.<\/p>\n\n\n\n<p>Derfor vil lejringer sj\u00e6ldent v\u00e6re helt ens, men til inspiration giver fysioterapeuten, Henrik, dig her 5 eksempler p\u00e5 v\u00e6vsaflastende lejring i videoen herunder.<\/p>\n\n\n\n<p>Lejringerne kan b\u00e5de bruges til forebyggelse og til aflastning af allerede opst\u00e5ede v\u00e6vsskader.<\/p>\n\n\n\n<p><strong>I videoen vises 5 lejringer til v\u00e6vsaflastning p\u00e5<\/strong><\/p>\n\n\n\n<ul class=\"wp-block-list\"><li>Haleben<\/li><li>Korsben<\/li><li>H\u00e6le<\/li><li>Albuer<\/li><li>\u00d8rer<\/li><\/ul>\n\n\n\n<figure class=\"wp-block-embed-youtube wp-block-embed is-type-video is-provider-youtube wp-embed-aspect-16-9 wp-has-aspect-ratio\"><div class=\"wp-block-embed__wrapper\">\n<iframe loading=\"lazy\" title=\"Fem lejringer til v\u00e6vsskader\" width=\"500\" height=\"281\" src=\"https:\/\/www.youtube.com\/embed\/-62owimv1Sc?feature=oembed\" frameborder=\"0\" allow=\"accelerometer; autoplay; clipboard-write; encrypted-media; gyroscope; picture-in-picture; web-share\" referrerpolicy=\"strict-origin-when-cross-origin\" allowfullscreen><\/iframe>\n<\/div><\/figure>\n","protected":false},"excerpt":{"rendered":"<p>V\u00e6vsaflastende lejring beh\u00f8ver ikke v\u00e6re sv\u00e6rt, men der er ofte behov for at pr\u00f8ve sig frem for at finde den mest optimale lejring til den p\u00e5g\u00e6ldende situation. Til inspiration har vi derfor samlet fem eksempler p\u00e5 v\u00e6vsaflastende lejringer til inspiration. 26. november 2019 Af: Fysioterapeut, Henrik J. Rasmussen Hos borgere, der er i h\u00f8jrisiko for &hellip; <a href=\"https:\/\/www.directhealthcaregroup.com\/da\/viden-og-evidens\/177792-2\/\">Continued<\/a><\/p>\n","protected":false},"author":40,"featured_media":177809,"parent":174696,"menu_order":22,"comment_status":"closed","ping_status":"closed","template":"","meta":{"_acf_changed":false,"footnotes":""},"class_list":["post-177792","page","type-page","status-publish","has-post-thumbnail","hentry"],"acf":[],"yoast_head":"<!-- This site is optimized with the Yoast SEO plugin v27.4 - https:\/\/yoast.com\/product\/yoast-seo-wordpress\/ -->\n<title>Fem lejringer til v\u00e6vsskader | DHG<\/title>\n<meta name=\"robots\" content=\"index, follow, max-snippet:-1, max-image-preview:large, max-video-preview:-1\" \/>\n<link rel=\"canonical\" href=\"https:\/\/www.directhealthcaregroup.com\/da\/viden-og-evidens\/177792-2\/\" \/>\n<meta property=\"og:locale\" content=\"da_DK\" \/>\n<meta property=\"og:type\" content=\"article\" \/>\n<meta property=\"og:title\" content=\"Fem lejringer til v\u00e6vsskader | DHG\" \/>\n<meta property=\"og:description\" content=\"V\u00e6vsaflastende lejring beh\u00f8ver ikke v\u00e6re sv\u00e6rt, men der er ofte behov for at pr\u00f8ve sig frem for at finde den mest optimale lejring til den p\u00e5g\u00e6ldende situation. Til inspiration har vi derfor samlet fem eksempler p\u00e5 v\u00e6vsaflastende lejringer til inspiration. 26. november 2019 Af: Fysioterapeut, Henrik J. Rasmussen Hos borgere, der er i h\u00f8jrisiko for &hellip; Continued\" \/>\n<meta property=\"og:url\" content=\"https:\/\/www.directhealthcaregroup.com\/da\/viden-og-evidens\/177792-2\/\" \/>\n<meta property=\"og:site_name\" content=\"DHG\" \/>\n<meta property=\"article:modified_time\" content=\"2023-05-17T05:28:45+00:00\" \/>\n<meta property=\"og:image\" content=\"https:\/\/www.directhealthcaregroup.com\/app\/uploads\/fem-lejringer-til-vaevsskader-ob.jpg\" \/>\n\t<meta property=\"og:image:width\" content=\"500\" \/>\n\t<meta property=\"og:image:height\" content=\"250\" \/>\n\t<meta property=\"og:image:type\" content=\"image\/jpeg\" \/>\n<meta name=\"twitter:card\" content=\"summary_large_image\" \/>\n<meta name=\"twitter:label1\" content=\"Est. reading time\" \/>\n\t<meta name=\"twitter:data1\" content=\"1 minute\" \/>\n<script type=\"application\/ld+json\" class=\"yoast-schema-graph\">{\"@context\":\"https:\\\/\\\/schema.org\",\"@graph\":[{\"@type\":\"WebPage\",\"@id\":\"https:\\\/\\\/www.directhealthcaregroup.com\\\/da\\\/viden-og-evidens\\\/177792-2\\\/\",\"url\":\"https:\\\/\\\/www.directhealthcaregroup.com\\\/da\\\/viden-og-evidens\\\/177792-2\\\/\",\"name\":\"Fem lejringer til v\u00e6vsskader | DHG\",\"isPartOf\":{\"@id\":\"https:\\\/\\\/www.directhealthcaregroup.com\\\/#website\"},\"primaryImageOfPage\":{\"@id\":\"https:\\\/\\\/www.directhealthcaregroup.com\\\/da\\\/viden-og-evidens\\\/177792-2\\\/#primaryimage\"},\"image\":{\"@id\":\"https:\\\/\\\/www.directhealthcaregroup.com\\\/da\\\/viden-og-evidens\\\/177792-2\\\/#primaryimage\"},\"thumbnailUrl\":\"https:\\\/\\\/www.directhealthcaregroup.com\\\/app\\\/uploads\\\/fem-lejringer-til-vaevsskader-ob.jpg\",\"datePublished\":\"2023-03-29T13:28:34+00:00\",\"dateModified\":\"2023-05-17T05:28:45+00:00\",\"breadcrumb\":{\"@id\":\"https:\\\/\\\/www.directhealthcaregroup.com\\\/da\\\/viden-og-evidens\\\/177792-2\\\/#breadcrumb\"},\"inLanguage\":\"da-DK\",\"potentialAction\":[{\"@type\":\"ReadAction\",\"target\":[\"https:\\\/\\\/www.directhealthcaregroup.com\\\/da\\\/viden-og-evidens\\\/177792-2\\\/\"]}]},{\"@type\":\"ImageObject\",\"inLanguage\":\"da-DK\",\"@id\":\"https:\\\/\\\/www.directhealthcaregroup.com\\\/da\\\/viden-og-evidens\\\/177792-2\\\/#primaryimage\",\"url\":\"https:\\\/\\\/www.directhealthcaregroup.com\\\/app\\\/uploads\\\/fem-lejringer-til-vaevsskader-ob.jpg\",\"contentUrl\":\"https:\\\/\\\/www.directhealthcaregroup.com\\\/app\\\/uploads\\\/fem-lejringer-til-vaevsskader-ob.jpg\",\"width\":500,\"height\":250},{\"@type\":\"BreadcrumbList\",\"@id\":\"https:\\\/\\\/www.directhealthcaregroup.com\\\/da\\\/viden-og-evidens\\\/177792-2\\\/#breadcrumb\",\"itemListElement\":[{\"@type\":\"ListItem\",\"position\":1,\"name\":\"Home\",\"item\":\"https:\\\/\\\/www.directhealthcaregroup.com\\\/da\\\/\"},{\"@type\":\"ListItem\",\"position\":2,\"name\":\"VIDEN OG EVIDENS\",\"item\":\"https:\\\/\\\/www.directhealthcaregroup.com\\\/da\\\/viden-og-evidens\\\/\"},{\"@type\":\"ListItem\",\"position\":3,\"name\":\"Fem lejringer til v\u00e6vsskader\"}]},{\"@type\":\"WebSite\",\"@id\":\"https:\\\/\\\/www.directhealthcaregroup.com\\\/#website\",\"url\":\"https:\\\/\\\/www.directhealthcaregroup.com\\\/\",\"name\":\"DHG\",\"description\":\"Moving Health Forward\",\"publisher\":{\"@id\":\"https:\\\/\\\/www.directhealthcaregroup.com\\\/#organization\"},\"potentialAction\":[{\"@type\":\"SearchAction\",\"target\":{\"@type\":\"EntryPoint\",\"urlTemplate\":\"https:\\\/\\\/www.directhealthcaregroup.com\\\/?s={search_term_string}\"},\"query-input\":{\"@type\":\"PropertyValueSpecification\",\"valueRequired\":true,\"valueName\":\"search_term_string\"}}],\"inLanguage\":\"da-DK\"},{\"@type\":\"Organization\",\"@id\":\"https:\\\/\\\/www.directhealthcaregroup.com\\\/#organization\",\"name\":\"Direct Healthcare Group\",\"url\":\"https:\\\/\\\/www.directhealthcaregroup.com\\\/\",\"logo\":{\"@type\":\"ImageObject\",\"inLanguage\":\"da-DK\",\"@id\":\"https:\\\/\\\/www.directhealthcaregroup.com\\\/#\\\/schema\\\/logo\\\/image\\\/\",\"url\":\"https:\\\/\\\/directhealthcaregroup.com\\\/app\\\/uploads\\\/dhg-logo.png\",\"contentUrl\":\"https:\\\/\\\/directhealthcaregroup.com\\\/app\\\/uploads\\\/dhg-logo.png\",\"width\":556,\"height\":240,\"caption\":\"Direct Healthcare Group\"},\"image\":{\"@id\":\"https:\\\/\\\/www.directhealthcaregroup.com\\\/#\\\/schema\\\/logo\\\/image\\\/\"}}]}<\/script>\n<!-- \/ Yoast SEO plugin. -->","yoast_head_json":{"title":"Fem lejringer til v\u00e6vsskader | DHG","robots":{"index":"index","follow":"follow","max-snippet":"max-snippet:-1","max-image-preview":"max-image-preview:large","max-video-preview":"max-video-preview:-1"},"canonical":"https:\/\/www.directhealthcaregroup.com\/da\/viden-og-evidens\/177792-2\/","og_locale":"da_DK","og_type":"article","og_title":"Fem lejringer til v\u00e6vsskader | DHG","og_description":"V\u00e6vsaflastende lejring beh\u00f8ver ikke v\u00e6re sv\u00e6rt, men der er ofte behov for at pr\u00f8ve sig frem for at finde den mest optimale lejring til den p\u00e5g\u00e6ldende situation. Til inspiration har vi derfor samlet fem eksempler p\u00e5 v\u00e6vsaflastende lejringer til inspiration. 26. november 2019 Af: Fysioterapeut, Henrik J. Rasmussen Hos borgere, der er i h\u00f8jrisiko for &hellip; Continued","og_url":"https:\/\/www.directhealthcaregroup.com\/da\/viden-og-evidens\/177792-2\/","og_site_name":"DHG","article_modified_time":"2023-05-17T05:28:45+00:00","og_image":[{"width":500,"height":250,"url":"https:\/\/www.directhealthcaregroup.com\/app\/uploads\/fem-lejringer-til-vaevsskader-ob.jpg","type":"image\/jpeg"}],"twitter_card":"summary_large_image","twitter_misc":{"Est. reading time":"1 minute"},"schema":{"@context":"https:\/\/schema.org","@graph":[{"@type":"WebPage","@id":"https:\/\/www.directhealthcaregroup.com\/da\/viden-og-evidens\/177792-2\/","url":"https:\/\/www.directhealthcaregroup.com\/da\/viden-og-evidens\/177792-2\/","name":"Fem lejringer til v\u00e6vsskader | DHG","isPartOf":{"@id":"https:\/\/www.directhealthcaregroup.com\/#website"},"primaryImageOfPage":{"@id":"https:\/\/www.directhealthcaregroup.com\/da\/viden-og-evidens\/177792-2\/#primaryimage"},"image":{"@id":"https:\/\/www.directhealthcaregroup.com\/da\/viden-og-evidens\/177792-2\/#primaryimage"},"thumbnailUrl":"https:\/\/www.directhealthcaregroup.com\/app\/uploads\/fem-lejringer-til-vaevsskader-ob.jpg","datePublished":"2023-03-29T13:28:34+00:00","dateModified":"2023-05-17T05:28:45+00:00","breadcrumb":{"@id":"https:\/\/www.directhealthcaregroup.com\/da\/viden-og-evidens\/177792-2\/#breadcrumb"},"inLanguage":"da-DK","potentialAction":[{"@type":"ReadAction","target":["https:\/\/www.directhealthcaregroup.com\/da\/viden-og-evidens\/177792-2\/"]}]},{"@type":"ImageObject","inLanguage":"da-DK","@id":"https:\/\/www.directhealthcaregroup.com\/da\/viden-og-evidens\/177792-2\/#primaryimage","url":"https:\/\/www.directhealthcaregroup.com\/app\/uploads\/fem-lejringer-til-vaevsskader-ob.jpg","contentUrl":"https:\/\/www.directhealthcaregroup.com\/app\/uploads\/fem-lejringer-til-vaevsskader-ob.jpg","width":500,"height":250},{"@type":"BreadcrumbList","@id":"https:\/\/www.directhealthcaregroup.com\/da\/viden-og-evidens\/177792-2\/#breadcrumb","itemListElement":[{"@type":"ListItem","position":1,"name":"Home","item":"https:\/\/www.directhealthcaregroup.com\/da\/"},{"@type":"ListItem","position":2,"name":"VIDEN OG EVIDENS","item":"https:\/\/www.directhealthcaregroup.com\/da\/viden-og-evidens\/"},{"@type":"ListItem","position":3,"name":"Fem lejringer til v\u00e6vsskader"}]},{"@type":"WebSite","@id":"https:\/\/www.directhealthcaregroup.com\/#website","url":"https:\/\/www.directhealthcaregroup.com\/","name":"DHG","description":"Moving Health Forward","publisher":{"@id":"https:\/\/www.directhealthcaregroup.com\/#organization"},"potentialAction":[{"@type":"SearchAction","target":{"@type":"EntryPoint","urlTemplate":"https:\/\/www.directhealthcaregroup.com\/?s={search_term_string}"},"query-input":{"@type":"PropertyValueSpecification","valueRequired":true,"valueName":"search_term_string"}}],"inLanguage":"da-DK"},{"@type":"Organization","@id":"https:\/\/www.directhealthcaregroup.com\/#organization","name":"Direct Healthcare Group","url":"https:\/\/www.directhealthcaregroup.com\/","logo":{"@type":"ImageObject","inLanguage":"da-DK","@id":"https:\/\/www.directhealthcaregroup.com\/#\/schema\/logo\/image\/","url":"https:\/\/directhealthcaregroup.com\/app\/uploads\/dhg-logo.png","contentUrl":"https:\/\/directhealthcaregroup.com\/app\/uploads\/dhg-logo.png","width":556,"height":240,"caption":"Direct Healthcare Group"},"image":{"@id":"https:\/\/www.directhealthcaregroup.com\/#\/schema\/logo\/image\/"}}]}},"_links":{"self":[{"href":"https:\/\/www.directhealthcaregroup.com\/da\/wp-json\/wp\/v2\/pages\/177792","targetHints":{"allow":["GET"]}}],"collection":[{"href":"https:\/\/www.directhealthcaregroup.com\/da\/wp-json\/wp\/v2\/pages"}],"about":[{"href":"https:\/\/www.directhealthcaregroup.com\/da\/wp-json\/wp\/v2\/types\/page"}],"author":[{"embeddable":true,"href":"https:\/\/www.directhealthcaregroup.com\/da\/wp-json\/wp\/v2\/users\/40"}],"replies":[{"embeddable":true,"href":"https:\/\/www.directhealthcaregroup.com\/da\/wp-json\/wp\/v2\/comments?post=177792"}],"version-history":[{"count":4,"href":"https:\/\/www.directhealthcaregroup.com\/da\/wp-json\/wp\/v2\/pages\/177792\/revisions"}],"predecessor-version":[{"id":183702,"href":"https:\/\/www.directhealthcaregroup.com\/da\/wp-json\/wp\/v2\/pages\/177792\/revisions\/183702"}],"up":[{"embeddable":true,"href":"https:\/\/www.directhealthcaregroup.com\/da\/wp-json\/wp\/v2\/pages\/174696"}],"wp:featuredmedia":[{"embeddable":true,"href":"https:\/\/www.directhealthcaregroup.com\/da\/wp-json\/wp\/v2\/media\/177809"}],"wp:attachment":[{"href":"https:\/\/www.directhealthcaregroup.com\/da\/wp-json\/wp\/v2\/media?parent=177792"}],"curies":[{"name":"wp","href":"https:\/\/api.w.org\/{rel}","templated":true}]}}