{"id":178086,"date":"2023-03-30T12:53:39","date_gmt":"2023-03-30T11:53:39","guid":{"rendered":"https:\/\/www.directhealthcaregroup.com\/?page_id=178086"},"modified":"2023-05-17T06:28:14","modified_gmt":"2023-05-17T05:28:14","slug":"178086-2","status":"publish","type":"page","link":"https:\/\/www.directhealthcaregroup.com\/da\/178086-2\/","title":{"rendered":"Forflytningsvejleder: Vendesystemerne skal hurtigere ud"},"content":{"rendered":"\n<h1 class=\"wp-block-heading\"><\/h1>\n\n\n\n<p>P\u00e5 Richtens Plejecenter i T\u00f8nder arbejder de meget med teknologiske hj\u00e6lpemidler, herunder VENDLET systemerne. Det kan m\u00e6rkes p\u00e5 kroppen, n\u00e5r der mangler et system, mener forflytningsvejleder Vibeke Muus.<\/p>\n\n\n\n<p>20. november 2019<\/p>\n\n\n\n<p>Generelt har vi et godt arbejdsmilj\u00f8, men der er mange der er \u00f8mme og tr\u00e6tte, n\u00e5r vi g\u00e5r hjem.<\/p>\n\n\n\n<p>Det bliver rigtigt sv\u00e6rt for os, hvis vi skal holde til vi er 75 \u00e5r eller l\u00e6ngere. Det bliver rigtigt, rigtigt sv\u00e6rt. Der skal vi have mere teknologi ind, og der bliver regeringen n\u00f8dt til at g\u00e5 ind og se p\u00e5 det omr\u00e5de. Og s\u00e5 skal vi have flere h\u00e6nder, men der er jo ikke flere h\u00e6nder at tage af.<\/p>\n\n\n\n<p>Med de elektriske vendesystemer har vi ikke s\u00e5 ondt i skuldrene, ryggen eller l\u00e6nden, fordi det er maskinen, der g\u00f8r arbejdet. Det kan jeg kun se det positive i.<\/p>\n\n\n\n<p>Jeg ville \u00f8nske, at det var nemmere for os at f\u00e5 dem hurtigere ud. For man kan tydeligt m\u00e6rke det, hvis man har v\u00e6ret inde ved en borger, hvor der burde have v\u00e6ret et vendesystem. S\u00e5 mangler man det.<\/p>\n\n\n\n<p>Den store fordel for borgerne er, at de har mere overskud til de aktiviteter, de skal op til. De har ogs\u00e5 overskud til at sidde og spise. Det har de ikke p\u00e5 samme m\u00e5de, n\u00e5r du har v\u00e6ret inde og rykke og slide og sl\u00e6be i dem.<\/p>\n\n\n\n<p>Vi vender alle sammen forskelligt. Med VENDLET systemet er der en kontinuitet i vendingen. Borgeren bliver altid vendt p\u00e5 samme m\u00e5de. Det g\u00f8r de ikke, hvis vi vender manuelt.<\/p>\n\n\n\n<p><strong>Se mere i videoen her:<\/strong><\/p>\n\n\n\n<figure class=\"wp-block-embed-youtube wp-block-embed is-type-video is-provider-youtube wp-embed-aspect-4-3 wp-has-aspect-ratio wp-embed-aspect-16-9\"><div class=\"wp-block-embed__wrapper\">\n<iframe loading=\"lazy\" title=\"Forflytningsvejleder Vendesystemerne skal hurtigere ud\" width=\"500\" height=\"281\" src=\"https:\/\/www.youtube.com\/embed\/hl0XqJt1zyE?feature=oembed\" frameborder=\"0\" allow=\"accelerometer; autoplay; clipboard-write; encrypted-media; gyroscope; picture-in-picture; web-share\" referrerpolicy=\"strict-origin-when-cross-origin\" allowfullscreen><\/iframe>\n<\/div><\/figure>\n","protected":false},"excerpt":{"rendered":"<p>P\u00e5 Richtens Plejecenter i T\u00f8nder arbejder de meget med teknologiske hj\u00e6lpemidler, herunder VENDLET systemerne. Det kan m\u00e6rkes p\u00e5 kroppen, n\u00e5r der mangler et system, mener forflytningsvejleder Vibeke Muus. 20. november 2019 Generelt har vi et godt arbejdsmilj\u00f8, men der er mange der er \u00f8mme og tr\u00e6tte, n\u00e5r vi g\u00e5r hjem. Det bliver rigtigt sv\u00e6rt for &hellip; <a href=\"https:\/\/www.directhealthcaregroup.com\/da\/178086-2\/\">Continued<\/a><\/p>\n","protected":false},"author":40,"featured_media":178087,"parent":0,"menu_order":33,"comment_status":"closed","ping_status":"closed","template":"","meta":{"_acf_changed":false,"footnotes":""},"class_list":["post-178086","page","type-page","status-publish","has-post-thumbnail","hentry"],"acf":[],"yoast_head":"<!-- This site is optimized with the Yoast SEO plugin v27.4 - https:\/\/yoast.com\/product\/yoast-seo-wordpress\/ -->\n<title>Forflytningsvejleder: Vendesystemerne skal hurtigere ud | DHG<\/title>\n<meta name=\"robots\" content=\"index, follow, max-snippet:-1, max-image-preview:large, max-video-preview:-1\" \/>\n<link rel=\"canonical\" href=\"https:\/\/www.directhealthcaregroup.com\/da\/178086-2\/\" \/>\n<meta property=\"og:locale\" content=\"da_DK\" \/>\n<meta property=\"og:type\" content=\"article\" \/>\n<meta property=\"og:title\" content=\"Forflytningsvejleder: Vendesystemerne skal hurtigere ud | DHG\" \/>\n<meta property=\"og:description\" content=\"P\u00e5 Richtens Plejecenter i T\u00f8nder arbejder de meget med teknologiske hj\u00e6lpemidler, herunder VENDLET systemerne. Det kan m\u00e6rkes p\u00e5 kroppen, n\u00e5r der mangler et system, mener forflytningsvejleder Vibeke Muus. 20. november 2019 Generelt har vi et godt arbejdsmilj\u00f8, men der er mange der er \u00f8mme og tr\u00e6tte, n\u00e5r vi g\u00e5r hjem. Det bliver rigtigt sv\u00e6rt for &hellip; Continued\" \/>\n<meta property=\"og:url\" content=\"https:\/\/www.directhealthcaregroup.com\/da\/178086-2\/\" \/>\n<meta property=\"og:site_name\" content=\"DHG\" \/>\n<meta property=\"article:modified_time\" content=\"2023-05-17T05:28:14+00:00\" \/>\n<meta property=\"og:image\" content=\"https:\/\/www.directhealthcaregroup.com\/app\/uploads\/vibeke-tb-transformed-1.jpeg\" \/>\n\t<meta property=\"og:image:width\" content=\"1000\" \/>\n\t<meta property=\"og:image:height\" content=\"250\" \/>\n\t<meta property=\"og:image:type\" content=\"image\/jpeg\" \/>\n<meta name=\"twitter:card\" content=\"summary_large_image\" \/>\n<meta name=\"twitter:label1\" content=\"Est. reading time\" \/>\n\t<meta name=\"twitter:data1\" content=\"1 minute\" \/>\n<script type=\"application\/ld+json\" class=\"yoast-schema-graph\">{\"@context\":\"https:\\\/\\\/schema.org\",\"@graph\":[{\"@type\":\"WebPage\",\"@id\":\"https:\\\/\\\/www.directhealthcaregroup.com\\\/da\\\/178086-2\\\/\",\"url\":\"https:\\\/\\\/www.directhealthcaregroup.com\\\/da\\\/178086-2\\\/\",\"name\":\"Forflytningsvejleder: Vendesystemerne skal hurtigere ud | DHG\",\"isPartOf\":{\"@id\":\"https:\\\/\\\/www.directhealthcaregroup.com\\\/#website\"},\"primaryImageOfPage\":{\"@id\":\"https:\\\/\\\/www.directhealthcaregroup.com\\\/da\\\/178086-2\\\/#primaryimage\"},\"image\":{\"@id\":\"https:\\\/\\\/www.directhealthcaregroup.com\\\/da\\\/178086-2\\\/#primaryimage\"},\"thumbnailUrl\":\"https:\\\/\\\/www.directhealthcaregroup.com\\\/app\\\/uploads\\\/vibeke-tb-transformed-1.jpeg\",\"datePublished\":\"2023-03-30T11:53:39+00:00\",\"dateModified\":\"2023-05-17T05:28:14+00:00\",\"breadcrumb\":{\"@id\":\"https:\\\/\\\/www.directhealthcaregroup.com\\\/da\\\/178086-2\\\/#breadcrumb\"},\"inLanguage\":\"da-DK\",\"potentialAction\":[{\"@type\":\"ReadAction\",\"target\":[\"https:\\\/\\\/www.directhealthcaregroup.com\\\/da\\\/178086-2\\\/\"]}]},{\"@type\":\"ImageObject\",\"inLanguage\":\"da-DK\",\"@id\":\"https:\\\/\\\/www.directhealthcaregroup.com\\\/da\\\/178086-2\\\/#primaryimage\",\"url\":\"https:\\\/\\\/www.directhealthcaregroup.com\\\/app\\\/uploads\\\/vibeke-tb-transformed-1.jpeg\",\"contentUrl\":\"https:\\\/\\\/www.directhealthcaregroup.com\\\/app\\\/uploads\\\/vibeke-tb-transformed-1.jpeg\",\"width\":1000,\"height\":250},{\"@type\":\"BreadcrumbList\",\"@id\":\"https:\\\/\\\/www.directhealthcaregroup.com\\\/da\\\/178086-2\\\/#breadcrumb\",\"itemListElement\":[{\"@type\":\"ListItem\",\"position\":1,\"name\":\"Home\",\"item\":\"https:\\\/\\\/www.directhealthcaregroup.com\\\/da\\\/\"},{\"@type\":\"ListItem\",\"position\":2,\"name\":\"Forflytningsvejleder: Vendesystemerne skal hurtigere ud\"}]},{\"@type\":\"WebSite\",\"@id\":\"https:\\\/\\\/www.directhealthcaregroup.com\\\/#website\",\"url\":\"https:\\\/\\\/www.directhealthcaregroup.com\\\/\",\"name\":\"DHG\",\"description\":\"Moving Health Forward\",\"publisher\":{\"@id\":\"https:\\\/\\\/www.directhealthcaregroup.com\\\/#organization\"},\"potentialAction\":[{\"@type\":\"SearchAction\",\"target\":{\"@type\":\"EntryPoint\",\"urlTemplate\":\"https:\\\/\\\/www.directhealthcaregroup.com\\\/?s={search_term_string}\"},\"query-input\":{\"@type\":\"PropertyValueSpecification\",\"valueRequired\":true,\"valueName\":\"search_term_string\"}}],\"inLanguage\":\"da-DK\"},{\"@type\":\"Organization\",\"@id\":\"https:\\\/\\\/www.directhealthcaregroup.com\\\/#organization\",\"name\":\"Direct Healthcare Group\",\"url\":\"https:\\\/\\\/www.directhealthcaregroup.com\\\/\",\"logo\":{\"@type\":\"ImageObject\",\"inLanguage\":\"da-DK\",\"@id\":\"https:\\\/\\\/www.directhealthcaregroup.com\\\/#\\\/schema\\\/logo\\\/image\\\/\",\"url\":\"https:\\\/\\\/directhealthcaregroup.com\\\/app\\\/uploads\\\/dhg-logo.png\",\"contentUrl\":\"https:\\\/\\\/directhealthcaregroup.com\\\/app\\\/uploads\\\/dhg-logo.png\",\"width\":556,\"height\":240,\"caption\":\"Direct Healthcare Group\"},\"image\":{\"@id\":\"https:\\\/\\\/www.directhealthcaregroup.com\\\/#\\\/schema\\\/logo\\\/image\\\/\"}}]}<\/script>\n<!-- \/ Yoast SEO plugin. -->","yoast_head_json":{"title":"Forflytningsvejleder: Vendesystemerne skal hurtigere ud | DHG","robots":{"index":"index","follow":"follow","max-snippet":"max-snippet:-1","max-image-preview":"max-image-preview:large","max-video-preview":"max-video-preview:-1"},"canonical":"https:\/\/www.directhealthcaregroup.com\/da\/178086-2\/","og_locale":"da_DK","og_type":"article","og_title":"Forflytningsvejleder: Vendesystemerne skal hurtigere ud | DHG","og_description":"P\u00e5 Richtens Plejecenter i T\u00f8nder arbejder de meget med teknologiske hj\u00e6lpemidler, herunder VENDLET systemerne. Det kan m\u00e6rkes p\u00e5 kroppen, n\u00e5r der mangler et system, mener forflytningsvejleder Vibeke Muus. 20. november 2019 Generelt har vi et godt arbejdsmilj\u00f8, men der er mange der er \u00f8mme og tr\u00e6tte, n\u00e5r vi g\u00e5r hjem. Det bliver rigtigt sv\u00e6rt for &hellip; Continued","og_url":"https:\/\/www.directhealthcaregroup.com\/da\/178086-2\/","og_site_name":"DHG","article_modified_time":"2023-05-17T05:28:14+00:00","og_image":[{"width":1000,"height":250,"url":"https:\/\/www.directhealthcaregroup.com\/app\/uploads\/vibeke-tb-transformed-1.jpeg","type":"image\/jpeg"}],"twitter_card":"summary_large_image","twitter_misc":{"Est. reading time":"1 minute"},"schema":{"@context":"https:\/\/schema.org","@graph":[{"@type":"WebPage","@id":"https:\/\/www.directhealthcaregroup.com\/da\/178086-2\/","url":"https:\/\/www.directhealthcaregroup.com\/da\/178086-2\/","name":"Forflytningsvejleder: Vendesystemerne skal hurtigere ud | DHG","isPartOf":{"@id":"https:\/\/www.directhealthcaregroup.com\/#website"},"primaryImageOfPage":{"@id":"https:\/\/www.directhealthcaregroup.com\/da\/178086-2\/#primaryimage"},"image":{"@id":"https:\/\/www.directhealthcaregroup.com\/da\/178086-2\/#primaryimage"},"thumbnailUrl":"https:\/\/www.directhealthcaregroup.com\/app\/uploads\/vibeke-tb-transformed-1.jpeg","datePublished":"2023-03-30T11:53:39+00:00","dateModified":"2023-05-17T05:28:14+00:00","breadcrumb":{"@id":"https:\/\/www.directhealthcaregroup.com\/da\/178086-2\/#breadcrumb"},"inLanguage":"da-DK","potentialAction":[{"@type":"ReadAction","target":["https:\/\/www.directhealthcaregroup.com\/da\/178086-2\/"]}]},{"@type":"ImageObject","inLanguage":"da-DK","@id":"https:\/\/www.directhealthcaregroup.com\/da\/178086-2\/#primaryimage","url":"https:\/\/www.directhealthcaregroup.com\/app\/uploads\/vibeke-tb-transformed-1.jpeg","contentUrl":"https:\/\/www.directhealthcaregroup.com\/app\/uploads\/vibeke-tb-transformed-1.jpeg","width":1000,"height":250},{"@type":"BreadcrumbList","@id":"https:\/\/www.directhealthcaregroup.com\/da\/178086-2\/#breadcrumb","itemListElement":[{"@type":"ListItem","position":1,"name":"Home","item":"https:\/\/www.directhealthcaregroup.com\/da\/"},{"@type":"ListItem","position":2,"name":"Forflytningsvejleder: Vendesystemerne skal hurtigere ud"}]},{"@type":"WebSite","@id":"https:\/\/www.directhealthcaregroup.com\/#website","url":"https:\/\/www.directhealthcaregroup.com\/","name":"DHG","description":"Moving Health Forward","publisher":{"@id":"https:\/\/www.directhealthcaregroup.com\/#organization"},"potentialAction":[{"@type":"SearchAction","target":{"@type":"EntryPoint","urlTemplate":"https:\/\/www.directhealthcaregroup.com\/?s={search_term_string}"},"query-input":{"@type":"PropertyValueSpecification","valueRequired":true,"valueName":"search_term_string"}}],"inLanguage":"da-DK"},{"@type":"Organization","@id":"https:\/\/www.directhealthcaregroup.com\/#organization","name":"Direct Healthcare Group","url":"https:\/\/www.directhealthcaregroup.com\/","logo":{"@type":"ImageObject","inLanguage":"da-DK","@id":"https:\/\/www.directhealthcaregroup.com\/#\/schema\/logo\/image\/","url":"https:\/\/directhealthcaregroup.com\/app\/uploads\/dhg-logo.png","contentUrl":"https:\/\/directhealthcaregroup.com\/app\/uploads\/dhg-logo.png","width":556,"height":240,"caption":"Direct Healthcare Group"},"image":{"@id":"https:\/\/www.directhealthcaregroup.com\/#\/schema\/logo\/image\/"}}]}},"_links":{"self":[{"href":"https:\/\/www.directhealthcaregroup.com\/da\/wp-json\/wp\/v2\/pages\/178086","targetHints":{"allow":["GET"]}}],"collection":[{"href":"https:\/\/www.directhealthcaregroup.com\/da\/wp-json\/wp\/v2\/pages"}],"about":[{"href":"https:\/\/www.directhealthcaregroup.com\/da\/wp-json\/wp\/v2\/types\/page"}],"author":[{"embeddable":true,"href":"https:\/\/www.directhealthcaregroup.com\/da\/wp-json\/wp\/v2\/users\/40"}],"replies":[{"embeddable":true,"href":"https:\/\/www.directhealthcaregroup.com\/da\/wp-json\/wp\/v2\/comments?post=178086"}],"version-history":[{"count":3,"href":"https:\/\/www.directhealthcaregroup.com\/da\/wp-json\/wp\/v2\/pages\/178086\/revisions"}],"predecessor-version":[{"id":183701,"href":"https:\/\/www.directhealthcaregroup.com\/da\/wp-json\/wp\/v2\/pages\/178086\/revisions\/183701"}],"wp:featuredmedia":[{"embeddable":true,"href":"https:\/\/www.directhealthcaregroup.com\/da\/wp-json\/wp\/v2\/media\/178087"}],"wp:attachment":[{"href":"https:\/\/www.directhealthcaregroup.com\/da\/wp-json\/wp\/v2\/media?parent=178086"}],"curies":[{"name":"wp","href":"https:\/\/api.w.org\/{rel}","templated":true}]}}