{"id":178112,"date":"2023-03-30T13:01:11","date_gmt":"2023-03-30T12:01:11","guid":{"rendered":"https:\/\/www.directhealthcaregroup.com\/?page_id=178112"},"modified":"2023-05-17T06:25:32","modified_gmt":"2023-05-17T05:25:32","slug":"178112-2","status":"publish","type":"page","link":"https:\/\/www.directhealthcaregroup.com\/da\/viden-og-evidens\/178112-2\/","title":{"rendered":"Hvorn\u00e5r skal du anvende el-vendelagen til forflytning?"},"content":{"rendered":"\n<h1 class=\"wp-block-heading\"><\/h1>\n\n\n\n<p>De fleste f\u00e5r f\u00f8rst \u00f8jnene op for muligheden for at implementere mekanisk forflytning, n\u00e5r borgeren er meget d\u00e5rlig eller fuldst\u00e6ndig immobil. Men i mange situationer vil det v\u00e6re en fordel at implementere VENDLET meget tidligere. Det er nemlig ikke kun, n\u00e5r borgeren er meget d\u00e5rlig, at forflytningen er tung.<\/p>\n\n\n\n<p>18. november 2019<\/p>\n\n\n\n<p>Af: Ergoterapeut, Pia Beck<\/p>\n\n\n\n<h2 class=\"wp-block-heading\"><strong>Hvad er borgerens funktionsniveau?<\/strong><\/h2>\n\n\n\n<p>Med&nbsp;<a rel=\"noreferrer noopener\" href=\"http:\/\/www.fs3.nu\/\" target=\"_blank\">F\u00e6llessprog II og III&nbsp;<\/a>har vi f\u00e5et en f\u00e6lles klassifikationsskala af borgerens funktionsevnetilstand. Skalaen, som bruges til at vurdere borgerens funktionsevnetilstand, er et v\u00e6rkt\u00f8j til at vurdere, hvad der kan bevilliges indsatser og hj\u00e6lpemidler til. Hvor meget hj\u00e6lp borgeren har brug for vurderes p\u00e5 en skala fra 0-4, hvor 0 er en komplet selvhjulpen borger, imens 4 er borgeren med totale begr\u00e6nsninger.<br><\/p>\n\n\n\n<figure class=\"wp-block-image size-large\"><img loading=\"lazy\" decoding=\"async\" width=\"750\" height=\"393\" src=\"https:\/\/www.directhealthcaregroup.com\/app\/uploads\/1.jpeg\" alt=\"\" class=\"wp-image-178113\" srcset=\"https:\/\/www.directhealthcaregroup.com\/app\/uploads\/1.jpeg 750w, https:\/\/www.directhealthcaregroup.com\/app\/uploads\/1-300x157.jpeg 300w, https:\/\/www.directhealthcaregroup.com\/app\/uploads\/1-320x168.jpeg 320w\" sizes=\"auto, (max-width: 750px) 100vw, 750px\" \/><figcaption>Funktionsevne skala fra 0 til 4<\/figcaption><\/figure>\n\n\n\n<p>I mange kommuner bevilliges hj\u00e6lpemidler efter dette funktionsniveau. Her oplever vi desv\u00e6rre, at mange klassificerer&nbsp;<a href=\"https:\/\/www.vendlet.dk\/produkter\/vendlet\">VENDLET systemet<\/a>&nbsp;som v\u00e6rende kun til borgere i niveau 4, dvs. til borgere, der ingenting kan selv. Det er \u00e6rgerligt, da vores erfaringer viser, at ogs\u00e5 borgere i niveau 2 og 3 kan have&nbsp;stor gl\u00e6de af systemet.<\/p>\n\n\n\n<p>Dette underst\u00f8ttes af en national evalueringsrapport, lavet af Teknologisk Institut, der har unders\u00f8gt effekten af elektriske vendelagner. Evalueringens konklusion s\u00e6tter netop sp\u00f8rgsm\u00e5lstegn ved den nuv\u00e6rende bevillingspraksis og foresl\u00e5r, at VENDLET implementeres tidligere, for at b\u00e5de borger og personale f\u00e5r mest muligt ud af det.<br><\/p>\n\n\n\n<h2 class=\"wp-block-heading\"><strong>Tidlig indsats giver st\u00f8rst fordele<\/strong><\/h2>\n\n\n\n<p>Ved en meget sen implementering kan det v\u00e6re sv\u00e6rt at opn\u00e5 de fulde fordele ved implementeringen af et mekanisk vendesystem. For eksempel er det sv\u00e6rt for personalet at blive fuldst\u00e6ndig fortrolig med systemet, hvis det kun er hos borgeren i en kort periode, og det tager ogs\u00e5 tid for borgeren at v\u00e6nne sig til et nyt hj\u00e6lpemiddel. Ligeledes&nbsp;er den periode, hvor personalet ikke har VENDLET, en tid hvor de er i st\u00f8rre risiko for at p\u00e5drage sig arbejdsskader.<\/p>\n\n\n\n<p>Desv\u00e6rre er implementeringen af VENDLET ofte den sidste \u2019udvej\u2019, n\u00e5r alt andet er pr\u00f8vet. Det kan have store konsekvenser for borgeren, da selv lette forflytninger kan v\u00e6re smertefulde og ubehagelige. Og ikke nok med det. Den mekaniske&nbsp;forflytning giver nemlig&nbsp;en \u00f8get plejekvalitet, er mere sk\u00e5nsom og v\u00e6vsaflastende, og har positive effekter p\u00e5 udadreagerende borgere.<\/p>\n\n\n\n<p>Derfor b\u00f8r VENDLET systemet implementeres s\u00e5 tidligt som muligt. S\u00e6ttes der ind allerede, n\u00e5r borgeren har lette eller moderate begr\u00e6nsninger, dvs. n\u00e5r der skal tilf\u00f8res en kraft fra personalet, vil systemet samtidigt kunne underst\u00f8tte&nbsp;den rehabiliterende indsats.<br><\/p>\n\n\n\n<h2 class=\"wp-block-heading\"><strong>M\u00e5lgrupper for VENDLET<\/strong><\/h2>\n\n\n\n<p>Det f\u00f8rn\u00e6vnte nationale evalueringsprojekt, der har unders\u00f8gt effekterne af VENDLET, angiver f\u00f8lgende borgergrupper, hvor et mekanisk&nbsp;vendesystem&nbsp;b\u00f8r&nbsp;anvendes:<br><\/p>\n\n\n\n<figure class=\"wp-block-image size-large\"><img loading=\"lazy\" decoding=\"async\" width=\"833\" height=\"297\" src=\"https:\/\/www.directhealthcaregroup.com\/app\/uploads\/2-3.jpg\" alt=\"\" class=\"wp-image-178124\" srcset=\"https:\/\/www.directhealthcaregroup.com\/app\/uploads\/2-3.jpg 833w, https:\/\/www.directhealthcaregroup.com\/app\/uploads\/2-3-300x107.jpg 300w, https:\/\/www.directhealthcaregroup.com\/app\/uploads\/2-3-768x274.jpg 768w, https:\/\/www.directhealthcaregroup.com\/app\/uploads\/2-3-320x114.jpg 320w, https:\/\/www.directhealthcaregroup.com\/app\/uploads\/2-3-800x285.jpg 800w\" sizes=\"auto, (max-width: 833px) 100vw, 833px\" \/><\/figure>\n\n\n\n<p>Disse m\u00e5lgrupper g\u00f8r det tydeligt, at det ikke kun er ved borgere med totale begr\u00e6nsninger, at mekaniske vendesystemer skal anvendes. For at sikre en bedre plejekvalitet og det optimale arbejdsmilj\u00f8 b\u00f8r mekanisk forflytning anvendes langt f\u00f8r borgeren bliver totalt begr\u00e6nset. S\u00e5ledes kan borgeren ogs\u00e5 n\u00e5 at blive tryg ved systemet, imens de stadig har deres kognitive forst\u00e5elsesevner.<br><\/p>\n\n\n\n<h2 class=\"wp-block-heading\"><strong>Vores anbefaling ift. F\u00e6llessprog III<\/strong><\/h2>\n\n\n\n<figure class=\"wp-block-image size-large\"><img loading=\"lazy\" decoding=\"async\" width=\"1024\" height=\"381\" src=\"https:\/\/www.directhealthcaregroup.com\/app\/uploads\/3-3-1024x381.jpg\" alt=\"\" class=\"wp-image-178135\" srcset=\"https:\/\/www.directhealthcaregroup.com\/app\/uploads\/3-3-1024x381.jpg 1024w, https:\/\/www.directhealthcaregroup.com\/app\/uploads\/3-3-300x112.jpg 300w, https:\/\/www.directhealthcaregroup.com\/app\/uploads\/3-3-768x285.jpg 768w, https:\/\/www.directhealthcaregroup.com\/app\/uploads\/3-3-320x119.jpg 320w, https:\/\/www.directhealthcaregroup.com\/app\/uploads\/3-3-800x297.jpg 800w, https:\/\/www.directhealthcaregroup.com\/app\/uploads\/3-3.jpg 1356w\" sizes=\"auto, (max-width: 1024px) 100vw, 1024px\" \/><\/figure>\n","protected":false},"excerpt":{"rendered":"<p>De fleste f\u00e5r f\u00f8rst \u00f8jnene op for muligheden for at implementere mekanisk forflytning, n\u00e5r borgeren er meget d\u00e5rlig eller fuldst\u00e6ndig immobil. Men i mange situationer vil det v\u00e6re en fordel at implementere VENDLET meget tidligere. Det er nemlig ikke kun, n\u00e5r borgeren er meget d\u00e5rlig, at forflytningen er tung. 18. november 2019 Af: Ergoterapeut, Pia &hellip; <a href=\"https:\/\/www.directhealthcaregroup.com\/da\/viden-og-evidens\/178112-2\/\">Continued<\/a><\/p>\n","protected":false},"author":40,"featured_media":178146,"parent":174696,"menu_order":34,"comment_status":"closed","ping_status":"closed","template":"","meta":{"_acf_changed":false,"footnotes":""},"class_list":["post-178112","page","type-page","status-publish","has-post-thumbnail","hentry"],"acf":[],"yoast_head":"<!-- This site is optimized with the Yoast SEO plugin v27.4 - https:\/\/yoast.com\/product\/yoast-seo-wordpress\/ -->\n<title>Hvorn\u00e5r skal du anvende el-vendelagen til forflytning? | DHG<\/title>\n<meta name=\"robots\" content=\"index, follow, max-snippet:-1, max-image-preview:large, max-video-preview:-1\" \/>\n<link rel=\"canonical\" href=\"https:\/\/www.directhealthcaregroup.com\/da\/viden-og-evidens\/178112-2\/\" \/>\n<meta property=\"og:locale\" content=\"da_DK\" \/>\n<meta property=\"og:type\" content=\"article\" \/>\n<meta property=\"og:title\" content=\"Hvorn\u00e5r skal du anvende el-vendelagen til forflytning? | DHG\" \/>\n<meta property=\"og:description\" content=\"De fleste f\u00e5r f\u00f8rst \u00f8jnene op for muligheden for at implementere mekanisk forflytning, n\u00e5r borgeren er meget d\u00e5rlig eller fuldst\u00e6ndig immobil. Men i mange situationer vil det v\u00e6re en fordel at implementere VENDLET meget tidligere. Det er nemlig ikke kun, n\u00e5r borgeren er meget d\u00e5rlig, at forflytningen er tung. 18. november 2019 Af: Ergoterapeut, Pia &hellip; Continued\" \/>\n<meta property=\"og:url\" content=\"https:\/\/www.directhealthcaregroup.com\/da\/viden-og-evidens\/178112-2\/\" \/>\n<meta property=\"og:site_name\" content=\"DHG\" \/>\n<meta property=\"article:modified_time\" content=\"2023-05-17T05:25:32+00:00\" \/>\n<meta property=\"og:image\" content=\"https:\/\/www.directhealthcaregroup.com\/app\/uploads\/hvornar-skal-du-anvende-mekanisk-forflytning-tb-transformed.jpeg\" \/>\n\t<meta property=\"og:image:width\" content=\"1000\" \/>\n\t<meta property=\"og:image:height\" content=\"250\" \/>\n\t<meta property=\"og:image:type\" content=\"image\/jpeg\" \/>\n<meta name=\"twitter:card\" content=\"summary_large_image\" \/>\n<meta name=\"twitter:label1\" content=\"Est. reading time\" \/>\n\t<meta name=\"twitter:data1\" content=\"3 minutes\" \/>\n<script type=\"application\/ld+json\" class=\"yoast-schema-graph\">{\"@context\":\"https:\\\/\\\/schema.org\",\"@graph\":[{\"@type\":\"WebPage\",\"@id\":\"https:\\\/\\\/www.directhealthcaregroup.com\\\/da\\\/viden-og-evidens\\\/178112-2\\\/\",\"url\":\"https:\\\/\\\/www.directhealthcaregroup.com\\\/da\\\/viden-og-evidens\\\/178112-2\\\/\",\"name\":\"Hvorn\u00e5r skal du anvende el-vendelagen til forflytning? | DHG\",\"isPartOf\":{\"@id\":\"https:\\\/\\\/www.directhealthcaregroup.com\\\/#website\"},\"primaryImageOfPage\":{\"@id\":\"https:\\\/\\\/www.directhealthcaregroup.com\\\/da\\\/viden-og-evidens\\\/178112-2\\\/#primaryimage\"},\"image\":{\"@id\":\"https:\\\/\\\/www.directhealthcaregroup.com\\\/da\\\/viden-og-evidens\\\/178112-2\\\/#primaryimage\"},\"thumbnailUrl\":\"https:\\\/\\\/www.directhealthcaregroup.com\\\/app\\\/uploads\\\/hvornar-skal-du-anvende-mekanisk-forflytning-tb-transformed.jpeg\",\"datePublished\":\"2023-03-30T12:01:11+00:00\",\"dateModified\":\"2023-05-17T05:25:32+00:00\",\"breadcrumb\":{\"@id\":\"https:\\\/\\\/www.directhealthcaregroup.com\\\/da\\\/viden-og-evidens\\\/178112-2\\\/#breadcrumb\"},\"inLanguage\":\"da-DK\",\"potentialAction\":[{\"@type\":\"ReadAction\",\"target\":[\"https:\\\/\\\/www.directhealthcaregroup.com\\\/da\\\/viden-og-evidens\\\/178112-2\\\/\"]}]},{\"@type\":\"ImageObject\",\"inLanguage\":\"da-DK\",\"@id\":\"https:\\\/\\\/www.directhealthcaregroup.com\\\/da\\\/viden-og-evidens\\\/178112-2\\\/#primaryimage\",\"url\":\"https:\\\/\\\/www.directhealthcaregroup.com\\\/app\\\/uploads\\\/hvornar-skal-du-anvende-mekanisk-forflytning-tb-transformed.jpeg\",\"contentUrl\":\"https:\\\/\\\/www.directhealthcaregroup.com\\\/app\\\/uploads\\\/hvornar-skal-du-anvende-mekanisk-forflytning-tb-transformed.jpeg\",\"width\":1000,\"height\":250},{\"@type\":\"BreadcrumbList\",\"@id\":\"https:\\\/\\\/www.directhealthcaregroup.com\\\/da\\\/viden-og-evidens\\\/178112-2\\\/#breadcrumb\",\"itemListElement\":[{\"@type\":\"ListItem\",\"position\":1,\"name\":\"Home\",\"item\":\"https:\\\/\\\/www.directhealthcaregroup.com\\\/da\\\/\"},{\"@type\":\"ListItem\",\"position\":2,\"name\":\"VIDEN OG EVIDENS\",\"item\":\"https:\\\/\\\/www.directhealthcaregroup.com\\\/da\\\/viden-og-evidens\\\/\"},{\"@type\":\"ListItem\",\"position\":3,\"name\":\"Hvorn\u00e5r skal du anvende el-vendelagen til forflytning?\"}]},{\"@type\":\"WebSite\",\"@id\":\"https:\\\/\\\/www.directhealthcaregroup.com\\\/#website\",\"url\":\"https:\\\/\\\/www.directhealthcaregroup.com\\\/\",\"name\":\"DHG\",\"description\":\"Moving Health Forward\",\"publisher\":{\"@id\":\"https:\\\/\\\/www.directhealthcaregroup.com\\\/#organization\"},\"potentialAction\":[{\"@type\":\"SearchAction\",\"target\":{\"@type\":\"EntryPoint\",\"urlTemplate\":\"https:\\\/\\\/www.directhealthcaregroup.com\\\/?s={search_term_string}\"},\"query-input\":{\"@type\":\"PropertyValueSpecification\",\"valueRequired\":true,\"valueName\":\"search_term_string\"}}],\"inLanguage\":\"da-DK\"},{\"@type\":\"Organization\",\"@id\":\"https:\\\/\\\/www.directhealthcaregroup.com\\\/#organization\",\"name\":\"Direct Healthcare Group\",\"url\":\"https:\\\/\\\/www.directhealthcaregroup.com\\\/\",\"logo\":{\"@type\":\"ImageObject\",\"inLanguage\":\"da-DK\",\"@id\":\"https:\\\/\\\/www.directhealthcaregroup.com\\\/#\\\/schema\\\/logo\\\/image\\\/\",\"url\":\"https:\\\/\\\/directhealthcaregroup.com\\\/app\\\/uploads\\\/dhg-logo.png\",\"contentUrl\":\"https:\\\/\\\/directhealthcaregroup.com\\\/app\\\/uploads\\\/dhg-logo.png\",\"width\":556,\"height\":240,\"caption\":\"Direct Healthcare Group\"},\"image\":{\"@id\":\"https:\\\/\\\/www.directhealthcaregroup.com\\\/#\\\/schema\\\/logo\\\/image\\\/\"}}]}<\/script>\n<!-- \/ Yoast SEO plugin. -->","yoast_head_json":{"title":"Hvorn\u00e5r skal du anvende el-vendelagen til forflytning? | DHG","robots":{"index":"index","follow":"follow","max-snippet":"max-snippet:-1","max-image-preview":"max-image-preview:large","max-video-preview":"max-video-preview:-1"},"canonical":"https:\/\/www.directhealthcaregroup.com\/da\/viden-og-evidens\/178112-2\/","og_locale":"da_DK","og_type":"article","og_title":"Hvorn\u00e5r skal du anvende el-vendelagen til forflytning? | DHG","og_description":"De fleste f\u00e5r f\u00f8rst \u00f8jnene op for muligheden for at implementere mekanisk forflytning, n\u00e5r borgeren er meget d\u00e5rlig eller fuldst\u00e6ndig immobil. Men i mange situationer vil det v\u00e6re en fordel at implementere VENDLET meget tidligere. Det er nemlig ikke kun, n\u00e5r borgeren er meget d\u00e5rlig, at forflytningen er tung. 18. november 2019 Af: Ergoterapeut, Pia &hellip; Continued","og_url":"https:\/\/www.directhealthcaregroup.com\/da\/viden-og-evidens\/178112-2\/","og_site_name":"DHG","article_modified_time":"2023-05-17T05:25:32+00:00","og_image":[{"width":1000,"height":250,"url":"https:\/\/www.directhealthcaregroup.com\/app\/uploads\/hvornar-skal-du-anvende-mekanisk-forflytning-tb-transformed.jpeg","type":"image\/jpeg"}],"twitter_card":"summary_large_image","twitter_misc":{"Est. reading time":"3 minutes"},"schema":{"@context":"https:\/\/schema.org","@graph":[{"@type":"WebPage","@id":"https:\/\/www.directhealthcaregroup.com\/da\/viden-og-evidens\/178112-2\/","url":"https:\/\/www.directhealthcaregroup.com\/da\/viden-og-evidens\/178112-2\/","name":"Hvorn\u00e5r skal du anvende el-vendelagen til forflytning? | DHG","isPartOf":{"@id":"https:\/\/www.directhealthcaregroup.com\/#website"},"primaryImageOfPage":{"@id":"https:\/\/www.directhealthcaregroup.com\/da\/viden-og-evidens\/178112-2\/#primaryimage"},"image":{"@id":"https:\/\/www.directhealthcaregroup.com\/da\/viden-og-evidens\/178112-2\/#primaryimage"},"thumbnailUrl":"https:\/\/www.directhealthcaregroup.com\/app\/uploads\/hvornar-skal-du-anvende-mekanisk-forflytning-tb-transformed.jpeg","datePublished":"2023-03-30T12:01:11+00:00","dateModified":"2023-05-17T05:25:32+00:00","breadcrumb":{"@id":"https:\/\/www.directhealthcaregroup.com\/da\/viden-og-evidens\/178112-2\/#breadcrumb"},"inLanguage":"da-DK","potentialAction":[{"@type":"ReadAction","target":["https:\/\/www.directhealthcaregroup.com\/da\/viden-og-evidens\/178112-2\/"]}]},{"@type":"ImageObject","inLanguage":"da-DK","@id":"https:\/\/www.directhealthcaregroup.com\/da\/viden-og-evidens\/178112-2\/#primaryimage","url":"https:\/\/www.directhealthcaregroup.com\/app\/uploads\/hvornar-skal-du-anvende-mekanisk-forflytning-tb-transformed.jpeg","contentUrl":"https:\/\/www.directhealthcaregroup.com\/app\/uploads\/hvornar-skal-du-anvende-mekanisk-forflytning-tb-transformed.jpeg","width":1000,"height":250},{"@type":"BreadcrumbList","@id":"https:\/\/www.directhealthcaregroup.com\/da\/viden-og-evidens\/178112-2\/#breadcrumb","itemListElement":[{"@type":"ListItem","position":1,"name":"Home","item":"https:\/\/www.directhealthcaregroup.com\/da\/"},{"@type":"ListItem","position":2,"name":"VIDEN OG EVIDENS","item":"https:\/\/www.directhealthcaregroup.com\/da\/viden-og-evidens\/"},{"@type":"ListItem","position":3,"name":"Hvorn\u00e5r skal du anvende el-vendelagen til forflytning?"}]},{"@type":"WebSite","@id":"https:\/\/www.directhealthcaregroup.com\/#website","url":"https:\/\/www.directhealthcaregroup.com\/","name":"DHG","description":"Moving Health Forward","publisher":{"@id":"https:\/\/www.directhealthcaregroup.com\/#organization"},"potentialAction":[{"@type":"SearchAction","target":{"@type":"EntryPoint","urlTemplate":"https:\/\/www.directhealthcaregroup.com\/?s={search_term_string}"},"query-input":{"@type":"PropertyValueSpecification","valueRequired":true,"valueName":"search_term_string"}}],"inLanguage":"da-DK"},{"@type":"Organization","@id":"https:\/\/www.directhealthcaregroup.com\/#organization","name":"Direct Healthcare Group","url":"https:\/\/www.directhealthcaregroup.com\/","logo":{"@type":"ImageObject","inLanguage":"da-DK","@id":"https:\/\/www.directhealthcaregroup.com\/#\/schema\/logo\/image\/","url":"https:\/\/directhealthcaregroup.com\/app\/uploads\/dhg-logo.png","contentUrl":"https:\/\/directhealthcaregroup.com\/app\/uploads\/dhg-logo.png","width":556,"height":240,"caption":"Direct Healthcare Group"},"image":{"@id":"https:\/\/www.directhealthcaregroup.com\/#\/schema\/logo\/image\/"}}]}},"_links":{"self":[{"href":"https:\/\/www.directhealthcaregroup.com\/da\/wp-json\/wp\/v2\/pages\/178112","targetHints":{"allow":["GET"]}}],"collection":[{"href":"https:\/\/www.directhealthcaregroup.com\/da\/wp-json\/wp\/v2\/pages"}],"about":[{"href":"https:\/\/www.directhealthcaregroup.com\/da\/wp-json\/wp\/v2\/types\/page"}],"author":[{"embeddable":true,"href":"https:\/\/www.directhealthcaregroup.com\/da\/wp-json\/wp\/v2\/users\/40"}],"replies":[{"embeddable":true,"href":"https:\/\/www.directhealthcaregroup.com\/da\/wp-json\/wp\/v2\/comments?post=178112"}],"version-history":[{"count":3,"href":"https:\/\/www.directhealthcaregroup.com\/da\/wp-json\/wp\/v2\/pages\/178112\/revisions"}],"predecessor-version":[{"id":183700,"href":"https:\/\/www.directhealthcaregroup.com\/da\/wp-json\/wp\/v2\/pages\/178112\/revisions\/183700"}],"up":[{"embeddable":true,"href":"https:\/\/www.directhealthcaregroup.com\/da\/wp-json\/wp\/v2\/pages\/174696"}],"wp:featuredmedia":[{"embeddable":true,"href":"https:\/\/www.directhealthcaregroup.com\/da\/wp-json\/wp\/v2\/media\/178146"}],"wp:attachment":[{"href":"https:\/\/www.directhealthcaregroup.com\/da\/wp-json\/wp\/v2\/media?parent=178112"}],"curies":[{"name":"wp","href":"https:\/\/api.w.org\/{rel}","templated":true}]}}