{"id":178170,"date":"2023-03-30T13:10:29","date_gmt":"2023-03-30T12:10:29","guid":{"rendered":"https:\/\/www.directhealthcaregroup.com\/?page_id=178170"},"modified":"2023-05-17T06:24:43","modified_gmt":"2023-05-17T05:24:43","slug":"178170-2","status":"publish","type":"page","link":"https:\/\/www.directhealthcaregroup.com\/da\/viden-og-evidens\/178170-2\/","title":{"rendered":"90-\u00e5rig med dybt tryks\u00e5r"},"content":{"rendered":"\n<h1 class=\"wp-block-heading\"><\/h1>\n\n\n\n<p>En 90-\u00e5rig mand d\u00f8jede igennem en periode p\u00e5 1,5 \u00e5r med et tryks\u00e5r p\u00e5 korsbenet, der blev s\u00e5 stort, at det var muligt at placere en hel h\u00e5nd oppe i det. Efter han har f\u00e5et VENDLET, er s\u00e5ret n\u00e6sten helet op og er i fortsat bedring.<\/p>\n\n\n\n<p>7. november 2019<\/p>\n\n\n\n<p>En 90-\u00e5rig mand fik hoftebrud og kom som f\u00f8lge deraf p\u00e5 plejecenter. Her blev det til stadighed en udfordring for ham at finde motivationen til at komme ud af sengen. Som ungkarl var han nemlig vant til selv at bestemme. Han havde derfor sv\u00e6rt ved at plejepersonalet pludseligt skulle bestemme, hvorn\u00e5r han skulle ud af sengen.<\/p>\n\n\n\n<p>Hertil kom at han havde stive ben, var k\u00f8restolsbruger og havde stomi. Til forflytningen anvendtes forskellige manuelle glide-vendesystemer.<\/p>\n\n\n\n<p>Med tiden resulterede den manglende samarbejdsvilje med personalet i, at han udviklede et tryks\u00e5r, som han var p\u00e5 hospitalet for at f\u00e5 udrenset. Men s\u00e5ret bliver blot ved med at udvikle sig negativt. Til sidst blev det s\u00e5 stort, at det var muligt at placere en h\u00e5nd oppe i det.<\/p>\n\n\n\n<p>Borgerens samarbejdsvanskeligheder med personalet bet\u00f8d, at de havde sv\u00e6rt ved at f\u00e5 lejret borgeren ordentligt, s\u00e5 tryks\u00e5ret kunne hele op. Til sidst m\u00e5 forflytningsvejlederen insistere p\u00e5 at f\u00e5 implementeret en VENDLET.<\/p>\n\n\n\n<p>Med hj\u00e6lp fra VENDLET systemet kan personalet f\u00e5 vendt borgeren om p\u00e5 siden, s\u00e5 s\u00e5ret kan&nbsp;\u00e5nde, hvilket har en afg\u00f8rende betydning i helingsprocessen.<\/p>\n\n\n\n<p>Efter 8 m\u00e5neder med VENDLET systemet er tryks\u00e5ret stort set helet op.<\/p>\n\n\n\n<p>Borgeren \u00f8nsker stadig&nbsp;ikke at komme ud af sengen, og har samarbejdsvanskeligheder med personalet. Men han accepterer at VENDLET systemet er der, og det er endda muligt for nogle medarbejdere at arbejde med ham alene, hvis de giver ham korte kommandoer og s\u00e6tter gr\u00e6nser.<\/p>\n\n\n\n<p><em>Forflytningsvejlederen bag dette brugerudsagn \u00f8nsker at v\u00e6re anonym.<\/em><\/p>\n","protected":false},"excerpt":{"rendered":"<p>En 90-\u00e5rig mand d\u00f8jede igennem en periode p\u00e5 1,5 \u00e5r med et tryks\u00e5r p\u00e5 korsbenet, der blev s\u00e5 stort, at det var muligt at placere en hel h\u00e5nd oppe i det. Efter han har f\u00e5et VENDLET, er s\u00e5ret n\u00e6sten helet op og er i fortsat bedring. 7. november 2019 En 90-\u00e5rig mand fik hoftebrud og &hellip; <a href=\"https:\/\/www.directhealthcaregroup.com\/da\/viden-og-evidens\/178170-2\/\">Continued<\/a><\/p>\n","protected":false},"author":40,"featured_media":178171,"parent":174696,"menu_order":35,"comment_status":"closed","ping_status":"closed","template":"","meta":{"_acf_changed":false,"footnotes":""},"class_list":["post-178170","page","type-page","status-publish","has-post-thumbnail","hentry"],"acf":[],"yoast_head":"<!-- This site is optimized with the Yoast SEO plugin v27.4 - https:\/\/yoast.com\/product\/yoast-seo-wordpress\/ -->\n<title>90-\u00e5rig med dybt tryks\u00e5r | DHG<\/title>\n<meta name=\"robots\" content=\"index, follow, max-snippet:-1, max-image-preview:large, max-video-preview:-1\" \/>\n<link rel=\"canonical\" href=\"https:\/\/www.directhealthcaregroup.com\/da\/viden-og-evidens\/178170-2\/\" \/>\n<meta property=\"og:locale\" content=\"da_DK\" \/>\n<meta property=\"og:type\" content=\"article\" \/>\n<meta property=\"og:title\" content=\"90-\u00e5rig med dybt tryks\u00e5r | DHG\" \/>\n<meta property=\"og:description\" content=\"En 90-\u00e5rig mand d\u00f8jede igennem en periode p\u00e5 1,5 \u00e5r med et tryks\u00e5r p\u00e5 korsbenet, der blev s\u00e5 stort, at det var muligt at placere en hel h\u00e5nd oppe i det. Efter han har f\u00e5et VENDLET, er s\u00e5ret n\u00e6sten helet op og er i fortsat bedring. 7. november 2019 En 90-\u00e5rig mand fik hoftebrud og &hellip; Continued\" \/>\n<meta property=\"og:url\" content=\"https:\/\/www.directhealthcaregroup.com\/da\/viden-og-evidens\/178170-2\/\" \/>\n<meta property=\"og:site_name\" content=\"DHG\" \/>\n<meta property=\"article:modified_time\" content=\"2023-05-17T05:24:43+00:00\" \/>\n<meta property=\"og:image\" content=\"https:\/\/www.directhealthcaregroup.com\/app\/uploads\/90-arig-med-tryksar-tb-transformed.jpeg\" \/>\n\t<meta property=\"og:image:width\" content=\"1000\" \/>\n\t<meta property=\"og:image:height\" content=\"250\" \/>\n\t<meta property=\"og:image:type\" content=\"image\/jpeg\" \/>\n<meta name=\"twitter:card\" content=\"summary_large_image\" \/>\n<meta name=\"twitter:label1\" content=\"Est. reading time\" \/>\n\t<meta name=\"twitter:data1\" content=\"2 minutes\" \/>\n<script type=\"application\/ld+json\" class=\"yoast-schema-graph\">{\"@context\":\"https:\\\/\\\/schema.org\",\"@graph\":[{\"@type\":\"WebPage\",\"@id\":\"https:\\\/\\\/www.directhealthcaregroup.com\\\/da\\\/viden-og-evidens\\\/178170-2\\\/\",\"url\":\"https:\\\/\\\/www.directhealthcaregroup.com\\\/da\\\/viden-og-evidens\\\/178170-2\\\/\",\"name\":\"90-\u00e5rig med dybt tryks\u00e5r | DHG\",\"isPartOf\":{\"@id\":\"https:\\\/\\\/www.directhealthcaregroup.com\\\/#website\"},\"primaryImageOfPage\":{\"@id\":\"https:\\\/\\\/www.directhealthcaregroup.com\\\/da\\\/viden-og-evidens\\\/178170-2\\\/#primaryimage\"},\"image\":{\"@id\":\"https:\\\/\\\/www.directhealthcaregroup.com\\\/da\\\/viden-og-evidens\\\/178170-2\\\/#primaryimage\"},\"thumbnailUrl\":\"https:\\\/\\\/www.directhealthcaregroup.com\\\/app\\\/uploads\\\/90-arig-med-tryksar-tb-transformed.jpeg\",\"datePublished\":\"2023-03-30T12:10:29+00:00\",\"dateModified\":\"2023-05-17T05:24:43+00:00\",\"breadcrumb\":{\"@id\":\"https:\\\/\\\/www.directhealthcaregroup.com\\\/da\\\/viden-og-evidens\\\/178170-2\\\/#breadcrumb\"},\"inLanguage\":\"da-DK\",\"potentialAction\":[{\"@type\":\"ReadAction\",\"target\":[\"https:\\\/\\\/www.directhealthcaregroup.com\\\/da\\\/viden-og-evidens\\\/178170-2\\\/\"]}]},{\"@type\":\"ImageObject\",\"inLanguage\":\"da-DK\",\"@id\":\"https:\\\/\\\/www.directhealthcaregroup.com\\\/da\\\/viden-og-evidens\\\/178170-2\\\/#primaryimage\",\"url\":\"https:\\\/\\\/www.directhealthcaregroup.com\\\/app\\\/uploads\\\/90-arig-med-tryksar-tb-transformed.jpeg\",\"contentUrl\":\"https:\\\/\\\/www.directhealthcaregroup.com\\\/app\\\/uploads\\\/90-arig-med-tryksar-tb-transformed.jpeg\",\"width\":1000,\"height\":250},{\"@type\":\"BreadcrumbList\",\"@id\":\"https:\\\/\\\/www.directhealthcaregroup.com\\\/da\\\/viden-og-evidens\\\/178170-2\\\/#breadcrumb\",\"itemListElement\":[{\"@type\":\"ListItem\",\"position\":1,\"name\":\"Home\",\"item\":\"https:\\\/\\\/www.directhealthcaregroup.com\\\/da\\\/\"},{\"@type\":\"ListItem\",\"position\":2,\"name\":\"VIDEN OG EVIDENS\",\"item\":\"https:\\\/\\\/www.directhealthcaregroup.com\\\/da\\\/viden-og-evidens\\\/\"},{\"@type\":\"ListItem\",\"position\":3,\"name\":\"90-\u00e5rig med dybt tryks\u00e5r\"}]},{\"@type\":\"WebSite\",\"@id\":\"https:\\\/\\\/www.directhealthcaregroup.com\\\/#website\",\"url\":\"https:\\\/\\\/www.directhealthcaregroup.com\\\/\",\"name\":\"DHG\",\"description\":\"Moving Health Forward\",\"publisher\":{\"@id\":\"https:\\\/\\\/www.directhealthcaregroup.com\\\/#organization\"},\"potentialAction\":[{\"@type\":\"SearchAction\",\"target\":{\"@type\":\"EntryPoint\",\"urlTemplate\":\"https:\\\/\\\/www.directhealthcaregroup.com\\\/?s={search_term_string}\"},\"query-input\":{\"@type\":\"PropertyValueSpecification\",\"valueRequired\":true,\"valueName\":\"search_term_string\"}}],\"inLanguage\":\"da-DK\"},{\"@type\":\"Organization\",\"@id\":\"https:\\\/\\\/www.directhealthcaregroup.com\\\/#organization\",\"name\":\"Direct Healthcare Group\",\"url\":\"https:\\\/\\\/www.directhealthcaregroup.com\\\/\",\"logo\":{\"@type\":\"ImageObject\",\"inLanguage\":\"da-DK\",\"@id\":\"https:\\\/\\\/www.directhealthcaregroup.com\\\/#\\\/schema\\\/logo\\\/image\\\/\",\"url\":\"https:\\\/\\\/directhealthcaregroup.com\\\/app\\\/uploads\\\/dhg-logo.png\",\"contentUrl\":\"https:\\\/\\\/directhealthcaregroup.com\\\/app\\\/uploads\\\/dhg-logo.png\",\"width\":556,\"height\":240,\"caption\":\"Direct Healthcare Group\"},\"image\":{\"@id\":\"https:\\\/\\\/www.directhealthcaregroup.com\\\/#\\\/schema\\\/logo\\\/image\\\/\"}}]}<\/script>\n<!-- \/ Yoast SEO plugin. -->","yoast_head_json":{"title":"90-\u00e5rig med dybt tryks\u00e5r | DHG","robots":{"index":"index","follow":"follow","max-snippet":"max-snippet:-1","max-image-preview":"max-image-preview:large","max-video-preview":"max-video-preview:-1"},"canonical":"https:\/\/www.directhealthcaregroup.com\/da\/viden-og-evidens\/178170-2\/","og_locale":"da_DK","og_type":"article","og_title":"90-\u00e5rig med dybt tryks\u00e5r | DHG","og_description":"En 90-\u00e5rig mand d\u00f8jede igennem en periode p\u00e5 1,5 \u00e5r med et tryks\u00e5r p\u00e5 korsbenet, der blev s\u00e5 stort, at det var muligt at placere en hel h\u00e5nd oppe i det. Efter han har f\u00e5et VENDLET, er s\u00e5ret n\u00e6sten helet op og er i fortsat bedring. 7. november 2019 En 90-\u00e5rig mand fik hoftebrud og &hellip; Continued","og_url":"https:\/\/www.directhealthcaregroup.com\/da\/viden-og-evidens\/178170-2\/","og_site_name":"DHG","article_modified_time":"2023-05-17T05:24:43+00:00","og_image":[{"width":1000,"height":250,"url":"https:\/\/www.directhealthcaregroup.com\/app\/uploads\/90-arig-med-tryksar-tb-transformed.jpeg","type":"image\/jpeg"}],"twitter_card":"summary_large_image","twitter_misc":{"Est. reading time":"2 minutes"},"schema":{"@context":"https:\/\/schema.org","@graph":[{"@type":"WebPage","@id":"https:\/\/www.directhealthcaregroup.com\/da\/viden-og-evidens\/178170-2\/","url":"https:\/\/www.directhealthcaregroup.com\/da\/viden-og-evidens\/178170-2\/","name":"90-\u00e5rig med dybt tryks\u00e5r | DHG","isPartOf":{"@id":"https:\/\/www.directhealthcaregroup.com\/#website"},"primaryImageOfPage":{"@id":"https:\/\/www.directhealthcaregroup.com\/da\/viden-og-evidens\/178170-2\/#primaryimage"},"image":{"@id":"https:\/\/www.directhealthcaregroup.com\/da\/viden-og-evidens\/178170-2\/#primaryimage"},"thumbnailUrl":"https:\/\/www.directhealthcaregroup.com\/app\/uploads\/90-arig-med-tryksar-tb-transformed.jpeg","datePublished":"2023-03-30T12:10:29+00:00","dateModified":"2023-05-17T05:24:43+00:00","breadcrumb":{"@id":"https:\/\/www.directhealthcaregroup.com\/da\/viden-og-evidens\/178170-2\/#breadcrumb"},"inLanguage":"da-DK","potentialAction":[{"@type":"ReadAction","target":["https:\/\/www.directhealthcaregroup.com\/da\/viden-og-evidens\/178170-2\/"]}]},{"@type":"ImageObject","inLanguage":"da-DK","@id":"https:\/\/www.directhealthcaregroup.com\/da\/viden-og-evidens\/178170-2\/#primaryimage","url":"https:\/\/www.directhealthcaregroup.com\/app\/uploads\/90-arig-med-tryksar-tb-transformed.jpeg","contentUrl":"https:\/\/www.directhealthcaregroup.com\/app\/uploads\/90-arig-med-tryksar-tb-transformed.jpeg","width":1000,"height":250},{"@type":"BreadcrumbList","@id":"https:\/\/www.directhealthcaregroup.com\/da\/viden-og-evidens\/178170-2\/#breadcrumb","itemListElement":[{"@type":"ListItem","position":1,"name":"Home","item":"https:\/\/www.directhealthcaregroup.com\/da\/"},{"@type":"ListItem","position":2,"name":"VIDEN OG EVIDENS","item":"https:\/\/www.directhealthcaregroup.com\/da\/viden-og-evidens\/"},{"@type":"ListItem","position":3,"name":"90-\u00e5rig med dybt tryks\u00e5r"}]},{"@type":"WebSite","@id":"https:\/\/www.directhealthcaregroup.com\/#website","url":"https:\/\/www.directhealthcaregroup.com\/","name":"DHG","description":"Moving Health Forward","publisher":{"@id":"https:\/\/www.directhealthcaregroup.com\/#organization"},"potentialAction":[{"@type":"SearchAction","target":{"@type":"EntryPoint","urlTemplate":"https:\/\/www.directhealthcaregroup.com\/?s={search_term_string}"},"query-input":{"@type":"PropertyValueSpecification","valueRequired":true,"valueName":"search_term_string"}}],"inLanguage":"da-DK"},{"@type":"Organization","@id":"https:\/\/www.directhealthcaregroup.com\/#organization","name":"Direct Healthcare Group","url":"https:\/\/www.directhealthcaregroup.com\/","logo":{"@type":"ImageObject","inLanguage":"da-DK","@id":"https:\/\/www.directhealthcaregroup.com\/#\/schema\/logo\/image\/","url":"https:\/\/directhealthcaregroup.com\/app\/uploads\/dhg-logo.png","contentUrl":"https:\/\/directhealthcaregroup.com\/app\/uploads\/dhg-logo.png","width":556,"height":240,"caption":"Direct Healthcare Group"},"image":{"@id":"https:\/\/www.directhealthcaregroup.com\/#\/schema\/logo\/image\/"}}]}},"_links":{"self":[{"href":"https:\/\/www.directhealthcaregroup.com\/da\/wp-json\/wp\/v2\/pages\/178170","targetHints":{"allow":["GET"]}}],"collection":[{"href":"https:\/\/www.directhealthcaregroup.com\/da\/wp-json\/wp\/v2\/pages"}],"about":[{"href":"https:\/\/www.directhealthcaregroup.com\/da\/wp-json\/wp\/v2\/types\/page"}],"author":[{"embeddable":true,"href":"https:\/\/www.directhealthcaregroup.com\/da\/wp-json\/wp\/v2\/users\/40"}],"replies":[{"embeddable":true,"href":"https:\/\/www.directhealthcaregroup.com\/da\/wp-json\/wp\/v2\/comments?post=178170"}],"version-history":[{"count":3,"href":"https:\/\/www.directhealthcaregroup.com\/da\/wp-json\/wp\/v2\/pages\/178170\/revisions"}],"predecessor-version":[{"id":183699,"href":"https:\/\/www.directhealthcaregroup.com\/da\/wp-json\/wp\/v2\/pages\/178170\/revisions\/183699"}],"up":[{"embeddable":true,"href":"https:\/\/www.directhealthcaregroup.com\/da\/wp-json\/wp\/v2\/pages\/174696"}],"wp:featuredmedia":[{"embeddable":true,"href":"https:\/\/www.directhealthcaregroup.com\/da\/wp-json\/wp\/v2\/media\/178171"}],"wp:attachment":[{"href":"https:\/\/www.directhealthcaregroup.com\/da\/wp-json\/wp\/v2\/media?parent=178170"}],"curies":[{"name":"wp","href":"https:\/\/api.w.org\/{rel}","templated":true}]}}