{"id":178223,"date":"2023-03-30T14:20:15","date_gmt":"2023-03-30T13:20:15","guid":{"rendered":"https:\/\/www.directhealthcaregroup.com\/?page_id=178223"},"modified":"2023-05-17T06:23:15","modified_gmt":"2023-05-17T05:23:15","slug":"178223-2","status":"publish","type":"page","link":"https:\/\/www.directhealthcaregroup.com\/da\/viden-og-evidens\/178223-2\/","title":{"rendered":"Kunstigt lys g\u00f8r os syge"},"content":{"rendered":"\n<h1 class=\"wp-block-heading\"><\/h1>\n\n\n\n<p>Mennesket sover 1\/3 af livet. Hvis kvaliteten af s\u00f8vnen er d\u00e5rlig, tyder forskning p\u00e5, at det kan f\u00e5 alvorlige konsekvenser. Her spiller det kunstige lys en afg\u00f8rende rolle.<\/p>\n\n\n\n<p>14. oktober 2019<\/p>\n\n\n\n<p>Af: Ergoterapeut, Pia Beck<\/p>\n\n\n\n<h2 class=\"wp-block-heading\"><strong>Den naturlige d\u00f8gnrytme<\/strong><\/h2>\n\n\n\n<p>For flere tusinder \u00e5r siden, boede mennesket i huler. Det var sollyset, der bestemte m\u00e6ngden af aktivitet. N\u00e5r m\u00f8rket faldt p\u00e5, blev huler og grotter indtaget, og der befandt mennesket sig, indtil morgensolens str\u00e5ler atter kastede lys i grotten.<\/p>\n\n\n\n<p>Udgangspunktet for en god s\u00f8vn, var til stede. Solnedgangen gjorde kroppen klar til hvile, og de k\u00f8lige grotter muliggjorde et naturligt fald i kropstemperaturen. Ingen kunstige, forstyrrende elementer bragte rod i det biologiske ur.&nbsp;Det bet\u00f8d, at d\u00f8gnrytmen i store tr\u00e6k var den samme hver dag.<br><\/p>\n\n\n\n<h2 class=\"wp-block-heading\"><strong>Kunstigt lys: Genial opfindelse eller fjende?<\/strong><\/h2>\n\n\n\n<p>Efter opfindelsen af elektrisk lys begyndte menneskets d\u00f8gnrytme at blive forstyrret. I l\u00f8bet af 1800-tallet overtog gl\u00f8dep\u00e6ren de tidligere primitive lyskilder som t\u00e6llelys, petroleumslamper, stearinlys og \u00e5bne ildsteder. Det bet\u00f8d, at mennesket fik adgang til kunstigt lys d\u00f8gnet rundt. Nattens timer, der ellers var reserveret til hvile og s\u00f8vn, kunne nu bruges produktivt.&nbsp;<\/p>\n\n\n\n<p>P\u00e5 denne m\u00e5de blev d\u00f8gnets rytme fleksibel, og aften- og natarbejde blev gjort muligt.<\/p>\n\n\n\n<p>Flere \u00e5rsager gjorde at gl\u00f8dep\u00e6ren snart blev den foretrukne lyskilde, bl.a. lugt og sodgener. Men ulempen ved gl\u00f8dep\u00e6ren var det store energiforbrug. Det har f\u00f8rt til udviklingen af nutidens LED-lys og elsparep\u00e6rer.<\/p>\n\n\n\n<p><strong>L\u00e6s ogs\u00e5:<\/strong>&nbsp;<a href=\"https:\/\/www.directhealthcaregroup.com\/da\/viden-og-evidens\/180442-2\/\" target=\"_blank\" rel=\"noreferrer noopener\">Lejring og respiration<\/a><\/p>\n\n\n\n<h2 class=\"wp-block-heading\"><strong>Hjernen bliver snydt<\/strong><\/h2>\n\n\n\n<p>De moderne lyskilder har endnu st\u00f8rre konsekvenser for menneskets s\u00f8vn. LED-lys og lyset fra elsparep\u00e6rerne er modsat traditionelle gl\u00f8detr\u00e5dsp\u00e6re ikke lyskilder, der lyser j\u00e6vnt i hele farvespektret.<\/p>\n\n\n\n<p>Sparep\u00e6rernes lys og LED-lyset er meget intenst i de gr\u00f8nlige og bl\u00e5 farver og forskere p\u00e5peger, at specielt disse lysformer udfordrer den gode nattes\u00f8vn.&nbsp;Mennesket er nemlig skabt til at reagere p\u00e5 det bl\u00e5lige morgenlys, der nulstiller vores biologiske d\u00f8gnrytme, og det svindende r\u00f8dlige aftenlys, der signalerer, at det er tid til at sove.<\/p>\n\n\n\n<p>De gr\u00f8nlige og bl\u00e5 nuancer, er de farver som \u00f8jets ganglieceller er s\u00e6rligt modtagelige overfor. &nbsp;D\u00f8gnrytmen styres af gangliecellerne i \u00f8jets nethinde. De registrerer lys og sender signaler videre til hjernen, der b\u00e5de h\u00e6mmer s\u00f8vn-fremmende nerveceller og aktiverer nerveceller, der hj\u00e6lper os med at holde os v\u00e5gne.<\/p>\n\n\n\n<p>I det store hele betyder det, at n\u00e5r mennesket sidder foran LED-tv&#8217;et, smartphonen eller computersk\u00e6rmen om aftenen, bliver kroppen badet i lys, der fort\u00e6ller hjernen, at det er tid til at st\u00e5 op.&nbsp;<\/p>\n\n\n\n<p>Derfor h\u00f8rer vi mere og mere om, hvor skadeligt det kan v\u00e6re at bruge smartphonen lige inden sengetid eller m\u00e5ske i sengen.<br><\/p>\n\n\n\n<h2 class=\"wp-block-heading\"><strong>Skab pr\u00e6missen for god s\u00f8vnkvalitet<\/strong><\/h2>\n\n\n\n<p>At lys p\u00e5virker kroppen, har v\u00e6ret kendt l\u00e6nge. Men at LED-lys og lys fra sparep\u00e6rer i den grad har en direkte negativ p\u00e5virkning p\u00e5 s\u00f8vnen, er knapt s\u00e5 kendt. Det b\u00f8r dog v\u00e6re en faktor, der prioriteres i arbejdet med sengeliggende mennesker.<\/p>\n\n\n\n<p>Mennesker der ikke selv kan v\u00e6lge om der er lyst eller m\u00f8rkt der, hvor de sover, har krav p\u00e5, at de der yder pleje og omsorg for dem, er kl\u00e6dt p\u00e5 til at skabe pr\u00e6missen for en god s\u00f8vnkvalitet.<\/p>\n\n\n\n<p>Dette g\u00f8res blandt andet ved at minimere det bl\u00e5 lys inden sengetid, og s\u00f8rge for m\u00f8rke om natten. Er der brug for lys om natten pga. m\u00f8rker\u00e6d skal lyset v\u00e6re gulligt.<\/p>\n\n\n\n<p><\/p>\n","protected":false},"excerpt":{"rendered":"<p>Mennesket sover 1\/3 af livet. Hvis kvaliteten af s\u00f8vnen er d\u00e5rlig, tyder forskning p\u00e5, at det kan f\u00e5 alvorlige konsekvenser. Her spiller det kunstige lys en afg\u00f8rende rolle. 14. oktober 2019 Af: Ergoterapeut, Pia Beck Den naturlige d\u00f8gnrytme For flere tusinder \u00e5r siden, boede mennesket i huler. Det var sollyset, der bestemte m\u00e6ngden af aktivitet. &hellip; <a href=\"https:\/\/www.directhealthcaregroup.com\/da\/viden-og-evidens\/178223-2\/\">Continued<\/a><\/p>\n","protected":false},"author":40,"featured_media":178224,"parent":174696,"menu_order":36,"comment_status":"closed","ping_status":"closed","template":"","meta":{"_acf_changed":false,"footnotes":""},"class_list":["post-178223","page","type-page","status-publish","has-post-thumbnail","hentry"],"acf":[],"yoast_head":"<!-- This site is optimized with the Yoast SEO plugin v27.4 - https:\/\/yoast.com\/product\/yoast-seo-wordpress\/ -->\n<title>Kunstigt lys g\u00f8r os syge | DHG<\/title>\n<meta name=\"robots\" content=\"index, follow, max-snippet:-1, max-image-preview:large, max-video-preview:-1\" \/>\n<link rel=\"canonical\" href=\"https:\/\/www.directhealthcaregroup.com\/da\/viden-og-evidens\/178223-2\/\" \/>\n<meta property=\"og:locale\" content=\"da_DK\" \/>\n<meta property=\"og:type\" content=\"article\" \/>\n<meta property=\"og:title\" content=\"Kunstigt lys g\u00f8r os syge | DHG\" \/>\n<meta property=\"og:description\" content=\"Mennesket sover 1\/3 af livet. Hvis kvaliteten af s\u00f8vnen er d\u00e5rlig, tyder forskning p\u00e5, at det kan f\u00e5 alvorlige konsekvenser. Her spiller det kunstige lys en afg\u00f8rende rolle. 14. oktober 2019 Af: Ergoterapeut, Pia Beck Den naturlige d\u00f8gnrytme For flere tusinder \u00e5r siden, boede mennesket i huler. Det var sollyset, der bestemte m\u00e6ngden af aktivitet. &hellip; Continued\" \/>\n<meta property=\"og:url\" content=\"https:\/\/www.directhealthcaregroup.com\/da\/viden-og-evidens\/178223-2\/\" \/>\n<meta property=\"og:site_name\" content=\"DHG\" \/>\n<meta property=\"article:modified_time\" content=\"2023-05-17T05:23:15+00:00\" \/>\n<meta property=\"og:image\" content=\"https:\/\/www.directhealthcaregroup.com\/app\/uploads\/kunstigt-lys-gor-os-syge-tb-transformed.jpeg\" \/>\n\t<meta property=\"og:image:width\" content=\"1000\" \/>\n\t<meta property=\"og:image:height\" content=\"250\" \/>\n\t<meta property=\"og:image:type\" content=\"image\/jpeg\" \/>\n<meta name=\"twitter:card\" content=\"summary_large_image\" \/>\n<meta name=\"twitter:label1\" content=\"Est. reading time\" \/>\n\t<meta name=\"twitter:data1\" content=\"3 minutes\" \/>\n<script type=\"application\/ld+json\" class=\"yoast-schema-graph\">{\"@context\":\"https:\\\/\\\/schema.org\",\"@graph\":[{\"@type\":\"WebPage\",\"@id\":\"https:\\\/\\\/www.directhealthcaregroup.com\\\/da\\\/viden-og-evidens\\\/178223-2\\\/\",\"url\":\"https:\\\/\\\/www.directhealthcaregroup.com\\\/da\\\/viden-og-evidens\\\/178223-2\\\/\",\"name\":\"Kunstigt lys g\u00f8r os syge | DHG\",\"isPartOf\":{\"@id\":\"https:\\\/\\\/www.directhealthcaregroup.com\\\/#website\"},\"primaryImageOfPage\":{\"@id\":\"https:\\\/\\\/www.directhealthcaregroup.com\\\/da\\\/viden-og-evidens\\\/178223-2\\\/#primaryimage\"},\"image\":{\"@id\":\"https:\\\/\\\/www.directhealthcaregroup.com\\\/da\\\/viden-og-evidens\\\/178223-2\\\/#primaryimage\"},\"thumbnailUrl\":\"https:\\\/\\\/www.directhealthcaregroup.com\\\/app\\\/uploads\\\/kunstigt-lys-gor-os-syge-tb-transformed.jpeg\",\"datePublished\":\"2023-03-30T13:20:15+00:00\",\"dateModified\":\"2023-05-17T05:23:15+00:00\",\"breadcrumb\":{\"@id\":\"https:\\\/\\\/www.directhealthcaregroup.com\\\/da\\\/viden-og-evidens\\\/178223-2\\\/#breadcrumb\"},\"inLanguage\":\"da-DK\",\"potentialAction\":[{\"@type\":\"ReadAction\",\"target\":[\"https:\\\/\\\/www.directhealthcaregroup.com\\\/da\\\/viden-og-evidens\\\/178223-2\\\/\"]}]},{\"@type\":\"ImageObject\",\"inLanguage\":\"da-DK\",\"@id\":\"https:\\\/\\\/www.directhealthcaregroup.com\\\/da\\\/viden-og-evidens\\\/178223-2\\\/#primaryimage\",\"url\":\"https:\\\/\\\/www.directhealthcaregroup.com\\\/app\\\/uploads\\\/kunstigt-lys-gor-os-syge-tb-transformed.jpeg\",\"contentUrl\":\"https:\\\/\\\/www.directhealthcaregroup.com\\\/app\\\/uploads\\\/kunstigt-lys-gor-os-syge-tb-transformed.jpeg\",\"width\":1000,\"height\":250},{\"@type\":\"BreadcrumbList\",\"@id\":\"https:\\\/\\\/www.directhealthcaregroup.com\\\/da\\\/viden-og-evidens\\\/178223-2\\\/#breadcrumb\",\"itemListElement\":[{\"@type\":\"ListItem\",\"position\":1,\"name\":\"Home\",\"item\":\"https:\\\/\\\/www.directhealthcaregroup.com\\\/da\\\/\"},{\"@type\":\"ListItem\",\"position\":2,\"name\":\"VIDEN OG EVIDENS\",\"item\":\"https:\\\/\\\/www.directhealthcaregroup.com\\\/da\\\/viden-og-evidens\\\/\"},{\"@type\":\"ListItem\",\"position\":3,\"name\":\"Kunstigt lys g\u00f8r os syge\"}]},{\"@type\":\"WebSite\",\"@id\":\"https:\\\/\\\/www.directhealthcaregroup.com\\\/#website\",\"url\":\"https:\\\/\\\/www.directhealthcaregroup.com\\\/\",\"name\":\"DHG\",\"description\":\"Moving Health Forward\",\"publisher\":{\"@id\":\"https:\\\/\\\/www.directhealthcaregroup.com\\\/#organization\"},\"potentialAction\":[{\"@type\":\"SearchAction\",\"target\":{\"@type\":\"EntryPoint\",\"urlTemplate\":\"https:\\\/\\\/www.directhealthcaregroup.com\\\/?s={search_term_string}\"},\"query-input\":{\"@type\":\"PropertyValueSpecification\",\"valueRequired\":true,\"valueName\":\"search_term_string\"}}],\"inLanguage\":\"da-DK\"},{\"@type\":\"Organization\",\"@id\":\"https:\\\/\\\/www.directhealthcaregroup.com\\\/#organization\",\"name\":\"Direct Healthcare Group\",\"url\":\"https:\\\/\\\/www.directhealthcaregroup.com\\\/\",\"logo\":{\"@type\":\"ImageObject\",\"inLanguage\":\"da-DK\",\"@id\":\"https:\\\/\\\/www.directhealthcaregroup.com\\\/#\\\/schema\\\/logo\\\/image\\\/\",\"url\":\"https:\\\/\\\/directhealthcaregroup.com\\\/app\\\/uploads\\\/dhg-logo.png\",\"contentUrl\":\"https:\\\/\\\/directhealthcaregroup.com\\\/app\\\/uploads\\\/dhg-logo.png\",\"width\":556,\"height\":240,\"caption\":\"Direct Healthcare Group\"},\"image\":{\"@id\":\"https:\\\/\\\/www.directhealthcaregroup.com\\\/#\\\/schema\\\/logo\\\/image\\\/\"}}]}<\/script>\n<!-- \/ Yoast SEO plugin. -->","yoast_head_json":{"title":"Kunstigt lys g\u00f8r os syge | DHG","robots":{"index":"index","follow":"follow","max-snippet":"max-snippet:-1","max-image-preview":"max-image-preview:large","max-video-preview":"max-video-preview:-1"},"canonical":"https:\/\/www.directhealthcaregroup.com\/da\/viden-og-evidens\/178223-2\/","og_locale":"da_DK","og_type":"article","og_title":"Kunstigt lys g\u00f8r os syge | DHG","og_description":"Mennesket sover 1\/3 af livet. Hvis kvaliteten af s\u00f8vnen er d\u00e5rlig, tyder forskning p\u00e5, at det kan f\u00e5 alvorlige konsekvenser. Her spiller det kunstige lys en afg\u00f8rende rolle. 14. oktober 2019 Af: Ergoterapeut, Pia Beck Den naturlige d\u00f8gnrytme For flere tusinder \u00e5r siden, boede mennesket i huler. Det var sollyset, der bestemte m\u00e6ngden af aktivitet. &hellip; Continued","og_url":"https:\/\/www.directhealthcaregroup.com\/da\/viden-og-evidens\/178223-2\/","og_site_name":"DHG","article_modified_time":"2023-05-17T05:23:15+00:00","og_image":[{"width":1000,"height":250,"url":"https:\/\/www.directhealthcaregroup.com\/app\/uploads\/kunstigt-lys-gor-os-syge-tb-transformed.jpeg","type":"image\/jpeg"}],"twitter_card":"summary_large_image","twitter_misc":{"Est. reading time":"3 minutes"},"schema":{"@context":"https:\/\/schema.org","@graph":[{"@type":"WebPage","@id":"https:\/\/www.directhealthcaregroup.com\/da\/viden-og-evidens\/178223-2\/","url":"https:\/\/www.directhealthcaregroup.com\/da\/viden-og-evidens\/178223-2\/","name":"Kunstigt lys g\u00f8r os syge | DHG","isPartOf":{"@id":"https:\/\/www.directhealthcaregroup.com\/#website"},"primaryImageOfPage":{"@id":"https:\/\/www.directhealthcaregroup.com\/da\/viden-og-evidens\/178223-2\/#primaryimage"},"image":{"@id":"https:\/\/www.directhealthcaregroup.com\/da\/viden-og-evidens\/178223-2\/#primaryimage"},"thumbnailUrl":"https:\/\/www.directhealthcaregroup.com\/app\/uploads\/kunstigt-lys-gor-os-syge-tb-transformed.jpeg","datePublished":"2023-03-30T13:20:15+00:00","dateModified":"2023-05-17T05:23:15+00:00","breadcrumb":{"@id":"https:\/\/www.directhealthcaregroup.com\/da\/viden-og-evidens\/178223-2\/#breadcrumb"},"inLanguage":"da-DK","potentialAction":[{"@type":"ReadAction","target":["https:\/\/www.directhealthcaregroup.com\/da\/viden-og-evidens\/178223-2\/"]}]},{"@type":"ImageObject","inLanguage":"da-DK","@id":"https:\/\/www.directhealthcaregroup.com\/da\/viden-og-evidens\/178223-2\/#primaryimage","url":"https:\/\/www.directhealthcaregroup.com\/app\/uploads\/kunstigt-lys-gor-os-syge-tb-transformed.jpeg","contentUrl":"https:\/\/www.directhealthcaregroup.com\/app\/uploads\/kunstigt-lys-gor-os-syge-tb-transformed.jpeg","width":1000,"height":250},{"@type":"BreadcrumbList","@id":"https:\/\/www.directhealthcaregroup.com\/da\/viden-og-evidens\/178223-2\/#breadcrumb","itemListElement":[{"@type":"ListItem","position":1,"name":"Home","item":"https:\/\/www.directhealthcaregroup.com\/da\/"},{"@type":"ListItem","position":2,"name":"VIDEN OG EVIDENS","item":"https:\/\/www.directhealthcaregroup.com\/da\/viden-og-evidens\/"},{"@type":"ListItem","position":3,"name":"Kunstigt lys g\u00f8r os syge"}]},{"@type":"WebSite","@id":"https:\/\/www.directhealthcaregroup.com\/#website","url":"https:\/\/www.directhealthcaregroup.com\/","name":"DHG","description":"Moving Health Forward","publisher":{"@id":"https:\/\/www.directhealthcaregroup.com\/#organization"},"potentialAction":[{"@type":"SearchAction","target":{"@type":"EntryPoint","urlTemplate":"https:\/\/www.directhealthcaregroup.com\/?s={search_term_string}"},"query-input":{"@type":"PropertyValueSpecification","valueRequired":true,"valueName":"search_term_string"}}],"inLanguage":"da-DK"},{"@type":"Organization","@id":"https:\/\/www.directhealthcaregroup.com\/#organization","name":"Direct Healthcare Group","url":"https:\/\/www.directhealthcaregroup.com\/","logo":{"@type":"ImageObject","inLanguage":"da-DK","@id":"https:\/\/www.directhealthcaregroup.com\/#\/schema\/logo\/image\/","url":"https:\/\/directhealthcaregroup.com\/app\/uploads\/dhg-logo.png","contentUrl":"https:\/\/directhealthcaregroup.com\/app\/uploads\/dhg-logo.png","width":556,"height":240,"caption":"Direct Healthcare Group"},"image":{"@id":"https:\/\/www.directhealthcaregroup.com\/#\/schema\/logo\/image\/"}}]}},"_links":{"self":[{"href":"https:\/\/www.directhealthcaregroup.com\/da\/wp-json\/wp\/v2\/pages\/178223","targetHints":{"allow":["GET"]}}],"collection":[{"href":"https:\/\/www.directhealthcaregroup.com\/da\/wp-json\/wp\/v2\/pages"}],"about":[{"href":"https:\/\/www.directhealthcaregroup.com\/da\/wp-json\/wp\/v2\/types\/page"}],"author":[{"embeddable":true,"href":"https:\/\/www.directhealthcaregroup.com\/da\/wp-json\/wp\/v2\/users\/40"}],"replies":[{"embeddable":true,"href":"https:\/\/www.directhealthcaregroup.com\/da\/wp-json\/wp\/v2\/comments?post=178223"}],"version-history":[{"count":3,"href":"https:\/\/www.directhealthcaregroup.com\/da\/wp-json\/wp\/v2\/pages\/178223\/revisions"}],"predecessor-version":[{"id":183697,"href":"https:\/\/www.directhealthcaregroup.com\/da\/wp-json\/wp\/v2\/pages\/178223\/revisions\/183697"}],"up":[{"embeddable":true,"href":"https:\/\/www.directhealthcaregroup.com\/da\/wp-json\/wp\/v2\/pages\/174696"}],"wp:featuredmedia":[{"embeddable":true,"href":"https:\/\/www.directhealthcaregroup.com\/da\/wp-json\/wp\/v2\/media\/178224"}],"wp:attachment":[{"href":"https:\/\/www.directhealthcaregroup.com\/da\/wp-json\/wp\/v2\/media?parent=178223"}],"curies":[{"name":"wp","href":"https:\/\/api.w.org\/{rel}","templated":true}]}}