{"id":178258,"date":"2023-03-31T12:44:41","date_gmt":"2023-03-31T11:44:41","guid":{"rendered":"https:\/\/www.directhealthcaregroup.com\/?page_id=178258"},"modified":"2023-05-17T06:22:35","modified_gmt":"2023-05-17T05:22:35","slug":"178258-2","status":"publish","type":"page","link":"https:\/\/www.directhealthcaregroup.com\/da\/viden-og-evidens\/178258-2\/","title":{"rendered":"APV-lejring til nedre hygiejne"},"content":{"rendered":"\n<h1 class=\"wp-block-heading\"><\/h1>\n\n\n\n<p>Borgere og patienter, der har brug for sengebad, er typisk meget immobile eller kognitivt udfordret. Derfor kr\u00e6ver opgaven ofte to sundhedsprofessionelle \u2013 en der holder borgeren, og en der vasker. Men denne arbejdsstilling g\u00e5r i h\u00f8j grad ud over personalets arbejdsmilj\u00f8 og ikke mindst den sengeliggendes komfort.<\/p>\n\n\n\n<p>10. oktober 2019<\/p>\n\n\n\n<p>Af: Fysioterapeut, Henrik J. Rasmussen<\/p>\n\n\n\n<p>Hygiejne og vask af en borger i sengen kan v\u00e6re udfordrende for personalet b\u00e5de fysisk og psykisk. Hos borgere eller patienter, der er meget immobile, kan arbejdet v\u00e6re meget fysisk kr\u00e6vende, fordi personalet skal vaske, samtidig med at de holder borgeren stabil f.eks. i sideleje. Dette kan desuden v\u00e6re en smertefuld oplevelse for patienten eller borgeren, der ligger i en ubehagelig stilling og bliver grebet fat i.<\/p>\n\n\n\n<p>Hertil kommer at borgere, der er kognitivt udfordret, s\u00e5som mennesker med demenssygdomme, kan have sv\u00e6rt ved at forst\u00e5, hvad der foreg\u00e5r, n\u00e5r personalet foretager nedre toilette. Derfor kan de komme til at mods\u00e6tte sig fysisk og verbalt i form af r\u00e5b og skrig.<\/p>\n\n\n\n<p>Ikke desto mindre er den personlige pleje en situation, som mange sundhedsprofessionelle foretager flere gange dagligt, f.eks. hos blebrugere. Er borger ikke samarbejdsvillig, eller har vedkommende kun begr\u00e6nset mobilitet, bliver situationen mere kr\u00e6vende for plejepersonalet, da de kompenserer for borgers manglende ressourcer med deres egen krop.<\/p>\n\n\n\n<p>En m\u00e5de at lette arbejdet med den personlige pleje i sengen er ved brug af lejring. Lejring kan b\u00e5de forbedre de sundhedsfagliges arbejdsmilj\u00f8 og samtidigt sikre, at borgeren ligger godt og ikke har nogle smertefulde vrid i hofte og l\u00e6nd.<\/p>\n\n\n\n<p>I videoen herunder demonstrerer jeg derfor en lejring, som jeg har haft stor succes med, n\u00e5r det kommer til nedre hygiejne situationer. I lejringen placeres borgers ben p\u00e5 en formfast, v\u00e6vsaflastende lejringspude. Puden er specialdesignet til st\u00f8tte af benet. Det gennemsnitlige voksne b\u00e6kken er nemlig 30cm fra knogle til knogle. Derfor er puden 15cm h\u00f8j. Dette sikrer, at hoften er i neutral stilling. Hern\u00e6st placeres en pude foran borgerens bryst, som de kan holde om og falde frem i. Borgeren ligger nemlig mest stabilt, hvis de falder en lille smule fremad.<\/p>\n\n\n\n<p>Lejringen sikrer en smertefri og behagelig stilling for borgeren, hvor der samtidig bliver skabt god plads til at vaske.<br><\/p>\n\n\n\n<p>Se hvordan du g\u00f8r her:<\/p>\n\n\n\n<figure class=\"wp-block-embed-youtube wp-block-embed is-type-video is-provider-youtube wp-embed-aspect-16-9 wp-has-aspect-ratio\"><div class=\"wp-block-embed__wrapper\">\n<iframe loading=\"lazy\" title=\"APV lejring til nedre hygiejne\" width=\"500\" height=\"281\" src=\"https:\/\/www.youtube.com\/embed\/NR7GB0Wbi78?feature=oembed\" frameborder=\"0\" allow=\"accelerometer; autoplay; clipboard-write; encrypted-media; gyroscope; picture-in-picture; web-share\" referrerpolicy=\"strict-origin-when-cross-origin\" allowfullscreen><\/iframe>\n<\/div><\/figure>\n","protected":false},"excerpt":{"rendered":"<p>Borgere og patienter, der har brug for sengebad, er typisk meget immobile eller kognitivt udfordret. Derfor kr\u00e6ver opgaven ofte to sundhedsprofessionelle \u2013 en der holder borgeren, og en der vasker. Men denne arbejdsstilling g\u00e5r i h\u00f8j grad ud over personalets arbejdsmilj\u00f8 og ikke mindst den sengeliggendes komfort. 10. oktober 2019 Af: Fysioterapeut, Henrik J. Rasmussen &hellip; <a href=\"https:\/\/www.directhealthcaregroup.com\/da\/viden-og-evidens\/178258-2\/\">Continued<\/a><\/p>\n","protected":false},"author":40,"featured_media":178260,"parent":174696,"menu_order":37,"comment_status":"closed","ping_status":"closed","template":"","meta":{"_acf_changed":false,"footnotes":""},"class_list":["post-178258","page","type-page","status-publish","has-post-thumbnail","hentry"],"acf":[],"yoast_head":"<!-- This site is optimized with the Yoast SEO plugin v27.4 - https:\/\/yoast.com\/product\/yoast-seo-wordpress\/ -->\n<title>APV-lejring til nedre hygiejne | DHG<\/title>\n<meta name=\"robots\" content=\"index, follow, max-snippet:-1, max-image-preview:large, max-video-preview:-1\" \/>\n<link rel=\"canonical\" href=\"https:\/\/www.directhealthcaregroup.com\/da\/viden-og-evidens\/178258-2\/\" \/>\n<meta property=\"og:locale\" content=\"da_DK\" \/>\n<meta property=\"og:type\" content=\"article\" \/>\n<meta property=\"og:title\" content=\"APV-lejring til nedre hygiejne | DHG\" \/>\n<meta property=\"og:description\" content=\"Borgere og patienter, der har brug for sengebad, er typisk meget immobile eller kognitivt udfordret. Derfor kr\u00e6ver opgaven ofte to sundhedsprofessionelle \u2013 en der holder borgeren, og en der vasker. Men denne arbejdsstilling g\u00e5r i h\u00f8j grad ud over personalets arbejdsmilj\u00f8 og ikke mindst den sengeliggendes komfort. 10. oktober 2019 Af: Fysioterapeut, Henrik J. Rasmussen &hellip; Continued\" \/>\n<meta property=\"og:url\" content=\"https:\/\/www.directhealthcaregroup.com\/da\/viden-og-evidens\/178258-2\/\" \/>\n<meta property=\"og:site_name\" content=\"DHG\" \/>\n<meta property=\"article:modified_time\" content=\"2023-05-17T05:22:35+00:00\" \/>\n<meta property=\"og:image\" content=\"https:\/\/www.directhealthcaregroup.com\/app\/uploads\/apv-lejring-til-nedre-hygiejne-tb-transformed.jpeg\" \/>\n\t<meta property=\"og:image:width\" content=\"1000\" \/>\n\t<meta property=\"og:image:height\" content=\"250\" \/>\n\t<meta property=\"og:image:type\" content=\"image\/jpeg\" \/>\n<meta name=\"twitter:card\" content=\"summary_large_image\" \/>\n<meta name=\"twitter:label1\" content=\"Est. reading time\" \/>\n\t<meta name=\"twitter:data1\" content=\"2 minutes\" \/>\n<script type=\"application\/ld+json\" class=\"yoast-schema-graph\">{\"@context\":\"https:\\\/\\\/schema.org\",\"@graph\":[{\"@type\":\"WebPage\",\"@id\":\"https:\\\/\\\/www.directhealthcaregroup.com\\\/da\\\/viden-og-evidens\\\/178258-2\\\/\",\"url\":\"https:\\\/\\\/www.directhealthcaregroup.com\\\/da\\\/viden-og-evidens\\\/178258-2\\\/\",\"name\":\"APV-lejring til nedre hygiejne | DHG\",\"isPartOf\":{\"@id\":\"https:\\\/\\\/www.directhealthcaregroup.com\\\/#website\"},\"primaryImageOfPage\":{\"@id\":\"https:\\\/\\\/www.directhealthcaregroup.com\\\/da\\\/viden-og-evidens\\\/178258-2\\\/#primaryimage\"},\"image\":{\"@id\":\"https:\\\/\\\/www.directhealthcaregroup.com\\\/da\\\/viden-og-evidens\\\/178258-2\\\/#primaryimage\"},\"thumbnailUrl\":\"https:\\\/\\\/www.directhealthcaregroup.com\\\/app\\\/uploads\\\/apv-lejring-til-nedre-hygiejne-tb-transformed.jpeg\",\"datePublished\":\"2023-03-31T11:44:41+00:00\",\"dateModified\":\"2023-05-17T05:22:35+00:00\",\"breadcrumb\":{\"@id\":\"https:\\\/\\\/www.directhealthcaregroup.com\\\/da\\\/viden-og-evidens\\\/178258-2\\\/#breadcrumb\"},\"inLanguage\":\"da-DK\",\"potentialAction\":[{\"@type\":\"ReadAction\",\"target\":[\"https:\\\/\\\/www.directhealthcaregroup.com\\\/da\\\/viden-og-evidens\\\/178258-2\\\/\"]}]},{\"@type\":\"ImageObject\",\"inLanguage\":\"da-DK\",\"@id\":\"https:\\\/\\\/www.directhealthcaregroup.com\\\/da\\\/viden-og-evidens\\\/178258-2\\\/#primaryimage\",\"url\":\"https:\\\/\\\/www.directhealthcaregroup.com\\\/app\\\/uploads\\\/apv-lejring-til-nedre-hygiejne-tb-transformed.jpeg\",\"contentUrl\":\"https:\\\/\\\/www.directhealthcaregroup.com\\\/app\\\/uploads\\\/apv-lejring-til-nedre-hygiejne-tb-transformed.jpeg\",\"width\":1000,\"height\":250},{\"@type\":\"BreadcrumbList\",\"@id\":\"https:\\\/\\\/www.directhealthcaregroup.com\\\/da\\\/viden-og-evidens\\\/178258-2\\\/#breadcrumb\",\"itemListElement\":[{\"@type\":\"ListItem\",\"position\":1,\"name\":\"Home\",\"item\":\"https:\\\/\\\/www.directhealthcaregroup.com\\\/da\\\/\"},{\"@type\":\"ListItem\",\"position\":2,\"name\":\"VIDEN OG EVIDENS\",\"item\":\"https:\\\/\\\/www.directhealthcaregroup.com\\\/da\\\/viden-og-evidens\\\/\"},{\"@type\":\"ListItem\",\"position\":3,\"name\":\"APV-lejring til nedre hygiejne\"}]},{\"@type\":\"WebSite\",\"@id\":\"https:\\\/\\\/www.directhealthcaregroup.com\\\/#website\",\"url\":\"https:\\\/\\\/www.directhealthcaregroup.com\\\/\",\"name\":\"DHG\",\"description\":\"Moving Health Forward\",\"publisher\":{\"@id\":\"https:\\\/\\\/www.directhealthcaregroup.com\\\/#organization\"},\"potentialAction\":[{\"@type\":\"SearchAction\",\"target\":{\"@type\":\"EntryPoint\",\"urlTemplate\":\"https:\\\/\\\/www.directhealthcaregroup.com\\\/?s={search_term_string}\"},\"query-input\":{\"@type\":\"PropertyValueSpecification\",\"valueRequired\":true,\"valueName\":\"search_term_string\"}}],\"inLanguage\":\"da-DK\"},{\"@type\":\"Organization\",\"@id\":\"https:\\\/\\\/www.directhealthcaregroup.com\\\/#organization\",\"name\":\"Direct Healthcare Group\",\"url\":\"https:\\\/\\\/www.directhealthcaregroup.com\\\/\",\"logo\":{\"@type\":\"ImageObject\",\"inLanguage\":\"da-DK\",\"@id\":\"https:\\\/\\\/www.directhealthcaregroup.com\\\/#\\\/schema\\\/logo\\\/image\\\/\",\"url\":\"https:\\\/\\\/directhealthcaregroup.com\\\/app\\\/uploads\\\/dhg-logo.png\",\"contentUrl\":\"https:\\\/\\\/directhealthcaregroup.com\\\/app\\\/uploads\\\/dhg-logo.png\",\"width\":556,\"height\":240,\"caption\":\"Direct Healthcare Group\"},\"image\":{\"@id\":\"https:\\\/\\\/www.directhealthcaregroup.com\\\/#\\\/schema\\\/logo\\\/image\\\/\"}}]}<\/script>\n<!-- \/ Yoast SEO plugin. -->","yoast_head_json":{"title":"APV-lejring til nedre hygiejne | DHG","robots":{"index":"index","follow":"follow","max-snippet":"max-snippet:-1","max-image-preview":"max-image-preview:large","max-video-preview":"max-video-preview:-1"},"canonical":"https:\/\/www.directhealthcaregroup.com\/da\/viden-og-evidens\/178258-2\/","og_locale":"da_DK","og_type":"article","og_title":"APV-lejring til nedre hygiejne | DHG","og_description":"Borgere og patienter, der har brug for sengebad, er typisk meget immobile eller kognitivt udfordret. Derfor kr\u00e6ver opgaven ofte to sundhedsprofessionelle \u2013 en der holder borgeren, og en der vasker. Men denne arbejdsstilling g\u00e5r i h\u00f8j grad ud over personalets arbejdsmilj\u00f8 og ikke mindst den sengeliggendes komfort. 10. oktober 2019 Af: Fysioterapeut, Henrik J. Rasmussen &hellip; Continued","og_url":"https:\/\/www.directhealthcaregroup.com\/da\/viden-og-evidens\/178258-2\/","og_site_name":"DHG","article_modified_time":"2023-05-17T05:22:35+00:00","og_image":[{"width":1000,"height":250,"url":"https:\/\/www.directhealthcaregroup.com\/app\/uploads\/apv-lejring-til-nedre-hygiejne-tb-transformed.jpeg","type":"image\/jpeg"}],"twitter_card":"summary_large_image","twitter_misc":{"Est. reading time":"2 minutes"},"schema":{"@context":"https:\/\/schema.org","@graph":[{"@type":"WebPage","@id":"https:\/\/www.directhealthcaregroup.com\/da\/viden-og-evidens\/178258-2\/","url":"https:\/\/www.directhealthcaregroup.com\/da\/viden-og-evidens\/178258-2\/","name":"APV-lejring til nedre hygiejne | DHG","isPartOf":{"@id":"https:\/\/www.directhealthcaregroup.com\/#website"},"primaryImageOfPage":{"@id":"https:\/\/www.directhealthcaregroup.com\/da\/viden-og-evidens\/178258-2\/#primaryimage"},"image":{"@id":"https:\/\/www.directhealthcaregroup.com\/da\/viden-og-evidens\/178258-2\/#primaryimage"},"thumbnailUrl":"https:\/\/www.directhealthcaregroup.com\/app\/uploads\/apv-lejring-til-nedre-hygiejne-tb-transformed.jpeg","datePublished":"2023-03-31T11:44:41+00:00","dateModified":"2023-05-17T05:22:35+00:00","breadcrumb":{"@id":"https:\/\/www.directhealthcaregroup.com\/da\/viden-og-evidens\/178258-2\/#breadcrumb"},"inLanguage":"da-DK","potentialAction":[{"@type":"ReadAction","target":["https:\/\/www.directhealthcaregroup.com\/da\/viden-og-evidens\/178258-2\/"]}]},{"@type":"ImageObject","inLanguage":"da-DK","@id":"https:\/\/www.directhealthcaregroup.com\/da\/viden-og-evidens\/178258-2\/#primaryimage","url":"https:\/\/www.directhealthcaregroup.com\/app\/uploads\/apv-lejring-til-nedre-hygiejne-tb-transformed.jpeg","contentUrl":"https:\/\/www.directhealthcaregroup.com\/app\/uploads\/apv-lejring-til-nedre-hygiejne-tb-transformed.jpeg","width":1000,"height":250},{"@type":"BreadcrumbList","@id":"https:\/\/www.directhealthcaregroup.com\/da\/viden-og-evidens\/178258-2\/#breadcrumb","itemListElement":[{"@type":"ListItem","position":1,"name":"Home","item":"https:\/\/www.directhealthcaregroup.com\/da\/"},{"@type":"ListItem","position":2,"name":"VIDEN OG EVIDENS","item":"https:\/\/www.directhealthcaregroup.com\/da\/viden-og-evidens\/"},{"@type":"ListItem","position":3,"name":"APV-lejring til nedre hygiejne"}]},{"@type":"WebSite","@id":"https:\/\/www.directhealthcaregroup.com\/#website","url":"https:\/\/www.directhealthcaregroup.com\/","name":"DHG","description":"Moving Health Forward","publisher":{"@id":"https:\/\/www.directhealthcaregroup.com\/#organization"},"potentialAction":[{"@type":"SearchAction","target":{"@type":"EntryPoint","urlTemplate":"https:\/\/www.directhealthcaregroup.com\/?s={search_term_string}"},"query-input":{"@type":"PropertyValueSpecification","valueRequired":true,"valueName":"search_term_string"}}],"inLanguage":"da-DK"},{"@type":"Organization","@id":"https:\/\/www.directhealthcaregroup.com\/#organization","name":"Direct Healthcare Group","url":"https:\/\/www.directhealthcaregroup.com\/","logo":{"@type":"ImageObject","inLanguage":"da-DK","@id":"https:\/\/www.directhealthcaregroup.com\/#\/schema\/logo\/image\/","url":"https:\/\/directhealthcaregroup.com\/app\/uploads\/dhg-logo.png","contentUrl":"https:\/\/directhealthcaregroup.com\/app\/uploads\/dhg-logo.png","width":556,"height":240,"caption":"Direct Healthcare Group"},"image":{"@id":"https:\/\/www.directhealthcaregroup.com\/#\/schema\/logo\/image\/"}}]}},"_links":{"self":[{"href":"https:\/\/www.directhealthcaregroup.com\/da\/wp-json\/wp\/v2\/pages\/178258","targetHints":{"allow":["GET"]}}],"collection":[{"href":"https:\/\/www.directhealthcaregroup.com\/da\/wp-json\/wp\/v2\/pages"}],"about":[{"href":"https:\/\/www.directhealthcaregroup.com\/da\/wp-json\/wp\/v2\/types\/page"}],"author":[{"embeddable":true,"href":"https:\/\/www.directhealthcaregroup.com\/da\/wp-json\/wp\/v2\/users\/40"}],"replies":[{"embeddable":true,"href":"https:\/\/www.directhealthcaregroup.com\/da\/wp-json\/wp\/v2\/comments?post=178258"}],"version-history":[{"count":3,"href":"https:\/\/www.directhealthcaregroup.com\/da\/wp-json\/wp\/v2\/pages\/178258\/revisions"}],"predecessor-version":[{"id":183696,"href":"https:\/\/www.directhealthcaregroup.com\/da\/wp-json\/wp\/v2\/pages\/178258\/revisions\/183696"}],"up":[{"embeddable":true,"href":"https:\/\/www.directhealthcaregroup.com\/da\/wp-json\/wp\/v2\/pages\/174696"}],"wp:featuredmedia":[{"embeddable":true,"href":"https:\/\/www.directhealthcaregroup.com\/da\/wp-json\/wp\/v2\/media\/178260"}],"wp:attachment":[{"href":"https:\/\/www.directhealthcaregroup.com\/da\/wp-json\/wp\/v2\/media?parent=178258"}],"curies":[{"name":"wp","href":"https:\/\/api.w.org\/{rel}","templated":true}]}}