{"id":178423,"date":"2023-04-03T11:47:53","date_gmt":"2023-04-03T10:47:53","guid":{"rendered":"https:\/\/www.directhealthcaregroup.com\/?page_id=178423"},"modified":"2023-05-17T06:22:01","modified_gmt":"2023-05-17T05:22:01","slug":"178423-2","status":"publish","type":"page","link":"https:\/\/www.directhealthcaregroup.com\/da\/viden-og-evidens\/178423-2\/","title":{"rendered":"Forflytningsvejleder og SSA: Vi skal holde i mange \u00e5r"},"content":{"rendered":"\n<h1 class=\"wp-block-heading\"><\/h1>\n\n\n\n<p>P\u00e5 Tingager Plejecenter p\u00e5 Fyn arbejder Forflytningsvejleder og Social- og Sundhedsassistent Dorte Rosenfeldt. Det har hun gjort i mere end 30 \u00e5r. Hun oplever, at brugen af VENDLET systemer letter arbejdet for personalet, og sikrer en mere behagelig forflytning for beboerne.<\/p>\n\n\n\n<p>10. oktober 2019<\/p>\n\n\n\n<p><em>Udsagn fra forflytningsvejleder og SSA<\/em><\/p>\n\n\n\n<p>Jeg blev oprindeligt uddannet sygehj\u00e6lper og blev i 1995 uddannet forflytningsvejleder. Samme \u00e5r blev jeg ansat p\u00e5 Tingager Plejecenter, hvor jeg har v\u00e6ret lige siden. Jeg har virkeligt kunne se udviklingen inden for forflytningsverdenen helt t\u00e6t p\u00e5. Det har v\u00e6ret utroligt sp\u00e6ndende.<\/p>\n\n\n\n<p>En af mine k\u00e6pheste er, at det ikke skal g\u00f8re ondt at g\u00e5 p\u00e5 arbejde, hverken fysisk eller psykisk. Vi skal holde i mange \u00e5r inden for den her branche. Derfor er det vigtigt, at vi har nogle teknologier, der kan hj\u00e6lpe os.<\/p>\n\n\n\n<p>Der hvor fordelene med VENDLET systemet er rigtigt synlige, er der, hvor vi ikke skal bruge alle de kr\u00e6fter, som n\u00e5r vi skal vende manuelt. Der slipper vi for en masse slitage i vores bev\u00e6geapparat.<\/p>\n\n\n\n<p>Det er ogs\u00e5 en k\u00e6mpe fordel, at vi kan arbejde alene hos borgeren. Vi vil jo alle helst have den der n\u00e6re kontakt, som man f\u00e5r, n\u00e5r man arbejder alene. N\u00e5r man arbejder alene, henvender man sig automatisk mere til borgeren. Det g\u00f8r en k\u00e6mpe forskel.<\/p>\n\n\n\n<p>Vi arbejder med VENDLET systemer, hos de \u201dtunge\u201d borgere. Det er typisk borgere med halvsides lammelse, sklerose patienter, borgere med Parkinson, overv\u00e6gtige eller demensramte borgere. S\u00e5 det er en bred gruppe.<\/p>\n\n\n\n<p>Den store fordel jeg ser for borgeren er, at det ikke g\u00f8r n\u00e6r s\u00e5 ondt at blive vendt, fordi vi ikke skal hive i dem p\u00e5 samme m\u00e5de, som n\u00e5r vi vender manuelt. Vi oplever jo faktisk at have borgere, vi kan g\u00e5 ind og vende om natten, uden at de v\u00e5gner. Det kan vi ikke g\u00f8re manuelt.<\/p>\n\n\n\n<p>Vi havde en borger med demens, der var angst i starten, hvor det ene personale brugte h\u00e5ndbetjeningen og den anden bare skabte trygheden. Og der gik jo ikke ret lang tid, s\u00e5 beh\u00f8vede vi ikke at v\u00e6re to derinde mere, fordi vedkommende fandt ud af, at det jo var ret behageligt.<\/p>\n\n\n\n<p><strong>Se mere i videoen her:<\/strong><\/p>\n\n\n\n<figure class=\"wp-block-embed-youtube wp-block-embed is-type-video is-provider-youtube wp-embed-aspect-16-9 wp-has-aspect-ratio\"><div class=\"wp-block-embed__wrapper\">\n<iframe loading=\"lazy\" title=\"Forflytningsvejleder og SSA Vi skal holde i mange \u00e5r\" width=\"500\" height=\"281\" src=\"https:\/\/www.youtube.com\/embed\/W7jEk0SHYLs?feature=oembed\" frameborder=\"0\" allow=\"accelerometer; autoplay; clipboard-write; encrypted-media; gyroscope; picture-in-picture; web-share\" referrerpolicy=\"strict-origin-when-cross-origin\" allowfullscreen><\/iframe>\n<\/div><\/figure>\n","protected":false},"excerpt":{"rendered":"<p>P\u00e5 Tingager Plejecenter p\u00e5 Fyn arbejder Forflytningsvejleder og Social- og Sundhedsassistent Dorte Rosenfeldt. Det har hun gjort i mere end 30 \u00e5r. Hun oplever, at brugen af VENDLET systemer letter arbejdet for personalet, og sikrer en mere behagelig forflytning for beboerne. 10. oktober 2019 Udsagn fra forflytningsvejleder og SSA Jeg blev oprindeligt uddannet sygehj\u00e6lper og &hellip; <a href=\"https:\/\/www.directhealthcaregroup.com\/da\/viden-og-evidens\/178423-2\/\">Continued<\/a><\/p>\n","protected":false},"author":40,"featured_media":178424,"parent":174696,"menu_order":39,"comment_status":"closed","ping_status":"closed","template":"","meta":{"_acf_changed":false,"footnotes":""},"class_list":["post-178423","page","type-page","status-publish","has-post-thumbnail","hentry"],"acf":[],"yoast_head":"<!-- This site is optimized with the Yoast SEO plugin v27.4 - https:\/\/yoast.com\/product\/yoast-seo-wordpress\/ -->\n<title>Forflytningsvejleder og SSA: Vi skal holde i mange \u00e5r | DHG<\/title>\n<meta name=\"robots\" content=\"index, follow, max-snippet:-1, max-image-preview:large, max-video-preview:-1\" \/>\n<link rel=\"canonical\" href=\"https:\/\/www.directhealthcaregroup.com\/da\/viden-og-evidens\/178423-2\/\" \/>\n<meta property=\"og:locale\" content=\"da_DK\" \/>\n<meta property=\"og:type\" content=\"article\" \/>\n<meta property=\"og:title\" content=\"Forflytningsvejleder og SSA: Vi skal holde i mange \u00e5r | DHG\" \/>\n<meta property=\"og:description\" content=\"P\u00e5 Tingager Plejecenter p\u00e5 Fyn arbejder Forflytningsvejleder og Social- og Sundhedsassistent Dorte Rosenfeldt. Det har hun gjort i mere end 30 \u00e5r. Hun oplever, at brugen af VENDLET systemer letter arbejdet for personalet, og sikrer en mere behagelig forflytning for beboerne. 10. oktober 2019 Udsagn fra forflytningsvejleder og SSA Jeg blev oprindeligt uddannet sygehj\u00e6lper og &hellip; Continued\" \/>\n<meta property=\"og:url\" content=\"https:\/\/www.directhealthcaregroup.com\/da\/viden-og-evidens\/178423-2\/\" \/>\n<meta property=\"og:site_name\" content=\"DHG\" \/>\n<meta property=\"article:modified_time\" content=\"2023-05-17T05:22:01+00:00\" \/>\n<meta property=\"og:image\" content=\"https:\/\/www.directhealthcaregroup.com\/app\/uploads\/dorte-med-vendlet-tb-2-transformed.jpeg\" \/>\n\t<meta property=\"og:image:width\" content=\"1000\" \/>\n\t<meta property=\"og:image:height\" content=\"250\" \/>\n\t<meta property=\"og:image:type\" content=\"image\/jpeg\" \/>\n<meta name=\"twitter:card\" content=\"summary_large_image\" \/>\n<meta name=\"twitter:label1\" content=\"Est. reading time\" \/>\n\t<meta name=\"twitter:data1\" content=\"2 minutes\" \/>\n<script type=\"application\/ld+json\" class=\"yoast-schema-graph\">{\"@context\":\"https:\\\/\\\/schema.org\",\"@graph\":[{\"@type\":\"WebPage\",\"@id\":\"https:\\\/\\\/www.directhealthcaregroup.com\\\/da\\\/viden-og-evidens\\\/178423-2\\\/\",\"url\":\"https:\\\/\\\/www.directhealthcaregroup.com\\\/da\\\/viden-og-evidens\\\/178423-2\\\/\",\"name\":\"Forflytningsvejleder og SSA: Vi skal holde i mange \u00e5r | DHG\",\"isPartOf\":{\"@id\":\"https:\\\/\\\/www.directhealthcaregroup.com\\\/#website\"},\"primaryImageOfPage\":{\"@id\":\"https:\\\/\\\/www.directhealthcaregroup.com\\\/da\\\/viden-og-evidens\\\/178423-2\\\/#primaryimage\"},\"image\":{\"@id\":\"https:\\\/\\\/www.directhealthcaregroup.com\\\/da\\\/viden-og-evidens\\\/178423-2\\\/#primaryimage\"},\"thumbnailUrl\":\"https:\\\/\\\/www.directhealthcaregroup.com\\\/app\\\/uploads\\\/dorte-med-vendlet-tb-2-transformed.jpeg\",\"datePublished\":\"2023-04-03T10:47:53+00:00\",\"dateModified\":\"2023-05-17T05:22:01+00:00\",\"breadcrumb\":{\"@id\":\"https:\\\/\\\/www.directhealthcaregroup.com\\\/da\\\/viden-og-evidens\\\/178423-2\\\/#breadcrumb\"},\"inLanguage\":\"da-DK\",\"potentialAction\":[{\"@type\":\"ReadAction\",\"target\":[\"https:\\\/\\\/www.directhealthcaregroup.com\\\/da\\\/viden-og-evidens\\\/178423-2\\\/\"]}]},{\"@type\":\"ImageObject\",\"inLanguage\":\"da-DK\",\"@id\":\"https:\\\/\\\/www.directhealthcaregroup.com\\\/da\\\/viden-og-evidens\\\/178423-2\\\/#primaryimage\",\"url\":\"https:\\\/\\\/www.directhealthcaregroup.com\\\/app\\\/uploads\\\/dorte-med-vendlet-tb-2-transformed.jpeg\",\"contentUrl\":\"https:\\\/\\\/www.directhealthcaregroup.com\\\/app\\\/uploads\\\/dorte-med-vendlet-tb-2-transformed.jpeg\",\"width\":1000,\"height\":250},{\"@type\":\"BreadcrumbList\",\"@id\":\"https:\\\/\\\/www.directhealthcaregroup.com\\\/da\\\/viden-og-evidens\\\/178423-2\\\/#breadcrumb\",\"itemListElement\":[{\"@type\":\"ListItem\",\"position\":1,\"name\":\"Home\",\"item\":\"https:\\\/\\\/www.directhealthcaregroup.com\\\/da\\\/\"},{\"@type\":\"ListItem\",\"position\":2,\"name\":\"VIDEN OG EVIDENS\",\"item\":\"https:\\\/\\\/www.directhealthcaregroup.com\\\/da\\\/viden-og-evidens\\\/\"},{\"@type\":\"ListItem\",\"position\":3,\"name\":\"Forflytningsvejleder og SSA: Vi skal holde i mange \u00e5r\"}]},{\"@type\":\"WebSite\",\"@id\":\"https:\\\/\\\/www.directhealthcaregroup.com\\\/#website\",\"url\":\"https:\\\/\\\/www.directhealthcaregroup.com\\\/\",\"name\":\"DHG\",\"description\":\"Moving Health Forward\",\"publisher\":{\"@id\":\"https:\\\/\\\/www.directhealthcaregroup.com\\\/#organization\"},\"potentialAction\":[{\"@type\":\"SearchAction\",\"target\":{\"@type\":\"EntryPoint\",\"urlTemplate\":\"https:\\\/\\\/www.directhealthcaregroup.com\\\/?s={search_term_string}\"},\"query-input\":{\"@type\":\"PropertyValueSpecification\",\"valueRequired\":true,\"valueName\":\"search_term_string\"}}],\"inLanguage\":\"da-DK\"},{\"@type\":\"Organization\",\"@id\":\"https:\\\/\\\/www.directhealthcaregroup.com\\\/#organization\",\"name\":\"Direct Healthcare Group\",\"url\":\"https:\\\/\\\/www.directhealthcaregroup.com\\\/\",\"logo\":{\"@type\":\"ImageObject\",\"inLanguage\":\"da-DK\",\"@id\":\"https:\\\/\\\/www.directhealthcaregroup.com\\\/#\\\/schema\\\/logo\\\/image\\\/\",\"url\":\"https:\\\/\\\/directhealthcaregroup.com\\\/app\\\/uploads\\\/dhg-logo.png\",\"contentUrl\":\"https:\\\/\\\/directhealthcaregroup.com\\\/app\\\/uploads\\\/dhg-logo.png\",\"width\":556,\"height\":240,\"caption\":\"Direct Healthcare Group\"},\"image\":{\"@id\":\"https:\\\/\\\/www.directhealthcaregroup.com\\\/#\\\/schema\\\/logo\\\/image\\\/\"}}]}<\/script>\n<!-- \/ Yoast SEO plugin. -->","yoast_head_json":{"title":"Forflytningsvejleder og SSA: Vi skal holde i mange \u00e5r | DHG","robots":{"index":"index","follow":"follow","max-snippet":"max-snippet:-1","max-image-preview":"max-image-preview:large","max-video-preview":"max-video-preview:-1"},"canonical":"https:\/\/www.directhealthcaregroup.com\/da\/viden-og-evidens\/178423-2\/","og_locale":"da_DK","og_type":"article","og_title":"Forflytningsvejleder og SSA: Vi skal holde i mange \u00e5r | DHG","og_description":"P\u00e5 Tingager Plejecenter p\u00e5 Fyn arbejder Forflytningsvejleder og Social- og Sundhedsassistent Dorte Rosenfeldt. Det har hun gjort i mere end 30 \u00e5r. Hun oplever, at brugen af VENDLET systemer letter arbejdet for personalet, og sikrer en mere behagelig forflytning for beboerne. 10. oktober 2019 Udsagn fra forflytningsvejleder og SSA Jeg blev oprindeligt uddannet sygehj\u00e6lper og &hellip; Continued","og_url":"https:\/\/www.directhealthcaregroup.com\/da\/viden-og-evidens\/178423-2\/","og_site_name":"DHG","article_modified_time":"2023-05-17T05:22:01+00:00","og_image":[{"width":1000,"height":250,"url":"https:\/\/www.directhealthcaregroup.com\/app\/uploads\/dorte-med-vendlet-tb-2-transformed.jpeg","type":"image\/jpeg"}],"twitter_card":"summary_large_image","twitter_misc":{"Est. reading time":"2 minutes"},"schema":{"@context":"https:\/\/schema.org","@graph":[{"@type":"WebPage","@id":"https:\/\/www.directhealthcaregroup.com\/da\/viden-og-evidens\/178423-2\/","url":"https:\/\/www.directhealthcaregroup.com\/da\/viden-og-evidens\/178423-2\/","name":"Forflytningsvejleder og SSA: Vi skal holde i mange \u00e5r | DHG","isPartOf":{"@id":"https:\/\/www.directhealthcaregroup.com\/#website"},"primaryImageOfPage":{"@id":"https:\/\/www.directhealthcaregroup.com\/da\/viden-og-evidens\/178423-2\/#primaryimage"},"image":{"@id":"https:\/\/www.directhealthcaregroup.com\/da\/viden-og-evidens\/178423-2\/#primaryimage"},"thumbnailUrl":"https:\/\/www.directhealthcaregroup.com\/app\/uploads\/dorte-med-vendlet-tb-2-transformed.jpeg","datePublished":"2023-04-03T10:47:53+00:00","dateModified":"2023-05-17T05:22:01+00:00","breadcrumb":{"@id":"https:\/\/www.directhealthcaregroup.com\/da\/viden-og-evidens\/178423-2\/#breadcrumb"},"inLanguage":"da-DK","potentialAction":[{"@type":"ReadAction","target":["https:\/\/www.directhealthcaregroup.com\/da\/viden-og-evidens\/178423-2\/"]}]},{"@type":"ImageObject","inLanguage":"da-DK","@id":"https:\/\/www.directhealthcaregroup.com\/da\/viden-og-evidens\/178423-2\/#primaryimage","url":"https:\/\/www.directhealthcaregroup.com\/app\/uploads\/dorte-med-vendlet-tb-2-transformed.jpeg","contentUrl":"https:\/\/www.directhealthcaregroup.com\/app\/uploads\/dorte-med-vendlet-tb-2-transformed.jpeg","width":1000,"height":250},{"@type":"BreadcrumbList","@id":"https:\/\/www.directhealthcaregroup.com\/da\/viden-og-evidens\/178423-2\/#breadcrumb","itemListElement":[{"@type":"ListItem","position":1,"name":"Home","item":"https:\/\/www.directhealthcaregroup.com\/da\/"},{"@type":"ListItem","position":2,"name":"VIDEN OG EVIDENS","item":"https:\/\/www.directhealthcaregroup.com\/da\/viden-og-evidens\/"},{"@type":"ListItem","position":3,"name":"Forflytningsvejleder og SSA: Vi skal holde i mange \u00e5r"}]},{"@type":"WebSite","@id":"https:\/\/www.directhealthcaregroup.com\/#website","url":"https:\/\/www.directhealthcaregroup.com\/","name":"DHG","description":"Moving Health Forward","publisher":{"@id":"https:\/\/www.directhealthcaregroup.com\/#organization"},"potentialAction":[{"@type":"SearchAction","target":{"@type":"EntryPoint","urlTemplate":"https:\/\/www.directhealthcaregroup.com\/?s={search_term_string}"},"query-input":{"@type":"PropertyValueSpecification","valueRequired":true,"valueName":"search_term_string"}}],"inLanguage":"da-DK"},{"@type":"Organization","@id":"https:\/\/www.directhealthcaregroup.com\/#organization","name":"Direct Healthcare Group","url":"https:\/\/www.directhealthcaregroup.com\/","logo":{"@type":"ImageObject","inLanguage":"da-DK","@id":"https:\/\/www.directhealthcaregroup.com\/#\/schema\/logo\/image\/","url":"https:\/\/directhealthcaregroup.com\/app\/uploads\/dhg-logo.png","contentUrl":"https:\/\/directhealthcaregroup.com\/app\/uploads\/dhg-logo.png","width":556,"height":240,"caption":"Direct Healthcare Group"},"image":{"@id":"https:\/\/www.directhealthcaregroup.com\/#\/schema\/logo\/image\/"}}]}},"_links":{"self":[{"href":"https:\/\/www.directhealthcaregroup.com\/da\/wp-json\/wp\/v2\/pages\/178423","targetHints":{"allow":["GET"]}}],"collection":[{"href":"https:\/\/www.directhealthcaregroup.com\/da\/wp-json\/wp\/v2\/pages"}],"about":[{"href":"https:\/\/www.directhealthcaregroup.com\/da\/wp-json\/wp\/v2\/types\/page"}],"author":[{"embeddable":true,"href":"https:\/\/www.directhealthcaregroup.com\/da\/wp-json\/wp\/v2\/users\/40"}],"replies":[{"embeddable":true,"href":"https:\/\/www.directhealthcaregroup.com\/da\/wp-json\/wp\/v2\/comments?post=178423"}],"version-history":[{"count":4,"href":"https:\/\/www.directhealthcaregroup.com\/da\/wp-json\/wp\/v2\/pages\/178423\/revisions"}],"predecessor-version":[{"id":183695,"href":"https:\/\/www.directhealthcaregroup.com\/da\/wp-json\/wp\/v2\/pages\/178423\/revisions\/183695"}],"up":[{"embeddable":true,"href":"https:\/\/www.directhealthcaregroup.com\/da\/wp-json\/wp\/v2\/pages\/174696"}],"wp:featuredmedia":[{"embeddable":true,"href":"https:\/\/www.directhealthcaregroup.com\/da\/wp-json\/wp\/v2\/media\/178424"}],"wp:attachment":[{"href":"https:\/\/www.directhealthcaregroup.com\/da\/wp-json\/wp\/v2\/media?parent=178423"}],"curies":[{"name":"wp","href":"https:\/\/api.w.org\/{rel}","templated":true}]}}