{"id":178451,"date":"2023-04-03T12:17:53","date_gmt":"2023-04-03T11:17:53","guid":{"rendered":"https:\/\/www.directhealthcaregroup.com\/?page_id=178451"},"modified":"2023-05-17T06:21:23","modified_gmt":"2023-05-17T05:21:23","slug":"178451-2","status":"publish","type":"page","link":"https:\/\/www.directhealthcaregroup.com\/da\/viden-og-evidens\/178451-2\/","title":{"rendered":"Den lille pudes vandring"},"content":{"rendered":"\n<h1 class=\"wp-block-heading\"><\/h1>\n\n\n\n<p>Mennesker med en rimelig velfungerende mobilitet skifter i gennemsnit stilling hver 10 minut hele natten igennem. Det skyldes, at kroppen har brug for st\u00f8rre og mindre stillings\u00e6ndringer af hensyn til blodgennemstr\u00f8mning, komfort, trykfordeling, respiration med mere. Men immobile borgere og mennesker med nedsat sensorisk funktion har ogs\u00e5 brug for stillings\u00e6ndringer i l\u00f8bet af natten. Ikke mindst hvis vi skal forebygge tryks\u00e5r og give bedre komfort.<\/p>\n\n\n\n<p>28. august 2019<\/p>\n\n\n\n<p>Af: Fysioterapeut, Henrik Jager<\/p>\n\n\n\n<h2 class=\"wp-block-heading\"><strong>Hvad er den lille pudes vandring?<\/strong><\/h2>\n\n\n\n<p>Nyere forskning inden for omr\u00e5det viser, at mikrobev\u00e6gelser har stor og afg\u00f8rende betydning i forhold til forebyggelse af tryks\u00e5r. Sengeliggende, der har hyppige sm\u00e5 stillings\u00e6ndringer i l\u00f8bet af natten, har nemlig langt mindre risiko for at udvikle tryks\u00e5r end sengeliggende, der ligger helt stille.<\/p>\n\n\n\n<p>Repositioneringskonceptet \u201dden lille pudes vandring\u201d g\u00e5r derfor ud p\u00e5 at skabe hyppige og diskrete stillingsskift. Hvis borgeren ligger p\u00e5 ryggen, placeres en mindre lejringspude skiftevis under f.eks. skulder og hofte i begge sider. I sideleje kan mikrobev\u00e6gelserne skabes ved skiftevis at l\u00e6gge en lille lejringspude ind og ud under abdomen p\u00e5 borgeren.<\/p>\n\n\n\n<p>Det handler s\u00e5ledes ikke altid om, at borgeren skal lejres i 30\u00b0 sideleje eller med 30\u00b0 eleveret rygst\u00f8tte. Forskningen viser, at sm\u00e5 skift i stillingen ogs\u00e5 kan have en god effekt og v\u00e6re effektiv i indsatsen mod tryks\u00e5r. Sm\u00e5 repositioneringer har samtidig den fordel, at de normalt er mere diskrete og kan foretages uden borgeren v\u00e6kkes. Det giver borgeren en bedre s\u00f8vn, hvilket har stor betydning for det generelle sundhedsbillede.<\/p>\n\n\n\n<figure class=\"wp-block-embed-youtube wp-block-embed is-type-video is-provider-youtube wp-embed-aspect-16-9 wp-has-aspect-ratio\"><div class=\"wp-block-embed__wrapper\">\n<iframe loading=\"lazy\" title=\"Den lille pudes vandring\" width=\"500\" height=\"281\" src=\"https:\/\/www.youtube.com\/embed\/Aw4OrEbFh-w?feature=oembed\" frameborder=\"0\" allow=\"accelerometer; autoplay; clipboard-write; encrypted-media; gyroscope; picture-in-picture; web-share\" referrerpolicy=\"strict-origin-when-cross-origin\" allowfullscreen><\/iframe>\n<\/div><\/figure>\n\n\n\n<h2 class=\"wp-block-heading\"><strong>Afpr\u00f8vet med gode resultater<\/strong><\/h2>\n\n\n\n<p>For at kunne tilbyde lejring efter repositioneringskonceptet \u201dden lille pudes vandring\u201d har vi&nbsp;udviklet en helt s\u00e6rlig lejringspude, som vi kalder&nbsp;<a href=\"https:\/\/www.directhealthcaregroup.com\/da\/products\/lejrelet-oval\/\" target=\"_blank\" rel=\"noreferrer noopener\">LEJRELET Oval<\/a>.&nbsp;<\/p>\n\n\n\n<p>I forbindelse med udviklingen har puden bl.a. v\u00e6ret afpr\u00f8vet p\u00e5 flere patienter p\u00e5 Hospice Sydvestjylland, hvor fysioterapeut Anette Lauge konkluderer:<\/p>\n\n\n\n<p>\u201dLEJRELET Oval er virkelig nem at arbejde med. Modsat mange andre lejringspuder, bliver LEJRELET Oval, hvor den er placeret. Betr\u00e6kket har en passende friktion som g\u00f8r, at det er let at flytte, men samtidig rutscher den ikke. Det er genialt. Dertil kommer, at den former sig individuelt og giver en stabil lejring. Vores afpr\u00f8vninger viste, at mikro-lejringen med LEJRELET Oval er nok.\u201d<\/p>\n\n\n\n<p>Plejecenter Montebello i Helsing\u00f8r Kommune har ogs\u00e5 afpr\u00f8vet LEJRELET Oval. Her fort\u00e6ller fysioterapeut Michelle S\u00f8e Boesen:<\/p>\n\n\n\n<p>\u201dVores forflytningsvejledere har taget rigtigt godt imod LEJRELET Oval. De er meget imponerede over puden og is\u00e6r over hvor f\u00e5 kr\u00e6fter, de skal bruge for at lejre med den. Beboerne v\u00e5gner kun lidt eller slet ikke i forbindelse med lejringen.\u201d&nbsp;Hun l\u00e6gger ogs\u00e5&nbsp;v\u00e6gt p\u00e5, at overfladen p\u00e5 puden er meget \u00e5ndbart, og at der ikke dannes fugt mellem hud og pude.<\/p>\n\n\n\n<p>Plejecenter Montebello har beskrevet 2 cases, hvor de har haft s\u00e6rlig gavn af LEJRELET Oval. Den ene case omhandler en terminal mand, der kun kunne ligge p\u00e5 en bestemt m\u00e5de pga. smerter og kontrakturer i underekstremiteterne. Han var meget sv\u00e6r at lejre og i h\u00f8j risiko for trykskader. Med LEJRELET Oval kunne han lejres uden smerter og han undgik trykskader. Han undgik ogs\u00e5 at skulle ligge til en vekseltryksmadras.&nbsp;<\/p>\n\n\n\n<div class=\"wp-block-image\"><figure class=\"aligncenter size-large\"><img loading=\"lazy\" decoding=\"async\" width=\"349\" height=\"254\" src=\"https:\/\/www.directhealthcaregroup.com\/app\/uploads\/Screenshot-2023-04-03-130228.jpg\" alt=\"\" class=\"wp-image-178452\" srcset=\"https:\/\/www.directhealthcaregroup.com\/app\/uploads\/Screenshot-2023-04-03-130228.jpg 349w, https:\/\/www.directhealthcaregroup.com\/app\/uploads\/Screenshot-2023-04-03-130228-300x218.jpg 300w, https:\/\/www.directhealthcaregroup.com\/app\/uploads\/Screenshot-2023-04-03-130228-320x233.jpg 320w\" sizes=\"auto, (max-width: 349px) 100vw, 349px\" \/><\/figure><\/div>\n\n\n\n<p>Den anden case fra Plejecenter Montebello handler om en kvinde, der KUN vil ligge p\u00e5 ryggen. Det giver \u00f8get risiko for at f\u00e5 trykskader, men ved hj\u00e6lp af sm\u00e5 repositioneringer med LEJERELET Oval, har det v\u00e6ret muligt at forebygge tryks\u00e5r samtidig med, at kvinden kan ligge, som hun gerne vil.<\/p>\n","protected":false},"excerpt":{"rendered":"<p>Mennesker med en rimelig velfungerende mobilitet skifter i gennemsnit stilling hver 10 minut hele natten igennem. Det skyldes, at kroppen har brug for st\u00f8rre og mindre stillings\u00e6ndringer af hensyn til blodgennemstr\u00f8mning, komfort, trykfordeling, respiration med mere. Men immobile borgere og mennesker med nedsat sensorisk funktion har ogs\u00e5 brug for stillings\u00e6ndringer i l\u00f8bet af natten. Ikke &hellip; <a href=\"https:\/\/www.directhealthcaregroup.com\/da\/viden-og-evidens\/178451-2\/\">Continued<\/a><\/p>\n","protected":false},"author":40,"featured_media":178464,"parent":174696,"menu_order":40,"comment_status":"closed","ping_status":"closed","template":"","meta":{"_acf_changed":false,"footnotes":""},"class_list":["post-178451","page","type-page","status-publish","has-post-thumbnail","hentry"],"acf":[],"yoast_head":"<!-- This site is optimized with the Yoast SEO plugin v27.4 - https:\/\/yoast.com\/product\/yoast-seo-wordpress\/ -->\n<title>Den lille pudes vandring | DHG<\/title>\n<meta name=\"robots\" content=\"index, follow, max-snippet:-1, max-image-preview:large, max-video-preview:-1\" \/>\n<link rel=\"canonical\" href=\"https:\/\/www.directhealthcaregroup.com\/da\/viden-og-evidens\/178451-2\/\" \/>\n<meta property=\"og:locale\" content=\"da_DK\" \/>\n<meta property=\"og:type\" content=\"article\" \/>\n<meta property=\"og:title\" content=\"Den lille pudes vandring | DHG\" \/>\n<meta property=\"og:description\" content=\"Mennesker med en rimelig velfungerende mobilitet skifter i gennemsnit stilling hver 10 minut hele natten igennem. Det skyldes, at kroppen har brug for st\u00f8rre og mindre stillings\u00e6ndringer af hensyn til blodgennemstr\u00f8mning, komfort, trykfordeling, respiration med mere. Men immobile borgere og mennesker med nedsat sensorisk funktion har ogs\u00e5 brug for stillings\u00e6ndringer i l\u00f8bet af natten. Ikke &hellip; Continued\" \/>\n<meta property=\"og:url\" content=\"https:\/\/www.directhealthcaregroup.com\/da\/viden-og-evidens\/178451-2\/\" \/>\n<meta property=\"og:site_name\" content=\"DHG\" \/>\n<meta property=\"article:modified_time\" content=\"2023-05-17T05:21:23+00:00\" \/>\n<meta property=\"og:image\" content=\"https:\/\/www.directhealthcaregroup.com\/app\/uploads\/den-lille-pudes-vandring-tb-transformed.jpeg\" \/>\n\t<meta property=\"og:image:width\" content=\"2000\" \/>\n\t<meta property=\"og:image:height\" content=\"500\" \/>\n\t<meta property=\"og:image:type\" content=\"image\/jpeg\" \/>\n<meta name=\"twitter:card\" content=\"summary_large_image\" \/>\n<meta name=\"twitter:label1\" content=\"Est. reading time\" \/>\n\t<meta name=\"twitter:data1\" content=\"3 minutes\" \/>\n<script type=\"application\/ld+json\" class=\"yoast-schema-graph\">{\"@context\":\"https:\\\/\\\/schema.org\",\"@graph\":[{\"@type\":\"WebPage\",\"@id\":\"https:\\\/\\\/www.directhealthcaregroup.com\\\/da\\\/viden-og-evidens\\\/178451-2\\\/\",\"url\":\"https:\\\/\\\/www.directhealthcaregroup.com\\\/da\\\/viden-og-evidens\\\/178451-2\\\/\",\"name\":\"Den lille pudes vandring | DHG\",\"isPartOf\":{\"@id\":\"https:\\\/\\\/www.directhealthcaregroup.com\\\/#website\"},\"primaryImageOfPage\":{\"@id\":\"https:\\\/\\\/www.directhealthcaregroup.com\\\/da\\\/viden-og-evidens\\\/178451-2\\\/#primaryimage\"},\"image\":{\"@id\":\"https:\\\/\\\/www.directhealthcaregroup.com\\\/da\\\/viden-og-evidens\\\/178451-2\\\/#primaryimage\"},\"thumbnailUrl\":\"https:\\\/\\\/www.directhealthcaregroup.com\\\/app\\\/uploads\\\/den-lille-pudes-vandring-tb-transformed.jpeg\",\"datePublished\":\"2023-04-03T11:17:53+00:00\",\"dateModified\":\"2023-05-17T05:21:23+00:00\",\"breadcrumb\":{\"@id\":\"https:\\\/\\\/www.directhealthcaregroup.com\\\/da\\\/viden-og-evidens\\\/178451-2\\\/#breadcrumb\"},\"inLanguage\":\"da-DK\",\"potentialAction\":[{\"@type\":\"ReadAction\",\"target\":[\"https:\\\/\\\/www.directhealthcaregroup.com\\\/da\\\/viden-og-evidens\\\/178451-2\\\/\"]}]},{\"@type\":\"ImageObject\",\"inLanguage\":\"da-DK\",\"@id\":\"https:\\\/\\\/www.directhealthcaregroup.com\\\/da\\\/viden-og-evidens\\\/178451-2\\\/#primaryimage\",\"url\":\"https:\\\/\\\/www.directhealthcaregroup.com\\\/app\\\/uploads\\\/den-lille-pudes-vandring-tb-transformed.jpeg\",\"contentUrl\":\"https:\\\/\\\/www.directhealthcaregroup.com\\\/app\\\/uploads\\\/den-lille-pudes-vandring-tb-transformed.jpeg\",\"width\":2000,\"height\":500},{\"@type\":\"BreadcrumbList\",\"@id\":\"https:\\\/\\\/www.directhealthcaregroup.com\\\/da\\\/viden-og-evidens\\\/178451-2\\\/#breadcrumb\",\"itemListElement\":[{\"@type\":\"ListItem\",\"position\":1,\"name\":\"Home\",\"item\":\"https:\\\/\\\/www.directhealthcaregroup.com\\\/da\\\/\"},{\"@type\":\"ListItem\",\"position\":2,\"name\":\"VIDEN OG EVIDENS\",\"item\":\"https:\\\/\\\/www.directhealthcaregroup.com\\\/da\\\/viden-og-evidens\\\/\"},{\"@type\":\"ListItem\",\"position\":3,\"name\":\"Den lille pudes vandring\"}]},{\"@type\":\"WebSite\",\"@id\":\"https:\\\/\\\/www.directhealthcaregroup.com\\\/#website\",\"url\":\"https:\\\/\\\/www.directhealthcaregroup.com\\\/\",\"name\":\"DHG\",\"description\":\"Moving Health Forward\",\"publisher\":{\"@id\":\"https:\\\/\\\/www.directhealthcaregroup.com\\\/#organization\"},\"potentialAction\":[{\"@type\":\"SearchAction\",\"target\":{\"@type\":\"EntryPoint\",\"urlTemplate\":\"https:\\\/\\\/www.directhealthcaregroup.com\\\/?s={search_term_string}\"},\"query-input\":{\"@type\":\"PropertyValueSpecification\",\"valueRequired\":true,\"valueName\":\"search_term_string\"}}],\"inLanguage\":\"da-DK\"},{\"@type\":\"Organization\",\"@id\":\"https:\\\/\\\/www.directhealthcaregroup.com\\\/#organization\",\"name\":\"Direct Healthcare Group\",\"url\":\"https:\\\/\\\/www.directhealthcaregroup.com\\\/\",\"logo\":{\"@type\":\"ImageObject\",\"inLanguage\":\"da-DK\",\"@id\":\"https:\\\/\\\/www.directhealthcaregroup.com\\\/#\\\/schema\\\/logo\\\/image\\\/\",\"url\":\"https:\\\/\\\/directhealthcaregroup.com\\\/app\\\/uploads\\\/dhg-logo.png\",\"contentUrl\":\"https:\\\/\\\/directhealthcaregroup.com\\\/app\\\/uploads\\\/dhg-logo.png\",\"width\":556,\"height\":240,\"caption\":\"Direct Healthcare Group\"},\"image\":{\"@id\":\"https:\\\/\\\/www.directhealthcaregroup.com\\\/#\\\/schema\\\/logo\\\/image\\\/\"}}]}<\/script>\n<!-- \/ Yoast SEO plugin. -->","yoast_head_json":{"title":"Den lille pudes vandring | DHG","robots":{"index":"index","follow":"follow","max-snippet":"max-snippet:-1","max-image-preview":"max-image-preview:large","max-video-preview":"max-video-preview:-1"},"canonical":"https:\/\/www.directhealthcaregroup.com\/da\/viden-og-evidens\/178451-2\/","og_locale":"da_DK","og_type":"article","og_title":"Den lille pudes vandring | DHG","og_description":"Mennesker med en rimelig velfungerende mobilitet skifter i gennemsnit stilling hver 10 minut hele natten igennem. Det skyldes, at kroppen har brug for st\u00f8rre og mindre stillings\u00e6ndringer af hensyn til blodgennemstr\u00f8mning, komfort, trykfordeling, respiration med mere. Men immobile borgere og mennesker med nedsat sensorisk funktion har ogs\u00e5 brug for stillings\u00e6ndringer i l\u00f8bet af natten. Ikke &hellip; Continued","og_url":"https:\/\/www.directhealthcaregroup.com\/da\/viden-og-evidens\/178451-2\/","og_site_name":"DHG","article_modified_time":"2023-05-17T05:21:23+00:00","og_image":[{"width":2000,"height":500,"url":"https:\/\/www.directhealthcaregroup.com\/app\/uploads\/den-lille-pudes-vandring-tb-transformed.jpeg","type":"image\/jpeg"}],"twitter_card":"summary_large_image","twitter_misc":{"Est. reading time":"3 minutes"},"schema":{"@context":"https:\/\/schema.org","@graph":[{"@type":"WebPage","@id":"https:\/\/www.directhealthcaregroup.com\/da\/viden-og-evidens\/178451-2\/","url":"https:\/\/www.directhealthcaregroup.com\/da\/viden-og-evidens\/178451-2\/","name":"Den lille pudes vandring | DHG","isPartOf":{"@id":"https:\/\/www.directhealthcaregroup.com\/#website"},"primaryImageOfPage":{"@id":"https:\/\/www.directhealthcaregroup.com\/da\/viden-og-evidens\/178451-2\/#primaryimage"},"image":{"@id":"https:\/\/www.directhealthcaregroup.com\/da\/viden-og-evidens\/178451-2\/#primaryimage"},"thumbnailUrl":"https:\/\/www.directhealthcaregroup.com\/app\/uploads\/den-lille-pudes-vandring-tb-transformed.jpeg","datePublished":"2023-04-03T11:17:53+00:00","dateModified":"2023-05-17T05:21:23+00:00","breadcrumb":{"@id":"https:\/\/www.directhealthcaregroup.com\/da\/viden-og-evidens\/178451-2\/#breadcrumb"},"inLanguage":"da-DK","potentialAction":[{"@type":"ReadAction","target":["https:\/\/www.directhealthcaregroup.com\/da\/viden-og-evidens\/178451-2\/"]}]},{"@type":"ImageObject","inLanguage":"da-DK","@id":"https:\/\/www.directhealthcaregroup.com\/da\/viden-og-evidens\/178451-2\/#primaryimage","url":"https:\/\/www.directhealthcaregroup.com\/app\/uploads\/den-lille-pudes-vandring-tb-transformed.jpeg","contentUrl":"https:\/\/www.directhealthcaregroup.com\/app\/uploads\/den-lille-pudes-vandring-tb-transformed.jpeg","width":2000,"height":500},{"@type":"BreadcrumbList","@id":"https:\/\/www.directhealthcaregroup.com\/da\/viden-og-evidens\/178451-2\/#breadcrumb","itemListElement":[{"@type":"ListItem","position":1,"name":"Home","item":"https:\/\/www.directhealthcaregroup.com\/da\/"},{"@type":"ListItem","position":2,"name":"VIDEN OG EVIDENS","item":"https:\/\/www.directhealthcaregroup.com\/da\/viden-og-evidens\/"},{"@type":"ListItem","position":3,"name":"Den lille pudes vandring"}]},{"@type":"WebSite","@id":"https:\/\/www.directhealthcaregroup.com\/#website","url":"https:\/\/www.directhealthcaregroup.com\/","name":"DHG","description":"Moving Health Forward","publisher":{"@id":"https:\/\/www.directhealthcaregroup.com\/#organization"},"potentialAction":[{"@type":"SearchAction","target":{"@type":"EntryPoint","urlTemplate":"https:\/\/www.directhealthcaregroup.com\/?s={search_term_string}"},"query-input":{"@type":"PropertyValueSpecification","valueRequired":true,"valueName":"search_term_string"}}],"inLanguage":"da-DK"},{"@type":"Organization","@id":"https:\/\/www.directhealthcaregroup.com\/#organization","name":"Direct Healthcare Group","url":"https:\/\/www.directhealthcaregroup.com\/","logo":{"@type":"ImageObject","inLanguage":"da-DK","@id":"https:\/\/www.directhealthcaregroup.com\/#\/schema\/logo\/image\/","url":"https:\/\/directhealthcaregroup.com\/app\/uploads\/dhg-logo.png","contentUrl":"https:\/\/directhealthcaregroup.com\/app\/uploads\/dhg-logo.png","width":556,"height":240,"caption":"Direct Healthcare Group"},"image":{"@id":"https:\/\/www.directhealthcaregroup.com\/#\/schema\/logo\/image\/"}}]}},"_links":{"self":[{"href":"https:\/\/www.directhealthcaregroup.com\/da\/wp-json\/wp\/v2\/pages\/178451","targetHints":{"allow":["GET"]}}],"collection":[{"href":"https:\/\/www.directhealthcaregroup.com\/da\/wp-json\/wp\/v2\/pages"}],"about":[{"href":"https:\/\/www.directhealthcaregroup.com\/da\/wp-json\/wp\/v2\/types\/page"}],"author":[{"embeddable":true,"href":"https:\/\/www.directhealthcaregroup.com\/da\/wp-json\/wp\/v2\/users\/40"}],"replies":[{"embeddable":true,"href":"https:\/\/www.directhealthcaregroup.com\/da\/wp-json\/wp\/v2\/comments?post=178451"}],"version-history":[{"count":5,"href":"https:\/\/www.directhealthcaregroup.com\/da\/wp-json\/wp\/v2\/pages\/178451\/revisions"}],"predecessor-version":[{"id":183694,"href":"https:\/\/www.directhealthcaregroup.com\/da\/wp-json\/wp\/v2\/pages\/178451\/revisions\/183694"}],"up":[{"embeddable":true,"href":"https:\/\/www.directhealthcaregroup.com\/da\/wp-json\/wp\/v2\/pages\/174696"}],"wp:featuredmedia":[{"embeddable":true,"href":"https:\/\/www.directhealthcaregroup.com\/da\/wp-json\/wp\/v2\/media\/178464"}],"wp:attachment":[{"href":"https:\/\/www.directhealthcaregroup.com\/da\/wp-json\/wp\/v2\/media?parent=178451"}],"curies":[{"name":"wp","href":"https:\/\/api.w.org\/{rel}","templated":true}]}}