{"id":178593,"date":"2023-04-04T07:42:45","date_gmt":"2023-04-04T06:42:45","guid":{"rendered":"https:\/\/www.directhealthcaregroup.com\/?page_id=178593"},"modified":"2023-05-16T19:48:53","modified_gmt":"2023-05-16T18:48:53","slug":"178593-2","status":"publish","type":"page","link":"https:\/\/www.directhealthcaregroup.com\/da\/viden-og-evidens\/178593-2\/","title":{"rendered":"Forflytning uden v\u00e6vsskader"},"content":{"rendered":"\n<h1 class=\"wp-block-heading\"><\/h1>\n\n\n\n<p>Et studie foretaget p\u00e5 Universitetet i Gent, Belgien, viser ingen sammenh\u00e6ng mellem udviklingen af tryks\u00e5r og VENDLET V5S. Brugen af systemet form\u00e5r tv\u00e6rtimod at bevare borgerens hudintegritet bedre end manuelle forflytninger. Studiet viste herudover at brugen af VENDLET V5S ogs\u00e5 resulterede i f\u00e6rre arbejdsrelaterede muskel- og skeletlidelser.<\/p>\n\n\n\n<p>9. august 2016<\/p>\n\n\n\n<h2 class=\"wp-block-heading\"><strong>Manuelle forflytninger forbundet med tryks\u00e5r<\/strong><\/h2>\n\n\n\n<p>Regelm\u00e6ssige, individualiserede repositioneringer af patienter, der er i risiko for at udvikle tryks\u00e5r, er i dag en naturlig del af sundhedspersonalets hverdag. Men forflytning associeres ogs\u00e5 med at have en negativ effekt p\u00e5 patientens v\u00e6vsintegritet og forbindes ofte med udviklingen af tryks\u00e5r gennem shear.<\/p>\n\n\n\n<p>Netop dette er blevet bekr\u00e6ftet i studiet \u201cGuidelines, Classification and Cross-over Research in order to Save Nurses Backs and Patients Skin\u201d (2014), som er udf\u00f8rt af de to hollandske forskere Nico Knibbe og Hanneke Knibbe. Studiet viser at manuelle forflytninger har en negativ indflydelse p\u00e5 den sengeliggende, som forflyttes. Dette skyldes shearing. Ikke mellem den sengeliggende og glidelagnet, men derimod shearing\/forskydninger og str\u00e6k inde i huden og det underliggende v\u00e6vs forskellige lag.<\/p>\n\n\n\n<p>Det er med baggrund i resultaterne fra dette studie, at det nye studie fra universitetet i Gent er blevet foretaget for yderligere at unders\u00f8ge hvorvidt resultaterne ogs\u00e5 er g\u00e6ldende for mekanisk forflytning.&nbsp;<\/p>\n\n\n\n<h2 class=\"wp-block-heading\"><strong>Nyt studie unders\u00f8ger mekanisk forflytning<\/strong><\/h2>\n\n\n\n<p>Foruden udfordringen med shearing, unders\u00f8ger det nye studie fra Gent endvidere, hvordan mekanisk forflytning p\u00e5virker plejepersonalets krop. Manuel forflytning kan nemlig v\u00e6re fysisk belastende og meget tidskr\u00e6vende for plejepersonalet, og er en af de helt store skyldnere, n\u00e5r det kommer til udviklingen af muskel- og skeletbesv\u00e6r, og heraf f\u00f8lgende arbejdsskader og sygemeldinger.<\/p>\n\n\n\n<p>Studiet har dermed helt konkret unders\u00f8gt sammenh\u00e6ngen mellem brugen af et elektrisk forflytningssystem (VENDLET V5S) og<\/p>\n\n\n\n<ol class=\"wp-block-list\"><li>udviklingen af tryks\u00e5r og shear hos borgeren og<\/li><li>fysisk belastning af plejepersonalet.<\/li><\/ol>\n\n\n\n<p>Studiet, der forl\u00f8b over 4 uger, blev udf\u00f8rt p\u00e5 to belgiske plejehjem. I alt deltog 13 sengeliggende borgere og 35 plejere best\u00e5ende af 16 sygeplejersker og 19 assistenter. De 13 borgeres risiko for at udvikle tryks\u00e5r blev vurderet ud fra Braden skalaen og de rangerede fra 12 til 19 p\u00e5 skalaen. Inden studiet blev igangsat var alt personale undervist i brugen af VENDLET systemet.<\/p>\n\n\n\n<h2 class=\"wp-block-heading\"><strong>VENDLET ikke forbundet med udviklingen af tryks\u00e5r<\/strong><\/h2>\n\n\n\n<p>Studiets resultater viste at brugen af VENDLET V5S ikke var forbundet med hverken udviklingen eller forv\u00e6rringen af tryks\u00e5r, og fire tryks\u00e5r helede endda op i perioden p\u00e5 fire uger med brug af VENDLET systemet. Det vil alts\u00e5 sige at, der modsat manuelle forflytninger, ikke er tegn p\u00e5 at mekaniske forflytninger er forbundet med samme risiko for udvikling af tryks\u00e5r og v\u00e6vsskader.<\/p>\n\n\n\n<p>Studiet understreger dermed at der ikke er nogen forbindelse i mellem mekanisk repositionering og udviklingen af tryks\u00e5r gennem shear, hvilket ellers er tilf\u00e6ldet ved brug af manuel forflytning og redskaber s\u00e5som glidelagner.<\/p>\n\n\n\n<p>Studiet indikerede dog ogs\u00e5 at repositioneringsrutiner, mekaniske eller manuelle, ikke kan forhindre udviklingen af tryks\u00e5r alene, men skal kombineres med andre forebyggende tiltag s\u00e5som lejring.<\/p>\n\n\n\n<h2 class=\"wp-block-heading\"><strong>Utvetydig reduktion i muskel- og skeletlidelser<\/strong><\/h2>\n\n\n\n<p>Som tidligere studier ogs\u00e5 har p\u00e5vist, oplevede plejepersonalet p\u00e5 de to belgiske plejehjem ogs\u00e5 at have f\u00e6rre muskel- og skeletlidelser ved forflytning med VENDLET systemet sammenlignet med manuel forflytning. Dette forklares med at forflytningen foreg\u00e5r mekanisk og dermed uden stor indsats fra personalet.<\/p>\n\n\n\n<p>Herudover, konkluderede studiet ogs\u00e5 en \u00f8get effektivitet p\u00e5 plejehjemmene ved brugen af VENDLET V5S, da en sikker forflytning og repositionering nemt kan foretages af \u00e9n plejer i stedet for to, som ellers er normal praksis. Personalet havde dermed mere tid til andre vigtige plejeopgaver.<\/p>\n\n\n\n<p>Overordnet set, viste studiet at plejepersonalets arbejdsmilj\u00f8 blev forbedret og antallet af muskel- og skeletlidelser nedbragt, men studiet tilbageviste ogs\u00e5 ideen om at mekanisk forflytning \u00f8ger antallet af hudproblemer for borgerne. Studiet demonstrerer p\u00e5 denne m\u00e5de banebrydende resultater, der indikerer at mekaniske forflytninger er bedre til at bevare borgerens hudintegritet end manuelle forflytninger.<\/p>\n\n\n\n<h2 class=\"wp-block-heading\"><strong>Baggrund<\/strong><\/h2>\n\n\n\n<p>Studiet er udarbejdet som en masterafhandling af Elien Zwaenepoel, Ghent University, Faculty of Medicine and Health Sciences. Eliens afhandling har titlen: \u201dThe feasibility of repositioning patients with an automatic turning system in the prevention of pressure ulcer\u201d.<\/p>\n\n\n\n<p>Masterafhandlingen er udarbejdet under ledelse og vejledning af Prof. dr. Dimitri Beeckman Ghent University, Faculty of Medicine and Health Sciences. Dimitri Beeckman er professor i hudintegritet og klinisk pleje.<\/p>\n\n\n\n<p>Nico Knibbe fra hollandske LOCOmotion Research, har v\u00e6ret med til at opstille kriterierne for studiet samt evaluere resultatet. LOCOmotion er p\u00e5 verdensplan en af de f\u00f8rende eksperter i ergonomi inden for sundhedsv\u00e6senet.<\/p>\n\n\n\n<h2 class=\"wp-block-heading\"><strong>Offentligg\u00f8relse<\/strong><\/h2>\n\n\n\n<p>British Journal of Nursing publicerede i marts 2018 en artikel om studiet under overskriften: \u201dAn automatic repositioning system to prevent pressure ulcers: a case series\u201d.<\/p>\n\n\n\n<p>Artiklens forfattere er:<\/p>\n\n\n\n<p><a rel=\"noreferrer noopener\" href=\"http:\/\/www.ucvvgent.be\/nl\/over-ons\/het-team\/wetenschappelijke-medewerkers\/elien-zwaenepoel\/83\/\" target=\"_blank\">Elien Zwaenepoel<\/a>, Researcher Skin lntegrity and Clinical Nursing, Ghent University, Belgium<\/p>\n\n\n\n<p><a rel=\"noreferrer noopener\" href=\"http:\/\/www.ucvvgent.be\/nl\/over-ons\/het-team\/professoren\/prof-dr-dimitri-beeckman\/2\/\" target=\"_blank\">Dimitri Beeckman<\/a>, Professor of Skin lntegrity and Clinical Nursing, Ghent University, Belgium<\/p>\n\n\n\n<p><a rel=\"noreferrer noopener\" href=\"https:\/\/www.locomotion.nl\/\" target=\"_blank\">Nico E Knibbe<\/a>, Researcher, LOCOmotion Research, Bennekorn, Holland<\/p>\n\n\n\n<p><a rel=\"noreferrer noopener\" href=\"https:\/\/www.locomotion.nl\/\" target=\"_blank\">Hanneke JJ Knibbe<\/a>, Researcher, LOCOmotion Research, Bennekorn, Holland<\/p>\n\n\n\n<p>Accepted for publication: February 2018<\/p>\n\n\n\n<hr class=\"wp-block-separator\"\/>\n\n\n\n<p><strong>Hent PDF:<\/strong><\/p>\n\n\n\n<p>Zwaenepoel, 2017:&nbsp;<a rel=\"noreferrer noopener\" href=\"https:\/\/www.vendlet.dk\/media\/vqqbnefv\/the-feasibility-of-repositioning-patients-with-an-automatic-turning-system-in-the-prevention-of-pressure-ulcers.pdf?File=%2fFiles%2fFiles%2fVendlet%2fCase-Studies%2fVENDLET%2fThe-Feasibility-of-Repositioning-Patients-with-an-Automatic-Turning-System-in-the-Prevention-of-Pressure-Ulcers.pdf\" target=\"_blank\">The feasibility <\/a><a href=\"https:\/\/www.directhealthcaregroup.com\/app\/uploads\/the-feasibility-of-repositioning-patients-with-an-automatic-turning-system-in-the-prevention-of-pressure-ulcers-2.pdf\" target=\"_blank\" rel=\"noreferrer noopener\">of repositioning patients with an automatic turning system in the prevention of pressure ulcer<\/a><\/p>\n\n\n\n<p>Knibbe et al, 2018:&nbsp;<a rel=\"noreferrer noopener\" href=\"https:\/\/www.magonlinelibrary.com\/doi\/full\/10.12968\/bjon.2018.27.6.S16\" target=\"_blank\">An automatic repositioning system to prevent pressure ulcers: a case series<\/a><\/p>\n\n\n\n<p>Knibbe et al, 2014:<a href=\"https:\/\/www.directhealthcaregroup.com\/app\/uploads\/prevention-of-pressure-ulcers-exploring-the-influence-of-nurses_-equipment-and-working-techniques-1.pdf\" target=\"_blank\" rel=\"noreferrer noopener\">&nbsp;Prevention of Pressure Ulcers: Exploring the Influence of Nurses, Equipment and Working Techniques<\/a><\/p>\n","protected":false},"excerpt":{"rendered":"<p>Et studie foretaget p\u00e5 Universitetet i Gent, Belgien, viser ingen sammenh\u00e6ng mellem udviklingen af tryks\u00e5r og VENDLET V5S. Brugen af systemet form\u00e5r tv\u00e6rtimod at bevare borgerens hudintegritet bedre end manuelle forflytninger. Studiet viste herudover at brugen af VENDLET V5S ogs\u00e5 resulterede i f\u00e6rre arbejdsrelaterede muskel- og skeletlidelser. 9. august 2016 Manuelle forflytninger forbundet med tryks\u00e5r &hellip; <a href=\"https:\/\/www.directhealthcaregroup.com\/da\/viden-og-evidens\/178593-2\/\">Continued<\/a><\/p>\n","protected":false},"author":40,"featured_media":178594,"parent":174696,"menu_order":42,"comment_status":"closed","ping_status":"closed","template":"","meta":{"_acf_changed":false,"footnotes":""},"class_list":["post-178593","page","type-page","status-publish","has-post-thumbnail","hentry"],"acf":[],"yoast_head":"<!-- This site is optimized with the Yoast SEO plugin v27.4 - https:\/\/yoast.com\/product\/yoast-seo-wordpress\/ -->\n<title>Forflytning uden v\u00e6vsskader | DHG<\/title>\n<meta name=\"robots\" content=\"index, follow, max-snippet:-1, max-image-preview:large, max-video-preview:-1\" \/>\n<link rel=\"canonical\" href=\"https:\/\/www.directhealthcaregroup.com\/da\/viden-og-evidens\/178593-2\/\" \/>\n<meta property=\"og:locale\" content=\"da_DK\" \/>\n<meta property=\"og:type\" content=\"article\" \/>\n<meta property=\"og:title\" content=\"Forflytning uden v\u00e6vsskader | DHG\" \/>\n<meta property=\"og:description\" content=\"Et studie foretaget p\u00e5 Universitetet i Gent, Belgien, viser ingen sammenh\u00e6ng mellem udviklingen af tryks\u00e5r og VENDLET V5S. Brugen af systemet form\u00e5r tv\u00e6rtimod at bevare borgerens hudintegritet bedre end manuelle forflytninger. Studiet viste herudover at brugen af VENDLET V5S ogs\u00e5 resulterede i f\u00e6rre arbejdsrelaterede muskel- og skeletlidelser. 9. august 2016 Manuelle forflytninger forbundet med tryks\u00e5r &hellip; Continued\" \/>\n<meta property=\"og:url\" content=\"https:\/\/www.directhealthcaregroup.com\/da\/viden-og-evidens\/178593-2\/\" \/>\n<meta property=\"og:site_name\" content=\"DHG\" \/>\n<meta property=\"article:modified_time\" content=\"2023-05-16T18:48:53+00:00\" \/>\n<meta property=\"og:image\" content=\"https:\/\/www.directhealthcaregroup.com\/app\/uploads\/forflytning-uden-vaevsskader-tb-transformed.jpeg\" \/>\n\t<meta property=\"og:image:width\" content=\"1000\" \/>\n\t<meta property=\"og:image:height\" content=\"250\" \/>\n\t<meta property=\"og:image:type\" content=\"image\/jpeg\" \/>\n<meta name=\"twitter:card\" content=\"summary_large_image\" \/>\n<meta name=\"twitter:label1\" content=\"Est. reading time\" \/>\n\t<meta name=\"twitter:data1\" content=\"4 minutes\" \/>\n<script type=\"application\/ld+json\" class=\"yoast-schema-graph\">{\"@context\":\"https:\\\/\\\/schema.org\",\"@graph\":[{\"@type\":\"WebPage\",\"@id\":\"https:\\\/\\\/www.directhealthcaregroup.com\\\/da\\\/viden-og-evidens\\\/178593-2\\\/\",\"url\":\"https:\\\/\\\/www.directhealthcaregroup.com\\\/da\\\/viden-og-evidens\\\/178593-2\\\/\",\"name\":\"Forflytning uden v\u00e6vsskader | DHG\",\"isPartOf\":{\"@id\":\"https:\\\/\\\/www.directhealthcaregroup.com\\\/#website\"},\"primaryImageOfPage\":{\"@id\":\"https:\\\/\\\/www.directhealthcaregroup.com\\\/da\\\/viden-og-evidens\\\/178593-2\\\/#primaryimage\"},\"image\":{\"@id\":\"https:\\\/\\\/www.directhealthcaregroup.com\\\/da\\\/viden-og-evidens\\\/178593-2\\\/#primaryimage\"},\"thumbnailUrl\":\"https:\\\/\\\/www.directhealthcaregroup.com\\\/app\\\/uploads\\\/forflytning-uden-vaevsskader-tb-transformed.jpeg\",\"datePublished\":\"2023-04-04T06:42:45+00:00\",\"dateModified\":\"2023-05-16T18:48:53+00:00\",\"breadcrumb\":{\"@id\":\"https:\\\/\\\/www.directhealthcaregroup.com\\\/da\\\/viden-og-evidens\\\/178593-2\\\/#breadcrumb\"},\"inLanguage\":\"da-DK\",\"potentialAction\":[{\"@type\":\"ReadAction\",\"target\":[\"https:\\\/\\\/www.directhealthcaregroup.com\\\/da\\\/viden-og-evidens\\\/178593-2\\\/\"]}]},{\"@type\":\"ImageObject\",\"inLanguage\":\"da-DK\",\"@id\":\"https:\\\/\\\/www.directhealthcaregroup.com\\\/da\\\/viden-og-evidens\\\/178593-2\\\/#primaryimage\",\"url\":\"https:\\\/\\\/www.directhealthcaregroup.com\\\/app\\\/uploads\\\/forflytning-uden-vaevsskader-tb-transformed.jpeg\",\"contentUrl\":\"https:\\\/\\\/www.directhealthcaregroup.com\\\/app\\\/uploads\\\/forflytning-uden-vaevsskader-tb-transformed.jpeg\",\"width\":1000,\"height\":250},{\"@type\":\"BreadcrumbList\",\"@id\":\"https:\\\/\\\/www.directhealthcaregroup.com\\\/da\\\/viden-og-evidens\\\/178593-2\\\/#breadcrumb\",\"itemListElement\":[{\"@type\":\"ListItem\",\"position\":1,\"name\":\"Home\",\"item\":\"https:\\\/\\\/www.directhealthcaregroup.com\\\/da\\\/\"},{\"@type\":\"ListItem\",\"position\":2,\"name\":\"VIDEN OG EVIDENS\",\"item\":\"https:\\\/\\\/www.directhealthcaregroup.com\\\/da\\\/viden-og-evidens\\\/\"},{\"@type\":\"ListItem\",\"position\":3,\"name\":\"Forflytning uden v\u00e6vsskader\"}]},{\"@type\":\"WebSite\",\"@id\":\"https:\\\/\\\/www.directhealthcaregroup.com\\\/#website\",\"url\":\"https:\\\/\\\/www.directhealthcaregroup.com\\\/\",\"name\":\"DHG\",\"description\":\"Moving Health Forward\",\"publisher\":{\"@id\":\"https:\\\/\\\/www.directhealthcaregroup.com\\\/#organization\"},\"potentialAction\":[{\"@type\":\"SearchAction\",\"target\":{\"@type\":\"EntryPoint\",\"urlTemplate\":\"https:\\\/\\\/www.directhealthcaregroup.com\\\/?s={search_term_string}\"},\"query-input\":{\"@type\":\"PropertyValueSpecification\",\"valueRequired\":true,\"valueName\":\"search_term_string\"}}],\"inLanguage\":\"da-DK\"},{\"@type\":\"Organization\",\"@id\":\"https:\\\/\\\/www.directhealthcaregroup.com\\\/#organization\",\"name\":\"Direct Healthcare Group\",\"url\":\"https:\\\/\\\/www.directhealthcaregroup.com\\\/\",\"logo\":{\"@type\":\"ImageObject\",\"inLanguage\":\"da-DK\",\"@id\":\"https:\\\/\\\/www.directhealthcaregroup.com\\\/#\\\/schema\\\/logo\\\/image\\\/\",\"url\":\"https:\\\/\\\/directhealthcaregroup.com\\\/app\\\/uploads\\\/dhg-logo.png\",\"contentUrl\":\"https:\\\/\\\/directhealthcaregroup.com\\\/app\\\/uploads\\\/dhg-logo.png\",\"width\":556,\"height\":240,\"caption\":\"Direct Healthcare Group\"},\"image\":{\"@id\":\"https:\\\/\\\/www.directhealthcaregroup.com\\\/#\\\/schema\\\/logo\\\/image\\\/\"}}]}<\/script>\n<!-- \/ Yoast SEO plugin. -->","yoast_head_json":{"title":"Forflytning uden v\u00e6vsskader | DHG","robots":{"index":"index","follow":"follow","max-snippet":"max-snippet:-1","max-image-preview":"max-image-preview:large","max-video-preview":"max-video-preview:-1"},"canonical":"https:\/\/www.directhealthcaregroup.com\/da\/viden-og-evidens\/178593-2\/","og_locale":"da_DK","og_type":"article","og_title":"Forflytning uden v\u00e6vsskader | DHG","og_description":"Et studie foretaget p\u00e5 Universitetet i Gent, Belgien, viser ingen sammenh\u00e6ng mellem udviklingen af tryks\u00e5r og VENDLET V5S. Brugen af systemet form\u00e5r tv\u00e6rtimod at bevare borgerens hudintegritet bedre end manuelle forflytninger. Studiet viste herudover at brugen af VENDLET V5S ogs\u00e5 resulterede i f\u00e6rre arbejdsrelaterede muskel- og skeletlidelser. 9. august 2016 Manuelle forflytninger forbundet med tryks\u00e5r &hellip; Continued","og_url":"https:\/\/www.directhealthcaregroup.com\/da\/viden-og-evidens\/178593-2\/","og_site_name":"DHG","article_modified_time":"2023-05-16T18:48:53+00:00","og_image":[{"width":1000,"height":250,"url":"https:\/\/www.directhealthcaregroup.com\/app\/uploads\/forflytning-uden-vaevsskader-tb-transformed.jpeg","type":"image\/jpeg"}],"twitter_card":"summary_large_image","twitter_misc":{"Est. reading time":"4 minutes"},"schema":{"@context":"https:\/\/schema.org","@graph":[{"@type":"WebPage","@id":"https:\/\/www.directhealthcaregroup.com\/da\/viden-og-evidens\/178593-2\/","url":"https:\/\/www.directhealthcaregroup.com\/da\/viden-og-evidens\/178593-2\/","name":"Forflytning uden v\u00e6vsskader | DHG","isPartOf":{"@id":"https:\/\/www.directhealthcaregroup.com\/#website"},"primaryImageOfPage":{"@id":"https:\/\/www.directhealthcaregroup.com\/da\/viden-og-evidens\/178593-2\/#primaryimage"},"image":{"@id":"https:\/\/www.directhealthcaregroup.com\/da\/viden-og-evidens\/178593-2\/#primaryimage"},"thumbnailUrl":"https:\/\/www.directhealthcaregroup.com\/app\/uploads\/forflytning-uden-vaevsskader-tb-transformed.jpeg","datePublished":"2023-04-04T06:42:45+00:00","dateModified":"2023-05-16T18:48:53+00:00","breadcrumb":{"@id":"https:\/\/www.directhealthcaregroup.com\/da\/viden-og-evidens\/178593-2\/#breadcrumb"},"inLanguage":"da-DK","potentialAction":[{"@type":"ReadAction","target":["https:\/\/www.directhealthcaregroup.com\/da\/viden-og-evidens\/178593-2\/"]}]},{"@type":"ImageObject","inLanguage":"da-DK","@id":"https:\/\/www.directhealthcaregroup.com\/da\/viden-og-evidens\/178593-2\/#primaryimage","url":"https:\/\/www.directhealthcaregroup.com\/app\/uploads\/forflytning-uden-vaevsskader-tb-transformed.jpeg","contentUrl":"https:\/\/www.directhealthcaregroup.com\/app\/uploads\/forflytning-uden-vaevsskader-tb-transformed.jpeg","width":1000,"height":250},{"@type":"BreadcrumbList","@id":"https:\/\/www.directhealthcaregroup.com\/da\/viden-og-evidens\/178593-2\/#breadcrumb","itemListElement":[{"@type":"ListItem","position":1,"name":"Home","item":"https:\/\/www.directhealthcaregroup.com\/da\/"},{"@type":"ListItem","position":2,"name":"VIDEN OG EVIDENS","item":"https:\/\/www.directhealthcaregroup.com\/da\/viden-og-evidens\/"},{"@type":"ListItem","position":3,"name":"Forflytning uden v\u00e6vsskader"}]},{"@type":"WebSite","@id":"https:\/\/www.directhealthcaregroup.com\/#website","url":"https:\/\/www.directhealthcaregroup.com\/","name":"DHG","description":"Moving Health Forward","publisher":{"@id":"https:\/\/www.directhealthcaregroup.com\/#organization"},"potentialAction":[{"@type":"SearchAction","target":{"@type":"EntryPoint","urlTemplate":"https:\/\/www.directhealthcaregroup.com\/?s={search_term_string}"},"query-input":{"@type":"PropertyValueSpecification","valueRequired":true,"valueName":"search_term_string"}}],"inLanguage":"da-DK"},{"@type":"Organization","@id":"https:\/\/www.directhealthcaregroup.com\/#organization","name":"Direct Healthcare Group","url":"https:\/\/www.directhealthcaregroup.com\/","logo":{"@type":"ImageObject","inLanguage":"da-DK","@id":"https:\/\/www.directhealthcaregroup.com\/#\/schema\/logo\/image\/","url":"https:\/\/directhealthcaregroup.com\/app\/uploads\/dhg-logo.png","contentUrl":"https:\/\/directhealthcaregroup.com\/app\/uploads\/dhg-logo.png","width":556,"height":240,"caption":"Direct Healthcare Group"},"image":{"@id":"https:\/\/www.directhealthcaregroup.com\/#\/schema\/logo\/image\/"}}]}},"_links":{"self":[{"href":"https:\/\/www.directhealthcaregroup.com\/da\/wp-json\/wp\/v2\/pages\/178593","targetHints":{"allow":["GET"]}}],"collection":[{"href":"https:\/\/www.directhealthcaregroup.com\/da\/wp-json\/wp\/v2\/pages"}],"about":[{"href":"https:\/\/www.directhealthcaregroup.com\/da\/wp-json\/wp\/v2\/types\/page"}],"author":[{"embeddable":true,"href":"https:\/\/www.directhealthcaregroup.com\/da\/wp-json\/wp\/v2\/users\/40"}],"replies":[{"embeddable":true,"href":"https:\/\/www.directhealthcaregroup.com\/da\/wp-json\/wp\/v2\/comments?post=178593"}],"version-history":[{"count":3,"href":"https:\/\/www.directhealthcaregroup.com\/da\/wp-json\/wp\/v2\/pages\/178593\/revisions"}],"predecessor-version":[{"id":183637,"href":"https:\/\/www.directhealthcaregroup.com\/da\/wp-json\/wp\/v2\/pages\/178593\/revisions\/183637"}],"up":[{"embeddable":true,"href":"https:\/\/www.directhealthcaregroup.com\/da\/wp-json\/wp\/v2\/pages\/174696"}],"wp:featuredmedia":[{"embeddable":true,"href":"https:\/\/www.directhealthcaregroup.com\/da\/wp-json\/wp\/v2\/media\/178594"}],"wp:attachment":[{"href":"https:\/\/www.directhealthcaregroup.com\/da\/wp-json\/wp\/v2\/media?parent=178593"}],"curies":[{"name":"wp","href":"https:\/\/api.w.org\/{rel}","templated":true}]}}