{"id":178641,"date":"2023-04-04T08:19:55","date_gmt":"2023-04-04T07:19:55","guid":{"rendered":"https:\/\/www.directhealthcaregroup.com\/?page_id=178641"},"modified":"2023-05-16T19:49:25","modified_gmt":"2023-05-16T18:49:25","slug":"178641-2","status":"publish","type":"page","link":"https:\/\/www.directhealthcaregroup.com\/da\/178641-2\/","title":{"rendered":"Ginas pleje er forbedret, efter hun har f\u00e5et VENDLET"},"content":{"rendered":"\n<h1 class=\"wp-block-heading\"><\/h1>\n\n\n\n<p>En ergoterapeut fra Maximizing Independence Team i West Berkshire, UK, har lavet en casestudie p\u00e5 en afpr\u00f8vning af VENDLET-systemet hos en borger.<\/p>\n\n\n\n<p>6. april 2017<\/p>\n\n\n\n<p>Ergoterapeuten fort\u00e6ller: \u201dJeg er meget glad for at rapportere, at VENDLET-afpr\u00f8vningen var en rungende succes! Alle finder det meget nyttigt, og plejepersonalet siger, at det er meget, meget lettere at klare plejerarbejdet. De \u00f8nsker flere af deres patienter havde VENDLET-systemet! Jeg er nu ved at reducere plejepakken til 2 plejere 45 min om morgenen, hvorefter familien klarer alt andet selv.\u201d<\/p>\n\n\n\n<p>\u201dJeg har f\u00e5et fremragende feedback fra borger, familie, plejere og kommunale sygeplejersker som beretter, hvor godt systemet er.\u201d<\/p>\n\n\n\n<p>\u201dUd over fordelene for borgeren, hendes familie og plejere, har ogs\u00e5 sygeplejerskerne fundet, at det er s\u00e5 meget lettere at styre borgerens pleje med VENDLET&nbsp;systemet.\u201d<\/p>\n\n\n\n<h2 class=\"wp-block-heading\"><strong>Tidligere plejepakke<\/strong><\/h2>\n\n\n\n<p>Tidligere var plejepakken til denne borger 2 plejere 4 x 60 minutters pr. dag. Beregninger viser, hvordan investeringen i VENDLET kan betales ekstremt hurtigt af i forhold til besparelserne i plejeomkostningerne.<\/p>\n\n\n\n<h2 class=\"wp-block-heading\"><strong>Reduktion i omkostninger<\/strong><\/h2>\n\n\n\n<p>Uden brug af VENDLET, vil plejepakken p\u00e5 6 timer om dagen over tre \u00e5r have kostet \u00a3 111.969,00.<\/p>\n\n\n\n<p>Plejepakken blev reduceret til 2 timer om dagen efter implementering af VENDLET-systemet. Inklusiv omkostningerne ved udstyret var summen for de 3 \u00e5r \u00a3 41.334,32.<\/p>\n\n\n\n<p>Den samlede besparelse over 3 \u00e5r er \u00a3 70,624.68.<\/p>\n\n\n\n<p>\u00c5rlige l\u00f8bende besparelser er \u00a3 25.404,00 (ekskl. omkostninger ved service og reparation af udstyr).<\/p>\n\n\n\n<p><a href=\"https:\/\/www.directhealthcaregroup.com\/app\/uploads\/vendlet_v5__casestudy_westberkshire_aug14-3-3.pdf\" target=\"_blank\" rel=\"noreferrer noopener\">Download udsagnet her<\/a><\/p>\n","protected":false},"excerpt":{"rendered":"<p>En ergoterapeut fra Maximizing Independence Team i West Berkshire, UK, har lavet en casestudie p\u00e5 en afpr\u00f8vning af VENDLET-systemet hos en borger. 6. april 2017 Ergoterapeuten fort\u00e6ller: \u201dJeg er meget glad for at rapportere, at VENDLET-afpr\u00f8vningen var en rungende succes! Alle finder det meget nyttigt, og plejepersonalet siger, at det er meget, meget lettere at &hellip; <a href=\"https:\/\/www.directhealthcaregroup.com\/da\/178641-2\/\">Continued<\/a><\/p>\n","protected":false},"author":40,"featured_media":178642,"parent":0,"menu_order":0,"comment_status":"closed","ping_status":"closed","template":"","meta":{"_acf_changed":false,"footnotes":""},"class_list":["post-178641","page","type-page","status-publish","has-post-thumbnail","hentry"],"acf":[],"yoast_head":"<!-- This site is optimized with the Yoast SEO plugin v27.4 - https:\/\/yoast.com\/product\/yoast-seo-wordpress\/ -->\n<title>Ginas pleje er forbedret, efter hun har f\u00e5et VENDLET | DHG<\/title>\n<meta name=\"robots\" content=\"index, follow, max-snippet:-1, max-image-preview:large, max-video-preview:-1\" \/>\n<link rel=\"canonical\" href=\"https:\/\/www.directhealthcaregroup.com\/da\/178641-2\/\" \/>\n<meta property=\"og:locale\" content=\"da_DK\" \/>\n<meta property=\"og:type\" content=\"article\" \/>\n<meta property=\"og:title\" content=\"Ginas pleje er forbedret, efter hun har f\u00e5et VENDLET | DHG\" \/>\n<meta property=\"og:description\" content=\"En ergoterapeut fra Maximizing Independence Team i West Berkshire, UK, har lavet en casestudie p\u00e5 en afpr\u00f8vning af VENDLET-systemet hos en borger. 6. april 2017 Ergoterapeuten fort\u00e6ller: \u201dJeg er meget glad for at rapportere, at VENDLET-afpr\u00f8vningen var en rungende succes! Alle finder det meget nyttigt, og plejepersonalet siger, at det er meget, meget lettere at &hellip; Continued\" \/>\n<meta property=\"og:url\" content=\"https:\/\/www.directhealthcaregroup.com\/da\/178641-2\/\" \/>\n<meta property=\"og:site_name\" content=\"DHG\" \/>\n<meta property=\"article:modified_time\" content=\"2023-05-16T18:49:25+00:00\" \/>\n<meta property=\"og:image\" content=\"https:\/\/www.directhealthcaregroup.com\/app\/uploads\/mrs-a-tb-transformed.jpeg\" \/>\n\t<meta property=\"og:image:width\" content=\"1000\" \/>\n\t<meta property=\"og:image:height\" content=\"250\" \/>\n\t<meta property=\"og:image:type\" content=\"image\/jpeg\" \/>\n<meta name=\"twitter:card\" content=\"summary_large_image\" \/>\n<meta name=\"twitter:label1\" content=\"Est. reading time\" \/>\n\t<meta name=\"twitter:data1\" content=\"1 minute\" \/>\n<script type=\"application\/ld+json\" class=\"yoast-schema-graph\">{\"@context\":\"https:\\\/\\\/schema.org\",\"@graph\":[{\"@type\":\"WebPage\",\"@id\":\"https:\\\/\\\/www.directhealthcaregroup.com\\\/da\\\/178641-2\\\/\",\"url\":\"https:\\\/\\\/www.directhealthcaregroup.com\\\/da\\\/178641-2\\\/\",\"name\":\"Ginas pleje er forbedret, efter hun har f\u00e5et VENDLET | DHG\",\"isPartOf\":{\"@id\":\"https:\\\/\\\/www.directhealthcaregroup.com\\\/#website\"},\"primaryImageOfPage\":{\"@id\":\"https:\\\/\\\/www.directhealthcaregroup.com\\\/da\\\/178641-2\\\/#primaryimage\"},\"image\":{\"@id\":\"https:\\\/\\\/www.directhealthcaregroup.com\\\/da\\\/178641-2\\\/#primaryimage\"},\"thumbnailUrl\":\"https:\\\/\\\/www.directhealthcaregroup.com\\\/app\\\/uploads\\\/mrs-a-tb-transformed.jpeg\",\"datePublished\":\"2023-04-04T07:19:55+00:00\",\"dateModified\":\"2023-05-16T18:49:25+00:00\",\"breadcrumb\":{\"@id\":\"https:\\\/\\\/www.directhealthcaregroup.com\\\/da\\\/178641-2\\\/#breadcrumb\"},\"inLanguage\":\"da-DK\",\"potentialAction\":[{\"@type\":\"ReadAction\",\"target\":[\"https:\\\/\\\/www.directhealthcaregroup.com\\\/da\\\/178641-2\\\/\"]}]},{\"@type\":\"ImageObject\",\"inLanguage\":\"da-DK\",\"@id\":\"https:\\\/\\\/www.directhealthcaregroup.com\\\/da\\\/178641-2\\\/#primaryimage\",\"url\":\"https:\\\/\\\/www.directhealthcaregroup.com\\\/app\\\/uploads\\\/mrs-a-tb-transformed.jpeg\",\"contentUrl\":\"https:\\\/\\\/www.directhealthcaregroup.com\\\/app\\\/uploads\\\/mrs-a-tb-transformed.jpeg\",\"width\":1000,\"height\":250},{\"@type\":\"BreadcrumbList\",\"@id\":\"https:\\\/\\\/www.directhealthcaregroup.com\\\/da\\\/178641-2\\\/#breadcrumb\",\"itemListElement\":[{\"@type\":\"ListItem\",\"position\":1,\"name\":\"Home\",\"item\":\"https:\\\/\\\/www.directhealthcaregroup.com\\\/da\\\/\"},{\"@type\":\"ListItem\",\"position\":2,\"name\":\"Ginas pleje er forbedret, efter hun har f\u00e5et VENDLET\"}]},{\"@type\":\"WebSite\",\"@id\":\"https:\\\/\\\/www.directhealthcaregroup.com\\\/#website\",\"url\":\"https:\\\/\\\/www.directhealthcaregroup.com\\\/\",\"name\":\"DHG\",\"description\":\"Moving Health Forward\",\"publisher\":{\"@id\":\"https:\\\/\\\/www.directhealthcaregroup.com\\\/#organization\"},\"potentialAction\":[{\"@type\":\"SearchAction\",\"target\":{\"@type\":\"EntryPoint\",\"urlTemplate\":\"https:\\\/\\\/www.directhealthcaregroup.com\\\/?s={search_term_string}\"},\"query-input\":{\"@type\":\"PropertyValueSpecification\",\"valueRequired\":true,\"valueName\":\"search_term_string\"}}],\"inLanguage\":\"da-DK\"},{\"@type\":\"Organization\",\"@id\":\"https:\\\/\\\/www.directhealthcaregroup.com\\\/#organization\",\"name\":\"Direct Healthcare Group\",\"url\":\"https:\\\/\\\/www.directhealthcaregroup.com\\\/\",\"logo\":{\"@type\":\"ImageObject\",\"inLanguage\":\"da-DK\",\"@id\":\"https:\\\/\\\/www.directhealthcaregroup.com\\\/#\\\/schema\\\/logo\\\/image\\\/\",\"url\":\"https:\\\/\\\/directhealthcaregroup.com\\\/app\\\/uploads\\\/dhg-logo.png\",\"contentUrl\":\"https:\\\/\\\/directhealthcaregroup.com\\\/app\\\/uploads\\\/dhg-logo.png\",\"width\":556,\"height\":240,\"caption\":\"Direct Healthcare Group\"},\"image\":{\"@id\":\"https:\\\/\\\/www.directhealthcaregroup.com\\\/#\\\/schema\\\/logo\\\/image\\\/\"}}]}<\/script>\n<!-- \/ Yoast SEO plugin. -->","yoast_head_json":{"title":"Ginas pleje er forbedret, efter hun har f\u00e5et VENDLET | DHG","robots":{"index":"index","follow":"follow","max-snippet":"max-snippet:-1","max-image-preview":"max-image-preview:large","max-video-preview":"max-video-preview:-1"},"canonical":"https:\/\/www.directhealthcaregroup.com\/da\/178641-2\/","og_locale":"da_DK","og_type":"article","og_title":"Ginas pleje er forbedret, efter hun har f\u00e5et VENDLET | DHG","og_description":"En ergoterapeut fra Maximizing Independence Team i West Berkshire, UK, har lavet en casestudie p\u00e5 en afpr\u00f8vning af VENDLET-systemet hos en borger. 6. april 2017 Ergoterapeuten fort\u00e6ller: \u201dJeg er meget glad for at rapportere, at VENDLET-afpr\u00f8vningen var en rungende succes! Alle finder det meget nyttigt, og plejepersonalet siger, at det er meget, meget lettere at &hellip; Continued","og_url":"https:\/\/www.directhealthcaregroup.com\/da\/178641-2\/","og_site_name":"DHG","article_modified_time":"2023-05-16T18:49:25+00:00","og_image":[{"width":1000,"height":250,"url":"https:\/\/www.directhealthcaregroup.com\/app\/uploads\/mrs-a-tb-transformed.jpeg","type":"image\/jpeg"}],"twitter_card":"summary_large_image","twitter_misc":{"Est. reading time":"1 minute"},"schema":{"@context":"https:\/\/schema.org","@graph":[{"@type":"WebPage","@id":"https:\/\/www.directhealthcaregroup.com\/da\/178641-2\/","url":"https:\/\/www.directhealthcaregroup.com\/da\/178641-2\/","name":"Ginas pleje er forbedret, efter hun har f\u00e5et VENDLET | DHG","isPartOf":{"@id":"https:\/\/www.directhealthcaregroup.com\/#website"},"primaryImageOfPage":{"@id":"https:\/\/www.directhealthcaregroup.com\/da\/178641-2\/#primaryimage"},"image":{"@id":"https:\/\/www.directhealthcaregroup.com\/da\/178641-2\/#primaryimage"},"thumbnailUrl":"https:\/\/www.directhealthcaregroup.com\/app\/uploads\/mrs-a-tb-transformed.jpeg","datePublished":"2023-04-04T07:19:55+00:00","dateModified":"2023-05-16T18:49:25+00:00","breadcrumb":{"@id":"https:\/\/www.directhealthcaregroup.com\/da\/178641-2\/#breadcrumb"},"inLanguage":"da-DK","potentialAction":[{"@type":"ReadAction","target":["https:\/\/www.directhealthcaregroup.com\/da\/178641-2\/"]}]},{"@type":"ImageObject","inLanguage":"da-DK","@id":"https:\/\/www.directhealthcaregroup.com\/da\/178641-2\/#primaryimage","url":"https:\/\/www.directhealthcaregroup.com\/app\/uploads\/mrs-a-tb-transformed.jpeg","contentUrl":"https:\/\/www.directhealthcaregroup.com\/app\/uploads\/mrs-a-tb-transformed.jpeg","width":1000,"height":250},{"@type":"BreadcrumbList","@id":"https:\/\/www.directhealthcaregroup.com\/da\/178641-2\/#breadcrumb","itemListElement":[{"@type":"ListItem","position":1,"name":"Home","item":"https:\/\/www.directhealthcaregroup.com\/da\/"},{"@type":"ListItem","position":2,"name":"Ginas pleje er forbedret, efter hun har f\u00e5et VENDLET"}]},{"@type":"WebSite","@id":"https:\/\/www.directhealthcaregroup.com\/#website","url":"https:\/\/www.directhealthcaregroup.com\/","name":"DHG","description":"Moving Health Forward","publisher":{"@id":"https:\/\/www.directhealthcaregroup.com\/#organization"},"potentialAction":[{"@type":"SearchAction","target":{"@type":"EntryPoint","urlTemplate":"https:\/\/www.directhealthcaregroup.com\/?s={search_term_string}"},"query-input":{"@type":"PropertyValueSpecification","valueRequired":true,"valueName":"search_term_string"}}],"inLanguage":"da-DK"},{"@type":"Organization","@id":"https:\/\/www.directhealthcaregroup.com\/#organization","name":"Direct Healthcare Group","url":"https:\/\/www.directhealthcaregroup.com\/","logo":{"@type":"ImageObject","inLanguage":"da-DK","@id":"https:\/\/www.directhealthcaregroup.com\/#\/schema\/logo\/image\/","url":"https:\/\/directhealthcaregroup.com\/app\/uploads\/dhg-logo.png","contentUrl":"https:\/\/directhealthcaregroup.com\/app\/uploads\/dhg-logo.png","width":556,"height":240,"caption":"Direct Healthcare Group"},"image":{"@id":"https:\/\/www.directhealthcaregroup.com\/#\/schema\/logo\/image\/"}}]}},"_links":{"self":[{"href":"https:\/\/www.directhealthcaregroup.com\/da\/wp-json\/wp\/v2\/pages\/178641","targetHints":{"allow":["GET"]}}],"collection":[{"href":"https:\/\/www.directhealthcaregroup.com\/da\/wp-json\/wp\/v2\/pages"}],"about":[{"href":"https:\/\/www.directhealthcaregroup.com\/da\/wp-json\/wp\/v2\/types\/page"}],"author":[{"embeddable":true,"href":"https:\/\/www.directhealthcaregroup.com\/da\/wp-json\/wp\/v2\/users\/40"}],"replies":[{"embeddable":true,"href":"https:\/\/www.directhealthcaregroup.com\/da\/wp-json\/wp\/v2\/comments?post=178641"}],"version-history":[{"count":3,"href":"https:\/\/www.directhealthcaregroup.com\/da\/wp-json\/wp\/v2\/pages\/178641\/revisions"}],"predecessor-version":[{"id":183638,"href":"https:\/\/www.directhealthcaregroup.com\/da\/wp-json\/wp\/v2\/pages\/178641\/revisions\/183638"}],"wp:featuredmedia":[{"embeddable":true,"href":"https:\/\/www.directhealthcaregroup.com\/da\/wp-json\/wp\/v2\/media\/178642"}],"wp:attachment":[{"href":"https:\/\/www.directhealthcaregroup.com\/da\/wp-json\/wp\/v2\/media?parent=178641"}],"curies":[{"name":"wp","href":"https:\/\/api.w.org\/{rel}","templated":true}]}}