{"id":178711,"date":"2023-04-04T08:47:31","date_gmt":"2023-04-04T07:47:31","guid":{"rendered":"https:\/\/www.directhealthcaregroup.com\/?page_id=178711"},"modified":"2023-05-16T19:49:52","modified_gmt":"2023-05-16T18:49:52","slug":"178711-2","status":"publish","type":"page","link":"https:\/\/www.directhealthcaregroup.com\/da\/viden-og-evidens\/178711-2\/","title":{"rendered":"Plejepersonalet kan forflytte Wendy uden at for\u00e5rsage hende smerte"},"content":{"rendered":"\n<h1 class=\"wp-block-heading\"><\/h1>\n\n\n\n<p>For Wendy er manuelle forflytningsmetoder for smertefulde og for\u00e5rsager hende v\u00e6vsskader. Derfor bliver hun i stedet tildelt et VENDLET system.<\/p>\n\n\n\n<p>8. maj 2017<\/p>\n\n\n\n<p>Af: Ergoterapeut Janet A<\/p>\n\n\n\n<p><em>Ergoterapeutens rapport<\/em><\/p>\n\n\n\n<p>Til en kvinde var vi normalt tre plejere til at foretage en vending, hvilket var b\u00e5de smertefuldt og skr\u00e6mmende for borgeren. Hun d\u00f8jede med v\u00e6vsskader p\u00e5 ryggen, og hendes l\u00e6ge ville derfor have at Topsheet og Wendylett-systemerne ikke l\u00e6ngere skulle bruges.<\/p>\n\n\n\n<p>Derfor fik hun tildelt et VENDLET system. B\u00e5de personale og borger blev undervist grundigt i systemet og havde forinden set de online instruktionsvideoer.<\/p>\n\n\n\n<p>Den mekaniske forflytning bet\u00f8d at borgeren var rolig hele vejen igennem forflytningen, og at plejepersonalet rapporterede, at hun for f\u00f8rste gang i ti \u00e5r ikke skreg eller sagde et ord (vi vendte hende endda til bugleje).<\/p>\n\n\n\n<p>Den store fordel ved systemet er, at forflytningen er glidende og at den underst\u00f8tter hele kroppen. Plejepersonalet kan flytte hende med et tryk p\u00e5 en knap, og hvis borgeren er gledet ned i sengen kr\u00e6ver det kun minimale f\u00f8relse af lagnet at forflytte hende op igen.<\/p>\n\n\n\n<p>Jeg ringede igen i g\u00e5r, og det fungerer up\u00e5klageligt. Borgeren er virkeligt afslappet i hele processen og systemet kan opereres af kun en medarbejder fremfor to. Derfor har det hurtigt tjent sig hjem igen.<\/p>\n","protected":false},"excerpt":{"rendered":"<p>For Wendy er manuelle forflytningsmetoder for smertefulde og for\u00e5rsager hende v\u00e6vsskader. Derfor bliver hun i stedet tildelt et VENDLET system. 8. maj 2017 Af: Ergoterapeut Janet A Ergoterapeutens rapport Til en kvinde var vi normalt tre plejere til at foretage en vending, hvilket var b\u00e5de smertefuldt og skr\u00e6mmende for borgeren. Hun d\u00f8jede med v\u00e6vsskader p\u00e5 &hellip; <a href=\"https:\/\/www.directhealthcaregroup.com\/da\/viden-og-evidens\/178711-2\/\">Continued<\/a><\/p>\n","protected":false},"author":40,"featured_media":178712,"parent":174696,"menu_order":44,"comment_status":"closed","ping_status":"closed","template":"","meta":{"_acf_changed":false,"footnotes":""},"class_list":["post-178711","page","type-page","status-publish","has-post-thumbnail","hentry"],"acf":[],"yoast_head":"<!-- This site is optimized with the Yoast SEO plugin v27.4 - https:\/\/yoast.com\/product\/yoast-seo-wordpress\/ -->\n<title>Plejepersonalet kan forflytte Wendy uden at for\u00e5rsage hende smerte | DHG<\/title>\n<meta name=\"robots\" content=\"index, follow, max-snippet:-1, max-image-preview:large, max-video-preview:-1\" \/>\n<link rel=\"canonical\" href=\"https:\/\/www.directhealthcaregroup.com\/da\/viden-og-evidens\/178711-2\/\" \/>\n<meta property=\"og:locale\" content=\"da_DK\" \/>\n<meta property=\"og:type\" content=\"article\" \/>\n<meta property=\"og:title\" content=\"Plejepersonalet kan forflytte Wendy uden at for\u00e5rsage hende smerte | DHG\" \/>\n<meta property=\"og:description\" content=\"For Wendy er manuelle forflytningsmetoder for smertefulde og for\u00e5rsager hende v\u00e6vsskader. Derfor bliver hun i stedet tildelt et VENDLET system. 8. maj 2017 Af: Ergoterapeut Janet A Ergoterapeutens rapport Til en kvinde var vi normalt tre plejere til at foretage en vending, hvilket var b\u00e5de smertefuldt og skr\u00e6mmende for borgeren. Hun d\u00f8jede med v\u00e6vsskader p\u00e5 &hellip; Continued\" \/>\n<meta property=\"og:url\" content=\"https:\/\/www.directhealthcaregroup.com\/da\/viden-og-evidens\/178711-2\/\" \/>\n<meta property=\"og:site_name\" content=\"DHG\" \/>\n<meta property=\"article:modified_time\" content=\"2023-05-16T18:49:52+00:00\" \/>\n<meta property=\"og:image\" content=\"https:\/\/www.directhealthcaregroup.com\/app\/uploads\/wendy-tb-transformed.jpeg\" \/>\n\t<meta property=\"og:image:width\" content=\"2000\" \/>\n\t<meta property=\"og:image:height\" content=\"500\" \/>\n\t<meta property=\"og:image:type\" content=\"image\/jpeg\" \/>\n<meta name=\"twitter:card\" content=\"summary_large_image\" \/>\n<meta name=\"twitter:label1\" content=\"Est. reading time\" \/>\n\t<meta name=\"twitter:data1\" content=\"1 minute\" \/>\n<script type=\"application\/ld+json\" class=\"yoast-schema-graph\">{\"@context\":\"https:\\\/\\\/schema.org\",\"@graph\":[{\"@type\":\"WebPage\",\"@id\":\"https:\\\/\\\/www.directhealthcaregroup.com\\\/da\\\/viden-og-evidens\\\/178711-2\\\/\",\"url\":\"https:\\\/\\\/www.directhealthcaregroup.com\\\/da\\\/viden-og-evidens\\\/178711-2\\\/\",\"name\":\"Plejepersonalet kan forflytte Wendy uden at for\u00e5rsage hende smerte | DHG\",\"isPartOf\":{\"@id\":\"https:\\\/\\\/www.directhealthcaregroup.com\\\/#website\"},\"primaryImageOfPage\":{\"@id\":\"https:\\\/\\\/www.directhealthcaregroup.com\\\/da\\\/viden-og-evidens\\\/178711-2\\\/#primaryimage\"},\"image\":{\"@id\":\"https:\\\/\\\/www.directhealthcaregroup.com\\\/da\\\/viden-og-evidens\\\/178711-2\\\/#primaryimage\"},\"thumbnailUrl\":\"https:\\\/\\\/www.directhealthcaregroup.com\\\/app\\\/uploads\\\/wendy-tb-transformed.jpeg\",\"datePublished\":\"2023-04-04T07:47:31+00:00\",\"dateModified\":\"2023-05-16T18:49:52+00:00\",\"breadcrumb\":{\"@id\":\"https:\\\/\\\/www.directhealthcaregroup.com\\\/da\\\/viden-og-evidens\\\/178711-2\\\/#breadcrumb\"},\"inLanguage\":\"da-DK\",\"potentialAction\":[{\"@type\":\"ReadAction\",\"target\":[\"https:\\\/\\\/www.directhealthcaregroup.com\\\/da\\\/viden-og-evidens\\\/178711-2\\\/\"]}]},{\"@type\":\"ImageObject\",\"inLanguage\":\"da-DK\",\"@id\":\"https:\\\/\\\/www.directhealthcaregroup.com\\\/da\\\/viden-og-evidens\\\/178711-2\\\/#primaryimage\",\"url\":\"https:\\\/\\\/www.directhealthcaregroup.com\\\/app\\\/uploads\\\/wendy-tb-transformed.jpeg\",\"contentUrl\":\"https:\\\/\\\/www.directhealthcaregroup.com\\\/app\\\/uploads\\\/wendy-tb-transformed.jpeg\",\"width\":2000,\"height\":500},{\"@type\":\"BreadcrumbList\",\"@id\":\"https:\\\/\\\/www.directhealthcaregroup.com\\\/da\\\/viden-og-evidens\\\/178711-2\\\/#breadcrumb\",\"itemListElement\":[{\"@type\":\"ListItem\",\"position\":1,\"name\":\"Home\",\"item\":\"https:\\\/\\\/www.directhealthcaregroup.com\\\/da\\\/\"},{\"@type\":\"ListItem\",\"position\":2,\"name\":\"VIDEN OG EVIDENS\",\"item\":\"https:\\\/\\\/www.directhealthcaregroup.com\\\/da\\\/viden-og-evidens\\\/\"},{\"@type\":\"ListItem\",\"position\":3,\"name\":\"Plejepersonalet kan forflytte Wendy uden at for\u00e5rsage hende smerte\"}]},{\"@type\":\"WebSite\",\"@id\":\"https:\\\/\\\/www.directhealthcaregroup.com\\\/#website\",\"url\":\"https:\\\/\\\/www.directhealthcaregroup.com\\\/\",\"name\":\"DHG\",\"description\":\"Moving Health Forward\",\"publisher\":{\"@id\":\"https:\\\/\\\/www.directhealthcaregroup.com\\\/#organization\"},\"potentialAction\":[{\"@type\":\"SearchAction\",\"target\":{\"@type\":\"EntryPoint\",\"urlTemplate\":\"https:\\\/\\\/www.directhealthcaregroup.com\\\/?s={search_term_string}\"},\"query-input\":{\"@type\":\"PropertyValueSpecification\",\"valueRequired\":true,\"valueName\":\"search_term_string\"}}],\"inLanguage\":\"da-DK\"},{\"@type\":\"Organization\",\"@id\":\"https:\\\/\\\/www.directhealthcaregroup.com\\\/#organization\",\"name\":\"Direct Healthcare Group\",\"url\":\"https:\\\/\\\/www.directhealthcaregroup.com\\\/\",\"logo\":{\"@type\":\"ImageObject\",\"inLanguage\":\"da-DK\",\"@id\":\"https:\\\/\\\/www.directhealthcaregroup.com\\\/#\\\/schema\\\/logo\\\/image\\\/\",\"url\":\"https:\\\/\\\/directhealthcaregroup.com\\\/app\\\/uploads\\\/dhg-logo.png\",\"contentUrl\":\"https:\\\/\\\/directhealthcaregroup.com\\\/app\\\/uploads\\\/dhg-logo.png\",\"width\":556,\"height\":240,\"caption\":\"Direct Healthcare Group\"},\"image\":{\"@id\":\"https:\\\/\\\/www.directhealthcaregroup.com\\\/#\\\/schema\\\/logo\\\/image\\\/\"}}]}<\/script>\n<!-- \/ Yoast SEO plugin. -->","yoast_head_json":{"title":"Plejepersonalet kan forflytte Wendy uden at for\u00e5rsage hende smerte | DHG","robots":{"index":"index","follow":"follow","max-snippet":"max-snippet:-1","max-image-preview":"max-image-preview:large","max-video-preview":"max-video-preview:-1"},"canonical":"https:\/\/www.directhealthcaregroup.com\/da\/viden-og-evidens\/178711-2\/","og_locale":"da_DK","og_type":"article","og_title":"Plejepersonalet kan forflytte Wendy uden at for\u00e5rsage hende smerte | DHG","og_description":"For Wendy er manuelle forflytningsmetoder for smertefulde og for\u00e5rsager hende v\u00e6vsskader. Derfor bliver hun i stedet tildelt et VENDLET system. 8. maj 2017 Af: Ergoterapeut Janet A Ergoterapeutens rapport Til en kvinde var vi normalt tre plejere til at foretage en vending, hvilket var b\u00e5de smertefuldt og skr\u00e6mmende for borgeren. Hun d\u00f8jede med v\u00e6vsskader p\u00e5 &hellip; Continued","og_url":"https:\/\/www.directhealthcaregroup.com\/da\/viden-og-evidens\/178711-2\/","og_site_name":"DHG","article_modified_time":"2023-05-16T18:49:52+00:00","og_image":[{"width":2000,"height":500,"url":"https:\/\/www.directhealthcaregroup.com\/app\/uploads\/wendy-tb-transformed.jpeg","type":"image\/jpeg"}],"twitter_card":"summary_large_image","twitter_misc":{"Est. reading time":"1 minute"},"schema":{"@context":"https:\/\/schema.org","@graph":[{"@type":"WebPage","@id":"https:\/\/www.directhealthcaregroup.com\/da\/viden-og-evidens\/178711-2\/","url":"https:\/\/www.directhealthcaregroup.com\/da\/viden-og-evidens\/178711-2\/","name":"Plejepersonalet kan forflytte Wendy uden at for\u00e5rsage hende smerte | DHG","isPartOf":{"@id":"https:\/\/www.directhealthcaregroup.com\/#website"},"primaryImageOfPage":{"@id":"https:\/\/www.directhealthcaregroup.com\/da\/viden-og-evidens\/178711-2\/#primaryimage"},"image":{"@id":"https:\/\/www.directhealthcaregroup.com\/da\/viden-og-evidens\/178711-2\/#primaryimage"},"thumbnailUrl":"https:\/\/www.directhealthcaregroup.com\/app\/uploads\/wendy-tb-transformed.jpeg","datePublished":"2023-04-04T07:47:31+00:00","dateModified":"2023-05-16T18:49:52+00:00","breadcrumb":{"@id":"https:\/\/www.directhealthcaregroup.com\/da\/viden-og-evidens\/178711-2\/#breadcrumb"},"inLanguage":"da-DK","potentialAction":[{"@type":"ReadAction","target":["https:\/\/www.directhealthcaregroup.com\/da\/viden-og-evidens\/178711-2\/"]}]},{"@type":"ImageObject","inLanguage":"da-DK","@id":"https:\/\/www.directhealthcaregroup.com\/da\/viden-og-evidens\/178711-2\/#primaryimage","url":"https:\/\/www.directhealthcaregroup.com\/app\/uploads\/wendy-tb-transformed.jpeg","contentUrl":"https:\/\/www.directhealthcaregroup.com\/app\/uploads\/wendy-tb-transformed.jpeg","width":2000,"height":500},{"@type":"BreadcrumbList","@id":"https:\/\/www.directhealthcaregroup.com\/da\/viden-og-evidens\/178711-2\/#breadcrumb","itemListElement":[{"@type":"ListItem","position":1,"name":"Home","item":"https:\/\/www.directhealthcaregroup.com\/da\/"},{"@type":"ListItem","position":2,"name":"VIDEN OG EVIDENS","item":"https:\/\/www.directhealthcaregroup.com\/da\/viden-og-evidens\/"},{"@type":"ListItem","position":3,"name":"Plejepersonalet kan forflytte Wendy uden at for\u00e5rsage hende smerte"}]},{"@type":"WebSite","@id":"https:\/\/www.directhealthcaregroup.com\/#website","url":"https:\/\/www.directhealthcaregroup.com\/","name":"DHG","description":"Moving Health Forward","publisher":{"@id":"https:\/\/www.directhealthcaregroup.com\/#organization"},"potentialAction":[{"@type":"SearchAction","target":{"@type":"EntryPoint","urlTemplate":"https:\/\/www.directhealthcaregroup.com\/?s={search_term_string}"},"query-input":{"@type":"PropertyValueSpecification","valueRequired":true,"valueName":"search_term_string"}}],"inLanguage":"da-DK"},{"@type":"Organization","@id":"https:\/\/www.directhealthcaregroup.com\/#organization","name":"Direct Healthcare Group","url":"https:\/\/www.directhealthcaregroup.com\/","logo":{"@type":"ImageObject","inLanguage":"da-DK","@id":"https:\/\/www.directhealthcaregroup.com\/#\/schema\/logo\/image\/","url":"https:\/\/directhealthcaregroup.com\/app\/uploads\/dhg-logo.png","contentUrl":"https:\/\/directhealthcaregroup.com\/app\/uploads\/dhg-logo.png","width":556,"height":240,"caption":"Direct Healthcare Group"},"image":{"@id":"https:\/\/www.directhealthcaregroup.com\/#\/schema\/logo\/image\/"}}]}},"_links":{"self":[{"href":"https:\/\/www.directhealthcaregroup.com\/da\/wp-json\/wp\/v2\/pages\/178711","targetHints":{"allow":["GET"]}}],"collection":[{"href":"https:\/\/www.directhealthcaregroup.com\/da\/wp-json\/wp\/v2\/pages"}],"about":[{"href":"https:\/\/www.directhealthcaregroup.com\/da\/wp-json\/wp\/v2\/types\/page"}],"author":[{"embeddable":true,"href":"https:\/\/www.directhealthcaregroup.com\/da\/wp-json\/wp\/v2\/users\/40"}],"replies":[{"embeddable":true,"href":"https:\/\/www.directhealthcaregroup.com\/da\/wp-json\/wp\/v2\/comments?post=178711"}],"version-history":[{"count":3,"href":"https:\/\/www.directhealthcaregroup.com\/da\/wp-json\/wp\/v2\/pages\/178711\/revisions"}],"predecessor-version":[{"id":183639,"href":"https:\/\/www.directhealthcaregroup.com\/da\/wp-json\/wp\/v2\/pages\/178711\/revisions\/183639"}],"up":[{"embeddable":true,"href":"https:\/\/www.directhealthcaregroup.com\/da\/wp-json\/wp\/v2\/pages\/174696"}],"wp:featuredmedia":[{"embeddable":true,"href":"https:\/\/www.directhealthcaregroup.com\/da\/wp-json\/wp\/v2\/media\/178712"}],"wp:attachment":[{"href":"https:\/\/www.directhealthcaregroup.com\/da\/wp-json\/wp\/v2\/media?parent=178711"}],"curies":[{"name":"wp","href":"https:\/\/api.w.org\/{rel}","templated":true}]}}