{"id":178737,"date":"2023-04-04T10:29:01","date_gmt":"2023-04-04T09:29:01","guid":{"rendered":"https:\/\/www.directhealthcaregroup.com\/?page_id=178737"},"modified":"2023-05-16T19:50:25","modified_gmt":"2023-05-16T18:50:25","slug":"178737-2","status":"publish","type":"page","link":"https:\/\/www.directhealthcaregroup.com\/da\/viden-og-evidens\/178737-2\/","title":{"rendered":"Beatrices smerter nedbragt med kontrolleret forflytning"},"content":{"rendered":"\n<h1 class=\"wp-block-heading\"><\/h1>\n\n\n\n<p>Ergoterapeut, Gill Creighton, fort\u00e6ller, hvordan de kontrollerede bev\u00e6gelser i forflytningen med VENDLET f\u00f8rer til f\u00e6rre smerter hos en \u00e6ldre kvinde.<\/p>\n\n\n\n<p>10. juli 2017<\/p>\n\n\n\n<p>Beatrice har en 13 \u00e5r lang forhistorie med hjernetumorer og h\u00f8jresidig delvis lammelse.<\/p>\n\n\n\n<p>Hun blev indlagt p\u00e5 hospitalet efter en r\u00e6kke fald, hvor hun fik en hjernebl\u00f8dning. Som konsekvens blev hendes fysiske og mentale f\u00e6rdigheder betragteligt reduceret, og da hun blev udskrevet havde hun derfor behov for 4 plejebes\u00f8g om dagen.&nbsp;<\/p>\n\n\n\n<p>Hun boede i et lille v\u00e6relse i stueetagen i sin s\u00f8ns hus og blev plejet i sengen. Hendes s\u00f8n og hans partner var hendes prim\u00e6re plejere og gjorde s\u00e5 meget de kunne for hende.&nbsp;<\/p>\n\n\n\n<p>Plejen var dog problematisk fordi Beatrice ikke havde nogen aktiv bev\u00e6gelse i kn\u00e6 og hofteled, og begr\u00e6nset bev\u00e6gelse i hendes \u00f8vre lemmer. Herudover led hun af krampeanfald, og en i \u00f8vrigt h\u00f8j risiko for at udvikle tryks\u00e5r fordi hun ikke selv kunne re-positionere sig i sengen. Hun havde desuden s\u00e5r p\u00e5 venstre hofte og p\u00e5 korsbenet. Det st\u00f8rste problem var dog alvorlige smerter, s\u00e6rligt i hendes ben og f\u00f8dder.&nbsp;<\/p>\n\n\n\n<p>Beatrices medicin blev justeret i et fors\u00f8g p\u00e5 at afhj\u00e6lpe problemet, men uden held. Som resultat deraf skreg Beatrice af smerte n\u00e5r hun blev forflyttet eller vendt i sengen, hvilket var smerteligt for b\u00e5de hende selv og plejepersonalet. Et glidelagen blev afpr\u00f8vet, men uden den store effekt.&nbsp;<\/p>\n\n\n\n<p>Derfor blev VENDLET V5S installeret, og det med stor succes. Med systemet var f\u00e6rre ber\u00f8ringer n\u00f8dvendige&nbsp; og forflytninger var mere kontrollerede, hvilket bet\u00f8d f\u00e6rre smerter for Beatrice. Hun havde dog stadigt behov for 4 daglige bes\u00f8g af plejepersonale, men hendes velv\u00e6re og forholdene for plejepersonalet blev betragteligt forbedret.&nbsp;<\/p>\n","protected":false},"excerpt":{"rendered":"<p>Ergoterapeut, Gill Creighton, fort\u00e6ller, hvordan de kontrollerede bev\u00e6gelser i forflytningen med VENDLET f\u00f8rer til f\u00e6rre smerter hos en \u00e6ldre kvinde. 10. juli 2017 Beatrice har en 13 \u00e5r lang forhistorie med hjernetumorer og h\u00f8jresidig delvis lammelse. Hun blev indlagt p\u00e5 hospitalet efter en r\u00e6kke fald, hvor hun fik en hjernebl\u00f8dning. Som konsekvens blev hendes fysiske &hellip; <a href=\"https:\/\/www.directhealthcaregroup.com\/da\/viden-og-evidens\/178737-2\/\">Continued<\/a><\/p>\n","protected":false},"author":40,"featured_media":178738,"parent":174696,"menu_order":45,"comment_status":"closed","ping_status":"closed","template":"","meta":{"_acf_changed":false,"footnotes":""},"class_list":["post-178737","page","type-page","status-publish","has-post-thumbnail","hentry"],"acf":[],"yoast_head":"<!-- This site is optimized with the Yoast SEO plugin v27.4 - https:\/\/yoast.com\/product\/yoast-seo-wordpress\/ -->\n<title>Beatrices smerter nedbragt med kontrolleret forflytning | DHG<\/title>\n<meta name=\"robots\" content=\"index, follow, max-snippet:-1, max-image-preview:large, max-video-preview:-1\" \/>\n<link rel=\"canonical\" href=\"https:\/\/www.directhealthcaregroup.com\/da\/viden-og-evidens\/178737-2\/\" \/>\n<meta property=\"og:locale\" content=\"da_DK\" \/>\n<meta property=\"og:type\" content=\"article\" \/>\n<meta property=\"og:title\" content=\"Beatrices smerter nedbragt med kontrolleret forflytning | DHG\" \/>\n<meta property=\"og:description\" content=\"Ergoterapeut, Gill Creighton, fort\u00e6ller, hvordan de kontrollerede bev\u00e6gelser i forflytningen med VENDLET f\u00f8rer til f\u00e6rre smerter hos en \u00e6ldre kvinde. 10. juli 2017 Beatrice har en 13 \u00e5r lang forhistorie med hjernetumorer og h\u00f8jresidig delvis lammelse. Hun blev indlagt p\u00e5 hospitalet efter en r\u00e6kke fald, hvor hun fik en hjernebl\u00f8dning. Som konsekvens blev hendes fysiske &hellip; Continued\" \/>\n<meta property=\"og:url\" content=\"https:\/\/www.directhealthcaregroup.com\/da\/viden-og-evidens\/178737-2\/\" \/>\n<meta property=\"og:site_name\" content=\"DHG\" \/>\n<meta property=\"article:modified_time\" content=\"2023-05-16T18:50:25+00:00\" \/>\n<meta property=\"og:image\" content=\"https:\/\/www.directhealthcaregroup.com\/app\/uploads\/beatrice-tb-2-transformed.jpeg\" \/>\n\t<meta property=\"og:image:width\" content=\"1000\" \/>\n\t<meta property=\"og:image:height\" content=\"250\" \/>\n\t<meta property=\"og:image:type\" content=\"image\/jpeg\" \/>\n<meta name=\"twitter:card\" content=\"summary_large_image\" \/>\n<meta name=\"twitter:label1\" content=\"Est. reading time\" \/>\n\t<meta name=\"twitter:data1\" content=\"2 minutes\" \/>\n<script type=\"application\/ld+json\" class=\"yoast-schema-graph\">{\"@context\":\"https:\\\/\\\/schema.org\",\"@graph\":[{\"@type\":\"WebPage\",\"@id\":\"https:\\\/\\\/www.directhealthcaregroup.com\\\/da\\\/viden-og-evidens\\\/178737-2\\\/\",\"url\":\"https:\\\/\\\/www.directhealthcaregroup.com\\\/da\\\/viden-og-evidens\\\/178737-2\\\/\",\"name\":\"Beatrices smerter nedbragt med kontrolleret forflytning | DHG\",\"isPartOf\":{\"@id\":\"https:\\\/\\\/www.directhealthcaregroup.com\\\/#website\"},\"primaryImageOfPage\":{\"@id\":\"https:\\\/\\\/www.directhealthcaregroup.com\\\/da\\\/viden-og-evidens\\\/178737-2\\\/#primaryimage\"},\"image\":{\"@id\":\"https:\\\/\\\/www.directhealthcaregroup.com\\\/da\\\/viden-og-evidens\\\/178737-2\\\/#primaryimage\"},\"thumbnailUrl\":\"https:\\\/\\\/www.directhealthcaregroup.com\\\/app\\\/uploads\\\/beatrice-tb-2-transformed.jpeg\",\"datePublished\":\"2023-04-04T09:29:01+00:00\",\"dateModified\":\"2023-05-16T18:50:25+00:00\",\"breadcrumb\":{\"@id\":\"https:\\\/\\\/www.directhealthcaregroup.com\\\/da\\\/viden-og-evidens\\\/178737-2\\\/#breadcrumb\"},\"inLanguage\":\"da-DK\",\"potentialAction\":[{\"@type\":\"ReadAction\",\"target\":[\"https:\\\/\\\/www.directhealthcaregroup.com\\\/da\\\/viden-og-evidens\\\/178737-2\\\/\"]}]},{\"@type\":\"ImageObject\",\"inLanguage\":\"da-DK\",\"@id\":\"https:\\\/\\\/www.directhealthcaregroup.com\\\/da\\\/viden-og-evidens\\\/178737-2\\\/#primaryimage\",\"url\":\"https:\\\/\\\/www.directhealthcaregroup.com\\\/app\\\/uploads\\\/beatrice-tb-2-transformed.jpeg\",\"contentUrl\":\"https:\\\/\\\/www.directhealthcaregroup.com\\\/app\\\/uploads\\\/beatrice-tb-2-transformed.jpeg\",\"width\":1000,\"height\":250},{\"@type\":\"BreadcrumbList\",\"@id\":\"https:\\\/\\\/www.directhealthcaregroup.com\\\/da\\\/viden-og-evidens\\\/178737-2\\\/#breadcrumb\",\"itemListElement\":[{\"@type\":\"ListItem\",\"position\":1,\"name\":\"Home\",\"item\":\"https:\\\/\\\/www.directhealthcaregroup.com\\\/da\\\/\"},{\"@type\":\"ListItem\",\"position\":2,\"name\":\"VIDEN OG EVIDENS\",\"item\":\"https:\\\/\\\/www.directhealthcaregroup.com\\\/da\\\/viden-og-evidens\\\/\"},{\"@type\":\"ListItem\",\"position\":3,\"name\":\"Beatrices smerter nedbragt med kontrolleret forflytning\"}]},{\"@type\":\"WebSite\",\"@id\":\"https:\\\/\\\/www.directhealthcaregroup.com\\\/#website\",\"url\":\"https:\\\/\\\/www.directhealthcaregroup.com\\\/\",\"name\":\"DHG\",\"description\":\"Moving Health Forward\",\"publisher\":{\"@id\":\"https:\\\/\\\/www.directhealthcaregroup.com\\\/#organization\"},\"potentialAction\":[{\"@type\":\"SearchAction\",\"target\":{\"@type\":\"EntryPoint\",\"urlTemplate\":\"https:\\\/\\\/www.directhealthcaregroup.com\\\/?s={search_term_string}\"},\"query-input\":{\"@type\":\"PropertyValueSpecification\",\"valueRequired\":true,\"valueName\":\"search_term_string\"}}],\"inLanguage\":\"da-DK\"},{\"@type\":\"Organization\",\"@id\":\"https:\\\/\\\/www.directhealthcaregroup.com\\\/#organization\",\"name\":\"Direct Healthcare Group\",\"url\":\"https:\\\/\\\/www.directhealthcaregroup.com\\\/\",\"logo\":{\"@type\":\"ImageObject\",\"inLanguage\":\"da-DK\",\"@id\":\"https:\\\/\\\/www.directhealthcaregroup.com\\\/#\\\/schema\\\/logo\\\/image\\\/\",\"url\":\"https:\\\/\\\/directhealthcaregroup.com\\\/app\\\/uploads\\\/dhg-logo.png\",\"contentUrl\":\"https:\\\/\\\/directhealthcaregroup.com\\\/app\\\/uploads\\\/dhg-logo.png\",\"width\":556,\"height\":240,\"caption\":\"Direct Healthcare Group\"},\"image\":{\"@id\":\"https:\\\/\\\/www.directhealthcaregroup.com\\\/#\\\/schema\\\/logo\\\/image\\\/\"}}]}<\/script>\n<!-- \/ Yoast SEO plugin. -->","yoast_head_json":{"title":"Beatrices smerter nedbragt med kontrolleret forflytning | DHG","robots":{"index":"index","follow":"follow","max-snippet":"max-snippet:-1","max-image-preview":"max-image-preview:large","max-video-preview":"max-video-preview:-1"},"canonical":"https:\/\/www.directhealthcaregroup.com\/da\/viden-og-evidens\/178737-2\/","og_locale":"da_DK","og_type":"article","og_title":"Beatrices smerter nedbragt med kontrolleret forflytning | DHG","og_description":"Ergoterapeut, Gill Creighton, fort\u00e6ller, hvordan de kontrollerede bev\u00e6gelser i forflytningen med VENDLET f\u00f8rer til f\u00e6rre smerter hos en \u00e6ldre kvinde. 10. juli 2017 Beatrice har en 13 \u00e5r lang forhistorie med hjernetumorer og h\u00f8jresidig delvis lammelse. Hun blev indlagt p\u00e5 hospitalet efter en r\u00e6kke fald, hvor hun fik en hjernebl\u00f8dning. Som konsekvens blev hendes fysiske &hellip; Continued","og_url":"https:\/\/www.directhealthcaregroup.com\/da\/viden-og-evidens\/178737-2\/","og_site_name":"DHG","article_modified_time":"2023-05-16T18:50:25+00:00","og_image":[{"width":1000,"height":250,"url":"https:\/\/www.directhealthcaregroup.com\/app\/uploads\/beatrice-tb-2-transformed.jpeg","type":"image\/jpeg"}],"twitter_card":"summary_large_image","twitter_misc":{"Est. reading time":"2 minutes"},"schema":{"@context":"https:\/\/schema.org","@graph":[{"@type":"WebPage","@id":"https:\/\/www.directhealthcaregroup.com\/da\/viden-og-evidens\/178737-2\/","url":"https:\/\/www.directhealthcaregroup.com\/da\/viden-og-evidens\/178737-2\/","name":"Beatrices smerter nedbragt med kontrolleret forflytning | DHG","isPartOf":{"@id":"https:\/\/www.directhealthcaregroup.com\/#website"},"primaryImageOfPage":{"@id":"https:\/\/www.directhealthcaregroup.com\/da\/viden-og-evidens\/178737-2\/#primaryimage"},"image":{"@id":"https:\/\/www.directhealthcaregroup.com\/da\/viden-og-evidens\/178737-2\/#primaryimage"},"thumbnailUrl":"https:\/\/www.directhealthcaregroup.com\/app\/uploads\/beatrice-tb-2-transformed.jpeg","datePublished":"2023-04-04T09:29:01+00:00","dateModified":"2023-05-16T18:50:25+00:00","breadcrumb":{"@id":"https:\/\/www.directhealthcaregroup.com\/da\/viden-og-evidens\/178737-2\/#breadcrumb"},"inLanguage":"da-DK","potentialAction":[{"@type":"ReadAction","target":["https:\/\/www.directhealthcaregroup.com\/da\/viden-og-evidens\/178737-2\/"]}]},{"@type":"ImageObject","inLanguage":"da-DK","@id":"https:\/\/www.directhealthcaregroup.com\/da\/viden-og-evidens\/178737-2\/#primaryimage","url":"https:\/\/www.directhealthcaregroup.com\/app\/uploads\/beatrice-tb-2-transformed.jpeg","contentUrl":"https:\/\/www.directhealthcaregroup.com\/app\/uploads\/beatrice-tb-2-transformed.jpeg","width":1000,"height":250},{"@type":"BreadcrumbList","@id":"https:\/\/www.directhealthcaregroup.com\/da\/viden-og-evidens\/178737-2\/#breadcrumb","itemListElement":[{"@type":"ListItem","position":1,"name":"Home","item":"https:\/\/www.directhealthcaregroup.com\/da\/"},{"@type":"ListItem","position":2,"name":"VIDEN OG EVIDENS","item":"https:\/\/www.directhealthcaregroup.com\/da\/viden-og-evidens\/"},{"@type":"ListItem","position":3,"name":"Beatrices smerter nedbragt med kontrolleret forflytning"}]},{"@type":"WebSite","@id":"https:\/\/www.directhealthcaregroup.com\/#website","url":"https:\/\/www.directhealthcaregroup.com\/","name":"DHG","description":"Moving Health Forward","publisher":{"@id":"https:\/\/www.directhealthcaregroup.com\/#organization"},"potentialAction":[{"@type":"SearchAction","target":{"@type":"EntryPoint","urlTemplate":"https:\/\/www.directhealthcaregroup.com\/?s={search_term_string}"},"query-input":{"@type":"PropertyValueSpecification","valueRequired":true,"valueName":"search_term_string"}}],"inLanguage":"da-DK"},{"@type":"Organization","@id":"https:\/\/www.directhealthcaregroup.com\/#organization","name":"Direct Healthcare Group","url":"https:\/\/www.directhealthcaregroup.com\/","logo":{"@type":"ImageObject","inLanguage":"da-DK","@id":"https:\/\/www.directhealthcaregroup.com\/#\/schema\/logo\/image\/","url":"https:\/\/directhealthcaregroup.com\/app\/uploads\/dhg-logo.png","contentUrl":"https:\/\/directhealthcaregroup.com\/app\/uploads\/dhg-logo.png","width":556,"height":240,"caption":"Direct Healthcare Group"},"image":{"@id":"https:\/\/www.directhealthcaregroup.com\/#\/schema\/logo\/image\/"}}]}},"_links":{"self":[{"href":"https:\/\/www.directhealthcaregroup.com\/da\/wp-json\/wp\/v2\/pages\/178737","targetHints":{"allow":["GET"]}}],"collection":[{"href":"https:\/\/www.directhealthcaregroup.com\/da\/wp-json\/wp\/v2\/pages"}],"about":[{"href":"https:\/\/www.directhealthcaregroup.com\/da\/wp-json\/wp\/v2\/types\/page"}],"author":[{"embeddable":true,"href":"https:\/\/www.directhealthcaregroup.com\/da\/wp-json\/wp\/v2\/users\/40"}],"replies":[{"embeddable":true,"href":"https:\/\/www.directhealthcaregroup.com\/da\/wp-json\/wp\/v2\/comments?post=178737"}],"version-history":[{"count":3,"href":"https:\/\/www.directhealthcaregroup.com\/da\/wp-json\/wp\/v2\/pages\/178737\/revisions"}],"predecessor-version":[{"id":183640,"href":"https:\/\/www.directhealthcaregroup.com\/da\/wp-json\/wp\/v2\/pages\/178737\/revisions\/183640"}],"up":[{"embeddable":true,"href":"https:\/\/www.directhealthcaregroup.com\/da\/wp-json\/wp\/v2\/pages\/174696"}],"wp:featuredmedia":[{"embeddable":true,"href":"https:\/\/www.directhealthcaregroup.com\/da\/wp-json\/wp\/v2\/media\/178738"}],"wp:attachment":[{"href":"https:\/\/www.directhealthcaregroup.com\/da\/wp-json\/wp\/v2\/media?parent=178737"}],"curies":[{"name":"wp","href":"https:\/\/api.w.org\/{rel}","templated":true}]}}